{"id":6053,"date":"2025-05-27T06:12:31","date_gmt":"2025-05-27T06:12:31","guid":{"rendered":"https:\/\/viisona.com\/?post_type=product&#038;p=6053"},"modified":"2026-02-18T05:58:40","modified_gmt":"2026-02-18T05:58:40","slug":"iscan-2-systeme-dechographie-avec-sonde-lineaire-rectale-ou-sonde-convexe-rectale-copy","status":"publish","type":"product","link":"https:\/\/viisona.com\/fr\/product\/iscan-2-systeme-dechographie-avec-sonde-lineaire-rectale-ou-sonde-convexe-rectale-copy\/","title":{"rendered":"\u00e9chographie sans fil airScan Pro"},"content":{"rendered":"<p>\u00c9chographie sans fil Draminski airScan Pro<\/p>\n<p><span style=\"font-weight: 400;\">L&#8217;airScan Pro associe le bo\u00eetier le plus robuste, de qualit\u00e9 militaire, \u00e0 une r\u00e9solution d&#8217;image exceptionnelle pour des images de haute qualit\u00e9, faciles \u00e0 interpr\u00e9ter. La conception intuitive et conviviale rend la prise en main et la num\u00e9risation avec l&#8217;airScan Pro simples et rapides. <\/span><\/p>\n<p><span style=\"font-weight: 400;\">Le bo\u00eetier enti\u00e8rement r\u00e9sistant \u00e0 l&#8217;eau permet un nettoyage rapide et facile, il suffit de l&#8217;arroser et de le remettre dans l&#8217;\u00e9tui rigide. Gr\u00e2ce \u00e0 la connexion sans fil, le confort est toujours au rendez-vous : visualisez vos images sur votre appareil Android ou iOS ou sur les nouvelles lunettes iLens Wireless Goggles de Draminski. <\/span><\/p>\n<p><span style=\"font-weight: 400;\">GARANTIE DU FABRICANT : 2 ans pour l&#8217;\u00e9chographe &#8211; 1 an pour les sondes &#8211; 6 mois pour les batteries<\/span><\/p>\n<p><b>L&#8217;ensemble comprend<\/b><\/p>\n<ul>\n<li>airScan pro avec sonde rectale lin\u00e9aire ou rectale convexe<\/li>\n<li>Ceinture avec syst\u00e8me de fixation rapide<\/li>\n<li>2 piles interchangeables<\/li>\n<li>Chargeur avec c\u00e2ble USB-C<\/li>\n<li>Manuel de l&#8217;utilisateur<\/li>\n<li>Mallette de transport<\/li>\n<\/ul>\n<p><b>Options de sondes c\u00e2bl\u00e9es :  <\/b><\/p>\n<p><span style=\"font-weight: 400;\">Rectale convexe (3,0 &#8211; 7,0 MHz) &#8211; <\/span>Pour les pratiques mixtes, la sonde rectale convexe garantit un large \u00e9ventail d&#8217;applications, depuis les tests de grossesse chez les ovins et les caprins, les diagnostics du syst\u00e8me reproducteur chez les bovins et les chevaux, jusqu&#8217;\u00e0 l&#8217;\u00e9valuation du foie, du syst\u00e8me gastro-intestinal et m\u00eame de l&#8217;\u00e9chographie cardiaque.<\/p>\n<p><span style=\"font-weight: 400;\"><br \/>\n<\/span><span style=\"font-weight: 400;\">Rectale lin\u00e9aire (4,2 &#8211; 12,5 MHz) &#8211; Si vous travaillez avec des bovins ou des chevaux, choisissez la sonde rectale lin\u00e9aire pour les examens de reproduction, les diagnostics et le suivi de la grossesse, l&#8217;\u00e9chographie des poumons et du pis, l&#8217;\u00e9valuation de l&#8217;\u00e9tat de l&#8217;animal et m\u00eame l&#8217;\u00e9valuation de base des tendons.<\/span><\/p>\n<p>&nbsp;<\/p>\n","protected":false},"excerpt":{"rendered":"<p>Vous vous occupez de la reproduction des vaches ou des chevaux ? Vous recherchez un appareil l\u00e9ger et pratique pour l&#8217;examen ? Vous souhaitez d\u00e9velopper et commencer \u00e0 utiliser le Doppler ? Vous voulez vivre la r\u00e9volution technologique de l&#8217;\u00e9chographie et connecter votre \u00e9chographe \u00e0 votre t\u00e9l\u00e9phone portable ou \u00e0 vos lunettes ?<br \/>\nChoisissez <strong>airScan pro !<\/strong>   <\/p>\n","protected":false},"featured_media":6063,"template":"","meta":{"_acf_changed":false,"inline_featured_image":false},"product_cat":[491,484,490,574,483],"product_tag":[531,989,987,991,988,990],"berocket_brand":[502],"class_list":{"0":"post-6053","1":"product","2":"type-product","3":"status-publish","4":"has-post-thumbnail","6":"product_cat-appareils-a-ultrasons-portables","7":"product_cat-echographie-veterinaire-portable","8":"product_cat-producteurs","9":"product_cat-ultrasons-portables-et-accessoires","10":"product_cat-veterinaires","11":"product_tag-draminski-fr","12":"product_tag-echographie-draminski","13":"product_tag-machine-a-ultrasons-pour-vaches-de-boucherie","14":"product_tag-meilleur-echographe-pour-bovins-laitiers","15":"product_tag-meilleurs-ultrasons-pour-le-controle-de-la-grossesse-des-bovins-de-boucherie","16":"product_tag-ultrasons-pour-le-betail-laitier","17":"pa_applications-abdominal-fr","18":"pa_applications-diagnostic-des-tissus-mous","19":"pa_applications-follicules","20":"pa_applications-grossesse","21":"pa_applications-poumons","22":"pa_applications-reproduction-fr","23":"pa_applications-transfert-dembryons","24":"pa_applications-urologie","25":"pa_applications-uterus-fr","26":"pa_species-bovins-de-boucherie","27":"pa_species-bovins-laitiers","28":"pa_species-chevaux","29":"pa_species-moutons","30":"berocket_brand-draminski-fr","32":"first","33":"instock","34":"taxable","35":"shipping-taxable","36":"purchasable","37":"product-type-variable","38":"has-default-attributes"},"acf":[],"yoast_head":"<!-- This site is optimized with the Yoast SEO plugin v26.8 - https:\/\/yoast.com\/product\/yoast-seo-wordpress\/ -->\n<title>Draminski \u00e9chographie sans fil airScan Pro | ViiSona<\/title>\n<meta name=\"description\" content=\"Notre \u00e9chographe portable le plus populaire, le syst\u00e8me d&#039;\u00e9chographie iScan 2 pour bovins et juments, est con\u00e7u pour les applications de reproduction bovine et \u00e9quine et les examens des poumons des veaux. Dot\u00e9s d&#039;un bo\u00eetier enti\u00e8rement \u00e9tanche et de sondes int\u00e9gr\u00e9es, ces \u00e9chographes offrent une r\u00e9solution d&#039;image et une durabilit\u00e9 exceptionnelles. L&#039;iScan 2 est dot\u00e9 d&#039;une sonde transrectale int\u00e9gr\u00e9e haute r\u00e9solution \u00e0 128 cristaux, d&#039;une conception conviviale, de param\u00e8tres personnalisables et d&#039;une autonomie de 7 heures par charge. Planifiez une d\u00e9monstration et essayez notre syst\u00e8me d&#039;\u00e9chographie bovine le plus populaire.\" \/>\n<meta name=\"robots\" content=\"index, follow, max-snippet:-1, max-image-preview:large, max-video-preview:-1\" \/>\n<link rel=\"canonical\" href=\"https:\/\/viisona.com\/fr\/product\/iscan-2-systeme-dechographie-avec-sonde-lineaire-rectale-ou-sonde-convexe-rectale-copy\/\" \/>\n<meta property=\"og:locale\" content=\"fr_FR\" \/>\n<meta property=\"og:type\" content=\"article\" \/>\n<meta property=\"og:title\" content=\"Draminski \u00e9chographie sans fil airScan Pro | ViiSona\" \/>\n<meta property=\"og:description\" content=\"Notre \u00e9chographe portable le plus populaire, le syst\u00e8me d&#039;\u00e9chographie iScan 2 pour bovins et juments, est con\u00e7u pour les applications de reproduction bovine et \u00e9quine et les examens des poumons des veaux. Dot\u00e9s d&#039;un bo\u00eetier enti\u00e8rement \u00e9tanche et de sondes int\u00e9gr\u00e9es, ces \u00e9chographes offrent une r\u00e9solution d&#039;image et une durabilit\u00e9 exceptionnelles. L&#039;iScan 2 est dot\u00e9 d&#039;une sonde transrectale int\u00e9gr\u00e9e haute r\u00e9solution \u00e0 128 cristaux, d&#039;une conception conviviale, de param\u00e8tres personnalisables et d&#039;une autonomie de 7 heures par charge. Planifiez une d\u00e9monstration et essayez notre syst\u00e8me d&#039;\u00e9chographie bovine le plus populaire.\" \/>\n<meta property=\"og:url\" content=\"https:\/\/viisona.com\/fr\/product\/iscan-2-systeme-dechographie-avec-sonde-lineaire-rectale-ou-sonde-convexe-rectale-copy\/\" \/>\n<meta property=\"og:site_name\" content=\"ViiSona\" \/>\n<meta property=\"article:modified_time\" content=\"2026-02-18T05:58:40+00:00\" \/>\n<meta property=\"og:image\" content=\"https:\/\/viisona.com\/wp-content\/uploads\/2025\/05\/airScan-pro-ultrasonograf-bezprzewodowy-dwa-rodzaje-glowic-konweks-i-liniowa-1536x1146-1.jpeg\" \/>\n\t<meta property=\"og:image:width\" content=\"1536\" \/>\n\t<meta property=\"og:image:height\" content=\"1536\" \/>\n\t<meta property=\"og:image:type\" content=\"image\/jpeg\" \/>\n<meta name=\"twitter:card\" content=\"summary_large_image\" \/>\n<meta name=\"twitter:label1\" content=\"Dur\u00e9e de lecture estim\u00e9e\" \/>\n\t<meta name=\"twitter:data1\" content=\"2 minutes\" \/>\n<script type=\"application\/ld+json\" class=\"yoast-schema-graph\">{\"@context\":\"https:\/\/schema.org\",\"@graph\":[{\"@type\":\"WebPage\",\"@id\":\"https:\/\/viisona.com\/fr\/product\/iscan-2-systeme-dechographie-avec-sonde-lineaire-rectale-ou-sonde-convexe-rectale-copy\/\",\"url\":\"https:\/\/viisona.com\/fr\/product\/iscan-2-systeme-dechographie-avec-sonde-lineaire-rectale-ou-sonde-convexe-rectale-copy\/\",\"name\":\"Draminski \u00e9chographie sans fil airScan Pro | ViiSona\",\"isPartOf\":{\"@id\":\"https:\/\/viisona.com\/fr\/#website\"},\"primaryImageOfPage\":{\"@id\":\"https:\/\/viisona.com\/fr\/product\/iscan-2-systeme-dechographie-avec-sonde-lineaire-rectale-ou-sonde-convexe-rectale-copy\/#primaryimage\"},\"image\":{\"@id\":\"https:\/\/viisona.com\/fr\/product\/iscan-2-systeme-dechographie-avec-sonde-lineaire-rectale-ou-sonde-convexe-rectale-copy\/#primaryimage\"},\"thumbnailUrl\":\"https:\/\/viisona.com\/wp-content\/uploads\/2025\/05\/airScan-pro-ultrasonograf-bezprzewodowy-dwa-rodzaje-glowic-konweks-i-liniowa-1536x1146-1.jpeg\",\"datePublished\":\"2025-05-27T06:12:31+00:00\",\"dateModified\":\"2026-02-18T05:58:40+00:00\",\"description\":\"Notre \u00e9chographe portable le plus populaire, le syst\u00e8me d'\u00e9chographie iScan 2 pour bovins et juments, est con\u00e7u pour les applications de reproduction bovine et \u00e9quine et les examens des poumons des veaux. Dot\u00e9s d'un bo\u00eetier enti\u00e8rement \u00e9tanche et de sondes int\u00e9gr\u00e9es, ces \u00e9chographes offrent une r\u00e9solution d'image et une durabilit\u00e9 exceptionnelles. L'iScan 2 est dot\u00e9 d'une sonde transrectale int\u00e9gr\u00e9e haute r\u00e9solution \u00e0 128 cristaux, d'une conception conviviale, de param\u00e8tres personnalisables et d'une autonomie de 7 heures par charge. Planifiez une d\u00e9monstration et essayez notre syst\u00e8me d'\u00e9chographie bovine le plus populaire.\",\"breadcrumb\":{\"@id\":\"https:\/\/viisona.com\/fr\/product\/iscan-2-systeme-dechographie-avec-sonde-lineaire-rectale-ou-sonde-convexe-rectale-copy\/#breadcrumb\"},\"inLanguage\":\"fr-FR\",\"potentialAction\":[{\"@type\":\"ReadAction\",\"target\":[\"https:\/\/viisona.com\/fr\/product\/iscan-2-systeme-dechographie-avec-sonde-lineaire-rectale-ou-sonde-convexe-rectale-copy\/\"]}]},{\"@type\":\"ImageObject\",\"inLanguage\":\"fr-FR\",\"@id\":\"https:\/\/viisona.com\/fr\/product\/iscan-2-systeme-dechographie-avec-sonde-lineaire-rectale-ou-sonde-convexe-rectale-copy\/#primaryimage\",\"url\":\"https:\/\/viisona.com\/wp-content\/uploads\/2025\/05\/airScan-pro-ultrasonograf-bezprzewodowy-dwa-rodzaje-glowic-konweks-i-liniowa-1536x1146-1.jpeg\",\"contentUrl\":\"https:\/\/viisona.com\/wp-content\/uploads\/2025\/05\/airScan-pro-ultrasonograf-bezprzewodowy-dwa-rodzaje-glowic-konweks-i-liniowa-1536x1146-1.jpeg\",\"width\":1536,\"height\":1536,\"caption\":\"\u00c9chographie sans fil Draminski airScan Pro\"},{\"@type\":\"BreadcrumbList\",\"@id\":\"https:\/\/viisona.com\/fr\/product\/iscan-2-systeme-dechographie-avec-sonde-lineaire-rectale-ou-sonde-convexe-rectale-copy\/#breadcrumb\",\"itemListElement\":[{\"@type\":\"ListItem\",\"position\":1,\"name\":\"Home\",\"item\":\"https:\/\/viisona.com\/fr\/accueil\/\"},{\"@type\":\"ListItem\",\"position\":2,\"name\":\"Boutique\",\"item\":\"https:\/\/viisona.com\/fr\/boutique\/\"},{\"@type\":\"ListItem\",\"position\":3,\"name\":\"\u00e9chographie sans fil airScan Pro\"}]},{\"@type\":\"WebSite\",\"@id\":\"https:\/\/viisona.com\/fr\/#website\",\"url\":\"https:\/\/viisona.com\/fr\/\",\"name\":\"ViiSona\",\"description\":\"Am\u00e9liorer les r\u00e9sultats pour les agriculteurs et les s\u00e9lectionneurs dans les communaut\u00e9s agricoles et de s\u00e9lection.\",\"publisher\":{\"@id\":\"https:\/\/viisona.com\/fr\/#organization\"},\"potentialAction\":[{\"@type\":\"SearchAction\",\"target\":{\"@type\":\"EntryPoint\",\"urlTemplate\":\"https:\/\/viisona.com\/fr\/?s={search_term_string}\"},\"query-input\":{\"@type\":\"PropertyValueSpecification\",\"valueRequired\":true,\"valueName\":\"search_term_string\"}}],\"inLanguage\":\"fr-FR\"},{\"@type\":\"Organization\",\"@id\":\"https:\/\/viisona.com\/fr\/#organization\",\"name\":\"ViiSona\",\"url\":\"https:\/\/viisona.com\/fr\/\",\"logo\":{\"@type\":\"ImageObject\",\"inLanguage\":\"fr-FR\",\"@id\":\"https:\/\/viisona.com\/fr\/#\/schema\/logo\/image\/\",\"url\":\"https:\/\/viisona.com\/wp-content\/uploads\/2020\/08\/viisona_1_FULLY_RASTERED.png\",\"contentUrl\":\"https:\/\/viisona.com\/wp-content\/uploads\/2020\/08\/viisona_1_FULLY_RASTERED.png\",\"width\":1080,\"height\":307,\"caption\":\"ViiSona\"},\"image\":{\"@id\":\"https:\/\/viisona.com\/fr\/#\/schema\/logo\/image\/\"}}]}<\/script>\n<!-- \/ Yoast SEO plugin. -->","yoast_head_json":{"title":"Draminski \u00e9chographie sans fil airScan Pro | ViiSona","description":"Notre \u00e9chographe portable le plus populaire, le syst\u00e8me d'\u00e9chographie iScan 2 pour bovins et juments, est con\u00e7u pour les applications de reproduction bovine et \u00e9quine et les examens des poumons des veaux. Dot\u00e9s d'un bo\u00eetier enti\u00e8rement \u00e9tanche et de sondes int\u00e9gr\u00e9es, ces \u00e9chographes offrent une r\u00e9solution d'image et une durabilit\u00e9 exceptionnelles. L'iScan 2 est dot\u00e9 d'une sonde transrectale int\u00e9gr\u00e9e haute r\u00e9solution \u00e0 128 cristaux, d'une conception conviviale, de param\u00e8tres personnalisables et d'une autonomie de 7 heures par charge. Planifiez une d\u00e9monstration et essayez notre syst\u00e8me d'\u00e9chographie bovine le plus populaire.","robots":{"index":"index","follow":"follow","max-snippet":"max-snippet:-1","max-image-preview":"max-image-preview:large","max-video-preview":"max-video-preview:-1"},"canonical":"https:\/\/viisona.com\/fr\/product\/iscan-2-systeme-dechographie-avec-sonde-lineaire-rectale-ou-sonde-convexe-rectale-copy\/","og_locale":"fr_FR","og_type":"article","og_title":"Draminski \u00e9chographie sans fil airScan Pro | ViiSona","og_description":"Notre \u00e9chographe portable le plus populaire, le syst\u00e8me d'\u00e9chographie iScan 2 pour bovins et juments, est con\u00e7u pour les applications de reproduction bovine et \u00e9quine et les examens des poumons des veaux. Dot\u00e9s d'un bo\u00eetier enti\u00e8rement \u00e9tanche et de sondes int\u00e9gr\u00e9es, ces \u00e9chographes offrent une r\u00e9solution d'image et une durabilit\u00e9 exceptionnelles. L'iScan 2 est dot\u00e9 d'une sonde transrectale int\u00e9gr\u00e9e haute r\u00e9solution \u00e0 128 cristaux, d'une conception conviviale, de param\u00e8tres personnalisables et d'une autonomie de 7 heures par charge. Planifiez une d\u00e9monstration et essayez notre syst\u00e8me d'\u00e9chographie bovine le plus populaire.","og_url":"https:\/\/viisona.com\/fr\/product\/iscan-2-systeme-dechographie-avec-sonde-lineaire-rectale-ou-sonde-convexe-rectale-copy\/","og_site_name":"ViiSona","article_modified_time":"2026-02-18T05:58:40+00:00","og_image":[{"width":1536,"height":1536,"url":"https:\/\/viisona.com\/wp-content\/uploads\/2025\/05\/airScan-pro-ultrasonograf-bezprzewodowy-dwa-rodzaje-glowic-konweks-i-liniowa-1536x1146-1.jpeg","type":"image\/jpeg"}],"twitter_card":"summary_large_image","twitter_misc":{"Dur\u00e9e de lecture estim\u00e9e":"2 minutes"},"schema":{"@context":"https:\/\/schema.org","@graph":[{"@type":"WebPage","@id":"https:\/\/viisona.com\/fr\/product\/iscan-2-systeme-dechographie-avec-sonde-lineaire-rectale-ou-sonde-convexe-rectale-copy\/","url":"https:\/\/viisona.com\/fr\/product\/iscan-2-systeme-dechographie-avec-sonde-lineaire-rectale-ou-sonde-convexe-rectale-copy\/","name":"Draminski \u00e9chographie sans fil airScan Pro | ViiSona","isPartOf":{"@id":"https:\/\/viisona.com\/fr\/#website"},"primaryImageOfPage":{"@id":"https:\/\/viisona.com\/fr\/product\/iscan-2-systeme-dechographie-avec-sonde-lineaire-rectale-ou-sonde-convexe-rectale-copy\/#primaryimage"},"image":{"@id":"https:\/\/viisona.com\/fr\/product\/iscan-2-systeme-dechographie-avec-sonde-lineaire-rectale-ou-sonde-convexe-rectale-copy\/#primaryimage"},"thumbnailUrl":"https:\/\/viisona.com\/wp-content\/uploads\/2025\/05\/airScan-pro-ultrasonograf-bezprzewodowy-dwa-rodzaje-glowic-konweks-i-liniowa-1536x1146-1.jpeg","datePublished":"2025-05-27T06:12:31+00:00","dateModified":"2026-02-18T05:58:40+00:00","description":"Notre \u00e9chographe portable le plus populaire, le syst\u00e8me d'\u00e9chographie iScan 2 pour bovins et juments, est con\u00e7u pour les applications de reproduction bovine et \u00e9quine et les examens des poumons des veaux. Dot\u00e9s d'un bo\u00eetier enti\u00e8rement \u00e9tanche et de sondes int\u00e9gr\u00e9es, ces \u00e9chographes offrent une r\u00e9solution d'image et une durabilit\u00e9 exceptionnelles. L'iScan 2 est dot\u00e9 d'une sonde transrectale int\u00e9gr\u00e9e haute r\u00e9solution \u00e0 128 cristaux, d'une conception conviviale, de param\u00e8tres personnalisables et d'une autonomie de 7 heures par charge. Planifiez une d\u00e9monstration et essayez notre syst\u00e8me d'\u00e9chographie bovine le plus populaire.","breadcrumb":{"@id":"https:\/\/viisona.com\/fr\/product\/iscan-2-systeme-dechographie-avec-sonde-lineaire-rectale-ou-sonde-convexe-rectale-copy\/#breadcrumb"},"inLanguage":"fr-FR","potentialAction":[{"@type":"ReadAction","target":["https:\/\/viisona.com\/fr\/product\/iscan-2-systeme-dechographie-avec-sonde-lineaire-rectale-ou-sonde-convexe-rectale-copy\/"]}]},{"@type":"ImageObject","inLanguage":"fr-FR","@id":"https:\/\/viisona.com\/fr\/product\/iscan-2-systeme-dechographie-avec-sonde-lineaire-rectale-ou-sonde-convexe-rectale-copy\/#primaryimage","url":"https:\/\/viisona.com\/wp-content\/uploads\/2025\/05\/airScan-pro-ultrasonograf-bezprzewodowy-dwa-rodzaje-glowic-konweks-i-liniowa-1536x1146-1.jpeg","contentUrl":"https:\/\/viisona.com\/wp-content\/uploads\/2025\/05\/airScan-pro-ultrasonograf-bezprzewodowy-dwa-rodzaje-glowic-konweks-i-liniowa-1536x1146-1.jpeg","width":1536,"height":1536,"caption":"\u00c9chographie sans fil Draminski airScan Pro"},{"@type":"BreadcrumbList","@id":"https:\/\/viisona.com\/fr\/product\/iscan-2-systeme-dechographie-avec-sonde-lineaire-rectale-ou-sonde-convexe-rectale-copy\/#breadcrumb","itemListElement":[{"@type":"ListItem","position":1,"name":"Home","item":"https:\/\/viisona.com\/fr\/accueil\/"},{"@type":"ListItem","position":2,"name":"Boutique","item":"https:\/\/viisona.com\/fr\/boutique\/"},{"@type":"ListItem","position":3,"name":"\u00e9chographie sans fil airScan Pro"}]},{"@type":"WebSite","@id":"https:\/\/viisona.com\/fr\/#website","url":"https:\/\/viisona.com\/fr\/","name":"ViiSona","description":"Am\u00e9liorer les r\u00e9sultats pour les agriculteurs et les s\u00e9lectionneurs dans les communaut\u00e9s agricoles et de s\u00e9lection.","publisher":{"@id":"https:\/\/viisona.com\/fr\/#organization"},"potentialAction":[{"@type":"SearchAction","target":{"@type":"EntryPoint","urlTemplate":"https:\/\/viisona.com\/fr\/?s={search_term_string}"},"query-input":{"@type":"PropertyValueSpecification","valueRequired":true,"valueName":"search_term_string"}}],"inLanguage":"fr-FR"},{"@type":"Organization","@id":"https:\/\/viisona.com\/fr\/#organization","name":"ViiSona","url":"https:\/\/viisona.com\/fr\/","logo":{"@type":"ImageObject","inLanguage":"fr-FR","@id":"https:\/\/viisona.com\/fr\/#\/schema\/logo\/image\/","url":"https:\/\/viisona.com\/wp-content\/uploads\/2020\/08\/viisona_1_FULLY_RASTERED.png","contentUrl":"https:\/\/viisona.com\/wp-content\/uploads\/2020\/08\/viisona_1_FULLY_RASTERED.png","width":1080,"height":307,"caption":"ViiSona"},"image":{"@id":"https:\/\/viisona.com\/fr\/#\/schema\/logo\/image\/"}}]}},"jetpack_sharing_enabled":true,"_links":{"self":[{"href":"https:\/\/viisona.com\/fr\/wp-json\/wp\/v2\/product\/6053","targetHints":{"allow":["GET"]}}],"collection":[{"href":"https:\/\/viisona.com\/fr\/wp-json\/wp\/v2\/product"}],"about":[{"href":"https:\/\/viisona.com\/fr\/wp-json\/wp\/v2\/types\/product"}],"wp:featuredmedia":[{"embeddable":true,"href":"https:\/\/viisona.com\/fr\/wp-json\/wp\/v2\/media\/6063"}],"wp:attachment":[{"href":"https:\/\/viisona.com\/fr\/wp-json\/wp\/v2\/media?parent=6053"}],"wp:term":[{"taxonomy":"product_cat","embeddable":true,"href":"https:\/\/viisona.com\/fr\/wp-json\/wp\/v2\/product_cat?post=6053"},{"taxonomy":"product_tag","embeddable":true,"href":"https:\/\/viisona.com\/fr\/wp-json\/wp\/v2\/product_tag?post=6053"},{"taxonomy":"berocket_brand","embeddable":true,"href":"https:\/\/viisona.com\/fr\/wp-json\/wp\/v2\/berocket_brand?post=6053"}],"curies":[{"name":"wp","href":"https:\/\/api.w.org\/{rel}","templated":true}]}}