{"id":6032,"date":"2021-11-05T02:16:40","date_gmt":"2021-11-05T02:16:40","guid":{"rendered":"https:\/\/viisona.com\/product\/adaptateur-voiture-dc-pour-chargeur-de-batterie-intelligent-pour-evo-ibex\/"},"modified":"2021-11-05T02:16:40","modified_gmt":"2021-11-05T02:16:40","slug":"adaptateur-voiture-dc-pour-chargeur-de-batterie-intelligent-pour-evo-ibex","status":"publish","type":"product","link":"https:\/\/viisona.com\/fr\/product\/adaptateur-voiture-dc-pour-chargeur-de-batterie-intelligent-pour-evo-ibex\/","title":{"rendered":"Adaptateur voiture DC pour chargeur de batterie intelligent pour EVO\/iBex"},"content":{"rendered":"","protected":false},"excerpt":{"rendered":"<p>Adaptateur voiture DC pour chargeur de batterie intelligent pour IBEX<\/p>\n","protected":false},"featured_media":0,"template":"","meta":{"_acf_changed":false,"inline_featured_image":false},"product_cat":[542,500,544,490,483],"product_tag":[956,958,957],"berocket_brand":[446],"class_list":{"0":"post-6032","1":"product","2":"type-product","3":"status-publish","5":"product_cat-accessoires","6":"product_cat-eleveurs","7":"product_cat-packs-de-batteries","8":"product_cat-producteurs","9":"product_cat-veterinaires","10":"product_tag-adaptateur-dc","11":"product_tag-adaptateur-voiture-dc-pour-chargeur-de-batterie-lithium-ion-intelligent","12":"product_tag-chargeur-de-batterie-de-voiture","13":"pa_species-bovins-de-boucherie","14":"pa_species-bovins-laitiers","15":"pa_species-chevaux","16":"berocket_brand-ibex-fr","18":"first","19":"instock","20":"taxable","21":"shipping-taxable","22":"purchasable","23":"product-type-simple"},"acf":[],"yoast_head":"<!-- This site is optimized with the Yoast SEO plugin v26.8 - https:\/\/yoast.com\/product\/yoast-seo-wordpress\/ -->\n<title>iBex Adaptateur voiture DC pour chargeur de batterie intelligent pour EVO\/iBex | ViiSona<\/title>\n<meta name=\"description\" content=\"Adaptateur voiture DC pour chargeur de batterie Lithium-Ion Smart pour les batteries \u00e0 ultrasons ibex et EVO. Chargez pendant que vous vous rendez chez votre prochain client.\" \/>\n<meta name=\"robots\" content=\"index, follow, max-snippet:-1, max-image-preview:large, max-video-preview:-1\" \/>\n<link rel=\"canonical\" href=\"https:\/\/viisona.com\/fr\/product\/adaptateur-voiture-dc-pour-chargeur-de-batterie-intelligent-pour-evo-ibex\/\" \/>\n<meta property=\"og:locale\" content=\"fr_FR\" \/>\n<meta property=\"og:type\" content=\"article\" \/>\n<meta property=\"og:title\" content=\"iBex Adaptateur voiture DC pour chargeur de batterie intelligent pour EVO\/iBex | ViiSona\" \/>\n<meta property=\"og:description\" content=\"Adaptateur voiture DC pour chargeur de batterie Lithium-Ion Smart pour les batteries \u00e0 ultrasons ibex et EVO. Chargez pendant que vous vous rendez chez votre prochain client.\" \/>\n<meta property=\"og:url\" content=\"https:\/\/viisona.com\/fr\/product\/adaptateur-voiture-dc-pour-chargeur-de-batterie-intelligent-pour-evo-ibex\/\" \/>\n<meta property=\"og:site_name\" content=\"ViiSona\" \/>\n<meta name=\"twitter:card\" content=\"summary_large_image\" \/>\n<script type=\"application\/ld+json\" class=\"yoast-schema-graph\">{\"@context\":\"https:\/\/schema.org\",\"@graph\":[{\"@type\":\"WebPage\",\"@id\":\"https:\/\/viisona.com\/fr\/product\/adaptateur-voiture-dc-pour-chargeur-de-batterie-intelligent-pour-evo-ibex\/\",\"url\":\"https:\/\/viisona.com\/fr\/product\/adaptateur-voiture-dc-pour-chargeur-de-batterie-intelligent-pour-evo-ibex\/\",\"name\":\"iBex Adaptateur voiture DC pour chargeur de batterie intelligent pour EVO\/iBex | ViiSona\",\"isPartOf\":{\"@id\":\"https:\/\/viisona.com\/fr\/#website\"},\"datePublished\":\"2021-11-05T02:16:40+00:00\",\"description\":\"Adaptateur voiture DC pour chargeur de batterie Lithium-Ion Smart pour les batteries \u00e0 ultrasons ibex et EVO. Chargez pendant que vous vous rendez chez votre prochain client.\",\"breadcrumb\":{\"@id\":\"https:\/\/viisona.com\/fr\/product\/adaptateur-voiture-dc-pour-chargeur-de-batterie-intelligent-pour-evo-ibex\/#breadcrumb\"},\"inLanguage\":\"fr-FR\",\"potentialAction\":[{\"@type\":\"ReadAction\",\"target\":[\"https:\/\/viisona.com\/fr\/product\/adaptateur-voiture-dc-pour-chargeur-de-batterie-intelligent-pour-evo-ibex\/\"]}]},{\"@type\":\"BreadcrumbList\",\"@id\":\"https:\/\/viisona.com\/fr\/product\/adaptateur-voiture-dc-pour-chargeur-de-batterie-intelligent-pour-evo-ibex\/#breadcrumb\",\"itemListElement\":[{\"@type\":\"ListItem\",\"position\":1,\"name\":\"Home\",\"item\":\"https:\/\/viisona.com\/fr\/accueil\/\"},{\"@type\":\"ListItem\",\"position\":2,\"name\":\"Boutique\",\"item\":\"https:\/\/viisona.com\/fr\/boutique\/\"},{\"@type\":\"ListItem\",\"position\":3,\"name\":\"Adaptateur voiture DC pour chargeur de batterie intelligent pour EVO\/iBex\"}]},{\"@type\":\"WebSite\",\"@id\":\"https:\/\/viisona.com\/fr\/#website\",\"url\":\"https:\/\/viisona.com\/fr\/\",\"name\":\"ViiSona\",\"description\":\"Am\u00e9liorer les r\u00e9sultats pour les agriculteurs et les s\u00e9lectionneurs dans les communaut\u00e9s agricoles et de s\u00e9lection.\",\"publisher\":{\"@id\":\"https:\/\/viisona.com\/fr\/#organization\"},\"potentialAction\":[{\"@type\":\"SearchAction\",\"target\":{\"@type\":\"EntryPoint\",\"urlTemplate\":\"https:\/\/viisona.com\/fr\/?s={search_term_string}\"},\"query-input\":{\"@type\":\"PropertyValueSpecification\",\"valueRequired\":true,\"valueName\":\"search_term_string\"}}],\"inLanguage\":\"fr-FR\"},{\"@type\":\"Organization\",\"@id\":\"https:\/\/viisona.com\/fr\/#organization\",\"name\":\"ViiSona\",\"url\":\"https:\/\/viisona.com\/fr\/\",\"logo\":{\"@type\":\"ImageObject\",\"inLanguage\":\"fr-FR\",\"@id\":\"https:\/\/viisona.com\/fr\/#\/schema\/logo\/image\/\",\"url\":\"https:\/\/viisona.com\/wp-content\/uploads\/2020\/08\/viisona_1_FULLY_RASTERED.png\",\"contentUrl\":\"https:\/\/viisona.com\/wp-content\/uploads\/2020\/08\/viisona_1_FULLY_RASTERED.png\",\"width\":1080,\"height\":307,\"caption\":\"ViiSona\"},\"image\":{\"@id\":\"https:\/\/viisona.com\/fr\/#\/schema\/logo\/image\/\"}}]}<\/script>\n<!-- \/ Yoast SEO plugin. -->","yoast_head_json":{"title":"iBex Adaptateur voiture DC pour chargeur de batterie intelligent pour EVO\/iBex | ViiSona","description":"Adaptateur voiture DC pour chargeur de batterie Lithium-Ion Smart pour les batteries \u00e0 ultrasons ibex et EVO. Chargez pendant que vous vous rendez chez votre prochain client.","robots":{"index":"index","follow":"follow","max-snippet":"max-snippet:-1","max-image-preview":"max-image-preview:large","max-video-preview":"max-video-preview:-1"},"canonical":"https:\/\/viisona.com\/fr\/product\/adaptateur-voiture-dc-pour-chargeur-de-batterie-intelligent-pour-evo-ibex\/","og_locale":"fr_FR","og_type":"article","og_title":"iBex Adaptateur voiture DC pour chargeur de batterie intelligent pour EVO\/iBex | ViiSona","og_description":"Adaptateur voiture DC pour chargeur de batterie Lithium-Ion Smart pour les batteries \u00e0 ultrasons ibex et EVO. Chargez pendant que vous vous rendez chez votre prochain client.","og_url":"https:\/\/viisona.com\/fr\/product\/adaptateur-voiture-dc-pour-chargeur-de-batterie-intelligent-pour-evo-ibex\/","og_site_name":"ViiSona","twitter_card":"summary_large_image","schema":{"@context":"https:\/\/schema.org","@graph":[{"@type":"WebPage","@id":"https:\/\/viisona.com\/fr\/product\/adaptateur-voiture-dc-pour-chargeur-de-batterie-intelligent-pour-evo-ibex\/","url":"https:\/\/viisona.com\/fr\/product\/adaptateur-voiture-dc-pour-chargeur-de-batterie-intelligent-pour-evo-ibex\/","name":"iBex Adaptateur voiture DC pour chargeur de batterie intelligent pour EVO\/iBex | ViiSona","isPartOf":{"@id":"https:\/\/viisona.com\/fr\/#website"},"datePublished":"2021-11-05T02:16:40+00:00","description":"Adaptateur voiture DC pour chargeur de batterie Lithium-Ion Smart pour les batteries \u00e0 ultrasons ibex et EVO. Chargez pendant que vous vous rendez chez votre prochain client.","breadcrumb":{"@id":"https:\/\/viisona.com\/fr\/product\/adaptateur-voiture-dc-pour-chargeur-de-batterie-intelligent-pour-evo-ibex\/#breadcrumb"},"inLanguage":"fr-FR","potentialAction":[{"@type":"ReadAction","target":["https:\/\/viisona.com\/fr\/product\/adaptateur-voiture-dc-pour-chargeur-de-batterie-intelligent-pour-evo-ibex\/"]}]},{"@type":"BreadcrumbList","@id":"https:\/\/viisona.com\/fr\/product\/adaptateur-voiture-dc-pour-chargeur-de-batterie-intelligent-pour-evo-ibex\/#breadcrumb","itemListElement":[{"@type":"ListItem","position":1,"name":"Home","item":"https:\/\/viisona.com\/fr\/accueil\/"},{"@type":"ListItem","position":2,"name":"Boutique","item":"https:\/\/viisona.com\/fr\/boutique\/"},{"@type":"ListItem","position":3,"name":"Adaptateur voiture DC pour chargeur de batterie intelligent pour EVO\/iBex"}]},{"@type":"WebSite","@id":"https:\/\/viisona.com\/fr\/#website","url":"https:\/\/viisona.com\/fr\/","name":"ViiSona","description":"Am\u00e9liorer les r\u00e9sultats pour les agriculteurs et les s\u00e9lectionneurs dans les communaut\u00e9s agricoles et de s\u00e9lection.","publisher":{"@id":"https:\/\/viisona.com\/fr\/#organization"},"potentialAction":[{"@type":"SearchAction","target":{"@type":"EntryPoint","urlTemplate":"https:\/\/viisona.com\/fr\/?s={search_term_string}"},"query-input":{"@type":"PropertyValueSpecification","valueRequired":true,"valueName":"search_term_string"}}],"inLanguage":"fr-FR"},{"@type":"Organization","@id":"https:\/\/viisona.com\/fr\/#organization","name":"ViiSona","url":"https:\/\/viisona.com\/fr\/","logo":{"@type":"ImageObject","inLanguage":"fr-FR","@id":"https:\/\/viisona.com\/fr\/#\/schema\/logo\/image\/","url":"https:\/\/viisona.com\/wp-content\/uploads\/2020\/08\/viisona_1_FULLY_RASTERED.png","contentUrl":"https:\/\/viisona.com\/wp-content\/uploads\/2020\/08\/viisona_1_FULLY_RASTERED.png","width":1080,"height":307,"caption":"ViiSona"},"image":{"@id":"https:\/\/viisona.com\/fr\/#\/schema\/logo\/image\/"}}]}},"jetpack_sharing_enabled":true,"_links":{"self":[{"href":"https:\/\/viisona.com\/fr\/wp-json\/wp\/v2\/product\/6032","targetHints":{"allow":["GET"]}}],"collection":[{"href":"https:\/\/viisona.com\/fr\/wp-json\/wp\/v2\/product"}],"about":[{"href":"https:\/\/viisona.com\/fr\/wp-json\/wp\/v2\/types\/product"}],"wp:attachment":[{"href":"https:\/\/viisona.com\/fr\/wp-json\/wp\/v2\/media?parent=6032"}],"wp:term":[{"taxonomy":"product_cat","embeddable":true,"href":"https:\/\/viisona.com\/fr\/wp-json\/wp\/v2\/product_cat?post=6032"},{"taxonomy":"product_tag","embeddable":true,"href":"https:\/\/viisona.com\/fr\/wp-json\/wp\/v2\/product_tag?post=6032"},{"taxonomy":"berocket_brand","embeddable":true,"href":"https:\/\/viisona.com\/fr\/wp-json\/wp\/v2\/berocket_brand?post=6032"}],"curies":[{"name":"wp","href":"https:\/\/api.w.org\/{rel}","templated":true}]}}