{"id":6028,"date":"2022-03-04T05:13:12","date_gmt":"2022-03-04T05:13:12","guid":{"rendered":"https:\/\/viisona.com\/product\/poignee-opu-pour-sonde-181\/"},"modified":"2022-03-04T05:13:12","modified_gmt":"2022-03-04T05:13:12","slug":"poignee-opu-pour-sonde-181","status":"publish","type":"product","link":"https:\/\/viisona.com\/fr\/product\/poignee-opu-pour-sonde-181\/","title":{"rendered":"Poign\u00e9e OPU pour sonde 181"},"content":{"rendered":"","protected":false},"excerpt":{"rendered":"<p><span data-sheets-root=\"1\">Poign\u00e9e de pr\u00e9l\u00e8vement de l&#8217;ovule Draminski sans sonde<\/span><\/p>\n","protected":false},"featured_media":4865,"template":"","meta":{"_acf_changed":false,"inline_featured_image":false},"product_cat":[542,561,500,490],"product_tag":[],"berocket_brand":[502],"class_list":{"0":"post-6028","1":"product","2":"type-product","3":"status-publish","4":"has-post-thumbnail","6":"product_cat-accessoires","7":"product_cat-bras-dextension","8":"product_cat-eleveurs","9":"product_cat-producteurs","10":"pa_applications-follicules","11":"pa_applications-ramassage-de-lovule","12":"pa_applications-reproduction-fr","13":"pa_applications-transfert-dembryons","14":"pa_species-animaux-exotiques","15":"pa_species-bovins-de-boucherie","16":"pa_species-bovins-laitiers","17":"pa_species-chevaux","18":"berocket_brand-draminski-fr","20":"first","21":"instock","22":"taxable","23":"shipping-taxable","24":"purchasable","25":"product-type-simple"},"acf":[],"yoast_head":"<!-- This site is optimized with the Yoast SEO plugin v26.8 - https:\/\/yoast.com\/product\/yoast-seo-wordpress\/ -->\n<title>Draminski Poign\u00e9e OPU pour sonde 181 | ViiSona<\/title>\n<meta name=\"robots\" content=\"index, follow, max-snippet:-1, max-image-preview:large, max-video-preview:-1\" \/>\n<link rel=\"canonical\" href=\"https:\/\/viisona.com\/fr\/product\/poignee-opu-pour-sonde-181\/\" \/>\n<meta property=\"og:locale\" content=\"fr_FR\" \/>\n<meta property=\"og:type\" content=\"article\" \/>\n<meta property=\"og:title\" content=\"Draminski Poign\u00e9e OPU pour sonde 181 | ViiSona\" \/>\n<meta property=\"og:description\" content=\"Poign\u00e9e de pr\u00e9l\u00e8vement de l&#039;ovule Draminski sans sonde\" \/>\n<meta property=\"og:url\" content=\"https:\/\/viisona.com\/fr\/product\/poignee-opu-pour-sonde-181\/\" \/>\n<meta property=\"og:site_name\" content=\"ViiSona\" \/>\n<meta property=\"og:image\" content=\"https:\/\/viisona.com\/wp-content\/uploads\/2022\/03\/OPU-Probe-Ovum-Pick-Up-Probe-Rod-for-Probe-181.jpg\" \/>\n\t<meta property=\"og:image:width\" content=\"1043\" \/>\n\t<meta property=\"og:image:height\" content=\"1043\" \/>\n\t<meta property=\"og:image:type\" content=\"image\/jpeg\" \/>\n<meta name=\"twitter:card\" content=\"summary_large_image\" \/>\n<script type=\"application\/ld+json\" class=\"yoast-schema-graph\">{\"@context\":\"https:\/\/schema.org\",\"@graph\":[{\"@type\":\"WebPage\",\"@id\":\"https:\/\/viisona.com\/fr\/product\/poignee-opu-pour-sonde-181\/\",\"url\":\"https:\/\/viisona.com\/fr\/product\/poignee-opu-pour-sonde-181\/\",\"name\":\"Draminski Poign\u00e9e OPU pour sonde 181 | ViiSona\",\"isPartOf\":{\"@id\":\"https:\/\/viisona.com\/fr\/#website\"},\"primaryImageOfPage\":{\"@id\":\"https:\/\/viisona.com\/fr\/product\/poignee-opu-pour-sonde-181\/#primaryimage\"},\"image\":{\"@id\":\"https:\/\/viisona.com\/fr\/product\/poignee-opu-pour-sonde-181\/#primaryimage\"},\"thumbnailUrl\":\"https:\/\/viisona.com\/wp-content\/uploads\/2022\/03\/OPU-Probe-Ovum-Pick-Up-Probe-Rod-for-Probe-181.jpg\",\"datePublished\":\"2022-03-04T05:13:12+00:00\",\"breadcrumb\":{\"@id\":\"https:\/\/viisona.com\/fr\/product\/poignee-opu-pour-sonde-181\/#breadcrumb\"},\"inLanguage\":\"fr-FR\",\"potentialAction\":[{\"@type\":\"ReadAction\",\"target\":[\"https:\/\/viisona.com\/fr\/product\/poignee-opu-pour-sonde-181\/\"]}]},{\"@type\":\"ImageObject\",\"inLanguage\":\"fr-FR\",\"@id\":\"https:\/\/viisona.com\/fr\/product\/poignee-opu-pour-sonde-181\/#primaryimage\",\"url\":\"https:\/\/viisona.com\/wp-content\/uploads\/2022\/03\/OPU-Probe-Ovum-Pick-Up-Probe-Rod-for-Probe-181.jpg\",\"contentUrl\":\"https:\/\/viisona.com\/wp-content\/uploads\/2022\/03\/OPU-Probe-Ovum-Pick-Up-Probe-Rod-for-Probe-181.jpg\",\"width\":1043,\"height\":1043},{\"@type\":\"BreadcrumbList\",\"@id\":\"https:\/\/viisona.com\/fr\/product\/poignee-opu-pour-sonde-181\/#breadcrumb\",\"itemListElement\":[{\"@type\":\"ListItem\",\"position\":1,\"name\":\"Home\",\"item\":\"https:\/\/viisona.com\/fr\/accueil\/\"},{\"@type\":\"ListItem\",\"position\":2,\"name\":\"Boutique\",\"item\":\"https:\/\/viisona.com\/fr\/boutique\/\"},{\"@type\":\"ListItem\",\"position\":3,\"name\":\"Poign\u00e9e OPU pour sonde 181\"}]},{\"@type\":\"WebSite\",\"@id\":\"https:\/\/viisona.com\/fr\/#website\",\"url\":\"https:\/\/viisona.com\/fr\/\",\"name\":\"ViiSona\",\"description\":\"Am\u00e9liorer les r\u00e9sultats pour les agriculteurs et les s\u00e9lectionneurs dans les communaut\u00e9s agricoles et de s\u00e9lection.\",\"publisher\":{\"@id\":\"https:\/\/viisona.com\/fr\/#organization\"},\"potentialAction\":[{\"@type\":\"SearchAction\",\"target\":{\"@type\":\"EntryPoint\",\"urlTemplate\":\"https:\/\/viisona.com\/fr\/?s={search_term_string}\"},\"query-input\":{\"@type\":\"PropertyValueSpecification\",\"valueRequired\":true,\"valueName\":\"search_term_string\"}}],\"inLanguage\":\"fr-FR\"},{\"@type\":\"Organization\",\"@id\":\"https:\/\/viisona.com\/fr\/#organization\",\"name\":\"ViiSona\",\"url\":\"https:\/\/viisona.com\/fr\/\",\"logo\":{\"@type\":\"ImageObject\",\"inLanguage\":\"fr-FR\",\"@id\":\"https:\/\/viisona.com\/fr\/#\/schema\/logo\/image\/\",\"url\":\"https:\/\/viisona.com\/wp-content\/uploads\/2020\/08\/viisona_1_FULLY_RASTERED.png\",\"contentUrl\":\"https:\/\/viisona.com\/wp-content\/uploads\/2020\/08\/viisona_1_FULLY_RASTERED.png\",\"width\":1080,\"height\":307,\"caption\":\"ViiSona\"},\"image\":{\"@id\":\"https:\/\/viisona.com\/fr\/#\/schema\/logo\/image\/\"}}]}<\/script>\n<!-- \/ Yoast SEO plugin. -->","yoast_head_json":{"title":"Draminski Poign\u00e9e OPU pour sonde 181 | ViiSona","robots":{"index":"index","follow":"follow","max-snippet":"max-snippet:-1","max-image-preview":"max-image-preview:large","max-video-preview":"max-video-preview:-1"},"canonical":"https:\/\/viisona.com\/fr\/product\/poignee-opu-pour-sonde-181\/","og_locale":"fr_FR","og_type":"article","og_title":"Draminski Poign\u00e9e OPU pour sonde 181 | ViiSona","og_description":"Poign\u00e9e de pr\u00e9l\u00e8vement de l'ovule Draminski sans sonde","og_url":"https:\/\/viisona.com\/fr\/product\/poignee-opu-pour-sonde-181\/","og_site_name":"ViiSona","og_image":[{"width":1043,"height":1043,"url":"https:\/\/viisona.com\/wp-content\/uploads\/2022\/03\/OPU-Probe-Ovum-Pick-Up-Probe-Rod-for-Probe-181.jpg","type":"image\/jpeg"}],"twitter_card":"summary_large_image","schema":{"@context":"https:\/\/schema.org","@graph":[{"@type":"WebPage","@id":"https:\/\/viisona.com\/fr\/product\/poignee-opu-pour-sonde-181\/","url":"https:\/\/viisona.com\/fr\/product\/poignee-opu-pour-sonde-181\/","name":"Draminski Poign\u00e9e OPU pour sonde 181 | ViiSona","isPartOf":{"@id":"https:\/\/viisona.com\/fr\/#website"},"primaryImageOfPage":{"@id":"https:\/\/viisona.com\/fr\/product\/poignee-opu-pour-sonde-181\/#primaryimage"},"image":{"@id":"https:\/\/viisona.com\/fr\/product\/poignee-opu-pour-sonde-181\/#primaryimage"},"thumbnailUrl":"https:\/\/viisona.com\/wp-content\/uploads\/2022\/03\/OPU-Probe-Ovum-Pick-Up-Probe-Rod-for-Probe-181.jpg","datePublished":"2022-03-04T05:13:12+00:00","breadcrumb":{"@id":"https:\/\/viisona.com\/fr\/product\/poignee-opu-pour-sonde-181\/#breadcrumb"},"inLanguage":"fr-FR","potentialAction":[{"@type":"ReadAction","target":["https:\/\/viisona.com\/fr\/product\/poignee-opu-pour-sonde-181\/"]}]},{"@type":"ImageObject","inLanguage":"fr-FR","@id":"https:\/\/viisona.com\/fr\/product\/poignee-opu-pour-sonde-181\/#primaryimage","url":"https:\/\/viisona.com\/wp-content\/uploads\/2022\/03\/OPU-Probe-Ovum-Pick-Up-Probe-Rod-for-Probe-181.jpg","contentUrl":"https:\/\/viisona.com\/wp-content\/uploads\/2022\/03\/OPU-Probe-Ovum-Pick-Up-Probe-Rod-for-Probe-181.jpg","width":1043,"height":1043},{"@type":"BreadcrumbList","@id":"https:\/\/viisona.com\/fr\/product\/poignee-opu-pour-sonde-181\/#breadcrumb","itemListElement":[{"@type":"ListItem","position":1,"name":"Home","item":"https:\/\/viisona.com\/fr\/accueil\/"},{"@type":"ListItem","position":2,"name":"Boutique","item":"https:\/\/viisona.com\/fr\/boutique\/"},{"@type":"ListItem","position":3,"name":"Poign\u00e9e OPU pour sonde 181"}]},{"@type":"WebSite","@id":"https:\/\/viisona.com\/fr\/#website","url":"https:\/\/viisona.com\/fr\/","name":"ViiSona","description":"Am\u00e9liorer les r\u00e9sultats pour les agriculteurs et les s\u00e9lectionneurs dans les communaut\u00e9s agricoles et de s\u00e9lection.","publisher":{"@id":"https:\/\/viisona.com\/fr\/#organization"},"potentialAction":[{"@type":"SearchAction","target":{"@type":"EntryPoint","urlTemplate":"https:\/\/viisona.com\/fr\/?s={search_term_string}"},"query-input":{"@type":"PropertyValueSpecification","valueRequired":true,"valueName":"search_term_string"}}],"inLanguage":"fr-FR"},{"@type":"Organization","@id":"https:\/\/viisona.com\/fr\/#organization","name":"ViiSona","url":"https:\/\/viisona.com\/fr\/","logo":{"@type":"ImageObject","inLanguage":"fr-FR","@id":"https:\/\/viisona.com\/fr\/#\/schema\/logo\/image\/","url":"https:\/\/viisona.com\/wp-content\/uploads\/2020\/08\/viisona_1_FULLY_RASTERED.png","contentUrl":"https:\/\/viisona.com\/wp-content\/uploads\/2020\/08\/viisona_1_FULLY_RASTERED.png","width":1080,"height":307,"caption":"ViiSona"},"image":{"@id":"https:\/\/viisona.com\/fr\/#\/schema\/logo\/image\/"}}]}},"jetpack_sharing_enabled":true,"_links":{"self":[{"href":"https:\/\/viisona.com\/fr\/wp-json\/wp\/v2\/product\/6028","targetHints":{"allow":["GET"]}}],"collection":[{"href":"https:\/\/viisona.com\/fr\/wp-json\/wp\/v2\/product"}],"about":[{"href":"https:\/\/viisona.com\/fr\/wp-json\/wp\/v2\/types\/product"}],"wp:featuredmedia":[{"embeddable":true,"href":"https:\/\/viisona.com\/fr\/wp-json\/wp\/v2\/media\/4865"}],"wp:attachment":[{"href":"https:\/\/viisona.com\/fr\/wp-json\/wp\/v2\/media?parent=6028"}],"wp:term":[{"taxonomy":"product_cat","embeddable":true,"href":"https:\/\/viisona.com\/fr\/wp-json\/wp\/v2\/product_cat?post=6028"},{"taxonomy":"product_tag","embeddable":true,"href":"https:\/\/viisona.com\/fr\/wp-json\/wp\/v2\/product_tag?post=6028"},{"taxonomy":"berocket_brand","embeddable":true,"href":"https:\/\/viisona.com\/fr\/wp-json\/wp\/v2\/berocket_brand?post=6028"}],"curies":[{"name":"wp","href":"https:\/\/api.w.org\/{rel}","templated":true}]}}