{"id":6027,"date":"2024-11-21T05:35:09","date_gmt":"2024-11-21T05:35:09","guid":{"rendered":"https:\/\/viisona.com\/product\/lunettes-video-sans-fil-draminski-ilens\/"},"modified":"2026-02-18T06:00:13","modified_gmt":"2026-02-18T06:00:13","slug":"lunettes-video-sans-fil-draminski-ilens","status":"publish","type":"product","link":"https:\/\/viisona.com\/fr\/product\/lunettes-video-sans-fil-draminski-ilens\/","title":{"rendered":"Lunettes vid\u00e9o sans fil iLENS"},"content":{"rendered":"","protected":false},"excerpt":{"rendered":"<p>Les lunettes iLens d\u00e9finissent une nouvelle norme en mati\u00e8re d&#8217;\u00e9chographie animale. L&#8217;utilisation des \u00e9crans de la technologie de r\u00e9alit\u00e9 augment\u00e9e (RA) garantit une plus grande s\u00e9curit\u00e9 de l&#8217;utilisateur lorsqu&#8217;il travaille avec des animaux. Con\u00e7ues pour les m\u00e9decins v\u00e9t\u00e9rinaires et les techniciens effectuant des examens \u00e9chographiques sur des animaux d&#8217;\u00e9levage. Associ\u00e9es \u00e0 un \u00e9chographe Draminski compatible, elles seront principalement utilis\u00e9es pour examiner l&#8217;appareil reproducteur des bovins et des chevaux, confirmer et suivre la gestation, d\u00e9terminer l&#8217;\u00e2ge et le sexe du f\u0153tus, ainsi que pour examiner les poumons des veaux, la mamelle et les trayons, et les organes abdominaux.   <\/p>\n","protected":false},"featured_media":5554,"template":"","meta":{"_acf_changed":false,"inline_featured_image":false},"product_cat":[542,562,490,574,483],"product_tag":[],"berocket_brand":[502],"class_list":{"0":"post-6027","1":"product","2":"type-product","3":"status-publish","4":"has-post-thumbnail","6":"product_cat-accessoires","7":"product_cat-lunettes-de-protection","8":"product_cat-producteurs","9":"product_cat-ultrasons-portables-et-accessoires","10":"product_cat-veterinaires","11":"pa_applications-doppler-ovarien","12":"pa_applications-follicules","13":"pa_applications-grossesse","14":"pa_applications-pis","15":"pa_applications-ramassage-de-lovule","16":"pa_applications-reproduction-fr","17":"pa_applications-testicules","18":"pa_applications-transfert-dembryons","19":"pa_applications-uterus-fr","20":"pa_species-bovins-de-boucherie","21":"pa_species-bovins-laitiers","22":"pa_species-chevaux","23":"berocket_brand-draminski-fr","25":"first","26":"instock","27":"taxable","28":"shipping-taxable","29":"purchasable","30":"product-type-simple"},"acf":[],"yoast_head":"<!-- This site is optimized with the Yoast SEO plugin v26.8 - https:\/\/yoast.com\/product\/yoast-seo-wordpress\/ -->\n<title>Draminski Lunettes vid\u00e9o sans fil iLENS | ViiSona<\/title>\n<meta name=\"robots\" content=\"index, follow, max-snippet:-1, max-image-preview:large, max-video-preview:-1\" \/>\n<link rel=\"canonical\" href=\"https:\/\/viisona.com\/fr\/product\/lunettes-video-sans-fil-draminski-ilens\/\" \/>\n<meta property=\"og:locale\" content=\"fr_FR\" \/>\n<meta property=\"og:type\" content=\"article\" \/>\n<meta property=\"og:title\" content=\"Draminski Lunettes vid\u00e9o sans fil iLENS | ViiSona\" \/>\n<meta property=\"og:description\" content=\"Les lunettes iLens d\u00e9finissent une nouvelle norme en mati\u00e8re d&#039;\u00e9chographie animale. L&#039;utilisation des \u00e9crans de la technologie de r\u00e9alit\u00e9 augment\u00e9e (RA) garantit une plus grande s\u00e9curit\u00e9 de l&#039;utilisateur lorsqu&#039;il travaille avec des animaux. Con\u00e7ues pour les m\u00e9decins v\u00e9t\u00e9rinaires et les techniciens effectuant des examens \u00e9chographiques sur des animaux d&#039;\u00e9levage. Associ\u00e9es \u00e0 un \u00e9chographe Draminski compatible, elles seront principalement utilis\u00e9es pour examiner l&#039;appareil reproducteur des bovins et des chevaux, confirmer et suivre la gestation, d\u00e9terminer l&#039;\u00e2ge et le sexe du f\u0153tus, ainsi que pour examiner les poumons des veaux, la mamelle et les trayons, et les organes abdominaux.\" \/>\n<meta property=\"og:url\" content=\"https:\/\/viisona.com\/fr\/product\/lunettes-video-sans-fil-draminski-ilens\/\" \/>\n<meta property=\"og:site_name\" content=\"ViiSona\" \/>\n<meta property=\"article:modified_time\" content=\"2026-02-18T06:00:13+00:00\" \/>\n<meta property=\"og:image\" content=\"https:\/\/viisona.com\/wp-content\/uploads\/2024\/11\/Draminski-okulary-iLens-do-badania-ultrasonograficznego-2.jpg\" \/>\n\t<meta property=\"og:image:width\" content=\"1920\" \/>\n\t<meta property=\"og:image:height\" content=\"1920\" \/>\n\t<meta property=\"og:image:type\" content=\"image\/jpeg\" \/>\n<meta name=\"twitter:card\" content=\"summary_large_image\" \/>\n<meta name=\"twitter:label1\" content=\"Dur\u00e9e de lecture estim\u00e9e\" \/>\n\t<meta name=\"twitter:data1\" content=\"1 minute\" \/>\n<script type=\"application\/ld+json\" class=\"yoast-schema-graph\">{\"@context\":\"https:\/\/schema.org\",\"@graph\":[{\"@type\":\"WebPage\",\"@id\":\"https:\/\/viisona.com\/fr\/product\/lunettes-video-sans-fil-draminski-ilens\/\",\"url\":\"https:\/\/viisona.com\/fr\/product\/lunettes-video-sans-fil-draminski-ilens\/\",\"name\":\"Draminski Lunettes vid\u00e9o sans fil iLENS | ViiSona\",\"isPartOf\":{\"@id\":\"https:\/\/viisona.com\/fr\/#website\"},\"primaryImageOfPage\":{\"@id\":\"https:\/\/viisona.com\/fr\/product\/lunettes-video-sans-fil-draminski-ilens\/#primaryimage\"},\"image\":{\"@id\":\"https:\/\/viisona.com\/fr\/product\/lunettes-video-sans-fil-draminski-ilens\/#primaryimage\"},\"thumbnailUrl\":\"https:\/\/viisona.com\/wp-content\/uploads\/2024\/11\/Draminski-okulary-iLens-do-badania-ultrasonograficznego-2.jpg\",\"datePublished\":\"2024-11-21T05:35:09+00:00\",\"dateModified\":\"2026-02-18T06:00:13+00:00\",\"breadcrumb\":{\"@id\":\"https:\/\/viisona.com\/fr\/product\/lunettes-video-sans-fil-draminski-ilens\/#breadcrumb\"},\"inLanguage\":\"fr-FR\",\"potentialAction\":[{\"@type\":\"ReadAction\",\"target\":[\"https:\/\/viisona.com\/fr\/product\/lunettes-video-sans-fil-draminski-ilens\/\"]}]},{\"@type\":\"ImageObject\",\"inLanguage\":\"fr-FR\",\"@id\":\"https:\/\/viisona.com\/fr\/product\/lunettes-video-sans-fil-draminski-ilens\/#primaryimage\",\"url\":\"https:\/\/viisona.com\/wp-content\/uploads\/2024\/11\/Draminski-okulary-iLens-do-badania-ultrasonograficznego-2.jpg\",\"contentUrl\":\"https:\/\/viisona.com\/wp-content\/uploads\/2024\/11\/Draminski-okulary-iLens-do-badania-ultrasonograficznego-2.jpg\",\"width\":1920,\"height\":1920},{\"@type\":\"BreadcrumbList\",\"@id\":\"https:\/\/viisona.com\/fr\/product\/lunettes-video-sans-fil-draminski-ilens\/#breadcrumb\",\"itemListElement\":[{\"@type\":\"ListItem\",\"position\":1,\"name\":\"Home\",\"item\":\"https:\/\/viisona.com\/fr\/accueil\/\"},{\"@type\":\"ListItem\",\"position\":2,\"name\":\"Boutique\",\"item\":\"https:\/\/viisona.com\/fr\/boutique\/\"},{\"@type\":\"ListItem\",\"position\":3,\"name\":\"Lunettes vid\u00e9o sans fil iLENS\"}]},{\"@type\":\"WebSite\",\"@id\":\"https:\/\/viisona.com\/fr\/#website\",\"url\":\"https:\/\/viisona.com\/fr\/\",\"name\":\"ViiSona\",\"description\":\"Am\u00e9liorer les r\u00e9sultats pour les agriculteurs et les s\u00e9lectionneurs dans les communaut\u00e9s agricoles et de s\u00e9lection.\",\"publisher\":{\"@id\":\"https:\/\/viisona.com\/fr\/#organization\"},\"potentialAction\":[{\"@type\":\"SearchAction\",\"target\":{\"@type\":\"EntryPoint\",\"urlTemplate\":\"https:\/\/viisona.com\/fr\/?s={search_term_string}\"},\"query-input\":{\"@type\":\"PropertyValueSpecification\",\"valueRequired\":true,\"valueName\":\"search_term_string\"}}],\"inLanguage\":\"fr-FR\"},{\"@type\":\"Organization\",\"@id\":\"https:\/\/viisona.com\/fr\/#organization\",\"name\":\"ViiSona\",\"url\":\"https:\/\/viisona.com\/fr\/\",\"logo\":{\"@type\":\"ImageObject\",\"inLanguage\":\"fr-FR\",\"@id\":\"https:\/\/viisona.com\/fr\/#\/schema\/logo\/image\/\",\"url\":\"https:\/\/viisona.com\/wp-content\/uploads\/2020\/08\/viisona_1_FULLY_RASTERED.png\",\"contentUrl\":\"https:\/\/viisona.com\/wp-content\/uploads\/2020\/08\/viisona_1_FULLY_RASTERED.png\",\"width\":1080,\"height\":307,\"caption\":\"ViiSona\"},\"image\":{\"@id\":\"https:\/\/viisona.com\/fr\/#\/schema\/logo\/image\/\"}}]}<\/script>\n<!-- \/ Yoast SEO plugin. -->","yoast_head_json":{"title":"Draminski Lunettes vid\u00e9o sans fil iLENS | ViiSona","robots":{"index":"index","follow":"follow","max-snippet":"max-snippet:-1","max-image-preview":"max-image-preview:large","max-video-preview":"max-video-preview:-1"},"canonical":"https:\/\/viisona.com\/fr\/product\/lunettes-video-sans-fil-draminski-ilens\/","og_locale":"fr_FR","og_type":"article","og_title":"Draminski Lunettes vid\u00e9o sans fil iLENS | ViiSona","og_description":"Les lunettes iLens d\u00e9finissent une nouvelle norme en mati\u00e8re d'\u00e9chographie animale. L'utilisation des \u00e9crans de la technologie de r\u00e9alit\u00e9 augment\u00e9e (RA) garantit une plus grande s\u00e9curit\u00e9 de l'utilisateur lorsqu'il travaille avec des animaux. Con\u00e7ues pour les m\u00e9decins v\u00e9t\u00e9rinaires et les techniciens effectuant des examens \u00e9chographiques sur des animaux d'\u00e9levage. Associ\u00e9es \u00e0 un \u00e9chographe Draminski compatible, elles seront principalement utilis\u00e9es pour examiner l'appareil reproducteur des bovins et des chevaux, confirmer et suivre la gestation, d\u00e9terminer l'\u00e2ge et le sexe du f\u0153tus, ainsi que pour examiner les poumons des veaux, la mamelle et les trayons, et les organes abdominaux.","og_url":"https:\/\/viisona.com\/fr\/product\/lunettes-video-sans-fil-draminski-ilens\/","og_site_name":"ViiSona","article_modified_time":"2026-02-18T06:00:13+00:00","og_image":[{"width":1920,"height":1920,"url":"https:\/\/viisona.com\/wp-content\/uploads\/2024\/11\/Draminski-okulary-iLens-do-badania-ultrasonograficznego-2.jpg","type":"image\/jpeg"}],"twitter_card":"summary_large_image","twitter_misc":{"Dur\u00e9e de lecture estim\u00e9e":"1 minute"},"schema":{"@context":"https:\/\/schema.org","@graph":[{"@type":"WebPage","@id":"https:\/\/viisona.com\/fr\/product\/lunettes-video-sans-fil-draminski-ilens\/","url":"https:\/\/viisona.com\/fr\/product\/lunettes-video-sans-fil-draminski-ilens\/","name":"Draminski Lunettes vid\u00e9o sans fil iLENS | ViiSona","isPartOf":{"@id":"https:\/\/viisona.com\/fr\/#website"},"primaryImageOfPage":{"@id":"https:\/\/viisona.com\/fr\/product\/lunettes-video-sans-fil-draminski-ilens\/#primaryimage"},"image":{"@id":"https:\/\/viisona.com\/fr\/product\/lunettes-video-sans-fil-draminski-ilens\/#primaryimage"},"thumbnailUrl":"https:\/\/viisona.com\/wp-content\/uploads\/2024\/11\/Draminski-okulary-iLens-do-badania-ultrasonograficznego-2.jpg","datePublished":"2024-11-21T05:35:09+00:00","dateModified":"2026-02-18T06:00:13+00:00","breadcrumb":{"@id":"https:\/\/viisona.com\/fr\/product\/lunettes-video-sans-fil-draminski-ilens\/#breadcrumb"},"inLanguage":"fr-FR","potentialAction":[{"@type":"ReadAction","target":["https:\/\/viisona.com\/fr\/product\/lunettes-video-sans-fil-draminski-ilens\/"]}]},{"@type":"ImageObject","inLanguage":"fr-FR","@id":"https:\/\/viisona.com\/fr\/product\/lunettes-video-sans-fil-draminski-ilens\/#primaryimage","url":"https:\/\/viisona.com\/wp-content\/uploads\/2024\/11\/Draminski-okulary-iLens-do-badania-ultrasonograficznego-2.jpg","contentUrl":"https:\/\/viisona.com\/wp-content\/uploads\/2024\/11\/Draminski-okulary-iLens-do-badania-ultrasonograficznego-2.jpg","width":1920,"height":1920},{"@type":"BreadcrumbList","@id":"https:\/\/viisona.com\/fr\/product\/lunettes-video-sans-fil-draminski-ilens\/#breadcrumb","itemListElement":[{"@type":"ListItem","position":1,"name":"Home","item":"https:\/\/viisona.com\/fr\/accueil\/"},{"@type":"ListItem","position":2,"name":"Boutique","item":"https:\/\/viisona.com\/fr\/boutique\/"},{"@type":"ListItem","position":3,"name":"Lunettes vid\u00e9o sans fil iLENS"}]},{"@type":"WebSite","@id":"https:\/\/viisona.com\/fr\/#website","url":"https:\/\/viisona.com\/fr\/","name":"ViiSona","description":"Am\u00e9liorer les r\u00e9sultats pour les agriculteurs et les s\u00e9lectionneurs dans les communaut\u00e9s agricoles et de s\u00e9lection.","publisher":{"@id":"https:\/\/viisona.com\/fr\/#organization"},"potentialAction":[{"@type":"SearchAction","target":{"@type":"EntryPoint","urlTemplate":"https:\/\/viisona.com\/fr\/?s={search_term_string}"},"query-input":{"@type":"PropertyValueSpecification","valueRequired":true,"valueName":"search_term_string"}}],"inLanguage":"fr-FR"},{"@type":"Organization","@id":"https:\/\/viisona.com\/fr\/#organization","name":"ViiSona","url":"https:\/\/viisona.com\/fr\/","logo":{"@type":"ImageObject","inLanguage":"fr-FR","@id":"https:\/\/viisona.com\/fr\/#\/schema\/logo\/image\/","url":"https:\/\/viisona.com\/wp-content\/uploads\/2020\/08\/viisona_1_FULLY_RASTERED.png","contentUrl":"https:\/\/viisona.com\/wp-content\/uploads\/2020\/08\/viisona_1_FULLY_RASTERED.png","width":1080,"height":307,"caption":"ViiSona"},"image":{"@id":"https:\/\/viisona.com\/fr\/#\/schema\/logo\/image\/"}}]}},"jetpack_sharing_enabled":true,"_links":{"self":[{"href":"https:\/\/viisona.com\/fr\/wp-json\/wp\/v2\/product\/6027","targetHints":{"allow":["GET"]}}],"collection":[{"href":"https:\/\/viisona.com\/fr\/wp-json\/wp\/v2\/product"}],"about":[{"href":"https:\/\/viisona.com\/fr\/wp-json\/wp\/v2\/types\/product"}],"wp:featuredmedia":[{"embeddable":true,"href":"https:\/\/viisona.com\/fr\/wp-json\/wp\/v2\/media\/5554"}],"wp:attachment":[{"href":"https:\/\/viisona.com\/fr\/wp-json\/wp\/v2\/media?parent=6027"}],"wp:term":[{"taxonomy":"product_cat","embeddable":true,"href":"https:\/\/viisona.com\/fr\/wp-json\/wp\/v2\/product_cat?post=6027"},{"taxonomy":"product_tag","embeddable":true,"href":"https:\/\/viisona.com\/fr\/wp-json\/wp\/v2\/product_tag?post=6027"},{"taxonomy":"berocket_brand","embeddable":true,"href":"https:\/\/viisona.com\/fr\/wp-json\/wp\/v2\/berocket_brand?post=6027"}],"curies":[{"name":"wp","href":"https:\/\/api.w.org\/{rel}","templated":true}]}}