{"id":6026,"date":"2024-11-21T05:01:51","date_gmt":"2024-11-21T05:01:51","guid":{"rendered":"https:\/\/viisona.com\/product\/support-en-t-pour-sonde-lineaire-rectale-163\/"},"modified":"2024-11-21T05:01:51","modified_gmt":"2024-11-21T05:01:51","slug":"support-en-t-pour-sonde-lineaire-rectale-163","status":"publish","type":"product","link":"https:\/\/viisona.com\/fr\/product\/support-en-t-pour-sonde-lineaire-rectale-163\/","title":{"rendered":"Support en T pour sonde lin\u00e9aire rectale 163"},"content":{"rendered":"","protected":false},"excerpt":{"rendered":"<p><span data-sheets-root=\"1\">Le support en T Draminski pour sonde lin\u00e9aire rectale est con\u00e7u pour faciliter les examens abdominaux chez les petits ruminants lorsqu&#8217;il est associ\u00e9 \u00e0 la sonde lin\u00e9aire rectale.  <\/span><\/p>\n","protected":false},"featured_media":5541,"template":"","meta":{"_acf_changed":false,"inline_featured_image":false},"product_cat":[542,561,574],"product_tag":[],"berocket_brand":[502],"class_list":{"0":"post-6026","1":"product","2":"type-product","3":"status-publish","4":"has-post-thumbnail","6":"product_cat-accessoires","7":"product_cat-bras-dextension","8":"product_cat-ultrasons-portables-et-accessoires","9":"pa_applications-doppler-ovarien","10":"pa_applications-grossesse","11":"pa_applications-mesures-du-gras-dorsal","12":"pa_applications-pis","13":"pa_applications-poumons","14":"pa_applications-reproduction-fr","15":"pa_applications-testicules","16":"pa_applications-uterus-fr","17":"pa_species-animaux-exotiques","18":"pa_species-bovins-de-boucherie","19":"pa_species-bovins-laitiers","20":"pa_species-chevaux","21":"berocket_brand-draminski-fr","23":"first","24":"instock","25":"taxable","26":"shipping-taxable","27":"purchasable","28":"product-type-simple"},"acf":[],"yoast_head":"<!-- This site is optimized with the Yoast SEO plugin v26.8 - https:\/\/yoast.com\/product\/yoast-seo-wordpress\/ -->\n<title>Draminski Support en T pour sonde lin\u00e9aire rectale 163 | ViiSona<\/title>\n<meta name=\"robots\" content=\"index, follow, max-snippet:-1, max-image-preview:large, max-video-preview:-1\" \/>\n<link rel=\"canonical\" href=\"https:\/\/viisona.com\/fr\/product\/support-en-t-pour-sonde-lineaire-rectale-163\/\" \/>\n<meta property=\"og:locale\" content=\"fr_FR\" \/>\n<meta property=\"og:type\" content=\"article\" \/>\n<meta property=\"og:title\" content=\"Draminski Support en T pour sonde lin\u00e9aire rectale 163 | ViiSona\" \/>\n<meta property=\"og:description\" content=\"Le support en T Draminski pour sonde lin\u00e9aire rectale est con\u00e7u pour faciliter les examens abdominaux chez les petits ruminants lorsqu&#039;il est associ\u00e9 \u00e0 la sonde lin\u00e9aire rectale.\" \/>\n<meta property=\"og:url\" content=\"https:\/\/viisona.com\/fr\/product\/support-en-t-pour-sonde-lineaire-rectale-163\/\" \/>\n<meta property=\"og:site_name\" content=\"ViiSona\" \/>\n<meta property=\"og:image\" content=\"https:\/\/viisona.com\/wp-content\/uploads\/2024\/11\/akcusg088-2048x1365-2.jpg\" \/>\n\t<meta property=\"og:image:width\" content=\"2048\" \/>\n\t<meta property=\"og:image:height\" content=\"2048\" \/>\n\t<meta property=\"og:image:type\" content=\"image\/jpeg\" \/>\n<meta name=\"twitter:card\" content=\"summary_large_image\" \/>\n<script type=\"application\/ld+json\" class=\"yoast-schema-graph\">{\"@context\":\"https:\/\/schema.org\",\"@graph\":[{\"@type\":\"WebPage\",\"@id\":\"https:\/\/viisona.com\/fr\/product\/support-en-t-pour-sonde-lineaire-rectale-163\/\",\"url\":\"https:\/\/viisona.com\/fr\/product\/support-en-t-pour-sonde-lineaire-rectale-163\/\",\"name\":\"Draminski Support en T pour sonde lin\u00e9aire rectale 163 | ViiSona\",\"isPartOf\":{\"@id\":\"https:\/\/viisona.com\/fr\/#website\"},\"primaryImageOfPage\":{\"@id\":\"https:\/\/viisona.com\/fr\/product\/support-en-t-pour-sonde-lineaire-rectale-163\/#primaryimage\"},\"image\":{\"@id\":\"https:\/\/viisona.com\/fr\/product\/support-en-t-pour-sonde-lineaire-rectale-163\/#primaryimage\"},\"thumbnailUrl\":\"https:\/\/viisona.com\/wp-content\/uploads\/2024\/11\/akcusg088-2048x1365-2.jpg\",\"datePublished\":\"2024-11-21T05:01:51+00:00\",\"breadcrumb\":{\"@id\":\"https:\/\/viisona.com\/fr\/product\/support-en-t-pour-sonde-lineaire-rectale-163\/#breadcrumb\"},\"inLanguage\":\"fr-FR\",\"potentialAction\":[{\"@type\":\"ReadAction\",\"target\":[\"https:\/\/viisona.com\/fr\/product\/support-en-t-pour-sonde-lineaire-rectale-163\/\"]}]},{\"@type\":\"ImageObject\",\"inLanguage\":\"fr-FR\",\"@id\":\"https:\/\/viisona.com\/fr\/product\/support-en-t-pour-sonde-lineaire-rectale-163\/#primaryimage\",\"url\":\"https:\/\/viisona.com\/wp-content\/uploads\/2024\/11\/akcusg088-2048x1365-2.jpg\",\"contentUrl\":\"https:\/\/viisona.com\/wp-content\/uploads\/2024\/11\/akcusg088-2048x1365-2.jpg\",\"width\":2048,\"height\":2048},{\"@type\":\"BreadcrumbList\",\"@id\":\"https:\/\/viisona.com\/fr\/product\/support-en-t-pour-sonde-lineaire-rectale-163\/#breadcrumb\",\"itemListElement\":[{\"@type\":\"ListItem\",\"position\":1,\"name\":\"Home\",\"item\":\"https:\/\/viisona.com\/fr\/accueil\/\"},{\"@type\":\"ListItem\",\"position\":2,\"name\":\"Boutique\",\"item\":\"https:\/\/viisona.com\/fr\/boutique\/\"},{\"@type\":\"ListItem\",\"position\":3,\"name\":\"Support en T pour sonde lin\u00e9aire rectale 163\"}]},{\"@type\":\"WebSite\",\"@id\":\"https:\/\/viisona.com\/fr\/#website\",\"url\":\"https:\/\/viisona.com\/fr\/\",\"name\":\"ViiSona\",\"description\":\"Am\u00e9liorer les r\u00e9sultats pour les agriculteurs et les s\u00e9lectionneurs dans les communaut\u00e9s agricoles et de s\u00e9lection.\",\"publisher\":{\"@id\":\"https:\/\/viisona.com\/fr\/#organization\"},\"potentialAction\":[{\"@type\":\"SearchAction\",\"target\":{\"@type\":\"EntryPoint\",\"urlTemplate\":\"https:\/\/viisona.com\/fr\/?s={search_term_string}\"},\"query-input\":{\"@type\":\"PropertyValueSpecification\",\"valueRequired\":true,\"valueName\":\"search_term_string\"}}],\"inLanguage\":\"fr-FR\"},{\"@type\":\"Organization\",\"@id\":\"https:\/\/viisona.com\/fr\/#organization\",\"name\":\"ViiSona\",\"url\":\"https:\/\/viisona.com\/fr\/\",\"logo\":{\"@type\":\"ImageObject\",\"inLanguage\":\"fr-FR\",\"@id\":\"https:\/\/viisona.com\/fr\/#\/schema\/logo\/image\/\",\"url\":\"https:\/\/viisona.com\/wp-content\/uploads\/2020\/08\/viisona_1_FULLY_RASTERED.png\",\"contentUrl\":\"https:\/\/viisona.com\/wp-content\/uploads\/2020\/08\/viisona_1_FULLY_RASTERED.png\",\"width\":1080,\"height\":307,\"caption\":\"ViiSona\"},\"image\":{\"@id\":\"https:\/\/viisona.com\/fr\/#\/schema\/logo\/image\/\"}}]}<\/script>\n<!-- \/ Yoast SEO plugin. -->","yoast_head_json":{"title":"Draminski Support en T pour sonde lin\u00e9aire rectale 163 | ViiSona","robots":{"index":"index","follow":"follow","max-snippet":"max-snippet:-1","max-image-preview":"max-image-preview:large","max-video-preview":"max-video-preview:-1"},"canonical":"https:\/\/viisona.com\/fr\/product\/support-en-t-pour-sonde-lineaire-rectale-163\/","og_locale":"fr_FR","og_type":"article","og_title":"Draminski Support en T pour sonde lin\u00e9aire rectale 163 | ViiSona","og_description":"Le support en T Draminski pour sonde lin\u00e9aire rectale est con\u00e7u pour faciliter les examens abdominaux chez les petits ruminants lorsqu'il est associ\u00e9 \u00e0 la sonde lin\u00e9aire rectale.","og_url":"https:\/\/viisona.com\/fr\/product\/support-en-t-pour-sonde-lineaire-rectale-163\/","og_site_name":"ViiSona","og_image":[{"width":2048,"height":2048,"url":"https:\/\/viisona.com\/wp-content\/uploads\/2024\/11\/akcusg088-2048x1365-2.jpg","type":"image\/jpeg"}],"twitter_card":"summary_large_image","schema":{"@context":"https:\/\/schema.org","@graph":[{"@type":"WebPage","@id":"https:\/\/viisona.com\/fr\/product\/support-en-t-pour-sonde-lineaire-rectale-163\/","url":"https:\/\/viisona.com\/fr\/product\/support-en-t-pour-sonde-lineaire-rectale-163\/","name":"Draminski Support en T pour sonde lin\u00e9aire rectale 163 | ViiSona","isPartOf":{"@id":"https:\/\/viisona.com\/fr\/#website"},"primaryImageOfPage":{"@id":"https:\/\/viisona.com\/fr\/product\/support-en-t-pour-sonde-lineaire-rectale-163\/#primaryimage"},"image":{"@id":"https:\/\/viisona.com\/fr\/product\/support-en-t-pour-sonde-lineaire-rectale-163\/#primaryimage"},"thumbnailUrl":"https:\/\/viisona.com\/wp-content\/uploads\/2024\/11\/akcusg088-2048x1365-2.jpg","datePublished":"2024-11-21T05:01:51+00:00","breadcrumb":{"@id":"https:\/\/viisona.com\/fr\/product\/support-en-t-pour-sonde-lineaire-rectale-163\/#breadcrumb"},"inLanguage":"fr-FR","potentialAction":[{"@type":"ReadAction","target":["https:\/\/viisona.com\/fr\/product\/support-en-t-pour-sonde-lineaire-rectale-163\/"]}]},{"@type":"ImageObject","inLanguage":"fr-FR","@id":"https:\/\/viisona.com\/fr\/product\/support-en-t-pour-sonde-lineaire-rectale-163\/#primaryimage","url":"https:\/\/viisona.com\/wp-content\/uploads\/2024\/11\/akcusg088-2048x1365-2.jpg","contentUrl":"https:\/\/viisona.com\/wp-content\/uploads\/2024\/11\/akcusg088-2048x1365-2.jpg","width":2048,"height":2048},{"@type":"BreadcrumbList","@id":"https:\/\/viisona.com\/fr\/product\/support-en-t-pour-sonde-lineaire-rectale-163\/#breadcrumb","itemListElement":[{"@type":"ListItem","position":1,"name":"Home","item":"https:\/\/viisona.com\/fr\/accueil\/"},{"@type":"ListItem","position":2,"name":"Boutique","item":"https:\/\/viisona.com\/fr\/boutique\/"},{"@type":"ListItem","position":3,"name":"Support en T pour sonde lin\u00e9aire rectale 163"}]},{"@type":"WebSite","@id":"https:\/\/viisona.com\/fr\/#website","url":"https:\/\/viisona.com\/fr\/","name":"ViiSona","description":"Am\u00e9liorer les r\u00e9sultats pour les agriculteurs et les s\u00e9lectionneurs dans les communaut\u00e9s agricoles et de s\u00e9lection.","publisher":{"@id":"https:\/\/viisona.com\/fr\/#organization"},"potentialAction":[{"@type":"SearchAction","target":{"@type":"EntryPoint","urlTemplate":"https:\/\/viisona.com\/fr\/?s={search_term_string}"},"query-input":{"@type":"PropertyValueSpecification","valueRequired":true,"valueName":"search_term_string"}}],"inLanguage":"fr-FR"},{"@type":"Organization","@id":"https:\/\/viisona.com\/fr\/#organization","name":"ViiSona","url":"https:\/\/viisona.com\/fr\/","logo":{"@type":"ImageObject","inLanguage":"fr-FR","@id":"https:\/\/viisona.com\/fr\/#\/schema\/logo\/image\/","url":"https:\/\/viisona.com\/wp-content\/uploads\/2020\/08\/viisona_1_FULLY_RASTERED.png","contentUrl":"https:\/\/viisona.com\/wp-content\/uploads\/2020\/08\/viisona_1_FULLY_RASTERED.png","width":1080,"height":307,"caption":"ViiSona"},"image":{"@id":"https:\/\/viisona.com\/fr\/#\/schema\/logo\/image\/"}}]}},"jetpack_sharing_enabled":true,"_links":{"self":[{"href":"https:\/\/viisona.com\/fr\/wp-json\/wp\/v2\/product\/6026","targetHints":{"allow":["GET"]}}],"collection":[{"href":"https:\/\/viisona.com\/fr\/wp-json\/wp\/v2\/product"}],"about":[{"href":"https:\/\/viisona.com\/fr\/wp-json\/wp\/v2\/types\/product"}],"wp:featuredmedia":[{"embeddable":true,"href":"https:\/\/viisona.com\/fr\/wp-json\/wp\/v2\/media\/5541"}],"wp:attachment":[{"href":"https:\/\/viisona.com\/fr\/wp-json\/wp\/v2\/media?parent=6026"}],"wp:term":[{"taxonomy":"product_cat","embeddable":true,"href":"https:\/\/viisona.com\/fr\/wp-json\/wp\/v2\/product_cat?post=6026"},{"taxonomy":"product_tag","embeddable":true,"href":"https:\/\/viisona.com\/fr\/wp-json\/wp\/v2\/product_tag?post=6026"},{"taxonomy":"berocket_brand","embeddable":true,"href":"https:\/\/viisona.com\/fr\/wp-json\/wp\/v2\/berocket_brand?post=6026"}],"curies":[{"name":"wp","href":"https:\/\/api.w.org\/{rel}","templated":true}]}}