{"id":5885,"date":"2024-11-25T01:08:42","date_gmt":"2024-11-25T01:08:42","guid":{"rendered":"https:\/\/viisona.com\/product\/adaptateur-wi-fi-pour-iscan-2-et-iscan-2-multi\/"},"modified":"2026-02-18T06:00:30","modified_gmt":"2026-02-18T06:00:30","slug":"adaptateur-wi-fi-pour-iscan-2-et-iscan-2-multi","status":"publish","type":"product","link":"https:\/\/viisona.com\/fr\/product\/adaptateur-wi-fi-pour-iscan-2-et-iscan-2-multi\/","title":{"rendered":"Adaptateur Wi-Fi pour iScan 2 &amp; iScan 2 Multi"},"content":{"rendered":"","protected":false},"excerpt":{"rendered":"<p>L&#8217;antenne Wi-Fi permet la transmission d&#8217;images vers un t\u00e9l\u00e9phone, ainsi que l&#8217;utilisation du t\u00e9l\u00e9phone pour les mesures dans les \u00e9chographes iScan 2 et iScan 2 MULTI. L&#8217;application Draminski Ultrasound Scanner doit \u00eatre install\u00e9e sur le t\u00e9l\u00e9phone.<\/p>\n","protected":false},"featured_media":5534,"template":"","meta":{"_acf_changed":false,"inline_featured_image":false},"product_cat":[542,574],"product_tag":[],"berocket_brand":[502],"class_list":{"0":"post-5885","1":"product","2":"type-product","3":"status-publish","4":"has-post-thumbnail","6":"product_cat-accessoires","7":"product_cat-ultrasons-portables-et-accessoires","8":"pa_species-bovins-de-boucherie","9":"pa_species-bovins-laitiers","10":"pa_species-chevaux","11":"berocket_brand-draminski-fr","13":"first","14":"instock","15":"taxable","16":"shipping-taxable","17":"purchasable","18":"product-type-simple"},"acf":[],"yoast_head":"<!-- This site is optimized with the Yoast SEO plugin v26.8 - https:\/\/yoast.com\/product\/yoast-seo-wordpress\/ -->\n<title>Draminski Adaptateur Wi-Fi pour iScan 2 &amp; iScan 2 Multi | ViiSona<\/title>\n<meta name=\"robots\" content=\"index, follow, max-snippet:-1, max-image-preview:large, max-video-preview:-1\" \/>\n<link rel=\"canonical\" href=\"https:\/\/viisona.com\/fr\/product\/adaptateur-wi-fi-pour-iscan-2-et-iscan-2-multi\/\" \/>\n<meta property=\"og:locale\" content=\"fr_FR\" \/>\n<meta property=\"og:type\" content=\"article\" \/>\n<meta property=\"og:title\" content=\"Draminski Adaptateur Wi-Fi pour iScan 2 &amp; iScan 2 Multi | ViiSona\" \/>\n<meta property=\"og:description\" content=\"L&#039;antenne Wi-Fi permet la transmission d&#039;images vers un t\u00e9l\u00e9phone, ainsi que l&#039;utilisation du t\u00e9l\u00e9phone pour les mesures dans les \u00e9chographes iScan 2 et iScan 2 MULTI. L&#039;application Draminski Ultrasound Scanner doit \u00eatre install\u00e9e sur le t\u00e9l\u00e9phone.\" \/>\n<meta property=\"og:url\" content=\"https:\/\/viisona.com\/fr\/product\/adaptateur-wi-fi-pour-iscan-2-et-iscan-2-multi\/\" \/>\n<meta property=\"og:site_name\" content=\"ViiSona\" \/>\n<meta property=\"article:modified_time\" content=\"2026-02-18T06:00:30+00:00\" \/>\n<meta property=\"og:image\" content=\"https:\/\/viisona.com\/wp-content\/uploads\/2024\/11\/AKCUSG082.jpg\" \/>\n\t<meta property=\"og:image:width\" content=\"2200\" \/>\n\t<meta property=\"og:image:height\" content=\"2200\" \/>\n\t<meta property=\"og:image:type\" content=\"image\/jpeg\" \/>\n<meta name=\"twitter:card\" content=\"summary_large_image\" \/>\n<script type=\"application\/ld+json\" class=\"yoast-schema-graph\">{\"@context\":\"https:\/\/schema.org\",\"@graph\":[{\"@type\":\"WebPage\",\"@id\":\"https:\/\/viisona.com\/fr\/product\/adaptateur-wi-fi-pour-iscan-2-et-iscan-2-multi\/\",\"url\":\"https:\/\/viisona.com\/fr\/product\/adaptateur-wi-fi-pour-iscan-2-et-iscan-2-multi\/\",\"name\":\"Draminski Adaptateur Wi-Fi pour iScan 2 &amp; iScan 2 Multi | ViiSona\",\"isPartOf\":{\"@id\":\"https:\/\/viisona.com\/fr\/#website\"},\"primaryImageOfPage\":{\"@id\":\"https:\/\/viisona.com\/fr\/product\/adaptateur-wi-fi-pour-iscan-2-et-iscan-2-multi\/#primaryimage\"},\"image\":{\"@id\":\"https:\/\/viisona.com\/fr\/product\/adaptateur-wi-fi-pour-iscan-2-et-iscan-2-multi\/#primaryimage\"},\"thumbnailUrl\":\"https:\/\/viisona.com\/wp-content\/uploads\/2024\/11\/AKCUSG082.jpg\",\"datePublished\":\"2024-11-25T01:08:42+00:00\",\"dateModified\":\"2026-02-18T06:00:30+00:00\",\"breadcrumb\":{\"@id\":\"https:\/\/viisona.com\/fr\/product\/adaptateur-wi-fi-pour-iscan-2-et-iscan-2-multi\/#breadcrumb\"},\"inLanguage\":\"fr-FR\",\"potentialAction\":[{\"@type\":\"ReadAction\",\"target\":[\"https:\/\/viisona.com\/fr\/product\/adaptateur-wi-fi-pour-iscan-2-et-iscan-2-multi\/\"]}]},{\"@type\":\"ImageObject\",\"inLanguage\":\"fr-FR\",\"@id\":\"https:\/\/viisona.com\/fr\/product\/adaptateur-wi-fi-pour-iscan-2-et-iscan-2-multi\/#primaryimage\",\"url\":\"https:\/\/viisona.com\/wp-content\/uploads\/2024\/11\/AKCUSG082.jpg\",\"contentUrl\":\"https:\/\/viisona.com\/wp-content\/uploads\/2024\/11\/AKCUSG082.jpg\",\"width\":2200,\"height\":2200},{\"@type\":\"BreadcrumbList\",\"@id\":\"https:\/\/viisona.com\/fr\/product\/adaptateur-wi-fi-pour-iscan-2-et-iscan-2-multi\/#breadcrumb\",\"itemListElement\":[{\"@type\":\"ListItem\",\"position\":1,\"name\":\"Home\",\"item\":\"https:\/\/viisona.com\/fr\/accueil\/\"},{\"@type\":\"ListItem\",\"position\":2,\"name\":\"Boutique\",\"item\":\"https:\/\/viisona.com\/fr\/boutique\/\"},{\"@type\":\"ListItem\",\"position\":3,\"name\":\"Adaptateur Wi-Fi pour iScan 2 &amp; iScan 2 Multi\"}]},{\"@type\":\"WebSite\",\"@id\":\"https:\/\/viisona.com\/fr\/#website\",\"url\":\"https:\/\/viisona.com\/fr\/\",\"name\":\"ViiSona\",\"description\":\"Am\u00e9liorer les r\u00e9sultats pour les agriculteurs et les s\u00e9lectionneurs dans les communaut\u00e9s agricoles et de s\u00e9lection.\",\"publisher\":{\"@id\":\"https:\/\/viisona.com\/fr\/#organization\"},\"potentialAction\":[{\"@type\":\"SearchAction\",\"target\":{\"@type\":\"EntryPoint\",\"urlTemplate\":\"https:\/\/viisona.com\/fr\/?s={search_term_string}\"},\"query-input\":{\"@type\":\"PropertyValueSpecification\",\"valueRequired\":true,\"valueName\":\"search_term_string\"}}],\"inLanguage\":\"fr-FR\"},{\"@type\":\"Organization\",\"@id\":\"https:\/\/viisona.com\/fr\/#organization\",\"name\":\"ViiSona\",\"url\":\"https:\/\/viisona.com\/fr\/\",\"logo\":{\"@type\":\"ImageObject\",\"inLanguage\":\"fr-FR\",\"@id\":\"https:\/\/viisona.com\/fr\/#\/schema\/logo\/image\/\",\"url\":\"https:\/\/viisona.com\/wp-content\/uploads\/2020\/08\/viisona_1_FULLY_RASTERED.png\",\"contentUrl\":\"https:\/\/viisona.com\/wp-content\/uploads\/2020\/08\/viisona_1_FULLY_RASTERED.png\",\"width\":1080,\"height\":307,\"caption\":\"ViiSona\"},\"image\":{\"@id\":\"https:\/\/viisona.com\/fr\/#\/schema\/logo\/image\/\"}}]}<\/script>\n<!-- \/ Yoast SEO plugin. -->","yoast_head_json":{"title":"Draminski Adaptateur Wi-Fi pour iScan 2 &amp; iScan 2 Multi | ViiSona","robots":{"index":"index","follow":"follow","max-snippet":"max-snippet:-1","max-image-preview":"max-image-preview:large","max-video-preview":"max-video-preview:-1"},"canonical":"https:\/\/viisona.com\/fr\/product\/adaptateur-wi-fi-pour-iscan-2-et-iscan-2-multi\/","og_locale":"fr_FR","og_type":"article","og_title":"Draminski Adaptateur Wi-Fi pour iScan 2 &amp; iScan 2 Multi | ViiSona","og_description":"L'antenne Wi-Fi permet la transmission d'images vers un t\u00e9l\u00e9phone, ainsi que l'utilisation du t\u00e9l\u00e9phone pour les mesures dans les \u00e9chographes iScan 2 et iScan 2 MULTI. L'application Draminski Ultrasound Scanner doit \u00eatre install\u00e9e sur le t\u00e9l\u00e9phone.","og_url":"https:\/\/viisona.com\/fr\/product\/adaptateur-wi-fi-pour-iscan-2-et-iscan-2-multi\/","og_site_name":"ViiSona","article_modified_time":"2026-02-18T06:00:30+00:00","og_image":[{"width":2200,"height":2200,"url":"https:\/\/viisona.com\/wp-content\/uploads\/2024\/11\/AKCUSG082.jpg","type":"image\/jpeg"}],"twitter_card":"summary_large_image","schema":{"@context":"https:\/\/schema.org","@graph":[{"@type":"WebPage","@id":"https:\/\/viisona.com\/fr\/product\/adaptateur-wi-fi-pour-iscan-2-et-iscan-2-multi\/","url":"https:\/\/viisona.com\/fr\/product\/adaptateur-wi-fi-pour-iscan-2-et-iscan-2-multi\/","name":"Draminski Adaptateur Wi-Fi pour iScan 2 &amp; iScan 2 Multi | ViiSona","isPartOf":{"@id":"https:\/\/viisona.com\/fr\/#website"},"primaryImageOfPage":{"@id":"https:\/\/viisona.com\/fr\/product\/adaptateur-wi-fi-pour-iscan-2-et-iscan-2-multi\/#primaryimage"},"image":{"@id":"https:\/\/viisona.com\/fr\/product\/adaptateur-wi-fi-pour-iscan-2-et-iscan-2-multi\/#primaryimage"},"thumbnailUrl":"https:\/\/viisona.com\/wp-content\/uploads\/2024\/11\/AKCUSG082.jpg","datePublished":"2024-11-25T01:08:42+00:00","dateModified":"2026-02-18T06:00:30+00:00","breadcrumb":{"@id":"https:\/\/viisona.com\/fr\/product\/adaptateur-wi-fi-pour-iscan-2-et-iscan-2-multi\/#breadcrumb"},"inLanguage":"fr-FR","potentialAction":[{"@type":"ReadAction","target":["https:\/\/viisona.com\/fr\/product\/adaptateur-wi-fi-pour-iscan-2-et-iscan-2-multi\/"]}]},{"@type":"ImageObject","inLanguage":"fr-FR","@id":"https:\/\/viisona.com\/fr\/product\/adaptateur-wi-fi-pour-iscan-2-et-iscan-2-multi\/#primaryimage","url":"https:\/\/viisona.com\/wp-content\/uploads\/2024\/11\/AKCUSG082.jpg","contentUrl":"https:\/\/viisona.com\/wp-content\/uploads\/2024\/11\/AKCUSG082.jpg","width":2200,"height":2200},{"@type":"BreadcrumbList","@id":"https:\/\/viisona.com\/fr\/product\/adaptateur-wi-fi-pour-iscan-2-et-iscan-2-multi\/#breadcrumb","itemListElement":[{"@type":"ListItem","position":1,"name":"Home","item":"https:\/\/viisona.com\/fr\/accueil\/"},{"@type":"ListItem","position":2,"name":"Boutique","item":"https:\/\/viisona.com\/fr\/boutique\/"},{"@type":"ListItem","position":3,"name":"Adaptateur Wi-Fi pour iScan 2 &amp; iScan 2 Multi"}]},{"@type":"WebSite","@id":"https:\/\/viisona.com\/fr\/#website","url":"https:\/\/viisona.com\/fr\/","name":"ViiSona","description":"Am\u00e9liorer les r\u00e9sultats pour les agriculteurs et les s\u00e9lectionneurs dans les communaut\u00e9s agricoles et de s\u00e9lection.","publisher":{"@id":"https:\/\/viisona.com\/fr\/#organization"},"potentialAction":[{"@type":"SearchAction","target":{"@type":"EntryPoint","urlTemplate":"https:\/\/viisona.com\/fr\/?s={search_term_string}"},"query-input":{"@type":"PropertyValueSpecification","valueRequired":true,"valueName":"search_term_string"}}],"inLanguage":"fr-FR"},{"@type":"Organization","@id":"https:\/\/viisona.com\/fr\/#organization","name":"ViiSona","url":"https:\/\/viisona.com\/fr\/","logo":{"@type":"ImageObject","inLanguage":"fr-FR","@id":"https:\/\/viisona.com\/fr\/#\/schema\/logo\/image\/","url":"https:\/\/viisona.com\/wp-content\/uploads\/2020\/08\/viisona_1_FULLY_RASTERED.png","contentUrl":"https:\/\/viisona.com\/wp-content\/uploads\/2020\/08\/viisona_1_FULLY_RASTERED.png","width":1080,"height":307,"caption":"ViiSona"},"image":{"@id":"https:\/\/viisona.com\/fr\/#\/schema\/logo\/image\/"}}]}},"jetpack_sharing_enabled":true,"_links":{"self":[{"href":"https:\/\/viisona.com\/fr\/wp-json\/wp\/v2\/product\/5885","targetHints":{"allow":["GET"]}}],"collection":[{"href":"https:\/\/viisona.com\/fr\/wp-json\/wp\/v2\/product"}],"about":[{"href":"https:\/\/viisona.com\/fr\/wp-json\/wp\/v2\/types\/product"}],"wp:featuredmedia":[{"embeddable":true,"href":"https:\/\/viisona.com\/fr\/wp-json\/wp\/v2\/media\/5534"}],"wp:attachment":[{"href":"https:\/\/viisona.com\/fr\/wp-json\/wp\/v2\/media?parent=5885"}],"wp:term":[{"taxonomy":"product_cat","embeddable":true,"href":"https:\/\/viisona.com\/fr\/wp-json\/wp\/v2\/product_cat?post=5885"},{"taxonomy":"product_tag","embeddable":true,"href":"https:\/\/viisona.com\/fr\/wp-json\/wp\/v2\/product_tag?post=5885"},{"taxonomy":"berocket_brand","embeddable":true,"href":"https:\/\/viisona.com\/fr\/wp-json\/wp\/v2\/berocket_brand?post=5885"}],"curies":[{"name":"wp","href":"https:\/\/api.w.org\/{rel}","templated":true}]}}