{"id":5884,"date":"2024-11-25T00:59:55","date_gmt":"2024-11-25T00:59:55","guid":{"rendered":"https:\/\/viisona.com\/product\/batterie-pour-4vet-mini-iscan-prestige-sonofarm-mini\/"},"modified":"2026-02-18T06:00:31","modified_gmt":"2026-02-18T06:00:31","slug":"batterie-pour-4vet-mini-iscan-prestige-sonofarm-mini","status":"publish","type":"product","link":"https:\/\/viisona.com\/fr\/product\/batterie-pour-4vet-mini-iscan-prestige-sonofarm-mini\/","title":{"rendered":"Batterie pour 4Vet Mini, iScan Prestige et SonoFarm Mini"},"content":{"rendered":"","protected":false},"excerpt":{"rendered":"<p>Batterie Li-Ion pour \u00e9chographe, capacit\u00e9 3,1 Ah.<\/p>\n","protected":false},"featured_media":5531,"template":"","meta":{"_acf_changed":false,"inline_featured_image":false},"product_cat":[542,544,574],"product_tag":[],"berocket_brand":[502],"class_list":{"0":"post-5884","1":"product","2":"type-product","3":"status-publish","4":"has-post-thumbnail","6":"product_cat-accessoires","7":"product_cat-packs-de-batteries","8":"product_cat-ultrasons-portables-et-accessoires","9":"pa_species-chevres","10":"pa_species-moutons","11":"pa_species-porcs","12":"berocket_brand-draminski-fr","14":"first","15":"instock","16":"taxable","17":"shipping-taxable","18":"purchasable","19":"product-type-simple"},"acf":[],"yoast_head":"<!-- This site is optimized with the Yoast SEO plugin v26.8 - https:\/\/yoast.com\/product\/yoast-seo-wordpress\/ -->\n<title>Draminski Batterie pour 4Vet Mini, iScan Prestige et SonoFarm Mini | ViiSona<\/title>\n<meta name=\"robots\" content=\"index, follow, max-snippet:-1, max-image-preview:large, max-video-preview:-1\" \/>\n<link rel=\"canonical\" href=\"https:\/\/viisona.com\/fr\/product\/batterie-pour-4vet-mini-iscan-prestige-sonofarm-mini\/\" \/>\n<meta property=\"og:locale\" content=\"fr_FR\" \/>\n<meta property=\"og:type\" content=\"article\" \/>\n<meta property=\"og:title\" content=\"Draminski Batterie pour 4Vet Mini, iScan Prestige et SonoFarm Mini | ViiSona\" \/>\n<meta property=\"og:description\" content=\"Batterie Li-Ion pour \u00e9chographe, capacit\u00e9 3,1 Ah.\" \/>\n<meta property=\"og:url\" content=\"https:\/\/viisona.com\/fr\/product\/batterie-pour-4vet-mini-iscan-prestige-sonofarm-mini\/\" \/>\n<meta property=\"og:site_name\" content=\"ViiSona\" \/>\n<meta property=\"article:modified_time\" content=\"2026-02-18T06:00:31+00:00\" \/>\n<meta property=\"og:image\" content=\"https:\/\/viisona.com\/wp-content\/uploads\/2024\/11\/USG-BAT-ISCAN.jpg\" \/>\n\t<meta property=\"og:image:width\" content=\"1920\" \/>\n\t<meta property=\"og:image:height\" content=\"1920\" \/>\n\t<meta property=\"og:image:type\" content=\"image\/jpeg\" \/>\n<meta name=\"twitter:card\" content=\"summary_large_image\" \/>\n<script type=\"application\/ld+json\" class=\"yoast-schema-graph\">{\"@context\":\"https:\/\/schema.org\",\"@graph\":[{\"@type\":\"WebPage\",\"@id\":\"https:\/\/viisona.com\/fr\/product\/batterie-pour-4vet-mini-iscan-prestige-sonofarm-mini\/\",\"url\":\"https:\/\/viisona.com\/fr\/product\/batterie-pour-4vet-mini-iscan-prestige-sonofarm-mini\/\",\"name\":\"Draminski Batterie pour 4Vet Mini, iScan Prestige et SonoFarm Mini | ViiSona\",\"isPartOf\":{\"@id\":\"https:\/\/viisona.com\/fr\/#website\"},\"primaryImageOfPage\":{\"@id\":\"https:\/\/viisona.com\/fr\/product\/batterie-pour-4vet-mini-iscan-prestige-sonofarm-mini\/#primaryimage\"},\"image\":{\"@id\":\"https:\/\/viisona.com\/fr\/product\/batterie-pour-4vet-mini-iscan-prestige-sonofarm-mini\/#primaryimage\"},\"thumbnailUrl\":\"https:\/\/viisona.com\/wp-content\/uploads\/2024\/11\/USG-BAT-ISCAN.jpg\",\"datePublished\":\"2024-11-25T00:59:55+00:00\",\"dateModified\":\"2026-02-18T06:00:31+00:00\",\"breadcrumb\":{\"@id\":\"https:\/\/viisona.com\/fr\/product\/batterie-pour-4vet-mini-iscan-prestige-sonofarm-mini\/#breadcrumb\"},\"inLanguage\":\"fr-FR\",\"potentialAction\":[{\"@type\":\"ReadAction\",\"target\":[\"https:\/\/viisona.com\/fr\/product\/batterie-pour-4vet-mini-iscan-prestige-sonofarm-mini\/\"]}]},{\"@type\":\"ImageObject\",\"inLanguage\":\"fr-FR\",\"@id\":\"https:\/\/viisona.com\/fr\/product\/batterie-pour-4vet-mini-iscan-prestige-sonofarm-mini\/#primaryimage\",\"url\":\"https:\/\/viisona.com\/wp-content\/uploads\/2024\/11\/USG-BAT-ISCAN.jpg\",\"contentUrl\":\"https:\/\/viisona.com\/wp-content\/uploads\/2024\/11\/USG-BAT-ISCAN.jpg\",\"width\":1920,\"height\":1920},{\"@type\":\"BreadcrumbList\",\"@id\":\"https:\/\/viisona.com\/fr\/product\/batterie-pour-4vet-mini-iscan-prestige-sonofarm-mini\/#breadcrumb\",\"itemListElement\":[{\"@type\":\"ListItem\",\"position\":1,\"name\":\"Home\",\"item\":\"https:\/\/viisona.com\/fr\/accueil\/\"},{\"@type\":\"ListItem\",\"position\":2,\"name\":\"Boutique\",\"item\":\"https:\/\/viisona.com\/fr\/boutique\/\"},{\"@type\":\"ListItem\",\"position\":3,\"name\":\"Batterie pour 4Vet Mini, iScan Prestige et SonoFarm Mini\"}]},{\"@type\":\"WebSite\",\"@id\":\"https:\/\/viisona.com\/fr\/#website\",\"url\":\"https:\/\/viisona.com\/fr\/\",\"name\":\"ViiSona\",\"description\":\"Am\u00e9liorer les r\u00e9sultats pour les agriculteurs et les s\u00e9lectionneurs dans les communaut\u00e9s agricoles et de s\u00e9lection.\",\"publisher\":{\"@id\":\"https:\/\/viisona.com\/fr\/#organization\"},\"potentialAction\":[{\"@type\":\"SearchAction\",\"target\":{\"@type\":\"EntryPoint\",\"urlTemplate\":\"https:\/\/viisona.com\/fr\/?s={search_term_string}\"},\"query-input\":{\"@type\":\"PropertyValueSpecification\",\"valueRequired\":true,\"valueName\":\"search_term_string\"}}],\"inLanguage\":\"fr-FR\"},{\"@type\":\"Organization\",\"@id\":\"https:\/\/viisona.com\/fr\/#organization\",\"name\":\"ViiSona\",\"url\":\"https:\/\/viisona.com\/fr\/\",\"logo\":{\"@type\":\"ImageObject\",\"inLanguage\":\"fr-FR\",\"@id\":\"https:\/\/viisona.com\/fr\/#\/schema\/logo\/image\/\",\"url\":\"https:\/\/viisona.com\/wp-content\/uploads\/2020\/08\/viisona_1_FULLY_RASTERED.png\",\"contentUrl\":\"https:\/\/viisona.com\/wp-content\/uploads\/2020\/08\/viisona_1_FULLY_RASTERED.png\",\"width\":1080,\"height\":307,\"caption\":\"ViiSona\"},\"image\":{\"@id\":\"https:\/\/viisona.com\/fr\/#\/schema\/logo\/image\/\"}}]}<\/script>\n<!-- \/ Yoast SEO plugin. -->","yoast_head_json":{"title":"Draminski Batterie pour 4Vet Mini, iScan Prestige et SonoFarm Mini | ViiSona","robots":{"index":"index","follow":"follow","max-snippet":"max-snippet:-1","max-image-preview":"max-image-preview:large","max-video-preview":"max-video-preview:-1"},"canonical":"https:\/\/viisona.com\/fr\/product\/batterie-pour-4vet-mini-iscan-prestige-sonofarm-mini\/","og_locale":"fr_FR","og_type":"article","og_title":"Draminski Batterie pour 4Vet Mini, iScan Prestige et SonoFarm Mini | ViiSona","og_description":"Batterie Li-Ion pour \u00e9chographe, capacit\u00e9 3,1 Ah.","og_url":"https:\/\/viisona.com\/fr\/product\/batterie-pour-4vet-mini-iscan-prestige-sonofarm-mini\/","og_site_name":"ViiSona","article_modified_time":"2026-02-18T06:00:31+00:00","og_image":[{"width":1920,"height":1920,"url":"https:\/\/viisona.com\/wp-content\/uploads\/2024\/11\/USG-BAT-ISCAN.jpg","type":"image\/jpeg"}],"twitter_card":"summary_large_image","schema":{"@context":"https:\/\/schema.org","@graph":[{"@type":"WebPage","@id":"https:\/\/viisona.com\/fr\/product\/batterie-pour-4vet-mini-iscan-prestige-sonofarm-mini\/","url":"https:\/\/viisona.com\/fr\/product\/batterie-pour-4vet-mini-iscan-prestige-sonofarm-mini\/","name":"Draminski Batterie pour 4Vet Mini, iScan Prestige et SonoFarm Mini | ViiSona","isPartOf":{"@id":"https:\/\/viisona.com\/fr\/#website"},"primaryImageOfPage":{"@id":"https:\/\/viisona.com\/fr\/product\/batterie-pour-4vet-mini-iscan-prestige-sonofarm-mini\/#primaryimage"},"image":{"@id":"https:\/\/viisona.com\/fr\/product\/batterie-pour-4vet-mini-iscan-prestige-sonofarm-mini\/#primaryimage"},"thumbnailUrl":"https:\/\/viisona.com\/wp-content\/uploads\/2024\/11\/USG-BAT-ISCAN.jpg","datePublished":"2024-11-25T00:59:55+00:00","dateModified":"2026-02-18T06:00:31+00:00","breadcrumb":{"@id":"https:\/\/viisona.com\/fr\/product\/batterie-pour-4vet-mini-iscan-prestige-sonofarm-mini\/#breadcrumb"},"inLanguage":"fr-FR","potentialAction":[{"@type":"ReadAction","target":["https:\/\/viisona.com\/fr\/product\/batterie-pour-4vet-mini-iscan-prestige-sonofarm-mini\/"]}]},{"@type":"ImageObject","inLanguage":"fr-FR","@id":"https:\/\/viisona.com\/fr\/product\/batterie-pour-4vet-mini-iscan-prestige-sonofarm-mini\/#primaryimage","url":"https:\/\/viisona.com\/wp-content\/uploads\/2024\/11\/USG-BAT-ISCAN.jpg","contentUrl":"https:\/\/viisona.com\/wp-content\/uploads\/2024\/11\/USG-BAT-ISCAN.jpg","width":1920,"height":1920},{"@type":"BreadcrumbList","@id":"https:\/\/viisona.com\/fr\/product\/batterie-pour-4vet-mini-iscan-prestige-sonofarm-mini\/#breadcrumb","itemListElement":[{"@type":"ListItem","position":1,"name":"Home","item":"https:\/\/viisona.com\/fr\/accueil\/"},{"@type":"ListItem","position":2,"name":"Boutique","item":"https:\/\/viisona.com\/fr\/boutique\/"},{"@type":"ListItem","position":3,"name":"Batterie pour 4Vet Mini, iScan Prestige et SonoFarm Mini"}]},{"@type":"WebSite","@id":"https:\/\/viisona.com\/fr\/#website","url":"https:\/\/viisona.com\/fr\/","name":"ViiSona","description":"Am\u00e9liorer les r\u00e9sultats pour les agriculteurs et les s\u00e9lectionneurs dans les communaut\u00e9s agricoles et de s\u00e9lection.","publisher":{"@id":"https:\/\/viisona.com\/fr\/#organization"},"potentialAction":[{"@type":"SearchAction","target":{"@type":"EntryPoint","urlTemplate":"https:\/\/viisona.com\/fr\/?s={search_term_string}"},"query-input":{"@type":"PropertyValueSpecification","valueRequired":true,"valueName":"search_term_string"}}],"inLanguage":"fr-FR"},{"@type":"Organization","@id":"https:\/\/viisona.com\/fr\/#organization","name":"ViiSona","url":"https:\/\/viisona.com\/fr\/","logo":{"@type":"ImageObject","inLanguage":"fr-FR","@id":"https:\/\/viisona.com\/fr\/#\/schema\/logo\/image\/","url":"https:\/\/viisona.com\/wp-content\/uploads\/2020\/08\/viisona_1_FULLY_RASTERED.png","contentUrl":"https:\/\/viisona.com\/wp-content\/uploads\/2020\/08\/viisona_1_FULLY_RASTERED.png","width":1080,"height":307,"caption":"ViiSona"},"image":{"@id":"https:\/\/viisona.com\/fr\/#\/schema\/logo\/image\/"}}]}},"jetpack_sharing_enabled":true,"_links":{"self":[{"href":"https:\/\/viisona.com\/fr\/wp-json\/wp\/v2\/product\/5884","targetHints":{"allow":["GET"]}}],"collection":[{"href":"https:\/\/viisona.com\/fr\/wp-json\/wp\/v2\/product"}],"about":[{"href":"https:\/\/viisona.com\/fr\/wp-json\/wp\/v2\/types\/product"}],"wp:featuredmedia":[{"embeddable":true,"href":"https:\/\/viisona.com\/fr\/wp-json\/wp\/v2\/media\/5531"}],"wp:attachment":[{"href":"https:\/\/viisona.com\/fr\/wp-json\/wp\/v2\/media?parent=5884"}],"wp:term":[{"taxonomy":"product_cat","embeddable":true,"href":"https:\/\/viisona.com\/fr\/wp-json\/wp\/v2\/product_cat?post=5884"},{"taxonomy":"product_tag","embeddable":true,"href":"https:\/\/viisona.com\/fr\/wp-json\/wp\/v2\/product_tag?post=5884"},{"taxonomy":"berocket_brand","embeddable":true,"href":"https:\/\/viisona.com\/fr\/wp-json\/wp\/v2\/berocket_brand?post=5884"}],"curies":[{"name":"wp","href":"https:\/\/api.w.org\/{rel}","templated":true}]}}