{"id":5882,"date":"2024-11-28T05:38:39","date_gmt":"2024-11-28T05:38:39","guid":{"rendered":"https:\/\/viisona.com\/product\/adaptateur-pour-casque-ibex-easi-scan-e-s\/"},"modified":"2024-11-28T05:38:39","modified_gmt":"2024-11-28T05:38:39","slug":"adaptateur-pour-casque-ibex-easi-scan-e-s","status":"publish","type":"product","link":"https:\/\/viisona.com\/fr\/product\/adaptateur-pour-casque-ibex-easi-scan-e-s\/","title":{"rendered":"Adaptateur pour casque iBex Easi-Scan &#8211; E\/S"},"content":{"rendered":"","protected":false},"excerpt":{"rendered":"<p><span data-sheets-value=\"{\"1\":2,\"2\":\"Adapter to pair EI M Video Goggles with Easi-Scan Ultrasound E\/S3\"}\" data-sheets-userformat=\"{\"2\":14465,\"3\":{\"1\":0,\"3\":1},\"10\":1,\"14\":{\"1\":3,\"3\":1},\"15\":\"Calibri\",\"16\":11}\">Adaptateur pour jumeler les lunettes vid\u00e9o EI M avec Easi-Scan Ultrasound E\/S<\/span><\/p>\n","protected":false},"featured_media":0,"template":"","meta":{"_acf_changed":false,"inline_featured_image":false},"product_cat":[542],"product_tag":[],"berocket_brand":[446],"class_list":{"0":"post-5882","1":"product","2":"type-product","3":"status-publish","5":"product_cat-accessoires","6":"pa_species-bovins-de-boucherie","7":"pa_species-bovins-laitiers","8":"berocket_brand-ibex-fr","10":"first","11":"instock","12":"taxable","13":"shipping-taxable","14":"purchasable","15":"product-type-simple"},"acf":[],"yoast_head":"<!-- This site is optimized with the Yoast SEO plugin v26.8 - https:\/\/yoast.com\/product\/yoast-seo-wordpress\/ -->\n<title>iBex Adaptateur pour casque iBex Easi-Scan - E\/S | ViiSona<\/title>\n<meta name=\"robots\" content=\"index, follow, max-snippet:-1, max-image-preview:large, max-video-preview:-1\" \/>\n<link rel=\"canonical\" href=\"https:\/\/viisona.com\/fr\/product\/adaptateur-pour-casque-ibex-easi-scan-e-s\/\" \/>\n<meta property=\"og:locale\" content=\"fr_FR\" \/>\n<meta property=\"og:type\" content=\"article\" \/>\n<meta property=\"og:title\" content=\"iBex Adaptateur pour casque iBex Easi-Scan - E\/S | ViiSona\" \/>\n<meta property=\"og:description\" content=\"Adaptateur pour jumeler les lunettes vid\u00e9o EI M avec Easi-Scan Ultrasound E\/S\" \/>\n<meta property=\"og:url\" content=\"https:\/\/viisona.com\/fr\/product\/adaptateur-pour-casque-ibex-easi-scan-e-s\/\" \/>\n<meta property=\"og:site_name\" content=\"ViiSona\" \/>\n<meta name=\"twitter:card\" content=\"summary_large_image\" \/>\n<script type=\"application\/ld+json\" class=\"yoast-schema-graph\">{\"@context\":\"https:\/\/schema.org\",\"@graph\":[{\"@type\":\"WebPage\",\"@id\":\"https:\/\/viisona.com\/fr\/product\/adaptateur-pour-casque-ibex-easi-scan-e-s\/\",\"url\":\"https:\/\/viisona.com\/fr\/product\/adaptateur-pour-casque-ibex-easi-scan-e-s\/\",\"name\":\"iBex Adaptateur pour casque iBex Easi-Scan - E\/S | ViiSona\",\"isPartOf\":{\"@id\":\"https:\/\/viisona.com\/fr\/#website\"},\"datePublished\":\"2024-11-28T05:38:39+00:00\",\"breadcrumb\":{\"@id\":\"https:\/\/viisona.com\/fr\/product\/adaptateur-pour-casque-ibex-easi-scan-e-s\/#breadcrumb\"},\"inLanguage\":\"fr-FR\",\"potentialAction\":[{\"@type\":\"ReadAction\",\"target\":[\"https:\/\/viisona.com\/fr\/product\/adaptateur-pour-casque-ibex-easi-scan-e-s\/\"]}]},{\"@type\":\"BreadcrumbList\",\"@id\":\"https:\/\/viisona.com\/fr\/product\/adaptateur-pour-casque-ibex-easi-scan-e-s\/#breadcrumb\",\"itemListElement\":[{\"@type\":\"ListItem\",\"position\":1,\"name\":\"Home\",\"item\":\"https:\/\/viisona.com\/fr\/accueil\/\"},{\"@type\":\"ListItem\",\"position\":2,\"name\":\"Boutique\",\"item\":\"https:\/\/viisona.com\/fr\/boutique\/\"},{\"@type\":\"ListItem\",\"position\":3,\"name\":\"Adaptateur pour casque iBex Easi-Scan &#8211; E\/S\"}]},{\"@type\":\"WebSite\",\"@id\":\"https:\/\/viisona.com\/fr\/#website\",\"url\":\"https:\/\/viisona.com\/fr\/\",\"name\":\"ViiSona\",\"description\":\"Am\u00e9liorer les r\u00e9sultats pour les agriculteurs et les s\u00e9lectionneurs dans les communaut\u00e9s agricoles et de s\u00e9lection.\",\"publisher\":{\"@id\":\"https:\/\/viisona.com\/fr\/#organization\"},\"potentialAction\":[{\"@type\":\"SearchAction\",\"target\":{\"@type\":\"EntryPoint\",\"urlTemplate\":\"https:\/\/viisona.com\/fr\/?s={search_term_string}\"},\"query-input\":{\"@type\":\"PropertyValueSpecification\",\"valueRequired\":true,\"valueName\":\"search_term_string\"}}],\"inLanguage\":\"fr-FR\"},{\"@type\":\"Organization\",\"@id\":\"https:\/\/viisona.com\/fr\/#organization\",\"name\":\"ViiSona\",\"url\":\"https:\/\/viisona.com\/fr\/\",\"logo\":{\"@type\":\"ImageObject\",\"inLanguage\":\"fr-FR\",\"@id\":\"https:\/\/viisona.com\/fr\/#\/schema\/logo\/image\/\",\"url\":\"https:\/\/viisona.com\/wp-content\/uploads\/2020\/08\/viisona_1_FULLY_RASTERED.png\",\"contentUrl\":\"https:\/\/viisona.com\/wp-content\/uploads\/2020\/08\/viisona_1_FULLY_RASTERED.png\",\"width\":1080,\"height\":307,\"caption\":\"ViiSona\"},\"image\":{\"@id\":\"https:\/\/viisona.com\/fr\/#\/schema\/logo\/image\/\"}}]}<\/script>\n<!-- \/ Yoast SEO plugin. -->","yoast_head_json":{"title":"iBex Adaptateur pour casque iBex Easi-Scan - E\/S | ViiSona","robots":{"index":"index","follow":"follow","max-snippet":"max-snippet:-1","max-image-preview":"max-image-preview:large","max-video-preview":"max-video-preview:-1"},"canonical":"https:\/\/viisona.com\/fr\/product\/adaptateur-pour-casque-ibex-easi-scan-e-s\/","og_locale":"fr_FR","og_type":"article","og_title":"iBex Adaptateur pour casque iBex Easi-Scan - E\/S | ViiSona","og_description":"Adaptateur pour jumeler les lunettes vid\u00e9o EI M avec Easi-Scan Ultrasound E\/S","og_url":"https:\/\/viisona.com\/fr\/product\/adaptateur-pour-casque-ibex-easi-scan-e-s\/","og_site_name":"ViiSona","twitter_card":"summary_large_image","schema":{"@context":"https:\/\/schema.org","@graph":[{"@type":"WebPage","@id":"https:\/\/viisona.com\/fr\/product\/adaptateur-pour-casque-ibex-easi-scan-e-s\/","url":"https:\/\/viisona.com\/fr\/product\/adaptateur-pour-casque-ibex-easi-scan-e-s\/","name":"iBex Adaptateur pour casque iBex Easi-Scan - E\/S | ViiSona","isPartOf":{"@id":"https:\/\/viisona.com\/fr\/#website"},"datePublished":"2024-11-28T05:38:39+00:00","breadcrumb":{"@id":"https:\/\/viisona.com\/fr\/product\/adaptateur-pour-casque-ibex-easi-scan-e-s\/#breadcrumb"},"inLanguage":"fr-FR","potentialAction":[{"@type":"ReadAction","target":["https:\/\/viisona.com\/fr\/product\/adaptateur-pour-casque-ibex-easi-scan-e-s\/"]}]},{"@type":"BreadcrumbList","@id":"https:\/\/viisona.com\/fr\/product\/adaptateur-pour-casque-ibex-easi-scan-e-s\/#breadcrumb","itemListElement":[{"@type":"ListItem","position":1,"name":"Home","item":"https:\/\/viisona.com\/fr\/accueil\/"},{"@type":"ListItem","position":2,"name":"Boutique","item":"https:\/\/viisona.com\/fr\/boutique\/"},{"@type":"ListItem","position":3,"name":"Adaptateur pour casque iBex Easi-Scan &#8211; E\/S"}]},{"@type":"WebSite","@id":"https:\/\/viisona.com\/fr\/#website","url":"https:\/\/viisona.com\/fr\/","name":"ViiSona","description":"Am\u00e9liorer les r\u00e9sultats pour les agriculteurs et les s\u00e9lectionneurs dans les communaut\u00e9s agricoles et de s\u00e9lection.","publisher":{"@id":"https:\/\/viisona.com\/fr\/#organization"},"potentialAction":[{"@type":"SearchAction","target":{"@type":"EntryPoint","urlTemplate":"https:\/\/viisona.com\/fr\/?s={search_term_string}"},"query-input":{"@type":"PropertyValueSpecification","valueRequired":true,"valueName":"search_term_string"}}],"inLanguage":"fr-FR"},{"@type":"Organization","@id":"https:\/\/viisona.com\/fr\/#organization","name":"ViiSona","url":"https:\/\/viisona.com\/fr\/","logo":{"@type":"ImageObject","inLanguage":"fr-FR","@id":"https:\/\/viisona.com\/fr\/#\/schema\/logo\/image\/","url":"https:\/\/viisona.com\/wp-content\/uploads\/2020\/08\/viisona_1_FULLY_RASTERED.png","contentUrl":"https:\/\/viisona.com\/wp-content\/uploads\/2020\/08\/viisona_1_FULLY_RASTERED.png","width":1080,"height":307,"caption":"ViiSona"},"image":{"@id":"https:\/\/viisona.com\/fr\/#\/schema\/logo\/image\/"}}]}},"jetpack_sharing_enabled":true,"_links":{"self":[{"href":"https:\/\/viisona.com\/fr\/wp-json\/wp\/v2\/product\/5882","targetHints":{"allow":["GET"]}}],"collection":[{"href":"https:\/\/viisona.com\/fr\/wp-json\/wp\/v2\/product"}],"about":[{"href":"https:\/\/viisona.com\/fr\/wp-json\/wp\/v2\/types\/product"}],"wp:attachment":[{"href":"https:\/\/viisona.com\/fr\/wp-json\/wp\/v2\/media?parent=5882"}],"wp:term":[{"taxonomy":"product_cat","embeddable":true,"href":"https:\/\/viisona.com\/fr\/wp-json\/wp\/v2\/product_cat?post=5882"},{"taxonomy":"product_tag","embeddable":true,"href":"https:\/\/viisona.com\/fr\/wp-json\/wp\/v2\/product_tag?post=5882"},{"taxonomy":"berocket_brand","embeddable":true,"href":"https:\/\/viisona.com\/fr\/wp-json\/wp\/v2\/berocket_brand?post=5882"}],"curies":[{"name":"wp","href":"https:\/\/api.w.org\/{rel}","templated":true}]}}