{"id":5876,"date":"2025-01-09T04:58:29","date_gmt":"2025-01-09T04:58:29","guid":{"rendered":"https:\/\/viisona.com\/product\/draminski-probe-220-sonde-micro-convexe-sans-fil\/"},"modified":"2026-02-18T05:59:32","modified_gmt":"2026-02-18T05:59:32","slug":"draminski-probe-220-sonde-micro-convexe-sans-fil","status":"publish","type":"product","link":"https:\/\/viisona.com\/fr\/product\/draminski-probe-220-sonde-micro-convexe-sans-fil\/","title":{"rendered":"Sonde 220 &#8211; Sonde micro-convexe sans fil"},"content":{"rendered":"","protected":false},"excerpt":{"rendered":"<p>Draminski ASUS Wireless Micro-Convex Probe &#8211; Sonde abdominale micro-convexe<\/p>\n<p>Avec les sondes sans fil ASUS, vous compl\u00e9terez l&#8217;examen clinique avec les informations de l&#8217;\u00e9chographie en un clin d&#8217;\u0153il. La connexion rapide de la sonde \u00e0 votre t\u00e9l\u00e9phone, la fluidit\u00e9 de la transmission et la haute qualit\u00e9 de l&#8217;image vous permettent de r\u00e9aliser l&#8217;examen en toutes circonstances. Vous pouvez facilement partager les images enregistr\u00e9es et les boucles Cine pour consultation ou les joindre \u00e0 votre documentation.<\/p>\n","protected":false},"featured_media":5615,"template":"","meta":{"_acf_changed":false,"inline_featured_image":false},"product_cat":[542,501],"product_tag":[],"berocket_brand":[502],"class_list":{"0":"post-5876","1":"product","2":"type-product","3":"status-publish","4":"has-post-thumbnail","6":"product_cat-accessoires","7":"product_cat-sondes","8":"pa_applications-abdominal-fr","9":"pa_applications-diagnostic-de-base-des-petits-animaux","10":"pa_applications-examens-de-structure-superficielle","11":"pa_applications-urologie","12":"pa_applications-uterus-fr","13":"pa_species-animaux-exotiques","14":"pa_species-chevres","15":"pa_species-petits-animaux","16":"berocket_brand-draminski-fr","18":"first","19":"instock","20":"taxable","21":"shipping-taxable","22":"purchasable","23":"product-type-simple"},"acf":[],"yoast_head":"<!-- This site is optimized with the Yoast SEO plugin v26.8 - https:\/\/yoast.com\/product\/yoast-seo-wordpress\/ -->\n<title>Draminski Sonde 220 - Sonde micro-convexe sans fil | ViiSona<\/title>\n<meta name=\"robots\" content=\"index, follow, max-snippet:-1, max-image-preview:large, max-video-preview:-1\" \/>\n<link rel=\"canonical\" href=\"https:\/\/viisona.com\/fr\/product\/draminski-probe-220-sonde-micro-convexe-sans-fil\/\" \/>\n<meta property=\"og:locale\" content=\"fr_FR\" \/>\n<meta property=\"og:type\" content=\"article\" \/>\n<meta property=\"og:title\" content=\"Draminski Sonde 220 - Sonde micro-convexe sans fil | ViiSona\" \/>\n<meta property=\"og:description\" content=\"Draminski ASUS Wireless Micro-Convex Probe - Sonde abdominale micro-convexe Avec les sondes sans fil ASUS, vous compl\u00e9terez l&#039;examen clinique avec les informations de l&#039;\u00e9chographie en un clin d&#039;\u0153il. La connexion rapide de la sonde \u00e0 votre t\u00e9l\u00e9phone, la fluidit\u00e9 de la transmission et la haute qualit\u00e9 de l&#039;image vous permettent de r\u00e9aliser l&#039;examen en toutes circonstances. Vous pouvez facilement partager les images enregistr\u00e9es et les boucles Cine pour consultation ou les joindre \u00e0 votre documentation.\" \/>\n<meta property=\"og:url\" content=\"https:\/\/viisona.com\/fr\/product\/draminski-probe-220-sonde-micro-convexe-sans-fil\/\" \/>\n<meta property=\"og:site_name\" content=\"ViiSona\" \/>\n<meta property=\"article:modified_time\" content=\"2026-02-18T05:59:32+00:00\" \/>\n<meta property=\"og:image\" content=\"https:\/\/viisona.com\/wp-content\/uploads\/2025\/01\/3-ASUS-weterynaryjna-sonda-bezprzewodowa-LU710M-Vet-Mikrokonweks-1.jpg\" \/>\n\t<meta property=\"og:image:width\" content=\"1920\" \/>\n\t<meta property=\"og:image:height\" content=\"1920\" \/>\n\t<meta property=\"og:image:type\" content=\"image\/jpeg\" \/>\n<meta name=\"twitter:card\" content=\"summary_large_image\" \/>\n<script type=\"application\/ld+json\" class=\"yoast-schema-graph\">{\"@context\":\"https:\/\/schema.org\",\"@graph\":[{\"@type\":\"WebPage\",\"@id\":\"https:\/\/viisona.com\/fr\/product\/draminski-probe-220-sonde-micro-convexe-sans-fil\/\",\"url\":\"https:\/\/viisona.com\/fr\/product\/draminski-probe-220-sonde-micro-convexe-sans-fil\/\",\"name\":\"Draminski Sonde 220 - Sonde micro-convexe sans fil | ViiSona\",\"isPartOf\":{\"@id\":\"https:\/\/viisona.com\/fr\/#website\"},\"primaryImageOfPage\":{\"@id\":\"https:\/\/viisona.com\/fr\/product\/draminski-probe-220-sonde-micro-convexe-sans-fil\/#primaryimage\"},\"image\":{\"@id\":\"https:\/\/viisona.com\/fr\/product\/draminski-probe-220-sonde-micro-convexe-sans-fil\/#primaryimage\"},\"thumbnailUrl\":\"https:\/\/viisona.com\/wp-content\/uploads\/2025\/01\/3-ASUS-weterynaryjna-sonda-bezprzewodowa-LU710M-Vet-Mikrokonweks-1.jpg\",\"datePublished\":\"2025-01-09T04:58:29+00:00\",\"dateModified\":\"2026-02-18T05:59:32+00:00\",\"breadcrumb\":{\"@id\":\"https:\/\/viisona.com\/fr\/product\/draminski-probe-220-sonde-micro-convexe-sans-fil\/#breadcrumb\"},\"inLanguage\":\"fr-FR\",\"potentialAction\":[{\"@type\":\"ReadAction\",\"target\":[\"https:\/\/viisona.com\/fr\/product\/draminski-probe-220-sonde-micro-convexe-sans-fil\/\"]}]},{\"@type\":\"ImageObject\",\"inLanguage\":\"fr-FR\",\"@id\":\"https:\/\/viisona.com\/fr\/product\/draminski-probe-220-sonde-micro-convexe-sans-fil\/#primaryimage\",\"url\":\"https:\/\/viisona.com\/wp-content\/uploads\/2025\/01\/3-ASUS-weterynaryjna-sonda-bezprzewodowa-LU710M-Vet-Mikrokonweks-1.jpg\",\"contentUrl\":\"https:\/\/viisona.com\/wp-content\/uploads\/2025\/01\/3-ASUS-weterynaryjna-sonda-bezprzewodowa-LU710M-Vet-Mikrokonweks-1.jpg\",\"width\":1920,\"height\":1920},{\"@type\":\"BreadcrumbList\",\"@id\":\"https:\/\/viisona.com\/fr\/product\/draminski-probe-220-sonde-micro-convexe-sans-fil\/#breadcrumb\",\"itemListElement\":[{\"@type\":\"ListItem\",\"position\":1,\"name\":\"Home\",\"item\":\"https:\/\/viisona.com\/fr\/accueil\/\"},{\"@type\":\"ListItem\",\"position\":2,\"name\":\"Boutique\",\"item\":\"https:\/\/viisona.com\/fr\/boutique\/\"},{\"@type\":\"ListItem\",\"position\":3,\"name\":\"Sonde 220 &#8211; Sonde micro-convexe sans fil\"}]},{\"@type\":\"WebSite\",\"@id\":\"https:\/\/viisona.com\/fr\/#website\",\"url\":\"https:\/\/viisona.com\/fr\/\",\"name\":\"ViiSona\",\"description\":\"Am\u00e9liorer les r\u00e9sultats pour les agriculteurs et les s\u00e9lectionneurs dans les communaut\u00e9s agricoles et de s\u00e9lection.\",\"publisher\":{\"@id\":\"https:\/\/viisona.com\/fr\/#organization\"},\"potentialAction\":[{\"@type\":\"SearchAction\",\"target\":{\"@type\":\"EntryPoint\",\"urlTemplate\":\"https:\/\/viisona.com\/fr\/?s={search_term_string}\"},\"query-input\":{\"@type\":\"PropertyValueSpecification\",\"valueRequired\":true,\"valueName\":\"search_term_string\"}}],\"inLanguage\":\"fr-FR\"},{\"@type\":\"Organization\",\"@id\":\"https:\/\/viisona.com\/fr\/#organization\",\"name\":\"ViiSona\",\"url\":\"https:\/\/viisona.com\/fr\/\",\"logo\":{\"@type\":\"ImageObject\",\"inLanguage\":\"fr-FR\",\"@id\":\"https:\/\/viisona.com\/fr\/#\/schema\/logo\/image\/\",\"url\":\"https:\/\/viisona.com\/wp-content\/uploads\/2020\/08\/viisona_1_FULLY_RASTERED.png\",\"contentUrl\":\"https:\/\/viisona.com\/wp-content\/uploads\/2020\/08\/viisona_1_FULLY_RASTERED.png\",\"width\":1080,\"height\":307,\"caption\":\"ViiSona\"},\"image\":{\"@id\":\"https:\/\/viisona.com\/fr\/#\/schema\/logo\/image\/\"}}]}<\/script>\n<!-- \/ Yoast SEO plugin. -->","yoast_head_json":{"title":"Draminski Sonde 220 - Sonde micro-convexe sans fil | ViiSona","robots":{"index":"index","follow":"follow","max-snippet":"max-snippet:-1","max-image-preview":"max-image-preview:large","max-video-preview":"max-video-preview:-1"},"canonical":"https:\/\/viisona.com\/fr\/product\/draminski-probe-220-sonde-micro-convexe-sans-fil\/","og_locale":"fr_FR","og_type":"article","og_title":"Draminski Sonde 220 - Sonde micro-convexe sans fil | ViiSona","og_description":"Draminski ASUS Wireless Micro-Convex Probe - Sonde abdominale micro-convexe Avec les sondes sans fil ASUS, vous compl\u00e9terez l'examen clinique avec les informations de l'\u00e9chographie en un clin d'\u0153il. La connexion rapide de la sonde \u00e0 votre t\u00e9l\u00e9phone, la fluidit\u00e9 de la transmission et la haute qualit\u00e9 de l'image vous permettent de r\u00e9aliser l'examen en toutes circonstances. Vous pouvez facilement partager les images enregistr\u00e9es et les boucles Cine pour consultation ou les joindre \u00e0 votre documentation.","og_url":"https:\/\/viisona.com\/fr\/product\/draminski-probe-220-sonde-micro-convexe-sans-fil\/","og_site_name":"ViiSona","article_modified_time":"2026-02-18T05:59:32+00:00","og_image":[{"width":1920,"height":1920,"url":"https:\/\/viisona.com\/wp-content\/uploads\/2025\/01\/3-ASUS-weterynaryjna-sonda-bezprzewodowa-LU710M-Vet-Mikrokonweks-1.jpg","type":"image\/jpeg"}],"twitter_card":"summary_large_image","schema":{"@context":"https:\/\/schema.org","@graph":[{"@type":"WebPage","@id":"https:\/\/viisona.com\/fr\/product\/draminski-probe-220-sonde-micro-convexe-sans-fil\/","url":"https:\/\/viisona.com\/fr\/product\/draminski-probe-220-sonde-micro-convexe-sans-fil\/","name":"Draminski Sonde 220 - Sonde micro-convexe sans fil | ViiSona","isPartOf":{"@id":"https:\/\/viisona.com\/fr\/#website"},"primaryImageOfPage":{"@id":"https:\/\/viisona.com\/fr\/product\/draminski-probe-220-sonde-micro-convexe-sans-fil\/#primaryimage"},"image":{"@id":"https:\/\/viisona.com\/fr\/product\/draminski-probe-220-sonde-micro-convexe-sans-fil\/#primaryimage"},"thumbnailUrl":"https:\/\/viisona.com\/wp-content\/uploads\/2025\/01\/3-ASUS-weterynaryjna-sonda-bezprzewodowa-LU710M-Vet-Mikrokonweks-1.jpg","datePublished":"2025-01-09T04:58:29+00:00","dateModified":"2026-02-18T05:59:32+00:00","breadcrumb":{"@id":"https:\/\/viisona.com\/fr\/product\/draminski-probe-220-sonde-micro-convexe-sans-fil\/#breadcrumb"},"inLanguage":"fr-FR","potentialAction":[{"@type":"ReadAction","target":["https:\/\/viisona.com\/fr\/product\/draminski-probe-220-sonde-micro-convexe-sans-fil\/"]}]},{"@type":"ImageObject","inLanguage":"fr-FR","@id":"https:\/\/viisona.com\/fr\/product\/draminski-probe-220-sonde-micro-convexe-sans-fil\/#primaryimage","url":"https:\/\/viisona.com\/wp-content\/uploads\/2025\/01\/3-ASUS-weterynaryjna-sonda-bezprzewodowa-LU710M-Vet-Mikrokonweks-1.jpg","contentUrl":"https:\/\/viisona.com\/wp-content\/uploads\/2025\/01\/3-ASUS-weterynaryjna-sonda-bezprzewodowa-LU710M-Vet-Mikrokonweks-1.jpg","width":1920,"height":1920},{"@type":"BreadcrumbList","@id":"https:\/\/viisona.com\/fr\/product\/draminski-probe-220-sonde-micro-convexe-sans-fil\/#breadcrumb","itemListElement":[{"@type":"ListItem","position":1,"name":"Home","item":"https:\/\/viisona.com\/fr\/accueil\/"},{"@type":"ListItem","position":2,"name":"Boutique","item":"https:\/\/viisona.com\/fr\/boutique\/"},{"@type":"ListItem","position":3,"name":"Sonde 220 &#8211; Sonde micro-convexe sans fil"}]},{"@type":"WebSite","@id":"https:\/\/viisona.com\/fr\/#website","url":"https:\/\/viisona.com\/fr\/","name":"ViiSona","description":"Am\u00e9liorer les r\u00e9sultats pour les agriculteurs et les s\u00e9lectionneurs dans les communaut\u00e9s agricoles et de s\u00e9lection.","publisher":{"@id":"https:\/\/viisona.com\/fr\/#organization"},"potentialAction":[{"@type":"SearchAction","target":{"@type":"EntryPoint","urlTemplate":"https:\/\/viisona.com\/fr\/?s={search_term_string}"},"query-input":{"@type":"PropertyValueSpecification","valueRequired":true,"valueName":"search_term_string"}}],"inLanguage":"fr-FR"},{"@type":"Organization","@id":"https:\/\/viisona.com\/fr\/#organization","name":"ViiSona","url":"https:\/\/viisona.com\/fr\/","logo":{"@type":"ImageObject","inLanguage":"fr-FR","@id":"https:\/\/viisona.com\/fr\/#\/schema\/logo\/image\/","url":"https:\/\/viisona.com\/wp-content\/uploads\/2020\/08\/viisona_1_FULLY_RASTERED.png","contentUrl":"https:\/\/viisona.com\/wp-content\/uploads\/2020\/08\/viisona_1_FULLY_RASTERED.png","width":1080,"height":307,"caption":"ViiSona"},"image":{"@id":"https:\/\/viisona.com\/fr\/#\/schema\/logo\/image\/"}}]}},"jetpack_sharing_enabled":true,"_links":{"self":[{"href":"https:\/\/viisona.com\/fr\/wp-json\/wp\/v2\/product\/5876","targetHints":{"allow":["GET"]}}],"collection":[{"href":"https:\/\/viisona.com\/fr\/wp-json\/wp\/v2\/product"}],"about":[{"href":"https:\/\/viisona.com\/fr\/wp-json\/wp\/v2\/types\/product"}],"wp:featuredmedia":[{"embeddable":true,"href":"https:\/\/viisona.com\/fr\/wp-json\/wp\/v2\/media\/5615"}],"wp:attachment":[{"href":"https:\/\/viisona.com\/fr\/wp-json\/wp\/v2\/media?parent=5876"}],"wp:term":[{"taxonomy":"product_cat","embeddable":true,"href":"https:\/\/viisona.com\/fr\/wp-json\/wp\/v2\/product_cat?post=5876"},{"taxonomy":"product_tag","embeddable":true,"href":"https:\/\/viisona.com\/fr\/wp-json\/wp\/v2\/product_tag?post=5876"},{"taxonomy":"berocket_brand","embeddable":true,"href":"https:\/\/viisona.com\/fr\/wp-json\/wp\/v2\/berocket_brand?post=5876"}],"curies":[{"name":"wp","href":"https:\/\/api.w.org\/{rel}","templated":true}]}}