{"id":5873,"date":"2025-01-09T22:46:51","date_gmt":"2025-01-09T22:46:51","guid":{"rendered":"https:\/\/viisona.com\/product\/echographie-draminski-iscan3\/"},"modified":"2026-02-18T06:03:22","modified_gmt":"2026-02-18T06:03:22","slug":"echographie-draminski-iscan3","status":"publish","type":"product","link":"https:\/\/viisona.com\/fr\/product\/echographie-draminski-iscan3\/","title":{"rendered":"\u00c9chographie portable iScan3"},"content":{"rendered":"<p>Le mode d&#8217;imagerie avec Doppler couleur permet de diagnostiquer l&#8217;activit\u00e9 du corps jaune 18-20 jours apr\u00e8s l&#8217;ins\u00e9mination. Cela permet d&#8217;identifier les vaches qui n&#8217;ont pas \u00e9t\u00e9 f\u00e9cond\u00e9es avant le prochain cycle \u0153stral. L&#8217;activation instantan\u00e9e et les r\u00e9glages optimis\u00e9s garantissent le confort de travail et la facilit\u00e9 d&#8217;utilisation.<\/p>\n<p>Le module WiFi int\u00e9gr\u00e9 permet le transfert sans fil des images \u00e9chographiques vers des tablettes, des t\u00e9l\u00e9phones et des lunettes iLens. Les propri\u00e9taires d&#8217;animaux ou les \u00e9tudiants peuvent voir l&#8217;image en direct \u00e0 une distance s\u00fbre, ce qui am\u00e9liore l&#8217;accessibilit\u00e9 et la commodit\u00e9.<\/p>\n<p>Les fonctions les plus importantes sont accessibles \u00e0 partir du clavier. Des raccourcis clavier d\u00e9di\u00e9s acc\u00e9l\u00e8rent le travail, les mesures les plus r\u00e9cemment utilis\u00e9es \u00e9tant d\u00e9finies par d\u00e9faut. Vous pouvez \u00e9galement personnaliser les descriptions en fonction de vos pr\u00e9f\u00e9rences.<\/p>\n<p>Pour votre confort, nous avons int\u00e9gr\u00e9 un grand \u00e9cran LCD de 7 pouces avec de larges angles de vision. Nous comprenons que vous travaillez souvent dans des conditions difficiles, c&#8217;est pourquoi nous avons renforc\u00e9 l&#8217;\u00e9cran pour augmenter sa r\u00e9sistance aux dommages.<\/p>\n","protected":false},"excerpt":{"rendered":"<p>L&#8217;\u00e9chographe iScan 3 est con\u00e7u pour le diagnostic animal, principalement pour le b\u00e9tail. Il est utilis\u00e9 pour examiner le syst\u00e8me reproducteur, les poumons, les composants de l&#8217;appareil digestif, etc.<\/p>\n","protected":false},"featured_media":5639,"template":"","meta":{"_acf_changed":false,"inline_featured_image":false},"product_cat":[484,574,483],"product_tag":[],"berocket_brand":[502],"class_list":{"0":"post-5873","1":"product","2":"type-product","3":"status-publish","4":"has-post-thumbnail","6":"product_cat-echographie-veterinaire-portable","7":"product_cat-ultrasons-portables-et-accessoires","8":"product_cat-veterinaires","9":"pa_applications-abdominal-fr","10":"pa_applications-carcas-merit-fr","11":"pa_applications-doppler-ovarien","12":"pa_applications-follicules","13":"pa_applications-grossesse","14":"pa_applications-mesures-du-gras-dorsal","15":"pa_applications-pis","16":"pa_applications-poumons","17":"pa_applications-ramassage-de-lovule","18":"pa_applications-reproduction-fr","19":"pa_applications-testicules","20":"pa_applications-transfert-dembryons","21":"pa_applications-uterus-fr","22":"pa_species-animaux-exotiques","23":"pa_species-bovins-de-boucherie","24":"pa_species-bovins-laitiers","25":"pa_species-chevaux","26":"pa_species-chevres","27":"pa_species-moutons","28":"pa_species-porcs","29":"berocket_brand-draminski-fr","31":"first","32":"instock","33":"taxable","34":"shipping-taxable","35":"purchasable","36":"product-type-simple"},"acf":[],"yoast_head":"<!-- This site is optimized with the Yoast SEO plugin v26.8 - https:\/\/yoast.com\/product\/yoast-seo-wordpress\/ -->\n<title>Draminski \u00c9chographie portable iScan3 | ViiSona<\/title>\n<meta name=\"robots\" content=\"index, follow, max-snippet:-1, max-image-preview:large, max-video-preview:-1\" \/>\n<link rel=\"canonical\" href=\"https:\/\/viisona.com\/fr\/product\/echographie-draminski-iscan3\/\" \/>\n<meta property=\"og:locale\" content=\"fr_FR\" \/>\n<meta property=\"og:type\" content=\"article\" \/>\n<meta property=\"og:title\" content=\"Draminski \u00c9chographie portable iScan3 | ViiSona\" \/>\n<meta property=\"og:description\" content=\"L&#039;\u00e9chographe iScan 3 est con\u00e7u pour le diagnostic animal, principalement pour le b\u00e9tail. Il est utilis\u00e9 pour examiner le syst\u00e8me reproducteur, les poumons, les composants de l&#039;appareil digestif, etc.\" \/>\n<meta property=\"og:url\" content=\"https:\/\/viisona.com\/fr\/product\/echographie-draminski-iscan3\/\" \/>\n<meta property=\"og:site_name\" content=\"ViiSona\" \/>\n<meta property=\"article:modified_time\" content=\"2026-02-18T06:03:22+00:00\" \/>\n<meta property=\"og:image\" content=\"https:\/\/viisona.com\/wp-content\/uploads\/2025\/01\/01-iScan3-ultrasonograf-weterynaryjny-draminski-768x573-2.jpg\" \/>\n\t<meta property=\"og:image:width\" content=\"1000\" \/>\n\t<meta property=\"og:image:height\" content=\"1000\" \/>\n\t<meta property=\"og:image:type\" content=\"image\/jpeg\" \/>\n<meta name=\"twitter:card\" content=\"summary_large_image\" \/>\n<meta name=\"twitter:label1\" content=\"Dur\u00e9e de lecture estim\u00e9e\" \/>\n\t<meta name=\"twitter:data1\" content=\"1 minute\" \/>\n<script type=\"application\/ld+json\" class=\"yoast-schema-graph\">{\"@context\":\"https:\/\/schema.org\",\"@graph\":[{\"@type\":\"WebPage\",\"@id\":\"https:\/\/viisona.com\/fr\/product\/echographie-draminski-iscan3\/\",\"url\":\"https:\/\/viisona.com\/fr\/product\/echographie-draminski-iscan3\/\",\"name\":\"Draminski \u00c9chographie portable iScan3 | ViiSona\",\"isPartOf\":{\"@id\":\"https:\/\/viisona.com\/fr\/#website\"},\"primaryImageOfPage\":{\"@id\":\"https:\/\/viisona.com\/fr\/product\/echographie-draminski-iscan3\/#primaryimage\"},\"image\":{\"@id\":\"https:\/\/viisona.com\/fr\/product\/echographie-draminski-iscan3\/#primaryimage\"},\"thumbnailUrl\":\"https:\/\/viisona.com\/wp-content\/uploads\/2025\/01\/01-iScan3-ultrasonograf-weterynaryjny-draminski-768x573-2.jpg\",\"datePublished\":\"2025-01-09T22:46:51+00:00\",\"dateModified\":\"2026-02-18T06:03:22+00:00\",\"breadcrumb\":{\"@id\":\"https:\/\/viisona.com\/fr\/product\/echographie-draminski-iscan3\/#breadcrumb\"},\"inLanguage\":\"fr-FR\",\"potentialAction\":[{\"@type\":\"ReadAction\",\"target\":[\"https:\/\/viisona.com\/fr\/product\/echographie-draminski-iscan3\/\"]}]},{\"@type\":\"ImageObject\",\"inLanguage\":\"fr-FR\",\"@id\":\"https:\/\/viisona.com\/fr\/product\/echographie-draminski-iscan3\/#primaryimage\",\"url\":\"https:\/\/viisona.com\/wp-content\/uploads\/2025\/01\/01-iScan3-ultrasonograf-weterynaryjny-draminski-768x573-2.jpg\",\"contentUrl\":\"https:\/\/viisona.com\/wp-content\/uploads\/2025\/01\/01-iScan3-ultrasonograf-weterynaryjny-draminski-768x573-2.jpg\",\"width\":1000,\"height\":1000},{\"@type\":\"BreadcrumbList\",\"@id\":\"https:\/\/viisona.com\/fr\/product\/echographie-draminski-iscan3\/#breadcrumb\",\"itemListElement\":[{\"@type\":\"ListItem\",\"position\":1,\"name\":\"Home\",\"item\":\"https:\/\/viisona.com\/fr\/accueil\/\"},{\"@type\":\"ListItem\",\"position\":2,\"name\":\"Boutique\",\"item\":\"https:\/\/viisona.com\/fr\/boutique\/\"},{\"@type\":\"ListItem\",\"position\":3,\"name\":\"\u00c9chographie portable iScan3\"}]},{\"@type\":\"WebSite\",\"@id\":\"https:\/\/viisona.com\/fr\/#website\",\"url\":\"https:\/\/viisona.com\/fr\/\",\"name\":\"ViiSona\",\"description\":\"Am\u00e9liorer les r\u00e9sultats pour les agriculteurs et les s\u00e9lectionneurs dans les communaut\u00e9s agricoles et de s\u00e9lection.\",\"publisher\":{\"@id\":\"https:\/\/viisona.com\/fr\/#organization\"},\"potentialAction\":[{\"@type\":\"SearchAction\",\"target\":{\"@type\":\"EntryPoint\",\"urlTemplate\":\"https:\/\/viisona.com\/fr\/?s={search_term_string}\"},\"query-input\":{\"@type\":\"PropertyValueSpecification\",\"valueRequired\":true,\"valueName\":\"search_term_string\"}}],\"inLanguage\":\"fr-FR\"},{\"@type\":\"Organization\",\"@id\":\"https:\/\/viisona.com\/fr\/#organization\",\"name\":\"ViiSona\",\"url\":\"https:\/\/viisona.com\/fr\/\",\"logo\":{\"@type\":\"ImageObject\",\"inLanguage\":\"fr-FR\",\"@id\":\"https:\/\/viisona.com\/fr\/#\/schema\/logo\/image\/\",\"url\":\"https:\/\/viisona.com\/wp-content\/uploads\/2020\/08\/viisona_1_FULLY_RASTERED.png\",\"contentUrl\":\"https:\/\/viisona.com\/wp-content\/uploads\/2020\/08\/viisona_1_FULLY_RASTERED.png\",\"width\":1080,\"height\":307,\"caption\":\"ViiSona\"},\"image\":{\"@id\":\"https:\/\/viisona.com\/fr\/#\/schema\/logo\/image\/\"}}]}<\/script>\n<!-- \/ Yoast SEO plugin. -->","yoast_head_json":{"title":"Draminski \u00c9chographie portable iScan3 | ViiSona","robots":{"index":"index","follow":"follow","max-snippet":"max-snippet:-1","max-image-preview":"max-image-preview:large","max-video-preview":"max-video-preview:-1"},"canonical":"https:\/\/viisona.com\/fr\/product\/echographie-draminski-iscan3\/","og_locale":"fr_FR","og_type":"article","og_title":"Draminski \u00c9chographie portable iScan3 | ViiSona","og_description":"L'\u00e9chographe iScan 3 est con\u00e7u pour le diagnostic animal, principalement pour le b\u00e9tail. Il est utilis\u00e9 pour examiner le syst\u00e8me reproducteur, les poumons, les composants de l'appareil digestif, etc.","og_url":"https:\/\/viisona.com\/fr\/product\/echographie-draminski-iscan3\/","og_site_name":"ViiSona","article_modified_time":"2026-02-18T06:03:22+00:00","og_image":[{"width":1000,"height":1000,"url":"https:\/\/viisona.com\/wp-content\/uploads\/2025\/01\/01-iScan3-ultrasonograf-weterynaryjny-draminski-768x573-2.jpg","type":"image\/jpeg"}],"twitter_card":"summary_large_image","twitter_misc":{"Dur\u00e9e de lecture estim\u00e9e":"1 minute"},"schema":{"@context":"https:\/\/schema.org","@graph":[{"@type":"WebPage","@id":"https:\/\/viisona.com\/fr\/product\/echographie-draminski-iscan3\/","url":"https:\/\/viisona.com\/fr\/product\/echographie-draminski-iscan3\/","name":"Draminski \u00c9chographie portable iScan3 | ViiSona","isPartOf":{"@id":"https:\/\/viisona.com\/fr\/#website"},"primaryImageOfPage":{"@id":"https:\/\/viisona.com\/fr\/product\/echographie-draminski-iscan3\/#primaryimage"},"image":{"@id":"https:\/\/viisona.com\/fr\/product\/echographie-draminski-iscan3\/#primaryimage"},"thumbnailUrl":"https:\/\/viisona.com\/wp-content\/uploads\/2025\/01\/01-iScan3-ultrasonograf-weterynaryjny-draminski-768x573-2.jpg","datePublished":"2025-01-09T22:46:51+00:00","dateModified":"2026-02-18T06:03:22+00:00","breadcrumb":{"@id":"https:\/\/viisona.com\/fr\/product\/echographie-draminski-iscan3\/#breadcrumb"},"inLanguage":"fr-FR","potentialAction":[{"@type":"ReadAction","target":["https:\/\/viisona.com\/fr\/product\/echographie-draminski-iscan3\/"]}]},{"@type":"ImageObject","inLanguage":"fr-FR","@id":"https:\/\/viisona.com\/fr\/product\/echographie-draminski-iscan3\/#primaryimage","url":"https:\/\/viisona.com\/wp-content\/uploads\/2025\/01\/01-iScan3-ultrasonograf-weterynaryjny-draminski-768x573-2.jpg","contentUrl":"https:\/\/viisona.com\/wp-content\/uploads\/2025\/01\/01-iScan3-ultrasonograf-weterynaryjny-draminski-768x573-2.jpg","width":1000,"height":1000},{"@type":"BreadcrumbList","@id":"https:\/\/viisona.com\/fr\/product\/echographie-draminski-iscan3\/#breadcrumb","itemListElement":[{"@type":"ListItem","position":1,"name":"Home","item":"https:\/\/viisona.com\/fr\/accueil\/"},{"@type":"ListItem","position":2,"name":"Boutique","item":"https:\/\/viisona.com\/fr\/boutique\/"},{"@type":"ListItem","position":3,"name":"\u00c9chographie portable iScan3"}]},{"@type":"WebSite","@id":"https:\/\/viisona.com\/fr\/#website","url":"https:\/\/viisona.com\/fr\/","name":"ViiSona","description":"Am\u00e9liorer les r\u00e9sultats pour les agriculteurs et les s\u00e9lectionneurs dans les communaut\u00e9s agricoles et de s\u00e9lection.","publisher":{"@id":"https:\/\/viisona.com\/fr\/#organization"},"potentialAction":[{"@type":"SearchAction","target":{"@type":"EntryPoint","urlTemplate":"https:\/\/viisona.com\/fr\/?s={search_term_string}"},"query-input":{"@type":"PropertyValueSpecification","valueRequired":true,"valueName":"search_term_string"}}],"inLanguage":"fr-FR"},{"@type":"Organization","@id":"https:\/\/viisona.com\/fr\/#organization","name":"ViiSona","url":"https:\/\/viisona.com\/fr\/","logo":{"@type":"ImageObject","inLanguage":"fr-FR","@id":"https:\/\/viisona.com\/fr\/#\/schema\/logo\/image\/","url":"https:\/\/viisona.com\/wp-content\/uploads\/2020\/08\/viisona_1_FULLY_RASTERED.png","contentUrl":"https:\/\/viisona.com\/wp-content\/uploads\/2020\/08\/viisona_1_FULLY_RASTERED.png","width":1080,"height":307,"caption":"ViiSona"},"image":{"@id":"https:\/\/viisona.com\/fr\/#\/schema\/logo\/image\/"}}]}},"jetpack_sharing_enabled":true,"_links":{"self":[{"href":"https:\/\/viisona.com\/fr\/wp-json\/wp\/v2\/product\/5873","targetHints":{"allow":["GET"]}}],"collection":[{"href":"https:\/\/viisona.com\/fr\/wp-json\/wp\/v2\/product"}],"about":[{"href":"https:\/\/viisona.com\/fr\/wp-json\/wp\/v2\/types\/product"}],"wp:featuredmedia":[{"embeddable":true,"href":"https:\/\/viisona.com\/fr\/wp-json\/wp\/v2\/media\/5639"}],"wp:attachment":[{"href":"https:\/\/viisona.com\/fr\/wp-json\/wp\/v2\/media?parent=5873"}],"wp:term":[{"taxonomy":"product_cat","embeddable":true,"href":"https:\/\/viisona.com\/fr\/wp-json\/wp\/v2\/product_cat?post=5873"},{"taxonomy":"product_tag","embeddable":true,"href":"https:\/\/viisona.com\/fr\/wp-json\/wp\/v2\/product_tag?post=5873"},{"taxonomy":"berocket_brand","embeddable":true,"href":"https:\/\/viisona.com\/fr\/wp-json\/wp\/v2\/berocket_brand?post=5873"}],"curies":[{"name":"wp","href":"https:\/\/api.w.org\/{rel}","templated":true}]}}