{"id":5869,"date":"2025-01-10T01:54:53","date_gmt":"2025-01-10T01:54:53","guid":{"rendered":"https:\/\/viisona.com\/product\/scan-x-air-vet-systeme-dechographie-sans-fil-transducteur-lineaire-et-convexe\/"},"modified":"2025-01-10T01:54:53","modified_gmt":"2025-01-10T01:54:53","slug":"scan-x-air-vet-systeme-dechographie-sans-fil-transducteur-lineaire-et-convexe","status":"publish","type":"product","link":"https:\/\/viisona.com\/fr\/product\/scan-x-air-vet-systeme-dechographie-sans-fil-transducteur-lineaire-et-convexe\/","title":{"rendered":"Scan X Air Vet Syst\u00e8me d&#8217;\u00e9chographie sans fil &#8211; Transducteur lin\u00e9aire et convexe"},"content":{"rendered":"<p>Le nouveau transducteur sans fil ScanX Air peut \u00eatre coupl\u00e9 \u00e0 n&#8217;importe quel appareil Windows, iOS ou Android.<\/p>\n<p>Le transducteur convexe \u00e0 128 \u00e9l\u00e9ments fonctionne \u00e0 une fr\u00e9quence de 3,5 \u00e0 5 MHz (avec une profondeur allant jusqu&#8217;\u00e0 30 cm), et la sonde lin\u00e9aire \u00e0 une fr\u00e9quence de 7,5 \u00e0 10 MHz. Cela en fait un syst\u00e8me id\u00e9al pour les v\u00e9t\u00e9rinaires, mais aussi pour les \u00e9leveurs de ch\u00e8vres qui veulent \u00e0 la fois v\u00e9rifier la gestation et effectuer des scanners pulmonaires, ou pour les \u00e9leveurs de chiens qui veulent effectuer une imagerie \u00e0 la fois profonde et superficielle pour confirmer la gestation et la viabilit\u00e9. Passez rapidement d&#8217;une t\u00eate d&#8217;imagerie \u00e0 l&#8217;autre en appuyant sur un bouton.  <\/p>\n","protected":false},"excerpt":{"rendered":"<p>Ce transducteur sans fil \u00e0 double t\u00eate offre un balayage convexe et lin\u00e9aire dans un seul transducteur, et est id\u00e9al pour les v\u00e9t\u00e9rinaires g\u00e9n\u00e9ralistes et d&#8217;urgence, ainsi que pour les \u00e9leveurs de ch\u00e8vres, de chiens et de chats. Le ScanX Air offre une solution id\u00e9ale pour les utilisateurs priv\u00e9s ayant des animaux de diff\u00e9rentes tailles, car la t\u00eate convexe peut \u00eatre utilis\u00e9e pour les animaux de taille moyenne, tandis que la t\u00eate lin\u00e9aire est id\u00e9ale pour les races de chiens et de chats, et m\u00eame pour les petits mammif\u00e8res et les lapins. Il peut \u00e9galement \u00eatre utilis\u00e9 par les \u00e9leveurs de ch\u00e8vres pour r\u00e9aliser des \u00e9chographies pulmonaires.  <\/p>\n","protected":false},"featured_media":5660,"template":"","meta":{"_acf_changed":false,"inline_featured_image":false},"product_cat":[564,500,574],"product_tag":[],"berocket_brand":[623],"class_list":{"0":"post-5869","1":"product","2":"type-product","3":"status-publish","4":"has-post-thumbnail","6":"product_cat-echographes-portables","7":"product_cat-eleveurs","8":"product_cat-ultrasons-portables-et-accessoires","9":"pa_applications-abdominal-fr","10":"pa_applications-diagnostic-de-base-des-petits-animaux","11":"pa_applications-diagnostic-des-tissus-mous","12":"pa_applications-grossesse","13":"pa_applications-reproduction-fr","14":"pa_applications-uterus-fr","15":"pa_species-chevres","16":"pa_species-chiens","17":"pa_species-moutons","18":"pa_species-porcs","19":"berocket_brand-vis-fr","21":"first","22":"instock","23":"taxable","24":"shipping-taxable","25":"purchasable","26":"product-type-simple"},"acf":[],"yoast_head":"<!-- This site is optimized with the Yoast SEO plugin v26.8 - https:\/\/yoast.com\/product\/yoast-seo-wordpress\/ -->\n<title>VIS Scan X Air Vet Syst\u00e8me d&#039;\u00e9chographie sans fil - Transducteur lin\u00e9aire et convexe | ViiSona<\/title>\n<meta name=\"robots\" content=\"index, follow, max-snippet:-1, max-image-preview:large, max-video-preview:-1\" \/>\n<link rel=\"canonical\" href=\"https:\/\/viisona.com\/fr\/product\/scan-x-air-vet-systeme-dechographie-sans-fil-transducteur-lineaire-et-convexe\/\" \/>\n<meta property=\"og:locale\" content=\"fr_FR\" \/>\n<meta property=\"og:type\" content=\"article\" \/>\n<meta property=\"og:title\" content=\"VIS Scan X Air Vet Syst\u00e8me d&#039;\u00e9chographie sans fil - Transducteur lin\u00e9aire et convexe | ViiSona\" \/>\n<meta property=\"og:description\" content=\"Ce transducteur sans fil \u00e0 double t\u00eate offre un balayage convexe et lin\u00e9aire dans un seul transducteur, et est id\u00e9al pour les v\u00e9t\u00e9rinaires g\u00e9n\u00e9ralistes et d&#039;urgence, ainsi que pour les \u00e9leveurs de ch\u00e8vres, de chiens et de chats. Le ScanX Air offre une solution id\u00e9ale pour les utilisateurs priv\u00e9s ayant des animaux de diff\u00e9rentes tailles, car la t\u00eate convexe peut \u00eatre utilis\u00e9e pour les animaux de taille moyenne, tandis que la t\u00eate lin\u00e9aire est id\u00e9ale pour les races de chiens et de chats, et m\u00eame pour les petits mammif\u00e8res et les lapins. Il peut \u00e9galement \u00eatre utilis\u00e9 par les \u00e9leveurs de ch\u00e8vres pour r\u00e9aliser des \u00e9chographies pulmonaires.\" \/>\n<meta property=\"og:url\" content=\"https:\/\/viisona.com\/fr\/product\/scan-x-air-vet-systeme-dechographie-sans-fil-transducteur-lineaire-et-convexe\/\" \/>\n<meta property=\"og:site_name\" content=\"ViiSona\" \/>\n<meta property=\"og:image\" content=\"https:\/\/viisona.com\/wp-content\/uploads\/2025\/01\/DSC01668-thumb-1.jpg\" \/>\n\t<meta property=\"og:image:width\" content=\"1500\" \/>\n\t<meta property=\"og:image:height\" content=\"1500\" \/>\n\t<meta property=\"og:image:type\" content=\"image\/jpeg\" \/>\n<meta name=\"twitter:card\" content=\"summary_large_image\" \/>\n<meta name=\"twitter:label1\" content=\"Dur\u00e9e de lecture estim\u00e9e\" \/>\n\t<meta name=\"twitter:data1\" content=\"1 minute\" \/>\n<script type=\"application\/ld+json\" class=\"yoast-schema-graph\">{\"@context\":\"https:\/\/schema.org\",\"@graph\":[{\"@type\":\"WebPage\",\"@id\":\"https:\/\/viisona.com\/fr\/product\/scan-x-air-vet-systeme-dechographie-sans-fil-transducteur-lineaire-et-convexe\/\",\"url\":\"https:\/\/viisona.com\/fr\/product\/scan-x-air-vet-systeme-dechographie-sans-fil-transducteur-lineaire-et-convexe\/\",\"name\":\"VIS Scan X Air Vet Syst\u00e8me d'\u00e9chographie sans fil - Transducteur lin\u00e9aire et convexe | ViiSona\",\"isPartOf\":{\"@id\":\"https:\/\/viisona.com\/fr\/#website\"},\"primaryImageOfPage\":{\"@id\":\"https:\/\/viisona.com\/fr\/product\/scan-x-air-vet-systeme-dechographie-sans-fil-transducteur-lineaire-et-convexe\/#primaryimage\"},\"image\":{\"@id\":\"https:\/\/viisona.com\/fr\/product\/scan-x-air-vet-systeme-dechographie-sans-fil-transducteur-lineaire-et-convexe\/#primaryimage\"},\"thumbnailUrl\":\"https:\/\/viisona.com\/wp-content\/uploads\/2025\/01\/DSC01668-thumb-1.jpg\",\"datePublished\":\"2025-01-10T01:54:53+00:00\",\"breadcrumb\":{\"@id\":\"https:\/\/viisona.com\/fr\/product\/scan-x-air-vet-systeme-dechographie-sans-fil-transducteur-lineaire-et-convexe\/#breadcrumb\"},\"inLanguage\":\"fr-FR\",\"potentialAction\":[{\"@type\":\"ReadAction\",\"target\":[\"https:\/\/viisona.com\/fr\/product\/scan-x-air-vet-systeme-dechographie-sans-fil-transducteur-lineaire-et-convexe\/\"]}]},{\"@type\":\"ImageObject\",\"inLanguage\":\"fr-FR\",\"@id\":\"https:\/\/viisona.com\/fr\/product\/scan-x-air-vet-systeme-dechographie-sans-fil-transducteur-lineaire-et-convexe\/#primaryimage\",\"url\":\"https:\/\/viisona.com\/wp-content\/uploads\/2025\/01\/DSC01668-thumb-1.jpg\",\"contentUrl\":\"https:\/\/viisona.com\/wp-content\/uploads\/2025\/01\/DSC01668-thumb-1.jpg\",\"width\":1500,\"height\":1500},{\"@type\":\"BreadcrumbList\",\"@id\":\"https:\/\/viisona.com\/fr\/product\/scan-x-air-vet-systeme-dechographie-sans-fil-transducteur-lineaire-et-convexe\/#breadcrumb\",\"itemListElement\":[{\"@type\":\"ListItem\",\"position\":1,\"name\":\"Home\",\"item\":\"https:\/\/viisona.com\/fr\/accueil\/\"},{\"@type\":\"ListItem\",\"position\":2,\"name\":\"Boutique\",\"item\":\"https:\/\/viisona.com\/fr\/boutique\/\"},{\"@type\":\"ListItem\",\"position\":3,\"name\":\"Scan X Air Vet Syst\u00e8me d&rsquo;\u00e9chographie sans fil &#8211; Transducteur lin\u00e9aire et convexe\"}]},{\"@type\":\"WebSite\",\"@id\":\"https:\/\/viisona.com\/fr\/#website\",\"url\":\"https:\/\/viisona.com\/fr\/\",\"name\":\"ViiSona\",\"description\":\"Am\u00e9liorer les r\u00e9sultats pour les agriculteurs et les s\u00e9lectionneurs dans les communaut\u00e9s agricoles et de s\u00e9lection.\",\"publisher\":{\"@id\":\"https:\/\/viisona.com\/fr\/#organization\"},\"potentialAction\":[{\"@type\":\"SearchAction\",\"target\":{\"@type\":\"EntryPoint\",\"urlTemplate\":\"https:\/\/viisona.com\/fr\/?s={search_term_string}\"},\"query-input\":{\"@type\":\"PropertyValueSpecification\",\"valueRequired\":true,\"valueName\":\"search_term_string\"}}],\"inLanguage\":\"fr-FR\"},{\"@type\":\"Organization\",\"@id\":\"https:\/\/viisona.com\/fr\/#organization\",\"name\":\"ViiSona\",\"url\":\"https:\/\/viisona.com\/fr\/\",\"logo\":{\"@type\":\"ImageObject\",\"inLanguage\":\"fr-FR\",\"@id\":\"https:\/\/viisona.com\/fr\/#\/schema\/logo\/image\/\",\"url\":\"https:\/\/viisona.com\/wp-content\/uploads\/2020\/08\/viisona_1_FULLY_RASTERED.png\",\"contentUrl\":\"https:\/\/viisona.com\/wp-content\/uploads\/2020\/08\/viisona_1_FULLY_RASTERED.png\",\"width\":1080,\"height\":307,\"caption\":\"ViiSona\"},\"image\":{\"@id\":\"https:\/\/viisona.com\/fr\/#\/schema\/logo\/image\/\"}}]}<\/script>\n<!-- \/ Yoast SEO plugin. -->","yoast_head_json":{"title":"VIS Scan X Air Vet Syst\u00e8me d'\u00e9chographie sans fil - Transducteur lin\u00e9aire et convexe | ViiSona","robots":{"index":"index","follow":"follow","max-snippet":"max-snippet:-1","max-image-preview":"max-image-preview:large","max-video-preview":"max-video-preview:-1"},"canonical":"https:\/\/viisona.com\/fr\/product\/scan-x-air-vet-systeme-dechographie-sans-fil-transducteur-lineaire-et-convexe\/","og_locale":"fr_FR","og_type":"article","og_title":"VIS Scan X Air Vet Syst\u00e8me d'\u00e9chographie sans fil - Transducteur lin\u00e9aire et convexe | ViiSona","og_description":"Ce transducteur sans fil \u00e0 double t\u00eate offre un balayage convexe et lin\u00e9aire dans un seul transducteur, et est id\u00e9al pour les v\u00e9t\u00e9rinaires g\u00e9n\u00e9ralistes et d'urgence, ainsi que pour les \u00e9leveurs de ch\u00e8vres, de chiens et de chats. Le ScanX Air offre une solution id\u00e9ale pour les utilisateurs priv\u00e9s ayant des animaux de diff\u00e9rentes tailles, car la t\u00eate convexe peut \u00eatre utilis\u00e9e pour les animaux de taille moyenne, tandis que la t\u00eate lin\u00e9aire est id\u00e9ale pour les races de chiens et de chats, et m\u00eame pour les petits mammif\u00e8res et les lapins. Il peut \u00e9galement \u00eatre utilis\u00e9 par les \u00e9leveurs de ch\u00e8vres pour r\u00e9aliser des \u00e9chographies pulmonaires.","og_url":"https:\/\/viisona.com\/fr\/product\/scan-x-air-vet-systeme-dechographie-sans-fil-transducteur-lineaire-et-convexe\/","og_site_name":"ViiSona","og_image":[{"width":1500,"height":1500,"url":"https:\/\/viisona.com\/wp-content\/uploads\/2025\/01\/DSC01668-thumb-1.jpg","type":"image\/jpeg"}],"twitter_card":"summary_large_image","twitter_misc":{"Dur\u00e9e de lecture estim\u00e9e":"1 minute"},"schema":{"@context":"https:\/\/schema.org","@graph":[{"@type":"WebPage","@id":"https:\/\/viisona.com\/fr\/product\/scan-x-air-vet-systeme-dechographie-sans-fil-transducteur-lineaire-et-convexe\/","url":"https:\/\/viisona.com\/fr\/product\/scan-x-air-vet-systeme-dechographie-sans-fil-transducteur-lineaire-et-convexe\/","name":"VIS Scan X Air Vet Syst\u00e8me d'\u00e9chographie sans fil - Transducteur lin\u00e9aire et convexe | ViiSona","isPartOf":{"@id":"https:\/\/viisona.com\/fr\/#website"},"primaryImageOfPage":{"@id":"https:\/\/viisona.com\/fr\/product\/scan-x-air-vet-systeme-dechographie-sans-fil-transducteur-lineaire-et-convexe\/#primaryimage"},"image":{"@id":"https:\/\/viisona.com\/fr\/product\/scan-x-air-vet-systeme-dechographie-sans-fil-transducteur-lineaire-et-convexe\/#primaryimage"},"thumbnailUrl":"https:\/\/viisona.com\/wp-content\/uploads\/2025\/01\/DSC01668-thumb-1.jpg","datePublished":"2025-01-10T01:54:53+00:00","breadcrumb":{"@id":"https:\/\/viisona.com\/fr\/product\/scan-x-air-vet-systeme-dechographie-sans-fil-transducteur-lineaire-et-convexe\/#breadcrumb"},"inLanguage":"fr-FR","potentialAction":[{"@type":"ReadAction","target":["https:\/\/viisona.com\/fr\/product\/scan-x-air-vet-systeme-dechographie-sans-fil-transducteur-lineaire-et-convexe\/"]}]},{"@type":"ImageObject","inLanguage":"fr-FR","@id":"https:\/\/viisona.com\/fr\/product\/scan-x-air-vet-systeme-dechographie-sans-fil-transducteur-lineaire-et-convexe\/#primaryimage","url":"https:\/\/viisona.com\/wp-content\/uploads\/2025\/01\/DSC01668-thumb-1.jpg","contentUrl":"https:\/\/viisona.com\/wp-content\/uploads\/2025\/01\/DSC01668-thumb-1.jpg","width":1500,"height":1500},{"@type":"BreadcrumbList","@id":"https:\/\/viisona.com\/fr\/product\/scan-x-air-vet-systeme-dechographie-sans-fil-transducteur-lineaire-et-convexe\/#breadcrumb","itemListElement":[{"@type":"ListItem","position":1,"name":"Home","item":"https:\/\/viisona.com\/fr\/accueil\/"},{"@type":"ListItem","position":2,"name":"Boutique","item":"https:\/\/viisona.com\/fr\/boutique\/"},{"@type":"ListItem","position":3,"name":"Scan X Air Vet Syst\u00e8me d&rsquo;\u00e9chographie sans fil &#8211; Transducteur lin\u00e9aire et convexe"}]},{"@type":"WebSite","@id":"https:\/\/viisona.com\/fr\/#website","url":"https:\/\/viisona.com\/fr\/","name":"ViiSona","description":"Am\u00e9liorer les r\u00e9sultats pour les agriculteurs et les s\u00e9lectionneurs dans les communaut\u00e9s agricoles et de s\u00e9lection.","publisher":{"@id":"https:\/\/viisona.com\/fr\/#organization"},"potentialAction":[{"@type":"SearchAction","target":{"@type":"EntryPoint","urlTemplate":"https:\/\/viisona.com\/fr\/?s={search_term_string}"},"query-input":{"@type":"PropertyValueSpecification","valueRequired":true,"valueName":"search_term_string"}}],"inLanguage":"fr-FR"},{"@type":"Organization","@id":"https:\/\/viisona.com\/fr\/#organization","name":"ViiSona","url":"https:\/\/viisona.com\/fr\/","logo":{"@type":"ImageObject","inLanguage":"fr-FR","@id":"https:\/\/viisona.com\/fr\/#\/schema\/logo\/image\/","url":"https:\/\/viisona.com\/wp-content\/uploads\/2020\/08\/viisona_1_FULLY_RASTERED.png","contentUrl":"https:\/\/viisona.com\/wp-content\/uploads\/2020\/08\/viisona_1_FULLY_RASTERED.png","width":1080,"height":307,"caption":"ViiSona"},"image":{"@id":"https:\/\/viisona.com\/fr\/#\/schema\/logo\/image\/"}}]}},"jetpack_sharing_enabled":true,"_links":{"self":[{"href":"https:\/\/viisona.com\/fr\/wp-json\/wp\/v2\/product\/5869","targetHints":{"allow":["GET"]}}],"collection":[{"href":"https:\/\/viisona.com\/fr\/wp-json\/wp\/v2\/product"}],"about":[{"href":"https:\/\/viisona.com\/fr\/wp-json\/wp\/v2\/types\/product"}],"wp:featuredmedia":[{"embeddable":true,"href":"https:\/\/viisona.com\/fr\/wp-json\/wp\/v2\/media\/5660"}],"wp:attachment":[{"href":"https:\/\/viisona.com\/fr\/wp-json\/wp\/v2\/media?parent=5869"}],"wp:term":[{"taxonomy":"product_cat","embeddable":true,"href":"https:\/\/viisona.com\/fr\/wp-json\/wp\/v2\/product_cat?post=5869"},{"taxonomy":"product_tag","embeddable":true,"href":"https:\/\/viisona.com\/fr\/wp-json\/wp\/v2\/product_tag?post=5869"},{"taxonomy":"berocket_brand","embeddable":true,"href":"https:\/\/viisona.com\/fr\/wp-json\/wp\/v2\/berocket_brand?post=5869"}],"curies":[{"name":"wp","href":"https:\/\/api.w.org\/{rel}","templated":true}]}}