{"id":5866,"date":"2025-05-20T08:21:46","date_gmt":"2025-05-20T08:21:46","guid":{"rendered":"https:\/\/viisona.com\/product\/insite-nxt-oled-wireless-goggle-headset-casque-sans-fil\/"},"modified":"2025-05-21T09:05:10","modified_gmt":"2025-05-21T09:05:10","slug":"insite-nxt-oled-wireless-goggle-headset-casque-sans-fil","status":"publish","type":"product","link":"https:\/\/viisona.com\/fr\/product\/insite-nxt-oled-wireless-goggle-headset-casque-sans-fil\/","title":{"rendered":"Insite NXT OLED Wireless Goggle Headset (casque sans fil)"},"content":{"rendered":"","protected":false},"excerpt":{"rendered":"<p>Nouveau casque InSite NXT avec la derni\u00e8re technologie d&#8217;affichage<\/p>\n<ul>\n<li>Des OLED avec une r\u00e9solution deux fois sup\u00e9rieure et une luminosit\u00e9 trois fois sup\u00e9rieure<\/li>\n<li>Taille de l&#8217;image augment\u00e9e de 70<\/li>\n<\/ul>\n<p>*L&#8217;oreillette Insite NXT n&#8217;est compatible qu&#8217;avec les \u00e9chographes LiteNXT et ProNXT, elle ne fonctionne pas avec les autres mod\u00e8les d&#8217;\u00e9chographes IBEX.<\/p>\n","protected":false},"featured_media":5823,"template":"","meta":{"_acf_changed":false,"inline_featured_image":false},"product_cat":[542,562,490,574,483],"product_tag":[790],"berocket_brand":[446],"class_list":{"0":"post-5866","1":"product","2":"type-product","3":"status-publish","4":"has-post-thumbnail","6":"product_cat-accessoires","7":"product_cat-lunettes-de-protection","8":"product_cat-producteurs","9":"product_cat-ultrasons-portables-et-accessoires","10":"product_cat-veterinaires","11":"product_tag-ibex-fr","12":"pa_applications-abdominal-fr","13":"pa_applications-diagnostic-de-base-des-petits-animaux","14":"pa_applications-diagnostic-des-tissus-mous","15":"pa_applications-follicules","16":"pa_applications-grossesse","17":"pa_applications-pis","18":"pa_applications-poumons","19":"pa_applications-reproduction-fr","20":"pa_applications-testicules","21":"pa_applications-uterus-fr","22":"pa_species-bovins-de-boucherie","23":"pa_species-bovins-laitiers","24":"pa_species-chevaux","25":"pa_species-chevres","26":"pa_species-moutons","27":"pa_species-porcs","28":"berocket_brand-ibex-fr","30":"first","31":"instock","32":"taxable","33":"shipping-taxable","34":"purchasable","35":"product-type-simple"},"acf":[],"yoast_head":"<!-- This site is optimized with the Yoast SEO plugin v26.8 - https:\/\/yoast.com\/product\/yoast-seo-wordpress\/ -->\n<title>iBex Insite NXT OLED Wireless Goggle Headset (casque sans fil) | ViiSona<\/title>\n<meta name=\"description\" content=\"D\u00e9couvrez le syst\u00e8me d&#039;\u00e9chographie portable iBex PRO, con\u00e7u pour les cabinets v\u00e9t\u00e9rinaires mixtes au Canada. Cet appareil ultra-portable et polyvalent excelle dans la reproduction bovine et \u00e9quine, ainsi que dans le diagnostic des petits animaux. Dot\u00e9 d&#039;un \u00e9cran rabattable, d&#039;une compatibilit\u00e9 avec les lunettes, de sondes interchangeables et d&#039;un \u00e9tui DuraScan\u00ae durable, l&#039;iBex PRO est con\u00e7u pour une utilisation en clinique et sur le terrain. Avec des capacit\u00e9s d&#039;imagerie avanc\u00e9es, une longue dur\u00e9e de vie de la batterie et une d\u00e9sinfection facile, il est parfait pour tous les environnements, y compris les applications dans le domaine de la recherche et de la faune. Equipez votre cabinet de l&#039;iBex PRO pour des diagnostics fiables et de haute qualit\u00e9.\" \/>\n<meta name=\"robots\" content=\"index, follow, max-snippet:-1, max-image-preview:large, max-video-preview:-1\" \/>\n<link rel=\"canonical\" href=\"https:\/\/viisona.com\/fr\/product\/insite-nxt-oled-wireless-goggle-headset-casque-sans-fil\/\" \/>\n<meta property=\"og:locale\" content=\"fr_FR\" \/>\n<meta property=\"og:type\" content=\"article\" \/>\n<meta property=\"og:title\" content=\"iBex Insite NXT OLED Wireless Goggle Headset (casque sans fil) | ViiSona\" \/>\n<meta property=\"og:description\" content=\"D\u00e9couvrez le syst\u00e8me d&#039;\u00e9chographie portable iBex PRO, con\u00e7u pour les cabinets v\u00e9t\u00e9rinaires mixtes au Canada. Cet appareil ultra-portable et polyvalent excelle dans la reproduction bovine et \u00e9quine, ainsi que dans le diagnostic des petits animaux. Dot\u00e9 d&#039;un \u00e9cran rabattable, d&#039;une compatibilit\u00e9 avec les lunettes, de sondes interchangeables et d&#039;un \u00e9tui DuraScan\u00ae durable, l&#039;iBex PRO est con\u00e7u pour une utilisation en clinique et sur le terrain. Avec des capacit\u00e9s d&#039;imagerie avanc\u00e9es, une longue dur\u00e9e de vie de la batterie et une d\u00e9sinfection facile, il est parfait pour tous les environnements, y compris les applications dans le domaine de la recherche et de la faune. Equipez votre cabinet de l&#039;iBex PRO pour des diagnostics fiables et de haute qualit\u00e9.\" \/>\n<meta property=\"og:url\" content=\"https:\/\/viisona.com\/fr\/product\/insite-nxt-oled-wireless-goggle-headset-casque-sans-fil\/\" \/>\n<meta property=\"og:site_name\" content=\"ViiSona\" \/>\n<meta property=\"article:modified_time\" content=\"2025-05-21T09:05:10+00:00\" \/>\n<meta property=\"og:image\" content=\"https:\/\/viisona.com\/wp-content\/uploads\/2025\/05\/LITENXT-web-2-1.jpg\" \/>\n\t<meta property=\"og:image:width\" content=\"1920\" \/>\n\t<meta property=\"og:image:height\" content=\"1920\" \/>\n\t<meta property=\"og:image:type\" content=\"image\/jpeg\" \/>\n<meta name=\"twitter:card\" content=\"summary_large_image\" \/>\n<script type=\"application\/ld+json\" class=\"yoast-schema-graph\">{\"@context\":\"https:\/\/schema.org\",\"@graph\":[{\"@type\":\"WebPage\",\"@id\":\"https:\/\/viisona.com\/fr\/product\/insite-nxt-oled-wireless-goggle-headset-casque-sans-fil\/\",\"url\":\"https:\/\/viisona.com\/fr\/product\/insite-nxt-oled-wireless-goggle-headset-casque-sans-fil\/\",\"name\":\"iBex Insite NXT OLED Wireless Goggle Headset (casque sans fil) | ViiSona\",\"isPartOf\":{\"@id\":\"https:\/\/viisona.com\/fr\/#website\"},\"primaryImageOfPage\":{\"@id\":\"https:\/\/viisona.com\/fr\/product\/insite-nxt-oled-wireless-goggle-headset-casque-sans-fil\/#primaryimage\"},\"image\":{\"@id\":\"https:\/\/viisona.com\/fr\/product\/insite-nxt-oled-wireless-goggle-headset-casque-sans-fil\/#primaryimage\"},\"thumbnailUrl\":\"https:\/\/viisona.com\/wp-content\/uploads\/2025\/05\/LITENXT-web-2-1.jpg\",\"datePublished\":\"2025-05-20T08:21:46+00:00\",\"dateModified\":\"2025-05-21T09:05:10+00:00\",\"description\":\"D\u00e9couvrez le syst\u00e8me d'\u00e9chographie portable iBex PRO, con\u00e7u pour les cabinets v\u00e9t\u00e9rinaires mixtes au Canada. Cet appareil ultra-portable et polyvalent excelle dans la reproduction bovine et \u00e9quine, ainsi que dans le diagnostic des petits animaux. Dot\u00e9 d'un \u00e9cran rabattable, d'une compatibilit\u00e9 avec les lunettes, de sondes interchangeables et d'un \u00e9tui DuraScan\u00ae durable, l'iBex PRO est con\u00e7u pour une utilisation en clinique et sur le terrain. Avec des capacit\u00e9s d'imagerie avanc\u00e9es, une longue dur\u00e9e de vie de la batterie et une d\u00e9sinfection facile, il est parfait pour tous les environnements, y compris les applications dans le domaine de la recherche et de la faune. Equipez votre cabinet de l'iBex PRO pour des diagnostics fiables et de haute qualit\u00e9.\",\"breadcrumb\":{\"@id\":\"https:\/\/viisona.com\/fr\/product\/insite-nxt-oled-wireless-goggle-headset-casque-sans-fil\/#breadcrumb\"},\"inLanguage\":\"fr-FR\",\"potentialAction\":[{\"@type\":\"ReadAction\",\"target\":[\"https:\/\/viisona.com\/fr\/product\/insite-nxt-oled-wireless-goggle-headset-casque-sans-fil\/\"]}]},{\"@type\":\"ImageObject\",\"inLanguage\":\"fr-FR\",\"@id\":\"https:\/\/viisona.com\/fr\/product\/insite-nxt-oled-wireless-goggle-headset-casque-sans-fil\/#primaryimage\",\"url\":\"https:\/\/viisona.com\/wp-content\/uploads\/2025\/05\/LITENXT-web-2-1.jpg\",\"contentUrl\":\"https:\/\/viisona.com\/wp-content\/uploads\/2025\/05\/LITENXT-web-2-1.jpg\",\"width\":1920,\"height\":1920},{\"@type\":\"BreadcrumbList\",\"@id\":\"https:\/\/viisona.com\/fr\/product\/insite-nxt-oled-wireless-goggle-headset-casque-sans-fil\/#breadcrumb\",\"itemListElement\":[{\"@type\":\"ListItem\",\"position\":1,\"name\":\"Home\",\"item\":\"https:\/\/viisona.com\/fr\/accueil\/\"},{\"@type\":\"ListItem\",\"position\":2,\"name\":\"Boutique\",\"item\":\"https:\/\/viisona.com\/fr\/boutique\/\"},{\"@type\":\"ListItem\",\"position\":3,\"name\":\"Insite NXT OLED Wireless Goggle Headset (casque sans fil)\"}]},{\"@type\":\"WebSite\",\"@id\":\"https:\/\/viisona.com\/fr\/#website\",\"url\":\"https:\/\/viisona.com\/fr\/\",\"name\":\"ViiSona\",\"description\":\"Am\u00e9liorer les r\u00e9sultats pour les agriculteurs et les s\u00e9lectionneurs dans les communaut\u00e9s agricoles et de s\u00e9lection.\",\"publisher\":{\"@id\":\"https:\/\/viisona.com\/fr\/#organization\"},\"potentialAction\":[{\"@type\":\"SearchAction\",\"target\":{\"@type\":\"EntryPoint\",\"urlTemplate\":\"https:\/\/viisona.com\/fr\/?s={search_term_string}\"},\"query-input\":{\"@type\":\"PropertyValueSpecification\",\"valueRequired\":true,\"valueName\":\"search_term_string\"}}],\"inLanguage\":\"fr-FR\"},{\"@type\":\"Organization\",\"@id\":\"https:\/\/viisona.com\/fr\/#organization\",\"name\":\"ViiSona\",\"url\":\"https:\/\/viisona.com\/fr\/\",\"logo\":{\"@type\":\"ImageObject\",\"inLanguage\":\"fr-FR\",\"@id\":\"https:\/\/viisona.com\/fr\/#\/schema\/logo\/image\/\",\"url\":\"https:\/\/viisona.com\/wp-content\/uploads\/2020\/08\/viisona_1_FULLY_RASTERED.png\",\"contentUrl\":\"https:\/\/viisona.com\/wp-content\/uploads\/2020\/08\/viisona_1_FULLY_RASTERED.png\",\"width\":1080,\"height\":307,\"caption\":\"ViiSona\"},\"image\":{\"@id\":\"https:\/\/viisona.com\/fr\/#\/schema\/logo\/image\/\"}}]}<\/script>\n<!-- \/ Yoast SEO plugin. -->","yoast_head_json":{"title":"iBex Insite NXT OLED Wireless Goggle Headset (casque sans fil) | ViiSona","description":"D\u00e9couvrez le syst\u00e8me d'\u00e9chographie portable iBex PRO, con\u00e7u pour les cabinets v\u00e9t\u00e9rinaires mixtes au Canada. Cet appareil ultra-portable et polyvalent excelle dans la reproduction bovine et \u00e9quine, ainsi que dans le diagnostic des petits animaux. Dot\u00e9 d'un \u00e9cran rabattable, d'une compatibilit\u00e9 avec les lunettes, de sondes interchangeables et d'un \u00e9tui DuraScan\u00ae durable, l'iBex PRO est con\u00e7u pour une utilisation en clinique et sur le terrain. Avec des capacit\u00e9s d'imagerie avanc\u00e9es, une longue dur\u00e9e de vie de la batterie et une d\u00e9sinfection facile, il est parfait pour tous les environnements, y compris les applications dans le domaine de la recherche et de la faune. Equipez votre cabinet de l'iBex PRO pour des diagnostics fiables et de haute qualit\u00e9.","robots":{"index":"index","follow":"follow","max-snippet":"max-snippet:-1","max-image-preview":"max-image-preview:large","max-video-preview":"max-video-preview:-1"},"canonical":"https:\/\/viisona.com\/fr\/product\/insite-nxt-oled-wireless-goggle-headset-casque-sans-fil\/","og_locale":"fr_FR","og_type":"article","og_title":"iBex Insite NXT OLED Wireless Goggle Headset (casque sans fil) | ViiSona","og_description":"D\u00e9couvrez le syst\u00e8me d'\u00e9chographie portable iBex PRO, con\u00e7u pour les cabinets v\u00e9t\u00e9rinaires mixtes au Canada. Cet appareil ultra-portable et polyvalent excelle dans la reproduction bovine et \u00e9quine, ainsi que dans le diagnostic des petits animaux. Dot\u00e9 d'un \u00e9cran rabattable, d'une compatibilit\u00e9 avec les lunettes, de sondes interchangeables et d'un \u00e9tui DuraScan\u00ae durable, l'iBex PRO est con\u00e7u pour une utilisation en clinique et sur le terrain. Avec des capacit\u00e9s d'imagerie avanc\u00e9es, une longue dur\u00e9e de vie de la batterie et une d\u00e9sinfection facile, il est parfait pour tous les environnements, y compris les applications dans le domaine de la recherche et de la faune. Equipez votre cabinet de l'iBex PRO pour des diagnostics fiables et de haute qualit\u00e9.","og_url":"https:\/\/viisona.com\/fr\/product\/insite-nxt-oled-wireless-goggle-headset-casque-sans-fil\/","og_site_name":"ViiSona","article_modified_time":"2025-05-21T09:05:10+00:00","og_image":[{"width":1920,"height":1920,"url":"https:\/\/viisona.com\/wp-content\/uploads\/2025\/05\/LITENXT-web-2-1.jpg","type":"image\/jpeg"}],"twitter_card":"summary_large_image","schema":{"@context":"https:\/\/schema.org","@graph":[{"@type":"WebPage","@id":"https:\/\/viisona.com\/fr\/product\/insite-nxt-oled-wireless-goggle-headset-casque-sans-fil\/","url":"https:\/\/viisona.com\/fr\/product\/insite-nxt-oled-wireless-goggle-headset-casque-sans-fil\/","name":"iBex Insite NXT OLED Wireless Goggle Headset (casque sans fil) | ViiSona","isPartOf":{"@id":"https:\/\/viisona.com\/fr\/#website"},"primaryImageOfPage":{"@id":"https:\/\/viisona.com\/fr\/product\/insite-nxt-oled-wireless-goggle-headset-casque-sans-fil\/#primaryimage"},"image":{"@id":"https:\/\/viisona.com\/fr\/product\/insite-nxt-oled-wireless-goggle-headset-casque-sans-fil\/#primaryimage"},"thumbnailUrl":"https:\/\/viisona.com\/wp-content\/uploads\/2025\/05\/LITENXT-web-2-1.jpg","datePublished":"2025-05-20T08:21:46+00:00","dateModified":"2025-05-21T09:05:10+00:00","description":"D\u00e9couvrez le syst\u00e8me d'\u00e9chographie portable iBex PRO, con\u00e7u pour les cabinets v\u00e9t\u00e9rinaires mixtes au Canada. Cet appareil ultra-portable et polyvalent excelle dans la reproduction bovine et \u00e9quine, ainsi que dans le diagnostic des petits animaux. Dot\u00e9 d'un \u00e9cran rabattable, d'une compatibilit\u00e9 avec les lunettes, de sondes interchangeables et d'un \u00e9tui DuraScan\u00ae durable, l'iBex PRO est con\u00e7u pour une utilisation en clinique et sur le terrain. Avec des capacit\u00e9s d'imagerie avanc\u00e9es, une longue dur\u00e9e de vie de la batterie et une d\u00e9sinfection facile, il est parfait pour tous les environnements, y compris les applications dans le domaine de la recherche et de la faune. Equipez votre cabinet de l'iBex PRO pour des diagnostics fiables et de haute qualit\u00e9.","breadcrumb":{"@id":"https:\/\/viisona.com\/fr\/product\/insite-nxt-oled-wireless-goggle-headset-casque-sans-fil\/#breadcrumb"},"inLanguage":"fr-FR","potentialAction":[{"@type":"ReadAction","target":["https:\/\/viisona.com\/fr\/product\/insite-nxt-oled-wireless-goggle-headset-casque-sans-fil\/"]}]},{"@type":"ImageObject","inLanguage":"fr-FR","@id":"https:\/\/viisona.com\/fr\/product\/insite-nxt-oled-wireless-goggle-headset-casque-sans-fil\/#primaryimage","url":"https:\/\/viisona.com\/wp-content\/uploads\/2025\/05\/LITENXT-web-2-1.jpg","contentUrl":"https:\/\/viisona.com\/wp-content\/uploads\/2025\/05\/LITENXT-web-2-1.jpg","width":1920,"height":1920},{"@type":"BreadcrumbList","@id":"https:\/\/viisona.com\/fr\/product\/insite-nxt-oled-wireless-goggle-headset-casque-sans-fil\/#breadcrumb","itemListElement":[{"@type":"ListItem","position":1,"name":"Home","item":"https:\/\/viisona.com\/fr\/accueil\/"},{"@type":"ListItem","position":2,"name":"Boutique","item":"https:\/\/viisona.com\/fr\/boutique\/"},{"@type":"ListItem","position":3,"name":"Insite NXT OLED Wireless Goggle Headset (casque sans fil)"}]},{"@type":"WebSite","@id":"https:\/\/viisona.com\/fr\/#website","url":"https:\/\/viisona.com\/fr\/","name":"ViiSona","description":"Am\u00e9liorer les r\u00e9sultats pour les agriculteurs et les s\u00e9lectionneurs dans les communaut\u00e9s agricoles et de s\u00e9lection.","publisher":{"@id":"https:\/\/viisona.com\/fr\/#organization"},"potentialAction":[{"@type":"SearchAction","target":{"@type":"EntryPoint","urlTemplate":"https:\/\/viisona.com\/fr\/?s={search_term_string}"},"query-input":{"@type":"PropertyValueSpecification","valueRequired":true,"valueName":"search_term_string"}}],"inLanguage":"fr-FR"},{"@type":"Organization","@id":"https:\/\/viisona.com\/fr\/#organization","name":"ViiSona","url":"https:\/\/viisona.com\/fr\/","logo":{"@type":"ImageObject","inLanguage":"fr-FR","@id":"https:\/\/viisona.com\/fr\/#\/schema\/logo\/image\/","url":"https:\/\/viisona.com\/wp-content\/uploads\/2020\/08\/viisona_1_FULLY_RASTERED.png","contentUrl":"https:\/\/viisona.com\/wp-content\/uploads\/2020\/08\/viisona_1_FULLY_RASTERED.png","width":1080,"height":307,"caption":"ViiSona"},"image":{"@id":"https:\/\/viisona.com\/fr\/#\/schema\/logo\/image\/"}}]}},"jetpack_sharing_enabled":true,"_links":{"self":[{"href":"https:\/\/viisona.com\/fr\/wp-json\/wp\/v2\/product\/5866","targetHints":{"allow":["GET"]}}],"collection":[{"href":"https:\/\/viisona.com\/fr\/wp-json\/wp\/v2\/product"}],"about":[{"href":"https:\/\/viisona.com\/fr\/wp-json\/wp\/v2\/types\/product"}],"wp:featuredmedia":[{"embeddable":true,"href":"https:\/\/viisona.com\/fr\/wp-json\/wp\/v2\/media\/5823"}],"wp:attachment":[{"href":"https:\/\/viisona.com\/fr\/wp-json\/wp\/v2\/media?parent=5866"}],"wp:term":[{"taxonomy":"product_cat","embeddable":true,"href":"https:\/\/viisona.com\/fr\/wp-json\/wp\/v2\/product_cat?post=5866"},{"taxonomy":"product_tag","embeddable":true,"href":"https:\/\/viisona.com\/fr\/wp-json\/wp\/v2\/product_tag?post=5866"},{"taxonomy":"berocket_brand","embeddable":true,"href":"https:\/\/viisona.com\/fr\/wp-json\/wp\/v2\/berocket_brand?post=5866"}],"curies":[{"name":"wp","href":"https:\/\/api.w.org\/{rel}","templated":true}]}}