{"id":5843,"date":"2025-05-14T07:52:44","date_gmt":"2025-05-14T07:52:44","guid":{"rendered":"https:\/\/viisona.com\/product\/echographie-litenxt\/"},"modified":"2026-02-18T05:59:31","modified_gmt":"2026-02-18T05:59:31","slug":"echographie-litenxt","status":"publish","type":"product","link":"https:\/\/viisona.com\/fr\/product\/echographie-litenxt\/","title":{"rendered":"\u00c9chographie LiteNXT"},"content":{"rendered":"<h3>En vedette : <a href=\"https:\/\/viisona.com\/fr\/soutien\/herdiq-ai\/\"><strong>HerdIQ\u2122 &#8211; L&#8217;assistant \u00e9chographique intelligent pour la reproduction des bovins<\/strong><\/a><\/h3>\n<p>&nbsp;<\/p>\n<p>HerdIQ\u2122 est une plateforme d&#8217;intelligence artificielle (IA) r\u00e9volutionnaire int\u00e9gr\u00e9e directement \u00e0 tous les syst\u00e8mes d&#8217;\u00e9chographie v\u00e9t\u00e9rinaire iBex NXT. Con\u00e7ue pour soutenir les v\u00e9t\u00e9rinaires, les \u00e9ducateurs et les producteurs, HerdIQ agit comme un assistant \u00e9chographique virtuel &#8211; interpr\u00e9tant les images en temps r\u00e9el pour confirmer les grossesses, mettre en \u00e9vidence l&#8217;anatomie cl\u00e9 et am\u00e9liorer la confiance dans le diagnostic. <\/p>\n<p>HerdIQ repr\u00e9sente la prochaine \u00e9volution de l&#8217;imagerie reproductive bovine &#8211; un m\u00e9lange d&#8217;expertise v\u00e9t\u00e9rinaire, de pr\u00e9cision de l&#8217;IA et de performance pratique sur le terrain. Il ne remplace pas l&#8217;expertise humaine, il l&#8217;amplifie. <\/p>\n<p><strong>Ce que fait HerdIQ<\/strong><\/p>\n<p>Gr\u00e2ce \u00e0 un apprentissage automatique avanc\u00e9, form\u00e9 sur des dizaines de milliers d&#8217;images d&#8217;\u00e9chographie bovine, HerdIQ peut.. :<\/p>\n<ul>\n<li>Confirmez les grossesses avec une pr\u00e9cision de 99 % \u00e0 28 jours et de 90 % entre 24 et 28 jours.<\/li>\n<li>D\u00e9tecter et mettre en \u00e9vidence les ovaires, en guidant les utilisateurs vers les structures reproductives cl\u00e9s.<\/li>\n<li>Interpr\u00e9ter les scanners en temps r\u00e9el, en affichant un message clair &#8220;Grossesse d\u00e9tect\u00e9e&#8221; en cas de confirmation.<\/li>\n<li>R\u00e9duire la fatigue mentale et am\u00e9liorer la concentration pendant les sessions de num\u00e9risation \u00e0 haut volume<\/li>\n<li>Acc\u00e9l\u00e9rer l&#8217;apprentissage pour les nouveaux utilisateurs et am\u00e9liorer la coh\u00e9rence dans l&#8217;enseignement et les environnements cliniques<\/li>\n<\/ul>\n<p><strong>Pour qui ?<\/strong><\/p>\n<ul>\n<li>HerdIQ apporte une valeur ajout\u00e9e \u00e0 l&#8217;ensemble des utilisateurs du scanner de reproduction bovine :<\/li>\n<li>Les v\u00e9t\u00e9rinaires \u00e0 la recherche d&#8217;outils de validation et d&#8217;efficacit\u00e9<\/li>\n<li>Les nouveaux associ\u00e9s ou stagiaires gagnent en pr\u00e9cision et en confiance<\/li>\n<li>Les producteurs de lait et de viande b\u00e9n\u00e9ficient d&#8217;un suivi v\u00e9t\u00e9rinaire pour am\u00e9liorer la gestion de leur troupeau<\/li>\n<li>Institutions acad\u00e9miques formant des \u00e9tudiants et faisant la d\u00e9monstration de l&#8217;imagerie assist\u00e9e par l&#8217;IA<\/li>\n<\/ul>\n<p><strong>Pourquoi c&#8217;est important<\/strong><\/p>\n<ul>\n<li>L&#8217;efficacit\u00e9 de la reproduction est essentielle \u00e0 la rentabilit\u00e9 des exploitations laiti\u00e8res. HerdIQ aide les utilisateurs : <\/li>\n<li>D\u00e9tecter les grossesses plus t\u00f4t et avec plus de pr\u00e9cision<\/li>\n<li>Confirmer les r\u00e9sultats en toute confiance, m\u00eame dans des conditions de terrain<\/li>\n<li>Soutenir les objectifs de reproduction du troupeau par des analyses plus fr\u00e9quentes et mieux inform\u00e9es.<\/li>\n<li>Renforcer la collaboration entre les producteurs et les v\u00e9t\u00e9rinaires<\/li>\n<\/ul>\n<p><strong>Facile \u00e0 utiliser, directement int\u00e9gr\u00e9<\/strong><\/p>\n<ul>\n<li>Enti\u00e8rement int\u00e9gr\u00e9 \u00e0 tous les mod\u00e8les d&#8217;\u00e9chographie iBex LiteNXT et iBex ProNXT<\/li>\n<li>Essai gratuit de 90 jours pour tout achat d&#8217;un syst\u00e8me NXT<\/li>\n<li>Abonnement facultatif de 500 USD par an ensuite<\/li>\n<li>Activation et d\u00e9sactivation instantan\u00e9es dans les param\u00e8tres du syst\u00e8me &#8211; un contr\u00f4le total au bout des doigts<\/li>\n<\/ul>\n<p>&nbsp;<\/p>\n<h3>Le nouveau transducteur <strong>eCLi6 <\/strong>en instance de brevet<\/h3>\n<p>&nbsp;<\/p>\n<p>Connect\u00e9e \u00e0 l&#8217;\u00e9chographe <strong>IBEX LITENXT <\/strong>, c&#8217;est une sonde hybride pour l&#8217;imagerie transrectale chez les grands animaux (bovins et chevaux le plus souvent).<\/p>\n<p>Le c\u00e2ble eCLi6 est renforc\u00e9 au kevlar et con\u00e7u et test\u00e9 pour r\u00e9sister \u00e0 1,2 million de cycles de flexion sans se rompre.<\/p>\n<p>Cette sonde rectale unique offre la r\u00e9solution d&#8217;une sonde lin\u00e9aire plate avec la p\u00e9n\u00e9tration plus profonde et le champ de vision plus large d&#8217;un mod\u00e8le convexe. Le r\u00e9seau court et le pas serr\u00e9 optimisent la qualit\u00e9 de l&#8217;image, tandis que la tr\u00e8s l\u00e9g\u00e8re courbure permet un contact id\u00e9al avec la surface de la muqueuse dans un facteur de forme minimal. <\/p>\n<p>D&#8217;apr\u00e8s les r\u00e9actions extr\u00eamement positives recueillies lors de tests r\u00e9cents, ce transducteur change la donne dans le domaine de la reproduction bovine et surpasse toute sonde rectale standard en termes de clart\u00e9 d&#8217;image, avec ou sans bras.<\/p>\n","protected":false},"excerpt":{"rendered":"<p>Depuis quatre d\u00e9cennies, E.I. Medical Imaging est un pionnier dans le domaine de l&#8217;\u00e9chographie animale. Nous avons le plaisir de vous pr\u00e9senter le dernier n\u00e9 de la famille IBEX : le LITENXT. <\/p>\n<p>Le LITENXT \u00e9tablit une nouvelle norme pour l&#8217;imagerie ultrasonore bovine. Avec sa conception compacte, ses fonctions innovantes et la durabilit\u00e9 l\u00e9gendaire d&#8217;IBEX, c&#8217;est la solution bovine parfaite pour ceux qui recherchent la technologie la plus r\u00e9cente. <\/p>\n<p>L&#8217;Ibex LiteNXT peut \u00eatre achet\u00e9 en tant qu&#8217;\u00e9chographie seule (streaming via smarphone) ou avec le nouveau casque Insight NXT. IBEXStream\u2122 WiFi Image Streaming fournit des \u00e9tudes en direct directement \u00e0 toute personne disposant d&#8217;un appareil mobile. <\/p>\n<p>*Veuillez noter que le viseur Insight NXT n&#8217;est compatible qu&#8217;avec les nouveaux mod\u00e8les LiteNXT et ProNXT et ne peut \u00eatre utilis\u00e9 avec aucune autre g\u00e9n\u00e9ration d&#8217;\u00e9chographes IBEX.<\/p>\n","protected":false},"featured_media":5801,"template":"","meta":{"_acf_changed":false,"inline_featured_image":false},"product_cat":[491,484,490,483,574],"product_tag":[790],"berocket_brand":[446],"class_list":{"0":"post-5843","1":"product","2":"type-product","3":"status-publish","4":"has-post-thumbnail","6":"product_cat-appareils-a-ultrasons-portables","7":"product_cat-echographie-veterinaire-portable","8":"product_cat-producteurs","9":"product_cat-veterinaires","10":"product_cat-ultrasons-portables-et-accessoires","11":"product_tag-ibex-fr","12":"pa_applications-abdominal-fr","13":"pa_applications-diagnostic-de-base-des-petits-animaux","14":"pa_applications-diagnostic-des-tissus-mous","15":"pa_applications-follicules","16":"pa_applications-grossesse","17":"pa_applications-pis","18":"pa_applications-poumons","19":"pa_applications-reproduction-fr","20":"pa_applications-testicules","21":"pa_applications-uterus-fr","22":"pa_species-bovins-de-boucherie","23":"pa_species-bovins-laitiers","24":"pa_species-chevaux","25":"pa_species-chevres","26":"pa_species-moutons","27":"pa_species-porcs","28":"berocket_brand-ibex-fr","30":"first","31":"instock","32":"taxable","33":"shipping-taxable","34":"purchasable","35":"product-type-variable","36":"has-default-attributes"},"acf":[],"yoast_head":"<!-- This site is optimized with the Yoast SEO plugin v26.8 - https:\/\/yoast.com\/product\/yoast-seo-wordpress\/ -->\n<title>iBex \u00c9chographie LiteNXT | ViiSona<\/title>\n<meta name=\"description\" content=\"D\u00e9couvrez le tout nouvel IBEX\u2122 LITENXT - \u00e9chographe bovin 30 % plus petit, ultra-durable avec imagerie avanc\u00e9e, streaming Wi-Fi et la sonde hybride r\u00e9volutionnaire eCLi6. Plus rapide, plus clair et construit pour le terrain adapt\u00e9 aux pratiques v\u00e9t\u00e9rinaires mixtes au Canada.\" \/>\n<meta name=\"robots\" content=\"index, follow, max-snippet:-1, max-image-preview:large, max-video-preview:-1\" \/>\n<link rel=\"canonical\" href=\"https:\/\/viisona.com\/fr\/product\/echographie-litenxt\/\" \/>\n<meta property=\"og:locale\" content=\"fr_FR\" \/>\n<meta property=\"og:type\" content=\"article\" \/>\n<meta property=\"og:title\" content=\"iBex \u00c9chographie LiteNXT | ViiSona\" \/>\n<meta property=\"og:description\" content=\"D\u00e9couvrez le tout nouvel IBEX\u2122 LITENXT - \u00e9chographe bovin 30 % plus petit, ultra-durable avec imagerie avanc\u00e9e, streaming Wi-Fi et la sonde hybride r\u00e9volutionnaire eCLi6. Plus rapide, plus clair et construit pour le terrain adapt\u00e9 aux pratiques v\u00e9t\u00e9rinaires mixtes au Canada.\" \/>\n<meta property=\"og:url\" content=\"https:\/\/viisona.com\/fr\/product\/echographie-litenxt\/\" \/>\n<meta property=\"og:site_name\" content=\"ViiSona\" \/>\n<meta property=\"article:modified_time\" content=\"2026-02-18T05:59:31+00:00\" \/>\n<meta property=\"og:image\" content=\"https:\/\/viisona.com\/wp-content\/uploads\/2025\/05\/LITENXT-web-10-1.jpg\" \/>\n\t<meta property=\"og:image:width\" content=\"1920\" \/>\n\t<meta property=\"og:image:height\" content=\"1920\" \/>\n\t<meta property=\"og:image:type\" content=\"image\/jpeg\" \/>\n<meta name=\"twitter:card\" content=\"summary_large_image\" \/>\n<meta name=\"twitter:label1\" content=\"Dur\u00e9e de lecture estim\u00e9e\" \/>\n\t<meta name=\"twitter:data1\" content=\"3 minutes\" \/>\n<script type=\"application\/ld+json\" class=\"yoast-schema-graph\">{\"@context\":\"https:\/\/schema.org\",\"@graph\":[{\"@type\":\"WebPage\",\"@id\":\"https:\/\/viisona.com\/fr\/product\/echographie-litenxt\/\",\"url\":\"https:\/\/viisona.com\/fr\/product\/echographie-litenxt\/\",\"name\":\"iBex \u00c9chographie LiteNXT | ViiSona\",\"isPartOf\":{\"@id\":\"https:\/\/viisona.com\/fr\/#website\"},\"primaryImageOfPage\":{\"@id\":\"https:\/\/viisona.com\/fr\/product\/echographie-litenxt\/#primaryimage\"},\"image\":{\"@id\":\"https:\/\/viisona.com\/fr\/product\/echographie-litenxt\/#primaryimage\"},\"thumbnailUrl\":\"https:\/\/viisona.com\/wp-content\/uploads\/2025\/05\/LITENXT-web-10-1.jpg\",\"datePublished\":\"2025-05-14T07:52:44+00:00\",\"dateModified\":\"2026-02-18T05:59:31+00:00\",\"description\":\"D\u00e9couvrez le tout nouvel IBEX\u2122 LITENXT - \u00e9chographe bovin 30 % plus petit, ultra-durable avec imagerie avanc\u00e9e, streaming Wi-Fi et la sonde hybride r\u00e9volutionnaire eCLi6. Plus rapide, plus clair et construit pour le terrain adapt\u00e9 aux pratiques v\u00e9t\u00e9rinaires mixtes au Canada.\",\"breadcrumb\":{\"@id\":\"https:\/\/viisona.com\/fr\/product\/echographie-litenxt\/#breadcrumb\"},\"inLanguage\":\"fr-FR\",\"potentialAction\":[{\"@type\":\"ReadAction\",\"target\":[\"https:\/\/viisona.com\/fr\/product\/echographie-litenxt\/\"]}]},{\"@type\":\"ImageObject\",\"inLanguage\":\"fr-FR\",\"@id\":\"https:\/\/viisona.com\/fr\/product\/echographie-litenxt\/#primaryimage\",\"url\":\"https:\/\/viisona.com\/wp-content\/uploads\/2025\/05\/LITENXT-web-10-1.jpg\",\"contentUrl\":\"https:\/\/viisona.com\/wp-content\/uploads\/2025\/05\/LITENXT-web-10-1.jpg\",\"width\":1920,\"height\":1920},{\"@type\":\"BreadcrumbList\",\"@id\":\"https:\/\/viisona.com\/fr\/product\/echographie-litenxt\/#breadcrumb\",\"itemListElement\":[{\"@type\":\"ListItem\",\"position\":1,\"name\":\"Home\",\"item\":\"https:\/\/viisona.com\/fr\/accueil\/\"},{\"@type\":\"ListItem\",\"position\":2,\"name\":\"Boutique\",\"item\":\"https:\/\/viisona.com\/fr\/boutique\/\"},{\"@type\":\"ListItem\",\"position\":3,\"name\":\"\u00c9chographie LiteNXT\"}]},{\"@type\":\"WebSite\",\"@id\":\"https:\/\/viisona.com\/fr\/#website\",\"url\":\"https:\/\/viisona.com\/fr\/\",\"name\":\"ViiSona\",\"description\":\"Am\u00e9liorer les r\u00e9sultats pour les agriculteurs et les s\u00e9lectionneurs dans les communaut\u00e9s agricoles et de s\u00e9lection.\",\"publisher\":{\"@id\":\"https:\/\/viisona.com\/fr\/#organization\"},\"potentialAction\":[{\"@type\":\"SearchAction\",\"target\":{\"@type\":\"EntryPoint\",\"urlTemplate\":\"https:\/\/viisona.com\/fr\/?s={search_term_string}\"},\"query-input\":{\"@type\":\"PropertyValueSpecification\",\"valueRequired\":true,\"valueName\":\"search_term_string\"}}],\"inLanguage\":\"fr-FR\"},{\"@type\":\"Organization\",\"@id\":\"https:\/\/viisona.com\/fr\/#organization\",\"name\":\"ViiSona\",\"url\":\"https:\/\/viisona.com\/fr\/\",\"logo\":{\"@type\":\"ImageObject\",\"inLanguage\":\"fr-FR\",\"@id\":\"https:\/\/viisona.com\/fr\/#\/schema\/logo\/image\/\",\"url\":\"https:\/\/viisona.com\/wp-content\/uploads\/2020\/08\/viisona_1_FULLY_RASTERED.png\",\"contentUrl\":\"https:\/\/viisona.com\/wp-content\/uploads\/2020\/08\/viisona_1_FULLY_RASTERED.png\",\"width\":1080,\"height\":307,\"caption\":\"ViiSona\"},\"image\":{\"@id\":\"https:\/\/viisona.com\/fr\/#\/schema\/logo\/image\/\"}}]}<\/script>\n<!-- \/ Yoast SEO plugin. -->","yoast_head_json":{"title":"iBex \u00c9chographie LiteNXT | ViiSona","description":"D\u00e9couvrez le tout nouvel IBEX\u2122 LITENXT - \u00e9chographe bovin 30 % plus petit, ultra-durable avec imagerie avanc\u00e9e, streaming Wi-Fi et la sonde hybride r\u00e9volutionnaire eCLi6. Plus rapide, plus clair et construit pour le terrain adapt\u00e9 aux pratiques v\u00e9t\u00e9rinaires mixtes au Canada.","robots":{"index":"index","follow":"follow","max-snippet":"max-snippet:-1","max-image-preview":"max-image-preview:large","max-video-preview":"max-video-preview:-1"},"canonical":"https:\/\/viisona.com\/fr\/product\/echographie-litenxt\/","og_locale":"fr_FR","og_type":"article","og_title":"iBex \u00c9chographie LiteNXT | ViiSona","og_description":"D\u00e9couvrez le tout nouvel IBEX\u2122 LITENXT - \u00e9chographe bovin 30 % plus petit, ultra-durable avec imagerie avanc\u00e9e, streaming Wi-Fi et la sonde hybride r\u00e9volutionnaire eCLi6. Plus rapide, plus clair et construit pour le terrain adapt\u00e9 aux pratiques v\u00e9t\u00e9rinaires mixtes au Canada.","og_url":"https:\/\/viisona.com\/fr\/product\/echographie-litenxt\/","og_site_name":"ViiSona","article_modified_time":"2026-02-18T05:59:31+00:00","og_image":[{"width":1920,"height":1920,"url":"https:\/\/viisona.com\/wp-content\/uploads\/2025\/05\/LITENXT-web-10-1.jpg","type":"image\/jpeg"}],"twitter_card":"summary_large_image","twitter_misc":{"Dur\u00e9e de lecture estim\u00e9e":"3 minutes"},"schema":{"@context":"https:\/\/schema.org","@graph":[{"@type":"WebPage","@id":"https:\/\/viisona.com\/fr\/product\/echographie-litenxt\/","url":"https:\/\/viisona.com\/fr\/product\/echographie-litenxt\/","name":"iBex \u00c9chographie LiteNXT | ViiSona","isPartOf":{"@id":"https:\/\/viisona.com\/fr\/#website"},"primaryImageOfPage":{"@id":"https:\/\/viisona.com\/fr\/product\/echographie-litenxt\/#primaryimage"},"image":{"@id":"https:\/\/viisona.com\/fr\/product\/echographie-litenxt\/#primaryimage"},"thumbnailUrl":"https:\/\/viisona.com\/wp-content\/uploads\/2025\/05\/LITENXT-web-10-1.jpg","datePublished":"2025-05-14T07:52:44+00:00","dateModified":"2026-02-18T05:59:31+00:00","description":"D\u00e9couvrez le tout nouvel IBEX\u2122 LITENXT - \u00e9chographe bovin 30 % plus petit, ultra-durable avec imagerie avanc\u00e9e, streaming Wi-Fi et la sonde hybride r\u00e9volutionnaire eCLi6. Plus rapide, plus clair et construit pour le terrain adapt\u00e9 aux pratiques v\u00e9t\u00e9rinaires mixtes au Canada.","breadcrumb":{"@id":"https:\/\/viisona.com\/fr\/product\/echographie-litenxt\/#breadcrumb"},"inLanguage":"fr-FR","potentialAction":[{"@type":"ReadAction","target":["https:\/\/viisona.com\/fr\/product\/echographie-litenxt\/"]}]},{"@type":"ImageObject","inLanguage":"fr-FR","@id":"https:\/\/viisona.com\/fr\/product\/echographie-litenxt\/#primaryimage","url":"https:\/\/viisona.com\/wp-content\/uploads\/2025\/05\/LITENXT-web-10-1.jpg","contentUrl":"https:\/\/viisona.com\/wp-content\/uploads\/2025\/05\/LITENXT-web-10-1.jpg","width":1920,"height":1920},{"@type":"BreadcrumbList","@id":"https:\/\/viisona.com\/fr\/product\/echographie-litenxt\/#breadcrumb","itemListElement":[{"@type":"ListItem","position":1,"name":"Home","item":"https:\/\/viisona.com\/fr\/accueil\/"},{"@type":"ListItem","position":2,"name":"Boutique","item":"https:\/\/viisona.com\/fr\/boutique\/"},{"@type":"ListItem","position":3,"name":"\u00c9chographie LiteNXT"}]},{"@type":"WebSite","@id":"https:\/\/viisona.com\/fr\/#website","url":"https:\/\/viisona.com\/fr\/","name":"ViiSona","description":"Am\u00e9liorer les r\u00e9sultats pour les agriculteurs et les s\u00e9lectionneurs dans les communaut\u00e9s agricoles et de s\u00e9lection.","publisher":{"@id":"https:\/\/viisona.com\/fr\/#organization"},"potentialAction":[{"@type":"SearchAction","target":{"@type":"EntryPoint","urlTemplate":"https:\/\/viisona.com\/fr\/?s={search_term_string}"},"query-input":{"@type":"PropertyValueSpecification","valueRequired":true,"valueName":"search_term_string"}}],"inLanguage":"fr-FR"},{"@type":"Organization","@id":"https:\/\/viisona.com\/fr\/#organization","name":"ViiSona","url":"https:\/\/viisona.com\/fr\/","logo":{"@type":"ImageObject","inLanguage":"fr-FR","@id":"https:\/\/viisona.com\/fr\/#\/schema\/logo\/image\/","url":"https:\/\/viisona.com\/wp-content\/uploads\/2020\/08\/viisona_1_FULLY_RASTERED.png","contentUrl":"https:\/\/viisona.com\/wp-content\/uploads\/2020\/08\/viisona_1_FULLY_RASTERED.png","width":1080,"height":307,"caption":"ViiSona"},"image":{"@id":"https:\/\/viisona.com\/fr\/#\/schema\/logo\/image\/"}}]}},"jetpack_sharing_enabled":true,"_links":{"self":[{"href":"https:\/\/viisona.com\/fr\/wp-json\/wp\/v2\/product\/5843","targetHints":{"allow":["GET"]}}],"collection":[{"href":"https:\/\/viisona.com\/fr\/wp-json\/wp\/v2\/product"}],"about":[{"href":"https:\/\/viisona.com\/fr\/wp-json\/wp\/v2\/types\/product"}],"wp:featuredmedia":[{"embeddable":true,"href":"https:\/\/viisona.com\/fr\/wp-json\/wp\/v2\/media\/5801"}],"wp:attachment":[{"href":"https:\/\/viisona.com\/fr\/wp-json\/wp\/v2\/media?parent=5843"}],"wp:term":[{"taxonomy":"product_cat","embeddable":true,"href":"https:\/\/viisona.com\/fr\/wp-json\/wp\/v2\/product_cat?post=5843"},{"taxonomy":"product_tag","embeddable":true,"href":"https:\/\/viisona.com\/fr\/wp-json\/wp\/v2\/product_tag?post=5843"},{"taxonomy":"berocket_brand","embeddable":true,"href":"https:\/\/viisona.com\/fr\/wp-json\/wp\/v2\/berocket_brand?post=5843"}],"curies":[{"name":"wp","href":"https:\/\/api.w.org\/{rel}","templated":true}]}}