{"id":5463,"date":"2024-11-21T05:11:48","date_gmt":"2024-11-21T05:11:48","guid":{"rendered":"https:\/\/viisona.com\/?post_type=product&#038;p=5463"},"modified":"2025-02-19T15:21:27","modified_gmt":"2025-02-19T15:21:27","slug":"oled-video-goggles-iscan-mini","status":"publish","type":"product","link":"https:\/\/viisona.com\/fr\/product\/oled-video-goggles-iscan-mini\/","title":{"rendered":"OLED Video Goggles &#8211; iScan Mini"},"content":{"rendered":"<p><span style=\"font-weight: 400;\">OLED goggles produce an exceptional, crisp, bright picture quality and consume 5x less energy than the display, so you can work longer. OLED technology provides unmatched contrast, black level, and brightness compared to LED technology. This pixel-level light control rather than the backlighting used in LED enables a level of precision and control better than LED illumination. The deeper blacks experienced with OLED technology enable higher contrast.\u00a0<\/span><\/p>\n<p><span style=\"font-weight: 400;\">The design of the goggles allows you to simultaneously see the displayed image and your surroundings, with a very lightweight and adjustable headset, working for hours with goggles is comfortable. The goggles do not require charging and are powered by the ultrasound scanner, eyecups for sunny days are included.<\/span><\/p>\n","protected":false},"excerpt":{"rendered":"<p><span style=\"font-weight: 400;\">Draminski OLED Goggle Headset provides exceptional contrast, brightness and detail. Small, lightweight and comfortable. The design allows for a good view of your surroundings while working and is compatible with the iScan Mini Ultrasound System.<\/span><\/p>\n","protected":false},"featured_media":5555,"template":"","meta":{"_acf_changed":false,"inline_featured_image":false},"product_cat":[203,298,196,198],"product_tag":[],"berocket_brand":[283],"class_list":{"0":"post-5463","1":"product","2":"type-product","3":"status-publish","4":"has-post-thumbnail","6":"product_cat-accessories","7":"product_cat-goggles","8":"product_cat-livestock-producers","9":"product_cat-veterinarians","10":"pa_applications-backfat-measurements","11":"pa_applications-carcas-merit","12":"pa_applications-embryo-transfer","13":"pa_applications-follicles","14":"pa_applications-lungs","15":"pa_applications-ovarian-doppler","16":"pa_applications-ovum-pick-up","17":"pa_applications-pregnancy","18":"pa_applications-reproduction","19":"pa_applications-testicles","20":"pa_applications-udders","21":"pa_applications-urology","22":"pa_species-beef-cattle","23":"pa_species-dairy-cattle","24":"pa_species-horses","25":"berocket_brand-draminski","27":"first","28":"instock","29":"taxable","30":"shipping-taxable","31":"purchasable","32":"product-type-simple"},"acf":[],"yoast_head":"<!-- This site is optimized with the Yoast SEO plugin v26.8 - https:\/\/yoast.com\/product\/yoast-seo-wordpress\/ -->\n<title>Draminski OLED Video Goggles - iScan Mini | ViiSona<\/title>\n<meta name=\"description\" content=\"Experience unparalleled image resolution with the Draminski OLED Goggle Headset, compatible with iScan Mini Ultrasound System. Offering exceptional contrast, brightness, and detail, these lightweight and comfortable goggles provide a clear view of your surroundings while working. Utilizing OLED technology, they deliver crisp, bright picture quality while consuming 5x less energy than traditional displays. The design allows simultaneous viewing of displayed images and surroundings, ensuring comfort during extended use. No charging required, powered by the ultrasound scanner, with included eyecups for sunny days.\" \/>\n<meta name=\"robots\" content=\"index, follow, max-snippet:-1, max-image-preview:large, max-video-preview:-1\" \/>\n<link rel=\"canonical\" href=\"https:\/\/viisona.com\/fr\/product\/oled-video-goggles-iscan-mini\/\" \/>\n<meta property=\"og:locale\" content=\"fr_FR\" \/>\n<meta property=\"og:type\" content=\"article\" \/>\n<meta property=\"og:title\" content=\"Draminski OLED Video Goggles - iScan Mini | ViiSona\" \/>\n<meta property=\"og:description\" content=\"Experience unparalleled image resolution with the Draminski OLED Goggle Headset, compatible with iScan Mini Ultrasound System. Offering exceptional contrast, brightness, and detail, these lightweight and comfortable goggles provide a clear view of your surroundings while working. Utilizing OLED technology, they deliver crisp, bright picture quality while consuming 5x less energy than traditional displays. The design allows simultaneous viewing of displayed images and surroundings, ensuring comfort during extended use. No charging required, powered by the ultrasound scanner, with included eyecups for sunny days.\" \/>\n<meta property=\"og:url\" content=\"https:\/\/viisona.com\/fr\/product\/oled-video-goggles-iscan-mini\/\" \/>\n<meta property=\"og:site_name\" content=\"ViiSona\" \/>\n<meta property=\"article:modified_time\" content=\"2025-02-19T15:21:27+00:00\" \/>\n<meta property=\"og:image\" content=\"https:\/\/viisona.com\/wp-content\/uploads\/2024\/11\/goggle-oled-1.jpg\" \/>\n\t<meta property=\"og:image:width\" content=\"890\" \/>\n\t<meta property=\"og:image:height\" content=\"890\" \/>\n\t<meta property=\"og:image:type\" content=\"image\/jpeg\" \/>\n<meta name=\"twitter:card\" content=\"summary_large_image\" \/>\n<meta name=\"twitter:label1\" content=\"Dur\u00e9e de lecture estim\u00e9e\" \/>\n\t<meta name=\"twitter:data1\" content=\"1 minute\" \/>\n<script type=\"application\/ld+json\" class=\"yoast-schema-graph\">{\"@context\":\"https:\/\/schema.org\",\"@graph\":[{\"@type\":\"WebPage\",\"@id\":\"https:\/\/viisona.com\/fr\/product\/oled-video-goggles-iscan-mini\/\",\"url\":\"https:\/\/viisona.com\/fr\/product\/oled-video-goggles-iscan-mini\/\",\"name\":\"Draminski OLED Video Goggles - iScan Mini | ViiSona\",\"isPartOf\":{\"@id\":\"https:\/\/viisona.com\/fr\/#website\"},\"primaryImageOfPage\":{\"@id\":\"https:\/\/viisona.com\/fr\/product\/oled-video-goggles-iscan-mini\/#primaryimage\"},\"image\":{\"@id\":\"https:\/\/viisona.com\/fr\/product\/oled-video-goggles-iscan-mini\/#primaryimage\"},\"thumbnailUrl\":\"https:\/\/viisona.com\/wp-content\/uploads\/2024\/11\/goggle-oled-1.jpg\",\"datePublished\":\"2024-11-21T05:11:48+00:00\",\"dateModified\":\"2025-02-19T15:21:27+00:00\",\"description\":\"Experience unparalleled image resolution with the Draminski OLED Goggle Headset, compatible with iScan Mini Ultrasound System. Offering exceptional contrast, brightness, and detail, these lightweight and comfortable goggles provide a clear view of your surroundings while working. Utilizing OLED technology, they deliver crisp, bright picture quality while consuming 5x less energy than traditional displays. The design allows simultaneous viewing of displayed images and surroundings, ensuring comfort during extended use. No charging required, powered by the ultrasound scanner, with included eyecups for sunny days.\",\"breadcrumb\":{\"@id\":\"https:\/\/viisona.com\/fr\/product\/oled-video-goggles-iscan-mini\/#breadcrumb\"},\"inLanguage\":\"fr-FR\",\"potentialAction\":[{\"@type\":\"ReadAction\",\"target\":[\"https:\/\/viisona.com\/fr\/product\/oled-video-goggles-iscan-mini\/\"]}]},{\"@type\":\"ImageObject\",\"inLanguage\":\"fr-FR\",\"@id\":\"https:\/\/viisona.com\/fr\/product\/oled-video-goggles-iscan-mini\/#primaryimage\",\"url\":\"https:\/\/viisona.com\/wp-content\/uploads\/2024\/11\/goggle-oled-1.jpg\",\"contentUrl\":\"https:\/\/viisona.com\/wp-content\/uploads\/2024\/11\/goggle-oled-1.jpg\",\"width\":890,\"height\":890},{\"@type\":\"BreadcrumbList\",\"@id\":\"https:\/\/viisona.com\/fr\/product\/oled-video-goggles-iscan-mini\/#breadcrumb\",\"itemListElement\":[{\"@type\":\"ListItem\",\"position\":1,\"name\":\"Home\",\"item\":\"https:\/\/viisona.com\/fr\/accueil\/\"},{\"@type\":\"ListItem\",\"position\":2,\"name\":\"Boutique\",\"item\":\"https:\/\/viisona.com\/fr\/boutique\/\"},{\"@type\":\"ListItem\",\"position\":3,\"name\":\"OLED Video Goggles &#8211; iScan Mini\"}]},{\"@type\":\"WebSite\",\"@id\":\"https:\/\/viisona.com\/fr\/#website\",\"url\":\"https:\/\/viisona.com\/fr\/\",\"name\":\"ViiSona\",\"description\":\"Am\u00e9liorer les r\u00e9sultats pour les agriculteurs et les s\u00e9lectionneurs dans les communaut\u00e9s agricoles et de s\u00e9lection.\",\"publisher\":{\"@id\":\"https:\/\/viisona.com\/fr\/#organization\"},\"potentialAction\":[{\"@type\":\"SearchAction\",\"target\":{\"@type\":\"EntryPoint\",\"urlTemplate\":\"https:\/\/viisona.com\/fr\/?s={search_term_string}\"},\"query-input\":{\"@type\":\"PropertyValueSpecification\",\"valueRequired\":true,\"valueName\":\"search_term_string\"}}],\"inLanguage\":\"fr-FR\"},{\"@type\":\"Organization\",\"@id\":\"https:\/\/viisona.com\/fr\/#organization\",\"name\":\"ViiSona\",\"url\":\"https:\/\/viisona.com\/fr\/\",\"logo\":{\"@type\":\"ImageObject\",\"inLanguage\":\"fr-FR\",\"@id\":\"https:\/\/viisona.com\/fr\/#\/schema\/logo\/image\/\",\"url\":\"https:\/\/viisona.com\/wp-content\/uploads\/2020\/08\/viisona_1_FULLY_RASTERED.png\",\"contentUrl\":\"https:\/\/viisona.com\/wp-content\/uploads\/2020\/08\/viisona_1_FULLY_RASTERED.png\",\"width\":1080,\"height\":307,\"caption\":\"ViiSona\"},\"image\":{\"@id\":\"https:\/\/viisona.com\/fr\/#\/schema\/logo\/image\/\"}}]}<\/script>\n<!-- \/ Yoast SEO plugin. -->","yoast_head_json":{"title":"Draminski OLED Video Goggles - iScan Mini | ViiSona","description":"Experience unparalleled image resolution with the Draminski OLED Goggle Headset, compatible with iScan Mini Ultrasound System. Offering exceptional contrast, brightness, and detail, these lightweight and comfortable goggles provide a clear view of your surroundings while working. Utilizing OLED technology, they deliver crisp, bright picture quality while consuming 5x less energy than traditional displays. The design allows simultaneous viewing of displayed images and surroundings, ensuring comfort during extended use. No charging required, powered by the ultrasound scanner, with included eyecups for sunny days.","robots":{"index":"index","follow":"follow","max-snippet":"max-snippet:-1","max-image-preview":"max-image-preview:large","max-video-preview":"max-video-preview:-1"},"canonical":"https:\/\/viisona.com\/fr\/product\/oled-video-goggles-iscan-mini\/","og_locale":"fr_FR","og_type":"article","og_title":"Draminski OLED Video Goggles - iScan Mini | ViiSona","og_description":"Experience unparalleled image resolution with the Draminski OLED Goggle Headset, compatible with iScan Mini Ultrasound System. Offering exceptional contrast, brightness, and detail, these lightweight and comfortable goggles provide a clear view of your surroundings while working. Utilizing OLED technology, they deliver crisp, bright picture quality while consuming 5x less energy than traditional displays. The design allows simultaneous viewing of displayed images and surroundings, ensuring comfort during extended use. No charging required, powered by the ultrasound scanner, with included eyecups for sunny days.","og_url":"https:\/\/viisona.com\/fr\/product\/oled-video-goggles-iscan-mini\/","og_site_name":"ViiSona","article_modified_time":"2025-02-19T15:21:27+00:00","og_image":[{"width":890,"height":890,"url":"https:\/\/viisona.com\/wp-content\/uploads\/2024\/11\/goggle-oled-1.jpg","type":"image\/jpeg"}],"twitter_card":"summary_large_image","twitter_misc":{"Dur\u00e9e de lecture estim\u00e9e":"1 minute"},"schema":{"@context":"https:\/\/schema.org","@graph":[{"@type":"WebPage","@id":"https:\/\/viisona.com\/fr\/product\/oled-video-goggles-iscan-mini\/","url":"https:\/\/viisona.com\/fr\/product\/oled-video-goggles-iscan-mini\/","name":"Draminski OLED Video Goggles - iScan Mini | ViiSona","isPartOf":{"@id":"https:\/\/viisona.com\/fr\/#website"},"primaryImageOfPage":{"@id":"https:\/\/viisona.com\/fr\/product\/oled-video-goggles-iscan-mini\/#primaryimage"},"image":{"@id":"https:\/\/viisona.com\/fr\/product\/oled-video-goggles-iscan-mini\/#primaryimage"},"thumbnailUrl":"https:\/\/viisona.com\/wp-content\/uploads\/2024\/11\/goggle-oled-1.jpg","datePublished":"2024-11-21T05:11:48+00:00","dateModified":"2025-02-19T15:21:27+00:00","description":"Experience unparalleled image resolution with the Draminski OLED Goggle Headset, compatible with iScan Mini Ultrasound System. Offering exceptional contrast, brightness, and detail, these lightweight and comfortable goggles provide a clear view of your surroundings while working. Utilizing OLED technology, they deliver crisp, bright picture quality while consuming 5x less energy than traditional displays. The design allows simultaneous viewing of displayed images and surroundings, ensuring comfort during extended use. No charging required, powered by the ultrasound scanner, with included eyecups for sunny days.","breadcrumb":{"@id":"https:\/\/viisona.com\/fr\/product\/oled-video-goggles-iscan-mini\/#breadcrumb"},"inLanguage":"fr-FR","potentialAction":[{"@type":"ReadAction","target":["https:\/\/viisona.com\/fr\/product\/oled-video-goggles-iscan-mini\/"]}]},{"@type":"ImageObject","inLanguage":"fr-FR","@id":"https:\/\/viisona.com\/fr\/product\/oled-video-goggles-iscan-mini\/#primaryimage","url":"https:\/\/viisona.com\/wp-content\/uploads\/2024\/11\/goggle-oled-1.jpg","contentUrl":"https:\/\/viisona.com\/wp-content\/uploads\/2024\/11\/goggle-oled-1.jpg","width":890,"height":890},{"@type":"BreadcrumbList","@id":"https:\/\/viisona.com\/fr\/product\/oled-video-goggles-iscan-mini\/#breadcrumb","itemListElement":[{"@type":"ListItem","position":1,"name":"Home","item":"https:\/\/viisona.com\/fr\/accueil\/"},{"@type":"ListItem","position":2,"name":"Boutique","item":"https:\/\/viisona.com\/fr\/boutique\/"},{"@type":"ListItem","position":3,"name":"OLED Video Goggles &#8211; iScan Mini"}]},{"@type":"WebSite","@id":"https:\/\/viisona.com\/fr\/#website","url":"https:\/\/viisona.com\/fr\/","name":"ViiSona","description":"Am\u00e9liorer les r\u00e9sultats pour les agriculteurs et les s\u00e9lectionneurs dans les communaut\u00e9s agricoles et de s\u00e9lection.","publisher":{"@id":"https:\/\/viisona.com\/fr\/#organization"},"potentialAction":[{"@type":"SearchAction","target":{"@type":"EntryPoint","urlTemplate":"https:\/\/viisona.com\/fr\/?s={search_term_string}"},"query-input":{"@type":"PropertyValueSpecification","valueRequired":true,"valueName":"search_term_string"}}],"inLanguage":"fr-FR"},{"@type":"Organization","@id":"https:\/\/viisona.com\/fr\/#organization","name":"ViiSona","url":"https:\/\/viisona.com\/fr\/","logo":{"@type":"ImageObject","inLanguage":"fr-FR","@id":"https:\/\/viisona.com\/fr\/#\/schema\/logo\/image\/","url":"https:\/\/viisona.com\/wp-content\/uploads\/2020\/08\/viisona_1_FULLY_RASTERED.png","contentUrl":"https:\/\/viisona.com\/wp-content\/uploads\/2020\/08\/viisona_1_FULLY_RASTERED.png","width":1080,"height":307,"caption":"ViiSona"},"image":{"@id":"https:\/\/viisona.com\/fr\/#\/schema\/logo\/image\/"}}]}},"jetpack_sharing_enabled":true,"_links":{"self":[{"href":"https:\/\/viisona.com\/fr\/wp-json\/wp\/v2\/product\/5463","targetHints":{"allow":["GET"]}}],"collection":[{"href":"https:\/\/viisona.com\/fr\/wp-json\/wp\/v2\/product"}],"about":[{"href":"https:\/\/viisona.com\/fr\/wp-json\/wp\/v2\/types\/product"}],"wp:featuredmedia":[{"embeddable":true,"href":"https:\/\/viisona.com\/fr\/wp-json\/wp\/v2\/media\/5555"}],"wp:attachment":[{"href":"https:\/\/viisona.com\/fr\/wp-json\/wp\/v2\/media?parent=5463"}],"wp:term":[{"taxonomy":"product_cat","embeddable":true,"href":"https:\/\/viisona.com\/fr\/wp-json\/wp\/v2\/product_cat?post=5463"},{"taxonomy":"product_tag","embeddable":true,"href":"https:\/\/viisona.com\/fr\/wp-json\/wp\/v2\/product_tag?post=5463"},{"taxonomy":"berocket_brand","embeddable":true,"href":"https:\/\/viisona.com\/fr\/wp-json\/wp\/v2\/berocket_brand?post=5463"}],"curies":[{"name":"wp","href":"https:\/\/api.w.org\/{rel}","templated":true}]}}