{"id":5452,"date":"2024-11-20T06:46:02","date_gmt":"2024-11-20T06:46:02","guid":{"rendered":"https:\/\/viisona.com\/?post_type=product&#038;p=5452"},"modified":"2025-05-22T03:25:51","modified_gmt":"2025-05-22T03:25:51","slug":"sonde-opu-micro-convexe-draminski-181-copy","status":"publish","type":"product","link":"https:\/\/viisona.com\/fr\/product\/sonde-opu-micro-convexe-draminski-181-copy\/","title":{"rendered":"Sonde 181 &#8211; OPU Transducer Monoblock &#8211; Sonde et poign\u00e9e"},"content":{"rendered":"<p><span style=\"font-weight: 400;\">Kit de proc\u00e9dure OPU avec sonde fixe int\u00e9gr\u00e9e.<\/span><\/p>\n<p><span style=\"font-weight: 400;\"><br \/>\nLa sonde Micro-Convex Ovum Pick Up Probe avec 128 cristaux est id\u00e9ale pour les travaux d&#8217;OPU sur les grands animaux. Avec un rayon de 11 mm et une fr\u00e9quence de 4 \u00e0 9 MHz (fr\u00e9quence principale de 6,5 MHz), la sonde OPU offre des profondeurs de balayage de 40, 60, 80, 100, 120 et 150 mm.<\/span><\/p>\n<p><span style=\"font-weight: 400;\">Garantie du fabricant &#8211; 1 an<\/span><\/p>\n","protected":false},"excerpt":{"rendered":"<p><span style=\"font-weight: 400;\">La sonde OPU micro-convexe de Draminski, dot\u00e9e de 128 cristaux, d&#8217;une fr\u00e9quence de 4 \u00e0 9 MHz et d&#8217;une profondeur de balayage allant jusqu&#8217;\u00e0 15 cm, est id\u00e9ale pour le pr\u00e9l\u00e8vement d&#8217;ovules et les examens trans-vaginaux chez les bovins et les chevaux.  <\/span><\/p>\n<p><span style=\"font-weight: 400;\">Compatible avec les syst\u00e8mes d&#8217;\u00e9chographie iScan 2 Multi, 4Vet Slim et 4Vet Blue.  <\/span><\/p>\n","protected":false},"featured_media":5455,"template":"","meta":{"_acf_changed":false,"inline_featured_image":false},"product_cat":[542,500,490,501,483],"product_tag":[],"berocket_brand":[502],"class_list":{"0":"post-5452","1":"product","2":"type-product","3":"status-publish","4":"has-post-thumbnail","6":"product_cat-accessoires","7":"product_cat-eleveurs","8":"product_cat-producteurs","9":"product_cat-sondes","10":"product_cat-veterinaires","11":"pa_applications-follicules","12":"pa_applications-ramassage-de-lovule","13":"pa_applications-reproduction-fr","14":"pa_applications-transfert-dembryons","15":"pa_species-animaux-exotiques","16":"pa_species-bovins-de-boucherie","17":"pa_species-bovins-laitiers","18":"pa_species-chevaux","19":"berocket_brand-draminski-fr","21":"first","22":"instock","23":"taxable","24":"shipping-taxable","25":"purchasable","26":"product-type-simple"},"acf":[],"yoast_head":"<!-- This site is optimized with the Yoast SEO plugin v26.8 - https:\/\/yoast.com\/product\/yoast-seo-wordpress\/ -->\n<title>Draminski Sonde 181 - OPU Transducer Monoblock - Sonde et poign\u00e9e | ViiSona<\/title>\n<meta name=\"description\" content=\"La sonde Micro-Convex Ovum Pick Up Probe avec 128 cristaux est id\u00e9ale pour les travaux d&#039;OPU sur les grands animaux. Avec un rayon de 11 mm et une fr\u00e9quence de 4 \u00e0 9 MHz (fr\u00e9quence principale de 6,5 MHz), la sonde OPU offre des profondeurs de balayage de 40, 60, 80, 100, 120 et 150 mm. N\u00e9cessite l&#039;utilisation de la tige Ovum PIck Up pour l&#039;OPU\/vendue ensemble pour tous les travaux de l&#039;OPU. Compatible avec les syst\u00e8mes d&#039;\u00e9chographie iScan 2 Multi, 4Vet Slim et 4Vet Blue.\" \/>\n<meta name=\"robots\" content=\"index, follow, max-snippet:-1, max-image-preview:large, max-video-preview:-1\" \/>\n<link rel=\"canonical\" href=\"https:\/\/viisona.com\/fr\/product\/sonde-opu-micro-convexe-draminski-181-copy\/\" \/>\n<meta property=\"og:locale\" content=\"fr_FR\" \/>\n<meta property=\"og:type\" content=\"article\" \/>\n<meta property=\"og:title\" content=\"Draminski Sonde 181 - OPU Transducer Monoblock - Sonde et poign\u00e9e | ViiSona\" \/>\n<meta property=\"og:description\" content=\"La sonde Micro-Convex Ovum Pick Up Probe avec 128 cristaux est id\u00e9ale pour les travaux d&#039;OPU sur les grands animaux. Avec un rayon de 11 mm et une fr\u00e9quence de 4 \u00e0 9 MHz (fr\u00e9quence principale de 6,5 MHz), la sonde OPU offre des profondeurs de balayage de 40, 60, 80, 100, 120 et 150 mm. N\u00e9cessite l&#039;utilisation de la tige Ovum PIck Up pour l&#039;OPU\/vendue ensemble pour tous les travaux de l&#039;OPU. Compatible avec les syst\u00e8mes d&#039;\u00e9chographie iScan 2 Multi, 4Vet Slim et 4Vet Blue.\" \/>\n<meta property=\"og:url\" content=\"https:\/\/viisona.com\/fr\/product\/sonde-opu-micro-convexe-draminski-181-copy\/\" \/>\n<meta property=\"og:site_name\" content=\"ViiSona\" \/>\n<meta property=\"article:modified_time\" content=\"2025-05-22T03:25:51+00:00\" \/>\n<meta property=\"og:image\" content=\"https:\/\/viisona.com\/wp-content\/uploads\/2024\/11\/AKCUSG086.jpg\" \/>\n\t<meta property=\"og:image:width\" content=\"1920\" \/>\n\t<meta property=\"og:image:height\" content=\"1432\" \/>\n\t<meta property=\"og:image:type\" content=\"image\/jpeg\" \/>\n<meta name=\"twitter:card\" content=\"summary_large_image\" \/>\n<meta name=\"twitter:label1\" content=\"Dur\u00e9e de lecture estim\u00e9e\" \/>\n\t<meta name=\"twitter:data1\" content=\"2 minutes\" \/>\n<script type=\"application\/ld+json\" class=\"yoast-schema-graph\">{\"@context\":\"https:\/\/schema.org\",\"@graph\":[{\"@type\":\"WebPage\",\"@id\":\"https:\/\/viisona.com\/fr\/product\/sonde-opu-micro-convexe-draminski-181-copy\/\",\"url\":\"https:\/\/viisona.com\/fr\/product\/sonde-opu-micro-convexe-draminski-181-copy\/\",\"name\":\"Draminski Sonde 181 - OPU Transducer Monoblock - Sonde et poign\u00e9e | ViiSona\",\"isPartOf\":{\"@id\":\"https:\/\/viisona.com\/fr\/#website\"},\"primaryImageOfPage\":{\"@id\":\"https:\/\/viisona.com\/fr\/product\/sonde-opu-micro-convexe-draminski-181-copy\/#primaryimage\"},\"image\":{\"@id\":\"https:\/\/viisona.com\/fr\/product\/sonde-opu-micro-convexe-draminski-181-copy\/#primaryimage\"},\"thumbnailUrl\":\"https:\/\/viisona.com\/wp-content\/uploads\/2024\/11\/AKCUSG086.jpg\",\"datePublished\":\"2024-11-20T06:46:02+00:00\",\"dateModified\":\"2025-05-22T03:25:51+00:00\",\"description\":\"La sonde Micro-Convex Ovum Pick Up Probe avec 128 cristaux est id\u00e9ale pour les travaux d'OPU sur les grands animaux. Avec un rayon de 11 mm et une fr\u00e9quence de 4 \u00e0 9 MHz (fr\u00e9quence principale de 6,5 MHz), la sonde OPU offre des profondeurs de balayage de 40, 60, 80, 100, 120 et 150 mm. N\u00e9cessite l'utilisation de la tige Ovum PIck Up pour l'OPU\/vendue ensemble pour tous les travaux de l'OPU. Compatible avec les syst\u00e8mes d'\u00e9chographie iScan 2 Multi, 4Vet Slim et 4Vet Blue.\",\"breadcrumb\":{\"@id\":\"https:\/\/viisona.com\/fr\/product\/sonde-opu-micro-convexe-draminski-181-copy\/#breadcrumb\"},\"inLanguage\":\"fr-FR\",\"potentialAction\":[{\"@type\":\"ReadAction\",\"target\":[\"https:\/\/viisona.com\/fr\/product\/sonde-opu-micro-convexe-draminski-181-copy\/\"]}]},{\"@type\":\"ImageObject\",\"inLanguage\":\"fr-FR\",\"@id\":\"https:\/\/viisona.com\/fr\/product\/sonde-opu-micro-convexe-draminski-181-copy\/#primaryimage\",\"url\":\"https:\/\/viisona.com\/wp-content\/uploads\/2024\/11\/AKCUSG086.jpg\",\"contentUrl\":\"https:\/\/viisona.com\/wp-content\/uploads\/2024\/11\/AKCUSG086.jpg\",\"width\":1920,\"height\":1432},{\"@type\":\"BreadcrumbList\",\"@id\":\"https:\/\/viisona.com\/fr\/product\/sonde-opu-micro-convexe-draminski-181-copy\/#breadcrumb\",\"itemListElement\":[{\"@type\":\"ListItem\",\"position\":1,\"name\":\"Home\",\"item\":\"https:\/\/viisona.com\/fr\/accueil\/\"},{\"@type\":\"ListItem\",\"position\":2,\"name\":\"Boutique\",\"item\":\"https:\/\/viisona.com\/fr\/boutique\/\"},{\"@type\":\"ListItem\",\"position\":3,\"name\":\"Sonde 181 &#8211; OPU Transducer Monoblock &#8211; Sonde et poign\u00e9e\"}]},{\"@type\":\"WebSite\",\"@id\":\"https:\/\/viisona.com\/fr\/#website\",\"url\":\"https:\/\/viisona.com\/fr\/\",\"name\":\"ViiSona\",\"description\":\"Am\u00e9liorer les r\u00e9sultats pour les agriculteurs et les s\u00e9lectionneurs dans les communaut\u00e9s agricoles et de s\u00e9lection.\",\"publisher\":{\"@id\":\"https:\/\/viisona.com\/fr\/#organization\"},\"potentialAction\":[{\"@type\":\"SearchAction\",\"target\":{\"@type\":\"EntryPoint\",\"urlTemplate\":\"https:\/\/viisona.com\/fr\/?s={search_term_string}\"},\"query-input\":{\"@type\":\"PropertyValueSpecification\",\"valueRequired\":true,\"valueName\":\"search_term_string\"}}],\"inLanguage\":\"fr-FR\"},{\"@type\":\"Organization\",\"@id\":\"https:\/\/viisona.com\/fr\/#organization\",\"name\":\"ViiSona\",\"url\":\"https:\/\/viisona.com\/fr\/\",\"logo\":{\"@type\":\"ImageObject\",\"inLanguage\":\"fr-FR\",\"@id\":\"https:\/\/viisona.com\/fr\/#\/schema\/logo\/image\/\",\"url\":\"https:\/\/viisona.com\/wp-content\/uploads\/2020\/08\/viisona_1_FULLY_RASTERED.png\",\"contentUrl\":\"https:\/\/viisona.com\/wp-content\/uploads\/2020\/08\/viisona_1_FULLY_RASTERED.png\",\"width\":1080,\"height\":307,\"caption\":\"ViiSona\"},\"image\":{\"@id\":\"https:\/\/viisona.com\/fr\/#\/schema\/logo\/image\/\"}}]}<\/script>\n<!-- \/ Yoast SEO plugin. -->","yoast_head_json":{"title":"Draminski Sonde 181 - OPU Transducer Monoblock - Sonde et poign\u00e9e | ViiSona","description":"La sonde Micro-Convex Ovum Pick Up Probe avec 128 cristaux est id\u00e9ale pour les travaux d'OPU sur les grands animaux. Avec un rayon de 11 mm et une fr\u00e9quence de 4 \u00e0 9 MHz (fr\u00e9quence principale de 6,5 MHz), la sonde OPU offre des profondeurs de balayage de 40, 60, 80, 100, 120 et 150 mm. N\u00e9cessite l'utilisation de la tige Ovum PIck Up pour l'OPU\/vendue ensemble pour tous les travaux de l'OPU. Compatible avec les syst\u00e8mes d'\u00e9chographie iScan 2 Multi, 4Vet Slim et 4Vet Blue.","robots":{"index":"index","follow":"follow","max-snippet":"max-snippet:-1","max-image-preview":"max-image-preview:large","max-video-preview":"max-video-preview:-1"},"canonical":"https:\/\/viisona.com\/fr\/product\/sonde-opu-micro-convexe-draminski-181-copy\/","og_locale":"fr_FR","og_type":"article","og_title":"Draminski Sonde 181 - OPU Transducer Monoblock - Sonde et poign\u00e9e | ViiSona","og_description":"La sonde Micro-Convex Ovum Pick Up Probe avec 128 cristaux est id\u00e9ale pour les travaux d'OPU sur les grands animaux. Avec un rayon de 11 mm et une fr\u00e9quence de 4 \u00e0 9 MHz (fr\u00e9quence principale de 6,5 MHz), la sonde OPU offre des profondeurs de balayage de 40, 60, 80, 100, 120 et 150 mm. N\u00e9cessite l'utilisation de la tige Ovum PIck Up pour l'OPU\/vendue ensemble pour tous les travaux de l'OPU. Compatible avec les syst\u00e8mes d'\u00e9chographie iScan 2 Multi, 4Vet Slim et 4Vet Blue.","og_url":"https:\/\/viisona.com\/fr\/product\/sonde-opu-micro-convexe-draminski-181-copy\/","og_site_name":"ViiSona","article_modified_time":"2025-05-22T03:25:51+00:00","og_image":[{"width":1920,"height":1432,"url":"https:\/\/viisona.com\/wp-content\/uploads\/2024\/11\/AKCUSG086.jpg","type":"image\/jpeg"}],"twitter_card":"summary_large_image","twitter_misc":{"Dur\u00e9e de lecture estim\u00e9e":"2 minutes"},"schema":{"@context":"https:\/\/schema.org","@graph":[{"@type":"WebPage","@id":"https:\/\/viisona.com\/fr\/product\/sonde-opu-micro-convexe-draminski-181-copy\/","url":"https:\/\/viisona.com\/fr\/product\/sonde-opu-micro-convexe-draminski-181-copy\/","name":"Draminski Sonde 181 - OPU Transducer Monoblock - Sonde et poign\u00e9e | ViiSona","isPartOf":{"@id":"https:\/\/viisona.com\/fr\/#website"},"primaryImageOfPage":{"@id":"https:\/\/viisona.com\/fr\/product\/sonde-opu-micro-convexe-draminski-181-copy\/#primaryimage"},"image":{"@id":"https:\/\/viisona.com\/fr\/product\/sonde-opu-micro-convexe-draminski-181-copy\/#primaryimage"},"thumbnailUrl":"https:\/\/viisona.com\/wp-content\/uploads\/2024\/11\/AKCUSG086.jpg","datePublished":"2024-11-20T06:46:02+00:00","dateModified":"2025-05-22T03:25:51+00:00","description":"La sonde Micro-Convex Ovum Pick Up Probe avec 128 cristaux est id\u00e9ale pour les travaux d'OPU sur les grands animaux. Avec un rayon de 11 mm et une fr\u00e9quence de 4 \u00e0 9 MHz (fr\u00e9quence principale de 6,5 MHz), la sonde OPU offre des profondeurs de balayage de 40, 60, 80, 100, 120 et 150 mm. N\u00e9cessite l'utilisation de la tige Ovum PIck Up pour l'OPU\/vendue ensemble pour tous les travaux de l'OPU. Compatible avec les syst\u00e8mes d'\u00e9chographie iScan 2 Multi, 4Vet Slim et 4Vet Blue.","breadcrumb":{"@id":"https:\/\/viisona.com\/fr\/product\/sonde-opu-micro-convexe-draminski-181-copy\/#breadcrumb"},"inLanguage":"fr-FR","potentialAction":[{"@type":"ReadAction","target":["https:\/\/viisona.com\/fr\/product\/sonde-opu-micro-convexe-draminski-181-copy\/"]}]},{"@type":"ImageObject","inLanguage":"fr-FR","@id":"https:\/\/viisona.com\/fr\/product\/sonde-opu-micro-convexe-draminski-181-copy\/#primaryimage","url":"https:\/\/viisona.com\/wp-content\/uploads\/2024\/11\/AKCUSG086.jpg","contentUrl":"https:\/\/viisona.com\/wp-content\/uploads\/2024\/11\/AKCUSG086.jpg","width":1920,"height":1432},{"@type":"BreadcrumbList","@id":"https:\/\/viisona.com\/fr\/product\/sonde-opu-micro-convexe-draminski-181-copy\/#breadcrumb","itemListElement":[{"@type":"ListItem","position":1,"name":"Home","item":"https:\/\/viisona.com\/fr\/accueil\/"},{"@type":"ListItem","position":2,"name":"Boutique","item":"https:\/\/viisona.com\/fr\/boutique\/"},{"@type":"ListItem","position":3,"name":"Sonde 181 &#8211; OPU Transducer Monoblock &#8211; Sonde et poign\u00e9e"}]},{"@type":"WebSite","@id":"https:\/\/viisona.com\/fr\/#website","url":"https:\/\/viisona.com\/fr\/","name":"ViiSona","description":"Am\u00e9liorer les r\u00e9sultats pour les agriculteurs et les s\u00e9lectionneurs dans les communaut\u00e9s agricoles et de s\u00e9lection.","publisher":{"@id":"https:\/\/viisona.com\/fr\/#organization"},"potentialAction":[{"@type":"SearchAction","target":{"@type":"EntryPoint","urlTemplate":"https:\/\/viisona.com\/fr\/?s={search_term_string}"},"query-input":{"@type":"PropertyValueSpecification","valueRequired":true,"valueName":"search_term_string"}}],"inLanguage":"fr-FR"},{"@type":"Organization","@id":"https:\/\/viisona.com\/fr\/#organization","name":"ViiSona","url":"https:\/\/viisona.com\/fr\/","logo":{"@type":"ImageObject","inLanguage":"fr-FR","@id":"https:\/\/viisona.com\/fr\/#\/schema\/logo\/image\/","url":"https:\/\/viisona.com\/wp-content\/uploads\/2020\/08\/viisona_1_FULLY_RASTERED.png","contentUrl":"https:\/\/viisona.com\/wp-content\/uploads\/2020\/08\/viisona_1_FULLY_RASTERED.png","width":1080,"height":307,"caption":"ViiSona"},"image":{"@id":"https:\/\/viisona.com\/fr\/#\/schema\/logo\/image\/"}}]}},"jetpack_sharing_enabled":true,"_links":{"self":[{"href":"https:\/\/viisona.com\/fr\/wp-json\/wp\/v2\/product\/5452","targetHints":{"allow":["GET"]}}],"collection":[{"href":"https:\/\/viisona.com\/fr\/wp-json\/wp\/v2\/product"}],"about":[{"href":"https:\/\/viisona.com\/fr\/wp-json\/wp\/v2\/types\/product"}],"wp:featuredmedia":[{"embeddable":true,"href":"https:\/\/viisona.com\/fr\/wp-json\/wp\/v2\/media\/5455"}],"wp:attachment":[{"href":"https:\/\/viisona.com\/fr\/wp-json\/wp\/v2\/media?parent=5452"}],"wp:term":[{"taxonomy":"product_cat","embeddable":true,"href":"https:\/\/viisona.com\/fr\/wp-json\/wp\/v2\/product_cat?post=5452"},{"taxonomy":"product_tag","embeddable":true,"href":"https:\/\/viisona.com\/fr\/wp-json\/wp\/v2\/product_tag?post=5452"},{"taxonomy":"berocket_brand","embeddable":true,"href":"https:\/\/viisona.com\/fr\/wp-json\/wp\/v2\/berocket_brand?post=5452"}],"curies":[{"name":"wp","href":"https:\/\/api.w.org\/{rel}","templated":true}]}}