{"id":5300,"date":"2024-05-06T23:02:31","date_gmt":"2024-05-06T23:02:31","guid":{"rendered":"https:\/\/viisona.com\/?post_type=product&#038;p=5300"},"modified":"2025-05-22T03:25:51","modified_gmt":"2025-05-22T03:25:51","slug":"icl3-transducteur-convexe-a-penetration-profonde-pour-ibex-copy","status":"publish","type":"product","link":"https:\/\/viisona.com\/fr\/product\/icl3-transducteur-convexe-a-penetration-profonde-pour-ibex-copy\/","title":{"rendered":"iCL3 Transducteur convexe \u00e0 p\u00e9n\u00e9tration profonde pour iBex"},"content":{"rendered":"<h1><span style=\"font-weight: 400;\">Sonde d&#8217;\u00e9chographie abdominale convexe EI Medical iCL3<\/span><\/h1>\n<p><span style=\"font-weight: 400;\">Sonde convexe \u00e0 basse fr\u00e9quence (2,5-5 MHz), \u00e0 p\u00e9n\u00e9tration profonde, offrant une profondeur de balayage de 24 cm. Gr\u00e2ce \u00e0 sa basse fr\u00e9quence et \u00e0 sa profondeur de p\u00e9n\u00e9tration, l&#8217;iCL3 est con\u00e7u pour l&#8217;abdomen des grands animaux, les animaux exotiques et les petits ruminants.<\/span><\/p>\n<p><span style=\"font-weight: 400;\">Tous les c\u00e2bles EI Medical ont \u00e9t\u00e9 test\u00e9s \u00e0 1,2 million de cycles de flexion. Ils sont dot\u00e9s d&#8217;une gaine con\u00e7ue sur mesure pour une durabilit\u00e9 extr\u00eame, sont r\u00e9sistants aux produits chimiques et biocompatibles. Les c\u00e2bles de sonde d&#8217;EI Medical sont sp\u00e9cialement con\u00e7us pour \u00eatre utilis\u00e9s dans des environnements animaux difficiles. La gaine du c\u00e2ble en polyur\u00e9thane est extr\u00eamement durable, r\u00e9sistante aux produits chimiques et biocompatible selon USP Class VI, le coaxial en alliage de cuivre et le blindage en alliage de cuivre ont \u00e9t\u00e9 d\u00e9velopp\u00e9s pour un allongement contr\u00f4l\u00e9, et des \u00e9l\u00e9ments de r\u00e9sistance en kevlar sont incorpor\u00e9s dans le faisceau de c\u00e2bles pour prot\u00e9ger le coaxial contre les ruptures.<\/span><\/p>\n<p><span style=\"font-weight: 400;\">Compatible avec les mod\u00e8les PRO, LITE et HR Ultrasound.  <\/span><\/p>\n<p><a href=\"https:\/\/www.eimedical.com\/blog\/removing-tape-from-new-transducer\"><span style=\"font-weight: 400;\">Retirer le ruban adh\u00e9sif de votre nouveau transducteur d&#8217;\u00e9chographie iBex<\/span><\/a><\/p>\n","protected":false},"excerpt":{"rendered":"<p><span style=\"font-weight: 400;\">Le transducteur lin\u00e9aire basse fr\u00e9quence 2,5-5 MHz offre une profondeur de balayage de 24 cm. Il est con\u00e7u pour l&#8217;abdomen des grands animaux, les animaux exotiques et les petits ruminants, et s&#8217;associe aux syst\u00e8mes d&#8217;\u00e9chographie PRO, LITE et HR. Tous les transducteurs sont con\u00e7us sp\u00e9cifiquement pour les environnements difficiles, mais si le pire se produit, ils peuvent \u00e9galement \u00eatre r\u00e9par\u00e9s !<\/span><\/p>\n<p><span style=\"font-weight: 400;\">Compatible avec les mod\u00e8les PRO, LITE et LITE HR.<\/span><\/p>\n","protected":false},"featured_media":4829,"template":"","meta":{"_acf_changed":false,"inline_featured_image":false},"product_cat":[500,490,501,483],"product_tag":[790,936,938,945,943,937,942,941,939,944,940],"berocket_brand":[446],"class_list":{"0":"post-5300","1":"product","2":"type-product","3":"status-publish","4":"has-post-thumbnail","6":"product_cat-eleveurs","7":"product_cat-producteurs","8":"product_cat-sondes","9":"product_cat-veterinaires","10":"product_tag-ibex-fr","11":"product_tag-sonde-a-ultrasons","12":"product_tag-sonde-abdominale-convexe","13":"product_tag-sonde-abdominale-convexe-de-bouquetin","14":"product_tag-sonde-convexe-ibex","15":"product_tag-sondes-a-ultrasons","16":"product_tag-sondes-a-ultrasons-ibex","17":"product_tag-sondes-medicales-ei","18":"product_tag-transducteur-abdominal-convexe","19":"product_tag-transducteur-abdominal-convexe-ibex","20":"product_tag-transducteur-convexe","21":"pa_applications-abdominal-fr","22":"pa_species-animaux-exotiques","23":"pa_species-bovins-de-boucherie","24":"pa_species-bovins-laitiers","25":"pa_species-chevaux","26":"berocket_brand-ibex-fr","28":"first","29":"instock","30":"taxable","31":"shipping-taxable","32":"purchasable","33":"product-type-simple"},"acf":[],"yoast_head":"<!-- This site is optimized with the Yoast SEO plugin v26.8 - https:\/\/yoast.com\/product\/yoast-seo-wordpress\/ -->\n<title>iBex iCL3 Transducteur convexe \u00e0 p\u00e9n\u00e9tration profonde pour iBex | ViiSona<\/title>\n<meta name=\"description\" content=\"Le transducteur convexe iCL3 d&#039;EI Medical est un outil polyvalent con\u00e7u pour les syst\u00e8mes d&#039;\u00e9chographie iBex, offrant des capacit\u00e9s de p\u00e9n\u00e9tration profonde pour une gamme d&#039;applications v\u00e9t\u00e9rinaires. Avec sa gamme de basses fr\u00e9quences de 2,5 \u00e0 5 MHz et ses 128 cristaux, cette sonde offre une qualit\u00e9 d&#039;imagerie exceptionnelle pour les examens transabdominaux chez divers animaux, notamment les bovins, les chevaux, les petits ruminants, les cam\u00e9lid\u00e9s, les grands chiens, les animaux exotiques et les animaux sauvages. Sa profondeur de balayage de 24 cm garantit une visualisation compl\u00e8te des structures internes, ce qui la rend id\u00e9ale pour les examens abdominaux, les \u00e9valuations du cou et du dos des \u00e9quid\u00e9s, etc. Con\u00e7ue pour durer, la sonde b\u00e9n\u00e9ficie d&#039;une construction robuste et d&#039;une gaine de c\u00e2ble con\u00e7ue sur mesure, r\u00e9sistante aux produits chimiques et biocompatible, ce qui garantit des performances fiables, m\u00eame dans les environnements animaliers difficiles. Que ce soit sur le terrain ou en clinique, la sonde convexe iCL3 offre aux professionnels v\u00e9t\u00e9rinaires des solutions d&#039;imagerie de haute qualit\u00e9 pour un diagnostic et un traitement pr\u00e9cis.\" \/>\n<meta name=\"robots\" content=\"index, follow, max-snippet:-1, max-image-preview:large, max-video-preview:-1\" \/>\n<link rel=\"canonical\" href=\"https:\/\/viisona.com\/fr\/product\/icl3-transducteur-convexe-a-penetration-profonde-pour-ibex-copy\/\" \/>\n<meta property=\"og:locale\" content=\"fr_FR\" \/>\n<meta property=\"og:type\" content=\"article\" \/>\n<meta property=\"og:title\" content=\"iBex iCL3 Transducteur convexe \u00e0 p\u00e9n\u00e9tration profonde pour iBex | ViiSona\" \/>\n<meta property=\"og:description\" content=\"Le transducteur convexe iCL3 d&#039;EI Medical est un outil polyvalent con\u00e7u pour les syst\u00e8mes d&#039;\u00e9chographie iBex, offrant des capacit\u00e9s de p\u00e9n\u00e9tration profonde pour une gamme d&#039;applications v\u00e9t\u00e9rinaires. Avec sa gamme de basses fr\u00e9quences de 2,5 \u00e0 5 MHz et ses 128 cristaux, cette sonde offre une qualit\u00e9 d&#039;imagerie exceptionnelle pour les examens transabdominaux chez divers animaux, notamment les bovins, les chevaux, les petits ruminants, les cam\u00e9lid\u00e9s, les grands chiens, les animaux exotiques et les animaux sauvages. Sa profondeur de balayage de 24 cm garantit une visualisation compl\u00e8te des structures internes, ce qui la rend id\u00e9ale pour les examens abdominaux, les \u00e9valuations du cou et du dos des \u00e9quid\u00e9s, etc. Con\u00e7ue pour durer, la sonde b\u00e9n\u00e9ficie d&#039;une construction robuste et d&#039;une gaine de c\u00e2ble con\u00e7ue sur mesure, r\u00e9sistante aux produits chimiques et biocompatible, ce qui garantit des performances fiables, m\u00eame dans les environnements animaliers difficiles. Que ce soit sur le terrain ou en clinique, la sonde convexe iCL3 offre aux professionnels v\u00e9t\u00e9rinaires des solutions d&#039;imagerie de haute qualit\u00e9 pour un diagnostic et un traitement pr\u00e9cis.\" \/>\n<meta property=\"og:url\" content=\"https:\/\/viisona.com\/fr\/product\/icl3-transducteur-convexe-a-penetration-profonde-pour-ibex-copy\/\" \/>\n<meta property=\"og:site_name\" content=\"ViiSona\" \/>\n<meta property=\"article:modified_time\" content=\"2025-05-22T03:25:51+00:00\" \/>\n<meta property=\"og:image\" content=\"https:\/\/viisona.com\/wp-content\/uploads\/2021\/12\/CL38-square.jpg\" \/>\n\t<meta property=\"og:image:width\" content=\"1920\" \/>\n\t<meta property=\"og:image:height\" content=\"1920\" \/>\n\t<meta property=\"og:image:type\" content=\"image\/jpeg\" \/>\n<meta name=\"twitter:card\" content=\"summary_large_image\" \/>\n<meta name=\"twitter:label1\" content=\"Dur\u00e9e de lecture estim\u00e9e\" \/>\n\t<meta name=\"twitter:data1\" content=\"1 minute\" \/>\n<script type=\"application\/ld+json\" class=\"yoast-schema-graph\">{\"@context\":\"https:\/\/schema.org\",\"@graph\":[{\"@type\":\"WebPage\",\"@id\":\"https:\/\/viisona.com\/fr\/product\/icl3-transducteur-convexe-a-penetration-profonde-pour-ibex-copy\/\",\"url\":\"https:\/\/viisona.com\/fr\/product\/icl3-transducteur-convexe-a-penetration-profonde-pour-ibex-copy\/\",\"name\":\"iBex iCL3 Transducteur convexe \u00e0 p\u00e9n\u00e9tration profonde pour iBex | ViiSona\",\"isPartOf\":{\"@id\":\"https:\/\/viisona.com\/fr\/#website\"},\"primaryImageOfPage\":{\"@id\":\"https:\/\/viisona.com\/fr\/product\/icl3-transducteur-convexe-a-penetration-profonde-pour-ibex-copy\/#primaryimage\"},\"image\":{\"@id\":\"https:\/\/viisona.com\/fr\/product\/icl3-transducteur-convexe-a-penetration-profonde-pour-ibex-copy\/#primaryimage\"},\"thumbnailUrl\":\"https:\/\/viisona.com\/wp-content\/uploads\/2021\/12\/CL38-square.jpg\",\"datePublished\":\"2024-05-06T23:02:31+00:00\",\"dateModified\":\"2025-05-22T03:25:51+00:00\",\"description\":\"Le transducteur convexe iCL3 d'EI Medical est un outil polyvalent con\u00e7u pour les syst\u00e8mes d'\u00e9chographie iBex, offrant des capacit\u00e9s de p\u00e9n\u00e9tration profonde pour une gamme d'applications v\u00e9t\u00e9rinaires. Avec sa gamme de basses fr\u00e9quences de 2,5 \u00e0 5 MHz et ses 128 cristaux, cette sonde offre une qualit\u00e9 d'imagerie exceptionnelle pour les examens transabdominaux chez divers animaux, notamment les bovins, les chevaux, les petits ruminants, les cam\u00e9lid\u00e9s, les grands chiens, les animaux exotiques et les animaux sauvages. Sa profondeur de balayage de 24 cm garantit une visualisation compl\u00e8te des structures internes, ce qui la rend id\u00e9ale pour les examens abdominaux, les \u00e9valuations du cou et du dos des \u00e9quid\u00e9s, etc. Con\u00e7ue pour durer, la sonde b\u00e9n\u00e9ficie d'une construction robuste et d'une gaine de c\u00e2ble con\u00e7ue sur mesure, r\u00e9sistante aux produits chimiques et biocompatible, ce qui garantit des performances fiables, m\u00eame dans les environnements animaliers difficiles. Que ce soit sur le terrain ou en clinique, la sonde convexe iCL3 offre aux professionnels v\u00e9t\u00e9rinaires des solutions d'imagerie de haute qualit\u00e9 pour un diagnostic et un traitement pr\u00e9cis.\",\"breadcrumb\":{\"@id\":\"https:\/\/viisona.com\/fr\/product\/icl3-transducteur-convexe-a-penetration-profonde-pour-ibex-copy\/#breadcrumb\"},\"inLanguage\":\"fr-FR\",\"potentialAction\":[{\"@type\":\"ReadAction\",\"target\":[\"https:\/\/viisona.com\/fr\/product\/icl3-transducteur-convexe-a-penetration-profonde-pour-ibex-copy\/\"]}]},{\"@type\":\"ImageObject\",\"inLanguage\":\"fr-FR\",\"@id\":\"https:\/\/viisona.com\/fr\/product\/icl3-transducteur-convexe-a-penetration-profonde-pour-ibex-copy\/#primaryimage\",\"url\":\"https:\/\/viisona.com\/wp-content\/uploads\/2021\/12\/CL38-square.jpg\",\"contentUrl\":\"https:\/\/viisona.com\/wp-content\/uploads\/2021\/12\/CL38-square.jpg\",\"width\":1920,\"height\":1920,\"caption\":\"EI Medical CLi3 Abdominal Convex Ultrasound Probe\"},{\"@type\":\"BreadcrumbList\",\"@id\":\"https:\/\/viisona.com\/fr\/product\/icl3-transducteur-convexe-a-penetration-profonde-pour-ibex-copy\/#breadcrumb\",\"itemListElement\":[{\"@type\":\"ListItem\",\"position\":1,\"name\":\"Home\",\"item\":\"https:\/\/viisona.com\/fr\/accueil\/\"},{\"@type\":\"ListItem\",\"position\":2,\"name\":\"Boutique\",\"item\":\"https:\/\/viisona.com\/fr\/boutique\/\"},{\"@type\":\"ListItem\",\"position\":3,\"name\":\"iCL3 Transducteur convexe \u00e0 p\u00e9n\u00e9tration profonde pour iBex\"}]},{\"@type\":\"WebSite\",\"@id\":\"https:\/\/viisona.com\/fr\/#website\",\"url\":\"https:\/\/viisona.com\/fr\/\",\"name\":\"ViiSona\",\"description\":\"Am\u00e9liorer les r\u00e9sultats pour les agriculteurs et les s\u00e9lectionneurs dans les communaut\u00e9s agricoles et de s\u00e9lection.\",\"publisher\":{\"@id\":\"https:\/\/viisona.com\/fr\/#organization\"},\"potentialAction\":[{\"@type\":\"SearchAction\",\"target\":{\"@type\":\"EntryPoint\",\"urlTemplate\":\"https:\/\/viisona.com\/fr\/?s={search_term_string}\"},\"query-input\":{\"@type\":\"PropertyValueSpecification\",\"valueRequired\":true,\"valueName\":\"search_term_string\"}}],\"inLanguage\":\"fr-FR\"},{\"@type\":\"Organization\",\"@id\":\"https:\/\/viisona.com\/fr\/#organization\",\"name\":\"ViiSona\",\"url\":\"https:\/\/viisona.com\/fr\/\",\"logo\":{\"@type\":\"ImageObject\",\"inLanguage\":\"fr-FR\",\"@id\":\"https:\/\/viisona.com\/fr\/#\/schema\/logo\/image\/\",\"url\":\"https:\/\/viisona.com\/wp-content\/uploads\/2020\/08\/viisona_1_FULLY_RASTERED.png\",\"contentUrl\":\"https:\/\/viisona.com\/wp-content\/uploads\/2020\/08\/viisona_1_FULLY_RASTERED.png\",\"width\":1080,\"height\":307,\"caption\":\"ViiSona\"},\"image\":{\"@id\":\"https:\/\/viisona.com\/fr\/#\/schema\/logo\/image\/\"}}]}<\/script>\n<!-- \/ Yoast SEO plugin. -->","yoast_head_json":{"title":"iBex iCL3 Transducteur convexe \u00e0 p\u00e9n\u00e9tration profonde pour iBex | ViiSona","description":"Le transducteur convexe iCL3 d'EI Medical est un outil polyvalent con\u00e7u pour les syst\u00e8mes d'\u00e9chographie iBex, offrant des capacit\u00e9s de p\u00e9n\u00e9tration profonde pour une gamme d'applications v\u00e9t\u00e9rinaires. Avec sa gamme de basses fr\u00e9quences de 2,5 \u00e0 5 MHz et ses 128 cristaux, cette sonde offre une qualit\u00e9 d'imagerie exceptionnelle pour les examens transabdominaux chez divers animaux, notamment les bovins, les chevaux, les petits ruminants, les cam\u00e9lid\u00e9s, les grands chiens, les animaux exotiques et les animaux sauvages. Sa profondeur de balayage de 24 cm garantit une visualisation compl\u00e8te des structures internes, ce qui la rend id\u00e9ale pour les examens abdominaux, les \u00e9valuations du cou et du dos des \u00e9quid\u00e9s, etc. Con\u00e7ue pour durer, la sonde b\u00e9n\u00e9ficie d'une construction robuste et d'une gaine de c\u00e2ble con\u00e7ue sur mesure, r\u00e9sistante aux produits chimiques et biocompatible, ce qui garantit des performances fiables, m\u00eame dans les environnements animaliers difficiles. Que ce soit sur le terrain ou en clinique, la sonde convexe iCL3 offre aux professionnels v\u00e9t\u00e9rinaires des solutions d'imagerie de haute qualit\u00e9 pour un diagnostic et un traitement pr\u00e9cis.","robots":{"index":"index","follow":"follow","max-snippet":"max-snippet:-1","max-image-preview":"max-image-preview:large","max-video-preview":"max-video-preview:-1"},"canonical":"https:\/\/viisona.com\/fr\/product\/icl3-transducteur-convexe-a-penetration-profonde-pour-ibex-copy\/","og_locale":"fr_FR","og_type":"article","og_title":"iBex iCL3 Transducteur convexe \u00e0 p\u00e9n\u00e9tration profonde pour iBex | ViiSona","og_description":"Le transducteur convexe iCL3 d'EI Medical est un outil polyvalent con\u00e7u pour les syst\u00e8mes d'\u00e9chographie iBex, offrant des capacit\u00e9s de p\u00e9n\u00e9tration profonde pour une gamme d'applications v\u00e9t\u00e9rinaires. Avec sa gamme de basses fr\u00e9quences de 2,5 \u00e0 5 MHz et ses 128 cristaux, cette sonde offre une qualit\u00e9 d'imagerie exceptionnelle pour les examens transabdominaux chez divers animaux, notamment les bovins, les chevaux, les petits ruminants, les cam\u00e9lid\u00e9s, les grands chiens, les animaux exotiques et les animaux sauvages. Sa profondeur de balayage de 24 cm garantit une visualisation compl\u00e8te des structures internes, ce qui la rend id\u00e9ale pour les examens abdominaux, les \u00e9valuations du cou et du dos des \u00e9quid\u00e9s, etc. Con\u00e7ue pour durer, la sonde b\u00e9n\u00e9ficie d'une construction robuste et d'une gaine de c\u00e2ble con\u00e7ue sur mesure, r\u00e9sistante aux produits chimiques et biocompatible, ce qui garantit des performances fiables, m\u00eame dans les environnements animaliers difficiles. Que ce soit sur le terrain ou en clinique, la sonde convexe iCL3 offre aux professionnels v\u00e9t\u00e9rinaires des solutions d'imagerie de haute qualit\u00e9 pour un diagnostic et un traitement pr\u00e9cis.","og_url":"https:\/\/viisona.com\/fr\/product\/icl3-transducteur-convexe-a-penetration-profonde-pour-ibex-copy\/","og_site_name":"ViiSona","article_modified_time":"2025-05-22T03:25:51+00:00","og_image":[{"width":1920,"height":1920,"url":"https:\/\/viisona.com\/wp-content\/uploads\/2021\/12\/CL38-square.jpg","type":"image\/jpeg"}],"twitter_card":"summary_large_image","twitter_misc":{"Dur\u00e9e de lecture estim\u00e9e":"1 minute"},"schema":{"@context":"https:\/\/schema.org","@graph":[{"@type":"WebPage","@id":"https:\/\/viisona.com\/fr\/product\/icl3-transducteur-convexe-a-penetration-profonde-pour-ibex-copy\/","url":"https:\/\/viisona.com\/fr\/product\/icl3-transducteur-convexe-a-penetration-profonde-pour-ibex-copy\/","name":"iBex iCL3 Transducteur convexe \u00e0 p\u00e9n\u00e9tration profonde pour iBex | ViiSona","isPartOf":{"@id":"https:\/\/viisona.com\/fr\/#website"},"primaryImageOfPage":{"@id":"https:\/\/viisona.com\/fr\/product\/icl3-transducteur-convexe-a-penetration-profonde-pour-ibex-copy\/#primaryimage"},"image":{"@id":"https:\/\/viisona.com\/fr\/product\/icl3-transducteur-convexe-a-penetration-profonde-pour-ibex-copy\/#primaryimage"},"thumbnailUrl":"https:\/\/viisona.com\/wp-content\/uploads\/2021\/12\/CL38-square.jpg","datePublished":"2024-05-06T23:02:31+00:00","dateModified":"2025-05-22T03:25:51+00:00","description":"Le transducteur convexe iCL3 d'EI Medical est un outil polyvalent con\u00e7u pour les syst\u00e8mes d'\u00e9chographie iBex, offrant des capacit\u00e9s de p\u00e9n\u00e9tration profonde pour une gamme d'applications v\u00e9t\u00e9rinaires. Avec sa gamme de basses fr\u00e9quences de 2,5 \u00e0 5 MHz et ses 128 cristaux, cette sonde offre une qualit\u00e9 d'imagerie exceptionnelle pour les examens transabdominaux chez divers animaux, notamment les bovins, les chevaux, les petits ruminants, les cam\u00e9lid\u00e9s, les grands chiens, les animaux exotiques et les animaux sauvages. Sa profondeur de balayage de 24 cm garantit une visualisation compl\u00e8te des structures internes, ce qui la rend id\u00e9ale pour les examens abdominaux, les \u00e9valuations du cou et du dos des \u00e9quid\u00e9s, etc. Con\u00e7ue pour durer, la sonde b\u00e9n\u00e9ficie d'une construction robuste et d'une gaine de c\u00e2ble con\u00e7ue sur mesure, r\u00e9sistante aux produits chimiques et biocompatible, ce qui garantit des performances fiables, m\u00eame dans les environnements animaliers difficiles. Que ce soit sur le terrain ou en clinique, la sonde convexe iCL3 offre aux professionnels v\u00e9t\u00e9rinaires des solutions d'imagerie de haute qualit\u00e9 pour un diagnostic et un traitement pr\u00e9cis.","breadcrumb":{"@id":"https:\/\/viisona.com\/fr\/product\/icl3-transducteur-convexe-a-penetration-profonde-pour-ibex-copy\/#breadcrumb"},"inLanguage":"fr-FR","potentialAction":[{"@type":"ReadAction","target":["https:\/\/viisona.com\/fr\/product\/icl3-transducteur-convexe-a-penetration-profonde-pour-ibex-copy\/"]}]},{"@type":"ImageObject","inLanguage":"fr-FR","@id":"https:\/\/viisona.com\/fr\/product\/icl3-transducteur-convexe-a-penetration-profonde-pour-ibex-copy\/#primaryimage","url":"https:\/\/viisona.com\/wp-content\/uploads\/2021\/12\/CL38-square.jpg","contentUrl":"https:\/\/viisona.com\/wp-content\/uploads\/2021\/12\/CL38-square.jpg","width":1920,"height":1920,"caption":"EI Medical CLi3 Abdominal Convex Ultrasound Probe"},{"@type":"BreadcrumbList","@id":"https:\/\/viisona.com\/fr\/product\/icl3-transducteur-convexe-a-penetration-profonde-pour-ibex-copy\/#breadcrumb","itemListElement":[{"@type":"ListItem","position":1,"name":"Home","item":"https:\/\/viisona.com\/fr\/accueil\/"},{"@type":"ListItem","position":2,"name":"Boutique","item":"https:\/\/viisona.com\/fr\/boutique\/"},{"@type":"ListItem","position":3,"name":"iCL3 Transducteur convexe \u00e0 p\u00e9n\u00e9tration profonde pour iBex"}]},{"@type":"WebSite","@id":"https:\/\/viisona.com\/fr\/#website","url":"https:\/\/viisona.com\/fr\/","name":"ViiSona","description":"Am\u00e9liorer les r\u00e9sultats pour les agriculteurs et les s\u00e9lectionneurs dans les communaut\u00e9s agricoles et de s\u00e9lection.","publisher":{"@id":"https:\/\/viisona.com\/fr\/#organization"},"potentialAction":[{"@type":"SearchAction","target":{"@type":"EntryPoint","urlTemplate":"https:\/\/viisona.com\/fr\/?s={search_term_string}"},"query-input":{"@type":"PropertyValueSpecification","valueRequired":true,"valueName":"search_term_string"}}],"inLanguage":"fr-FR"},{"@type":"Organization","@id":"https:\/\/viisona.com\/fr\/#organization","name":"ViiSona","url":"https:\/\/viisona.com\/fr\/","logo":{"@type":"ImageObject","inLanguage":"fr-FR","@id":"https:\/\/viisona.com\/fr\/#\/schema\/logo\/image\/","url":"https:\/\/viisona.com\/wp-content\/uploads\/2020\/08\/viisona_1_FULLY_RASTERED.png","contentUrl":"https:\/\/viisona.com\/wp-content\/uploads\/2020\/08\/viisona_1_FULLY_RASTERED.png","width":1080,"height":307,"caption":"ViiSona"},"image":{"@id":"https:\/\/viisona.com\/fr\/#\/schema\/logo\/image\/"}}]}},"jetpack_sharing_enabled":true,"_links":{"self":[{"href":"https:\/\/viisona.com\/fr\/wp-json\/wp\/v2\/product\/5300","targetHints":{"allow":["GET"]}}],"collection":[{"href":"https:\/\/viisona.com\/fr\/wp-json\/wp\/v2\/product"}],"about":[{"href":"https:\/\/viisona.com\/fr\/wp-json\/wp\/v2\/types\/product"}],"wp:featuredmedia":[{"embeddable":true,"href":"https:\/\/viisona.com\/fr\/wp-json\/wp\/v2\/media\/4829"}],"wp:attachment":[{"href":"https:\/\/viisona.com\/fr\/wp-json\/wp\/v2\/media?parent=5300"}],"wp:term":[{"taxonomy":"product_cat","embeddable":true,"href":"https:\/\/viisona.com\/fr\/wp-json\/wp\/v2\/product_cat?post=5300"},{"taxonomy":"product_tag","embeddable":true,"href":"https:\/\/viisona.com\/fr\/wp-json\/wp\/v2\/product_tag?post=5300"},{"taxonomy":"berocket_brand","embeddable":true,"href":"https:\/\/viisona.com\/fr\/wp-json\/wp\/v2\/berocket_brand?post=5300"}],"curies":[{"name":"wp","href":"https:\/\/api.w.org\/{rel}","templated":true}]}}