{"id":5267,"date":"2024-05-05T01:15:22","date_gmt":"2024-05-05T01:15:22","guid":{"rendered":"https:\/\/viisona.com\/?post_type=product&#038;p=5267"},"modified":"2026-02-18T06:00:15","modified_gmt":"2026-02-18T06:00:15","slug":"echographie-evo-iii-copy","status":"publish","type":"product","link":"https:\/\/viisona.com\/fr\/product\/echographie-evo-iii-copy\/","title":{"rendered":"SA 2 Syst\u00e8me d&#8217;\u00e9chographie"},"content":{"rendered":"<p>Nouveau ! L&#8217;\u00e9chographe EI Medical SA2 pour petits animaux est disponible au Canada ! <\/p>\n<p>Dernier mod\u00e8le de la famille E.I. Medical Imaging, le SA2 dispose d&#8217;un \u00e9cran XGA 44% plus grand, d&#8217;une r\u00e9solution d&#8217;image nettement sup\u00e9rieure, d&#8217;un Doppler couleur et d&#8217;applications de visualisation d&#8217;images \u00e0 distance. Le SA2 est id\u00e9al pour la pratique des animaux de compagnie en milieu clinique, les pratiques \u00e9quines ou les pratiques mixtes.<\/p>\n<p>Le SA2 de nouvelle g\u00e9n\u00e9ration offre une qualit\u00e9 d&#8217;image claire avec des pr\u00e9r\u00e9glages d&#8217;examen personnalis\u00e9s. L&#8217;am\u00e9lioration de la qualit\u00e9 de l&#8217;image permet \u00e0 l&#8217;utilisateur de r\u00e9aliser des examens plus rapides et plus pr\u00e9cis. Les types d&#8217;examen con\u00e7us sur mesure permettent de ne pas avoir \u00e0 se poser de questions sur le r\u00e9glage de votre machine.<\/p>\n<p>D&#8217;un poids de 7 livres, le SA2 est con\u00e7u pour passer de la table d&#8217;examen \u00e0 la cage et \u00e0 l&#8217;\u00e9table. Gr\u00e2ce aux piles rempla\u00e7ables, vous n&#8217;avez plus \u00e0 vous soucier de la prise de courant la plus proche.<\/p>\n<p>Con\u00e7u pour les v\u00e9t\u00e9rinaires, le SA2 fonctionne partout dans la clinique ou l&#8217;h\u00f4pital.<\/p>\n<p>R\u00e9sistant aux \u00e9claboussures et tr\u00e8s portable, avec une gamme de transducteurs \u00e0 fr\u00e9quence variable, le SA2 est id\u00e9al dans la salle d&#8217;examen et en d\u00e9placement.<\/p>\n<h3>Protocoles <sup>SA2<\/sup> + FAST<\/h3>\n<p class=\"p1\">Vous devriez utiliser l&#8217;\u00e9chographie CHAQUE JOUR dans votre cabinet pour petits animaux !<\/p>\n<p class=\"p1\"><span class=\"s1\"><i>FAST <\/i><\/span>est un acronyme de <i>Focused Assessment with Sonography for Trauma<\/i>,<i> <\/i>, cr\u00e9\u00e9 comme test de triage et de d\u00e9pistage post-interventionnel par des chirurgiens traumatologues.<\/p>\n<p class=\"p1\">Utilis\u00e9 avec le <sup>SA2<\/sup> d&#8217;E.I. Medical Imaging et les transducteurs <span class=\"s1\"><i>C6E<\/i> et <i>C9E <\/i><\/span><span class=\"s1\"><i>, le <\/i> balayage<em>FAST<\/em><\/span> permet des protocoles de diagnostic rapides pour une utilisation quotidienne.<\/p>\n<h3><strong>SA<\/strong><strong>2<\/strong><strong> + eCLi6<\/strong><\/h3>\n<p>Le <a href=\"https:\/\/www.eimedical.com\/sa-transducers?hsLang=en\">tout nouveau transducteur <strong>eCLi6<\/strong>, en instance de brevet<\/a>, disponible uniquement sur les \u00e9chographes v\u00e9t\u00e9rinaires EVO et SA2 d&#8217;EIMI, ne ressemble \u00e0 rien de ce que vous avez vu auparavant !<\/p>\n<p>Cette sonde rectale unique offre la r\u00e9solution d&#8217;une sonde lin\u00e9aire plate avec la p\u00e9n\u00e9tration plus profonde et le champ de vision plus large d&#8217;un mod\u00e8le convexe. Le r\u00e9seau court et le pas serr\u00e9 optimisent la qualit\u00e9 de l&#8217;image, tandis que la tr\u00e8s l\u00e9g\u00e8re courbure permet un contact id\u00e9al avec la surface de la muqueuse dans un facteur de forme minimal. <\/p>\n<p>D&#8217;apr\u00e8s les r\u00e9actions extr\u00eamement positives que nous avons re\u00e7ues depuis que nous avons commenc\u00e9 \u00e0 le tester \u00e0 l&#8217;automne dernier, ce transducteur change la donne pour la reproduction \u00e9quine et bovine. Il surpasse toute sonde rectale standard en termes de clart\u00e9 d&#8217;image. Voyez des exemples de scans <a href=\"https:\/\/www.eimedical.com\/ecli6_game_changer?hsLang=en\" target=\"_blank\" rel=\"noopener\">ici<\/a>.  <\/p>\n","protected":false},"excerpt":{"rendered":"<p style=\"font-weight: 400;\">Voici le SA2 d&#8217;E.I. Medical Imaging &#8211; la derni\u00e8re avanc\u00e9e dans la technologie de l&#8217;\u00e9chographie v\u00e9t\u00e9rinaire. Avec un \u00e9cran XGA 44% plus grand, une r\u00e9solution d&#8217;image am\u00e9lior\u00e9e et un Doppler couleur, le SA2 est parfait pour les animaux de compagnie, les \u00e9quid\u00e9s ou les pratiques mixtes. <\/p>\n<p style=\"font-weight: 400;\">Pesant \u00e0 peine 7 livres et \u00e9quip\u00e9 de batteries rempla\u00e7ables, il est con\u00e7u pour passer de la table d&#8217;examen \u00e0 la cage et \u00e0 l&#8217;\u00e9table. Le SA2 offre un logiciel d&#8217;imagerie avanc\u00e9, des pr\u00e9r\u00e9glages d&#8217;examen personnalisables et une gamme compl\u00e8te de modes d&#8217;imagerie. De plus, gr\u00e2ce \u00e0 la diffusion d&#8217;images en WiFi EVOStream, vous pouvez diffuser des \u00e9tudes en direct directement sur des appareils mobiles afin d&#8217;am\u00e9liorer la communication avec les clients. D\u00e9couvrez l&#8217;avenir de l&#8217;\u00e9chographie v\u00e9t\u00e9rinaire avec le SA2.   <\/p>\n","protected":false},"featured_media":5269,"template":"","meta":{"_acf_changed":false,"inline_featured_image":false},"product_cat":[484,483],"product_tag":[952,949,953,948,950,946,947,954,951],"berocket_brand":[446],"class_list":{"0":"post-5267","1":"product","2":"type-product","3":"status-publish","4":"has-post-thumbnail","6":"product_cat-echographie-veterinaire-portable","7":"product_cat-veterinaires","8":"product_tag-appareil-a-ultrasons-pour-petits-animaux","9":"product_tag-echographie-pour-petits-animaux-ei-medical","10":"product_tag-echographie-veterinaire-pour-les-petits-animaux","11":"product_tag-ei-medical-fr","12":"product_tag-ei-medical-sa-2-ultrasons","13":"product_tag-ei-medical-ultrasound-fr","14":"product_tag-eimi-fr","15":"product_tag-nouveau-ei-medical-small-animal-ultrasound","16":"product_tag-sa2-fr","17":"pa_applications-abdominal-fr","18":"pa_applications-cardiologie","19":"pa_applications-diagnostic-de-base-des-petits-animaux","20":"pa_applications-diagnostic-des-tissus-mous","21":"pa_applications-doppler-ovarien","22":"pa_applications-examens-de-structure-superficielle","23":"pa_applications-follicules","24":"pa_applications-grossesse","25":"pa_applications-neurovasculaire","26":"pa_applications-poumons","27":"pa_applications-ramassage-de-lovule","28":"pa_applications-reproduction-fr","29":"pa_applications-tendons-fr","30":"pa_applications-transfert-dembryons","31":"pa_species-animaux-exotiques","32":"pa_species-bovins-de-boucherie","33":"pa_species-bovins-laitiers","34":"pa_species-chevaux","35":"pa_species-chevres","36":"pa_species-moutons","37":"pa_species-petits-animaux","38":"pa_species-porcs","39":"berocket_brand-ibex-fr","41":"first","42":"instock","43":"taxable","44":"shipping-taxable","45":"purchasable","46":"product-type-simple"},"acf":[],"yoast_head":"<!-- This site is optimized with the Yoast SEO plugin v26.8 - https:\/\/yoast.com\/product\/yoast-seo-wordpress\/ -->\n<title>iBex SA 2 Syst\u00e8me d&#039;\u00e9chographie | ViiSona<\/title>\n<meta name=\"description\" content=\"D\u00e9couvrez le meilleur de l&#039;\u00e9chographie v\u00e9t\u00e9rinaire au point d&#039;intervention avec le SA2 d&#039;E.I. Medical Imaging. Dot\u00e9 d&#039;une r\u00e9solution d&#039;image am\u00e9lior\u00e9e et d&#039;un Doppler couleur, le SA2 est id\u00e9al pour les animaux de compagnie, les \u00e9quid\u00e9s ou les pratiques mixtes. Pesant \u00e0 peine 7 livres et \u00e9quip\u00e9 de batteries interchangeables sur le terrain, il passe sans probl\u00e8me de la table d&#039;examen \u00e0 la cage et \u00e0 l&#039;\u00e9table. Profitez d&#039;un logiciel d&#039;imagerie avanc\u00e9, de pr\u00e9r\u00e9glages d&#039;examen personnalisables et d&#039;une gamme compl\u00e8te de modes d&#039;imagerie. Avec EVOStream WiFi Image Streaming, diffusez des \u00e9tudes en direct directement sur des appareils mobiles pour am\u00e9liorer la communication avec les clients. Am\u00e9liorez votre pratique avec le SA2 d\u00e8s aujourd&#039;hui. En savoir plus !\" \/>\n<meta name=\"robots\" content=\"index, follow, max-snippet:-1, max-image-preview:large, max-video-preview:-1\" \/>\n<link rel=\"canonical\" href=\"https:\/\/viisona.com\/fr\/product\/echographie-evo-iii-copy\/\" \/>\n<meta property=\"og:locale\" content=\"fr_FR\" \/>\n<meta property=\"og:type\" content=\"article\" \/>\n<meta property=\"og:title\" content=\"iBex SA 2 Syst\u00e8me d&#039;\u00e9chographie | ViiSona\" \/>\n<meta property=\"og:description\" content=\"D\u00e9couvrez le meilleur de l&#039;\u00e9chographie v\u00e9t\u00e9rinaire au point d&#039;intervention avec le SA2 d&#039;E.I. Medical Imaging. Dot\u00e9 d&#039;une r\u00e9solution d&#039;image am\u00e9lior\u00e9e et d&#039;un Doppler couleur, le SA2 est id\u00e9al pour les animaux de compagnie, les \u00e9quid\u00e9s ou les pratiques mixtes. Pesant \u00e0 peine 7 livres et \u00e9quip\u00e9 de batteries interchangeables sur le terrain, il passe sans probl\u00e8me de la table d&#039;examen \u00e0 la cage et \u00e0 l&#039;\u00e9table. Profitez d&#039;un logiciel d&#039;imagerie avanc\u00e9, de pr\u00e9r\u00e9glages d&#039;examen personnalisables et d&#039;une gamme compl\u00e8te de modes d&#039;imagerie. Avec EVOStream WiFi Image Streaming, diffusez des \u00e9tudes en direct directement sur des appareils mobiles pour am\u00e9liorer la communication avec les clients. Am\u00e9liorez votre pratique avec le SA2 d\u00e8s aujourd&#039;hui. En savoir plus !\" \/>\n<meta property=\"og:url\" content=\"https:\/\/viisona.com\/fr\/product\/echographie-evo-iii-copy\/\" \/>\n<meta property=\"og:site_name\" content=\"ViiSona\" \/>\n<meta property=\"article:modified_time\" content=\"2026-02-18T06:00:15+00:00\" \/>\n<meta property=\"og:image\" content=\"https:\/\/viisona.com\/wp-content\/uploads\/2024\/05\/SA2-WEB-13.jpg\" \/>\n\t<meta property=\"og:image:width\" content=\"2200\" \/>\n\t<meta property=\"og:image:height\" content=\"2200\" \/>\n\t<meta property=\"og:image:type\" content=\"image\/jpeg\" \/>\n<meta name=\"twitter:card\" content=\"summary_large_image\" \/>\n<meta name=\"twitter:label1\" content=\"Dur\u00e9e de lecture estim\u00e9e\" \/>\n\t<meta name=\"twitter:data1\" content=\"2 minutes\" \/>\n<script type=\"application\/ld+json\" class=\"yoast-schema-graph\">{\"@context\":\"https:\/\/schema.org\",\"@graph\":[{\"@type\":\"WebPage\",\"@id\":\"https:\/\/viisona.com\/fr\/product\/echographie-evo-iii-copy\/\",\"url\":\"https:\/\/viisona.com\/fr\/product\/echographie-evo-iii-copy\/\",\"name\":\"iBex SA 2 Syst\u00e8me d'\u00e9chographie | ViiSona\",\"isPartOf\":{\"@id\":\"https:\/\/viisona.com\/fr\/#website\"},\"primaryImageOfPage\":{\"@id\":\"https:\/\/viisona.com\/fr\/product\/echographie-evo-iii-copy\/#primaryimage\"},\"image\":{\"@id\":\"https:\/\/viisona.com\/fr\/product\/echographie-evo-iii-copy\/#primaryimage\"},\"thumbnailUrl\":\"https:\/\/viisona.com\/wp-content\/uploads\/2024\/05\/SA2-WEB-13.jpg\",\"datePublished\":\"2024-05-05T01:15:22+00:00\",\"dateModified\":\"2026-02-18T06:00:15+00:00\",\"description\":\"D\u00e9couvrez le meilleur de l'\u00e9chographie v\u00e9t\u00e9rinaire au point d'intervention avec le SA2 d'E.I. Medical Imaging. Dot\u00e9 d'une r\u00e9solution d'image am\u00e9lior\u00e9e et d'un Doppler couleur, le SA2 est id\u00e9al pour les animaux de compagnie, les \u00e9quid\u00e9s ou les pratiques mixtes. Pesant \u00e0 peine 7 livres et \u00e9quip\u00e9 de batteries interchangeables sur le terrain, il passe sans probl\u00e8me de la table d'examen \u00e0 la cage et \u00e0 l'\u00e9table. Profitez d'un logiciel d'imagerie avanc\u00e9, de pr\u00e9r\u00e9glages d'examen personnalisables et d'une gamme compl\u00e8te de modes d'imagerie. Avec EVOStream WiFi Image Streaming, diffusez des \u00e9tudes en direct directement sur des appareils mobiles pour am\u00e9liorer la communication avec les clients. Am\u00e9liorez votre pratique avec le SA2 d\u00e8s aujourd'hui. En savoir plus !\",\"breadcrumb\":{\"@id\":\"https:\/\/viisona.com\/fr\/product\/echographie-evo-iii-copy\/#breadcrumb\"},\"inLanguage\":\"fr-FR\",\"potentialAction\":[{\"@type\":\"ReadAction\",\"target\":[\"https:\/\/viisona.com\/fr\/product\/echographie-evo-iii-copy\/\"]}]},{\"@type\":\"ImageObject\",\"inLanguage\":\"fr-FR\",\"@id\":\"https:\/\/viisona.com\/fr\/product\/echographie-evo-iii-copy\/#primaryimage\",\"url\":\"https:\/\/viisona.com\/wp-content\/uploads\/2024\/05\/SA2-WEB-13.jpg\",\"contentUrl\":\"https:\/\/viisona.com\/wp-content\/uploads\/2024\/05\/SA2-WEB-13.jpg\",\"width\":2200,\"height\":2200,\"caption\":\"EI Medical SA 2 Appareil \u00e0 ultrasons portable pour petits animaux\"},{\"@type\":\"BreadcrumbList\",\"@id\":\"https:\/\/viisona.com\/fr\/product\/echographie-evo-iii-copy\/#breadcrumb\",\"itemListElement\":[{\"@type\":\"ListItem\",\"position\":1,\"name\":\"Home\",\"item\":\"https:\/\/viisona.com\/fr\/accueil\/\"},{\"@type\":\"ListItem\",\"position\":2,\"name\":\"Boutique\",\"item\":\"https:\/\/viisona.com\/fr\/boutique\/\"},{\"@type\":\"ListItem\",\"position\":3,\"name\":\"SA 2 Syst\u00e8me d&#8217;\u00e9chographie\"}]},{\"@type\":\"WebSite\",\"@id\":\"https:\/\/viisona.com\/fr\/#website\",\"url\":\"https:\/\/viisona.com\/fr\/\",\"name\":\"ViiSona\",\"description\":\"Am\u00e9liorer les r\u00e9sultats pour les agriculteurs et les s\u00e9lectionneurs dans les communaut\u00e9s agricoles et de s\u00e9lection.\",\"publisher\":{\"@id\":\"https:\/\/viisona.com\/fr\/#organization\"},\"potentialAction\":[{\"@type\":\"SearchAction\",\"target\":{\"@type\":\"EntryPoint\",\"urlTemplate\":\"https:\/\/viisona.com\/fr\/?s={search_term_string}\"},\"query-input\":{\"@type\":\"PropertyValueSpecification\",\"valueRequired\":true,\"valueName\":\"search_term_string\"}}],\"inLanguage\":\"fr-FR\"},{\"@type\":\"Organization\",\"@id\":\"https:\/\/viisona.com\/fr\/#organization\",\"name\":\"ViiSona\",\"url\":\"https:\/\/viisona.com\/fr\/\",\"logo\":{\"@type\":\"ImageObject\",\"inLanguage\":\"fr-FR\",\"@id\":\"https:\/\/viisona.com\/fr\/#\/schema\/logo\/image\/\",\"url\":\"https:\/\/viisona.com\/wp-content\/uploads\/2020\/08\/viisona_1_FULLY_RASTERED.png\",\"contentUrl\":\"https:\/\/viisona.com\/wp-content\/uploads\/2020\/08\/viisona_1_FULLY_RASTERED.png\",\"width\":1080,\"height\":307,\"caption\":\"ViiSona\"},\"image\":{\"@id\":\"https:\/\/viisona.com\/fr\/#\/schema\/logo\/image\/\"}}]}<\/script>\n<!-- \/ Yoast SEO plugin. -->","yoast_head_json":{"title":"iBex SA 2 Syst\u00e8me d'\u00e9chographie | ViiSona","description":"D\u00e9couvrez le meilleur de l'\u00e9chographie v\u00e9t\u00e9rinaire au point d'intervention avec le SA2 d'E.I. Medical Imaging. Dot\u00e9 d'une r\u00e9solution d'image am\u00e9lior\u00e9e et d'un Doppler couleur, le SA2 est id\u00e9al pour les animaux de compagnie, les \u00e9quid\u00e9s ou les pratiques mixtes. Pesant \u00e0 peine 7 livres et \u00e9quip\u00e9 de batteries interchangeables sur le terrain, il passe sans probl\u00e8me de la table d'examen \u00e0 la cage et \u00e0 l'\u00e9table. Profitez d'un logiciel d'imagerie avanc\u00e9, de pr\u00e9r\u00e9glages d'examen personnalisables et d'une gamme compl\u00e8te de modes d'imagerie. Avec EVOStream WiFi Image Streaming, diffusez des \u00e9tudes en direct directement sur des appareils mobiles pour am\u00e9liorer la communication avec les clients. Am\u00e9liorez votre pratique avec le SA2 d\u00e8s aujourd'hui. En savoir plus !","robots":{"index":"index","follow":"follow","max-snippet":"max-snippet:-1","max-image-preview":"max-image-preview:large","max-video-preview":"max-video-preview:-1"},"canonical":"https:\/\/viisona.com\/fr\/product\/echographie-evo-iii-copy\/","og_locale":"fr_FR","og_type":"article","og_title":"iBex SA 2 Syst\u00e8me d'\u00e9chographie | ViiSona","og_description":"D\u00e9couvrez le meilleur de l'\u00e9chographie v\u00e9t\u00e9rinaire au point d'intervention avec le SA2 d'E.I. Medical Imaging. Dot\u00e9 d'une r\u00e9solution d'image am\u00e9lior\u00e9e et d'un Doppler couleur, le SA2 est id\u00e9al pour les animaux de compagnie, les \u00e9quid\u00e9s ou les pratiques mixtes. Pesant \u00e0 peine 7 livres et \u00e9quip\u00e9 de batteries interchangeables sur le terrain, il passe sans probl\u00e8me de la table d'examen \u00e0 la cage et \u00e0 l'\u00e9table. Profitez d'un logiciel d'imagerie avanc\u00e9, de pr\u00e9r\u00e9glages d'examen personnalisables et d'une gamme compl\u00e8te de modes d'imagerie. Avec EVOStream WiFi Image Streaming, diffusez des \u00e9tudes en direct directement sur des appareils mobiles pour am\u00e9liorer la communication avec les clients. Am\u00e9liorez votre pratique avec le SA2 d\u00e8s aujourd'hui. En savoir plus !","og_url":"https:\/\/viisona.com\/fr\/product\/echographie-evo-iii-copy\/","og_site_name":"ViiSona","article_modified_time":"2026-02-18T06:00:15+00:00","og_image":[{"width":2200,"height":2200,"url":"https:\/\/viisona.com\/wp-content\/uploads\/2024\/05\/SA2-WEB-13.jpg","type":"image\/jpeg"}],"twitter_card":"summary_large_image","twitter_misc":{"Dur\u00e9e de lecture estim\u00e9e":"2 minutes"},"schema":{"@context":"https:\/\/schema.org","@graph":[{"@type":"WebPage","@id":"https:\/\/viisona.com\/fr\/product\/echographie-evo-iii-copy\/","url":"https:\/\/viisona.com\/fr\/product\/echographie-evo-iii-copy\/","name":"iBex SA 2 Syst\u00e8me d'\u00e9chographie | ViiSona","isPartOf":{"@id":"https:\/\/viisona.com\/fr\/#website"},"primaryImageOfPage":{"@id":"https:\/\/viisona.com\/fr\/product\/echographie-evo-iii-copy\/#primaryimage"},"image":{"@id":"https:\/\/viisona.com\/fr\/product\/echographie-evo-iii-copy\/#primaryimage"},"thumbnailUrl":"https:\/\/viisona.com\/wp-content\/uploads\/2024\/05\/SA2-WEB-13.jpg","datePublished":"2024-05-05T01:15:22+00:00","dateModified":"2026-02-18T06:00:15+00:00","description":"D\u00e9couvrez le meilleur de l'\u00e9chographie v\u00e9t\u00e9rinaire au point d'intervention avec le SA2 d'E.I. Medical Imaging. Dot\u00e9 d'une r\u00e9solution d'image am\u00e9lior\u00e9e et d'un Doppler couleur, le SA2 est id\u00e9al pour les animaux de compagnie, les \u00e9quid\u00e9s ou les pratiques mixtes. Pesant \u00e0 peine 7 livres et \u00e9quip\u00e9 de batteries interchangeables sur le terrain, il passe sans probl\u00e8me de la table d'examen \u00e0 la cage et \u00e0 l'\u00e9table. Profitez d'un logiciel d'imagerie avanc\u00e9, de pr\u00e9r\u00e9glages d'examen personnalisables et d'une gamme compl\u00e8te de modes d'imagerie. Avec EVOStream WiFi Image Streaming, diffusez des \u00e9tudes en direct directement sur des appareils mobiles pour am\u00e9liorer la communication avec les clients. Am\u00e9liorez votre pratique avec le SA2 d\u00e8s aujourd'hui. En savoir plus !","breadcrumb":{"@id":"https:\/\/viisona.com\/fr\/product\/echographie-evo-iii-copy\/#breadcrumb"},"inLanguage":"fr-FR","potentialAction":[{"@type":"ReadAction","target":["https:\/\/viisona.com\/fr\/product\/echographie-evo-iii-copy\/"]}]},{"@type":"ImageObject","inLanguage":"fr-FR","@id":"https:\/\/viisona.com\/fr\/product\/echographie-evo-iii-copy\/#primaryimage","url":"https:\/\/viisona.com\/wp-content\/uploads\/2024\/05\/SA2-WEB-13.jpg","contentUrl":"https:\/\/viisona.com\/wp-content\/uploads\/2024\/05\/SA2-WEB-13.jpg","width":2200,"height":2200,"caption":"EI Medical SA 2 Appareil \u00e0 ultrasons portable pour petits animaux"},{"@type":"BreadcrumbList","@id":"https:\/\/viisona.com\/fr\/product\/echographie-evo-iii-copy\/#breadcrumb","itemListElement":[{"@type":"ListItem","position":1,"name":"Home","item":"https:\/\/viisona.com\/fr\/accueil\/"},{"@type":"ListItem","position":2,"name":"Boutique","item":"https:\/\/viisona.com\/fr\/boutique\/"},{"@type":"ListItem","position":3,"name":"SA 2 Syst\u00e8me d&#8217;\u00e9chographie"}]},{"@type":"WebSite","@id":"https:\/\/viisona.com\/fr\/#website","url":"https:\/\/viisona.com\/fr\/","name":"ViiSona","description":"Am\u00e9liorer les r\u00e9sultats pour les agriculteurs et les s\u00e9lectionneurs dans les communaut\u00e9s agricoles et de s\u00e9lection.","publisher":{"@id":"https:\/\/viisona.com\/fr\/#organization"},"potentialAction":[{"@type":"SearchAction","target":{"@type":"EntryPoint","urlTemplate":"https:\/\/viisona.com\/fr\/?s={search_term_string}"},"query-input":{"@type":"PropertyValueSpecification","valueRequired":true,"valueName":"search_term_string"}}],"inLanguage":"fr-FR"},{"@type":"Organization","@id":"https:\/\/viisona.com\/fr\/#organization","name":"ViiSona","url":"https:\/\/viisona.com\/fr\/","logo":{"@type":"ImageObject","inLanguage":"fr-FR","@id":"https:\/\/viisona.com\/fr\/#\/schema\/logo\/image\/","url":"https:\/\/viisona.com\/wp-content\/uploads\/2020\/08\/viisona_1_FULLY_RASTERED.png","contentUrl":"https:\/\/viisona.com\/wp-content\/uploads\/2020\/08\/viisona_1_FULLY_RASTERED.png","width":1080,"height":307,"caption":"ViiSona"},"image":{"@id":"https:\/\/viisona.com\/fr\/#\/schema\/logo\/image\/"}}]}},"jetpack_sharing_enabled":true,"_links":{"self":[{"href":"https:\/\/viisona.com\/fr\/wp-json\/wp\/v2\/product\/5267","targetHints":{"allow":["GET"]}}],"collection":[{"href":"https:\/\/viisona.com\/fr\/wp-json\/wp\/v2\/product"}],"about":[{"href":"https:\/\/viisona.com\/fr\/wp-json\/wp\/v2\/types\/product"}],"wp:featuredmedia":[{"embeddable":true,"href":"https:\/\/viisona.com\/fr\/wp-json\/wp\/v2\/media\/5269"}],"wp:attachment":[{"href":"https:\/\/viisona.com\/fr\/wp-json\/wp\/v2\/media?parent=5267"}],"wp:term":[{"taxonomy":"product_cat","embeddable":true,"href":"https:\/\/viisona.com\/fr\/wp-json\/wp\/v2\/product_cat?post=5267"},{"taxonomy":"product_tag","embeddable":true,"href":"https:\/\/viisona.com\/fr\/wp-json\/wp\/v2\/product_tag?post=5267"},{"taxonomy":"berocket_brand","embeddable":true,"href":"https:\/\/viisona.com\/fr\/wp-json\/wp\/v2\/berocket_brand?post=5267"}],"curies":[{"name":"wp","href":"https:\/\/api.w.org\/{rel}","templated":true}]}}