{"id":5088,"date":"2021-09-01T18:23:50","date_gmt":"2021-09-01T18:23:50","guid":{"rendered":"https:\/\/viisona.com\/shop\/non%20class\u00e9\/gel-ultrasonique-polyvalent-8oz\/"},"modified":"2026-02-18T05:53:32","modified_gmt":"2026-02-18T05:53:32","slug":"gel-ultrasonique-polyvalent-8oz","status":"publish","type":"product","link":"https:\/\/viisona.com\/fr\/product\/gel-ultrasonique-polyvalent-8oz\/","title":{"rendered":"Gel ultrasonique polyvalent &#8211; 8oz"},"content":{"rendered":"","protected":false},"excerpt":{"rendered":"","protected":false},"featured_media":4769,"template":"","meta":{"_acf_changed":false,"inline_featured_image":false},"product_cat":[542],"product_tag":[],"berocket_brand":[642],"class_list":{"0":"post-5088","1":"product","2":"type-product","3":"status-publish","4":"has-post-thumbnail","6":"product_cat-accessoires","7":"berocket_brand-wavelength-fr","9":"first","10":"instock","11":"taxable","12":"shipping-taxable","13":"purchasable","14":"product-type-simple"},"acf":[],"yoast_head":"<!-- This site is optimized with the Yoast SEO plugin v26.8 - https:\/\/yoast.com\/product\/yoast-seo-wordpress\/ -->\n<title>Wavelength Gel ultrasonique polyvalent - 8oz | ViiSona<\/title>\n<meta name=\"robots\" content=\"index, follow, max-snippet:-1, max-image-preview:large, max-video-preview:-1\" \/>\n<link rel=\"canonical\" href=\"https:\/\/viisona.com\/fr\/product\/gel-ultrasonique-polyvalent-8oz\/\" \/>\n<meta property=\"og:locale\" content=\"fr_FR\" \/>\n<meta property=\"og:type\" content=\"article\" \/>\n<meta property=\"og:title\" content=\"Wavelength Gel ultrasonique polyvalent - 8oz | ViiSona\" \/>\n<meta property=\"og:url\" content=\"https:\/\/viisona.com\/fr\/product\/gel-ultrasonique-polyvalent-8oz\/\" \/>\n<meta property=\"og:site_name\" content=\"ViiSona\" \/>\n<meta property=\"article:modified_time\" content=\"2026-02-18T05:53:32+00:00\" \/>\n<meta property=\"og:image\" content=\"https:\/\/viisona.com\/wp-content\/uploads\/2021\/09\/Wavelength-MP-Blue-MV__250mL.jpg\" \/>\n\t<meta property=\"og:image:width\" content=\"1080\" \/>\n\t<meta property=\"og:image:height\" content=\"1080\" \/>\n\t<meta property=\"og:image:type\" content=\"image\/jpeg\" \/>\n<meta name=\"twitter:card\" content=\"summary_large_image\" \/>\n<script type=\"application\/ld+json\" class=\"yoast-schema-graph\">{\"@context\":\"https:\/\/schema.org\",\"@graph\":[{\"@type\":\"WebPage\",\"@id\":\"https:\/\/viisona.com\/fr\/product\/gel-ultrasonique-polyvalent-8oz\/\",\"url\":\"https:\/\/viisona.com\/fr\/product\/gel-ultrasonique-polyvalent-8oz\/\",\"name\":\"Wavelength Gel ultrasonique polyvalent - 8oz | ViiSona\",\"isPartOf\":{\"@id\":\"https:\/\/viisona.com\/fr\/#website\"},\"primaryImageOfPage\":{\"@id\":\"https:\/\/viisona.com\/fr\/product\/gel-ultrasonique-polyvalent-8oz\/#primaryimage\"},\"image\":{\"@id\":\"https:\/\/viisona.com\/fr\/product\/gel-ultrasonique-polyvalent-8oz\/#primaryimage\"},\"thumbnailUrl\":\"https:\/\/viisona.com\/wp-content\/uploads\/2021\/09\/Wavelength-MP-Blue-MV__250mL.jpg\",\"datePublished\":\"2021-09-01T18:23:50+00:00\",\"dateModified\":\"2026-02-18T05:53:32+00:00\",\"breadcrumb\":{\"@id\":\"https:\/\/viisona.com\/fr\/product\/gel-ultrasonique-polyvalent-8oz\/#breadcrumb\"},\"inLanguage\":\"fr-FR\",\"potentialAction\":[{\"@type\":\"ReadAction\",\"target\":[\"https:\/\/viisona.com\/fr\/product\/gel-ultrasonique-polyvalent-8oz\/\"]}]},{\"@type\":\"ImageObject\",\"inLanguage\":\"fr-FR\",\"@id\":\"https:\/\/viisona.com\/fr\/product\/gel-ultrasonique-polyvalent-8oz\/#primaryimage\",\"url\":\"https:\/\/viisona.com\/wp-content\/uploads\/2021\/09\/Wavelength-MP-Blue-MV__250mL.jpg\",\"contentUrl\":\"https:\/\/viisona.com\/wp-content\/uploads\/2021\/09\/Wavelength-MP-Blue-MV__250mL.jpg\",\"width\":1080,\"height\":1080},{\"@type\":\"BreadcrumbList\",\"@id\":\"https:\/\/viisona.com\/fr\/product\/gel-ultrasonique-polyvalent-8oz\/#breadcrumb\",\"itemListElement\":[{\"@type\":\"ListItem\",\"position\":1,\"name\":\"Home\",\"item\":\"https:\/\/viisona.com\/fr\/accueil\/\"},{\"@type\":\"ListItem\",\"position\":2,\"name\":\"Boutique\",\"item\":\"https:\/\/viisona.com\/fr\/boutique\/\"},{\"@type\":\"ListItem\",\"position\":3,\"name\":\"Gel ultrasonique polyvalent &#8211; 8oz\"}]},{\"@type\":\"WebSite\",\"@id\":\"https:\/\/viisona.com\/fr\/#website\",\"url\":\"https:\/\/viisona.com\/fr\/\",\"name\":\"ViiSona\",\"description\":\"Am\u00e9liorer les r\u00e9sultats pour les agriculteurs et les s\u00e9lectionneurs dans les communaut\u00e9s agricoles et de s\u00e9lection.\",\"publisher\":{\"@id\":\"https:\/\/viisona.com\/fr\/#organization\"},\"potentialAction\":[{\"@type\":\"SearchAction\",\"target\":{\"@type\":\"EntryPoint\",\"urlTemplate\":\"https:\/\/viisona.com\/fr\/?s={search_term_string}\"},\"query-input\":{\"@type\":\"PropertyValueSpecification\",\"valueRequired\":true,\"valueName\":\"search_term_string\"}}],\"inLanguage\":\"fr-FR\"},{\"@type\":\"Organization\",\"@id\":\"https:\/\/viisona.com\/fr\/#organization\",\"name\":\"ViiSona\",\"url\":\"https:\/\/viisona.com\/fr\/\",\"logo\":{\"@type\":\"ImageObject\",\"inLanguage\":\"fr-FR\",\"@id\":\"https:\/\/viisona.com\/fr\/#\/schema\/logo\/image\/\",\"url\":\"https:\/\/viisona.com\/wp-content\/uploads\/2020\/08\/viisona_1_FULLY_RASTERED.png\",\"contentUrl\":\"https:\/\/viisona.com\/wp-content\/uploads\/2020\/08\/viisona_1_FULLY_RASTERED.png\",\"width\":1080,\"height\":307,\"caption\":\"ViiSona\"},\"image\":{\"@id\":\"https:\/\/viisona.com\/fr\/#\/schema\/logo\/image\/\"}}]}<\/script>\n<!-- \/ Yoast SEO plugin. -->","yoast_head_json":{"title":"Wavelength Gel ultrasonique polyvalent - 8oz | ViiSona","robots":{"index":"index","follow":"follow","max-snippet":"max-snippet:-1","max-image-preview":"max-image-preview:large","max-video-preview":"max-video-preview:-1"},"canonical":"https:\/\/viisona.com\/fr\/product\/gel-ultrasonique-polyvalent-8oz\/","og_locale":"fr_FR","og_type":"article","og_title":"Wavelength Gel ultrasonique polyvalent - 8oz | ViiSona","og_url":"https:\/\/viisona.com\/fr\/product\/gel-ultrasonique-polyvalent-8oz\/","og_site_name":"ViiSona","article_modified_time":"2026-02-18T05:53:32+00:00","og_image":[{"width":1080,"height":1080,"url":"https:\/\/viisona.com\/wp-content\/uploads\/2021\/09\/Wavelength-MP-Blue-MV__250mL.jpg","type":"image\/jpeg"}],"twitter_card":"summary_large_image","schema":{"@context":"https:\/\/schema.org","@graph":[{"@type":"WebPage","@id":"https:\/\/viisona.com\/fr\/product\/gel-ultrasonique-polyvalent-8oz\/","url":"https:\/\/viisona.com\/fr\/product\/gel-ultrasonique-polyvalent-8oz\/","name":"Wavelength Gel ultrasonique polyvalent - 8oz | ViiSona","isPartOf":{"@id":"https:\/\/viisona.com\/fr\/#website"},"primaryImageOfPage":{"@id":"https:\/\/viisona.com\/fr\/product\/gel-ultrasonique-polyvalent-8oz\/#primaryimage"},"image":{"@id":"https:\/\/viisona.com\/fr\/product\/gel-ultrasonique-polyvalent-8oz\/#primaryimage"},"thumbnailUrl":"https:\/\/viisona.com\/wp-content\/uploads\/2021\/09\/Wavelength-MP-Blue-MV__250mL.jpg","datePublished":"2021-09-01T18:23:50+00:00","dateModified":"2026-02-18T05:53:32+00:00","breadcrumb":{"@id":"https:\/\/viisona.com\/fr\/product\/gel-ultrasonique-polyvalent-8oz\/#breadcrumb"},"inLanguage":"fr-FR","potentialAction":[{"@type":"ReadAction","target":["https:\/\/viisona.com\/fr\/product\/gel-ultrasonique-polyvalent-8oz\/"]}]},{"@type":"ImageObject","inLanguage":"fr-FR","@id":"https:\/\/viisona.com\/fr\/product\/gel-ultrasonique-polyvalent-8oz\/#primaryimage","url":"https:\/\/viisona.com\/wp-content\/uploads\/2021\/09\/Wavelength-MP-Blue-MV__250mL.jpg","contentUrl":"https:\/\/viisona.com\/wp-content\/uploads\/2021\/09\/Wavelength-MP-Blue-MV__250mL.jpg","width":1080,"height":1080},{"@type":"BreadcrumbList","@id":"https:\/\/viisona.com\/fr\/product\/gel-ultrasonique-polyvalent-8oz\/#breadcrumb","itemListElement":[{"@type":"ListItem","position":1,"name":"Home","item":"https:\/\/viisona.com\/fr\/accueil\/"},{"@type":"ListItem","position":2,"name":"Boutique","item":"https:\/\/viisona.com\/fr\/boutique\/"},{"@type":"ListItem","position":3,"name":"Gel ultrasonique polyvalent &#8211; 8oz"}]},{"@type":"WebSite","@id":"https:\/\/viisona.com\/fr\/#website","url":"https:\/\/viisona.com\/fr\/","name":"ViiSona","description":"Am\u00e9liorer les r\u00e9sultats pour les agriculteurs et les s\u00e9lectionneurs dans les communaut\u00e9s agricoles et de s\u00e9lection.","publisher":{"@id":"https:\/\/viisona.com\/fr\/#organization"},"potentialAction":[{"@type":"SearchAction","target":{"@type":"EntryPoint","urlTemplate":"https:\/\/viisona.com\/fr\/?s={search_term_string}"},"query-input":{"@type":"PropertyValueSpecification","valueRequired":true,"valueName":"search_term_string"}}],"inLanguage":"fr-FR"},{"@type":"Organization","@id":"https:\/\/viisona.com\/fr\/#organization","name":"ViiSona","url":"https:\/\/viisona.com\/fr\/","logo":{"@type":"ImageObject","inLanguage":"fr-FR","@id":"https:\/\/viisona.com\/fr\/#\/schema\/logo\/image\/","url":"https:\/\/viisona.com\/wp-content\/uploads\/2020\/08\/viisona_1_FULLY_RASTERED.png","contentUrl":"https:\/\/viisona.com\/wp-content\/uploads\/2020\/08\/viisona_1_FULLY_RASTERED.png","width":1080,"height":307,"caption":"ViiSona"},"image":{"@id":"https:\/\/viisona.com\/fr\/#\/schema\/logo\/image\/"}}]}},"jetpack_sharing_enabled":true,"_links":{"self":[{"href":"https:\/\/viisona.com\/fr\/wp-json\/wp\/v2\/product\/5088","targetHints":{"allow":["GET"]}}],"collection":[{"href":"https:\/\/viisona.com\/fr\/wp-json\/wp\/v2\/product"}],"about":[{"href":"https:\/\/viisona.com\/fr\/wp-json\/wp\/v2\/types\/product"}],"wp:featuredmedia":[{"embeddable":true,"href":"https:\/\/viisona.com\/fr\/wp-json\/wp\/v2\/media\/4769"}],"wp:attachment":[{"href":"https:\/\/viisona.com\/fr\/wp-json\/wp\/v2\/media?parent=5088"}],"wp:term":[{"taxonomy":"product_cat","embeddable":true,"href":"https:\/\/viisona.com\/fr\/wp-json\/wp\/v2\/product_cat?post=5088"},{"taxonomy":"product_tag","embeddable":true,"href":"https:\/\/viisona.com\/fr\/wp-json\/wp\/v2\/product_tag?post=5088"},{"taxonomy":"berocket_brand","embeddable":true,"href":"https:\/\/viisona.com\/fr\/wp-json\/wp\/v2\/berocket_brand?post=5088"}],"curies":[{"name":"wp","href":"https:\/\/api.w.org\/{rel}","templated":true}]}}