{"id":5087,"date":"2021-11-05T01:58:47","date_gmt":"2021-11-05T01:58:47","guid":{"rendered":"https:\/\/viisona.com\/shop\/non%20class\u00e9\/pare-soleil-evo\/"},"modified":"2026-02-18T05:54:20","modified_gmt":"2026-02-18T05:54:20","slug":"pare-soleil-evo","status":"publish","type":"product","link":"https:\/\/viisona.com\/fr\/product\/pare-soleil-evo\/","title":{"rendered":"Pare-soleil EVO"},"content":{"rendered":"","protected":false},"excerpt":{"rendered":"<p>L&#8217;\u00e9cran magn\u00e9tique s&#8217;accroche \u00e0 l&#8217;\u00e9cran EVO\/EVO II pour faciliter la visualisation en cas de forte luminosit\u00e9.<\/p>\n","protected":false},"featured_media":4790,"template":"","meta":{"_acf_changed":false,"inline_featured_image":false},"product_cat":[542,500,490,483],"product_tag":[],"berocket_brand":[446],"class_list":{"0":"post-5087","1":"product","2":"type-product","3":"status-publish","4":"has-post-thumbnail","6":"product_cat-accessoires","7":"product_cat-eleveurs","8":"product_cat-producteurs","9":"product_cat-veterinaires","10":"pa_species-bovins-de-boucherie","11":"pa_species-bovins-laitiers","12":"pa_species-chevaux","13":"berocket_brand-ibex-fr","15":"first","16":"instock","17":"taxable","18":"shipping-taxable","19":"purchasable","20":"product-type-simple"},"acf":[],"yoast_head":"<!-- This site is optimized with the Yoast SEO plugin v26.8 - https:\/\/yoast.com\/product\/yoast-seo-wordpress\/ -->\n<title>iBex Pare-soleil EVO | ViiSona<\/title>\n<meta name=\"description\" content=\"Prot\u00e9gez votre syst\u00e8me d&#039;\u00e9chographie EVO des reflets avec le pare-soleil EVO. Ce parasol magn\u00e9tique se fixe facilement sur l&#039;\u00e9cran EVO\/EVO II, offrant une vision claire et facile m\u00eame dans des conditions de forte luminosit\u00e9. Il permet \u00e9galement de limiter les \u00e9claboussures d&#039;eau sur le syst\u00e8me lors de l&#039;examen d&#039;un milieu aquatique.\" \/>\n<meta name=\"robots\" content=\"index, follow, max-snippet:-1, max-image-preview:large, max-video-preview:-1\" \/>\n<link rel=\"canonical\" href=\"https:\/\/viisona.com\/fr\/product\/pare-soleil-evo\/\" \/>\n<meta property=\"og:locale\" content=\"fr_FR\" \/>\n<meta property=\"og:type\" content=\"article\" \/>\n<meta property=\"og:title\" content=\"iBex Pare-soleil EVO | ViiSona\" \/>\n<meta property=\"og:description\" content=\"Prot\u00e9gez votre syst\u00e8me d&#039;\u00e9chographie EVO des reflets avec le pare-soleil EVO. Ce parasol magn\u00e9tique se fixe facilement sur l&#039;\u00e9cran EVO\/EVO II, offrant une vision claire et facile m\u00eame dans des conditions de forte luminosit\u00e9. Il permet \u00e9galement de limiter les \u00e9claboussures d&#039;eau sur le syst\u00e8me lors de l&#039;examen d&#039;un milieu aquatique.\" \/>\n<meta property=\"og:url\" content=\"https:\/\/viisona.com\/fr\/product\/pare-soleil-evo\/\" \/>\n<meta property=\"og:site_name\" content=\"ViiSona\" \/>\n<meta property=\"article:modified_time\" content=\"2026-02-18T05:54:20+00:00\" \/>\n<meta property=\"og:image\" content=\"https:\/\/viisona.com\/wp-content\/uploads\/2021\/11\/new-products-2020-6.jpg\" \/>\n\t<meta property=\"og:image:width\" content=\"1920\" \/>\n\t<meta property=\"og:image:height\" content=\"1280\" \/>\n\t<meta property=\"og:image:type\" content=\"image\/jpeg\" \/>\n<meta name=\"twitter:card\" content=\"summary_large_image\" \/>\n<meta name=\"twitter:label1\" content=\"Dur\u00e9e de lecture estim\u00e9e\" \/>\n\t<meta name=\"twitter:data1\" content=\"1 minute\" \/>\n<script type=\"application\/ld+json\" class=\"yoast-schema-graph\">{\"@context\":\"https:\/\/schema.org\",\"@graph\":[{\"@type\":\"WebPage\",\"@id\":\"https:\/\/viisona.com\/fr\/product\/pare-soleil-evo\/\",\"url\":\"https:\/\/viisona.com\/fr\/product\/pare-soleil-evo\/\",\"name\":\"iBex Pare-soleil EVO | ViiSona\",\"isPartOf\":{\"@id\":\"https:\/\/viisona.com\/fr\/#website\"},\"primaryImageOfPage\":{\"@id\":\"https:\/\/viisona.com\/fr\/product\/pare-soleil-evo\/#primaryimage\"},\"image\":{\"@id\":\"https:\/\/viisona.com\/fr\/product\/pare-soleil-evo\/#primaryimage\"},\"thumbnailUrl\":\"https:\/\/viisona.com\/wp-content\/uploads\/2021\/11\/new-products-2020-6.jpg\",\"datePublished\":\"2021-11-05T01:58:47+00:00\",\"dateModified\":\"2026-02-18T05:54:20+00:00\",\"description\":\"Prot\u00e9gez votre syst\u00e8me d'\u00e9chographie EVO des reflets avec le pare-soleil EVO. Ce parasol magn\u00e9tique se fixe facilement sur l'\u00e9cran EVO\/EVO II, offrant une vision claire et facile m\u00eame dans des conditions de forte luminosit\u00e9. Il permet \u00e9galement de limiter les \u00e9claboussures d'eau sur le syst\u00e8me lors de l'examen d'un milieu aquatique.\",\"breadcrumb\":{\"@id\":\"https:\/\/viisona.com\/fr\/product\/pare-soleil-evo\/#breadcrumb\"},\"inLanguage\":\"fr-FR\",\"potentialAction\":[{\"@type\":\"ReadAction\",\"target\":[\"https:\/\/viisona.com\/fr\/product\/pare-soleil-evo\/\"]}]},{\"@type\":\"ImageObject\",\"inLanguage\":\"fr-FR\",\"@id\":\"https:\/\/viisona.com\/fr\/product\/pare-soleil-evo\/#primaryimage\",\"url\":\"https:\/\/viisona.com\/wp-content\/uploads\/2021\/11\/new-products-2020-6.jpg\",\"contentUrl\":\"https:\/\/viisona.com\/wp-content\/uploads\/2021\/11\/new-products-2020-6.jpg\",\"width\":1920,\"height\":1280},{\"@type\":\"BreadcrumbList\",\"@id\":\"https:\/\/viisona.com\/fr\/product\/pare-soleil-evo\/#breadcrumb\",\"itemListElement\":[{\"@type\":\"ListItem\",\"position\":1,\"name\":\"Home\",\"item\":\"https:\/\/viisona.com\/fr\/accueil\/\"},{\"@type\":\"ListItem\",\"position\":2,\"name\":\"Boutique\",\"item\":\"https:\/\/viisona.com\/fr\/boutique\/\"},{\"@type\":\"ListItem\",\"position\":3,\"name\":\"Pare-soleil EVO\"}]},{\"@type\":\"WebSite\",\"@id\":\"https:\/\/viisona.com\/fr\/#website\",\"url\":\"https:\/\/viisona.com\/fr\/\",\"name\":\"ViiSona\",\"description\":\"Am\u00e9liorer les r\u00e9sultats pour les agriculteurs et les s\u00e9lectionneurs dans les communaut\u00e9s agricoles et de s\u00e9lection.\",\"publisher\":{\"@id\":\"https:\/\/viisona.com\/fr\/#organization\"},\"potentialAction\":[{\"@type\":\"SearchAction\",\"target\":{\"@type\":\"EntryPoint\",\"urlTemplate\":\"https:\/\/viisona.com\/fr\/?s={search_term_string}\"},\"query-input\":{\"@type\":\"PropertyValueSpecification\",\"valueRequired\":true,\"valueName\":\"search_term_string\"}}],\"inLanguage\":\"fr-FR\"},{\"@type\":\"Organization\",\"@id\":\"https:\/\/viisona.com\/fr\/#organization\",\"name\":\"ViiSona\",\"url\":\"https:\/\/viisona.com\/fr\/\",\"logo\":{\"@type\":\"ImageObject\",\"inLanguage\":\"fr-FR\",\"@id\":\"https:\/\/viisona.com\/fr\/#\/schema\/logo\/image\/\",\"url\":\"https:\/\/viisona.com\/wp-content\/uploads\/2020\/08\/viisona_1_FULLY_RASTERED.png\",\"contentUrl\":\"https:\/\/viisona.com\/wp-content\/uploads\/2020\/08\/viisona_1_FULLY_RASTERED.png\",\"width\":1080,\"height\":307,\"caption\":\"ViiSona\"},\"image\":{\"@id\":\"https:\/\/viisona.com\/fr\/#\/schema\/logo\/image\/\"}}]}<\/script>\n<!-- \/ Yoast SEO plugin. -->","yoast_head_json":{"title":"iBex Pare-soleil EVO | ViiSona","description":"Prot\u00e9gez votre syst\u00e8me d'\u00e9chographie EVO des reflets avec le pare-soleil EVO. Ce parasol magn\u00e9tique se fixe facilement sur l'\u00e9cran EVO\/EVO II, offrant une vision claire et facile m\u00eame dans des conditions de forte luminosit\u00e9. Il permet \u00e9galement de limiter les \u00e9claboussures d'eau sur le syst\u00e8me lors de l'examen d'un milieu aquatique.","robots":{"index":"index","follow":"follow","max-snippet":"max-snippet:-1","max-image-preview":"max-image-preview:large","max-video-preview":"max-video-preview:-1"},"canonical":"https:\/\/viisona.com\/fr\/product\/pare-soleil-evo\/","og_locale":"fr_FR","og_type":"article","og_title":"iBex Pare-soleil EVO | ViiSona","og_description":"Prot\u00e9gez votre syst\u00e8me d'\u00e9chographie EVO des reflets avec le pare-soleil EVO. Ce parasol magn\u00e9tique se fixe facilement sur l'\u00e9cran EVO\/EVO II, offrant une vision claire et facile m\u00eame dans des conditions de forte luminosit\u00e9. Il permet \u00e9galement de limiter les \u00e9claboussures d'eau sur le syst\u00e8me lors de l'examen d'un milieu aquatique.","og_url":"https:\/\/viisona.com\/fr\/product\/pare-soleil-evo\/","og_site_name":"ViiSona","article_modified_time":"2026-02-18T05:54:20+00:00","og_image":[{"width":1920,"height":1280,"url":"https:\/\/viisona.com\/wp-content\/uploads\/2021\/11\/new-products-2020-6.jpg","type":"image\/jpeg"}],"twitter_card":"summary_large_image","twitter_misc":{"Dur\u00e9e de lecture estim\u00e9e":"1 minute"},"schema":{"@context":"https:\/\/schema.org","@graph":[{"@type":"WebPage","@id":"https:\/\/viisona.com\/fr\/product\/pare-soleil-evo\/","url":"https:\/\/viisona.com\/fr\/product\/pare-soleil-evo\/","name":"iBex Pare-soleil EVO | ViiSona","isPartOf":{"@id":"https:\/\/viisona.com\/fr\/#website"},"primaryImageOfPage":{"@id":"https:\/\/viisona.com\/fr\/product\/pare-soleil-evo\/#primaryimage"},"image":{"@id":"https:\/\/viisona.com\/fr\/product\/pare-soleil-evo\/#primaryimage"},"thumbnailUrl":"https:\/\/viisona.com\/wp-content\/uploads\/2021\/11\/new-products-2020-6.jpg","datePublished":"2021-11-05T01:58:47+00:00","dateModified":"2026-02-18T05:54:20+00:00","description":"Prot\u00e9gez votre syst\u00e8me d'\u00e9chographie EVO des reflets avec le pare-soleil EVO. Ce parasol magn\u00e9tique se fixe facilement sur l'\u00e9cran EVO\/EVO II, offrant une vision claire et facile m\u00eame dans des conditions de forte luminosit\u00e9. Il permet \u00e9galement de limiter les \u00e9claboussures d'eau sur le syst\u00e8me lors de l'examen d'un milieu aquatique.","breadcrumb":{"@id":"https:\/\/viisona.com\/fr\/product\/pare-soleil-evo\/#breadcrumb"},"inLanguage":"fr-FR","potentialAction":[{"@type":"ReadAction","target":["https:\/\/viisona.com\/fr\/product\/pare-soleil-evo\/"]}]},{"@type":"ImageObject","inLanguage":"fr-FR","@id":"https:\/\/viisona.com\/fr\/product\/pare-soleil-evo\/#primaryimage","url":"https:\/\/viisona.com\/wp-content\/uploads\/2021\/11\/new-products-2020-6.jpg","contentUrl":"https:\/\/viisona.com\/wp-content\/uploads\/2021\/11\/new-products-2020-6.jpg","width":1920,"height":1280},{"@type":"BreadcrumbList","@id":"https:\/\/viisona.com\/fr\/product\/pare-soleil-evo\/#breadcrumb","itemListElement":[{"@type":"ListItem","position":1,"name":"Home","item":"https:\/\/viisona.com\/fr\/accueil\/"},{"@type":"ListItem","position":2,"name":"Boutique","item":"https:\/\/viisona.com\/fr\/boutique\/"},{"@type":"ListItem","position":3,"name":"Pare-soleil EVO"}]},{"@type":"WebSite","@id":"https:\/\/viisona.com\/fr\/#website","url":"https:\/\/viisona.com\/fr\/","name":"ViiSona","description":"Am\u00e9liorer les r\u00e9sultats pour les agriculteurs et les s\u00e9lectionneurs dans les communaut\u00e9s agricoles et de s\u00e9lection.","publisher":{"@id":"https:\/\/viisona.com\/fr\/#organization"},"potentialAction":[{"@type":"SearchAction","target":{"@type":"EntryPoint","urlTemplate":"https:\/\/viisona.com\/fr\/?s={search_term_string}"},"query-input":{"@type":"PropertyValueSpecification","valueRequired":true,"valueName":"search_term_string"}}],"inLanguage":"fr-FR"},{"@type":"Organization","@id":"https:\/\/viisona.com\/fr\/#organization","name":"ViiSona","url":"https:\/\/viisona.com\/fr\/","logo":{"@type":"ImageObject","inLanguage":"fr-FR","@id":"https:\/\/viisona.com\/fr\/#\/schema\/logo\/image\/","url":"https:\/\/viisona.com\/wp-content\/uploads\/2020\/08\/viisona_1_FULLY_RASTERED.png","contentUrl":"https:\/\/viisona.com\/wp-content\/uploads\/2020\/08\/viisona_1_FULLY_RASTERED.png","width":1080,"height":307,"caption":"ViiSona"},"image":{"@id":"https:\/\/viisona.com\/fr\/#\/schema\/logo\/image\/"}}]}},"jetpack_sharing_enabled":true,"_links":{"self":[{"href":"https:\/\/viisona.com\/fr\/wp-json\/wp\/v2\/product\/5087","targetHints":{"allow":["GET"]}}],"collection":[{"href":"https:\/\/viisona.com\/fr\/wp-json\/wp\/v2\/product"}],"about":[{"href":"https:\/\/viisona.com\/fr\/wp-json\/wp\/v2\/types\/product"}],"wp:featuredmedia":[{"embeddable":true,"href":"https:\/\/viisona.com\/fr\/wp-json\/wp\/v2\/media\/4790"}],"wp:attachment":[{"href":"https:\/\/viisona.com\/fr\/wp-json\/wp\/v2\/media?parent=5087"}],"wp:term":[{"taxonomy":"product_cat","embeddable":true,"href":"https:\/\/viisona.com\/fr\/wp-json\/wp\/v2\/product_cat?post=5087"},{"taxonomy":"product_tag","embeddable":true,"href":"https:\/\/viisona.com\/fr\/wp-json\/wp\/v2\/product_tag?post=5087"},{"taxonomy":"berocket_brand","embeddable":true,"href":"https:\/\/viisona.com\/fr\/wp-json\/wp\/v2\/berocket_brand?post=5087"}],"curies":[{"name":"wp","href":"https:\/\/api.w.org\/{rel}","templated":true}]}}