{"id":5086,"date":"2020-12-01T15:51:08","date_gmt":"2020-12-01T15:51:08","guid":{"rendered":"https:\/\/viisona.com\/shop\/non%20class\u00e9\/introduction-au-scanner-de-gestation-canine-livre\/"},"modified":"2026-02-18T05:52:55","modified_gmt":"2026-02-18T05:52:55","slug":"introduction-au-scanner-de-gestation-canine-livre","status":"publish","type":"product","link":"https:\/\/viisona.com\/fr\/product\/introduction-au-scanner-de-gestation-canine-livre\/","title":{"rendered":"Introduction au scanner de gestation canine Livre"},"content":{"rendered":"<p>Vous souhaitez en savoir plus sur le d\u00e9pistage de la gestation chez les chiens ? Ce livre vous apprendra tout ce que vous devez savoir sur l&#8217;utilisation de l&#8217;\u00e9chographie pour confirmer une grossesse.<\/p>\n<p>Que vous soyez sur le point de vous lancer dans l&#8217;\u00e9chographie ou que vous la pratiquiez depuis des ann\u00e9es, ce livre regorge de conseils, d&#8217;astuces et d&#8217;id\u00e9es.<\/p>\n<p><span style=\"font-weight: 400\">Les chapitres couvrent :  <\/span><\/p>\n<p><span style=\"font-weight: 400\">Conseils et astuces pour am\u00e9liorer la qualit\u00e9 de vos images, quel que soit votre niveau d&#8217;exp\u00e9rience.<\/span><\/p>\n<p><span style=\"font-weight: 400\">Les trois principales erreurs commises par les d\u00e9butants et comment les \u00e9viter.<\/span><\/p>\n<p><span style=\"font-weight: 400\">Comment calculer avec pr\u00e9cision l&#8217;\u00e2ge gestationnel et les dates d&#8217;accouchement.<\/span><\/p>\n<p><span style=\"font-weight: 400\">Comment rep\u00e9rer le pyom\u00e8tre et r\u00e9f\u00e9rer l&#8217;animal \u00e0 un v\u00e9t\u00e9rinaire pour des soins vitaux.<\/span><\/p>\n<p><span style=\"font-weight: 400\">Connaissance approfondie du mat\u00e9riel d&#8217;\u00e9chographie \u00e0 acheter et \u00e0 \u00e9viter.<\/span><\/p>\n<p><span style=\"font-weight: 400\">Toutes les commandes que vous ne touchez jamais &#8211; ce qu&#8217;elles sont et comment les utiliser.<\/span><\/p>\n<p><span style=\"font-weight: 400\">La physique des ultrasons qui am\u00e9liorera votre compr\u00e9hension.<\/span><\/p>\n<p>\u00c9crit par <strong>Catherine Stowell<\/strong>.<\/p>\n","protected":false},"excerpt":{"rendered":"<p><span style=\"font-weight: 400\">Que vous soyez sur le point de vous lancer dans l&#8217;\u00e9chographie ou que vous la pratiquiez depuis des ann\u00e9es, le livre Introduction \u00e0 l&#8217;\u00e9chographie de gestation canine regorge de conseils, d&#8217;astuces et d&#8217;id\u00e9es qui vous aideront \u00e0 ma\u00eetriser l&#8217;\u00e9chographie de gestation chez les chiens.<\/span><\/p>\n","protected":false},"featured_media":4204,"template":"","meta":{"_acf_changed":false,"inline_featured_image":false},"product_cat":[542,500],"product_tag":[],"berocket_brand":[],"class_list":{"0":"post-5086","1":"product","2":"type-product","3":"status-publish","4":"has-post-thumbnail","6":"product_cat-accessoires","7":"product_cat-eleveurs","8":"pa_species-chiens","10":"first","11":"instock","12":"taxable","13":"shipping-taxable","14":"purchasable","15":"product-type-simple"},"acf":[],"yoast_head":"<!-- This site is optimized with the Yoast SEO plugin v26.8 - https:\/\/yoast.com\/product\/yoast-seo-wordpress\/ -->\n<title>Introduction au scanner de gestation canine Livre | ViiSona<\/title>\n<meta name=\"robots\" content=\"index, follow, max-snippet:-1, max-image-preview:large, max-video-preview:-1\" \/>\n<link rel=\"canonical\" href=\"https:\/\/viisona.com\/fr\/product\/introduction-au-scanner-de-gestation-canine-livre\/\" \/>\n<meta property=\"og:locale\" content=\"fr_FR\" \/>\n<meta property=\"og:type\" content=\"article\" \/>\n<meta property=\"og:title\" content=\"Introduction au scanner de gestation canine Livre | ViiSona\" \/>\n<meta property=\"og:description\" content=\"Que vous soyez sur le point de vous lancer dans l&#039;\u00e9chographie ou que vous la pratiquiez depuis des ann\u00e9es, le livre Introduction \u00e0 l&#039;\u00e9chographie de gestation canine regorge de conseils, d&#039;astuces et d&#039;id\u00e9es qui vous aideront \u00e0 ma\u00eetriser l&#039;\u00e9chographie de gestation chez les chiens.\" \/>\n<meta property=\"og:url\" content=\"https:\/\/viisona.com\/fr\/product\/introduction-au-scanner-de-gestation-canine-livre\/\" \/>\n<meta property=\"og:site_name\" content=\"ViiSona\" \/>\n<meta property=\"article:modified_time\" content=\"2026-02-18T05:52:55+00:00\" \/>\n<meta property=\"og:image\" content=\"https:\/\/viisona.com\/wp-content\/uploads\/2020\/11\/Canine-Ultrasound-Scanning-Book_mod.png\" \/>\n\t<meta property=\"og:image:width\" content=\"800\" \/>\n\t<meta property=\"og:image:height\" content=\"800\" \/>\n\t<meta property=\"og:image:type\" content=\"image\/png\" \/>\n<meta name=\"twitter:card\" content=\"summary_large_image\" \/>\n<meta name=\"twitter:label1\" content=\"Dur\u00e9e de lecture estim\u00e9e\" \/>\n\t<meta name=\"twitter:data1\" content=\"1 minute\" \/>\n<script type=\"application\/ld+json\" class=\"yoast-schema-graph\">{\"@context\":\"https:\/\/schema.org\",\"@graph\":[{\"@type\":\"WebPage\",\"@id\":\"https:\/\/viisona.com\/fr\/product\/introduction-au-scanner-de-gestation-canine-livre\/\",\"url\":\"https:\/\/viisona.com\/fr\/product\/introduction-au-scanner-de-gestation-canine-livre\/\",\"name\":\"Introduction au scanner de gestation canine Livre | ViiSona\",\"isPartOf\":{\"@id\":\"https:\/\/viisona.com\/fr\/#website\"},\"primaryImageOfPage\":{\"@id\":\"https:\/\/viisona.com\/fr\/product\/introduction-au-scanner-de-gestation-canine-livre\/#primaryimage\"},\"image\":{\"@id\":\"https:\/\/viisona.com\/fr\/product\/introduction-au-scanner-de-gestation-canine-livre\/#primaryimage\"},\"thumbnailUrl\":\"https:\/\/viisona.com\/wp-content\/uploads\/2020\/11\/Canine-Ultrasound-Scanning-Book_mod.png\",\"datePublished\":\"2020-12-01T15:51:08+00:00\",\"dateModified\":\"2026-02-18T05:52:55+00:00\",\"breadcrumb\":{\"@id\":\"https:\/\/viisona.com\/fr\/product\/introduction-au-scanner-de-gestation-canine-livre\/#breadcrumb\"},\"inLanguage\":\"fr-FR\",\"potentialAction\":[{\"@type\":\"ReadAction\",\"target\":[\"https:\/\/viisona.com\/fr\/product\/introduction-au-scanner-de-gestation-canine-livre\/\"]}]},{\"@type\":\"ImageObject\",\"inLanguage\":\"fr-FR\",\"@id\":\"https:\/\/viisona.com\/fr\/product\/introduction-au-scanner-de-gestation-canine-livre\/#primaryimage\",\"url\":\"https:\/\/viisona.com\/wp-content\/uploads\/2020\/11\/Canine-Ultrasound-Scanning-Book_mod.png\",\"contentUrl\":\"https:\/\/viisona.com\/wp-content\/uploads\/2020\/11\/Canine-Ultrasound-Scanning-Book_mod.png\",\"width\":800,\"height\":800},{\"@type\":\"BreadcrumbList\",\"@id\":\"https:\/\/viisona.com\/fr\/product\/introduction-au-scanner-de-gestation-canine-livre\/#breadcrumb\",\"itemListElement\":[{\"@type\":\"ListItem\",\"position\":1,\"name\":\"Home\",\"item\":\"https:\/\/viisona.com\/fr\/accueil\/\"},{\"@type\":\"ListItem\",\"position\":2,\"name\":\"Boutique\",\"item\":\"https:\/\/viisona.com\/fr\/boutique\/\"},{\"@type\":\"ListItem\",\"position\":3,\"name\":\"Introduction au scanner de gestation canine Livre\"}]},{\"@type\":\"WebSite\",\"@id\":\"https:\/\/viisona.com\/fr\/#website\",\"url\":\"https:\/\/viisona.com\/fr\/\",\"name\":\"ViiSona\",\"description\":\"Am\u00e9liorer les r\u00e9sultats pour les agriculteurs et les s\u00e9lectionneurs dans les communaut\u00e9s agricoles et de s\u00e9lection.\",\"publisher\":{\"@id\":\"https:\/\/viisona.com\/fr\/#organization\"},\"potentialAction\":[{\"@type\":\"SearchAction\",\"target\":{\"@type\":\"EntryPoint\",\"urlTemplate\":\"https:\/\/viisona.com\/fr\/?s={search_term_string}\"},\"query-input\":{\"@type\":\"PropertyValueSpecification\",\"valueRequired\":true,\"valueName\":\"search_term_string\"}}],\"inLanguage\":\"fr-FR\"},{\"@type\":\"Organization\",\"@id\":\"https:\/\/viisona.com\/fr\/#organization\",\"name\":\"ViiSona\",\"url\":\"https:\/\/viisona.com\/fr\/\",\"logo\":{\"@type\":\"ImageObject\",\"inLanguage\":\"fr-FR\",\"@id\":\"https:\/\/viisona.com\/fr\/#\/schema\/logo\/image\/\",\"url\":\"https:\/\/viisona.com\/wp-content\/uploads\/2020\/08\/viisona_1_FULLY_RASTERED.png\",\"contentUrl\":\"https:\/\/viisona.com\/wp-content\/uploads\/2020\/08\/viisona_1_FULLY_RASTERED.png\",\"width\":1080,\"height\":307,\"caption\":\"ViiSona\"},\"image\":{\"@id\":\"https:\/\/viisona.com\/fr\/#\/schema\/logo\/image\/\"}}]}<\/script>\n<!-- \/ Yoast SEO plugin. -->","yoast_head_json":{"title":"Introduction au scanner de gestation canine Livre | ViiSona","robots":{"index":"index","follow":"follow","max-snippet":"max-snippet:-1","max-image-preview":"max-image-preview:large","max-video-preview":"max-video-preview:-1"},"canonical":"https:\/\/viisona.com\/fr\/product\/introduction-au-scanner-de-gestation-canine-livre\/","og_locale":"fr_FR","og_type":"article","og_title":"Introduction au scanner de gestation canine Livre | ViiSona","og_description":"Que vous soyez sur le point de vous lancer dans l'\u00e9chographie ou que vous la pratiquiez depuis des ann\u00e9es, le livre Introduction \u00e0 l'\u00e9chographie de gestation canine regorge de conseils, d'astuces et d'id\u00e9es qui vous aideront \u00e0 ma\u00eetriser l'\u00e9chographie de gestation chez les chiens.","og_url":"https:\/\/viisona.com\/fr\/product\/introduction-au-scanner-de-gestation-canine-livre\/","og_site_name":"ViiSona","article_modified_time":"2026-02-18T05:52:55+00:00","og_image":[{"width":800,"height":800,"url":"https:\/\/viisona.com\/wp-content\/uploads\/2020\/11\/Canine-Ultrasound-Scanning-Book_mod.png","type":"image\/png"}],"twitter_card":"summary_large_image","twitter_misc":{"Dur\u00e9e de lecture estim\u00e9e":"1 minute"},"schema":{"@context":"https:\/\/schema.org","@graph":[{"@type":"WebPage","@id":"https:\/\/viisona.com\/fr\/product\/introduction-au-scanner-de-gestation-canine-livre\/","url":"https:\/\/viisona.com\/fr\/product\/introduction-au-scanner-de-gestation-canine-livre\/","name":"Introduction au scanner de gestation canine Livre | ViiSona","isPartOf":{"@id":"https:\/\/viisona.com\/fr\/#website"},"primaryImageOfPage":{"@id":"https:\/\/viisona.com\/fr\/product\/introduction-au-scanner-de-gestation-canine-livre\/#primaryimage"},"image":{"@id":"https:\/\/viisona.com\/fr\/product\/introduction-au-scanner-de-gestation-canine-livre\/#primaryimage"},"thumbnailUrl":"https:\/\/viisona.com\/wp-content\/uploads\/2020\/11\/Canine-Ultrasound-Scanning-Book_mod.png","datePublished":"2020-12-01T15:51:08+00:00","dateModified":"2026-02-18T05:52:55+00:00","breadcrumb":{"@id":"https:\/\/viisona.com\/fr\/product\/introduction-au-scanner-de-gestation-canine-livre\/#breadcrumb"},"inLanguage":"fr-FR","potentialAction":[{"@type":"ReadAction","target":["https:\/\/viisona.com\/fr\/product\/introduction-au-scanner-de-gestation-canine-livre\/"]}]},{"@type":"ImageObject","inLanguage":"fr-FR","@id":"https:\/\/viisona.com\/fr\/product\/introduction-au-scanner-de-gestation-canine-livre\/#primaryimage","url":"https:\/\/viisona.com\/wp-content\/uploads\/2020\/11\/Canine-Ultrasound-Scanning-Book_mod.png","contentUrl":"https:\/\/viisona.com\/wp-content\/uploads\/2020\/11\/Canine-Ultrasound-Scanning-Book_mod.png","width":800,"height":800},{"@type":"BreadcrumbList","@id":"https:\/\/viisona.com\/fr\/product\/introduction-au-scanner-de-gestation-canine-livre\/#breadcrumb","itemListElement":[{"@type":"ListItem","position":1,"name":"Home","item":"https:\/\/viisona.com\/fr\/accueil\/"},{"@type":"ListItem","position":2,"name":"Boutique","item":"https:\/\/viisona.com\/fr\/boutique\/"},{"@type":"ListItem","position":3,"name":"Introduction au scanner de gestation canine Livre"}]},{"@type":"WebSite","@id":"https:\/\/viisona.com\/fr\/#website","url":"https:\/\/viisona.com\/fr\/","name":"ViiSona","description":"Am\u00e9liorer les r\u00e9sultats pour les agriculteurs et les s\u00e9lectionneurs dans les communaut\u00e9s agricoles et de s\u00e9lection.","publisher":{"@id":"https:\/\/viisona.com\/fr\/#organization"},"potentialAction":[{"@type":"SearchAction","target":{"@type":"EntryPoint","urlTemplate":"https:\/\/viisona.com\/fr\/?s={search_term_string}"},"query-input":{"@type":"PropertyValueSpecification","valueRequired":true,"valueName":"search_term_string"}}],"inLanguage":"fr-FR"},{"@type":"Organization","@id":"https:\/\/viisona.com\/fr\/#organization","name":"ViiSona","url":"https:\/\/viisona.com\/fr\/","logo":{"@type":"ImageObject","inLanguage":"fr-FR","@id":"https:\/\/viisona.com\/fr\/#\/schema\/logo\/image\/","url":"https:\/\/viisona.com\/wp-content\/uploads\/2020\/08\/viisona_1_FULLY_RASTERED.png","contentUrl":"https:\/\/viisona.com\/wp-content\/uploads\/2020\/08\/viisona_1_FULLY_RASTERED.png","width":1080,"height":307,"caption":"ViiSona"},"image":{"@id":"https:\/\/viisona.com\/fr\/#\/schema\/logo\/image\/"}}]}},"jetpack_sharing_enabled":true,"_links":{"self":[{"href":"https:\/\/viisona.com\/fr\/wp-json\/wp\/v2\/product\/5086","targetHints":{"allow":["GET"]}}],"collection":[{"href":"https:\/\/viisona.com\/fr\/wp-json\/wp\/v2\/product"}],"about":[{"href":"https:\/\/viisona.com\/fr\/wp-json\/wp\/v2\/types\/product"}],"wp:featuredmedia":[{"embeddable":true,"href":"https:\/\/viisona.com\/fr\/wp-json\/wp\/v2\/media\/4204"}],"wp:attachment":[{"href":"https:\/\/viisona.com\/fr\/wp-json\/wp\/v2\/media?parent=5086"}],"wp:term":[{"taxonomy":"product_cat","embeddable":true,"href":"https:\/\/viisona.com\/fr\/wp-json\/wp\/v2\/product_cat?post=5086"},{"taxonomy":"product_tag","embeddable":true,"href":"https:\/\/viisona.com\/fr\/wp-json\/wp\/v2\/product_tag?post=5086"},{"taxonomy":"berocket_brand","embeddable":true,"href":"https:\/\/viisona.com\/fr\/wp-json\/wp\/v2\/berocket_brand?post=5086"}],"curies":[{"name":"wp","href":"https:\/\/api.w.org\/{rel}","templated":true}]}}