{"id":5084,"date":"2021-11-02T02:10:23","date_gmt":"2021-11-02T02:10:23","guid":{"rendered":"https:\/\/viisona.com\/shop\/non%20class\u00e9\/pochette-de-taille-evo\/"},"modified":"2026-02-18T05:53:27","modified_gmt":"2026-02-18T05:53:27","slug":"pochette-de-taille-evo","status":"publish","type":"product","link":"https:\/\/viisona.com\/fr\/product\/pochette-de-taille-evo\/","title":{"rendered":"Pochette de taille &#8211; EVO"},"content":{"rendered":"","protected":false},"excerpt":{"rendered":"<p><span style=\"font-weight: 400;\">Sacoche de taille souple pour les syst\u00e8mes d&#8217;\u00e9chographie EVO.<\/span><b> <\/b><span style=\"font-weight: 400;\">L&#8217;\u00e9chographie reste autonome et rationalis\u00e9e lorsqu&#8217;elle est r\u00e9alis\u00e9e \u00e0 l&#8217;aide d&#8217;un casque. Permet de loger le syst\u00e8me d&#8217;\u00e9chographie EVO en position ferm\u00e9e.  <\/span><\/p>\n","protected":false},"featured_media":4787,"template":"","meta":{"_acf_changed":false,"inline_featured_image":false},"product_cat":[542,560,490,483],"product_tag":[],"berocket_brand":[446],"class_list":{"0":"post-5084","1":"product","2":"type-product","3":"status-publish","4":"has-post-thumbnail","6":"product_cat-accessoires","7":"product_cat-cas","8":"product_cat-producteurs","9":"product_cat-veterinaires","10":"pa_species-bovins-de-boucherie","11":"pa_species-bovins-laitiers","12":"pa_species-chevaux","13":"berocket_brand-ibex-fr","15":"first","16":"instock","17":"taxable","18":"shipping-taxable","19":"purchasable","20":"product-type-simple"},"acf":[],"yoast_head":"<!-- This site is optimized with the Yoast SEO plugin v26.8 - https:\/\/yoast.com\/product\/yoast-seo-wordpress\/ -->\n<title>iBex Pochette de taille - EVO | ViiSona<\/title>\n<meta name=\"description\" content=\"Simplifiez votre installation d&#039;\u00e9chographie avec la sacoche de taille souple pour le syst\u00e8me d&#039;\u00e9chographie EVO. Con\u00e7ue pour que votre \u00e9chographe reste autonome et rationalis\u00e9, cette pochette est adapt\u00e9e au mod\u00e8le EVO. Transportez votre \u00e9chographe EVO confortablement en position ferm\u00e9e pour un examen pratique et efficace avec un casque.\" \/>\n<meta name=\"robots\" content=\"index, follow, max-snippet:-1, max-image-preview:large, max-video-preview:-1\" \/>\n<link rel=\"canonical\" href=\"https:\/\/viisona.com\/fr\/product\/pochette-de-taille-evo\/\" \/>\n<meta property=\"og:locale\" content=\"fr_FR\" \/>\n<meta property=\"og:type\" content=\"article\" \/>\n<meta property=\"og:title\" content=\"iBex Pochette de taille - EVO | ViiSona\" \/>\n<meta property=\"og:description\" content=\"Simplifiez votre installation d&#039;\u00e9chographie avec la sacoche de taille souple pour le syst\u00e8me d&#039;\u00e9chographie EVO. Con\u00e7ue pour que votre \u00e9chographe reste autonome et rationalis\u00e9, cette pochette est adapt\u00e9e au mod\u00e8le EVO. Transportez votre \u00e9chographe EVO confortablement en position ferm\u00e9e pour un examen pratique et efficace avec un casque.\" \/>\n<meta property=\"og:url\" content=\"https:\/\/viisona.com\/fr\/product\/pochette-de-taille-evo\/\" \/>\n<meta property=\"og:site_name\" content=\"ViiSona\" \/>\n<meta property=\"article:modified_time\" content=\"2026-02-18T05:53:27+00:00\" \/>\n<meta property=\"og:image\" content=\"https:\/\/viisona.com\/wp-content\/uploads\/2021\/11\/SuperLite-c-waist-pouch-WEB-crop-1.jpeg\" \/>\n\t<meta property=\"og:image:width\" content=\"1273\" \/>\n\t<meta property=\"og:image:height\" content=\"1190\" \/>\n\t<meta property=\"og:image:type\" content=\"image\/jpeg\" \/>\n<meta name=\"twitter:card\" content=\"summary_large_image\" \/>\n<meta name=\"twitter:label1\" content=\"Dur\u00e9e de lecture estim\u00e9e\" \/>\n\t<meta name=\"twitter:data1\" content=\"1 minute\" \/>\n<script type=\"application\/ld+json\" class=\"yoast-schema-graph\">{\"@context\":\"https:\/\/schema.org\",\"@graph\":[{\"@type\":\"WebPage\",\"@id\":\"https:\/\/viisona.com\/fr\/product\/pochette-de-taille-evo\/\",\"url\":\"https:\/\/viisona.com\/fr\/product\/pochette-de-taille-evo\/\",\"name\":\"iBex Pochette de taille - EVO | ViiSona\",\"isPartOf\":{\"@id\":\"https:\/\/viisona.com\/fr\/#website\"},\"primaryImageOfPage\":{\"@id\":\"https:\/\/viisona.com\/fr\/product\/pochette-de-taille-evo\/#primaryimage\"},\"image\":{\"@id\":\"https:\/\/viisona.com\/fr\/product\/pochette-de-taille-evo\/#primaryimage\"},\"thumbnailUrl\":\"https:\/\/viisona.com\/wp-content\/uploads\/2021\/11\/SuperLite-c-waist-pouch-WEB-crop-1.jpeg\",\"datePublished\":\"2021-11-02T02:10:23+00:00\",\"dateModified\":\"2026-02-18T05:53:27+00:00\",\"description\":\"Simplifiez votre installation d'\u00e9chographie avec la sacoche de taille souple pour le syst\u00e8me d'\u00e9chographie EVO. Con\u00e7ue pour que votre \u00e9chographe reste autonome et rationalis\u00e9, cette pochette est adapt\u00e9e au mod\u00e8le EVO. Transportez votre \u00e9chographe EVO confortablement en position ferm\u00e9e pour un examen pratique et efficace avec un casque.\",\"breadcrumb\":{\"@id\":\"https:\/\/viisona.com\/fr\/product\/pochette-de-taille-evo\/#breadcrumb\"},\"inLanguage\":\"fr-FR\",\"potentialAction\":[{\"@type\":\"ReadAction\",\"target\":[\"https:\/\/viisona.com\/fr\/product\/pochette-de-taille-evo\/\"]}]},{\"@type\":\"ImageObject\",\"inLanguage\":\"fr-FR\",\"@id\":\"https:\/\/viisona.com\/fr\/product\/pochette-de-taille-evo\/#primaryimage\",\"url\":\"https:\/\/viisona.com\/wp-content\/uploads\/2021\/11\/SuperLite-c-waist-pouch-WEB-crop-1.jpeg\",\"contentUrl\":\"https:\/\/viisona.com\/wp-content\/uploads\/2021\/11\/SuperLite-c-waist-pouch-WEB-crop-1.jpeg\",\"width\":1273,\"height\":1190},{\"@type\":\"BreadcrumbList\",\"@id\":\"https:\/\/viisona.com\/fr\/product\/pochette-de-taille-evo\/#breadcrumb\",\"itemListElement\":[{\"@type\":\"ListItem\",\"position\":1,\"name\":\"Home\",\"item\":\"https:\/\/viisona.com\/fr\/accueil\/\"},{\"@type\":\"ListItem\",\"position\":2,\"name\":\"Boutique\",\"item\":\"https:\/\/viisona.com\/fr\/boutique\/\"},{\"@type\":\"ListItem\",\"position\":3,\"name\":\"Pochette de taille &#8211; EVO\"}]},{\"@type\":\"WebSite\",\"@id\":\"https:\/\/viisona.com\/fr\/#website\",\"url\":\"https:\/\/viisona.com\/fr\/\",\"name\":\"ViiSona\",\"description\":\"Am\u00e9liorer les r\u00e9sultats pour les agriculteurs et les s\u00e9lectionneurs dans les communaut\u00e9s agricoles et de s\u00e9lection.\",\"publisher\":{\"@id\":\"https:\/\/viisona.com\/fr\/#organization\"},\"potentialAction\":[{\"@type\":\"SearchAction\",\"target\":{\"@type\":\"EntryPoint\",\"urlTemplate\":\"https:\/\/viisona.com\/fr\/?s={search_term_string}\"},\"query-input\":{\"@type\":\"PropertyValueSpecification\",\"valueRequired\":true,\"valueName\":\"search_term_string\"}}],\"inLanguage\":\"fr-FR\"},{\"@type\":\"Organization\",\"@id\":\"https:\/\/viisona.com\/fr\/#organization\",\"name\":\"ViiSona\",\"url\":\"https:\/\/viisona.com\/fr\/\",\"logo\":{\"@type\":\"ImageObject\",\"inLanguage\":\"fr-FR\",\"@id\":\"https:\/\/viisona.com\/fr\/#\/schema\/logo\/image\/\",\"url\":\"https:\/\/viisona.com\/wp-content\/uploads\/2020\/08\/viisona_1_FULLY_RASTERED.png\",\"contentUrl\":\"https:\/\/viisona.com\/wp-content\/uploads\/2020\/08\/viisona_1_FULLY_RASTERED.png\",\"width\":1080,\"height\":307,\"caption\":\"ViiSona\"},\"image\":{\"@id\":\"https:\/\/viisona.com\/fr\/#\/schema\/logo\/image\/\"}}]}<\/script>\n<!-- \/ Yoast SEO plugin. -->","yoast_head_json":{"title":"iBex Pochette de taille - EVO | ViiSona","description":"Simplifiez votre installation d'\u00e9chographie avec la sacoche de taille souple pour le syst\u00e8me d'\u00e9chographie EVO. Con\u00e7ue pour que votre \u00e9chographe reste autonome et rationalis\u00e9, cette pochette est adapt\u00e9e au mod\u00e8le EVO. Transportez votre \u00e9chographe EVO confortablement en position ferm\u00e9e pour un examen pratique et efficace avec un casque.","robots":{"index":"index","follow":"follow","max-snippet":"max-snippet:-1","max-image-preview":"max-image-preview:large","max-video-preview":"max-video-preview:-1"},"canonical":"https:\/\/viisona.com\/fr\/product\/pochette-de-taille-evo\/","og_locale":"fr_FR","og_type":"article","og_title":"iBex Pochette de taille - EVO | ViiSona","og_description":"Simplifiez votre installation d'\u00e9chographie avec la sacoche de taille souple pour le syst\u00e8me d'\u00e9chographie EVO. Con\u00e7ue pour que votre \u00e9chographe reste autonome et rationalis\u00e9, cette pochette est adapt\u00e9e au mod\u00e8le EVO. Transportez votre \u00e9chographe EVO confortablement en position ferm\u00e9e pour un examen pratique et efficace avec un casque.","og_url":"https:\/\/viisona.com\/fr\/product\/pochette-de-taille-evo\/","og_site_name":"ViiSona","article_modified_time":"2026-02-18T05:53:27+00:00","og_image":[{"width":1273,"height":1190,"url":"https:\/\/viisona.com\/wp-content\/uploads\/2021\/11\/SuperLite-c-waist-pouch-WEB-crop-1.jpeg","type":"image\/jpeg"}],"twitter_card":"summary_large_image","twitter_misc":{"Dur\u00e9e de lecture estim\u00e9e":"1 minute"},"schema":{"@context":"https:\/\/schema.org","@graph":[{"@type":"WebPage","@id":"https:\/\/viisona.com\/fr\/product\/pochette-de-taille-evo\/","url":"https:\/\/viisona.com\/fr\/product\/pochette-de-taille-evo\/","name":"iBex Pochette de taille - EVO | ViiSona","isPartOf":{"@id":"https:\/\/viisona.com\/fr\/#website"},"primaryImageOfPage":{"@id":"https:\/\/viisona.com\/fr\/product\/pochette-de-taille-evo\/#primaryimage"},"image":{"@id":"https:\/\/viisona.com\/fr\/product\/pochette-de-taille-evo\/#primaryimage"},"thumbnailUrl":"https:\/\/viisona.com\/wp-content\/uploads\/2021\/11\/SuperLite-c-waist-pouch-WEB-crop-1.jpeg","datePublished":"2021-11-02T02:10:23+00:00","dateModified":"2026-02-18T05:53:27+00:00","description":"Simplifiez votre installation d'\u00e9chographie avec la sacoche de taille souple pour le syst\u00e8me d'\u00e9chographie EVO. Con\u00e7ue pour que votre \u00e9chographe reste autonome et rationalis\u00e9, cette pochette est adapt\u00e9e au mod\u00e8le EVO. Transportez votre \u00e9chographe EVO confortablement en position ferm\u00e9e pour un examen pratique et efficace avec un casque.","breadcrumb":{"@id":"https:\/\/viisona.com\/fr\/product\/pochette-de-taille-evo\/#breadcrumb"},"inLanguage":"fr-FR","potentialAction":[{"@type":"ReadAction","target":["https:\/\/viisona.com\/fr\/product\/pochette-de-taille-evo\/"]}]},{"@type":"ImageObject","inLanguage":"fr-FR","@id":"https:\/\/viisona.com\/fr\/product\/pochette-de-taille-evo\/#primaryimage","url":"https:\/\/viisona.com\/wp-content\/uploads\/2021\/11\/SuperLite-c-waist-pouch-WEB-crop-1.jpeg","contentUrl":"https:\/\/viisona.com\/wp-content\/uploads\/2021\/11\/SuperLite-c-waist-pouch-WEB-crop-1.jpeg","width":1273,"height":1190},{"@type":"BreadcrumbList","@id":"https:\/\/viisona.com\/fr\/product\/pochette-de-taille-evo\/#breadcrumb","itemListElement":[{"@type":"ListItem","position":1,"name":"Home","item":"https:\/\/viisona.com\/fr\/accueil\/"},{"@type":"ListItem","position":2,"name":"Boutique","item":"https:\/\/viisona.com\/fr\/boutique\/"},{"@type":"ListItem","position":3,"name":"Pochette de taille &#8211; EVO"}]},{"@type":"WebSite","@id":"https:\/\/viisona.com\/fr\/#website","url":"https:\/\/viisona.com\/fr\/","name":"ViiSona","description":"Am\u00e9liorer les r\u00e9sultats pour les agriculteurs et les s\u00e9lectionneurs dans les communaut\u00e9s agricoles et de s\u00e9lection.","publisher":{"@id":"https:\/\/viisona.com\/fr\/#organization"},"potentialAction":[{"@type":"SearchAction","target":{"@type":"EntryPoint","urlTemplate":"https:\/\/viisona.com\/fr\/?s={search_term_string}"},"query-input":{"@type":"PropertyValueSpecification","valueRequired":true,"valueName":"search_term_string"}}],"inLanguage":"fr-FR"},{"@type":"Organization","@id":"https:\/\/viisona.com\/fr\/#organization","name":"ViiSona","url":"https:\/\/viisona.com\/fr\/","logo":{"@type":"ImageObject","inLanguage":"fr-FR","@id":"https:\/\/viisona.com\/fr\/#\/schema\/logo\/image\/","url":"https:\/\/viisona.com\/wp-content\/uploads\/2020\/08\/viisona_1_FULLY_RASTERED.png","contentUrl":"https:\/\/viisona.com\/wp-content\/uploads\/2020\/08\/viisona_1_FULLY_RASTERED.png","width":1080,"height":307,"caption":"ViiSona"},"image":{"@id":"https:\/\/viisona.com\/fr\/#\/schema\/logo\/image\/"}}]}},"jetpack_sharing_enabled":true,"_links":{"self":[{"href":"https:\/\/viisona.com\/fr\/wp-json\/wp\/v2\/product\/5084","targetHints":{"allow":["GET"]}}],"collection":[{"href":"https:\/\/viisona.com\/fr\/wp-json\/wp\/v2\/product"}],"about":[{"href":"https:\/\/viisona.com\/fr\/wp-json\/wp\/v2\/types\/product"}],"wp:featuredmedia":[{"embeddable":true,"href":"https:\/\/viisona.com\/fr\/wp-json\/wp\/v2\/media\/4787"}],"wp:attachment":[{"href":"https:\/\/viisona.com\/fr\/wp-json\/wp\/v2\/media?parent=5084"}],"wp:term":[{"taxonomy":"product_cat","embeddable":true,"href":"https:\/\/viisona.com\/fr\/wp-json\/wp\/v2\/product_cat?post=5084"},{"taxonomy":"product_tag","embeddable":true,"href":"https:\/\/viisona.com\/fr\/wp-json\/wp\/v2\/product_tag?post=5084"},{"taxonomy":"berocket_brand","embeddable":true,"href":"https:\/\/viisona.com\/fr\/wp-json\/wp\/v2\/berocket_brand?post=5084"}],"curies":[{"name":"wp","href":"https:\/\/api.w.org\/{rel}","templated":true}]}}