{"id":5083,"date":"2021-11-02T02:14:42","date_gmt":"2021-11-02T02:14:42","guid":{"rendered":"https:\/\/viisona.com\/shop\/non%20class\u00e9\/pochette-de-taille-pro-lite\/"},"modified":"2024-08-01T22:02:47","modified_gmt":"2024-08-01T22:02:47","slug":"pochette-de-taille-pro-lite","status":"publish","type":"product","link":"https:\/\/viisona.com\/fr\/product\/pochette-de-taille-pro-lite\/","title":{"rendered":"Pochette de taille &#8211; Pro\/Lite"},"content":{"rendered":"","protected":false},"excerpt":{"rendered":"<p><span style=\"font-weight: 400\">Sacoche de taille souple pour les syst\u00e8mes d&#8217;\u00e9chographie iBex PRO, LITE et HR. L&#8217;\u00e9chographie reste autonome et rationalis\u00e9e lorsqu&#8217;elle est r\u00e9alis\u00e9e \u00e0 l&#8217;aide d&#8217;un casque. Acc\u00e9dez aux boutons si n\u00e9cessaire \u00e0 partir de l&#8217;ouverture. S&#8217;adapte aux mod\u00e8les PRO, LITE et HR et permet de transporter facilement et confortablement votre IBex\u00ae PRO en position ferm\u00e9e. <\/span><\/p>\n","protected":false},"featured_media":4871,"template":"","meta":{"_acf_changed":false,"inline_featured_image":false},"product_cat":[542,560,490,483],"product_tag":[834,835],"berocket_brand":[446],"class_list":{"0":"post-5083","1":"product","2":"type-product","3":"status-publish","4":"has-post-thumbnail","6":"product_cat-accessoires","7":"product_cat-cas","8":"product_cat-producteurs","9":"product_cat-veterinaires","10":"product_tag-la-sacoche-de-taille-souple-pour-les-systemes-dechographie-ibex-pro","11":"product_tag-lite-et-hr","12":"pa_species-bovins-de-boucherie","13":"pa_species-bovins-laitiers","14":"pa_species-chevaux","15":"berocket_brand-ibex-fr","17":"first","18":"instock","19":"taxable","20":"shipping-taxable","21":"purchasable","22":"product-type-simple"},"acf":[],"yoast_head":"<!-- This site is optimized with the Yoast SEO plugin v26.8 - https:\/\/yoast.com\/product\/yoast-seo-wordpress\/ -->\n<title>iBex Pochette de taille - Pro\/Lite | ViiSona<\/title>\n<meta name=\"description\" content=\"Simplifiez votre installation d&#039;\u00e9chographie gr\u00e2ce \u00e0 la sacoche de taille souple pour les syst\u00e8mes d&#039;\u00e9chographie iBex PRO, LITE et HR. Con\u00e7ue pour que votre \u00e9chographie reste autonome et rationalis\u00e9e, cette pochette s&#039;adapte aux mod\u00e8les PRO, LITE et HR, permettant d&#039;acc\u00e9der facilement aux boutons depuis l&#039;ouverture. Transportez votre IBex\u00ae PRO confortablement en position ferm\u00e9e pour un examen pratique et efficace avec un casque.\" \/>\n<meta name=\"robots\" content=\"index, follow, max-snippet:-1, max-image-preview:large, max-video-preview:-1\" \/>\n<link rel=\"canonical\" href=\"https:\/\/viisona.com\/fr\/product\/pochette-de-taille-pro-lite\/\" \/>\n<meta property=\"og:locale\" content=\"fr_FR\" \/>\n<meta property=\"og:type\" content=\"article\" \/>\n<meta property=\"og:title\" content=\"iBex Pochette de taille - Pro\/Lite | ViiSona\" \/>\n<meta property=\"og:description\" content=\"Simplifiez votre installation d&#039;\u00e9chographie gr\u00e2ce \u00e0 la sacoche de taille souple pour les syst\u00e8mes d&#039;\u00e9chographie iBex PRO, LITE et HR. Con\u00e7ue pour que votre \u00e9chographie reste autonome et rationalis\u00e9e, cette pochette s&#039;adapte aux mod\u00e8les PRO, LITE et HR, permettant d&#039;acc\u00e9der facilement aux boutons depuis l&#039;ouverture. Transportez votre IBex\u00ae PRO confortablement en position ferm\u00e9e pour un examen pratique et efficace avec un casque.\" \/>\n<meta property=\"og:url\" content=\"https:\/\/viisona.com\/fr\/product\/pochette-de-taille-pro-lite\/\" \/>\n<meta property=\"og:site_name\" content=\"ViiSona\" \/>\n<meta property=\"article:modified_time\" content=\"2024-08-01T22:02:47+00:00\" \/>\n<meta property=\"og:image\" content=\"https:\/\/viisona.com\/wp-content\/uploads\/2021\/11\/pro-c-waist-pouch.jpg\" \/>\n\t<meta property=\"og:image:width\" content=\"1920\" \/>\n\t<meta property=\"og:image:height\" content=\"1920\" \/>\n\t<meta property=\"og:image:type\" content=\"image\/jpeg\" \/>\n<meta name=\"twitter:card\" content=\"summary_large_image\" \/>\n<meta name=\"twitter:label1\" content=\"Dur\u00e9e de lecture estim\u00e9e\" \/>\n\t<meta name=\"twitter:data1\" content=\"1 minute\" \/>\n<script type=\"application\/ld+json\" class=\"yoast-schema-graph\">{\"@context\":\"https:\/\/schema.org\",\"@graph\":[{\"@type\":\"WebPage\",\"@id\":\"https:\/\/viisona.com\/fr\/product\/pochette-de-taille-pro-lite\/\",\"url\":\"https:\/\/viisona.com\/fr\/product\/pochette-de-taille-pro-lite\/\",\"name\":\"iBex Pochette de taille - Pro\/Lite | ViiSona\",\"isPartOf\":{\"@id\":\"https:\/\/viisona.com\/fr\/#website\"},\"primaryImageOfPage\":{\"@id\":\"https:\/\/viisona.com\/fr\/product\/pochette-de-taille-pro-lite\/#primaryimage\"},\"image\":{\"@id\":\"https:\/\/viisona.com\/fr\/product\/pochette-de-taille-pro-lite\/#primaryimage\"},\"thumbnailUrl\":\"https:\/\/viisona.com\/wp-content\/uploads\/2021\/11\/pro-c-waist-pouch.jpg\",\"datePublished\":\"2021-11-02T02:14:42+00:00\",\"dateModified\":\"2024-08-01T22:02:47+00:00\",\"description\":\"Simplifiez votre installation d'\u00e9chographie gr\u00e2ce \u00e0 la sacoche de taille souple pour les syst\u00e8mes d'\u00e9chographie iBex PRO, LITE et HR. Con\u00e7ue pour que votre \u00e9chographie reste autonome et rationalis\u00e9e, cette pochette s'adapte aux mod\u00e8les PRO, LITE et HR, permettant d'acc\u00e9der facilement aux boutons depuis l'ouverture. Transportez votre IBex\u00ae PRO confortablement en position ferm\u00e9e pour un examen pratique et efficace avec un casque.\",\"breadcrumb\":{\"@id\":\"https:\/\/viisona.com\/fr\/product\/pochette-de-taille-pro-lite\/#breadcrumb\"},\"inLanguage\":\"fr-FR\",\"potentialAction\":[{\"@type\":\"ReadAction\",\"target\":[\"https:\/\/viisona.com\/fr\/product\/pochette-de-taille-pro-lite\/\"]}]},{\"@type\":\"ImageObject\",\"inLanguage\":\"fr-FR\",\"@id\":\"https:\/\/viisona.com\/fr\/product\/pochette-de-taille-pro-lite\/#primaryimage\",\"url\":\"https:\/\/viisona.com\/wp-content\/uploads\/2021\/11\/pro-c-waist-pouch.jpg\",\"contentUrl\":\"https:\/\/viisona.com\/wp-content\/uploads\/2021\/11\/pro-c-waist-pouch.jpg\",\"width\":1920,\"height\":1920},{\"@type\":\"BreadcrumbList\",\"@id\":\"https:\/\/viisona.com\/fr\/product\/pochette-de-taille-pro-lite\/#breadcrumb\",\"itemListElement\":[{\"@type\":\"ListItem\",\"position\":1,\"name\":\"Home\",\"item\":\"https:\/\/viisona.com\/fr\/accueil\/\"},{\"@type\":\"ListItem\",\"position\":2,\"name\":\"Boutique\",\"item\":\"https:\/\/viisona.com\/fr\/boutique\/\"},{\"@type\":\"ListItem\",\"position\":3,\"name\":\"Pochette de taille &#8211; Pro\/Lite\"}]},{\"@type\":\"WebSite\",\"@id\":\"https:\/\/viisona.com\/fr\/#website\",\"url\":\"https:\/\/viisona.com\/fr\/\",\"name\":\"ViiSona\",\"description\":\"Am\u00e9liorer les r\u00e9sultats pour les agriculteurs et les s\u00e9lectionneurs dans les communaut\u00e9s agricoles et de s\u00e9lection.\",\"publisher\":{\"@id\":\"https:\/\/viisona.com\/fr\/#organization\"},\"potentialAction\":[{\"@type\":\"SearchAction\",\"target\":{\"@type\":\"EntryPoint\",\"urlTemplate\":\"https:\/\/viisona.com\/fr\/?s={search_term_string}\"},\"query-input\":{\"@type\":\"PropertyValueSpecification\",\"valueRequired\":true,\"valueName\":\"search_term_string\"}}],\"inLanguage\":\"fr-FR\"},{\"@type\":\"Organization\",\"@id\":\"https:\/\/viisona.com\/fr\/#organization\",\"name\":\"ViiSona\",\"url\":\"https:\/\/viisona.com\/fr\/\",\"logo\":{\"@type\":\"ImageObject\",\"inLanguage\":\"fr-FR\",\"@id\":\"https:\/\/viisona.com\/fr\/#\/schema\/logo\/image\/\",\"url\":\"https:\/\/viisona.com\/wp-content\/uploads\/2020\/08\/viisona_1_FULLY_RASTERED.png\",\"contentUrl\":\"https:\/\/viisona.com\/wp-content\/uploads\/2020\/08\/viisona_1_FULLY_RASTERED.png\",\"width\":1080,\"height\":307,\"caption\":\"ViiSona\"},\"image\":{\"@id\":\"https:\/\/viisona.com\/fr\/#\/schema\/logo\/image\/\"}}]}<\/script>\n<!-- \/ Yoast SEO plugin. -->","yoast_head_json":{"title":"iBex Pochette de taille - Pro\/Lite | ViiSona","description":"Simplifiez votre installation d'\u00e9chographie gr\u00e2ce \u00e0 la sacoche de taille souple pour les syst\u00e8mes d'\u00e9chographie iBex PRO, LITE et HR. Con\u00e7ue pour que votre \u00e9chographie reste autonome et rationalis\u00e9e, cette pochette s'adapte aux mod\u00e8les PRO, LITE et HR, permettant d'acc\u00e9der facilement aux boutons depuis l'ouverture. Transportez votre IBex\u00ae PRO confortablement en position ferm\u00e9e pour un examen pratique et efficace avec un casque.","robots":{"index":"index","follow":"follow","max-snippet":"max-snippet:-1","max-image-preview":"max-image-preview:large","max-video-preview":"max-video-preview:-1"},"canonical":"https:\/\/viisona.com\/fr\/product\/pochette-de-taille-pro-lite\/","og_locale":"fr_FR","og_type":"article","og_title":"iBex Pochette de taille - Pro\/Lite | ViiSona","og_description":"Simplifiez votre installation d'\u00e9chographie gr\u00e2ce \u00e0 la sacoche de taille souple pour les syst\u00e8mes d'\u00e9chographie iBex PRO, LITE et HR. Con\u00e7ue pour que votre \u00e9chographie reste autonome et rationalis\u00e9e, cette pochette s'adapte aux mod\u00e8les PRO, LITE et HR, permettant d'acc\u00e9der facilement aux boutons depuis l'ouverture. Transportez votre IBex\u00ae PRO confortablement en position ferm\u00e9e pour un examen pratique et efficace avec un casque.","og_url":"https:\/\/viisona.com\/fr\/product\/pochette-de-taille-pro-lite\/","og_site_name":"ViiSona","article_modified_time":"2024-08-01T22:02:47+00:00","og_image":[{"width":1920,"height":1920,"url":"https:\/\/viisona.com\/wp-content\/uploads\/2021\/11\/pro-c-waist-pouch.jpg","type":"image\/jpeg"}],"twitter_card":"summary_large_image","twitter_misc":{"Dur\u00e9e de lecture estim\u00e9e":"1 minute"},"schema":{"@context":"https:\/\/schema.org","@graph":[{"@type":"WebPage","@id":"https:\/\/viisona.com\/fr\/product\/pochette-de-taille-pro-lite\/","url":"https:\/\/viisona.com\/fr\/product\/pochette-de-taille-pro-lite\/","name":"iBex Pochette de taille - Pro\/Lite | ViiSona","isPartOf":{"@id":"https:\/\/viisona.com\/fr\/#website"},"primaryImageOfPage":{"@id":"https:\/\/viisona.com\/fr\/product\/pochette-de-taille-pro-lite\/#primaryimage"},"image":{"@id":"https:\/\/viisona.com\/fr\/product\/pochette-de-taille-pro-lite\/#primaryimage"},"thumbnailUrl":"https:\/\/viisona.com\/wp-content\/uploads\/2021\/11\/pro-c-waist-pouch.jpg","datePublished":"2021-11-02T02:14:42+00:00","dateModified":"2024-08-01T22:02:47+00:00","description":"Simplifiez votre installation d'\u00e9chographie gr\u00e2ce \u00e0 la sacoche de taille souple pour les syst\u00e8mes d'\u00e9chographie iBex PRO, LITE et HR. Con\u00e7ue pour que votre \u00e9chographie reste autonome et rationalis\u00e9e, cette pochette s'adapte aux mod\u00e8les PRO, LITE et HR, permettant d'acc\u00e9der facilement aux boutons depuis l'ouverture. Transportez votre IBex\u00ae PRO confortablement en position ferm\u00e9e pour un examen pratique et efficace avec un casque.","breadcrumb":{"@id":"https:\/\/viisona.com\/fr\/product\/pochette-de-taille-pro-lite\/#breadcrumb"},"inLanguage":"fr-FR","potentialAction":[{"@type":"ReadAction","target":["https:\/\/viisona.com\/fr\/product\/pochette-de-taille-pro-lite\/"]}]},{"@type":"ImageObject","inLanguage":"fr-FR","@id":"https:\/\/viisona.com\/fr\/product\/pochette-de-taille-pro-lite\/#primaryimage","url":"https:\/\/viisona.com\/wp-content\/uploads\/2021\/11\/pro-c-waist-pouch.jpg","contentUrl":"https:\/\/viisona.com\/wp-content\/uploads\/2021\/11\/pro-c-waist-pouch.jpg","width":1920,"height":1920},{"@type":"BreadcrumbList","@id":"https:\/\/viisona.com\/fr\/product\/pochette-de-taille-pro-lite\/#breadcrumb","itemListElement":[{"@type":"ListItem","position":1,"name":"Home","item":"https:\/\/viisona.com\/fr\/accueil\/"},{"@type":"ListItem","position":2,"name":"Boutique","item":"https:\/\/viisona.com\/fr\/boutique\/"},{"@type":"ListItem","position":3,"name":"Pochette de taille &#8211; Pro\/Lite"}]},{"@type":"WebSite","@id":"https:\/\/viisona.com\/fr\/#website","url":"https:\/\/viisona.com\/fr\/","name":"ViiSona","description":"Am\u00e9liorer les r\u00e9sultats pour les agriculteurs et les s\u00e9lectionneurs dans les communaut\u00e9s agricoles et de s\u00e9lection.","publisher":{"@id":"https:\/\/viisona.com\/fr\/#organization"},"potentialAction":[{"@type":"SearchAction","target":{"@type":"EntryPoint","urlTemplate":"https:\/\/viisona.com\/fr\/?s={search_term_string}"},"query-input":{"@type":"PropertyValueSpecification","valueRequired":true,"valueName":"search_term_string"}}],"inLanguage":"fr-FR"},{"@type":"Organization","@id":"https:\/\/viisona.com\/fr\/#organization","name":"ViiSona","url":"https:\/\/viisona.com\/fr\/","logo":{"@type":"ImageObject","inLanguage":"fr-FR","@id":"https:\/\/viisona.com\/fr\/#\/schema\/logo\/image\/","url":"https:\/\/viisona.com\/wp-content\/uploads\/2020\/08\/viisona_1_FULLY_RASTERED.png","contentUrl":"https:\/\/viisona.com\/wp-content\/uploads\/2020\/08\/viisona_1_FULLY_RASTERED.png","width":1080,"height":307,"caption":"ViiSona"},"image":{"@id":"https:\/\/viisona.com\/fr\/#\/schema\/logo\/image\/"}}]}},"jetpack_sharing_enabled":true,"_links":{"self":[{"href":"https:\/\/viisona.com\/fr\/wp-json\/wp\/v2\/product\/5083","targetHints":{"allow":["GET"]}}],"collection":[{"href":"https:\/\/viisona.com\/fr\/wp-json\/wp\/v2\/product"}],"about":[{"href":"https:\/\/viisona.com\/fr\/wp-json\/wp\/v2\/types\/product"}],"wp:featuredmedia":[{"embeddable":true,"href":"https:\/\/viisona.com\/fr\/wp-json\/wp\/v2\/media\/4871"}],"wp:attachment":[{"href":"https:\/\/viisona.com\/fr\/wp-json\/wp\/v2\/media?parent=5083"}],"wp:term":[{"taxonomy":"product_cat","embeddable":true,"href":"https:\/\/viisona.com\/fr\/wp-json\/wp\/v2\/product_cat?post=5083"},{"taxonomy":"product_tag","embeddable":true,"href":"https:\/\/viisona.com\/fr\/wp-json\/wp\/v2\/product_tag?post=5083"},{"taxonomy":"berocket_brand","embeddable":true,"href":"https:\/\/viisona.com\/fr\/wp-json\/wp\/v2\/berocket_brand?post=5083"}],"curies":[{"name":"wp","href":"https:\/\/api.w.org\/{rel}","templated":true}]}}