{"id":5078,"date":"2021-11-28T23:13:51","date_gmt":"2021-11-28T23:13:51","guid":{"rendered":"https:\/\/viisona.com\/shop\/non%20class\u00e9\/bras-dextension-pour-sonde-rectale-convexe\/"},"modified":"2026-02-18T05:54:38","modified_gmt":"2026-02-18T05:54:38","slug":"bras-dextension-pour-sonde-rectale-convexe","status":"publish","type":"product","link":"https:\/\/viisona.com\/fr\/product\/bras-dextension-pour-sonde-rectale-convexe\/","title":{"rendered":"Bras d&#8217;extension pour sonde rectale convexe"},"content":{"rendered":"<p>Simplifiez les contr\u00f4les de gestation des bovins avec le bras d&#8217;extension con\u00e7u pour \u00eatre utilis\u00e9 avec la sonde rectale convexe de 3,5 \u00e0 7,5 MHz. Con\u00e7u pour r\u00e9duire la fatigue et le stress des bras, cet accessoire facilite et acc\u00e9l\u00e8re les examens des professionnels v\u00e9t\u00e9rinaires.<\/p>\n<p>Profitez d&#8217;une ergonomie et d&#8217;un confort am\u00e9lior\u00e9s lors des diagnostics de reproduction, ce qui am\u00e9liore l&#8217;efficacit\u00e9 des contr\u00f4les de gestation des bovins. Compatible avec divers syst\u00e8mes d&#8217;\u00e9chographie, il assure des examens pr\u00e9cis et sans stress.<\/p>\n","protected":false},"excerpt":{"rendered":"<p><span style=\"font-weight: 400;\">R\u00e9duisez la fatigue et le stress du bras pour faciliter et acc\u00e9l\u00e9rer les contr\u00f4les de grossesse chez les bovins gr\u00e2ce au bras d&#8217;extension con\u00e7u pour \u00eatre associ\u00e9 \u00e0 la sonde rectale convexe de 3,5-7,5 MHz.  <\/span><\/p>\n","protected":false},"featured_media":4864,"template":"","meta":{"_acf_changed":false,"inline_featured_image":false},"product_cat":[542,561,500,490,483],"product_tag":[],"berocket_brand":[502],"class_list":{"0":"post-5078","1":"product","2":"type-product","3":"status-publish","4":"has-post-thumbnail","6":"product_cat-accessoires","7":"product_cat-bras-dextension","8":"product_cat-eleveurs","9":"product_cat-producteurs","10":"product_cat-veterinaires","11":"pa_applications-grossesse","12":"pa_applications-reproduction-fr","13":"pa_applications-uterus-fr","14":"pa_species-bovins-de-boucherie","15":"berocket_brand-draminski-fr","17":"first","18":"instock","19":"taxable","20":"shipping-taxable","21":"purchasable","22":"product-type-simple"},"acf":[],"yoast_head":"<!-- This site is optimized with the Yoast SEO plugin v26.8 - https:\/\/yoast.com\/product\/yoast-seo-wordpress\/ -->\n<title>Draminski Bras d&#039;extension pour sonde rectale convexe | ViiSona<\/title>\n<meta name=\"description\" content=\"Simplifiez les contr\u00f4les de gestation des bovins avec le bras d&#039;extension con\u00e7u pour \u00eatre utilis\u00e9 avec la sonde rectale convexe de 3,5 \u00e0 7,5 MHz. Con\u00e7u pour r\u00e9duire la fatigue et le stress des bras, cet accessoire facilite et acc\u00e9l\u00e8re les examens des professionnels v\u00e9t\u00e9rinaires.Profitez d&#039;une ergonomie et d&#039;un confort am\u00e9lior\u00e9s lors des diagnostics de reproduction, ce qui am\u00e9liore l&#039;efficacit\u00e9 des contr\u00f4les de gestation des bovins. Compatible avec divers syst\u00e8mes d&#039;\u00e9chographie, il assure des examens pr\u00e9cis et sans stress.\" \/>\n<meta name=\"robots\" content=\"index, follow, max-snippet:-1, max-image-preview:large, max-video-preview:-1\" \/>\n<link rel=\"canonical\" href=\"https:\/\/viisona.com\/fr\/product\/bras-dextension-pour-sonde-rectale-convexe\/\" \/>\n<meta property=\"og:locale\" content=\"fr_FR\" \/>\n<meta property=\"og:type\" content=\"article\" \/>\n<meta property=\"og:title\" content=\"Draminski Bras d&#039;extension pour sonde rectale convexe | ViiSona\" \/>\n<meta property=\"og:description\" content=\"Simplifiez les contr\u00f4les de gestation des bovins avec le bras d&#039;extension con\u00e7u pour \u00eatre utilis\u00e9 avec la sonde rectale convexe de 3,5 \u00e0 7,5 MHz. Con\u00e7u pour r\u00e9duire la fatigue et le stress des bras, cet accessoire facilite et acc\u00e9l\u00e8re les examens des professionnels v\u00e9t\u00e9rinaires.Profitez d&#039;une ergonomie et d&#039;un confort am\u00e9lior\u00e9s lors des diagnostics de reproduction, ce qui am\u00e9liore l&#039;efficacit\u00e9 des contr\u00f4les de gestation des bovins. Compatible avec divers syst\u00e8mes d&#039;\u00e9chographie, il assure des examens pr\u00e9cis et sans stress.\" \/>\n<meta property=\"og:url\" content=\"https:\/\/viisona.com\/fr\/product\/bras-dextension-pour-sonde-rectale-convexe\/\" \/>\n<meta property=\"og:site_name\" content=\"ViiSona\" \/>\n<meta property=\"article:modified_time\" content=\"2026-02-18T05:54:38+00:00\" \/>\n<meta property=\"og:image\" content=\"https:\/\/viisona.com\/wp-content\/uploads\/2021\/11\/Draminski-Rectal-Extension-Arm.jpg\" \/>\n\t<meta property=\"og:image:width\" content=\"1244\" \/>\n\t<meta property=\"og:image:height\" content=\"1244\" \/>\n\t<meta property=\"og:image:type\" content=\"image\/jpeg\" \/>\n<meta name=\"twitter:card\" content=\"summary_large_image\" \/>\n<meta name=\"twitter:label1\" content=\"Dur\u00e9e de lecture estim\u00e9e\" \/>\n\t<meta name=\"twitter:data1\" content=\"1 minute\" \/>\n<script type=\"application\/ld+json\" class=\"yoast-schema-graph\">{\"@context\":\"https:\/\/schema.org\",\"@graph\":[{\"@type\":\"WebPage\",\"@id\":\"https:\/\/viisona.com\/fr\/product\/bras-dextension-pour-sonde-rectale-convexe\/\",\"url\":\"https:\/\/viisona.com\/fr\/product\/bras-dextension-pour-sonde-rectale-convexe\/\",\"name\":\"Draminski Bras d'extension pour sonde rectale convexe | ViiSona\",\"isPartOf\":{\"@id\":\"https:\/\/viisona.com\/fr\/#website\"},\"primaryImageOfPage\":{\"@id\":\"https:\/\/viisona.com\/fr\/product\/bras-dextension-pour-sonde-rectale-convexe\/#primaryimage\"},\"image\":{\"@id\":\"https:\/\/viisona.com\/fr\/product\/bras-dextension-pour-sonde-rectale-convexe\/#primaryimage\"},\"thumbnailUrl\":\"https:\/\/viisona.com\/wp-content\/uploads\/2021\/11\/Draminski-Rectal-Extension-Arm.jpg\",\"datePublished\":\"2021-11-28T23:13:51+00:00\",\"dateModified\":\"2026-02-18T05:54:38+00:00\",\"description\":\"Simplifiez les contr\u00f4les de gestation des bovins avec le bras d'extension con\u00e7u pour \u00eatre utilis\u00e9 avec la sonde rectale convexe de 3,5 \u00e0 7,5 MHz. Con\u00e7u pour r\u00e9duire la fatigue et le stress des bras, cet accessoire facilite et acc\u00e9l\u00e8re les examens des professionnels v\u00e9t\u00e9rinaires.Profitez d'une ergonomie et d'un confort am\u00e9lior\u00e9s lors des diagnostics de reproduction, ce qui am\u00e9liore l'efficacit\u00e9 des contr\u00f4les de gestation des bovins. Compatible avec divers syst\u00e8mes d'\u00e9chographie, il assure des examens pr\u00e9cis et sans stress.\",\"breadcrumb\":{\"@id\":\"https:\/\/viisona.com\/fr\/product\/bras-dextension-pour-sonde-rectale-convexe\/#breadcrumb\"},\"inLanguage\":\"fr-FR\",\"potentialAction\":[{\"@type\":\"ReadAction\",\"target\":[\"https:\/\/viisona.com\/fr\/product\/bras-dextension-pour-sonde-rectale-convexe\/\"]}]},{\"@type\":\"ImageObject\",\"inLanguage\":\"fr-FR\",\"@id\":\"https:\/\/viisona.com\/fr\/product\/bras-dextension-pour-sonde-rectale-convexe\/#primaryimage\",\"url\":\"https:\/\/viisona.com\/wp-content\/uploads\/2021\/11\/Draminski-Rectal-Extension-Arm.jpg\",\"contentUrl\":\"https:\/\/viisona.com\/wp-content\/uploads\/2021\/11\/Draminski-Rectal-Extension-Arm.jpg\",\"width\":1244,\"height\":1244},{\"@type\":\"BreadcrumbList\",\"@id\":\"https:\/\/viisona.com\/fr\/product\/bras-dextension-pour-sonde-rectale-convexe\/#breadcrumb\",\"itemListElement\":[{\"@type\":\"ListItem\",\"position\":1,\"name\":\"Home\",\"item\":\"https:\/\/viisona.com\/fr\/accueil\/\"},{\"@type\":\"ListItem\",\"position\":2,\"name\":\"Boutique\",\"item\":\"https:\/\/viisona.com\/fr\/boutique\/\"},{\"@type\":\"ListItem\",\"position\":3,\"name\":\"Bras d&#8217;extension pour sonde rectale convexe\"}]},{\"@type\":\"WebSite\",\"@id\":\"https:\/\/viisona.com\/fr\/#website\",\"url\":\"https:\/\/viisona.com\/fr\/\",\"name\":\"ViiSona\",\"description\":\"Am\u00e9liorer les r\u00e9sultats pour les agriculteurs et les s\u00e9lectionneurs dans les communaut\u00e9s agricoles et de s\u00e9lection.\",\"publisher\":{\"@id\":\"https:\/\/viisona.com\/fr\/#organization\"},\"potentialAction\":[{\"@type\":\"SearchAction\",\"target\":{\"@type\":\"EntryPoint\",\"urlTemplate\":\"https:\/\/viisona.com\/fr\/?s={search_term_string}\"},\"query-input\":{\"@type\":\"PropertyValueSpecification\",\"valueRequired\":true,\"valueName\":\"search_term_string\"}}],\"inLanguage\":\"fr-FR\"},{\"@type\":\"Organization\",\"@id\":\"https:\/\/viisona.com\/fr\/#organization\",\"name\":\"ViiSona\",\"url\":\"https:\/\/viisona.com\/fr\/\",\"logo\":{\"@type\":\"ImageObject\",\"inLanguage\":\"fr-FR\",\"@id\":\"https:\/\/viisona.com\/fr\/#\/schema\/logo\/image\/\",\"url\":\"https:\/\/viisona.com\/wp-content\/uploads\/2020\/08\/viisona_1_FULLY_RASTERED.png\",\"contentUrl\":\"https:\/\/viisona.com\/wp-content\/uploads\/2020\/08\/viisona_1_FULLY_RASTERED.png\",\"width\":1080,\"height\":307,\"caption\":\"ViiSona\"},\"image\":{\"@id\":\"https:\/\/viisona.com\/fr\/#\/schema\/logo\/image\/\"}}]}<\/script>\n<!-- \/ Yoast SEO plugin. -->","yoast_head_json":{"title":"Draminski Bras d'extension pour sonde rectale convexe | ViiSona","description":"Simplifiez les contr\u00f4les de gestation des bovins avec le bras d'extension con\u00e7u pour \u00eatre utilis\u00e9 avec la sonde rectale convexe de 3,5 \u00e0 7,5 MHz. Con\u00e7u pour r\u00e9duire la fatigue et le stress des bras, cet accessoire facilite et acc\u00e9l\u00e8re les examens des professionnels v\u00e9t\u00e9rinaires.Profitez d'une ergonomie et d'un confort am\u00e9lior\u00e9s lors des diagnostics de reproduction, ce qui am\u00e9liore l'efficacit\u00e9 des contr\u00f4les de gestation des bovins. Compatible avec divers syst\u00e8mes d'\u00e9chographie, il assure des examens pr\u00e9cis et sans stress.","robots":{"index":"index","follow":"follow","max-snippet":"max-snippet:-1","max-image-preview":"max-image-preview:large","max-video-preview":"max-video-preview:-1"},"canonical":"https:\/\/viisona.com\/fr\/product\/bras-dextension-pour-sonde-rectale-convexe\/","og_locale":"fr_FR","og_type":"article","og_title":"Draminski Bras d'extension pour sonde rectale convexe | ViiSona","og_description":"Simplifiez les contr\u00f4les de gestation des bovins avec le bras d'extension con\u00e7u pour \u00eatre utilis\u00e9 avec la sonde rectale convexe de 3,5 \u00e0 7,5 MHz. Con\u00e7u pour r\u00e9duire la fatigue et le stress des bras, cet accessoire facilite et acc\u00e9l\u00e8re les examens des professionnels v\u00e9t\u00e9rinaires.Profitez d'une ergonomie et d'un confort am\u00e9lior\u00e9s lors des diagnostics de reproduction, ce qui am\u00e9liore l'efficacit\u00e9 des contr\u00f4les de gestation des bovins. Compatible avec divers syst\u00e8mes d'\u00e9chographie, il assure des examens pr\u00e9cis et sans stress.","og_url":"https:\/\/viisona.com\/fr\/product\/bras-dextension-pour-sonde-rectale-convexe\/","og_site_name":"ViiSona","article_modified_time":"2026-02-18T05:54:38+00:00","og_image":[{"width":1244,"height":1244,"url":"https:\/\/viisona.com\/wp-content\/uploads\/2021\/11\/Draminski-Rectal-Extension-Arm.jpg","type":"image\/jpeg"}],"twitter_card":"summary_large_image","twitter_misc":{"Dur\u00e9e de lecture estim\u00e9e":"1 minute"},"schema":{"@context":"https:\/\/schema.org","@graph":[{"@type":"WebPage","@id":"https:\/\/viisona.com\/fr\/product\/bras-dextension-pour-sonde-rectale-convexe\/","url":"https:\/\/viisona.com\/fr\/product\/bras-dextension-pour-sonde-rectale-convexe\/","name":"Draminski Bras d'extension pour sonde rectale convexe | ViiSona","isPartOf":{"@id":"https:\/\/viisona.com\/fr\/#website"},"primaryImageOfPage":{"@id":"https:\/\/viisona.com\/fr\/product\/bras-dextension-pour-sonde-rectale-convexe\/#primaryimage"},"image":{"@id":"https:\/\/viisona.com\/fr\/product\/bras-dextension-pour-sonde-rectale-convexe\/#primaryimage"},"thumbnailUrl":"https:\/\/viisona.com\/wp-content\/uploads\/2021\/11\/Draminski-Rectal-Extension-Arm.jpg","datePublished":"2021-11-28T23:13:51+00:00","dateModified":"2026-02-18T05:54:38+00:00","description":"Simplifiez les contr\u00f4les de gestation des bovins avec le bras d'extension con\u00e7u pour \u00eatre utilis\u00e9 avec la sonde rectale convexe de 3,5 \u00e0 7,5 MHz. Con\u00e7u pour r\u00e9duire la fatigue et le stress des bras, cet accessoire facilite et acc\u00e9l\u00e8re les examens des professionnels v\u00e9t\u00e9rinaires.Profitez d'une ergonomie et d'un confort am\u00e9lior\u00e9s lors des diagnostics de reproduction, ce qui am\u00e9liore l'efficacit\u00e9 des contr\u00f4les de gestation des bovins. Compatible avec divers syst\u00e8mes d'\u00e9chographie, il assure des examens pr\u00e9cis et sans stress.","breadcrumb":{"@id":"https:\/\/viisona.com\/fr\/product\/bras-dextension-pour-sonde-rectale-convexe\/#breadcrumb"},"inLanguage":"fr-FR","potentialAction":[{"@type":"ReadAction","target":["https:\/\/viisona.com\/fr\/product\/bras-dextension-pour-sonde-rectale-convexe\/"]}]},{"@type":"ImageObject","inLanguage":"fr-FR","@id":"https:\/\/viisona.com\/fr\/product\/bras-dextension-pour-sonde-rectale-convexe\/#primaryimage","url":"https:\/\/viisona.com\/wp-content\/uploads\/2021\/11\/Draminski-Rectal-Extension-Arm.jpg","contentUrl":"https:\/\/viisona.com\/wp-content\/uploads\/2021\/11\/Draminski-Rectal-Extension-Arm.jpg","width":1244,"height":1244},{"@type":"BreadcrumbList","@id":"https:\/\/viisona.com\/fr\/product\/bras-dextension-pour-sonde-rectale-convexe\/#breadcrumb","itemListElement":[{"@type":"ListItem","position":1,"name":"Home","item":"https:\/\/viisona.com\/fr\/accueil\/"},{"@type":"ListItem","position":2,"name":"Boutique","item":"https:\/\/viisona.com\/fr\/boutique\/"},{"@type":"ListItem","position":3,"name":"Bras d&#8217;extension pour sonde rectale convexe"}]},{"@type":"WebSite","@id":"https:\/\/viisona.com\/fr\/#website","url":"https:\/\/viisona.com\/fr\/","name":"ViiSona","description":"Am\u00e9liorer les r\u00e9sultats pour les agriculteurs et les s\u00e9lectionneurs dans les communaut\u00e9s agricoles et de s\u00e9lection.","publisher":{"@id":"https:\/\/viisona.com\/fr\/#organization"},"potentialAction":[{"@type":"SearchAction","target":{"@type":"EntryPoint","urlTemplate":"https:\/\/viisona.com\/fr\/?s={search_term_string}"},"query-input":{"@type":"PropertyValueSpecification","valueRequired":true,"valueName":"search_term_string"}}],"inLanguage":"fr-FR"},{"@type":"Organization","@id":"https:\/\/viisona.com\/fr\/#organization","name":"ViiSona","url":"https:\/\/viisona.com\/fr\/","logo":{"@type":"ImageObject","inLanguage":"fr-FR","@id":"https:\/\/viisona.com\/fr\/#\/schema\/logo\/image\/","url":"https:\/\/viisona.com\/wp-content\/uploads\/2020\/08\/viisona_1_FULLY_RASTERED.png","contentUrl":"https:\/\/viisona.com\/wp-content\/uploads\/2020\/08\/viisona_1_FULLY_RASTERED.png","width":1080,"height":307,"caption":"ViiSona"},"image":{"@id":"https:\/\/viisona.com\/fr\/#\/schema\/logo\/image\/"}}]}},"jetpack_sharing_enabled":true,"_links":{"self":[{"href":"https:\/\/viisona.com\/fr\/wp-json\/wp\/v2\/product\/5078","targetHints":{"allow":["GET"]}}],"collection":[{"href":"https:\/\/viisona.com\/fr\/wp-json\/wp\/v2\/product"}],"about":[{"href":"https:\/\/viisona.com\/fr\/wp-json\/wp\/v2\/types\/product"}],"wp:featuredmedia":[{"embeddable":true,"href":"https:\/\/viisona.com\/fr\/wp-json\/wp\/v2\/media\/4864"}],"wp:attachment":[{"href":"https:\/\/viisona.com\/fr\/wp-json\/wp\/v2\/media?parent=5078"}],"wp:term":[{"taxonomy":"product_cat","embeddable":true,"href":"https:\/\/viisona.com\/fr\/wp-json\/wp\/v2\/product_cat?post=5078"},{"taxonomy":"product_tag","embeddable":true,"href":"https:\/\/viisona.com\/fr\/wp-json\/wp\/v2\/product_tag?post=5078"},{"taxonomy":"berocket_brand","embeddable":true,"href":"https:\/\/viisona.com\/fr\/wp-json\/wp\/v2\/berocket_brand?post=5078"}],"curies":[{"name":"wp","href":"https:\/\/api.w.org\/{rel}","templated":true}]}}