{"id":5077,"date":"2022-03-04T04:57:25","date_gmt":"2022-03-04T04:57:25","guid":{"rendered":"https:\/\/viisona.com\/shop\/non%20class\u00e9\/bras-dextension-pour-sonde-lineaire-rectale\/"},"modified":"2025-05-22T03:26:01","modified_gmt":"2025-05-22T03:26:01","slug":"bras-dextension-pour-sonde-lineaire-rectale","status":"publish","type":"product","link":"https:\/\/viisona.com\/fr\/product\/bras-dextension-pour-sonde-lineaire-rectale\/","title":{"rendered":"Bras d&#8217;extension pour sonde lin\u00e9aire rectale"},"content":{"rendered":"<p>Am\u00e9liorez l&#8217;efficacit\u00e9 et r\u00e9duisez la fatigue du bras lors des contr\u00f4les de gestation des bovins avec le bras d&#8217;extension. Con\u00e7u pour s&#8217;associer parfaitement \u00e0 la sonde lin\u00e9aire transrectale de 4 \u00e0 9 MHz, cet accessoire offre des examens plus faciles et plus rapides.<\/p>\n<p>B\u00e9n\u00e9ficiez d&#8217;une ergonomie et d&#8217;un confort am\u00e9lior\u00e9s pour les professionnels v\u00e9t\u00e9rinaires effectuant des diagnostics de reproduction. Compatible avec divers syst\u00e8mes d&#8217;\u00e9chographie, il assure des examens pr\u00e9cis et sans stress pour les contr\u00f4les de gestation des bovins.<\/p>\n","protected":false},"excerpt":{"rendered":"<p><span style=\"font-weight: 400;\">R\u00e9duisez la fatigue et le stress du bras pour faciliter et acc\u00e9l\u00e9rer les contr\u00f4les de grossesse chez les bovins gr\u00e2ce au bras d&#8217;extension con\u00e7u pour \u00eatre associ\u00e9 \u00e0 la sonde lin\u00e9aire de 4 \u00e0 9 MHz.  <\/span><\/p>\n","protected":false},"featured_media":4864,"template":"","meta":{"_acf_changed":false,"inline_featured_image":false},"product_cat":[542,561,500,490,483],"product_tag":[],"berocket_brand":[502],"class_list":{"0":"post-5077","1":"product","2":"type-product","3":"status-publish","4":"has-post-thumbnail","6":"product_cat-accessoires","7":"product_cat-bras-dextension","8":"product_cat-eleveurs","9":"product_cat-producteurs","10":"product_cat-veterinaires","11":"pa_applications-grossesse","12":"pa_applications-reproduction-fr","13":"pa_applications-uterus-fr","14":"pa_species-animaux-exotiques","15":"pa_species-bovins-laitiers","16":"pa_species-chevaux","17":"berocket_brand-draminski-fr","19":"first","20":"instock","21":"taxable","22":"shipping-taxable","23":"purchasable","24":"product-type-simple"},"acf":[],"yoast_head":"<!-- This site is optimized with the Yoast SEO plugin v26.8 - https:\/\/yoast.com\/product\/yoast-seo-wordpress\/ -->\n<title>Draminski Bras d&#039;extension pour sonde lin\u00e9aire rectale | ViiSona<\/title>\n<meta name=\"description\" content=\"Am\u00e9liorez l&#039;efficacit\u00e9 et r\u00e9duisez la fatigue des bras lors des contr\u00f4les de gestation du b\u00e9tail gr\u00e2ce au bras d&#039;extension. Con\u00e7u pour s&#039;associer parfaitement \u00e0 la sonde lin\u00e9aire trans-rectale 4-9 MHz, cet accessoire permet des examens plus faciles et plus rapides. Am\u00e9liorez l&#039;ergonomie et le confort des professionnels v\u00e9t\u00e9rinaires qui effectuent des diagnostics de reproduction. Compatible avec diff\u00e9rents syst\u00e8mes d&#039;\u00e9chographie, il garantit des examens pr\u00e9cis et sans stress pour les contr\u00f4les de grossesse du b\u00e9tail.\" \/>\n<meta name=\"robots\" content=\"index, follow, max-snippet:-1, max-image-preview:large, max-video-preview:-1\" \/>\n<link rel=\"canonical\" href=\"https:\/\/viisona.com\/fr\/product\/bras-dextension-pour-sonde-lineaire-rectale\/\" \/>\n<meta property=\"og:locale\" content=\"fr_FR\" \/>\n<meta property=\"og:type\" content=\"article\" \/>\n<meta property=\"og:title\" content=\"Draminski Bras d&#039;extension pour sonde lin\u00e9aire rectale | ViiSona\" \/>\n<meta property=\"og:description\" content=\"Am\u00e9liorez l&#039;efficacit\u00e9 et r\u00e9duisez la fatigue des bras lors des contr\u00f4les de gestation du b\u00e9tail gr\u00e2ce au bras d&#039;extension. Con\u00e7u pour s&#039;associer parfaitement \u00e0 la sonde lin\u00e9aire trans-rectale 4-9 MHz, cet accessoire permet des examens plus faciles et plus rapides. Am\u00e9liorez l&#039;ergonomie et le confort des professionnels v\u00e9t\u00e9rinaires qui effectuent des diagnostics de reproduction. Compatible avec diff\u00e9rents syst\u00e8mes d&#039;\u00e9chographie, il garantit des examens pr\u00e9cis et sans stress pour les contr\u00f4les de grossesse du b\u00e9tail.\" \/>\n<meta property=\"og:url\" content=\"https:\/\/viisona.com\/fr\/product\/bras-dextension-pour-sonde-lineaire-rectale\/\" \/>\n<meta property=\"og:site_name\" content=\"ViiSona\" \/>\n<meta property=\"article:modified_time\" content=\"2025-05-22T03:26:01+00:00\" \/>\n<meta property=\"og:image\" content=\"https:\/\/viisona.com\/wp-content\/uploads\/2021\/11\/Draminski-Rectal-Extension-Arm.jpg\" \/>\n\t<meta property=\"og:image:width\" content=\"1244\" \/>\n\t<meta property=\"og:image:height\" content=\"1244\" \/>\n\t<meta property=\"og:image:type\" content=\"image\/jpeg\" \/>\n<meta name=\"twitter:card\" content=\"summary_large_image\" \/>\n<meta name=\"twitter:label1\" content=\"Dur\u00e9e de lecture estim\u00e9e\" \/>\n\t<meta name=\"twitter:data1\" content=\"1 minute\" \/>\n<script type=\"application\/ld+json\" class=\"yoast-schema-graph\">{\"@context\":\"https:\/\/schema.org\",\"@graph\":[{\"@type\":\"WebPage\",\"@id\":\"https:\/\/viisona.com\/fr\/product\/bras-dextension-pour-sonde-lineaire-rectale\/\",\"url\":\"https:\/\/viisona.com\/fr\/product\/bras-dextension-pour-sonde-lineaire-rectale\/\",\"name\":\"Draminski Bras d'extension pour sonde lin\u00e9aire rectale | ViiSona\",\"isPartOf\":{\"@id\":\"https:\/\/viisona.com\/fr\/#website\"},\"primaryImageOfPage\":{\"@id\":\"https:\/\/viisona.com\/fr\/product\/bras-dextension-pour-sonde-lineaire-rectale\/#primaryimage\"},\"image\":{\"@id\":\"https:\/\/viisona.com\/fr\/product\/bras-dextension-pour-sonde-lineaire-rectale\/#primaryimage\"},\"thumbnailUrl\":\"https:\/\/viisona.com\/wp-content\/uploads\/2021\/11\/Draminski-Rectal-Extension-Arm.jpg\",\"datePublished\":\"2022-03-04T04:57:25+00:00\",\"dateModified\":\"2025-05-22T03:26:01+00:00\",\"description\":\"Am\u00e9liorez l'efficacit\u00e9 et r\u00e9duisez la fatigue des bras lors des contr\u00f4les de gestation du b\u00e9tail gr\u00e2ce au bras d'extension. Con\u00e7u pour s'associer parfaitement \u00e0 la sonde lin\u00e9aire trans-rectale 4-9 MHz, cet accessoire permet des examens plus faciles et plus rapides. Am\u00e9liorez l'ergonomie et le confort des professionnels v\u00e9t\u00e9rinaires qui effectuent des diagnostics de reproduction. Compatible avec diff\u00e9rents syst\u00e8mes d'\u00e9chographie, il garantit des examens pr\u00e9cis et sans stress pour les contr\u00f4les de grossesse du b\u00e9tail.\",\"breadcrumb\":{\"@id\":\"https:\/\/viisona.com\/fr\/product\/bras-dextension-pour-sonde-lineaire-rectale\/#breadcrumb\"},\"inLanguage\":\"fr-FR\",\"potentialAction\":[{\"@type\":\"ReadAction\",\"target\":[\"https:\/\/viisona.com\/fr\/product\/bras-dextension-pour-sonde-lineaire-rectale\/\"]}]},{\"@type\":\"ImageObject\",\"inLanguage\":\"fr-FR\",\"@id\":\"https:\/\/viisona.com\/fr\/product\/bras-dextension-pour-sonde-lineaire-rectale\/#primaryimage\",\"url\":\"https:\/\/viisona.com\/wp-content\/uploads\/2021\/11\/Draminski-Rectal-Extension-Arm.jpg\",\"contentUrl\":\"https:\/\/viisona.com\/wp-content\/uploads\/2021\/11\/Draminski-Rectal-Extension-Arm.jpg\",\"width\":1244,\"height\":1244},{\"@type\":\"BreadcrumbList\",\"@id\":\"https:\/\/viisona.com\/fr\/product\/bras-dextension-pour-sonde-lineaire-rectale\/#breadcrumb\",\"itemListElement\":[{\"@type\":\"ListItem\",\"position\":1,\"name\":\"Home\",\"item\":\"https:\/\/viisona.com\/fr\/accueil\/\"},{\"@type\":\"ListItem\",\"position\":2,\"name\":\"Boutique\",\"item\":\"https:\/\/viisona.com\/fr\/boutique\/\"},{\"@type\":\"ListItem\",\"position\":3,\"name\":\"Bras d&rsquo;extension pour sonde lin\u00e9aire rectale\"}]},{\"@type\":\"WebSite\",\"@id\":\"https:\/\/viisona.com\/fr\/#website\",\"url\":\"https:\/\/viisona.com\/fr\/\",\"name\":\"ViiSona\",\"description\":\"Am\u00e9liorer les r\u00e9sultats pour les agriculteurs et les s\u00e9lectionneurs dans les communaut\u00e9s agricoles et de s\u00e9lection.\",\"publisher\":{\"@id\":\"https:\/\/viisona.com\/fr\/#organization\"},\"potentialAction\":[{\"@type\":\"SearchAction\",\"target\":{\"@type\":\"EntryPoint\",\"urlTemplate\":\"https:\/\/viisona.com\/fr\/?s={search_term_string}\"},\"query-input\":{\"@type\":\"PropertyValueSpecification\",\"valueRequired\":true,\"valueName\":\"search_term_string\"}}],\"inLanguage\":\"fr-FR\"},{\"@type\":\"Organization\",\"@id\":\"https:\/\/viisona.com\/fr\/#organization\",\"name\":\"ViiSona\",\"url\":\"https:\/\/viisona.com\/fr\/\",\"logo\":{\"@type\":\"ImageObject\",\"inLanguage\":\"fr-FR\",\"@id\":\"https:\/\/viisona.com\/fr\/#\/schema\/logo\/image\/\",\"url\":\"https:\/\/viisona.com\/wp-content\/uploads\/2020\/08\/viisona_1_FULLY_RASTERED.png\",\"contentUrl\":\"https:\/\/viisona.com\/wp-content\/uploads\/2020\/08\/viisona_1_FULLY_RASTERED.png\",\"width\":1080,\"height\":307,\"caption\":\"ViiSona\"},\"image\":{\"@id\":\"https:\/\/viisona.com\/fr\/#\/schema\/logo\/image\/\"}}]}<\/script>\n<!-- \/ Yoast SEO plugin. -->","yoast_head_json":{"title":"Draminski Bras d'extension pour sonde lin\u00e9aire rectale | ViiSona","description":"Am\u00e9liorez l'efficacit\u00e9 et r\u00e9duisez la fatigue des bras lors des contr\u00f4les de gestation du b\u00e9tail gr\u00e2ce au bras d'extension. Con\u00e7u pour s'associer parfaitement \u00e0 la sonde lin\u00e9aire trans-rectale 4-9 MHz, cet accessoire permet des examens plus faciles et plus rapides. Am\u00e9liorez l'ergonomie et le confort des professionnels v\u00e9t\u00e9rinaires qui effectuent des diagnostics de reproduction. Compatible avec diff\u00e9rents syst\u00e8mes d'\u00e9chographie, il garantit des examens pr\u00e9cis et sans stress pour les contr\u00f4les de grossesse du b\u00e9tail.","robots":{"index":"index","follow":"follow","max-snippet":"max-snippet:-1","max-image-preview":"max-image-preview:large","max-video-preview":"max-video-preview:-1"},"canonical":"https:\/\/viisona.com\/fr\/product\/bras-dextension-pour-sonde-lineaire-rectale\/","og_locale":"fr_FR","og_type":"article","og_title":"Draminski Bras d'extension pour sonde lin\u00e9aire rectale | ViiSona","og_description":"Am\u00e9liorez l'efficacit\u00e9 et r\u00e9duisez la fatigue des bras lors des contr\u00f4les de gestation du b\u00e9tail gr\u00e2ce au bras d'extension. Con\u00e7u pour s'associer parfaitement \u00e0 la sonde lin\u00e9aire trans-rectale 4-9 MHz, cet accessoire permet des examens plus faciles et plus rapides. Am\u00e9liorez l'ergonomie et le confort des professionnels v\u00e9t\u00e9rinaires qui effectuent des diagnostics de reproduction. Compatible avec diff\u00e9rents syst\u00e8mes d'\u00e9chographie, il garantit des examens pr\u00e9cis et sans stress pour les contr\u00f4les de grossesse du b\u00e9tail.","og_url":"https:\/\/viisona.com\/fr\/product\/bras-dextension-pour-sonde-lineaire-rectale\/","og_site_name":"ViiSona","article_modified_time":"2025-05-22T03:26:01+00:00","og_image":[{"width":1244,"height":1244,"url":"https:\/\/viisona.com\/wp-content\/uploads\/2021\/11\/Draminski-Rectal-Extension-Arm.jpg","type":"image\/jpeg"}],"twitter_card":"summary_large_image","twitter_misc":{"Dur\u00e9e de lecture estim\u00e9e":"1 minute"},"schema":{"@context":"https:\/\/schema.org","@graph":[{"@type":"WebPage","@id":"https:\/\/viisona.com\/fr\/product\/bras-dextension-pour-sonde-lineaire-rectale\/","url":"https:\/\/viisona.com\/fr\/product\/bras-dextension-pour-sonde-lineaire-rectale\/","name":"Draminski Bras d'extension pour sonde lin\u00e9aire rectale | ViiSona","isPartOf":{"@id":"https:\/\/viisona.com\/fr\/#website"},"primaryImageOfPage":{"@id":"https:\/\/viisona.com\/fr\/product\/bras-dextension-pour-sonde-lineaire-rectale\/#primaryimage"},"image":{"@id":"https:\/\/viisona.com\/fr\/product\/bras-dextension-pour-sonde-lineaire-rectale\/#primaryimage"},"thumbnailUrl":"https:\/\/viisona.com\/wp-content\/uploads\/2021\/11\/Draminski-Rectal-Extension-Arm.jpg","datePublished":"2022-03-04T04:57:25+00:00","dateModified":"2025-05-22T03:26:01+00:00","description":"Am\u00e9liorez l'efficacit\u00e9 et r\u00e9duisez la fatigue des bras lors des contr\u00f4les de gestation du b\u00e9tail gr\u00e2ce au bras d'extension. Con\u00e7u pour s'associer parfaitement \u00e0 la sonde lin\u00e9aire trans-rectale 4-9 MHz, cet accessoire permet des examens plus faciles et plus rapides. Am\u00e9liorez l'ergonomie et le confort des professionnels v\u00e9t\u00e9rinaires qui effectuent des diagnostics de reproduction. Compatible avec diff\u00e9rents syst\u00e8mes d'\u00e9chographie, il garantit des examens pr\u00e9cis et sans stress pour les contr\u00f4les de grossesse du b\u00e9tail.","breadcrumb":{"@id":"https:\/\/viisona.com\/fr\/product\/bras-dextension-pour-sonde-lineaire-rectale\/#breadcrumb"},"inLanguage":"fr-FR","potentialAction":[{"@type":"ReadAction","target":["https:\/\/viisona.com\/fr\/product\/bras-dextension-pour-sonde-lineaire-rectale\/"]}]},{"@type":"ImageObject","inLanguage":"fr-FR","@id":"https:\/\/viisona.com\/fr\/product\/bras-dextension-pour-sonde-lineaire-rectale\/#primaryimage","url":"https:\/\/viisona.com\/wp-content\/uploads\/2021\/11\/Draminski-Rectal-Extension-Arm.jpg","contentUrl":"https:\/\/viisona.com\/wp-content\/uploads\/2021\/11\/Draminski-Rectal-Extension-Arm.jpg","width":1244,"height":1244},{"@type":"BreadcrumbList","@id":"https:\/\/viisona.com\/fr\/product\/bras-dextension-pour-sonde-lineaire-rectale\/#breadcrumb","itemListElement":[{"@type":"ListItem","position":1,"name":"Home","item":"https:\/\/viisona.com\/fr\/accueil\/"},{"@type":"ListItem","position":2,"name":"Boutique","item":"https:\/\/viisona.com\/fr\/boutique\/"},{"@type":"ListItem","position":3,"name":"Bras d&rsquo;extension pour sonde lin\u00e9aire rectale"}]},{"@type":"WebSite","@id":"https:\/\/viisona.com\/fr\/#website","url":"https:\/\/viisona.com\/fr\/","name":"ViiSona","description":"Am\u00e9liorer les r\u00e9sultats pour les agriculteurs et les s\u00e9lectionneurs dans les communaut\u00e9s agricoles et de s\u00e9lection.","publisher":{"@id":"https:\/\/viisona.com\/fr\/#organization"},"potentialAction":[{"@type":"SearchAction","target":{"@type":"EntryPoint","urlTemplate":"https:\/\/viisona.com\/fr\/?s={search_term_string}"},"query-input":{"@type":"PropertyValueSpecification","valueRequired":true,"valueName":"search_term_string"}}],"inLanguage":"fr-FR"},{"@type":"Organization","@id":"https:\/\/viisona.com\/fr\/#organization","name":"ViiSona","url":"https:\/\/viisona.com\/fr\/","logo":{"@type":"ImageObject","inLanguage":"fr-FR","@id":"https:\/\/viisona.com\/fr\/#\/schema\/logo\/image\/","url":"https:\/\/viisona.com\/wp-content\/uploads\/2020\/08\/viisona_1_FULLY_RASTERED.png","contentUrl":"https:\/\/viisona.com\/wp-content\/uploads\/2020\/08\/viisona_1_FULLY_RASTERED.png","width":1080,"height":307,"caption":"ViiSona"},"image":{"@id":"https:\/\/viisona.com\/fr\/#\/schema\/logo\/image\/"}}]}},"jetpack_sharing_enabled":true,"_links":{"self":[{"href":"https:\/\/viisona.com\/fr\/wp-json\/wp\/v2\/product\/5077","targetHints":{"allow":["GET"]}}],"collection":[{"href":"https:\/\/viisona.com\/fr\/wp-json\/wp\/v2\/product"}],"about":[{"href":"https:\/\/viisona.com\/fr\/wp-json\/wp\/v2\/types\/product"}],"wp:featuredmedia":[{"embeddable":true,"href":"https:\/\/viisona.com\/fr\/wp-json\/wp\/v2\/media\/4864"}],"wp:attachment":[{"href":"https:\/\/viisona.com\/fr\/wp-json\/wp\/v2\/media?parent=5077"}],"wp:term":[{"taxonomy":"product_cat","embeddable":true,"href":"https:\/\/viisona.com\/fr\/wp-json\/wp\/v2\/product_cat?post=5077"},{"taxonomy":"product_tag","embeddable":true,"href":"https:\/\/viisona.com\/fr\/wp-json\/wp\/v2\/product_tag?post=5077"},{"taxonomy":"berocket_brand","embeddable":true,"href":"https:\/\/viisona.com\/fr\/wp-json\/wp\/v2\/berocket_brand?post=5077"}],"curies":[{"name":"wp","href":"https:\/\/api.w.org\/{rel}","templated":true}]}}