{"id":5074,"date":"2021-11-05T02:06:36","date_gmt":"2021-11-05T02:06:36","guid":{"rendered":"https:\/\/viisona.com\/shop\/non%20class\u00e9\/emetteur-video-wi-fi-pour-ibex\/"},"modified":"2026-02-18T05:54:33","modified_gmt":"2026-02-18T05:54:33","slug":"emetteur-video-wi-fi-pour-ibex","status":"publish","type":"product","link":"https:\/\/viisona.com\/fr\/product\/emetteur-video-wi-fi-pour-ibex\/","title":{"rendered":"\u00c9metteur vid\u00e9o Wi-Fi pour iBex"},"content":{"rendered":"<p><b>T\u00e9l\u00e9chargez l&#8217;application WiFi pour les t\u00e9l\u00e9phones ou tablettes iOS ou Android ici : <\/b><a href=\"https:\/\/www.eimedical.com\/wifi-transmitter-app\"><br \/>\n  <span style=\"font-weight: 400;\">https:\/\/www.eimedical.com\/wifi-transmitter-app<\/span><br \/>\n<\/a><\/p>\n","protected":false},"excerpt":{"rendered":"<p><span style=\"font-weight: 400;\">Se connecte \u00e0 tous les syst\u00e8mes d&#8217;\u00e9chographie IBEX PRO et LITE, et HR, et transmet les images d&#8217;\u00e9chographie \u00e0 l&#8217;application sur tablette ou t\u00e9l\u00e9phone. Votre transmetteur vid\u00e9o Wi-Fi EI Medical cr\u00e9e un r\u00e9seau priv\u00e9 sans n\u00e9cessiter de service WiFi. L&#8217;appareil utilise le port des lunettes, mais un s\u00e9parateur est disponible si des lunettes sont utilis\u00e9es simultan\u00e9ment.<\/span><\/p>\n","protected":false},"featured_media":5560,"template":"","meta":{"_acf_changed":false,"inline_featured_image":false},"product_cat":[542,500,490,483],"product_tag":[],"berocket_brand":[446],"class_list":{"0":"post-5074","1":"product","2":"type-product","3":"status-publish","4":"has-post-thumbnail","6":"product_cat-accessoires","7":"product_cat-eleveurs","8":"product_cat-producteurs","9":"product_cat-veterinaires","10":"pa_species-bovins-de-boucherie","11":"pa_species-bovins-laitiers","12":"pa_species-chevaux","13":"berocket_brand-ibex-fr","15":"first","16":"instock","17":"taxable","18":"shipping-taxable","19":"purchasable","20":"product-type-simple"},"acf":[],"yoast_head":"<!-- This site is optimized with the Yoast SEO plugin v26.8 - https:\/\/yoast.com\/product\/yoast-seo-wordpress\/ -->\n<title>iBex \u00c9metteur vid\u00e9o Wi-Fi pour iBex | ViiSona<\/title>\n<meta name=\"description\" content=\"Transmetteur vid\u00e9o Wi-Fi EI Medical pour les syst\u00e8mes d&#039;\u00e9chographie iBex. La diffusion d&#039;images en WiFi vous permet de diffuser des \u00e9tudes en direct directement \u00e0 toute personne disposant d&#039;un appareil mobile. Il s&#039;agit d&#039;un excellent outil p\u00e9dagogique pour le partage d&#039;images ou pour permettre la visualisation d&#039;images \u00e0 partir d&#039;une distance s\u00fbre.\" \/>\n<meta name=\"robots\" content=\"index, follow, max-snippet:-1, max-image-preview:large, max-video-preview:-1\" \/>\n<link rel=\"canonical\" href=\"https:\/\/viisona.com\/fr\/product\/emetteur-video-wi-fi-pour-ibex\/\" \/>\n<meta property=\"og:locale\" content=\"fr_FR\" \/>\n<meta property=\"og:type\" content=\"article\" \/>\n<meta property=\"og:title\" content=\"iBex \u00c9metteur vid\u00e9o Wi-Fi pour iBex | ViiSona\" \/>\n<meta property=\"og:description\" content=\"Transmetteur vid\u00e9o Wi-Fi EI Medical pour les syst\u00e8mes d&#039;\u00e9chographie iBex. La diffusion d&#039;images en WiFi vous permet de diffuser des \u00e9tudes en direct directement \u00e0 toute personne disposant d&#039;un appareil mobile. Il s&#039;agit d&#039;un excellent outil p\u00e9dagogique pour le partage d&#039;images ou pour permettre la visualisation d&#039;images \u00e0 partir d&#039;une distance s\u00fbre.\" \/>\n<meta property=\"og:url\" content=\"https:\/\/viisona.com\/fr\/product\/emetteur-video-wi-fi-pour-ibex\/\" \/>\n<meta property=\"og:site_name\" content=\"ViiSona\" \/>\n<meta property=\"article:modified_time\" content=\"2026-02-18T05:54:33+00:00\" \/>\n<meta property=\"og:image\" content=\"https:\/\/viisona.com\/wp-content\/uploads\/2021\/11\/WiFi-transmitter-1.jpg\" \/>\n\t<meta property=\"og:image:width\" content=\"200\" \/>\n\t<meta property=\"og:image:height\" content=\"200\" \/>\n\t<meta property=\"og:image:type\" content=\"image\/jpeg\" \/>\n<meta name=\"twitter:card\" content=\"summary_large_image\" \/>\n<meta name=\"twitter:label1\" content=\"Dur\u00e9e de lecture estim\u00e9e\" \/>\n\t<meta name=\"twitter:data1\" content=\"1 minute\" \/>\n<script type=\"application\/ld+json\" class=\"yoast-schema-graph\">{\"@context\":\"https:\/\/schema.org\",\"@graph\":[{\"@type\":\"WebPage\",\"@id\":\"https:\/\/viisona.com\/fr\/product\/emetteur-video-wi-fi-pour-ibex\/\",\"url\":\"https:\/\/viisona.com\/fr\/product\/emetteur-video-wi-fi-pour-ibex\/\",\"name\":\"iBex \u00c9metteur vid\u00e9o Wi-Fi pour iBex | ViiSona\",\"isPartOf\":{\"@id\":\"https:\/\/viisona.com\/fr\/#website\"},\"primaryImageOfPage\":{\"@id\":\"https:\/\/viisona.com\/fr\/product\/emetteur-video-wi-fi-pour-ibex\/#primaryimage\"},\"image\":{\"@id\":\"https:\/\/viisona.com\/fr\/product\/emetteur-video-wi-fi-pour-ibex\/#primaryimage\"},\"thumbnailUrl\":\"https:\/\/viisona.com\/wp-content\/uploads\/2021\/11\/WiFi-transmitter-1.jpg\",\"datePublished\":\"2021-11-05T02:06:36+00:00\",\"dateModified\":\"2026-02-18T05:54:33+00:00\",\"description\":\"Transmetteur vid\u00e9o Wi-Fi EI Medical pour les syst\u00e8mes d'\u00e9chographie iBex. La diffusion d'images en WiFi vous permet de diffuser des \u00e9tudes en direct directement \u00e0 toute personne disposant d'un appareil mobile. Il s'agit d'un excellent outil p\u00e9dagogique pour le partage d'images ou pour permettre la visualisation d'images \u00e0 partir d'une distance s\u00fbre.\",\"breadcrumb\":{\"@id\":\"https:\/\/viisona.com\/fr\/product\/emetteur-video-wi-fi-pour-ibex\/#breadcrumb\"},\"inLanguage\":\"fr-FR\",\"potentialAction\":[{\"@type\":\"ReadAction\",\"target\":[\"https:\/\/viisona.com\/fr\/product\/emetteur-video-wi-fi-pour-ibex\/\"]}]},{\"@type\":\"ImageObject\",\"inLanguage\":\"fr-FR\",\"@id\":\"https:\/\/viisona.com\/fr\/product\/emetteur-video-wi-fi-pour-ibex\/#primaryimage\",\"url\":\"https:\/\/viisona.com\/wp-content\/uploads\/2021\/11\/WiFi-transmitter-1.jpg\",\"contentUrl\":\"https:\/\/viisona.com\/wp-content\/uploads\/2021\/11\/WiFi-transmitter-1.jpg\",\"width\":200,\"height\":200},{\"@type\":\"BreadcrumbList\",\"@id\":\"https:\/\/viisona.com\/fr\/product\/emetteur-video-wi-fi-pour-ibex\/#breadcrumb\",\"itemListElement\":[{\"@type\":\"ListItem\",\"position\":1,\"name\":\"Home\",\"item\":\"https:\/\/viisona.com\/fr\/accueil\/\"},{\"@type\":\"ListItem\",\"position\":2,\"name\":\"Boutique\",\"item\":\"https:\/\/viisona.com\/fr\/boutique\/\"},{\"@type\":\"ListItem\",\"position\":3,\"name\":\"\u00c9metteur vid\u00e9o Wi-Fi pour iBex\"}]},{\"@type\":\"WebSite\",\"@id\":\"https:\/\/viisona.com\/fr\/#website\",\"url\":\"https:\/\/viisona.com\/fr\/\",\"name\":\"ViiSona\",\"description\":\"Am\u00e9liorer les r\u00e9sultats pour les agriculteurs et les s\u00e9lectionneurs dans les communaut\u00e9s agricoles et de s\u00e9lection.\",\"publisher\":{\"@id\":\"https:\/\/viisona.com\/fr\/#organization\"},\"potentialAction\":[{\"@type\":\"SearchAction\",\"target\":{\"@type\":\"EntryPoint\",\"urlTemplate\":\"https:\/\/viisona.com\/fr\/?s={search_term_string}\"},\"query-input\":{\"@type\":\"PropertyValueSpecification\",\"valueRequired\":true,\"valueName\":\"search_term_string\"}}],\"inLanguage\":\"fr-FR\"},{\"@type\":\"Organization\",\"@id\":\"https:\/\/viisona.com\/fr\/#organization\",\"name\":\"ViiSona\",\"url\":\"https:\/\/viisona.com\/fr\/\",\"logo\":{\"@type\":\"ImageObject\",\"inLanguage\":\"fr-FR\",\"@id\":\"https:\/\/viisona.com\/fr\/#\/schema\/logo\/image\/\",\"url\":\"https:\/\/viisona.com\/wp-content\/uploads\/2020\/08\/viisona_1_FULLY_RASTERED.png\",\"contentUrl\":\"https:\/\/viisona.com\/wp-content\/uploads\/2020\/08\/viisona_1_FULLY_RASTERED.png\",\"width\":1080,\"height\":307,\"caption\":\"ViiSona\"},\"image\":{\"@id\":\"https:\/\/viisona.com\/fr\/#\/schema\/logo\/image\/\"}}]}<\/script>\n<!-- \/ Yoast SEO plugin. -->","yoast_head_json":{"title":"iBex \u00c9metteur vid\u00e9o Wi-Fi pour iBex | ViiSona","description":"Transmetteur vid\u00e9o Wi-Fi EI Medical pour les syst\u00e8mes d'\u00e9chographie iBex. La diffusion d'images en WiFi vous permet de diffuser des \u00e9tudes en direct directement \u00e0 toute personne disposant d'un appareil mobile. Il s'agit d'un excellent outil p\u00e9dagogique pour le partage d'images ou pour permettre la visualisation d'images \u00e0 partir d'une distance s\u00fbre.","robots":{"index":"index","follow":"follow","max-snippet":"max-snippet:-1","max-image-preview":"max-image-preview:large","max-video-preview":"max-video-preview:-1"},"canonical":"https:\/\/viisona.com\/fr\/product\/emetteur-video-wi-fi-pour-ibex\/","og_locale":"fr_FR","og_type":"article","og_title":"iBex \u00c9metteur vid\u00e9o Wi-Fi pour iBex | ViiSona","og_description":"Transmetteur vid\u00e9o Wi-Fi EI Medical pour les syst\u00e8mes d'\u00e9chographie iBex. La diffusion d'images en WiFi vous permet de diffuser des \u00e9tudes en direct directement \u00e0 toute personne disposant d'un appareil mobile. Il s'agit d'un excellent outil p\u00e9dagogique pour le partage d'images ou pour permettre la visualisation d'images \u00e0 partir d'une distance s\u00fbre.","og_url":"https:\/\/viisona.com\/fr\/product\/emetteur-video-wi-fi-pour-ibex\/","og_site_name":"ViiSona","article_modified_time":"2026-02-18T05:54:33+00:00","og_image":[{"width":200,"height":200,"url":"https:\/\/viisona.com\/wp-content\/uploads\/2021\/11\/WiFi-transmitter-1.jpg","type":"image\/jpeg"}],"twitter_card":"summary_large_image","twitter_misc":{"Dur\u00e9e de lecture estim\u00e9e":"1 minute"},"schema":{"@context":"https:\/\/schema.org","@graph":[{"@type":"WebPage","@id":"https:\/\/viisona.com\/fr\/product\/emetteur-video-wi-fi-pour-ibex\/","url":"https:\/\/viisona.com\/fr\/product\/emetteur-video-wi-fi-pour-ibex\/","name":"iBex \u00c9metteur vid\u00e9o Wi-Fi pour iBex | ViiSona","isPartOf":{"@id":"https:\/\/viisona.com\/fr\/#website"},"primaryImageOfPage":{"@id":"https:\/\/viisona.com\/fr\/product\/emetteur-video-wi-fi-pour-ibex\/#primaryimage"},"image":{"@id":"https:\/\/viisona.com\/fr\/product\/emetteur-video-wi-fi-pour-ibex\/#primaryimage"},"thumbnailUrl":"https:\/\/viisona.com\/wp-content\/uploads\/2021\/11\/WiFi-transmitter-1.jpg","datePublished":"2021-11-05T02:06:36+00:00","dateModified":"2026-02-18T05:54:33+00:00","description":"Transmetteur vid\u00e9o Wi-Fi EI Medical pour les syst\u00e8mes d'\u00e9chographie iBex. La diffusion d'images en WiFi vous permet de diffuser des \u00e9tudes en direct directement \u00e0 toute personne disposant d'un appareil mobile. Il s'agit d'un excellent outil p\u00e9dagogique pour le partage d'images ou pour permettre la visualisation d'images \u00e0 partir d'une distance s\u00fbre.","breadcrumb":{"@id":"https:\/\/viisona.com\/fr\/product\/emetteur-video-wi-fi-pour-ibex\/#breadcrumb"},"inLanguage":"fr-FR","potentialAction":[{"@type":"ReadAction","target":["https:\/\/viisona.com\/fr\/product\/emetteur-video-wi-fi-pour-ibex\/"]}]},{"@type":"ImageObject","inLanguage":"fr-FR","@id":"https:\/\/viisona.com\/fr\/product\/emetteur-video-wi-fi-pour-ibex\/#primaryimage","url":"https:\/\/viisona.com\/wp-content\/uploads\/2021\/11\/WiFi-transmitter-1.jpg","contentUrl":"https:\/\/viisona.com\/wp-content\/uploads\/2021\/11\/WiFi-transmitter-1.jpg","width":200,"height":200},{"@type":"BreadcrumbList","@id":"https:\/\/viisona.com\/fr\/product\/emetteur-video-wi-fi-pour-ibex\/#breadcrumb","itemListElement":[{"@type":"ListItem","position":1,"name":"Home","item":"https:\/\/viisona.com\/fr\/accueil\/"},{"@type":"ListItem","position":2,"name":"Boutique","item":"https:\/\/viisona.com\/fr\/boutique\/"},{"@type":"ListItem","position":3,"name":"\u00c9metteur vid\u00e9o Wi-Fi pour iBex"}]},{"@type":"WebSite","@id":"https:\/\/viisona.com\/fr\/#website","url":"https:\/\/viisona.com\/fr\/","name":"ViiSona","description":"Am\u00e9liorer les r\u00e9sultats pour les agriculteurs et les s\u00e9lectionneurs dans les communaut\u00e9s agricoles et de s\u00e9lection.","publisher":{"@id":"https:\/\/viisona.com\/fr\/#organization"},"potentialAction":[{"@type":"SearchAction","target":{"@type":"EntryPoint","urlTemplate":"https:\/\/viisona.com\/fr\/?s={search_term_string}"},"query-input":{"@type":"PropertyValueSpecification","valueRequired":true,"valueName":"search_term_string"}}],"inLanguage":"fr-FR"},{"@type":"Organization","@id":"https:\/\/viisona.com\/fr\/#organization","name":"ViiSona","url":"https:\/\/viisona.com\/fr\/","logo":{"@type":"ImageObject","inLanguage":"fr-FR","@id":"https:\/\/viisona.com\/fr\/#\/schema\/logo\/image\/","url":"https:\/\/viisona.com\/wp-content\/uploads\/2020\/08\/viisona_1_FULLY_RASTERED.png","contentUrl":"https:\/\/viisona.com\/wp-content\/uploads\/2020\/08\/viisona_1_FULLY_RASTERED.png","width":1080,"height":307,"caption":"ViiSona"},"image":{"@id":"https:\/\/viisona.com\/fr\/#\/schema\/logo\/image\/"}}]}},"jetpack_sharing_enabled":true,"_links":{"self":[{"href":"https:\/\/viisona.com\/fr\/wp-json\/wp\/v2\/product\/5074","targetHints":{"allow":["GET"]}}],"collection":[{"href":"https:\/\/viisona.com\/fr\/wp-json\/wp\/v2\/product"}],"about":[{"href":"https:\/\/viisona.com\/fr\/wp-json\/wp\/v2\/types\/product"}],"wp:featuredmedia":[{"embeddable":true,"href":"https:\/\/viisona.com\/fr\/wp-json\/wp\/v2\/media\/5560"}],"wp:attachment":[{"href":"https:\/\/viisona.com\/fr\/wp-json\/wp\/v2\/media?parent=5074"}],"wp:term":[{"taxonomy":"product_cat","embeddable":true,"href":"https:\/\/viisona.com\/fr\/wp-json\/wp\/v2\/product_cat?post=5074"},{"taxonomy":"product_tag","embeddable":true,"href":"https:\/\/viisona.com\/fr\/wp-json\/wp\/v2\/product_tag?post=5074"},{"taxonomy":"berocket_brand","embeddable":true,"href":"https:\/\/viisona.com\/fr\/wp-json\/wp\/v2\/berocket_brand?post=5074"}],"curies":[{"name":"wp","href":"https:\/\/api.w.org\/{rel}","templated":true}]}}