{"id":5072,"date":"2021-11-05T02:08:27","date_gmt":"2021-11-05T02:08:27","guid":{"rendered":"https:\/\/viisona.com\/shop\/non%20class\u00e9\/repartiteur-video-wi-fi-pour-ibex-evo\/"},"modified":"2026-02-18T05:54:15","modified_gmt":"2026-02-18T05:54:15","slug":"repartiteur-video-wi-fi-pour-ibex-evo","status":"publish","type":"product","link":"https:\/\/viisona.com\/fr\/product\/repartiteur-video-wi-fi-pour-ibex-evo\/","title":{"rendered":"R\u00e9partiteur vid\u00e9o Wi-Fi pour iBex\/EVO"},"content":{"rendered":"","protected":false},"excerpt":{"rendered":"<p><span style=\"font-weight: 400;\">S\u00e9parateur vid\u00e9o Wi-FI pour le syst\u00e8me d&#8217;\u00e9chographie EVO.  <\/span><\/p>\n","protected":false},"featured_media":4874,"template":"","meta":{"_acf_changed":false,"inline_featured_image":false},"product_cat":[542,500,490,483],"product_tag":[],"berocket_brand":[446],"class_list":{"0":"post-5072","1":"product","2":"type-product","3":"status-publish","4":"has-post-thumbnail","6":"product_cat-accessoires","7":"product_cat-eleveurs","8":"product_cat-producteurs","9":"product_cat-veterinaires","10":"pa_species-animaux-exotiques","11":"pa_species-bovins-de-boucherie","12":"pa_species-bovins-laitiers","13":"pa_species-chevaux","14":"pa_species-chevres","15":"pa_species-moutons","16":"pa_species-petits-animaux","17":"pa_species-porcs","18":"berocket_brand-ibex-fr","20":"first","21":"instock","22":"taxable","23":"shipping-taxable","24":"purchasable","25":"product-type-simple"},"acf":[],"yoast_head":"<!-- This site is optimized with the Yoast SEO plugin v26.8 - https:\/\/yoast.com\/product\/yoast-seo-wordpress\/ -->\n<title>iBex R\u00e9partiteur vid\u00e9o Wi-Fi pour iBex\/EVO | ViiSona<\/title>\n<meta name=\"robots\" content=\"index, follow, max-snippet:-1, max-image-preview:large, max-video-preview:-1\" \/>\n<link rel=\"canonical\" href=\"https:\/\/viisona.com\/fr\/product\/repartiteur-video-wi-fi-pour-ibex-evo\/\" \/>\n<meta property=\"og:locale\" content=\"fr_FR\" \/>\n<meta property=\"og:type\" content=\"article\" \/>\n<meta property=\"og:title\" content=\"iBex R\u00e9partiteur vid\u00e9o Wi-Fi pour iBex\/EVO | ViiSona\" \/>\n<meta property=\"og:description\" content=\"S\u00e9parateur vid\u00e9o Wi-FI pour le syst\u00e8me d&#039;\u00e9chographie EVO.\" \/>\n<meta property=\"og:url\" content=\"https:\/\/viisona.com\/fr\/product\/repartiteur-video-wi-fi-pour-ibex-evo\/\" \/>\n<meta property=\"og:site_name\" content=\"ViiSona\" \/>\n<meta property=\"article:modified_time\" content=\"2026-02-18T05:54:15+00:00\" \/>\n<meta property=\"og:image\" content=\"https:\/\/viisona.com\/wp-content\/uploads\/2021\/11\/splitter.-scaled.jpg\" \/>\n\t<meta property=\"og:image:width\" content=\"2560\" \/>\n\t<meta property=\"og:image:height\" content=\"2560\" \/>\n\t<meta property=\"og:image:type\" content=\"image\/jpeg\" \/>\n<meta name=\"twitter:card\" content=\"summary_large_image\" \/>\n<script type=\"application\/ld+json\" class=\"yoast-schema-graph\">{\"@context\":\"https:\/\/schema.org\",\"@graph\":[{\"@type\":\"WebPage\",\"@id\":\"https:\/\/viisona.com\/fr\/product\/repartiteur-video-wi-fi-pour-ibex-evo\/\",\"url\":\"https:\/\/viisona.com\/fr\/product\/repartiteur-video-wi-fi-pour-ibex-evo\/\",\"name\":\"iBex R\u00e9partiteur vid\u00e9o Wi-Fi pour iBex\/EVO | ViiSona\",\"isPartOf\":{\"@id\":\"https:\/\/viisona.com\/fr\/#website\"},\"primaryImageOfPage\":{\"@id\":\"https:\/\/viisona.com\/fr\/product\/repartiteur-video-wi-fi-pour-ibex-evo\/#primaryimage\"},\"image\":{\"@id\":\"https:\/\/viisona.com\/fr\/product\/repartiteur-video-wi-fi-pour-ibex-evo\/#primaryimage\"},\"thumbnailUrl\":\"https:\/\/viisona.com\/wp-content\/uploads\/2021\/11\/splitter.-scaled.jpg\",\"datePublished\":\"2021-11-05T02:08:27+00:00\",\"dateModified\":\"2026-02-18T05:54:15+00:00\",\"breadcrumb\":{\"@id\":\"https:\/\/viisona.com\/fr\/product\/repartiteur-video-wi-fi-pour-ibex-evo\/#breadcrumb\"},\"inLanguage\":\"fr-FR\",\"potentialAction\":[{\"@type\":\"ReadAction\",\"target\":[\"https:\/\/viisona.com\/fr\/product\/repartiteur-video-wi-fi-pour-ibex-evo\/\"]}]},{\"@type\":\"ImageObject\",\"inLanguage\":\"fr-FR\",\"@id\":\"https:\/\/viisona.com\/fr\/product\/repartiteur-video-wi-fi-pour-ibex-evo\/#primaryimage\",\"url\":\"https:\/\/viisona.com\/wp-content\/uploads\/2021\/11\/splitter.-scaled.jpg\",\"contentUrl\":\"https:\/\/viisona.com\/wp-content\/uploads\/2021\/11\/splitter.-scaled.jpg\",\"width\":2560,\"height\":2560},{\"@type\":\"BreadcrumbList\",\"@id\":\"https:\/\/viisona.com\/fr\/product\/repartiteur-video-wi-fi-pour-ibex-evo\/#breadcrumb\",\"itemListElement\":[{\"@type\":\"ListItem\",\"position\":1,\"name\":\"Home\",\"item\":\"https:\/\/viisona.com\/fr\/accueil\/\"},{\"@type\":\"ListItem\",\"position\":2,\"name\":\"Boutique\",\"item\":\"https:\/\/viisona.com\/fr\/boutique\/\"},{\"@type\":\"ListItem\",\"position\":3,\"name\":\"R\u00e9partiteur vid\u00e9o Wi-Fi pour iBex\/EVO\"}]},{\"@type\":\"WebSite\",\"@id\":\"https:\/\/viisona.com\/fr\/#website\",\"url\":\"https:\/\/viisona.com\/fr\/\",\"name\":\"ViiSona\",\"description\":\"Am\u00e9liorer les r\u00e9sultats pour les agriculteurs et les s\u00e9lectionneurs dans les communaut\u00e9s agricoles et de s\u00e9lection.\",\"publisher\":{\"@id\":\"https:\/\/viisona.com\/fr\/#organization\"},\"potentialAction\":[{\"@type\":\"SearchAction\",\"target\":{\"@type\":\"EntryPoint\",\"urlTemplate\":\"https:\/\/viisona.com\/fr\/?s={search_term_string}\"},\"query-input\":{\"@type\":\"PropertyValueSpecification\",\"valueRequired\":true,\"valueName\":\"search_term_string\"}}],\"inLanguage\":\"fr-FR\"},{\"@type\":\"Organization\",\"@id\":\"https:\/\/viisona.com\/fr\/#organization\",\"name\":\"ViiSona\",\"url\":\"https:\/\/viisona.com\/fr\/\",\"logo\":{\"@type\":\"ImageObject\",\"inLanguage\":\"fr-FR\",\"@id\":\"https:\/\/viisona.com\/fr\/#\/schema\/logo\/image\/\",\"url\":\"https:\/\/viisona.com\/wp-content\/uploads\/2020\/08\/viisona_1_FULLY_RASTERED.png\",\"contentUrl\":\"https:\/\/viisona.com\/wp-content\/uploads\/2020\/08\/viisona_1_FULLY_RASTERED.png\",\"width\":1080,\"height\":307,\"caption\":\"ViiSona\"},\"image\":{\"@id\":\"https:\/\/viisona.com\/fr\/#\/schema\/logo\/image\/\"}}]}<\/script>\n<!-- \/ Yoast SEO plugin. -->","yoast_head_json":{"title":"iBex R\u00e9partiteur vid\u00e9o Wi-Fi pour iBex\/EVO | ViiSona","robots":{"index":"index","follow":"follow","max-snippet":"max-snippet:-1","max-image-preview":"max-image-preview:large","max-video-preview":"max-video-preview:-1"},"canonical":"https:\/\/viisona.com\/fr\/product\/repartiteur-video-wi-fi-pour-ibex-evo\/","og_locale":"fr_FR","og_type":"article","og_title":"iBex R\u00e9partiteur vid\u00e9o Wi-Fi pour iBex\/EVO | ViiSona","og_description":"S\u00e9parateur vid\u00e9o Wi-FI pour le syst\u00e8me d'\u00e9chographie EVO.","og_url":"https:\/\/viisona.com\/fr\/product\/repartiteur-video-wi-fi-pour-ibex-evo\/","og_site_name":"ViiSona","article_modified_time":"2026-02-18T05:54:15+00:00","og_image":[{"width":2560,"height":2560,"url":"https:\/\/viisona.com\/wp-content\/uploads\/2021\/11\/splitter.-scaled.jpg","type":"image\/jpeg"}],"twitter_card":"summary_large_image","schema":{"@context":"https:\/\/schema.org","@graph":[{"@type":"WebPage","@id":"https:\/\/viisona.com\/fr\/product\/repartiteur-video-wi-fi-pour-ibex-evo\/","url":"https:\/\/viisona.com\/fr\/product\/repartiteur-video-wi-fi-pour-ibex-evo\/","name":"iBex R\u00e9partiteur vid\u00e9o Wi-Fi pour iBex\/EVO | ViiSona","isPartOf":{"@id":"https:\/\/viisona.com\/fr\/#website"},"primaryImageOfPage":{"@id":"https:\/\/viisona.com\/fr\/product\/repartiteur-video-wi-fi-pour-ibex-evo\/#primaryimage"},"image":{"@id":"https:\/\/viisona.com\/fr\/product\/repartiteur-video-wi-fi-pour-ibex-evo\/#primaryimage"},"thumbnailUrl":"https:\/\/viisona.com\/wp-content\/uploads\/2021\/11\/splitter.-scaled.jpg","datePublished":"2021-11-05T02:08:27+00:00","dateModified":"2026-02-18T05:54:15+00:00","breadcrumb":{"@id":"https:\/\/viisona.com\/fr\/product\/repartiteur-video-wi-fi-pour-ibex-evo\/#breadcrumb"},"inLanguage":"fr-FR","potentialAction":[{"@type":"ReadAction","target":["https:\/\/viisona.com\/fr\/product\/repartiteur-video-wi-fi-pour-ibex-evo\/"]}]},{"@type":"ImageObject","inLanguage":"fr-FR","@id":"https:\/\/viisona.com\/fr\/product\/repartiteur-video-wi-fi-pour-ibex-evo\/#primaryimage","url":"https:\/\/viisona.com\/wp-content\/uploads\/2021\/11\/splitter.-scaled.jpg","contentUrl":"https:\/\/viisona.com\/wp-content\/uploads\/2021\/11\/splitter.-scaled.jpg","width":2560,"height":2560},{"@type":"BreadcrumbList","@id":"https:\/\/viisona.com\/fr\/product\/repartiteur-video-wi-fi-pour-ibex-evo\/#breadcrumb","itemListElement":[{"@type":"ListItem","position":1,"name":"Home","item":"https:\/\/viisona.com\/fr\/accueil\/"},{"@type":"ListItem","position":2,"name":"Boutique","item":"https:\/\/viisona.com\/fr\/boutique\/"},{"@type":"ListItem","position":3,"name":"R\u00e9partiteur vid\u00e9o Wi-Fi pour iBex\/EVO"}]},{"@type":"WebSite","@id":"https:\/\/viisona.com\/fr\/#website","url":"https:\/\/viisona.com\/fr\/","name":"ViiSona","description":"Am\u00e9liorer les r\u00e9sultats pour les agriculteurs et les s\u00e9lectionneurs dans les communaut\u00e9s agricoles et de s\u00e9lection.","publisher":{"@id":"https:\/\/viisona.com\/fr\/#organization"},"potentialAction":[{"@type":"SearchAction","target":{"@type":"EntryPoint","urlTemplate":"https:\/\/viisona.com\/fr\/?s={search_term_string}"},"query-input":{"@type":"PropertyValueSpecification","valueRequired":true,"valueName":"search_term_string"}}],"inLanguage":"fr-FR"},{"@type":"Organization","@id":"https:\/\/viisona.com\/fr\/#organization","name":"ViiSona","url":"https:\/\/viisona.com\/fr\/","logo":{"@type":"ImageObject","inLanguage":"fr-FR","@id":"https:\/\/viisona.com\/fr\/#\/schema\/logo\/image\/","url":"https:\/\/viisona.com\/wp-content\/uploads\/2020\/08\/viisona_1_FULLY_RASTERED.png","contentUrl":"https:\/\/viisona.com\/wp-content\/uploads\/2020\/08\/viisona_1_FULLY_RASTERED.png","width":1080,"height":307,"caption":"ViiSona"},"image":{"@id":"https:\/\/viisona.com\/fr\/#\/schema\/logo\/image\/"}}]}},"jetpack_sharing_enabled":true,"_links":{"self":[{"href":"https:\/\/viisona.com\/fr\/wp-json\/wp\/v2\/product\/5072","targetHints":{"allow":["GET"]}}],"collection":[{"href":"https:\/\/viisona.com\/fr\/wp-json\/wp\/v2\/product"}],"about":[{"href":"https:\/\/viisona.com\/fr\/wp-json\/wp\/v2\/types\/product"}],"wp:featuredmedia":[{"embeddable":true,"href":"https:\/\/viisona.com\/fr\/wp-json\/wp\/v2\/media\/4874"}],"wp:attachment":[{"href":"https:\/\/viisona.com\/fr\/wp-json\/wp\/v2\/media?parent=5072"}],"wp:term":[{"taxonomy":"product_cat","embeddable":true,"href":"https:\/\/viisona.com\/fr\/wp-json\/wp\/v2\/product_cat?post=5072"},{"taxonomy":"product_tag","embeddable":true,"href":"https:\/\/viisona.com\/fr\/wp-json\/wp\/v2\/product_tag?post=5072"},{"taxonomy":"berocket_brand","embeddable":true,"href":"https:\/\/viisona.com\/fr\/wp-json\/wp\/v2\/berocket_brand?post=5072"}],"curies":[{"name":"wp","href":"https:\/\/api.w.org\/{rel}","templated":true}]}}