{"id":5071,"date":"2021-11-05T02:02:53","date_gmt":"2021-11-05T02:02:53","guid":{"rendered":"https:\/\/viisona.com\/shop\/non%20class\u00e9\/telecommande-bluetooth-evo\/"},"modified":"2026-02-18T05:54:00","modified_gmt":"2026-02-18T05:54:00","slug":"telecommande-bluetooth-evo","status":"publish","type":"product","link":"https:\/\/viisona.com\/fr\/product\/telecommande-bluetooth-evo\/","title":{"rendered":"T\u00e9l\u00e9commande Bluetooth EVO"},"content":{"rendered":"","protected":false},"excerpt":{"rendered":"<p class=\"p1\"><span style=\"font-weight: 400;\">La t\u00e9l\u00e9commande Bluetooth se connecte automatiquement une fois coupl\u00e9e \u00e0 un EVO\u00ae et peut \u00eatre utilis\u00e9e pour contr\u00f4ler le gain, la profondeur, sauvegarder et enregistrer des images, ou d&#8217;autres fonctions personnalis\u00e9es. Personnalisez votre t\u00e9l\u00e9commande Bluetooth en fonction de vos besoins ; 7 touches peuvent \u00eatre r\u00e9affect\u00e9es \u00e0 n&#8217;importe quelle touche de l&#8217;EVO pour plus de polyvalence.<\/span><\/p>\n","protected":false},"featured_media":4861,"template":"","meta":{"_acf_changed":false,"inline_featured_image":false},"product_cat":[542,500,490,483],"product_tag":[],"berocket_brand":[446],"class_list":{"0":"post-5071","1":"product","2":"type-product","3":"status-publish","4":"has-post-thumbnail","6":"product_cat-accessoires","7":"product_cat-eleveurs","8":"product_cat-producteurs","9":"product_cat-veterinaires","10":"pa_species-bovins-de-boucherie","11":"pa_species-bovins-laitiers","12":"pa_species-chevaux","13":"berocket_brand-ibex-fr","15":"first","16":"instock","17":"taxable","18":"shipping-taxable","19":"purchasable","20":"product-type-simple"},"acf":[],"yoast_head":"<!-- This site is optimized with the Yoast SEO plugin v26.8 - https:\/\/yoast.com\/product\/yoast-seo-wordpress\/ -->\n<title>iBex T\u00e9l\u00e9commande Bluetooth EVO | ViiSona<\/title>\n<meta name=\"description\" content=\"Prenez le contr\u00f4le de votre exp\u00e9rience de num\u00e9risation avec la t\u00e9l\u00e9commande Bluetooth EVO. Cette t\u00e9l\u00e9commande se connecte automatiquement une fois coupl\u00e9e \u00e0 un EVO\u00ae, ce qui vous permet de r\u00e9gler le gain, la profondeur, de sauvegarder et d&#039;enregistrer des images, et bien plus encore. Personnalisez votre t\u00e9l\u00e9commande avec 7 touches r\u00e9affectables pour une polyvalence personnalis\u00e9e adapt\u00e9e \u00e0 vos besoins.\" \/>\n<meta name=\"robots\" content=\"index, follow, max-snippet:-1, max-image-preview:large, max-video-preview:-1\" \/>\n<link rel=\"canonical\" href=\"https:\/\/viisona.com\/fr\/product\/telecommande-bluetooth-evo\/\" \/>\n<meta property=\"og:locale\" content=\"fr_FR\" \/>\n<meta property=\"og:type\" content=\"article\" \/>\n<meta property=\"og:title\" content=\"iBex T\u00e9l\u00e9commande Bluetooth EVO | ViiSona\" \/>\n<meta property=\"og:description\" content=\"Prenez le contr\u00f4le de votre exp\u00e9rience de num\u00e9risation avec la t\u00e9l\u00e9commande Bluetooth EVO. Cette t\u00e9l\u00e9commande se connecte automatiquement une fois coupl\u00e9e \u00e0 un EVO\u00ae, ce qui vous permet de r\u00e9gler le gain, la profondeur, de sauvegarder et d&#039;enregistrer des images, et bien plus encore. Personnalisez votre t\u00e9l\u00e9commande avec 7 touches r\u00e9affectables pour une polyvalence personnalis\u00e9e adapt\u00e9e \u00e0 vos besoins.\" \/>\n<meta property=\"og:url\" content=\"https:\/\/viisona.com\/fr\/product\/telecommande-bluetooth-evo\/\" \/>\n<meta property=\"og:site_name\" content=\"ViiSona\" \/>\n<meta property=\"article:modified_time\" content=\"2026-02-18T05:54:00+00:00\" \/>\n<meta property=\"og:image\" content=\"https:\/\/viisona.com\/wp-content\/uploads\/2021\/11\/EVO-bluetooth-remote.jpg\" \/>\n\t<meta property=\"og:image:width\" content=\"241\" \/>\n\t<meta property=\"og:image:height\" content=\"241\" \/>\n\t<meta property=\"og:image:type\" content=\"image\/jpeg\" \/>\n<meta name=\"twitter:card\" content=\"summary_large_image\" \/>\n<meta name=\"twitter:label1\" content=\"Dur\u00e9e de lecture estim\u00e9e\" \/>\n\t<meta name=\"twitter:data1\" content=\"1 minute\" \/>\n<script type=\"application\/ld+json\" class=\"yoast-schema-graph\">{\"@context\":\"https:\/\/schema.org\",\"@graph\":[{\"@type\":\"WebPage\",\"@id\":\"https:\/\/viisona.com\/fr\/product\/telecommande-bluetooth-evo\/\",\"url\":\"https:\/\/viisona.com\/fr\/product\/telecommande-bluetooth-evo\/\",\"name\":\"iBex T\u00e9l\u00e9commande Bluetooth EVO | ViiSona\",\"isPartOf\":{\"@id\":\"https:\/\/viisona.com\/fr\/#website\"},\"primaryImageOfPage\":{\"@id\":\"https:\/\/viisona.com\/fr\/product\/telecommande-bluetooth-evo\/#primaryimage\"},\"image\":{\"@id\":\"https:\/\/viisona.com\/fr\/product\/telecommande-bluetooth-evo\/#primaryimage\"},\"thumbnailUrl\":\"https:\/\/viisona.com\/wp-content\/uploads\/2021\/11\/EVO-bluetooth-remote.jpg\",\"datePublished\":\"2021-11-05T02:02:53+00:00\",\"dateModified\":\"2026-02-18T05:54:00+00:00\",\"description\":\"Prenez le contr\u00f4le de votre exp\u00e9rience de num\u00e9risation avec la t\u00e9l\u00e9commande Bluetooth EVO. Cette t\u00e9l\u00e9commande se connecte automatiquement une fois coupl\u00e9e \u00e0 un EVO\u00ae, ce qui vous permet de r\u00e9gler le gain, la profondeur, de sauvegarder et d'enregistrer des images, et bien plus encore. Personnalisez votre t\u00e9l\u00e9commande avec 7 touches r\u00e9affectables pour une polyvalence personnalis\u00e9e adapt\u00e9e \u00e0 vos besoins.\",\"breadcrumb\":{\"@id\":\"https:\/\/viisona.com\/fr\/product\/telecommande-bluetooth-evo\/#breadcrumb\"},\"inLanguage\":\"fr-FR\",\"potentialAction\":[{\"@type\":\"ReadAction\",\"target\":[\"https:\/\/viisona.com\/fr\/product\/telecommande-bluetooth-evo\/\"]}]},{\"@type\":\"ImageObject\",\"inLanguage\":\"fr-FR\",\"@id\":\"https:\/\/viisona.com\/fr\/product\/telecommande-bluetooth-evo\/#primaryimage\",\"url\":\"https:\/\/viisona.com\/wp-content\/uploads\/2021\/11\/EVO-bluetooth-remote.jpg\",\"contentUrl\":\"https:\/\/viisona.com\/wp-content\/uploads\/2021\/11\/EVO-bluetooth-remote.jpg\",\"width\":241,\"height\":241},{\"@type\":\"BreadcrumbList\",\"@id\":\"https:\/\/viisona.com\/fr\/product\/telecommande-bluetooth-evo\/#breadcrumb\",\"itemListElement\":[{\"@type\":\"ListItem\",\"position\":1,\"name\":\"Home\",\"item\":\"https:\/\/viisona.com\/fr\/accueil\/\"},{\"@type\":\"ListItem\",\"position\":2,\"name\":\"Boutique\",\"item\":\"https:\/\/viisona.com\/fr\/boutique\/\"},{\"@type\":\"ListItem\",\"position\":3,\"name\":\"T\u00e9l\u00e9commande Bluetooth EVO\"}]},{\"@type\":\"WebSite\",\"@id\":\"https:\/\/viisona.com\/fr\/#website\",\"url\":\"https:\/\/viisona.com\/fr\/\",\"name\":\"ViiSona\",\"description\":\"Am\u00e9liorer les r\u00e9sultats pour les agriculteurs et les s\u00e9lectionneurs dans les communaut\u00e9s agricoles et de s\u00e9lection.\",\"publisher\":{\"@id\":\"https:\/\/viisona.com\/fr\/#organization\"},\"potentialAction\":[{\"@type\":\"SearchAction\",\"target\":{\"@type\":\"EntryPoint\",\"urlTemplate\":\"https:\/\/viisona.com\/fr\/?s={search_term_string}\"},\"query-input\":{\"@type\":\"PropertyValueSpecification\",\"valueRequired\":true,\"valueName\":\"search_term_string\"}}],\"inLanguage\":\"fr-FR\"},{\"@type\":\"Organization\",\"@id\":\"https:\/\/viisona.com\/fr\/#organization\",\"name\":\"ViiSona\",\"url\":\"https:\/\/viisona.com\/fr\/\",\"logo\":{\"@type\":\"ImageObject\",\"inLanguage\":\"fr-FR\",\"@id\":\"https:\/\/viisona.com\/fr\/#\/schema\/logo\/image\/\",\"url\":\"https:\/\/viisona.com\/wp-content\/uploads\/2020\/08\/viisona_1_FULLY_RASTERED.png\",\"contentUrl\":\"https:\/\/viisona.com\/wp-content\/uploads\/2020\/08\/viisona_1_FULLY_RASTERED.png\",\"width\":1080,\"height\":307,\"caption\":\"ViiSona\"},\"image\":{\"@id\":\"https:\/\/viisona.com\/fr\/#\/schema\/logo\/image\/\"}}]}<\/script>\n<!-- \/ Yoast SEO plugin. -->","yoast_head_json":{"title":"iBex T\u00e9l\u00e9commande Bluetooth EVO | ViiSona","description":"Prenez le contr\u00f4le de votre exp\u00e9rience de num\u00e9risation avec la t\u00e9l\u00e9commande Bluetooth EVO. Cette t\u00e9l\u00e9commande se connecte automatiquement une fois coupl\u00e9e \u00e0 un EVO\u00ae, ce qui vous permet de r\u00e9gler le gain, la profondeur, de sauvegarder et d'enregistrer des images, et bien plus encore. Personnalisez votre t\u00e9l\u00e9commande avec 7 touches r\u00e9affectables pour une polyvalence personnalis\u00e9e adapt\u00e9e \u00e0 vos besoins.","robots":{"index":"index","follow":"follow","max-snippet":"max-snippet:-1","max-image-preview":"max-image-preview:large","max-video-preview":"max-video-preview:-1"},"canonical":"https:\/\/viisona.com\/fr\/product\/telecommande-bluetooth-evo\/","og_locale":"fr_FR","og_type":"article","og_title":"iBex T\u00e9l\u00e9commande Bluetooth EVO | ViiSona","og_description":"Prenez le contr\u00f4le de votre exp\u00e9rience de num\u00e9risation avec la t\u00e9l\u00e9commande Bluetooth EVO. Cette t\u00e9l\u00e9commande se connecte automatiquement une fois coupl\u00e9e \u00e0 un EVO\u00ae, ce qui vous permet de r\u00e9gler le gain, la profondeur, de sauvegarder et d'enregistrer des images, et bien plus encore. Personnalisez votre t\u00e9l\u00e9commande avec 7 touches r\u00e9affectables pour une polyvalence personnalis\u00e9e adapt\u00e9e \u00e0 vos besoins.","og_url":"https:\/\/viisona.com\/fr\/product\/telecommande-bluetooth-evo\/","og_site_name":"ViiSona","article_modified_time":"2026-02-18T05:54:00+00:00","og_image":[{"width":241,"height":241,"url":"https:\/\/viisona.com\/wp-content\/uploads\/2021\/11\/EVO-bluetooth-remote.jpg","type":"image\/jpeg"}],"twitter_card":"summary_large_image","twitter_misc":{"Dur\u00e9e de lecture estim\u00e9e":"1 minute"},"schema":{"@context":"https:\/\/schema.org","@graph":[{"@type":"WebPage","@id":"https:\/\/viisona.com\/fr\/product\/telecommande-bluetooth-evo\/","url":"https:\/\/viisona.com\/fr\/product\/telecommande-bluetooth-evo\/","name":"iBex T\u00e9l\u00e9commande Bluetooth EVO | ViiSona","isPartOf":{"@id":"https:\/\/viisona.com\/fr\/#website"},"primaryImageOfPage":{"@id":"https:\/\/viisona.com\/fr\/product\/telecommande-bluetooth-evo\/#primaryimage"},"image":{"@id":"https:\/\/viisona.com\/fr\/product\/telecommande-bluetooth-evo\/#primaryimage"},"thumbnailUrl":"https:\/\/viisona.com\/wp-content\/uploads\/2021\/11\/EVO-bluetooth-remote.jpg","datePublished":"2021-11-05T02:02:53+00:00","dateModified":"2026-02-18T05:54:00+00:00","description":"Prenez le contr\u00f4le de votre exp\u00e9rience de num\u00e9risation avec la t\u00e9l\u00e9commande Bluetooth EVO. Cette t\u00e9l\u00e9commande se connecte automatiquement une fois coupl\u00e9e \u00e0 un EVO\u00ae, ce qui vous permet de r\u00e9gler le gain, la profondeur, de sauvegarder et d'enregistrer des images, et bien plus encore. Personnalisez votre t\u00e9l\u00e9commande avec 7 touches r\u00e9affectables pour une polyvalence personnalis\u00e9e adapt\u00e9e \u00e0 vos besoins.","breadcrumb":{"@id":"https:\/\/viisona.com\/fr\/product\/telecommande-bluetooth-evo\/#breadcrumb"},"inLanguage":"fr-FR","potentialAction":[{"@type":"ReadAction","target":["https:\/\/viisona.com\/fr\/product\/telecommande-bluetooth-evo\/"]}]},{"@type":"ImageObject","inLanguage":"fr-FR","@id":"https:\/\/viisona.com\/fr\/product\/telecommande-bluetooth-evo\/#primaryimage","url":"https:\/\/viisona.com\/wp-content\/uploads\/2021\/11\/EVO-bluetooth-remote.jpg","contentUrl":"https:\/\/viisona.com\/wp-content\/uploads\/2021\/11\/EVO-bluetooth-remote.jpg","width":241,"height":241},{"@type":"BreadcrumbList","@id":"https:\/\/viisona.com\/fr\/product\/telecommande-bluetooth-evo\/#breadcrumb","itemListElement":[{"@type":"ListItem","position":1,"name":"Home","item":"https:\/\/viisona.com\/fr\/accueil\/"},{"@type":"ListItem","position":2,"name":"Boutique","item":"https:\/\/viisona.com\/fr\/boutique\/"},{"@type":"ListItem","position":3,"name":"T\u00e9l\u00e9commande Bluetooth EVO"}]},{"@type":"WebSite","@id":"https:\/\/viisona.com\/fr\/#website","url":"https:\/\/viisona.com\/fr\/","name":"ViiSona","description":"Am\u00e9liorer les r\u00e9sultats pour les agriculteurs et les s\u00e9lectionneurs dans les communaut\u00e9s agricoles et de s\u00e9lection.","publisher":{"@id":"https:\/\/viisona.com\/fr\/#organization"},"potentialAction":[{"@type":"SearchAction","target":{"@type":"EntryPoint","urlTemplate":"https:\/\/viisona.com\/fr\/?s={search_term_string}"},"query-input":{"@type":"PropertyValueSpecification","valueRequired":true,"valueName":"search_term_string"}}],"inLanguage":"fr-FR"},{"@type":"Organization","@id":"https:\/\/viisona.com\/fr\/#organization","name":"ViiSona","url":"https:\/\/viisona.com\/fr\/","logo":{"@type":"ImageObject","inLanguage":"fr-FR","@id":"https:\/\/viisona.com\/fr\/#\/schema\/logo\/image\/","url":"https:\/\/viisona.com\/wp-content\/uploads\/2020\/08\/viisona_1_FULLY_RASTERED.png","contentUrl":"https:\/\/viisona.com\/wp-content\/uploads\/2020\/08\/viisona_1_FULLY_RASTERED.png","width":1080,"height":307,"caption":"ViiSona"},"image":{"@id":"https:\/\/viisona.com\/fr\/#\/schema\/logo\/image\/"}}]}},"jetpack_sharing_enabled":true,"_links":{"self":[{"href":"https:\/\/viisona.com\/fr\/wp-json\/wp\/v2\/product\/5071","targetHints":{"allow":["GET"]}}],"collection":[{"href":"https:\/\/viisona.com\/fr\/wp-json\/wp\/v2\/product"}],"about":[{"href":"https:\/\/viisona.com\/fr\/wp-json\/wp\/v2\/types\/product"}],"wp:featuredmedia":[{"embeddable":true,"href":"https:\/\/viisona.com\/fr\/wp-json\/wp\/v2\/media\/4861"}],"wp:attachment":[{"href":"https:\/\/viisona.com\/fr\/wp-json\/wp\/v2\/media?parent=5071"}],"wp:term":[{"taxonomy":"product_cat","embeddable":true,"href":"https:\/\/viisona.com\/fr\/wp-json\/wp\/v2\/product_cat?post=5071"},{"taxonomy":"product_tag","embeddable":true,"href":"https:\/\/viisona.com\/fr\/wp-json\/wp\/v2\/product_tag?post=5071"},{"taxonomy":"berocket_brand","embeddable":true,"href":"https:\/\/viisona.com\/fr\/wp-json\/wp\/v2\/berocket_brand?post=5071"}],"curies":[{"name":"wp","href":"https:\/\/api.w.org\/{rel}","templated":true}]}}