{"id":5066,"date":"2021-11-02T01:57:44","date_gmt":"2021-11-02T01:57:44","guid":{"rendered":"https:\/\/viisona.com\/shop\/non%20class\u00e9\/i-c-e-bras-dextension-pour-sonde-l6e-el7-pour-evo\/"},"modified":"2026-02-18T05:53:42","modified_gmt":"2026-02-18T05:53:42","slug":"i-c-e-bras-dextension-pour-sonde-l6e-el7-pour-evo","status":"publish","type":"product","link":"https:\/\/viisona.com\/fr\/product\/i-c-e-bras-dextension-pour-sonde-l6e-el7-pour-evo\/","title":{"rendered":"I.C.E. \u00ae Bras d&#8217;extension pour sonde L6E\/eL7 pour EVO"},"content":{"rendered":"","protected":false},"excerpt":{"rendered":"<p><span style=\"font-weight: 400;\">Les bras d&#8217;extension personnalisables IBEX r\u00e9duisent la fatigue et le stress du bras et de l&#8217;\u00e9paule de l&#8217;utilisateur et permettent d&#8217;ins\u00e9rer ou de retirer facilement la sonde sans endommager les c\u00e2bles. Un centre flexible brevet\u00e9 permet \u00e0 l&#8217;utilisateur de personnaliser la courbure de 0 \u00e0 45 degr\u00e9s, ce qui r\u00e9duit les contraintes pour l&#8217;utilisateur et l&#8217;animal.<\/span><\/p>\n","protected":false},"featured_media":4862,"template":"","meta":{"_acf_changed":false,"inline_featured_image":false},"product_cat":[542,561,490,483],"product_tag":[],"berocket_brand":[446],"class_list":{"0":"post-5066","1":"product","2":"type-product","3":"status-publish","4":"has-post-thumbnail","6":"product_cat-accessoires","7":"product_cat-bras-dextension","8":"product_cat-producteurs","9":"product_cat-veterinaires","10":"pa_applications-grossesse","11":"pa_applications-reproduction-fr","12":"pa_applications-uterus-fr","13":"pa_species-animaux-exotiques","14":"pa_species-bovins-de-boucherie","15":"berocket_brand-ibex-fr","17":"first","18":"instock","19":"taxable","20":"shipping-taxable","21":"purchasable","22":"product-type-simple"},"acf":[],"yoast_head":"<!-- This site is optimized with the Yoast SEO plugin v26.8 - https:\/\/yoast.com\/product\/yoast-seo-wordpress\/ -->\n<title>iBex I.C.E. \u00ae Bras d&#039;extension pour sonde L6E\/eL7 pour EVO | ViiSona<\/title>\n<meta name=\"description\" content=\"Les bras d&#039;extension personnalisables IBEX sont con\u00e7us pour r\u00e9duire la fatigue et le stress du bras et de l&#039;\u00e9paule de l&#039;utilisateur pendant les proc\u00e9dures d&#039;\u00e9chographie v\u00e9t\u00e9rinaire. Avec un centre flexible brevet\u00e9, ces bras d&#039;extension permettent de personnaliser la courbure de 0 \u00e0 45 degr\u00e9s, ce qui r\u00e9duit la fatigue de l&#039;utilisateur et de l&#039;animal. Compatibles avec une gamme de sondes, notamment L6E\/L7, Cli3\/CLi4 et L6.2, ces bras d&#039;extension facilitent l&#039;insertion et le retrait de la sonde sans endommager les c\u00e2bles. Investissez dans le confort ergonomique et la pr\u00e9cision pour vos examens \u00e9chographiques avec nos bras d&#039;extension I.C.E.\u00ae.\" \/>\n<meta name=\"robots\" content=\"index, follow, max-snippet:-1, max-image-preview:large, max-video-preview:-1\" \/>\n<link rel=\"canonical\" href=\"https:\/\/viisona.com\/fr\/product\/i-c-e-bras-dextension-pour-sonde-l6e-el7-pour-evo\/\" \/>\n<meta property=\"og:locale\" content=\"fr_FR\" \/>\n<meta property=\"og:type\" content=\"article\" \/>\n<meta property=\"og:title\" content=\"iBex I.C.E. \u00ae Bras d&#039;extension pour sonde L6E\/eL7 pour EVO | ViiSona\" \/>\n<meta property=\"og:description\" content=\"Les bras d&#039;extension personnalisables IBEX sont con\u00e7us pour r\u00e9duire la fatigue et le stress du bras et de l&#039;\u00e9paule de l&#039;utilisateur pendant les proc\u00e9dures d&#039;\u00e9chographie v\u00e9t\u00e9rinaire. Avec un centre flexible brevet\u00e9, ces bras d&#039;extension permettent de personnaliser la courbure de 0 \u00e0 45 degr\u00e9s, ce qui r\u00e9duit la fatigue de l&#039;utilisateur et de l&#039;animal. Compatibles avec une gamme de sondes, notamment L6E\/L7, Cli3\/CLi4 et L6.2, ces bras d&#039;extension facilitent l&#039;insertion et le retrait de la sonde sans endommager les c\u00e2bles. Investissez dans le confort ergonomique et la pr\u00e9cision pour vos examens \u00e9chographiques avec nos bras d&#039;extension I.C.E.\u00ae.\" \/>\n<meta property=\"og:url\" content=\"https:\/\/viisona.com\/fr\/product\/i-c-e-bras-dextension-pour-sonde-l6e-el7-pour-evo\/\" \/>\n<meta property=\"og:site_name\" content=\"ViiSona\" \/>\n<meta property=\"article:modified_time\" content=\"2026-02-18T05:53:42+00:00\" \/>\n<meta property=\"og:image\" content=\"https:\/\/viisona.com\/wp-content\/uploads\/2021\/11\/ICE-Extension-Arm2020-WEB.jpg\" \/>\n\t<meta property=\"og:image:width\" content=\"1870\" \/>\n\t<meta property=\"og:image:height\" content=\"1870\" \/>\n\t<meta property=\"og:image:type\" content=\"image\/jpeg\" \/>\n<meta name=\"twitter:card\" content=\"summary_large_image\" \/>\n<meta name=\"twitter:label1\" content=\"Dur\u00e9e de lecture estim\u00e9e\" \/>\n\t<meta name=\"twitter:data1\" content=\"1 minute\" \/>\n<script type=\"application\/ld+json\" class=\"yoast-schema-graph\">{\"@context\":\"https:\/\/schema.org\",\"@graph\":[{\"@type\":\"WebPage\",\"@id\":\"https:\/\/viisona.com\/fr\/product\/i-c-e-bras-dextension-pour-sonde-l6e-el7-pour-evo\/\",\"url\":\"https:\/\/viisona.com\/fr\/product\/i-c-e-bras-dextension-pour-sonde-l6e-el7-pour-evo\/\",\"name\":\"iBex I.C.E. \u00ae Bras d'extension pour sonde L6E\/eL7 pour EVO | ViiSona\",\"isPartOf\":{\"@id\":\"https:\/\/viisona.com\/fr\/#website\"},\"primaryImageOfPage\":{\"@id\":\"https:\/\/viisona.com\/fr\/product\/i-c-e-bras-dextension-pour-sonde-l6e-el7-pour-evo\/#primaryimage\"},\"image\":{\"@id\":\"https:\/\/viisona.com\/fr\/product\/i-c-e-bras-dextension-pour-sonde-l6e-el7-pour-evo\/#primaryimage\"},\"thumbnailUrl\":\"https:\/\/viisona.com\/wp-content\/uploads\/2021\/11\/ICE-Extension-Arm2020-WEB.jpg\",\"datePublished\":\"2021-11-02T01:57:44+00:00\",\"dateModified\":\"2026-02-18T05:53:42+00:00\",\"description\":\"Les bras d'extension personnalisables IBEX sont con\u00e7us pour r\u00e9duire la fatigue et le stress du bras et de l'\u00e9paule de l'utilisateur pendant les proc\u00e9dures d'\u00e9chographie v\u00e9t\u00e9rinaire. Avec un centre flexible brevet\u00e9, ces bras d'extension permettent de personnaliser la courbure de 0 \u00e0 45 degr\u00e9s, ce qui r\u00e9duit la fatigue de l'utilisateur et de l'animal. Compatibles avec une gamme de sondes, notamment L6E\/L7, Cli3\/CLi4 et L6.2, ces bras d'extension facilitent l'insertion et le retrait de la sonde sans endommager les c\u00e2bles. Investissez dans le confort ergonomique et la pr\u00e9cision pour vos examens \u00e9chographiques avec nos bras d'extension I.C.E.\u00ae.\",\"breadcrumb\":{\"@id\":\"https:\/\/viisona.com\/fr\/product\/i-c-e-bras-dextension-pour-sonde-l6e-el7-pour-evo\/#breadcrumb\"},\"inLanguage\":\"fr-FR\",\"potentialAction\":[{\"@type\":\"ReadAction\",\"target\":[\"https:\/\/viisona.com\/fr\/product\/i-c-e-bras-dextension-pour-sonde-l6e-el7-pour-evo\/\"]}]},{\"@type\":\"ImageObject\",\"inLanguage\":\"fr-FR\",\"@id\":\"https:\/\/viisona.com\/fr\/product\/i-c-e-bras-dextension-pour-sonde-l6e-el7-pour-evo\/#primaryimage\",\"url\":\"https:\/\/viisona.com\/wp-content\/uploads\/2021\/11\/ICE-Extension-Arm2020-WEB.jpg\",\"contentUrl\":\"https:\/\/viisona.com\/wp-content\/uploads\/2021\/11\/ICE-Extension-Arm2020-WEB.jpg\",\"width\":1870,\"height\":1870},{\"@type\":\"BreadcrumbList\",\"@id\":\"https:\/\/viisona.com\/fr\/product\/i-c-e-bras-dextension-pour-sonde-l6e-el7-pour-evo\/#breadcrumb\",\"itemListElement\":[{\"@type\":\"ListItem\",\"position\":1,\"name\":\"Home\",\"item\":\"https:\/\/viisona.com\/fr\/accueil\/\"},{\"@type\":\"ListItem\",\"position\":2,\"name\":\"Boutique\",\"item\":\"https:\/\/viisona.com\/fr\/boutique\/\"},{\"@type\":\"ListItem\",\"position\":3,\"name\":\"I.C.E. \u00ae Bras d&#8217;extension pour sonde L6E\/eL7 pour EVO\"}]},{\"@type\":\"WebSite\",\"@id\":\"https:\/\/viisona.com\/fr\/#website\",\"url\":\"https:\/\/viisona.com\/fr\/\",\"name\":\"ViiSona\",\"description\":\"Am\u00e9liorer les r\u00e9sultats pour les agriculteurs et les s\u00e9lectionneurs dans les communaut\u00e9s agricoles et de s\u00e9lection.\",\"publisher\":{\"@id\":\"https:\/\/viisona.com\/fr\/#organization\"},\"potentialAction\":[{\"@type\":\"SearchAction\",\"target\":{\"@type\":\"EntryPoint\",\"urlTemplate\":\"https:\/\/viisona.com\/fr\/?s={search_term_string}\"},\"query-input\":{\"@type\":\"PropertyValueSpecification\",\"valueRequired\":true,\"valueName\":\"search_term_string\"}}],\"inLanguage\":\"fr-FR\"},{\"@type\":\"Organization\",\"@id\":\"https:\/\/viisona.com\/fr\/#organization\",\"name\":\"ViiSona\",\"url\":\"https:\/\/viisona.com\/fr\/\",\"logo\":{\"@type\":\"ImageObject\",\"inLanguage\":\"fr-FR\",\"@id\":\"https:\/\/viisona.com\/fr\/#\/schema\/logo\/image\/\",\"url\":\"https:\/\/viisona.com\/wp-content\/uploads\/2020\/08\/viisona_1_FULLY_RASTERED.png\",\"contentUrl\":\"https:\/\/viisona.com\/wp-content\/uploads\/2020\/08\/viisona_1_FULLY_RASTERED.png\",\"width\":1080,\"height\":307,\"caption\":\"ViiSona\"},\"image\":{\"@id\":\"https:\/\/viisona.com\/fr\/#\/schema\/logo\/image\/\"}}]}<\/script>\n<!-- \/ Yoast SEO plugin. -->","yoast_head_json":{"title":"iBex I.C.E. \u00ae Bras d'extension pour sonde L6E\/eL7 pour EVO | ViiSona","description":"Les bras d'extension personnalisables IBEX sont con\u00e7us pour r\u00e9duire la fatigue et le stress du bras et de l'\u00e9paule de l'utilisateur pendant les proc\u00e9dures d'\u00e9chographie v\u00e9t\u00e9rinaire. Avec un centre flexible brevet\u00e9, ces bras d'extension permettent de personnaliser la courbure de 0 \u00e0 45 degr\u00e9s, ce qui r\u00e9duit la fatigue de l'utilisateur et de l'animal. Compatibles avec une gamme de sondes, notamment L6E\/L7, Cli3\/CLi4 et L6.2, ces bras d'extension facilitent l'insertion et le retrait de la sonde sans endommager les c\u00e2bles. Investissez dans le confort ergonomique et la pr\u00e9cision pour vos examens \u00e9chographiques avec nos bras d'extension I.C.E.\u00ae.","robots":{"index":"index","follow":"follow","max-snippet":"max-snippet:-1","max-image-preview":"max-image-preview:large","max-video-preview":"max-video-preview:-1"},"canonical":"https:\/\/viisona.com\/fr\/product\/i-c-e-bras-dextension-pour-sonde-l6e-el7-pour-evo\/","og_locale":"fr_FR","og_type":"article","og_title":"iBex I.C.E. \u00ae Bras d'extension pour sonde L6E\/eL7 pour EVO | ViiSona","og_description":"Les bras d'extension personnalisables IBEX sont con\u00e7us pour r\u00e9duire la fatigue et le stress du bras et de l'\u00e9paule de l'utilisateur pendant les proc\u00e9dures d'\u00e9chographie v\u00e9t\u00e9rinaire. Avec un centre flexible brevet\u00e9, ces bras d'extension permettent de personnaliser la courbure de 0 \u00e0 45 degr\u00e9s, ce qui r\u00e9duit la fatigue de l'utilisateur et de l'animal. Compatibles avec une gamme de sondes, notamment L6E\/L7, Cli3\/CLi4 et L6.2, ces bras d'extension facilitent l'insertion et le retrait de la sonde sans endommager les c\u00e2bles. Investissez dans le confort ergonomique et la pr\u00e9cision pour vos examens \u00e9chographiques avec nos bras d'extension I.C.E.\u00ae.","og_url":"https:\/\/viisona.com\/fr\/product\/i-c-e-bras-dextension-pour-sonde-l6e-el7-pour-evo\/","og_site_name":"ViiSona","article_modified_time":"2026-02-18T05:53:42+00:00","og_image":[{"width":1870,"height":1870,"url":"https:\/\/viisona.com\/wp-content\/uploads\/2021\/11\/ICE-Extension-Arm2020-WEB.jpg","type":"image\/jpeg"}],"twitter_card":"summary_large_image","twitter_misc":{"Dur\u00e9e de lecture estim\u00e9e":"1 minute"},"schema":{"@context":"https:\/\/schema.org","@graph":[{"@type":"WebPage","@id":"https:\/\/viisona.com\/fr\/product\/i-c-e-bras-dextension-pour-sonde-l6e-el7-pour-evo\/","url":"https:\/\/viisona.com\/fr\/product\/i-c-e-bras-dextension-pour-sonde-l6e-el7-pour-evo\/","name":"iBex I.C.E. \u00ae Bras d'extension pour sonde L6E\/eL7 pour EVO | ViiSona","isPartOf":{"@id":"https:\/\/viisona.com\/fr\/#website"},"primaryImageOfPage":{"@id":"https:\/\/viisona.com\/fr\/product\/i-c-e-bras-dextension-pour-sonde-l6e-el7-pour-evo\/#primaryimage"},"image":{"@id":"https:\/\/viisona.com\/fr\/product\/i-c-e-bras-dextension-pour-sonde-l6e-el7-pour-evo\/#primaryimage"},"thumbnailUrl":"https:\/\/viisona.com\/wp-content\/uploads\/2021\/11\/ICE-Extension-Arm2020-WEB.jpg","datePublished":"2021-11-02T01:57:44+00:00","dateModified":"2026-02-18T05:53:42+00:00","description":"Les bras d'extension personnalisables IBEX sont con\u00e7us pour r\u00e9duire la fatigue et le stress du bras et de l'\u00e9paule de l'utilisateur pendant les proc\u00e9dures d'\u00e9chographie v\u00e9t\u00e9rinaire. Avec un centre flexible brevet\u00e9, ces bras d'extension permettent de personnaliser la courbure de 0 \u00e0 45 degr\u00e9s, ce qui r\u00e9duit la fatigue de l'utilisateur et de l'animal. Compatibles avec une gamme de sondes, notamment L6E\/L7, Cli3\/CLi4 et L6.2, ces bras d'extension facilitent l'insertion et le retrait de la sonde sans endommager les c\u00e2bles. Investissez dans le confort ergonomique et la pr\u00e9cision pour vos examens \u00e9chographiques avec nos bras d'extension I.C.E.\u00ae.","breadcrumb":{"@id":"https:\/\/viisona.com\/fr\/product\/i-c-e-bras-dextension-pour-sonde-l6e-el7-pour-evo\/#breadcrumb"},"inLanguage":"fr-FR","potentialAction":[{"@type":"ReadAction","target":["https:\/\/viisona.com\/fr\/product\/i-c-e-bras-dextension-pour-sonde-l6e-el7-pour-evo\/"]}]},{"@type":"ImageObject","inLanguage":"fr-FR","@id":"https:\/\/viisona.com\/fr\/product\/i-c-e-bras-dextension-pour-sonde-l6e-el7-pour-evo\/#primaryimage","url":"https:\/\/viisona.com\/wp-content\/uploads\/2021\/11\/ICE-Extension-Arm2020-WEB.jpg","contentUrl":"https:\/\/viisona.com\/wp-content\/uploads\/2021\/11\/ICE-Extension-Arm2020-WEB.jpg","width":1870,"height":1870},{"@type":"BreadcrumbList","@id":"https:\/\/viisona.com\/fr\/product\/i-c-e-bras-dextension-pour-sonde-l6e-el7-pour-evo\/#breadcrumb","itemListElement":[{"@type":"ListItem","position":1,"name":"Home","item":"https:\/\/viisona.com\/fr\/accueil\/"},{"@type":"ListItem","position":2,"name":"Boutique","item":"https:\/\/viisona.com\/fr\/boutique\/"},{"@type":"ListItem","position":3,"name":"I.C.E. \u00ae Bras d&#8217;extension pour sonde L6E\/eL7 pour EVO"}]},{"@type":"WebSite","@id":"https:\/\/viisona.com\/fr\/#website","url":"https:\/\/viisona.com\/fr\/","name":"ViiSona","description":"Am\u00e9liorer les r\u00e9sultats pour les agriculteurs et les s\u00e9lectionneurs dans les communaut\u00e9s agricoles et de s\u00e9lection.","publisher":{"@id":"https:\/\/viisona.com\/fr\/#organization"},"potentialAction":[{"@type":"SearchAction","target":{"@type":"EntryPoint","urlTemplate":"https:\/\/viisona.com\/fr\/?s={search_term_string}"},"query-input":{"@type":"PropertyValueSpecification","valueRequired":true,"valueName":"search_term_string"}}],"inLanguage":"fr-FR"},{"@type":"Organization","@id":"https:\/\/viisona.com\/fr\/#organization","name":"ViiSona","url":"https:\/\/viisona.com\/fr\/","logo":{"@type":"ImageObject","inLanguage":"fr-FR","@id":"https:\/\/viisona.com\/fr\/#\/schema\/logo\/image\/","url":"https:\/\/viisona.com\/wp-content\/uploads\/2020\/08\/viisona_1_FULLY_RASTERED.png","contentUrl":"https:\/\/viisona.com\/wp-content\/uploads\/2020\/08\/viisona_1_FULLY_RASTERED.png","width":1080,"height":307,"caption":"ViiSona"},"image":{"@id":"https:\/\/viisona.com\/fr\/#\/schema\/logo\/image\/"}}]}},"jetpack_sharing_enabled":true,"_links":{"self":[{"href":"https:\/\/viisona.com\/fr\/wp-json\/wp\/v2\/product\/5066","targetHints":{"allow":["GET"]}}],"collection":[{"href":"https:\/\/viisona.com\/fr\/wp-json\/wp\/v2\/product"}],"about":[{"href":"https:\/\/viisona.com\/fr\/wp-json\/wp\/v2\/types\/product"}],"wp:featuredmedia":[{"embeddable":true,"href":"https:\/\/viisona.com\/fr\/wp-json\/wp\/v2\/media\/4862"}],"wp:attachment":[{"href":"https:\/\/viisona.com\/fr\/wp-json\/wp\/v2\/media?parent=5066"}],"wp:term":[{"taxonomy":"product_cat","embeddable":true,"href":"https:\/\/viisona.com\/fr\/wp-json\/wp\/v2\/product_cat?post=5066"},{"taxonomy":"product_tag","embeddable":true,"href":"https:\/\/viisona.com\/fr\/wp-json\/wp\/v2\/product_tag?post=5066"},{"taxonomy":"berocket_brand","embeddable":true,"href":"https:\/\/viisona.com\/fr\/wp-json\/wp\/v2\/berocket_brand?post=5066"}],"curies":[{"name":"wp","href":"https:\/\/api.w.org\/{rel}","templated":true}]}}