{"id":5063,"date":"2021-11-29T03:35:17","date_gmt":"2021-11-29T03:35:17","guid":{"rendered":"https:\/\/viisona.com\/shop\/non%20class\u00e9\/support-bas-a-roulettes-pour-4vet-slim-et-4vet-blue\/"},"modified":"2026-02-18T05:56:02","modified_gmt":"2026-02-18T05:56:02","slug":"support-bas-a-roulettes-pour-4vet-slim-et-4vet-blue","status":"publish","type":"product","link":"https:\/\/viisona.com\/fr\/product\/support-bas-a-roulettes-pour-4vet-slim-et-4vet-blue\/","title":{"rendered":"Support bas \u00e0 roulettes pour 4Vet Slim et 4Vet Blue"},"content":{"rendered":"","protected":false},"excerpt":{"rendered":"<p><span style=\"font-weight: 400;\">Con\u00e7u pour les examens des tendons \u00e9quins, ce support bas \u00e0 roulettes assure la stabilit\u00e9 de votre syst\u00e8me d&#8217;\u00e9chographie. Se d\u00e9place facilement et en douceur gr\u00e2ce \u00e0 des roues pivotantes en caoutchouc silencieuses qui peuvent \u00eatre bloqu\u00e9es pour rester fermement en place. L\u00e9ger et pliable pour un transport facile, il est fabriqu\u00e9 en aluminium inoxydable.  <\/span><\/p>\n","protected":false},"featured_media":5504,"template":"","meta":{"_acf_changed":false,"inline_featured_image":false},"product_cat":[542,500,490,483],"product_tag":[],"berocket_brand":[502],"class_list":{"0":"post-5063","1":"product","2":"type-product","3":"status-publish","4":"has-post-thumbnail","6":"product_cat-accessoires","7":"product_cat-eleveurs","8":"product_cat-producteurs","9":"product_cat-veterinaires","10":"pa_applications-tendons-fr","11":"pa_species-chevaux","12":"berocket_brand-draminski-fr","14":"first","15":"instock","16":"taxable","17":"shipping-taxable","18":"purchasable","19":"product-type-simple"},"acf":[],"yoast_head":"<!-- This site is optimized with the Yoast SEO plugin v26.8 - https:\/\/yoast.com\/product\/yoast-seo-wordpress\/ -->\n<title>Draminski Support bas \u00e0 roulettes pour 4Vet Slim et 4Vet Blue | ViiSona<\/title>\n<meta name=\"robots\" content=\"index, follow, max-snippet:-1, max-image-preview:large, max-video-preview:-1\" \/>\n<link rel=\"canonical\" href=\"https:\/\/viisona.com\/fr\/product\/support-bas-a-roulettes-pour-4vet-slim-et-4vet-blue\/\" \/>\n<meta property=\"og:locale\" content=\"fr_FR\" \/>\n<meta property=\"og:type\" content=\"article\" \/>\n<meta property=\"og:title\" content=\"Draminski Support bas \u00e0 roulettes pour 4Vet Slim et 4Vet Blue | ViiSona\" \/>\n<meta property=\"og:description\" content=\"Con\u00e7u pour les examens des tendons \u00e9quins, ce support bas \u00e0 roulettes assure la stabilit\u00e9 de votre syst\u00e8me d&#039;\u00e9chographie. Se d\u00e9place facilement et en douceur gr\u00e2ce \u00e0 des roues pivotantes en caoutchouc silencieuses qui peuvent \u00eatre bloqu\u00e9es pour rester fermement en place. L\u00e9ger et pliable pour un transport facile, il est fabriqu\u00e9 en aluminium inoxydable.\" \/>\n<meta property=\"og:url\" content=\"https:\/\/viisona.com\/fr\/product\/support-bas-a-roulettes-pour-4vet-slim-et-4vet-blue\/\" \/>\n<meta property=\"og:site_name\" content=\"ViiSona\" \/>\n<meta property=\"article:modified_time\" content=\"2026-02-18T05:56:02+00:00\" \/>\n<meta property=\"og:image\" content=\"https:\/\/viisona.com\/wp-content\/uploads\/2021\/11\/Stand-for-equine-BLUE-1-scaled.jpg\" \/>\n\t<meta property=\"og:image:width\" content=\"2560\" \/>\n\t<meta property=\"og:image:height\" content=\"2560\" \/>\n\t<meta property=\"og:image:type\" content=\"image\/jpeg\" \/>\n<meta name=\"twitter:card\" content=\"summary_large_image\" \/>\n<script type=\"application\/ld+json\" class=\"yoast-schema-graph\">{\"@context\":\"https:\/\/schema.org\",\"@graph\":[{\"@type\":\"WebPage\",\"@id\":\"https:\/\/viisona.com\/fr\/product\/support-bas-a-roulettes-pour-4vet-slim-et-4vet-blue\/\",\"url\":\"https:\/\/viisona.com\/fr\/product\/support-bas-a-roulettes-pour-4vet-slim-et-4vet-blue\/\",\"name\":\"Draminski Support bas \u00e0 roulettes pour 4Vet Slim et 4Vet Blue | ViiSona\",\"isPartOf\":{\"@id\":\"https:\/\/viisona.com\/fr\/#website\"},\"primaryImageOfPage\":{\"@id\":\"https:\/\/viisona.com\/fr\/product\/support-bas-a-roulettes-pour-4vet-slim-et-4vet-blue\/#primaryimage\"},\"image\":{\"@id\":\"https:\/\/viisona.com\/fr\/product\/support-bas-a-roulettes-pour-4vet-slim-et-4vet-blue\/#primaryimage\"},\"thumbnailUrl\":\"https:\/\/viisona.com\/wp-content\/uploads\/2021\/11\/Stand-for-equine-BLUE-1-scaled.jpg\",\"datePublished\":\"2021-11-29T03:35:17+00:00\",\"dateModified\":\"2026-02-18T05:56:02+00:00\",\"breadcrumb\":{\"@id\":\"https:\/\/viisona.com\/fr\/product\/support-bas-a-roulettes-pour-4vet-slim-et-4vet-blue\/#breadcrumb\"},\"inLanguage\":\"fr-FR\",\"potentialAction\":[{\"@type\":\"ReadAction\",\"target\":[\"https:\/\/viisona.com\/fr\/product\/support-bas-a-roulettes-pour-4vet-slim-et-4vet-blue\/\"]}]},{\"@type\":\"ImageObject\",\"inLanguage\":\"fr-FR\",\"@id\":\"https:\/\/viisona.com\/fr\/product\/support-bas-a-roulettes-pour-4vet-slim-et-4vet-blue\/#primaryimage\",\"url\":\"https:\/\/viisona.com\/wp-content\/uploads\/2021\/11\/Stand-for-equine-BLUE-1-scaled.jpg\",\"contentUrl\":\"https:\/\/viisona.com\/wp-content\/uploads\/2021\/11\/Stand-for-equine-BLUE-1-scaled.jpg\",\"width\":2560,\"height\":2560},{\"@type\":\"BreadcrumbList\",\"@id\":\"https:\/\/viisona.com\/fr\/product\/support-bas-a-roulettes-pour-4vet-slim-et-4vet-blue\/#breadcrumb\",\"itemListElement\":[{\"@type\":\"ListItem\",\"position\":1,\"name\":\"Home\",\"item\":\"https:\/\/viisona.com\/fr\/accueil\/\"},{\"@type\":\"ListItem\",\"position\":2,\"name\":\"Boutique\",\"item\":\"https:\/\/viisona.com\/fr\/boutique\/\"},{\"@type\":\"ListItem\",\"position\":3,\"name\":\"Support bas \u00e0 roulettes pour 4Vet Slim et 4Vet Blue\"}]},{\"@type\":\"WebSite\",\"@id\":\"https:\/\/viisona.com\/fr\/#website\",\"url\":\"https:\/\/viisona.com\/fr\/\",\"name\":\"ViiSona\",\"description\":\"Am\u00e9liorer les r\u00e9sultats pour les agriculteurs et les s\u00e9lectionneurs dans les communaut\u00e9s agricoles et de s\u00e9lection.\",\"publisher\":{\"@id\":\"https:\/\/viisona.com\/fr\/#organization\"},\"potentialAction\":[{\"@type\":\"SearchAction\",\"target\":{\"@type\":\"EntryPoint\",\"urlTemplate\":\"https:\/\/viisona.com\/fr\/?s={search_term_string}\"},\"query-input\":{\"@type\":\"PropertyValueSpecification\",\"valueRequired\":true,\"valueName\":\"search_term_string\"}}],\"inLanguage\":\"fr-FR\"},{\"@type\":\"Organization\",\"@id\":\"https:\/\/viisona.com\/fr\/#organization\",\"name\":\"ViiSona\",\"url\":\"https:\/\/viisona.com\/fr\/\",\"logo\":{\"@type\":\"ImageObject\",\"inLanguage\":\"fr-FR\",\"@id\":\"https:\/\/viisona.com\/fr\/#\/schema\/logo\/image\/\",\"url\":\"https:\/\/viisona.com\/wp-content\/uploads\/2020\/08\/viisona_1_FULLY_RASTERED.png\",\"contentUrl\":\"https:\/\/viisona.com\/wp-content\/uploads\/2020\/08\/viisona_1_FULLY_RASTERED.png\",\"width\":1080,\"height\":307,\"caption\":\"ViiSona\"},\"image\":{\"@id\":\"https:\/\/viisona.com\/fr\/#\/schema\/logo\/image\/\"}}]}<\/script>\n<!-- \/ Yoast SEO plugin. -->","yoast_head_json":{"title":"Draminski Support bas \u00e0 roulettes pour 4Vet Slim et 4Vet Blue | ViiSona","robots":{"index":"index","follow":"follow","max-snippet":"max-snippet:-1","max-image-preview":"max-image-preview:large","max-video-preview":"max-video-preview:-1"},"canonical":"https:\/\/viisona.com\/fr\/product\/support-bas-a-roulettes-pour-4vet-slim-et-4vet-blue\/","og_locale":"fr_FR","og_type":"article","og_title":"Draminski Support bas \u00e0 roulettes pour 4Vet Slim et 4Vet Blue | ViiSona","og_description":"Con\u00e7u pour les examens des tendons \u00e9quins, ce support bas \u00e0 roulettes assure la stabilit\u00e9 de votre syst\u00e8me d'\u00e9chographie. Se d\u00e9place facilement et en douceur gr\u00e2ce \u00e0 des roues pivotantes en caoutchouc silencieuses qui peuvent \u00eatre bloqu\u00e9es pour rester fermement en place. L\u00e9ger et pliable pour un transport facile, il est fabriqu\u00e9 en aluminium inoxydable.","og_url":"https:\/\/viisona.com\/fr\/product\/support-bas-a-roulettes-pour-4vet-slim-et-4vet-blue\/","og_site_name":"ViiSona","article_modified_time":"2026-02-18T05:56:02+00:00","og_image":[{"width":2560,"height":2560,"url":"https:\/\/viisona.com\/wp-content\/uploads\/2021\/11\/Stand-for-equine-BLUE-1-scaled.jpg","type":"image\/jpeg"}],"twitter_card":"summary_large_image","schema":{"@context":"https:\/\/schema.org","@graph":[{"@type":"WebPage","@id":"https:\/\/viisona.com\/fr\/product\/support-bas-a-roulettes-pour-4vet-slim-et-4vet-blue\/","url":"https:\/\/viisona.com\/fr\/product\/support-bas-a-roulettes-pour-4vet-slim-et-4vet-blue\/","name":"Draminski Support bas \u00e0 roulettes pour 4Vet Slim et 4Vet Blue | ViiSona","isPartOf":{"@id":"https:\/\/viisona.com\/fr\/#website"},"primaryImageOfPage":{"@id":"https:\/\/viisona.com\/fr\/product\/support-bas-a-roulettes-pour-4vet-slim-et-4vet-blue\/#primaryimage"},"image":{"@id":"https:\/\/viisona.com\/fr\/product\/support-bas-a-roulettes-pour-4vet-slim-et-4vet-blue\/#primaryimage"},"thumbnailUrl":"https:\/\/viisona.com\/wp-content\/uploads\/2021\/11\/Stand-for-equine-BLUE-1-scaled.jpg","datePublished":"2021-11-29T03:35:17+00:00","dateModified":"2026-02-18T05:56:02+00:00","breadcrumb":{"@id":"https:\/\/viisona.com\/fr\/product\/support-bas-a-roulettes-pour-4vet-slim-et-4vet-blue\/#breadcrumb"},"inLanguage":"fr-FR","potentialAction":[{"@type":"ReadAction","target":["https:\/\/viisona.com\/fr\/product\/support-bas-a-roulettes-pour-4vet-slim-et-4vet-blue\/"]}]},{"@type":"ImageObject","inLanguage":"fr-FR","@id":"https:\/\/viisona.com\/fr\/product\/support-bas-a-roulettes-pour-4vet-slim-et-4vet-blue\/#primaryimage","url":"https:\/\/viisona.com\/wp-content\/uploads\/2021\/11\/Stand-for-equine-BLUE-1-scaled.jpg","contentUrl":"https:\/\/viisona.com\/wp-content\/uploads\/2021\/11\/Stand-for-equine-BLUE-1-scaled.jpg","width":2560,"height":2560},{"@type":"BreadcrumbList","@id":"https:\/\/viisona.com\/fr\/product\/support-bas-a-roulettes-pour-4vet-slim-et-4vet-blue\/#breadcrumb","itemListElement":[{"@type":"ListItem","position":1,"name":"Home","item":"https:\/\/viisona.com\/fr\/accueil\/"},{"@type":"ListItem","position":2,"name":"Boutique","item":"https:\/\/viisona.com\/fr\/boutique\/"},{"@type":"ListItem","position":3,"name":"Support bas \u00e0 roulettes pour 4Vet Slim et 4Vet Blue"}]},{"@type":"WebSite","@id":"https:\/\/viisona.com\/fr\/#website","url":"https:\/\/viisona.com\/fr\/","name":"ViiSona","description":"Am\u00e9liorer les r\u00e9sultats pour les agriculteurs et les s\u00e9lectionneurs dans les communaut\u00e9s agricoles et de s\u00e9lection.","publisher":{"@id":"https:\/\/viisona.com\/fr\/#organization"},"potentialAction":[{"@type":"SearchAction","target":{"@type":"EntryPoint","urlTemplate":"https:\/\/viisona.com\/fr\/?s={search_term_string}"},"query-input":{"@type":"PropertyValueSpecification","valueRequired":true,"valueName":"search_term_string"}}],"inLanguage":"fr-FR"},{"@type":"Organization","@id":"https:\/\/viisona.com\/fr\/#organization","name":"ViiSona","url":"https:\/\/viisona.com\/fr\/","logo":{"@type":"ImageObject","inLanguage":"fr-FR","@id":"https:\/\/viisona.com\/fr\/#\/schema\/logo\/image\/","url":"https:\/\/viisona.com\/wp-content\/uploads\/2020\/08\/viisona_1_FULLY_RASTERED.png","contentUrl":"https:\/\/viisona.com\/wp-content\/uploads\/2020\/08\/viisona_1_FULLY_RASTERED.png","width":1080,"height":307,"caption":"ViiSona"},"image":{"@id":"https:\/\/viisona.com\/fr\/#\/schema\/logo\/image\/"}}]}},"jetpack_sharing_enabled":true,"_links":{"self":[{"href":"https:\/\/viisona.com\/fr\/wp-json\/wp\/v2\/product\/5063","targetHints":{"allow":["GET"]}}],"collection":[{"href":"https:\/\/viisona.com\/fr\/wp-json\/wp\/v2\/product"}],"about":[{"href":"https:\/\/viisona.com\/fr\/wp-json\/wp\/v2\/types\/product"}],"wp:featuredmedia":[{"embeddable":true,"href":"https:\/\/viisona.com\/fr\/wp-json\/wp\/v2\/media\/5504"}],"wp:attachment":[{"href":"https:\/\/viisona.com\/fr\/wp-json\/wp\/v2\/media?parent=5063"}],"wp:term":[{"taxonomy":"product_cat","embeddable":true,"href":"https:\/\/viisona.com\/fr\/wp-json\/wp\/v2\/product_cat?post=5063"},{"taxonomy":"product_tag","embeddable":true,"href":"https:\/\/viisona.com\/fr\/wp-json\/wp\/v2\/product_tag?post=5063"},{"taxonomy":"berocket_brand","embeddable":true,"href":"https:\/\/viisona.com\/fr\/wp-json\/wp\/v2\/berocket_brand?post=5063"}],"curies":[{"name":"wp","href":"https:\/\/api.w.org\/{rel}","templated":true}]}}