{"id":5061,"date":"2021-11-28T22:40:50","date_gmt":"2021-11-28T22:40:50","guid":{"rendered":"https:\/\/viisona.com\/shop\/non%20class\u00e9\/lunettes-video-lcd-led\/"},"modified":"2026-02-18T05:55:19","modified_gmt":"2026-02-18T05:55:19","slug":"lunettes-video-lcd-led","status":"publish","type":"product","link":"https:\/\/viisona.com\/fr\/product\/lunettes-video-lcd-led\/","title":{"rendered":"Lunettes vid\u00e9o LCD LED &#8211; iScan 2 et iScan 2 Multi"},"content":{"rendered":"<p><span style=\"font-weight: 400;\">Syst\u00e8me r\u00e9glable en cinq points pour un ajustement sur mesure et confortable : r\u00e9glage du tour de t\u00eate, de la profondeur, de la hauteur, de l&#8217;angle d&#8217;inclinaison et de la distance entre les lunettes et les yeux,<\/span><\/p>\n<p><span style=\"font-weight: 400;\">Cache frontal facile \u00e0 retirer et \u00e0 nettoyer.<\/span><\/p>\n<p><span style=\"font-weight: 400;\">\u00c9cran lumineux avec une image claire et nette et une r\u00e9solution de 640&#215;480 pixels. <\/span> <\/p>\n","protected":false},"excerpt":{"rendered":"<p><span style=\"font-weight: 400;\">Le casque LCD Goggle Headset de Draminski fournit d&#8217;excellentes images avec 640&#215;480 pixels, permet une personnalisation compl\u00e8te pour un port confortable, est l\u00e9ger et compatible avec les syst\u00e8mes d&#8217;\u00e9chographie iScan 2 et iScan 2 Multi.  <\/span><\/p>\n","protected":false},"featured_media":5558,"template":"","meta":{"_acf_changed":false,"inline_featured_image":false},"product_cat":[542,562,490,483],"product_tag":[],"berocket_brand":[502],"class_list":{"0":"post-5061","1":"product","2":"type-product","3":"status-publish","4":"has-post-thumbnail","6":"product_cat-accessoires","7":"product_cat-lunettes-de-protection","8":"product_cat-producteurs","9":"product_cat-veterinaires","10":"pa_applications-carcas-merit-fr","11":"pa_applications-doppler-ovarien","12":"pa_applications-follicules","13":"pa_applications-grossesse","14":"pa_applications-mesures-du-gras-dorsal","15":"pa_applications-pis","16":"pa_applications-poumons","17":"pa_applications-ramassage-de-lovule","18":"pa_applications-reproduction-fr","19":"pa_applications-testicules","20":"pa_applications-transfert-dembryons","21":"pa_applications-urologie","22":"pa_species-bovins-de-boucherie","23":"pa_species-bovins-laitiers","24":"pa_species-chevaux","25":"berocket_brand-draminski-fr","27":"first","28":"instock","29":"taxable","30":"shipping-taxable","31":"purchasable","32":"product-type-simple"},"acf":[],"yoast_head":"<!-- This site is optimized with the Yoast SEO plugin v26.8 - https:\/\/yoast.com\/product\/yoast-seo-wordpress\/ -->\n<title>Draminski Lunettes vid\u00e9o LCD LED - iScan 2 et iScan 2 Multi | ViiSona<\/title>\n<meta name=\"description\" content=\"Am\u00e9liorez votre exp\u00e9rience \u00e9chographique avec les Lunettes LCD Draminski. Compatible avec les syst\u00e8mes ultrasons iScan 2 Multi et iScan 2, ce casque offre une excellente qualit\u00e9 d&#039;image avec une r\u00e9solution de 640x480 pixels. Dot\u00e9 d&#039;un syst\u00e8me r\u00e9glable \u00e0 cinq points pour un ajustement sur mesure et confortable, il permet de personnaliser le tour de t\u00eate, la profondeur, la hauteur, l&#039;angle d&#039;inclinaison et la distance entre les lunettes et les yeux. Facile \u00e0 retirer et \u00e0 nettoyer, il assure hygi\u00e8ne et commodit\u00e9. Profitez d&#039;un \u00e9cran lumineux et d\u2019une image claire et nettes pour des diagnostics pr\u00e9cis.\" \/>\n<meta name=\"robots\" content=\"index, follow, max-snippet:-1, max-image-preview:large, max-video-preview:-1\" \/>\n<link rel=\"canonical\" href=\"https:\/\/viisona.com\/fr\/product\/lunettes-video-lcd-led\/\" \/>\n<meta property=\"og:locale\" content=\"fr_FR\" \/>\n<meta property=\"og:type\" content=\"article\" \/>\n<meta property=\"og:title\" content=\"Draminski Lunettes vid\u00e9o LCD LED - iScan 2 et iScan 2 Multi | ViiSona\" \/>\n<meta property=\"og:description\" content=\"Am\u00e9liorez votre exp\u00e9rience \u00e9chographique avec les Lunettes LCD Draminski. Compatible avec les syst\u00e8mes ultrasons iScan 2 Multi et iScan 2, ce casque offre une excellente qualit\u00e9 d&#039;image avec une r\u00e9solution de 640x480 pixels. Dot\u00e9 d&#039;un syst\u00e8me r\u00e9glable \u00e0 cinq points pour un ajustement sur mesure et confortable, il permet de personnaliser le tour de t\u00eate, la profondeur, la hauteur, l&#039;angle d&#039;inclinaison et la distance entre les lunettes et les yeux. Facile \u00e0 retirer et \u00e0 nettoyer, il assure hygi\u00e8ne et commodit\u00e9. Profitez d&#039;un \u00e9cran lumineux et d\u2019une image claire et nettes pour des diagnostics pr\u00e9cis.\" \/>\n<meta property=\"og:url\" content=\"https:\/\/viisona.com\/fr\/product\/lunettes-video-lcd-led\/\" \/>\n<meta property=\"og:site_name\" content=\"ViiSona\" \/>\n<meta property=\"article:modified_time\" content=\"2026-02-18T05:55:19+00:00\" \/>\n<meta property=\"og:image\" content=\"https:\/\/viisona.com\/wp-content\/uploads\/2021\/11\/google_projekt.jpg\" \/>\n\t<meta property=\"og:image:width\" content=\"890\" \/>\n\t<meta property=\"og:image:height\" content=\"890\" \/>\n\t<meta property=\"og:image:type\" content=\"image\/jpeg\" \/>\n<meta name=\"twitter:card\" content=\"summary_large_image\" \/>\n<meta name=\"twitter:label1\" content=\"Dur\u00e9e de lecture estim\u00e9e\" \/>\n\t<meta name=\"twitter:data1\" content=\"1 minute\" \/>\n<script type=\"application\/ld+json\" class=\"yoast-schema-graph\">{\"@context\":\"https:\/\/schema.org\",\"@graph\":[{\"@type\":\"WebPage\",\"@id\":\"https:\/\/viisona.com\/fr\/product\/lunettes-video-lcd-led\/\",\"url\":\"https:\/\/viisona.com\/fr\/product\/lunettes-video-lcd-led\/\",\"name\":\"Draminski Lunettes vid\u00e9o LCD LED - iScan 2 et iScan 2 Multi | ViiSona\",\"isPartOf\":{\"@id\":\"https:\/\/viisona.com\/fr\/#website\"},\"primaryImageOfPage\":{\"@id\":\"https:\/\/viisona.com\/fr\/product\/lunettes-video-lcd-led\/#primaryimage\"},\"image\":{\"@id\":\"https:\/\/viisona.com\/fr\/product\/lunettes-video-lcd-led\/#primaryimage\"},\"thumbnailUrl\":\"https:\/\/viisona.com\/wp-content\/uploads\/2021\/11\/google_projekt.jpg\",\"datePublished\":\"2021-11-28T22:40:50+00:00\",\"dateModified\":\"2026-02-18T05:55:19+00:00\",\"description\":\"Am\u00e9liorez votre exp\u00e9rience \u00e9chographique avec les Lunettes LCD Draminski. Compatible avec les syst\u00e8mes ultrasons iScan 2 Multi et iScan 2, ce casque offre une excellente qualit\u00e9 d'image avec une r\u00e9solution de 640x480 pixels. Dot\u00e9 d'un syst\u00e8me r\u00e9glable \u00e0 cinq points pour un ajustement sur mesure et confortable, il permet de personnaliser le tour de t\u00eate, la profondeur, la hauteur, l'angle d'inclinaison et la distance entre les lunettes et les yeux. Facile \u00e0 retirer et \u00e0 nettoyer, il assure hygi\u00e8ne et commodit\u00e9. Profitez d'un \u00e9cran lumineux et d\u2019une image claire et nettes pour des diagnostics pr\u00e9cis.\",\"breadcrumb\":{\"@id\":\"https:\/\/viisona.com\/fr\/product\/lunettes-video-lcd-led\/#breadcrumb\"},\"inLanguage\":\"fr-FR\",\"potentialAction\":[{\"@type\":\"ReadAction\",\"target\":[\"https:\/\/viisona.com\/fr\/product\/lunettes-video-lcd-led\/\"]}]},{\"@type\":\"ImageObject\",\"inLanguage\":\"fr-FR\",\"@id\":\"https:\/\/viisona.com\/fr\/product\/lunettes-video-lcd-led\/#primaryimage\",\"url\":\"https:\/\/viisona.com\/wp-content\/uploads\/2021\/11\/google_projekt.jpg\",\"contentUrl\":\"https:\/\/viisona.com\/wp-content\/uploads\/2021\/11\/google_projekt.jpg\",\"width\":890,\"height\":890},{\"@type\":\"BreadcrumbList\",\"@id\":\"https:\/\/viisona.com\/fr\/product\/lunettes-video-lcd-led\/#breadcrumb\",\"itemListElement\":[{\"@type\":\"ListItem\",\"position\":1,\"name\":\"Home\",\"item\":\"https:\/\/viisona.com\/fr\/accueil\/\"},{\"@type\":\"ListItem\",\"position\":2,\"name\":\"Boutique\",\"item\":\"https:\/\/viisona.com\/fr\/boutique\/\"},{\"@type\":\"ListItem\",\"position\":3,\"name\":\"Lunettes vid\u00e9o LCD LED &#8211; iScan 2 et iScan 2 Multi\"}]},{\"@type\":\"WebSite\",\"@id\":\"https:\/\/viisona.com\/fr\/#website\",\"url\":\"https:\/\/viisona.com\/fr\/\",\"name\":\"ViiSona\",\"description\":\"Am\u00e9liorer les r\u00e9sultats pour les agriculteurs et les s\u00e9lectionneurs dans les communaut\u00e9s agricoles et de s\u00e9lection.\",\"publisher\":{\"@id\":\"https:\/\/viisona.com\/fr\/#organization\"},\"potentialAction\":[{\"@type\":\"SearchAction\",\"target\":{\"@type\":\"EntryPoint\",\"urlTemplate\":\"https:\/\/viisona.com\/fr\/?s={search_term_string}\"},\"query-input\":{\"@type\":\"PropertyValueSpecification\",\"valueRequired\":true,\"valueName\":\"search_term_string\"}}],\"inLanguage\":\"fr-FR\"},{\"@type\":\"Organization\",\"@id\":\"https:\/\/viisona.com\/fr\/#organization\",\"name\":\"ViiSona\",\"url\":\"https:\/\/viisona.com\/fr\/\",\"logo\":{\"@type\":\"ImageObject\",\"inLanguage\":\"fr-FR\",\"@id\":\"https:\/\/viisona.com\/fr\/#\/schema\/logo\/image\/\",\"url\":\"https:\/\/viisona.com\/wp-content\/uploads\/2020\/08\/viisona_1_FULLY_RASTERED.png\",\"contentUrl\":\"https:\/\/viisona.com\/wp-content\/uploads\/2020\/08\/viisona_1_FULLY_RASTERED.png\",\"width\":1080,\"height\":307,\"caption\":\"ViiSona\"},\"image\":{\"@id\":\"https:\/\/viisona.com\/fr\/#\/schema\/logo\/image\/\"}}]}<\/script>\n<!-- \/ Yoast SEO plugin. -->","yoast_head_json":{"title":"Draminski Lunettes vid\u00e9o LCD LED - iScan 2 et iScan 2 Multi | ViiSona","description":"Am\u00e9liorez votre exp\u00e9rience \u00e9chographique avec les Lunettes LCD Draminski. Compatible avec les syst\u00e8mes ultrasons iScan 2 Multi et iScan 2, ce casque offre une excellente qualit\u00e9 d'image avec une r\u00e9solution de 640x480 pixels. Dot\u00e9 d'un syst\u00e8me r\u00e9glable \u00e0 cinq points pour un ajustement sur mesure et confortable, il permet de personnaliser le tour de t\u00eate, la profondeur, la hauteur, l'angle d'inclinaison et la distance entre les lunettes et les yeux. Facile \u00e0 retirer et \u00e0 nettoyer, il assure hygi\u00e8ne et commodit\u00e9. Profitez d'un \u00e9cran lumineux et d\u2019une image claire et nettes pour des diagnostics pr\u00e9cis.","robots":{"index":"index","follow":"follow","max-snippet":"max-snippet:-1","max-image-preview":"max-image-preview:large","max-video-preview":"max-video-preview:-1"},"canonical":"https:\/\/viisona.com\/fr\/product\/lunettes-video-lcd-led\/","og_locale":"fr_FR","og_type":"article","og_title":"Draminski Lunettes vid\u00e9o LCD LED - iScan 2 et iScan 2 Multi | ViiSona","og_description":"Am\u00e9liorez votre exp\u00e9rience \u00e9chographique avec les Lunettes LCD Draminski. Compatible avec les syst\u00e8mes ultrasons iScan 2 Multi et iScan 2, ce casque offre une excellente qualit\u00e9 d'image avec une r\u00e9solution de 640x480 pixels. Dot\u00e9 d'un syst\u00e8me r\u00e9glable \u00e0 cinq points pour un ajustement sur mesure et confortable, il permet de personnaliser le tour de t\u00eate, la profondeur, la hauteur, l'angle d'inclinaison et la distance entre les lunettes et les yeux. Facile \u00e0 retirer et \u00e0 nettoyer, il assure hygi\u00e8ne et commodit\u00e9. Profitez d'un \u00e9cran lumineux et d\u2019une image claire et nettes pour des diagnostics pr\u00e9cis.","og_url":"https:\/\/viisona.com\/fr\/product\/lunettes-video-lcd-led\/","og_site_name":"ViiSona","article_modified_time":"2026-02-18T05:55:19+00:00","og_image":[{"width":890,"height":890,"url":"https:\/\/viisona.com\/wp-content\/uploads\/2021\/11\/google_projekt.jpg","type":"image\/jpeg"}],"twitter_card":"summary_large_image","twitter_misc":{"Dur\u00e9e de lecture estim\u00e9e":"1 minute"},"schema":{"@context":"https:\/\/schema.org","@graph":[{"@type":"WebPage","@id":"https:\/\/viisona.com\/fr\/product\/lunettes-video-lcd-led\/","url":"https:\/\/viisona.com\/fr\/product\/lunettes-video-lcd-led\/","name":"Draminski Lunettes vid\u00e9o LCD LED - iScan 2 et iScan 2 Multi | ViiSona","isPartOf":{"@id":"https:\/\/viisona.com\/fr\/#website"},"primaryImageOfPage":{"@id":"https:\/\/viisona.com\/fr\/product\/lunettes-video-lcd-led\/#primaryimage"},"image":{"@id":"https:\/\/viisona.com\/fr\/product\/lunettes-video-lcd-led\/#primaryimage"},"thumbnailUrl":"https:\/\/viisona.com\/wp-content\/uploads\/2021\/11\/google_projekt.jpg","datePublished":"2021-11-28T22:40:50+00:00","dateModified":"2026-02-18T05:55:19+00:00","description":"Am\u00e9liorez votre exp\u00e9rience \u00e9chographique avec les Lunettes LCD Draminski. Compatible avec les syst\u00e8mes ultrasons iScan 2 Multi et iScan 2, ce casque offre une excellente qualit\u00e9 d'image avec une r\u00e9solution de 640x480 pixels. Dot\u00e9 d'un syst\u00e8me r\u00e9glable \u00e0 cinq points pour un ajustement sur mesure et confortable, il permet de personnaliser le tour de t\u00eate, la profondeur, la hauteur, l'angle d'inclinaison et la distance entre les lunettes et les yeux. Facile \u00e0 retirer et \u00e0 nettoyer, il assure hygi\u00e8ne et commodit\u00e9. Profitez d'un \u00e9cran lumineux et d\u2019une image claire et nettes pour des diagnostics pr\u00e9cis.","breadcrumb":{"@id":"https:\/\/viisona.com\/fr\/product\/lunettes-video-lcd-led\/#breadcrumb"},"inLanguage":"fr-FR","potentialAction":[{"@type":"ReadAction","target":["https:\/\/viisona.com\/fr\/product\/lunettes-video-lcd-led\/"]}]},{"@type":"ImageObject","inLanguage":"fr-FR","@id":"https:\/\/viisona.com\/fr\/product\/lunettes-video-lcd-led\/#primaryimage","url":"https:\/\/viisona.com\/wp-content\/uploads\/2021\/11\/google_projekt.jpg","contentUrl":"https:\/\/viisona.com\/wp-content\/uploads\/2021\/11\/google_projekt.jpg","width":890,"height":890},{"@type":"BreadcrumbList","@id":"https:\/\/viisona.com\/fr\/product\/lunettes-video-lcd-led\/#breadcrumb","itemListElement":[{"@type":"ListItem","position":1,"name":"Home","item":"https:\/\/viisona.com\/fr\/accueil\/"},{"@type":"ListItem","position":2,"name":"Boutique","item":"https:\/\/viisona.com\/fr\/boutique\/"},{"@type":"ListItem","position":3,"name":"Lunettes vid\u00e9o LCD LED &#8211; iScan 2 et iScan 2 Multi"}]},{"@type":"WebSite","@id":"https:\/\/viisona.com\/fr\/#website","url":"https:\/\/viisona.com\/fr\/","name":"ViiSona","description":"Am\u00e9liorer les r\u00e9sultats pour les agriculteurs et les s\u00e9lectionneurs dans les communaut\u00e9s agricoles et de s\u00e9lection.","publisher":{"@id":"https:\/\/viisona.com\/fr\/#organization"},"potentialAction":[{"@type":"SearchAction","target":{"@type":"EntryPoint","urlTemplate":"https:\/\/viisona.com\/fr\/?s={search_term_string}"},"query-input":{"@type":"PropertyValueSpecification","valueRequired":true,"valueName":"search_term_string"}}],"inLanguage":"fr-FR"},{"@type":"Organization","@id":"https:\/\/viisona.com\/fr\/#organization","name":"ViiSona","url":"https:\/\/viisona.com\/fr\/","logo":{"@type":"ImageObject","inLanguage":"fr-FR","@id":"https:\/\/viisona.com\/fr\/#\/schema\/logo\/image\/","url":"https:\/\/viisona.com\/wp-content\/uploads\/2020\/08\/viisona_1_FULLY_RASTERED.png","contentUrl":"https:\/\/viisona.com\/wp-content\/uploads\/2020\/08\/viisona_1_FULLY_RASTERED.png","width":1080,"height":307,"caption":"ViiSona"},"image":{"@id":"https:\/\/viisona.com\/fr\/#\/schema\/logo\/image\/"}}]}},"jetpack_sharing_enabled":true,"_links":{"self":[{"href":"https:\/\/viisona.com\/fr\/wp-json\/wp\/v2\/product\/5061","targetHints":{"allow":["GET"]}}],"collection":[{"href":"https:\/\/viisona.com\/fr\/wp-json\/wp\/v2\/product"}],"about":[{"href":"https:\/\/viisona.com\/fr\/wp-json\/wp\/v2\/types\/product"}],"wp:featuredmedia":[{"embeddable":true,"href":"https:\/\/viisona.com\/fr\/wp-json\/wp\/v2\/media\/5558"}],"wp:attachment":[{"href":"https:\/\/viisona.com\/fr\/wp-json\/wp\/v2\/media?parent=5061"}],"wp:term":[{"taxonomy":"product_cat","embeddable":true,"href":"https:\/\/viisona.com\/fr\/wp-json\/wp\/v2\/product_cat?post=5061"},{"taxonomy":"product_tag","embeddable":true,"href":"https:\/\/viisona.com\/fr\/wp-json\/wp\/v2\/product_tag?post=5061"},{"taxonomy":"berocket_brand","embeddable":true,"href":"https:\/\/viisona.com\/fr\/wp-json\/wp\/v2\/berocket_brand?post=5061"}],"curies":[{"name":"wp","href":"https:\/\/api.w.org\/{rel}","templated":true}]}}