{"id":5060,"date":"2021-10-27T03:09:15","date_gmt":"2021-10-27T03:09:15","guid":{"rendered":"https:\/\/viisona.com\/shop\/non%20class\u00e9\/insite-i3-led-video-goggles-casque-binoculaire-pour-evo-ibex\/"},"modified":"2026-02-18T05:54:11","modified_gmt":"2026-02-18T05:54:11","slug":"insite-i3-led-video-goggles-casque-binoculaire-pour-evo-ibex","status":"publish","type":"product","link":"https:\/\/viisona.com\/fr\/product\/insite-i3-led-video-goggles-casque-binoculaire-pour-evo-ibex\/","title":{"rendered":"Insite i3 LED Video Goggles &#8211; Casque binoculaire pour EVO\/iBex"},"content":{"rendered":"<p><span style=\"font-weight: 400;\">Les lunettes vid\u00e9o Insite i3 LED sont petites, l\u00e9g\u00e8res et compatibles avec tous les mod\u00e8les d&#8217;\u00e9chographie v\u00e9t\u00e9rinaire IBEX\u00ae ainsi qu&#8217;avec Bantam et Easi-Scan (mod\u00e8les 1-4). Deux fois moins lourdes que les mod\u00e8les InSite 2 pr\u00e9c\u00e9dents, les lunettes vid\u00e9o Insite i3 LED affichent des images \u00e9chographiques sur un \u00e9cran LCD r\u00e9tro\u00e9clair\u00e9 par LED.  <\/span><\/p>\n<p><span style=\"font-weight: 400;\">Les lunettes vid\u00e9o i3 LED sont dot\u00e9es d&#8217;options de montage polyvalentes : bandeau \u00e0 cliquet, sangle de t\u00eate et clip pour chapeau. Sont \u00e9galement inclus des \u00e9crans anti-\u00e9blouissement d\u00e9tachables pour bloquer la lumi\u00e8re du soleil et un \u00e9tui de rangement.  <\/span><\/p>\n","protected":false},"excerpt":{"rendered":"<p><span style=\"font-weight: 400;\">Les lunettes I3 LED sont id\u00e9ales pour travailler en plein soleil et dans des conditions r\u00e9fl\u00e9chissantes telles que l&#8217;eau. Le plus souvent utilis\u00e9 pour la reproduction bovine, l&#8217;imagerie ultrasonore en milieu aquatique et en milieu naturel. Petit, l\u00e9ger et confortable. La conception permet de bien voir votre environnement pendant que vous travaillez. <\/span><\/p>\n","protected":false},"featured_media":4820,"template":"","meta":{"_acf_changed":false,"inline_featured_image":false},"product_cat":[542,562,490,483],"product_tag":[],"berocket_brand":[446],"class_list":{"0":"post-5060","1":"product","2":"type-product","3":"status-publish","4":"has-post-thumbnail","6":"product_cat-accessoires","7":"product_cat-lunettes-de-protection","8":"product_cat-producteurs","9":"product_cat-veterinaires","10":"pa_applications-carcas-merit-fr","11":"pa_applications-grossesse","12":"pa_applications-mesures-du-gras-dorsal","13":"pa_applications-poumons","14":"pa_applications-reproduction-fr","15":"pa_applications-uterus-fr","16":"pa_species-animaux-exotiques","17":"pa_species-bovins-de-boucherie","18":"pa_species-bovins-laitiers","19":"pa_species-chevaux","20":"berocket_brand-ibex-fr","22":"first","23":"instock","24":"taxable","25":"shipping-taxable","26":"purchasable","27":"product-type-simple"},"acf":[],"yoast_head":"<!-- This site is optimized with the Yoast SEO plugin v26.8 - https:\/\/yoast.com\/product\/yoast-seo-wordpress\/ -->\n<title>iBex Insite i3 LED Video Goggles - Casque binoculaire pour EVO\/iBex | ViiSona<\/title>\n<meta name=\"description\" content=\"Am\u00e9liorez votre exp\u00e9rience de l&#039;\u00e9chographie v\u00e9t\u00e9rinaire avec le casque binoculaire EI Medical i3 LED Goggles. Compatibles avec les mod\u00e8les d&#039;\u00e9chographie EVO, PRO, LITE et HR, ces lunettes offrent des performances exceptionnelles en plein soleil et dans des conditions r\u00e9fl\u00e9chissantes. Elles sont id\u00e9ales pour l&#039;imagerie \u00e9chographique de la reproduction bovine, des animaux aquatiques et de la faune sauvage. L\u00e9g\u00e8res et confortables, elles vous permettent de voir clairement ce qui vous entoure pendant que vous travaillez. Avec des options de montage polyvalentes, des \u00e9crans anti-\u00e9blouissement amovibles et un \u00e9tui de rangement pratique inclus, les lunettes i3 LED sont con\u00e7ues pour \u00eatre faciles \u00e0 utiliser et \u00e0 transporter.\" \/>\n<meta name=\"robots\" content=\"index, follow, max-snippet:-1, max-image-preview:large, max-video-preview:-1\" \/>\n<link rel=\"canonical\" href=\"https:\/\/viisona.com\/fr\/product\/insite-i3-led-video-goggles-casque-binoculaire-pour-evo-ibex\/\" \/>\n<meta property=\"og:locale\" content=\"fr_FR\" \/>\n<meta property=\"og:type\" content=\"article\" \/>\n<meta property=\"og:title\" content=\"iBex Insite i3 LED Video Goggles - Casque binoculaire pour EVO\/iBex | ViiSona\" \/>\n<meta property=\"og:description\" content=\"Am\u00e9liorez votre exp\u00e9rience de l&#039;\u00e9chographie v\u00e9t\u00e9rinaire avec le casque binoculaire EI Medical i3 LED Goggles. Compatibles avec les mod\u00e8les d&#039;\u00e9chographie EVO, PRO, LITE et HR, ces lunettes offrent des performances exceptionnelles en plein soleil et dans des conditions r\u00e9fl\u00e9chissantes. Elles sont id\u00e9ales pour l&#039;imagerie \u00e9chographique de la reproduction bovine, des animaux aquatiques et de la faune sauvage. L\u00e9g\u00e8res et confortables, elles vous permettent de voir clairement ce qui vous entoure pendant que vous travaillez. Avec des options de montage polyvalentes, des \u00e9crans anti-\u00e9blouissement amovibles et un \u00e9tui de rangement pratique inclus, les lunettes i3 LED sont con\u00e7ues pour \u00eatre faciles \u00e0 utiliser et \u00e0 transporter.\" \/>\n<meta property=\"og:url\" content=\"https:\/\/viisona.com\/fr\/product\/insite-i3-led-video-goggles-casque-binoculaire-pour-evo-ibex\/\" \/>\n<meta property=\"og:site_name\" content=\"ViiSona\" \/>\n<meta property=\"article:modified_time\" content=\"2026-02-18T05:54:11+00:00\" \/>\n<meta property=\"og:image\" content=\"https:\/\/viisona.com\/wp-content\/uploads\/2021\/10\/i3-LED-front-WEB-1-square.jpg\" \/>\n\t<meta property=\"og:image:width\" content=\"899\" \/>\n\t<meta property=\"og:image:height\" content=\"899\" \/>\n\t<meta property=\"og:image:type\" content=\"image\/jpeg\" \/>\n<meta name=\"twitter:card\" content=\"summary_large_image\" \/>\n<meta name=\"twitter:label1\" content=\"Dur\u00e9e de lecture estim\u00e9e\" \/>\n\t<meta name=\"twitter:data1\" content=\"1 minute\" \/>\n<script type=\"application\/ld+json\" class=\"yoast-schema-graph\">{\"@context\":\"https:\/\/schema.org\",\"@graph\":[{\"@type\":\"WebPage\",\"@id\":\"https:\/\/viisona.com\/fr\/product\/insite-i3-led-video-goggles-casque-binoculaire-pour-evo-ibex\/\",\"url\":\"https:\/\/viisona.com\/fr\/product\/insite-i3-led-video-goggles-casque-binoculaire-pour-evo-ibex\/\",\"name\":\"iBex Insite i3 LED Video Goggles - Casque binoculaire pour EVO\/iBex | ViiSona\",\"isPartOf\":{\"@id\":\"https:\/\/viisona.com\/fr\/#website\"},\"primaryImageOfPage\":{\"@id\":\"https:\/\/viisona.com\/fr\/product\/insite-i3-led-video-goggles-casque-binoculaire-pour-evo-ibex\/#primaryimage\"},\"image\":{\"@id\":\"https:\/\/viisona.com\/fr\/product\/insite-i3-led-video-goggles-casque-binoculaire-pour-evo-ibex\/#primaryimage\"},\"thumbnailUrl\":\"https:\/\/viisona.com\/wp-content\/uploads\/2021\/10\/i3-LED-front-WEB-1-square.jpg\",\"datePublished\":\"2021-10-27T03:09:15+00:00\",\"dateModified\":\"2026-02-18T05:54:11+00:00\",\"description\":\"Am\u00e9liorez votre exp\u00e9rience de l'\u00e9chographie v\u00e9t\u00e9rinaire avec le casque binoculaire EI Medical i3 LED Goggles. Compatibles avec les mod\u00e8les d'\u00e9chographie EVO, PRO, LITE et HR, ces lunettes offrent des performances exceptionnelles en plein soleil et dans des conditions r\u00e9fl\u00e9chissantes. Elles sont id\u00e9ales pour l'imagerie \u00e9chographique de la reproduction bovine, des animaux aquatiques et de la faune sauvage. L\u00e9g\u00e8res et confortables, elles vous permettent de voir clairement ce qui vous entoure pendant que vous travaillez. Avec des options de montage polyvalentes, des \u00e9crans anti-\u00e9blouissement amovibles et un \u00e9tui de rangement pratique inclus, les lunettes i3 LED sont con\u00e7ues pour \u00eatre faciles \u00e0 utiliser et \u00e0 transporter.\",\"breadcrumb\":{\"@id\":\"https:\/\/viisona.com\/fr\/product\/insite-i3-led-video-goggles-casque-binoculaire-pour-evo-ibex\/#breadcrumb\"},\"inLanguage\":\"fr-FR\",\"potentialAction\":[{\"@type\":\"ReadAction\",\"target\":[\"https:\/\/viisona.com\/fr\/product\/insite-i3-led-video-goggles-casque-binoculaire-pour-evo-ibex\/\"]}]},{\"@type\":\"ImageObject\",\"inLanguage\":\"fr-FR\",\"@id\":\"https:\/\/viisona.com\/fr\/product\/insite-i3-led-video-goggles-casque-binoculaire-pour-evo-ibex\/#primaryimage\",\"url\":\"https:\/\/viisona.com\/wp-content\/uploads\/2021\/10\/i3-LED-front-WEB-1-square.jpg\",\"contentUrl\":\"https:\/\/viisona.com\/wp-content\/uploads\/2021\/10\/i3-LED-front-WEB-1-square.jpg\",\"width\":899,\"height\":899,\"caption\":\"Lunettes \u00e0 ultrasons EI Medical ibex i3\"},{\"@type\":\"BreadcrumbList\",\"@id\":\"https:\/\/viisona.com\/fr\/product\/insite-i3-led-video-goggles-casque-binoculaire-pour-evo-ibex\/#breadcrumb\",\"itemListElement\":[{\"@type\":\"ListItem\",\"position\":1,\"name\":\"Home\",\"item\":\"https:\/\/viisona.com\/fr\/accueil\/\"},{\"@type\":\"ListItem\",\"position\":2,\"name\":\"Boutique\",\"item\":\"https:\/\/viisona.com\/fr\/boutique\/\"},{\"@type\":\"ListItem\",\"position\":3,\"name\":\"Insite i3 LED Video Goggles &#8211; Casque binoculaire pour EVO\/iBex\"}]},{\"@type\":\"WebSite\",\"@id\":\"https:\/\/viisona.com\/fr\/#website\",\"url\":\"https:\/\/viisona.com\/fr\/\",\"name\":\"ViiSona\",\"description\":\"Am\u00e9liorer les r\u00e9sultats pour les agriculteurs et les s\u00e9lectionneurs dans les communaut\u00e9s agricoles et de s\u00e9lection.\",\"publisher\":{\"@id\":\"https:\/\/viisona.com\/fr\/#organization\"},\"potentialAction\":[{\"@type\":\"SearchAction\",\"target\":{\"@type\":\"EntryPoint\",\"urlTemplate\":\"https:\/\/viisona.com\/fr\/?s={search_term_string}\"},\"query-input\":{\"@type\":\"PropertyValueSpecification\",\"valueRequired\":true,\"valueName\":\"search_term_string\"}}],\"inLanguage\":\"fr-FR\"},{\"@type\":\"Organization\",\"@id\":\"https:\/\/viisona.com\/fr\/#organization\",\"name\":\"ViiSona\",\"url\":\"https:\/\/viisona.com\/fr\/\",\"logo\":{\"@type\":\"ImageObject\",\"inLanguage\":\"fr-FR\",\"@id\":\"https:\/\/viisona.com\/fr\/#\/schema\/logo\/image\/\",\"url\":\"https:\/\/viisona.com\/wp-content\/uploads\/2020\/08\/viisona_1_FULLY_RASTERED.png\",\"contentUrl\":\"https:\/\/viisona.com\/wp-content\/uploads\/2020\/08\/viisona_1_FULLY_RASTERED.png\",\"width\":1080,\"height\":307,\"caption\":\"ViiSona\"},\"image\":{\"@id\":\"https:\/\/viisona.com\/fr\/#\/schema\/logo\/image\/\"}}]}<\/script>\n<!-- \/ Yoast SEO plugin. -->","yoast_head_json":{"title":"iBex Insite i3 LED Video Goggles - Casque binoculaire pour EVO\/iBex | ViiSona","description":"Am\u00e9liorez votre exp\u00e9rience de l'\u00e9chographie v\u00e9t\u00e9rinaire avec le casque binoculaire EI Medical i3 LED Goggles. Compatibles avec les mod\u00e8les d'\u00e9chographie EVO, PRO, LITE et HR, ces lunettes offrent des performances exceptionnelles en plein soleil et dans des conditions r\u00e9fl\u00e9chissantes. Elles sont id\u00e9ales pour l'imagerie \u00e9chographique de la reproduction bovine, des animaux aquatiques et de la faune sauvage. L\u00e9g\u00e8res et confortables, elles vous permettent de voir clairement ce qui vous entoure pendant que vous travaillez. Avec des options de montage polyvalentes, des \u00e9crans anti-\u00e9blouissement amovibles et un \u00e9tui de rangement pratique inclus, les lunettes i3 LED sont con\u00e7ues pour \u00eatre faciles \u00e0 utiliser et \u00e0 transporter.","robots":{"index":"index","follow":"follow","max-snippet":"max-snippet:-1","max-image-preview":"max-image-preview:large","max-video-preview":"max-video-preview:-1"},"canonical":"https:\/\/viisona.com\/fr\/product\/insite-i3-led-video-goggles-casque-binoculaire-pour-evo-ibex\/","og_locale":"fr_FR","og_type":"article","og_title":"iBex Insite i3 LED Video Goggles - Casque binoculaire pour EVO\/iBex | ViiSona","og_description":"Am\u00e9liorez votre exp\u00e9rience de l'\u00e9chographie v\u00e9t\u00e9rinaire avec le casque binoculaire EI Medical i3 LED Goggles. Compatibles avec les mod\u00e8les d'\u00e9chographie EVO, PRO, LITE et HR, ces lunettes offrent des performances exceptionnelles en plein soleil et dans des conditions r\u00e9fl\u00e9chissantes. Elles sont id\u00e9ales pour l'imagerie \u00e9chographique de la reproduction bovine, des animaux aquatiques et de la faune sauvage. L\u00e9g\u00e8res et confortables, elles vous permettent de voir clairement ce qui vous entoure pendant que vous travaillez. Avec des options de montage polyvalentes, des \u00e9crans anti-\u00e9blouissement amovibles et un \u00e9tui de rangement pratique inclus, les lunettes i3 LED sont con\u00e7ues pour \u00eatre faciles \u00e0 utiliser et \u00e0 transporter.","og_url":"https:\/\/viisona.com\/fr\/product\/insite-i3-led-video-goggles-casque-binoculaire-pour-evo-ibex\/","og_site_name":"ViiSona","article_modified_time":"2026-02-18T05:54:11+00:00","og_image":[{"width":899,"height":899,"url":"https:\/\/viisona.com\/wp-content\/uploads\/2021\/10\/i3-LED-front-WEB-1-square.jpg","type":"image\/jpeg"}],"twitter_card":"summary_large_image","twitter_misc":{"Dur\u00e9e de lecture estim\u00e9e":"1 minute"},"schema":{"@context":"https:\/\/schema.org","@graph":[{"@type":"WebPage","@id":"https:\/\/viisona.com\/fr\/product\/insite-i3-led-video-goggles-casque-binoculaire-pour-evo-ibex\/","url":"https:\/\/viisona.com\/fr\/product\/insite-i3-led-video-goggles-casque-binoculaire-pour-evo-ibex\/","name":"iBex Insite i3 LED Video Goggles - Casque binoculaire pour EVO\/iBex | ViiSona","isPartOf":{"@id":"https:\/\/viisona.com\/fr\/#website"},"primaryImageOfPage":{"@id":"https:\/\/viisona.com\/fr\/product\/insite-i3-led-video-goggles-casque-binoculaire-pour-evo-ibex\/#primaryimage"},"image":{"@id":"https:\/\/viisona.com\/fr\/product\/insite-i3-led-video-goggles-casque-binoculaire-pour-evo-ibex\/#primaryimage"},"thumbnailUrl":"https:\/\/viisona.com\/wp-content\/uploads\/2021\/10\/i3-LED-front-WEB-1-square.jpg","datePublished":"2021-10-27T03:09:15+00:00","dateModified":"2026-02-18T05:54:11+00:00","description":"Am\u00e9liorez votre exp\u00e9rience de l'\u00e9chographie v\u00e9t\u00e9rinaire avec le casque binoculaire EI Medical i3 LED Goggles. Compatibles avec les mod\u00e8les d'\u00e9chographie EVO, PRO, LITE et HR, ces lunettes offrent des performances exceptionnelles en plein soleil et dans des conditions r\u00e9fl\u00e9chissantes. Elles sont id\u00e9ales pour l'imagerie \u00e9chographique de la reproduction bovine, des animaux aquatiques et de la faune sauvage. L\u00e9g\u00e8res et confortables, elles vous permettent de voir clairement ce qui vous entoure pendant que vous travaillez. Avec des options de montage polyvalentes, des \u00e9crans anti-\u00e9blouissement amovibles et un \u00e9tui de rangement pratique inclus, les lunettes i3 LED sont con\u00e7ues pour \u00eatre faciles \u00e0 utiliser et \u00e0 transporter.","breadcrumb":{"@id":"https:\/\/viisona.com\/fr\/product\/insite-i3-led-video-goggles-casque-binoculaire-pour-evo-ibex\/#breadcrumb"},"inLanguage":"fr-FR","potentialAction":[{"@type":"ReadAction","target":["https:\/\/viisona.com\/fr\/product\/insite-i3-led-video-goggles-casque-binoculaire-pour-evo-ibex\/"]}]},{"@type":"ImageObject","inLanguage":"fr-FR","@id":"https:\/\/viisona.com\/fr\/product\/insite-i3-led-video-goggles-casque-binoculaire-pour-evo-ibex\/#primaryimage","url":"https:\/\/viisona.com\/wp-content\/uploads\/2021\/10\/i3-LED-front-WEB-1-square.jpg","contentUrl":"https:\/\/viisona.com\/wp-content\/uploads\/2021\/10\/i3-LED-front-WEB-1-square.jpg","width":899,"height":899,"caption":"Lunettes \u00e0 ultrasons EI Medical ibex i3"},{"@type":"BreadcrumbList","@id":"https:\/\/viisona.com\/fr\/product\/insite-i3-led-video-goggles-casque-binoculaire-pour-evo-ibex\/#breadcrumb","itemListElement":[{"@type":"ListItem","position":1,"name":"Home","item":"https:\/\/viisona.com\/fr\/accueil\/"},{"@type":"ListItem","position":2,"name":"Boutique","item":"https:\/\/viisona.com\/fr\/boutique\/"},{"@type":"ListItem","position":3,"name":"Insite i3 LED Video Goggles &#8211; Casque binoculaire pour EVO\/iBex"}]},{"@type":"WebSite","@id":"https:\/\/viisona.com\/fr\/#website","url":"https:\/\/viisona.com\/fr\/","name":"ViiSona","description":"Am\u00e9liorer les r\u00e9sultats pour les agriculteurs et les s\u00e9lectionneurs dans les communaut\u00e9s agricoles et de s\u00e9lection.","publisher":{"@id":"https:\/\/viisona.com\/fr\/#organization"},"potentialAction":[{"@type":"SearchAction","target":{"@type":"EntryPoint","urlTemplate":"https:\/\/viisona.com\/fr\/?s={search_term_string}"},"query-input":{"@type":"PropertyValueSpecification","valueRequired":true,"valueName":"search_term_string"}}],"inLanguage":"fr-FR"},{"@type":"Organization","@id":"https:\/\/viisona.com\/fr\/#organization","name":"ViiSona","url":"https:\/\/viisona.com\/fr\/","logo":{"@type":"ImageObject","inLanguage":"fr-FR","@id":"https:\/\/viisona.com\/fr\/#\/schema\/logo\/image\/","url":"https:\/\/viisona.com\/wp-content\/uploads\/2020\/08\/viisona_1_FULLY_RASTERED.png","contentUrl":"https:\/\/viisona.com\/wp-content\/uploads\/2020\/08\/viisona_1_FULLY_RASTERED.png","width":1080,"height":307,"caption":"ViiSona"},"image":{"@id":"https:\/\/viisona.com\/fr\/#\/schema\/logo\/image\/"}}]}},"jetpack_sharing_enabled":true,"_links":{"self":[{"href":"https:\/\/viisona.com\/fr\/wp-json\/wp\/v2\/product\/5060","targetHints":{"allow":["GET"]}}],"collection":[{"href":"https:\/\/viisona.com\/fr\/wp-json\/wp\/v2\/product"}],"about":[{"href":"https:\/\/viisona.com\/fr\/wp-json\/wp\/v2\/types\/product"}],"wp:featuredmedia":[{"embeddable":true,"href":"https:\/\/viisona.com\/fr\/wp-json\/wp\/v2\/media\/4820"}],"wp:attachment":[{"href":"https:\/\/viisona.com\/fr\/wp-json\/wp\/v2\/media?parent=5060"}],"wp:term":[{"taxonomy":"product_cat","embeddable":true,"href":"https:\/\/viisona.com\/fr\/wp-json\/wp\/v2\/product_cat?post=5060"},{"taxonomy":"product_tag","embeddable":true,"href":"https:\/\/viisona.com\/fr\/wp-json\/wp\/v2\/product_tag?post=5060"},{"taxonomy":"berocket_brand","embeddable":true,"href":"https:\/\/viisona.com\/fr\/wp-json\/wp\/v2\/berocket_brand?post=5060"}],"curies":[{"name":"wp","href":"https:\/\/api.w.org\/{rel}","templated":true}]}}