{"id":5055,"date":"2021-11-30T16:13:54","date_gmt":"2021-11-30T16:13:54","guid":{"rendered":"https:\/\/viisona.com\/shop\/non%20class\u00e9\/sonde-159-transducteur-rectal-convexe\/"},"modified":"2026-02-18T05:55:09","modified_gmt":"2026-02-18T05:55:09","slug":"sonde-159-transducteur-rectal-convexe","status":"publish","type":"product","link":"https:\/\/viisona.com\/fr\/product\/sonde-159-transducteur-rectal-convexe\/","title":{"rendered":"Sonde 212 &#8211; Transducteur rectal convexe"},"content":{"rendered":"<p><span style=\"font-weight: 400;\">La sonde rectale convexe avec 128 cristaux est id\u00e9ale pour les examens abdominaux et rectaux des animaux de taille moyenne et grande. Avec un rayon de 61,2 mm et une fr\u00e9quence de 3 \u00e0 7,5 MHz (fr\u00e9quence principale de 5 MHz), la sonde rectale convexe offre des profondeurs de balayage de 60, 70, 80, 100, 120, 150, 180, 200 et 250 mm.<\/span><\/p>\n<p><span style=\"font-weight: 400;\">Garantie du fabricant &#8211; 1 an<\/span><\/p>\n","protected":false},"excerpt":{"rendered":"<p><span style=\"font-weight: 400;\">La sonde rectale convexe Draminski avec 128 cristaux, une fr\u00e9quence de 3 \u00e0 7,5 MHz et une profondeur de balayage allant jusqu&#8217;\u00e0 25 cm est id\u00e9ale pour les examens abdominaux et rectaux des animaux de moyenne et grande taille et pour le balayage abdominal des petits ruminants.<\/span><\/p>\n<p><span style=\"font-weight: 400;\">Compatible avec les syst\u00e8mes d&#8217;\u00e9chographie iScan 2 Multi, 4Vet Slim et 4Vet Blue. <\/span> <\/p>\n","protected":false},"featured_media":4842,"template":"","meta":{"_acf_changed":false,"inline_featured_image":false},"product_cat":[542,500,490,501,483],"product_tag":[],"berocket_brand":[502],"class_list":{"0":"post-5055","1":"product","2":"type-product","3":"status-publish","4":"has-post-thumbnail","6":"product_cat-accessoires","7":"product_cat-eleveurs","8":"product_cat-producteurs","9":"product_cat-sondes","10":"product_cat-veterinaires","11":"pa_applications-abdominal-fr","12":"pa_applications-diagnostic-des-tissus-mous","13":"pa_applications-grossesse","14":"pa_applications-pis","15":"pa_applications-reproduction-fr","16":"pa_applications-testicules","17":"pa_applications-uterus-fr","18":"pa_species-animaux-exotiques","19":"pa_species-bovins-de-boucherie","20":"pa_species-bovins-laitiers","21":"pa_species-chevres","22":"pa_species-moutons","23":"pa_species-porcs","24":"berocket_brand-draminski-fr","26":"first","27":"instock","28":"taxable","29":"shipping-taxable","30":"purchasable","31":"product-type-simple"},"acf":[],"yoast_head":"<!-- This site is optimized with the Yoast SEO plugin v26.8 - https:\/\/yoast.com\/product\/yoast-seo-wordpress\/ -->\n<title>Draminski Sonde 212 - Transducteur rectal convexe | ViiSona<\/title>\n<meta name=\"description\" content=\"Am\u00e9liorez vos examens \u00e9chographiques abdominaux et rectaux avec la sonde rectale convexe de Draminski. Dot\u00e9e de 128 cristaux et d&#039;une fr\u00e9quence de 3 \u00e0 7,5 MHz, cette sonde offre une clart\u00e9 et une profondeur exceptionnelles pour les examens des animaux de moyenne et grande taille. Avec un rayon de 61,2 mm et une profondeur de balayage allant jusqu&#039;\u00e0 25 cm, elle est id\u00e9ale pour les examens abdominaux et rectaux de diverses esp\u00e8ces. Compatible avec les syst\u00e8mes d&#039;\u00e9chographie iScan 2 Multi, 4Vet Slim et 4Vet Blue, il garantit la polyvalence et la pr\u00e9cision des diagnostics.\" \/>\n<meta name=\"robots\" content=\"index, follow, max-snippet:-1, max-image-preview:large, max-video-preview:-1\" \/>\n<link rel=\"canonical\" href=\"https:\/\/viisona.com\/fr\/product\/sonde-159-transducteur-rectal-convexe\/\" \/>\n<meta property=\"og:locale\" content=\"fr_FR\" \/>\n<meta property=\"og:type\" content=\"article\" \/>\n<meta property=\"og:title\" content=\"Draminski Sonde 212 - Transducteur rectal convexe | ViiSona\" \/>\n<meta property=\"og:description\" content=\"Am\u00e9liorez vos examens \u00e9chographiques abdominaux et rectaux avec la sonde rectale convexe de Draminski. Dot\u00e9e de 128 cristaux et d&#039;une fr\u00e9quence de 3 \u00e0 7,5 MHz, cette sonde offre une clart\u00e9 et une profondeur exceptionnelles pour les examens des animaux de moyenne et grande taille. Avec un rayon de 61,2 mm et une profondeur de balayage allant jusqu&#039;\u00e0 25 cm, elle est id\u00e9ale pour les examens abdominaux et rectaux de diverses esp\u00e8ces. Compatible avec les syst\u00e8mes d&#039;\u00e9chographie iScan 2 Multi, 4Vet Slim et 4Vet Blue, il garantit la polyvalence et la pr\u00e9cision des diagnostics.\" \/>\n<meta property=\"og:url\" content=\"https:\/\/viisona.com\/fr\/product\/sonde-159-transducteur-rectal-convexe\/\" \/>\n<meta property=\"og:site_name\" content=\"ViiSona\" \/>\n<meta property=\"article:modified_time\" content=\"2026-02-18T05:55:09+00:00\" \/>\n<meta property=\"og:image\" content=\"https:\/\/viisona.com\/wp-content\/uploads\/2021\/11\/Draminski-Curved-Rectal-Probe-159.jpg\" \/>\n\t<meta property=\"og:image:width\" content=\"1080\" \/>\n\t<meta property=\"og:image:height\" content=\"1080\" \/>\n\t<meta property=\"og:image:type\" content=\"image\/jpeg\" \/>\n<meta name=\"twitter:card\" content=\"summary_large_image\" \/>\n<meta name=\"twitter:label1\" content=\"Dur\u00e9e de lecture estim\u00e9e\" \/>\n\t<meta name=\"twitter:data1\" content=\"1 minute\" \/>\n<script type=\"application\/ld+json\" class=\"yoast-schema-graph\">{\"@context\":\"https:\/\/schema.org\",\"@graph\":[{\"@type\":\"WebPage\",\"@id\":\"https:\/\/viisona.com\/fr\/product\/sonde-159-transducteur-rectal-convexe\/\",\"url\":\"https:\/\/viisona.com\/fr\/product\/sonde-159-transducteur-rectal-convexe\/\",\"name\":\"Draminski Sonde 212 - Transducteur rectal convexe | ViiSona\",\"isPartOf\":{\"@id\":\"https:\/\/viisona.com\/fr\/#website\"},\"primaryImageOfPage\":{\"@id\":\"https:\/\/viisona.com\/fr\/product\/sonde-159-transducteur-rectal-convexe\/#primaryimage\"},\"image\":{\"@id\":\"https:\/\/viisona.com\/fr\/product\/sonde-159-transducteur-rectal-convexe\/#primaryimage\"},\"thumbnailUrl\":\"https:\/\/viisona.com\/wp-content\/uploads\/2021\/11\/Draminski-Curved-Rectal-Probe-159.jpg\",\"datePublished\":\"2021-11-30T16:13:54+00:00\",\"dateModified\":\"2026-02-18T05:55:09+00:00\",\"description\":\"Am\u00e9liorez vos examens \u00e9chographiques abdominaux et rectaux avec la sonde rectale convexe de Draminski. Dot\u00e9e de 128 cristaux et d'une fr\u00e9quence de 3 \u00e0 7,5 MHz, cette sonde offre une clart\u00e9 et une profondeur exceptionnelles pour les examens des animaux de moyenne et grande taille. Avec un rayon de 61,2 mm et une profondeur de balayage allant jusqu'\u00e0 25 cm, elle est id\u00e9ale pour les examens abdominaux et rectaux de diverses esp\u00e8ces. Compatible avec les syst\u00e8mes d'\u00e9chographie iScan 2 Multi, 4Vet Slim et 4Vet Blue, il garantit la polyvalence et la pr\u00e9cision des diagnostics.\",\"breadcrumb\":{\"@id\":\"https:\/\/viisona.com\/fr\/product\/sonde-159-transducteur-rectal-convexe\/#breadcrumb\"},\"inLanguage\":\"fr-FR\",\"potentialAction\":[{\"@type\":\"ReadAction\",\"target\":[\"https:\/\/viisona.com\/fr\/product\/sonde-159-transducteur-rectal-convexe\/\"]}]},{\"@type\":\"ImageObject\",\"inLanguage\":\"fr-FR\",\"@id\":\"https:\/\/viisona.com\/fr\/product\/sonde-159-transducteur-rectal-convexe\/#primaryimage\",\"url\":\"https:\/\/viisona.com\/wp-content\/uploads\/2021\/11\/Draminski-Curved-Rectal-Probe-159.jpg\",\"contentUrl\":\"https:\/\/viisona.com\/wp-content\/uploads\/2021\/11\/Draminski-Curved-Rectal-Probe-159.jpg\",\"width\":1080,\"height\":1080},{\"@type\":\"BreadcrumbList\",\"@id\":\"https:\/\/viisona.com\/fr\/product\/sonde-159-transducteur-rectal-convexe\/#breadcrumb\",\"itemListElement\":[{\"@type\":\"ListItem\",\"position\":1,\"name\":\"Home\",\"item\":\"https:\/\/viisona.com\/fr\/accueil\/\"},{\"@type\":\"ListItem\",\"position\":2,\"name\":\"Boutique\",\"item\":\"https:\/\/viisona.com\/fr\/boutique\/\"},{\"@type\":\"ListItem\",\"position\":3,\"name\":\"Sonde 212 &#8211; Transducteur rectal convexe\"}]},{\"@type\":\"WebSite\",\"@id\":\"https:\/\/viisona.com\/fr\/#website\",\"url\":\"https:\/\/viisona.com\/fr\/\",\"name\":\"ViiSona\",\"description\":\"Am\u00e9liorer les r\u00e9sultats pour les agriculteurs et les s\u00e9lectionneurs dans les communaut\u00e9s agricoles et de s\u00e9lection.\",\"publisher\":{\"@id\":\"https:\/\/viisona.com\/fr\/#organization\"},\"potentialAction\":[{\"@type\":\"SearchAction\",\"target\":{\"@type\":\"EntryPoint\",\"urlTemplate\":\"https:\/\/viisona.com\/fr\/?s={search_term_string}\"},\"query-input\":{\"@type\":\"PropertyValueSpecification\",\"valueRequired\":true,\"valueName\":\"search_term_string\"}}],\"inLanguage\":\"fr-FR\"},{\"@type\":\"Organization\",\"@id\":\"https:\/\/viisona.com\/fr\/#organization\",\"name\":\"ViiSona\",\"url\":\"https:\/\/viisona.com\/fr\/\",\"logo\":{\"@type\":\"ImageObject\",\"inLanguage\":\"fr-FR\",\"@id\":\"https:\/\/viisona.com\/fr\/#\/schema\/logo\/image\/\",\"url\":\"https:\/\/viisona.com\/wp-content\/uploads\/2020\/08\/viisona_1_FULLY_RASTERED.png\",\"contentUrl\":\"https:\/\/viisona.com\/wp-content\/uploads\/2020\/08\/viisona_1_FULLY_RASTERED.png\",\"width\":1080,\"height\":307,\"caption\":\"ViiSona\"},\"image\":{\"@id\":\"https:\/\/viisona.com\/fr\/#\/schema\/logo\/image\/\"}}]}<\/script>\n<!-- \/ Yoast SEO plugin. -->","yoast_head_json":{"title":"Draminski Sonde 212 - Transducteur rectal convexe | ViiSona","description":"Am\u00e9liorez vos examens \u00e9chographiques abdominaux et rectaux avec la sonde rectale convexe de Draminski. Dot\u00e9e de 128 cristaux et d'une fr\u00e9quence de 3 \u00e0 7,5 MHz, cette sonde offre une clart\u00e9 et une profondeur exceptionnelles pour les examens des animaux de moyenne et grande taille. Avec un rayon de 61,2 mm et une profondeur de balayage allant jusqu'\u00e0 25 cm, elle est id\u00e9ale pour les examens abdominaux et rectaux de diverses esp\u00e8ces. Compatible avec les syst\u00e8mes d'\u00e9chographie iScan 2 Multi, 4Vet Slim et 4Vet Blue, il garantit la polyvalence et la pr\u00e9cision des diagnostics.","robots":{"index":"index","follow":"follow","max-snippet":"max-snippet:-1","max-image-preview":"max-image-preview:large","max-video-preview":"max-video-preview:-1"},"canonical":"https:\/\/viisona.com\/fr\/product\/sonde-159-transducteur-rectal-convexe\/","og_locale":"fr_FR","og_type":"article","og_title":"Draminski Sonde 212 - Transducteur rectal convexe | ViiSona","og_description":"Am\u00e9liorez vos examens \u00e9chographiques abdominaux et rectaux avec la sonde rectale convexe de Draminski. Dot\u00e9e de 128 cristaux et d'une fr\u00e9quence de 3 \u00e0 7,5 MHz, cette sonde offre une clart\u00e9 et une profondeur exceptionnelles pour les examens des animaux de moyenne et grande taille. Avec un rayon de 61,2 mm et une profondeur de balayage allant jusqu'\u00e0 25 cm, elle est id\u00e9ale pour les examens abdominaux et rectaux de diverses esp\u00e8ces. Compatible avec les syst\u00e8mes d'\u00e9chographie iScan 2 Multi, 4Vet Slim et 4Vet Blue, il garantit la polyvalence et la pr\u00e9cision des diagnostics.","og_url":"https:\/\/viisona.com\/fr\/product\/sonde-159-transducteur-rectal-convexe\/","og_site_name":"ViiSona","article_modified_time":"2026-02-18T05:55:09+00:00","og_image":[{"width":1080,"height":1080,"url":"https:\/\/viisona.com\/wp-content\/uploads\/2021\/11\/Draminski-Curved-Rectal-Probe-159.jpg","type":"image\/jpeg"}],"twitter_card":"summary_large_image","twitter_misc":{"Dur\u00e9e de lecture estim\u00e9e":"1 minute"},"schema":{"@context":"https:\/\/schema.org","@graph":[{"@type":"WebPage","@id":"https:\/\/viisona.com\/fr\/product\/sonde-159-transducteur-rectal-convexe\/","url":"https:\/\/viisona.com\/fr\/product\/sonde-159-transducteur-rectal-convexe\/","name":"Draminski Sonde 212 - Transducteur rectal convexe | ViiSona","isPartOf":{"@id":"https:\/\/viisona.com\/fr\/#website"},"primaryImageOfPage":{"@id":"https:\/\/viisona.com\/fr\/product\/sonde-159-transducteur-rectal-convexe\/#primaryimage"},"image":{"@id":"https:\/\/viisona.com\/fr\/product\/sonde-159-transducteur-rectal-convexe\/#primaryimage"},"thumbnailUrl":"https:\/\/viisona.com\/wp-content\/uploads\/2021\/11\/Draminski-Curved-Rectal-Probe-159.jpg","datePublished":"2021-11-30T16:13:54+00:00","dateModified":"2026-02-18T05:55:09+00:00","description":"Am\u00e9liorez vos examens \u00e9chographiques abdominaux et rectaux avec la sonde rectale convexe de Draminski. Dot\u00e9e de 128 cristaux et d'une fr\u00e9quence de 3 \u00e0 7,5 MHz, cette sonde offre une clart\u00e9 et une profondeur exceptionnelles pour les examens des animaux de moyenne et grande taille. Avec un rayon de 61,2 mm et une profondeur de balayage allant jusqu'\u00e0 25 cm, elle est id\u00e9ale pour les examens abdominaux et rectaux de diverses esp\u00e8ces. Compatible avec les syst\u00e8mes d'\u00e9chographie iScan 2 Multi, 4Vet Slim et 4Vet Blue, il garantit la polyvalence et la pr\u00e9cision des diagnostics.","breadcrumb":{"@id":"https:\/\/viisona.com\/fr\/product\/sonde-159-transducteur-rectal-convexe\/#breadcrumb"},"inLanguage":"fr-FR","potentialAction":[{"@type":"ReadAction","target":["https:\/\/viisona.com\/fr\/product\/sonde-159-transducteur-rectal-convexe\/"]}]},{"@type":"ImageObject","inLanguage":"fr-FR","@id":"https:\/\/viisona.com\/fr\/product\/sonde-159-transducteur-rectal-convexe\/#primaryimage","url":"https:\/\/viisona.com\/wp-content\/uploads\/2021\/11\/Draminski-Curved-Rectal-Probe-159.jpg","contentUrl":"https:\/\/viisona.com\/wp-content\/uploads\/2021\/11\/Draminski-Curved-Rectal-Probe-159.jpg","width":1080,"height":1080},{"@type":"BreadcrumbList","@id":"https:\/\/viisona.com\/fr\/product\/sonde-159-transducteur-rectal-convexe\/#breadcrumb","itemListElement":[{"@type":"ListItem","position":1,"name":"Home","item":"https:\/\/viisona.com\/fr\/accueil\/"},{"@type":"ListItem","position":2,"name":"Boutique","item":"https:\/\/viisona.com\/fr\/boutique\/"},{"@type":"ListItem","position":3,"name":"Sonde 212 &#8211; Transducteur rectal convexe"}]},{"@type":"WebSite","@id":"https:\/\/viisona.com\/fr\/#website","url":"https:\/\/viisona.com\/fr\/","name":"ViiSona","description":"Am\u00e9liorer les r\u00e9sultats pour les agriculteurs et les s\u00e9lectionneurs dans les communaut\u00e9s agricoles et de s\u00e9lection.","publisher":{"@id":"https:\/\/viisona.com\/fr\/#organization"},"potentialAction":[{"@type":"SearchAction","target":{"@type":"EntryPoint","urlTemplate":"https:\/\/viisona.com\/fr\/?s={search_term_string}"},"query-input":{"@type":"PropertyValueSpecification","valueRequired":true,"valueName":"search_term_string"}}],"inLanguage":"fr-FR"},{"@type":"Organization","@id":"https:\/\/viisona.com\/fr\/#organization","name":"ViiSona","url":"https:\/\/viisona.com\/fr\/","logo":{"@type":"ImageObject","inLanguage":"fr-FR","@id":"https:\/\/viisona.com\/fr\/#\/schema\/logo\/image\/","url":"https:\/\/viisona.com\/wp-content\/uploads\/2020\/08\/viisona_1_FULLY_RASTERED.png","contentUrl":"https:\/\/viisona.com\/wp-content\/uploads\/2020\/08\/viisona_1_FULLY_RASTERED.png","width":1080,"height":307,"caption":"ViiSona"},"image":{"@id":"https:\/\/viisona.com\/fr\/#\/schema\/logo\/image\/"}}]}},"jetpack_sharing_enabled":true,"_links":{"self":[{"href":"https:\/\/viisona.com\/fr\/wp-json\/wp\/v2\/product\/5055","targetHints":{"allow":["GET"]}}],"collection":[{"href":"https:\/\/viisona.com\/fr\/wp-json\/wp\/v2\/product"}],"about":[{"href":"https:\/\/viisona.com\/fr\/wp-json\/wp\/v2\/types\/product"}],"wp:featuredmedia":[{"embeddable":true,"href":"https:\/\/viisona.com\/fr\/wp-json\/wp\/v2\/media\/4842"}],"wp:attachment":[{"href":"https:\/\/viisona.com\/fr\/wp-json\/wp\/v2\/media?parent=5055"}],"wp:term":[{"taxonomy":"product_cat","embeddable":true,"href":"https:\/\/viisona.com\/fr\/wp-json\/wp\/v2\/product_cat?post=5055"},{"taxonomy":"product_tag","embeddable":true,"href":"https:\/\/viisona.com\/fr\/wp-json\/wp\/v2\/product_tag?post=5055"},{"taxonomy":"berocket_brand","embeddable":true,"href":"https:\/\/viisona.com\/fr\/wp-json\/wp\/v2\/berocket_brand?post=5055"}],"curies":[{"name":"wp","href":"https:\/\/api.w.org\/{rel}","templated":true}]}}