{"id":5053,"date":"2021-11-30T16:23:27","date_gmt":"2021-11-30T16:23:27","guid":{"rendered":"https:\/\/viisona.com\/shop\/non%20class\u00e9\/sonde-188-sonde-de-graisse-dorsale-pour-bovins\/"},"modified":"2025-05-22T03:26:11","modified_gmt":"2025-05-22T03:26:11","slug":"sonde-188-sonde-de-graisse-dorsale-pour-bovins","status":"publish","type":"product","link":"https:\/\/viisona.com\/fr\/product\/sonde-188-sonde-de-graisse-dorsale-pour-bovins\/","title":{"rendered":"Sonde 188 &#8211; Sonde lin\u00e9aire de graisse dorsale pour bovins"},"content":{"rendered":"<p><span style=\"font-weight: 400;\">La sonde de graisse dorsale pour bovins avec 128 cristaux est id\u00e9ale pour \u00e9valuer la composition des muscles et de la graisse. Avec un rayon de 180 mm et une fr\u00e9quence de 2 \u00e0 5 MHz (fr\u00e9quence principale de 3,7 MHz), le d\u00e9tecteur de graisse dorsale pour bovins offre des profondeurs de balayage de 80, 100, 120, 150 et 200 mm.<\/span><\/p>\n<p><span style=\"font-weight: 400;\">Garantie du fabricant &#8211; 1 an<\/span><\/p>\n","protected":false},"excerpt":{"rendered":"<p><span style=\"font-weight: 400;\">La sonde dorsale Draminski pour bovins, dot\u00e9e de 128 cristaux, d&#8217;une fr\u00e9quence de 4 \u00e0 9 MHz et d&#8217;une profondeur de balayage allant jusqu&#8217;\u00e0 20 cm, est id\u00e9ale pour \u00e9valuer la composition des muscles et des graisses chez les bovins.  <\/span><\/p>\n<p><span style=\"font-weight: 400;\">Compatible avec les syst\u00e8mes d&#8217;\u00e9chographie iScan 2 Multi, 4Vet Slim et 4Vet Blue.  <\/span><\/p>\n","protected":false},"featured_media":4838,"template":"","meta":{"_acf_changed":false,"inline_featured_image":false},"product_cat":[542,500,490,501,483],"product_tag":[],"berocket_brand":[502],"class_list":{"0":"post-5053","1":"product","2":"type-product","3":"status-publish","4":"has-post-thumbnail","6":"product_cat-accessoires","7":"product_cat-eleveurs","8":"product_cat-producteurs","9":"product_cat-sondes","10":"product_cat-veterinaires","11":"pa_applications-carcas-merit-fr","12":"pa_applications-mesures-du-gras-dorsal","13":"pa_species-bovins-de-boucherie","14":"berocket_brand-draminski-fr","16":"first","17":"instock","18":"taxable","19":"shipping-taxable","20":"purchasable","21":"product-type-simple"},"acf":[],"yoast_head":"<!-- This site is optimized with the Yoast SEO plugin v26.8 - https:\/\/yoast.com\/product\/yoast-seo-wordpress\/ -->\n<title>Draminski Sonde 188 - Sonde lin\u00e9aire de graisse dorsale pour bovins | ViiSona<\/title>\n<meta name=\"description\" content=\"Am\u00e9liorez votre \u00e9valuation de la composition musculaire et graisseuse des bovins avec la sonde de graisse dorsale Draminski. Avec 128 cristaux et une fr\u00e9quence de 4 \u00e0 9 MHz, cette sonde offre une clart\u00e9 et une profondeur exceptionnelles pour \u00e9valuer la graisse dorsale. Id\u00e9al pour \u00e9valuer la composition musculaire et graisseuse, il dispose d&#039;un rayon de 180 mm et de profondeurs de balayage allant jusqu&#039;\u00e0 20 cm. Compatible avec les syst\u00e8mes d&#039;\u00e9chographie iScan 2 Multi, 4Vet Slim et Blue Vet, elle assure la pr\u00e9cision du diagnostic bovin.\" \/>\n<meta name=\"robots\" content=\"index, follow, max-snippet:-1, max-image-preview:large, max-video-preview:-1\" \/>\n<link rel=\"canonical\" href=\"https:\/\/viisona.com\/fr\/product\/sonde-188-sonde-de-graisse-dorsale-pour-bovins\/\" \/>\n<meta property=\"og:locale\" content=\"fr_FR\" \/>\n<meta property=\"og:type\" content=\"article\" \/>\n<meta property=\"og:title\" content=\"Draminski Sonde 188 - Sonde lin\u00e9aire de graisse dorsale pour bovins | ViiSona\" \/>\n<meta property=\"og:description\" content=\"Am\u00e9liorez votre \u00e9valuation de la composition musculaire et graisseuse des bovins avec la sonde de graisse dorsale Draminski. Avec 128 cristaux et une fr\u00e9quence de 4 \u00e0 9 MHz, cette sonde offre une clart\u00e9 et une profondeur exceptionnelles pour \u00e9valuer la graisse dorsale. Id\u00e9al pour \u00e9valuer la composition musculaire et graisseuse, il dispose d&#039;un rayon de 180 mm et de profondeurs de balayage allant jusqu&#039;\u00e0 20 cm. Compatible avec les syst\u00e8mes d&#039;\u00e9chographie iScan 2 Multi, 4Vet Slim et Blue Vet, elle assure la pr\u00e9cision du diagnostic bovin.\" \/>\n<meta property=\"og:url\" content=\"https:\/\/viisona.com\/fr\/product\/sonde-188-sonde-de-graisse-dorsale-pour-bovins\/\" \/>\n<meta property=\"og:site_name\" content=\"ViiSona\" \/>\n<meta property=\"article:modified_time\" content=\"2025-05-22T03:26:11+00:00\" \/>\n<meta property=\"og:image\" content=\"https:\/\/viisona.com\/wp-content\/uploads\/2021\/11\/Draminski-Back-Fat-Probe-Cattle-188.jpg\" \/>\n\t<meta property=\"og:image:width\" content=\"1080\" \/>\n\t<meta property=\"og:image:height\" content=\"1079\" \/>\n\t<meta property=\"og:image:type\" content=\"image\/jpeg\" \/>\n<meta name=\"twitter:card\" content=\"summary_large_image\" \/>\n<meta name=\"twitter:label1\" content=\"Dur\u00e9e de lecture estim\u00e9e\" \/>\n\t<meta name=\"twitter:data1\" content=\"1 minute\" \/>\n<script type=\"application\/ld+json\" class=\"yoast-schema-graph\">{\"@context\":\"https:\/\/schema.org\",\"@graph\":[{\"@type\":\"WebPage\",\"@id\":\"https:\/\/viisona.com\/fr\/product\/sonde-188-sonde-de-graisse-dorsale-pour-bovins\/\",\"url\":\"https:\/\/viisona.com\/fr\/product\/sonde-188-sonde-de-graisse-dorsale-pour-bovins\/\",\"name\":\"Draminski Sonde 188 - Sonde lin\u00e9aire de graisse dorsale pour bovins | ViiSona\",\"isPartOf\":{\"@id\":\"https:\/\/viisona.com\/fr\/#website\"},\"primaryImageOfPage\":{\"@id\":\"https:\/\/viisona.com\/fr\/product\/sonde-188-sonde-de-graisse-dorsale-pour-bovins\/#primaryimage\"},\"image\":{\"@id\":\"https:\/\/viisona.com\/fr\/product\/sonde-188-sonde-de-graisse-dorsale-pour-bovins\/#primaryimage\"},\"thumbnailUrl\":\"https:\/\/viisona.com\/wp-content\/uploads\/2021\/11\/Draminski-Back-Fat-Probe-Cattle-188.jpg\",\"datePublished\":\"2021-11-30T16:23:27+00:00\",\"dateModified\":\"2025-05-22T03:26:11+00:00\",\"description\":\"Am\u00e9liorez votre \u00e9valuation de la composition musculaire et graisseuse des bovins avec la sonde de graisse dorsale Draminski. Avec 128 cristaux et une fr\u00e9quence de 4 \u00e0 9 MHz, cette sonde offre une clart\u00e9 et une profondeur exceptionnelles pour \u00e9valuer la graisse dorsale. Id\u00e9al pour \u00e9valuer la composition musculaire et graisseuse, il dispose d'un rayon de 180 mm et de profondeurs de balayage allant jusqu'\u00e0 20 cm. Compatible avec les syst\u00e8mes d'\u00e9chographie iScan 2 Multi, 4Vet Slim et Blue Vet, elle assure la pr\u00e9cision du diagnostic bovin.\",\"breadcrumb\":{\"@id\":\"https:\/\/viisona.com\/fr\/product\/sonde-188-sonde-de-graisse-dorsale-pour-bovins\/#breadcrumb\"},\"inLanguage\":\"fr-FR\",\"potentialAction\":[{\"@type\":\"ReadAction\",\"target\":[\"https:\/\/viisona.com\/fr\/product\/sonde-188-sonde-de-graisse-dorsale-pour-bovins\/\"]}]},{\"@type\":\"ImageObject\",\"inLanguage\":\"fr-FR\",\"@id\":\"https:\/\/viisona.com\/fr\/product\/sonde-188-sonde-de-graisse-dorsale-pour-bovins\/#primaryimage\",\"url\":\"https:\/\/viisona.com\/wp-content\/uploads\/2021\/11\/Draminski-Back-Fat-Probe-Cattle-188.jpg\",\"contentUrl\":\"https:\/\/viisona.com\/wp-content\/uploads\/2021\/11\/Draminski-Back-Fat-Probe-Cattle-188.jpg\",\"width\":1080,\"height\":1079},{\"@type\":\"BreadcrumbList\",\"@id\":\"https:\/\/viisona.com\/fr\/product\/sonde-188-sonde-de-graisse-dorsale-pour-bovins\/#breadcrumb\",\"itemListElement\":[{\"@type\":\"ListItem\",\"position\":1,\"name\":\"Home\",\"item\":\"https:\/\/viisona.com\/fr\/accueil\/\"},{\"@type\":\"ListItem\",\"position\":2,\"name\":\"Boutique\",\"item\":\"https:\/\/viisona.com\/fr\/boutique\/\"},{\"@type\":\"ListItem\",\"position\":3,\"name\":\"Sonde 188 &#8211; Sonde lin\u00e9aire de graisse dorsale pour bovins\"}]},{\"@type\":\"WebSite\",\"@id\":\"https:\/\/viisona.com\/fr\/#website\",\"url\":\"https:\/\/viisona.com\/fr\/\",\"name\":\"ViiSona\",\"description\":\"Am\u00e9liorer les r\u00e9sultats pour les agriculteurs et les s\u00e9lectionneurs dans les communaut\u00e9s agricoles et de s\u00e9lection.\",\"publisher\":{\"@id\":\"https:\/\/viisona.com\/fr\/#organization\"},\"potentialAction\":[{\"@type\":\"SearchAction\",\"target\":{\"@type\":\"EntryPoint\",\"urlTemplate\":\"https:\/\/viisona.com\/fr\/?s={search_term_string}\"},\"query-input\":{\"@type\":\"PropertyValueSpecification\",\"valueRequired\":true,\"valueName\":\"search_term_string\"}}],\"inLanguage\":\"fr-FR\"},{\"@type\":\"Organization\",\"@id\":\"https:\/\/viisona.com\/fr\/#organization\",\"name\":\"ViiSona\",\"url\":\"https:\/\/viisona.com\/fr\/\",\"logo\":{\"@type\":\"ImageObject\",\"inLanguage\":\"fr-FR\",\"@id\":\"https:\/\/viisona.com\/fr\/#\/schema\/logo\/image\/\",\"url\":\"https:\/\/viisona.com\/wp-content\/uploads\/2020\/08\/viisona_1_FULLY_RASTERED.png\",\"contentUrl\":\"https:\/\/viisona.com\/wp-content\/uploads\/2020\/08\/viisona_1_FULLY_RASTERED.png\",\"width\":1080,\"height\":307,\"caption\":\"ViiSona\"},\"image\":{\"@id\":\"https:\/\/viisona.com\/fr\/#\/schema\/logo\/image\/\"}}]}<\/script>\n<!-- \/ Yoast SEO plugin. -->","yoast_head_json":{"title":"Draminski Sonde 188 - Sonde lin\u00e9aire de graisse dorsale pour bovins | ViiSona","description":"Am\u00e9liorez votre \u00e9valuation de la composition musculaire et graisseuse des bovins avec la sonde de graisse dorsale Draminski. Avec 128 cristaux et une fr\u00e9quence de 4 \u00e0 9 MHz, cette sonde offre une clart\u00e9 et une profondeur exceptionnelles pour \u00e9valuer la graisse dorsale. Id\u00e9al pour \u00e9valuer la composition musculaire et graisseuse, il dispose d'un rayon de 180 mm et de profondeurs de balayage allant jusqu'\u00e0 20 cm. Compatible avec les syst\u00e8mes d'\u00e9chographie iScan 2 Multi, 4Vet Slim et Blue Vet, elle assure la pr\u00e9cision du diagnostic bovin.","robots":{"index":"index","follow":"follow","max-snippet":"max-snippet:-1","max-image-preview":"max-image-preview:large","max-video-preview":"max-video-preview:-1"},"canonical":"https:\/\/viisona.com\/fr\/product\/sonde-188-sonde-de-graisse-dorsale-pour-bovins\/","og_locale":"fr_FR","og_type":"article","og_title":"Draminski Sonde 188 - Sonde lin\u00e9aire de graisse dorsale pour bovins | ViiSona","og_description":"Am\u00e9liorez votre \u00e9valuation de la composition musculaire et graisseuse des bovins avec la sonde de graisse dorsale Draminski. Avec 128 cristaux et une fr\u00e9quence de 4 \u00e0 9 MHz, cette sonde offre une clart\u00e9 et une profondeur exceptionnelles pour \u00e9valuer la graisse dorsale. Id\u00e9al pour \u00e9valuer la composition musculaire et graisseuse, il dispose d'un rayon de 180 mm et de profondeurs de balayage allant jusqu'\u00e0 20 cm. Compatible avec les syst\u00e8mes d'\u00e9chographie iScan 2 Multi, 4Vet Slim et Blue Vet, elle assure la pr\u00e9cision du diagnostic bovin.","og_url":"https:\/\/viisona.com\/fr\/product\/sonde-188-sonde-de-graisse-dorsale-pour-bovins\/","og_site_name":"ViiSona","article_modified_time":"2025-05-22T03:26:11+00:00","og_image":[{"width":1080,"height":1079,"url":"https:\/\/viisona.com\/wp-content\/uploads\/2021\/11\/Draminski-Back-Fat-Probe-Cattle-188.jpg","type":"image\/jpeg"}],"twitter_card":"summary_large_image","twitter_misc":{"Dur\u00e9e de lecture estim\u00e9e":"1 minute"},"schema":{"@context":"https:\/\/schema.org","@graph":[{"@type":"WebPage","@id":"https:\/\/viisona.com\/fr\/product\/sonde-188-sonde-de-graisse-dorsale-pour-bovins\/","url":"https:\/\/viisona.com\/fr\/product\/sonde-188-sonde-de-graisse-dorsale-pour-bovins\/","name":"Draminski Sonde 188 - Sonde lin\u00e9aire de graisse dorsale pour bovins | ViiSona","isPartOf":{"@id":"https:\/\/viisona.com\/fr\/#website"},"primaryImageOfPage":{"@id":"https:\/\/viisona.com\/fr\/product\/sonde-188-sonde-de-graisse-dorsale-pour-bovins\/#primaryimage"},"image":{"@id":"https:\/\/viisona.com\/fr\/product\/sonde-188-sonde-de-graisse-dorsale-pour-bovins\/#primaryimage"},"thumbnailUrl":"https:\/\/viisona.com\/wp-content\/uploads\/2021\/11\/Draminski-Back-Fat-Probe-Cattle-188.jpg","datePublished":"2021-11-30T16:23:27+00:00","dateModified":"2025-05-22T03:26:11+00:00","description":"Am\u00e9liorez votre \u00e9valuation de la composition musculaire et graisseuse des bovins avec la sonde de graisse dorsale Draminski. Avec 128 cristaux et une fr\u00e9quence de 4 \u00e0 9 MHz, cette sonde offre une clart\u00e9 et une profondeur exceptionnelles pour \u00e9valuer la graisse dorsale. Id\u00e9al pour \u00e9valuer la composition musculaire et graisseuse, il dispose d'un rayon de 180 mm et de profondeurs de balayage allant jusqu'\u00e0 20 cm. Compatible avec les syst\u00e8mes d'\u00e9chographie iScan 2 Multi, 4Vet Slim et Blue Vet, elle assure la pr\u00e9cision du diagnostic bovin.","breadcrumb":{"@id":"https:\/\/viisona.com\/fr\/product\/sonde-188-sonde-de-graisse-dorsale-pour-bovins\/#breadcrumb"},"inLanguage":"fr-FR","potentialAction":[{"@type":"ReadAction","target":["https:\/\/viisona.com\/fr\/product\/sonde-188-sonde-de-graisse-dorsale-pour-bovins\/"]}]},{"@type":"ImageObject","inLanguage":"fr-FR","@id":"https:\/\/viisona.com\/fr\/product\/sonde-188-sonde-de-graisse-dorsale-pour-bovins\/#primaryimage","url":"https:\/\/viisona.com\/wp-content\/uploads\/2021\/11\/Draminski-Back-Fat-Probe-Cattle-188.jpg","contentUrl":"https:\/\/viisona.com\/wp-content\/uploads\/2021\/11\/Draminski-Back-Fat-Probe-Cattle-188.jpg","width":1080,"height":1079},{"@type":"BreadcrumbList","@id":"https:\/\/viisona.com\/fr\/product\/sonde-188-sonde-de-graisse-dorsale-pour-bovins\/#breadcrumb","itemListElement":[{"@type":"ListItem","position":1,"name":"Home","item":"https:\/\/viisona.com\/fr\/accueil\/"},{"@type":"ListItem","position":2,"name":"Boutique","item":"https:\/\/viisona.com\/fr\/boutique\/"},{"@type":"ListItem","position":3,"name":"Sonde 188 &#8211; Sonde lin\u00e9aire de graisse dorsale pour bovins"}]},{"@type":"WebSite","@id":"https:\/\/viisona.com\/fr\/#website","url":"https:\/\/viisona.com\/fr\/","name":"ViiSona","description":"Am\u00e9liorer les r\u00e9sultats pour les agriculteurs et les s\u00e9lectionneurs dans les communaut\u00e9s agricoles et de s\u00e9lection.","publisher":{"@id":"https:\/\/viisona.com\/fr\/#organization"},"potentialAction":[{"@type":"SearchAction","target":{"@type":"EntryPoint","urlTemplate":"https:\/\/viisona.com\/fr\/?s={search_term_string}"},"query-input":{"@type":"PropertyValueSpecification","valueRequired":true,"valueName":"search_term_string"}}],"inLanguage":"fr-FR"},{"@type":"Organization","@id":"https:\/\/viisona.com\/fr\/#organization","name":"ViiSona","url":"https:\/\/viisona.com\/fr\/","logo":{"@type":"ImageObject","inLanguage":"fr-FR","@id":"https:\/\/viisona.com\/fr\/#\/schema\/logo\/image\/","url":"https:\/\/viisona.com\/wp-content\/uploads\/2020\/08\/viisona_1_FULLY_RASTERED.png","contentUrl":"https:\/\/viisona.com\/wp-content\/uploads\/2020\/08\/viisona_1_FULLY_RASTERED.png","width":1080,"height":307,"caption":"ViiSona"},"image":{"@id":"https:\/\/viisona.com\/fr\/#\/schema\/logo\/image\/"}}]}},"jetpack_sharing_enabled":true,"_links":{"self":[{"href":"https:\/\/viisona.com\/fr\/wp-json\/wp\/v2\/product\/5053","targetHints":{"allow":["GET"]}}],"collection":[{"href":"https:\/\/viisona.com\/fr\/wp-json\/wp\/v2\/product"}],"about":[{"href":"https:\/\/viisona.com\/fr\/wp-json\/wp\/v2\/types\/product"}],"wp:featuredmedia":[{"embeddable":true,"href":"https:\/\/viisona.com\/fr\/wp-json\/wp\/v2\/media\/4838"}],"wp:attachment":[{"href":"https:\/\/viisona.com\/fr\/wp-json\/wp\/v2\/media?parent=5053"}],"wp:term":[{"taxonomy":"product_cat","embeddable":true,"href":"https:\/\/viisona.com\/fr\/wp-json\/wp\/v2\/product_cat?post=5053"},{"taxonomy":"product_tag","embeddable":true,"href":"https:\/\/viisona.com\/fr\/wp-json\/wp\/v2\/product_tag?post=5053"},{"taxonomy":"berocket_brand","embeddable":true,"href":"https:\/\/viisona.com\/fr\/wp-json\/wp\/v2\/berocket_brand?post=5053"}],"curies":[{"name":"wp","href":"https:\/\/api.w.org\/{rel}","templated":true}]}}