{"id":5051,"date":"2021-06-10T15:38:11","date_gmt":"2021-06-10T15:38:11","guid":{"rendered":"https:\/\/viisona.com\/shop\/non%20class\u00e9\/lunettes-video-oled\/"},"modified":"2026-02-18T05:53:55","modified_gmt":"2026-02-18T05:53:55","slug":"lunettes-video-oled","status":"publish","type":"product","link":"https:\/\/viisona.com\/fr\/product\/lunettes-video-oled\/","title":{"rendered":"Lunettes vid\u00e9o OLED &#8211; iScan 2, iScan 2 Multi"},"content":{"rendered":"<p><span style=\"font-weight: 400;\">Les lunettes OLED produisent une qualit\u00e9 d&#8217;image exceptionnelle, nette et lumineuse et consomment 5 fois moins d&#8217;\u00e9nergie que l&#8217;\u00e9cran, ce qui vous permet de travailler plus longtemps. La technologie OLED offre un contraste, un niveau de noir et une luminosit\u00e9 in\u00e9gal\u00e9s par rapport \u00e0 la technologie LED. Ce contr\u00f4le de la lumi\u00e8re au niveau du pixel plut\u00f4t que le r\u00e9tro\u00e9clairage utilis\u00e9 dans les LED permet un niveau de pr\u00e9cision et de contr\u00f4le sup\u00e9rieur \u00e0 l&#8217;\u00e9clairage LED. Les noirs plus profonds obtenus gr\u00e2ce \u00e0 la technologie OLED permettent un contraste plus \u00e9lev\u00e9.     <\/span><\/p>\n<p><span style=\"font-weight: 400;\">La conception des lunettes vous permet de voir simultan\u00e9ment l&#8217;image affich\u00e9e et votre environnement, avec un casque tr\u00e8s l\u00e9ger et ajustable, travailler pendant des heures avec des lunettes est confortable. Les lunettes n&#8217;ont pas besoin d&#8217;\u00eatre recharg\u00e9es et sont aliment\u00e9es par l&#8217;\u00e9chographe. Des \u0153ill\u00e8res pour les jours ensoleill\u00e9s sont incluses. <\/span><\/p>\n","protected":false},"excerpt":{"rendered":"<p><span style=\"font-weight: 400;\">Le casque OLED pour lunettes de Draminski offre un contraste, une luminosit\u00e9 et des d\u00e9tails exceptionnels. Petit, l\u00e9ger et confortable.  La conception permet de bien voir l&#8217;environnement pendant le travail et est compatible avec les syst\u00e8mes d&#8217;\u00e9chographie iScan 2 et iScan 2 Multi.  <\/span><\/p>\n","protected":false},"featured_media":5556,"template":"","meta":{"_acf_changed":false,"inline_featured_image":false},"product_cat":[542,562,490,483],"product_tag":[],"berocket_brand":[502],"class_list":{"0":"post-5051","1":"product","2":"type-product","3":"status-publish","4":"has-post-thumbnail","6":"product_cat-accessoires","7":"product_cat-lunettes-de-protection","8":"product_cat-producteurs","9":"product_cat-veterinaires","10":"pa_applications-carcas-merit-fr","11":"pa_applications-doppler-ovarien","12":"pa_applications-follicules","13":"pa_applications-grossesse","14":"pa_applications-mesures-du-gras-dorsal","15":"pa_applications-pis","16":"pa_applications-poumons","17":"pa_applications-ramassage-de-lovule","18":"pa_applications-reproduction-fr","19":"pa_applications-testicules","20":"pa_applications-transfert-dembryons","21":"pa_applications-urologie","22":"pa_species-bovins-de-boucherie","23":"pa_species-bovins-laitiers","24":"pa_species-chevaux","25":"berocket_brand-draminski-fr","27":"first","28":"instock","29":"taxable","30":"shipping-taxable","31":"purchasable","32":"product-type-simple"},"acf":[],"yoast_head":"<!-- This site is optimized with the Yoast SEO plugin v26.8 - https:\/\/yoast.com\/product\/yoast-seo-wordpress\/ -->\n<title>Draminski Lunettes vid\u00e9o OLED - iScan 2, iScan 2 Multi | ViiSona<\/title>\n<meta name=\"description\" content=\"Faites l&#039;exp\u00e9rience d&#039;une r\u00e9solution d&#039;image in\u00e9gal\u00e9e avec les lunettes OLED de Draminski, compatibles avec les syst\u00e8mes d&#039;\u00e9chographie iScan 2 et iScan 2 Multi. Offrant un contraste, une luminosit\u00e9 et des d\u00e9tails exceptionnels, ces lunettes l\u00e9g\u00e8res et confortables vous permettent de voir clairement votre environnement tout en travaillant. Utilisant la technologie OLED, elles offrent une qualit\u00e9 d&#039;image claire et lumineuse tout en consommant 5 fois moins d&#039;\u00e9nergie que les \u00e9crans traditionnels. Leur conception permet de voir simultan\u00e9ment les images affich\u00e9es et l&#039;environnement, ce qui garantit le confort lors d&#039;une utilisation prolong\u00e9e. Aucun chargement n&#039;est n\u00e9cessaire, l&#039;appareil est aliment\u00e9 par l&#039;\u00e9chographe et des \u0153illetons sont inclus pour les journ\u00e9es ensoleill\u00e9es.\" \/>\n<meta name=\"robots\" content=\"index, follow, max-snippet:-1, max-image-preview:large, max-video-preview:-1\" \/>\n<link rel=\"canonical\" href=\"https:\/\/viisona.com\/fr\/product\/lunettes-video-oled\/\" \/>\n<meta property=\"og:locale\" content=\"fr_FR\" \/>\n<meta property=\"og:type\" content=\"article\" \/>\n<meta property=\"og:title\" content=\"Draminski Lunettes vid\u00e9o OLED - iScan 2, iScan 2 Multi | ViiSona\" \/>\n<meta property=\"og:description\" content=\"Faites l&#039;exp\u00e9rience d&#039;une r\u00e9solution d&#039;image in\u00e9gal\u00e9e avec les lunettes OLED de Draminski, compatibles avec les syst\u00e8mes d&#039;\u00e9chographie iScan 2 et iScan 2 Multi. Offrant un contraste, une luminosit\u00e9 et des d\u00e9tails exceptionnels, ces lunettes l\u00e9g\u00e8res et confortables vous permettent de voir clairement votre environnement tout en travaillant. Utilisant la technologie OLED, elles offrent une qualit\u00e9 d&#039;image claire et lumineuse tout en consommant 5 fois moins d&#039;\u00e9nergie que les \u00e9crans traditionnels. Leur conception permet de voir simultan\u00e9ment les images affich\u00e9es et l&#039;environnement, ce qui garantit le confort lors d&#039;une utilisation prolong\u00e9e. Aucun chargement n&#039;est n\u00e9cessaire, l&#039;appareil est aliment\u00e9 par l&#039;\u00e9chographe et des \u0153illetons sont inclus pour les journ\u00e9es ensoleill\u00e9es.\" \/>\n<meta property=\"og:url\" content=\"https:\/\/viisona.com\/fr\/product\/lunettes-video-oled\/\" \/>\n<meta property=\"og:site_name\" content=\"ViiSona\" \/>\n<meta property=\"article:modified_time\" content=\"2026-02-18T05:53:55+00:00\" \/>\n<meta property=\"og:image\" content=\"https:\/\/viisona.com\/wp-content\/uploads\/2024\/11\/goggle-oled-1.jpg\" \/>\n\t<meta property=\"og:image:width\" content=\"890\" \/>\n\t<meta property=\"og:image:height\" content=\"890\" \/>\n\t<meta property=\"og:image:type\" content=\"image\/jpeg\" \/>\n<meta name=\"twitter:card\" content=\"summary_large_image\" \/>\n<meta name=\"twitter:label1\" content=\"Dur\u00e9e de lecture estim\u00e9e\" \/>\n\t<meta name=\"twitter:data1\" content=\"1 minute\" \/>\n<script type=\"application\/ld+json\" class=\"yoast-schema-graph\">{\"@context\":\"https:\/\/schema.org\",\"@graph\":[{\"@type\":\"WebPage\",\"@id\":\"https:\/\/viisona.com\/fr\/product\/lunettes-video-oled\/\",\"url\":\"https:\/\/viisona.com\/fr\/product\/lunettes-video-oled\/\",\"name\":\"Draminski Lunettes vid\u00e9o OLED - iScan 2, iScan 2 Multi | ViiSona\",\"isPartOf\":{\"@id\":\"https:\/\/viisona.com\/fr\/#website\"},\"primaryImageOfPage\":{\"@id\":\"https:\/\/viisona.com\/fr\/product\/lunettes-video-oled\/#primaryimage\"},\"image\":{\"@id\":\"https:\/\/viisona.com\/fr\/product\/lunettes-video-oled\/#primaryimage\"},\"thumbnailUrl\":\"https:\/\/viisona.com\/wp-content\/uploads\/2024\/11\/goggle-oled-1.jpg\",\"datePublished\":\"2021-06-10T15:38:11+00:00\",\"dateModified\":\"2026-02-18T05:53:55+00:00\",\"description\":\"Faites l'exp\u00e9rience d'une r\u00e9solution d'image in\u00e9gal\u00e9e avec les lunettes OLED de Draminski, compatibles avec les syst\u00e8mes d'\u00e9chographie iScan 2 et iScan 2 Multi. Offrant un contraste, une luminosit\u00e9 et des d\u00e9tails exceptionnels, ces lunettes l\u00e9g\u00e8res et confortables vous permettent de voir clairement votre environnement tout en travaillant. Utilisant la technologie OLED, elles offrent une qualit\u00e9 d'image claire et lumineuse tout en consommant 5 fois moins d'\u00e9nergie que les \u00e9crans traditionnels. Leur conception permet de voir simultan\u00e9ment les images affich\u00e9es et l'environnement, ce qui garantit le confort lors d'une utilisation prolong\u00e9e. Aucun chargement n'est n\u00e9cessaire, l'appareil est aliment\u00e9 par l'\u00e9chographe et des \u0153illetons sont inclus pour les journ\u00e9es ensoleill\u00e9es.\",\"breadcrumb\":{\"@id\":\"https:\/\/viisona.com\/fr\/product\/lunettes-video-oled\/#breadcrumb\"},\"inLanguage\":\"fr-FR\",\"potentialAction\":[{\"@type\":\"ReadAction\",\"target\":[\"https:\/\/viisona.com\/fr\/product\/lunettes-video-oled\/\"]}]},{\"@type\":\"ImageObject\",\"inLanguage\":\"fr-FR\",\"@id\":\"https:\/\/viisona.com\/fr\/product\/lunettes-video-oled\/#primaryimage\",\"url\":\"https:\/\/viisona.com\/wp-content\/uploads\/2024\/11\/goggle-oled-1.jpg\",\"contentUrl\":\"https:\/\/viisona.com\/wp-content\/uploads\/2024\/11\/goggle-oled-1.jpg\",\"width\":890,\"height\":890},{\"@type\":\"BreadcrumbList\",\"@id\":\"https:\/\/viisona.com\/fr\/product\/lunettes-video-oled\/#breadcrumb\",\"itemListElement\":[{\"@type\":\"ListItem\",\"position\":1,\"name\":\"Home\",\"item\":\"https:\/\/viisona.com\/fr\/accueil\/\"},{\"@type\":\"ListItem\",\"position\":2,\"name\":\"Boutique\",\"item\":\"https:\/\/viisona.com\/fr\/boutique\/\"},{\"@type\":\"ListItem\",\"position\":3,\"name\":\"Lunettes vid\u00e9o OLED &#8211; iScan 2, iScan 2 Multi\"}]},{\"@type\":\"WebSite\",\"@id\":\"https:\/\/viisona.com\/fr\/#website\",\"url\":\"https:\/\/viisona.com\/fr\/\",\"name\":\"ViiSona\",\"description\":\"Am\u00e9liorer les r\u00e9sultats pour les agriculteurs et les s\u00e9lectionneurs dans les communaut\u00e9s agricoles et de s\u00e9lection.\",\"publisher\":{\"@id\":\"https:\/\/viisona.com\/fr\/#organization\"},\"potentialAction\":[{\"@type\":\"SearchAction\",\"target\":{\"@type\":\"EntryPoint\",\"urlTemplate\":\"https:\/\/viisona.com\/fr\/?s={search_term_string}\"},\"query-input\":{\"@type\":\"PropertyValueSpecification\",\"valueRequired\":true,\"valueName\":\"search_term_string\"}}],\"inLanguage\":\"fr-FR\"},{\"@type\":\"Organization\",\"@id\":\"https:\/\/viisona.com\/fr\/#organization\",\"name\":\"ViiSona\",\"url\":\"https:\/\/viisona.com\/fr\/\",\"logo\":{\"@type\":\"ImageObject\",\"inLanguage\":\"fr-FR\",\"@id\":\"https:\/\/viisona.com\/fr\/#\/schema\/logo\/image\/\",\"url\":\"https:\/\/viisona.com\/wp-content\/uploads\/2020\/08\/viisona_1_FULLY_RASTERED.png\",\"contentUrl\":\"https:\/\/viisona.com\/wp-content\/uploads\/2020\/08\/viisona_1_FULLY_RASTERED.png\",\"width\":1080,\"height\":307,\"caption\":\"ViiSona\"},\"image\":{\"@id\":\"https:\/\/viisona.com\/fr\/#\/schema\/logo\/image\/\"}}]}<\/script>\n<!-- \/ Yoast SEO plugin. -->","yoast_head_json":{"title":"Draminski Lunettes vid\u00e9o OLED - iScan 2, iScan 2 Multi | ViiSona","description":"Faites l'exp\u00e9rience d'une r\u00e9solution d'image in\u00e9gal\u00e9e avec les lunettes OLED de Draminski, compatibles avec les syst\u00e8mes d'\u00e9chographie iScan 2 et iScan 2 Multi. Offrant un contraste, une luminosit\u00e9 et des d\u00e9tails exceptionnels, ces lunettes l\u00e9g\u00e8res et confortables vous permettent de voir clairement votre environnement tout en travaillant. Utilisant la technologie OLED, elles offrent une qualit\u00e9 d'image claire et lumineuse tout en consommant 5 fois moins d'\u00e9nergie que les \u00e9crans traditionnels. Leur conception permet de voir simultan\u00e9ment les images affich\u00e9es et l'environnement, ce qui garantit le confort lors d'une utilisation prolong\u00e9e. Aucun chargement n'est n\u00e9cessaire, l'appareil est aliment\u00e9 par l'\u00e9chographe et des \u0153illetons sont inclus pour les journ\u00e9es ensoleill\u00e9es.","robots":{"index":"index","follow":"follow","max-snippet":"max-snippet:-1","max-image-preview":"max-image-preview:large","max-video-preview":"max-video-preview:-1"},"canonical":"https:\/\/viisona.com\/fr\/product\/lunettes-video-oled\/","og_locale":"fr_FR","og_type":"article","og_title":"Draminski Lunettes vid\u00e9o OLED - iScan 2, iScan 2 Multi | ViiSona","og_description":"Faites l'exp\u00e9rience d'une r\u00e9solution d'image in\u00e9gal\u00e9e avec les lunettes OLED de Draminski, compatibles avec les syst\u00e8mes d'\u00e9chographie iScan 2 et iScan 2 Multi. Offrant un contraste, une luminosit\u00e9 et des d\u00e9tails exceptionnels, ces lunettes l\u00e9g\u00e8res et confortables vous permettent de voir clairement votre environnement tout en travaillant. Utilisant la technologie OLED, elles offrent une qualit\u00e9 d'image claire et lumineuse tout en consommant 5 fois moins d'\u00e9nergie que les \u00e9crans traditionnels. Leur conception permet de voir simultan\u00e9ment les images affich\u00e9es et l'environnement, ce qui garantit le confort lors d'une utilisation prolong\u00e9e. Aucun chargement n'est n\u00e9cessaire, l'appareil est aliment\u00e9 par l'\u00e9chographe et des \u0153illetons sont inclus pour les journ\u00e9es ensoleill\u00e9es.","og_url":"https:\/\/viisona.com\/fr\/product\/lunettes-video-oled\/","og_site_name":"ViiSona","article_modified_time":"2026-02-18T05:53:55+00:00","og_image":[{"width":890,"height":890,"url":"https:\/\/viisona.com\/wp-content\/uploads\/2024\/11\/goggle-oled-1.jpg","type":"image\/jpeg"}],"twitter_card":"summary_large_image","twitter_misc":{"Dur\u00e9e de lecture estim\u00e9e":"1 minute"},"schema":{"@context":"https:\/\/schema.org","@graph":[{"@type":"WebPage","@id":"https:\/\/viisona.com\/fr\/product\/lunettes-video-oled\/","url":"https:\/\/viisona.com\/fr\/product\/lunettes-video-oled\/","name":"Draminski Lunettes vid\u00e9o OLED - iScan 2, iScan 2 Multi | ViiSona","isPartOf":{"@id":"https:\/\/viisona.com\/fr\/#website"},"primaryImageOfPage":{"@id":"https:\/\/viisona.com\/fr\/product\/lunettes-video-oled\/#primaryimage"},"image":{"@id":"https:\/\/viisona.com\/fr\/product\/lunettes-video-oled\/#primaryimage"},"thumbnailUrl":"https:\/\/viisona.com\/wp-content\/uploads\/2024\/11\/goggle-oled-1.jpg","datePublished":"2021-06-10T15:38:11+00:00","dateModified":"2026-02-18T05:53:55+00:00","description":"Faites l'exp\u00e9rience d'une r\u00e9solution d'image in\u00e9gal\u00e9e avec les lunettes OLED de Draminski, compatibles avec les syst\u00e8mes d'\u00e9chographie iScan 2 et iScan 2 Multi. Offrant un contraste, une luminosit\u00e9 et des d\u00e9tails exceptionnels, ces lunettes l\u00e9g\u00e8res et confortables vous permettent de voir clairement votre environnement tout en travaillant. Utilisant la technologie OLED, elles offrent une qualit\u00e9 d'image claire et lumineuse tout en consommant 5 fois moins d'\u00e9nergie que les \u00e9crans traditionnels. Leur conception permet de voir simultan\u00e9ment les images affich\u00e9es et l'environnement, ce qui garantit le confort lors d'une utilisation prolong\u00e9e. Aucun chargement n'est n\u00e9cessaire, l'appareil est aliment\u00e9 par l'\u00e9chographe et des \u0153illetons sont inclus pour les journ\u00e9es ensoleill\u00e9es.","breadcrumb":{"@id":"https:\/\/viisona.com\/fr\/product\/lunettes-video-oled\/#breadcrumb"},"inLanguage":"fr-FR","potentialAction":[{"@type":"ReadAction","target":["https:\/\/viisona.com\/fr\/product\/lunettes-video-oled\/"]}]},{"@type":"ImageObject","inLanguage":"fr-FR","@id":"https:\/\/viisona.com\/fr\/product\/lunettes-video-oled\/#primaryimage","url":"https:\/\/viisona.com\/wp-content\/uploads\/2024\/11\/goggle-oled-1.jpg","contentUrl":"https:\/\/viisona.com\/wp-content\/uploads\/2024\/11\/goggle-oled-1.jpg","width":890,"height":890},{"@type":"BreadcrumbList","@id":"https:\/\/viisona.com\/fr\/product\/lunettes-video-oled\/#breadcrumb","itemListElement":[{"@type":"ListItem","position":1,"name":"Home","item":"https:\/\/viisona.com\/fr\/accueil\/"},{"@type":"ListItem","position":2,"name":"Boutique","item":"https:\/\/viisona.com\/fr\/boutique\/"},{"@type":"ListItem","position":3,"name":"Lunettes vid\u00e9o OLED &#8211; iScan 2, iScan 2 Multi"}]},{"@type":"WebSite","@id":"https:\/\/viisona.com\/fr\/#website","url":"https:\/\/viisona.com\/fr\/","name":"ViiSona","description":"Am\u00e9liorer les r\u00e9sultats pour les agriculteurs et les s\u00e9lectionneurs dans les communaut\u00e9s agricoles et de s\u00e9lection.","publisher":{"@id":"https:\/\/viisona.com\/fr\/#organization"},"potentialAction":[{"@type":"SearchAction","target":{"@type":"EntryPoint","urlTemplate":"https:\/\/viisona.com\/fr\/?s={search_term_string}"},"query-input":{"@type":"PropertyValueSpecification","valueRequired":true,"valueName":"search_term_string"}}],"inLanguage":"fr-FR"},{"@type":"Organization","@id":"https:\/\/viisona.com\/fr\/#organization","name":"ViiSona","url":"https:\/\/viisona.com\/fr\/","logo":{"@type":"ImageObject","inLanguage":"fr-FR","@id":"https:\/\/viisona.com\/fr\/#\/schema\/logo\/image\/","url":"https:\/\/viisona.com\/wp-content\/uploads\/2020\/08\/viisona_1_FULLY_RASTERED.png","contentUrl":"https:\/\/viisona.com\/wp-content\/uploads\/2020\/08\/viisona_1_FULLY_RASTERED.png","width":1080,"height":307,"caption":"ViiSona"},"image":{"@id":"https:\/\/viisona.com\/fr\/#\/schema\/logo\/image\/"}}]}},"jetpack_sharing_enabled":true,"_links":{"self":[{"href":"https:\/\/viisona.com\/fr\/wp-json\/wp\/v2\/product\/5051","targetHints":{"allow":["GET"]}}],"collection":[{"href":"https:\/\/viisona.com\/fr\/wp-json\/wp\/v2\/product"}],"about":[{"href":"https:\/\/viisona.com\/fr\/wp-json\/wp\/v2\/types\/product"}],"wp:featuredmedia":[{"embeddable":true,"href":"https:\/\/viisona.com\/fr\/wp-json\/wp\/v2\/media\/5556"}],"wp:attachment":[{"href":"https:\/\/viisona.com\/fr\/wp-json\/wp\/v2\/media?parent=5051"}],"wp:term":[{"taxonomy":"product_cat","embeddable":true,"href":"https:\/\/viisona.com\/fr\/wp-json\/wp\/v2\/product_cat?post=5051"},{"taxonomy":"product_tag","embeddable":true,"href":"https:\/\/viisona.com\/fr\/wp-json\/wp\/v2\/product_tag?post=5051"},{"taxonomy":"berocket_brand","embeddable":true,"href":"https:\/\/viisona.com\/fr\/wp-json\/wp\/v2\/berocket_brand?post=5051"}],"curies":[{"name":"wp","href":"https:\/\/api.w.org\/{rel}","templated":true}]}}