{"id":5048,"date":"2021-11-25T03:33:53","date_gmt":"2021-11-25T03:33:53","guid":{"rendered":"https:\/\/viisona.com\/shop\/non%20class\u00e9\/tablette-scanx-8gb-avec-option-sonde\/"},"modified":"2026-02-18T05:53:29","modified_gmt":"2026-02-18T05:53:29","slug":"tablette-scanx-8gb-avec-option-sonde","status":"publish","type":"product","link":"https:\/\/viisona.com\/fr\/product\/tablette-scanx-8gb-avec-option-sonde\/","title":{"rendered":"Tablette ScanX 8GB avec option sonde"},"content":{"rendered":"<p><strong>ScanX\u00ae Portable Ultrasound for Dog Breeders<br \/>\n<\/strong><br \/>\n Maintenant avec la nouvelle g\u00e9n\u00e9ration de sondes filaires et sans fil. Le syst\u00e8me d&#8217;\u00e9chographie v\u00e9t\u00e9rinaire portable ScanX\u00ae est un \u00e9chographe l\u00e9ger et facile \u00e0 utiliser, con\u00e7u pour la d\u00e9tection de la gestation canine. Con\u00e7u pour les \u00e9leveurs de chiens, le ScanX offre des images claires et fiables, des commandes intuitives sur \u00e9cran tactile et une v\u00e9ritable portabilit\u00e9.  <\/p>\n<p>Nouveaut\u00e9 pour 2026, ScanX propose d\u00e9sormais des sondes de nouvelle g\u00e9n\u00e9ration qui vous permettent de num\u00e9riser avec ou sans fil,<br \/>\n, vous offrant ainsi une flexibilit\u00e9 totale dans tout environnement de num\u00e9risation.<\/p>\n<p><strong>Pourquoi les \u00e9leveurs de chiens choisissent-ils ScanX\u00ae ?<\/strong><\/p>\n<ul>\n<li>Con\u00e7u sp\u00e9cifiquement pour la reproduction des petits animaux<\/li>\n<li>Utilisation de l&#8217;\u00e9cran tactile simple et conviviale pour les d\u00e9butants<\/li>\n<li>Des images de grossesse claires et en haute r\u00e9solution<\/li>\n<li>L\u00e9ger et ultra-portable<\/li>\n<li>Les \u00e9leveurs, les professionnels et les centres de secours du monde entier lui font confiance.<\/li>\n<\/ul>\n<p>Que vous confirmiez des grossesses \u00e0 la maison, au chenil ou sur la route, ScanX vous donne confiance<br \/>\nsans complexit\u00e9.<\/p>\n<p><strong>Nouveau pour 2026 : Num\u00e9risation avec ou sans fil<\/strong><\/p>\n<p>Le nouveau syst\u00e8me de sonde d\u00e9tachable ScanX\u00ae vous donne un contr\u00f4le total sur la fa\u00e7on dont vous scannez :<\/p>\n<ul>\n<li>Num\u00e9risation sans fil pour une plus grande libert\u00e9 de mouvement<\/li>\n<li>Fixez le c\u00e2ble si vous pr\u00e9f\u00e9rez une connexion traditionnelle<\/li>\n<li>Qualit\u00e9 d&#8217;image identique en mode filaire et sans fil<\/li>\n<li>Sonde l\u00e9g\u00e8re et \u00e9quilibr\u00e9e<\/li>\n<li>Aucun compromis sur la clart\u00e9 de l&#8217;image. Num\u00e9risez de la mani\u00e8re qui vous convient le mieux. <\/li>\n<\/ul>\n<p><strong>Ce qui est inclus<\/strong><\/p>\n<ul>\n<li>Tablette Microsoft Surface Go 2 (\u00e9cran tactile haute r\u00e9solution de 10,5 pouces)<\/li>\n<li>Logiciel d&#8217;\u00e9chographie ScanX avec pr\u00e9r\u00e9glages d&#8217;obst\u00e9trique canine<\/li>\n<li>Une sonde \u00e0 ultrasons (micro-convexe ou convexe)<\/li>\n<li>Sauvegarde automatique des images et des vid\u00e9os dans le nuage<\/li>\n<li>Service, support et assistance \u00e0 distance en Am\u00e9rique du Nord<\/li>\n<\/ul>\n<p><strong>Choisissez la bonne sonde pour vos chiens<br \/>\n<\/strong><\/p>\n<p>Sonde micro-convexe (5-8,5 MHz) : Sonde d\u00e9tachable et sans fil de nouvelle g\u00e9n\u00e9ration (standard)<\/p>\n<p>Id\u00e9al pour les races de chiens petites \u00e0 moyennes et les chiens maigres. Couramment utilis\u00e9 pour : <\/p>\n<p>Chihuahua, caniche nain et standard, corgi, \u00e9pagneul cocker, labrador, berger allemand, border<br \/>\n, doberman, teckel, yorkshire terrier, whippet, shih tzu et autres races similaires.<\/p>\n<ul>\n<li>Faible encombrement pour un positionnement ais\u00e9<\/li>\n<li>Fr\u00e9quence plus \u00e9lev\u00e9e pour une meilleure pr\u00e9cision<\/li>\n<li>Profondeur de balayage jusqu&#8217;\u00e0 15 cm<\/li>\n<\/ul>\n<p>Sonde convexe (2,5-5 MHz) : Sonde filaire traditionnelle<\/p>\n<p>Convient mieux aux races de chiens de grande taille et de taille g\u00e9ante ayant une masse corporelle plus importante. Couramment utilis\u00e9 pour : <\/p>\n<p>Saint-Bernard, Terre-Neuve, Grand Danois, Bouvier bernois, Old English Sheepdog et autres races similaires de grande taille<br \/>\n.<\/p>\n<ul>\n<li>Empreinte au sol plus importante<\/li>\n<li>Fr\u00e9quence plus basse pour une p\u00e9n\u00e9tration plus profonde<\/li>\n<li>Profondeur de balayage jusqu&#8217;\u00e0 30 cm<\/li>\n<\/ul>\n<p><strong>Principales sp\u00e9cifications<br \/>\n<\/strong><\/p>\n<ul>\n<li>Taille de l&#8217;\u00e9cran : \u00e9cran tactile de 10,5 pouces (220 ppi)<\/li>\n<li>Poids : Environ 1.2 lbs <\/li>\n<li>Autonomie de la batterie : Jusqu&#8217;\u00e0 10 heures<\/li>\n<li>Modes de balayage : B, M, 2B, B\/M, 4B<\/li>\n<li>Wi-Fi int\u00e9gr\u00e9<\/li>\n<li>Ports USB pour l&#8217;exportation d&#8217;images et de vid\u00e9os<\/li>\n<li>Compatible avec les accessoires Microsoft Surface<\/li>\n<li>Sauvegarde automatique des images et des vid\u00e9os dans le nuage<\/li>\n<\/ul>\n<p>Les syst\u00e8mes ScanX peuvent \u00eatre entretenus \u00e0 distance et les mises \u00e0 jour logicielles sont livr\u00e9es sans que vous ayez \u00e0 envoyer votre appareil \u00e0 l&#8217;\u00e9tranger (<br \/>\n). L&#8217;aide est toujours disponible quand vous en avez besoin. <\/p>\n<p>Num\u00e9risez en toute confiance. Num\u00e9risez facilement. Scannez \u00e0 votre fa\u00e7on. &#8211; ScanX\u00ae Portable Ultrasound pour les \u00e9leveurs de chiens   <\/p>\n","protected":false},"excerpt":{"rendered":"<p><span style=\"font-weight: 400;\">Syst\u00e8me d&#8217;\u00e9chographie v\u00e9t\u00e9rinaire tr\u00e8s petit, l\u00e9ger et portable utilisant une tablette Microsoft Surface GO 2. Id\u00e9al pour les petits animaux et parfait pour les examens de reproduction des moutons, des ch\u00e8vres et des chiens. La Surface Go 2 est parfaitement portable, avec un \u00e9cran tactile de 10,5 pouces, une excellente r\u00e9solution et une autonomie exceptionnellement longue.<\/span><\/p>\n","protected":false},"featured_media":6341,"template":"","meta":{"_acf_changed":false,"inline_featured_image":false},"product_cat":[564,500,574],"product_tag":[994,992,993,632],"berocket_brand":[623],"class_list":{"0":"post-5048","1":"product","2":"type-product","3":"status-publish","4":"has-post-thumbnail","6":"product_cat-echographes-portables","7":"product_cat-eleveurs","8":"product_cat-ultrasons-portables-et-accessoires","9":"product_tag-echographie-canine","10":"product_tag-echographie-des-petits-animaux","11":"product_tag-echographie-du-chat","12":"product_tag-vis-fr","13":"pa_applications-abdominal-fr","14":"pa_applications-diagnostic-de-base-des-petits-animaux","15":"pa_applications-diagnostic-des-tissus-mous","16":"pa_applications-examens-de-structure-superficielle","17":"pa_applications-grossesse","18":"pa_applications-reproduction-fr","19":"pa_applications-urologie","20":"pa_applications-uterus-fr","21":"pa_species-chats","22":"pa_species-chevres","23":"pa_species-chiens","24":"pa_species-moutons","25":"berocket_brand-vis-fr","27":"first","28":"instock","29":"taxable","30":"shipping-taxable","31":"purchasable","32":"product-type-variable","33":"has-default-attributes"},"acf":[],"yoast_head":"<!-- This site is optimized with the Yoast SEO plugin v26.8 - https:\/\/yoast.com\/product\/yoast-seo-wordpress\/ -->\n<title>VIS Tablette ScanX 8GB avec option sonde | ViiSona<\/title>\n<meta name=\"description\" content=\"D\u00e9couvrez le VIS ScanX : un syst\u00e8me d&#039;\u00e9chographie v\u00e9t\u00e9rinaire portable. Parfait pour les petits animaux et les petits ruminants, il offre une imagerie haute r\u00e9solution et des fonctions d&#039;\u00e9cran tactile faciles \u00e0 utiliser. Avec des options pour les sondes Micro Convex et Convex, il est con\u00e7u pour des examens pr\u00e9cis de la reproduction. Con\u00e7u sp\u00e9cifiquement pour la d\u00e9tection de la gestation chez les petits animaux, le ScanX fournit des images haute r\u00e9solution. Gr\u00e2ce au service et \u00e0 l&#039;assistance nord-am\u00e9ricains, vous pouvez faire confiance \u00e0 la fiabilit\u00e9 et \u00e0 la s\u00e9curit\u00e9 de votre syst\u00e8me d&#039;\u00e9chographie.\" \/>\n<meta name=\"robots\" content=\"index, follow, max-snippet:-1, max-image-preview:large, max-video-preview:-1\" \/>\n<link rel=\"canonical\" href=\"https:\/\/viisona.com\/fr\/product\/tablette-scanx-8gb-avec-option-sonde\/\" \/>\n<meta property=\"og:locale\" content=\"fr_FR\" \/>\n<meta property=\"og:type\" content=\"article\" \/>\n<meta property=\"og:title\" content=\"VIS Tablette ScanX 8GB avec option sonde | ViiSona\" \/>\n<meta property=\"og:description\" content=\"D\u00e9couvrez le VIS ScanX : un syst\u00e8me d&#039;\u00e9chographie v\u00e9t\u00e9rinaire portable. Parfait pour les petits animaux et les petits ruminants, il offre une imagerie haute r\u00e9solution et des fonctions d&#039;\u00e9cran tactile faciles \u00e0 utiliser. Avec des options pour les sondes Micro Convex et Convex, il est con\u00e7u pour des examens pr\u00e9cis de la reproduction. Con\u00e7u sp\u00e9cifiquement pour la d\u00e9tection de la gestation chez les petits animaux, le ScanX fournit des images haute r\u00e9solution. Gr\u00e2ce au service et \u00e0 l&#039;assistance nord-am\u00e9ricains, vous pouvez faire confiance \u00e0 la fiabilit\u00e9 et \u00e0 la s\u00e9curit\u00e9 de votre syst\u00e8me d&#039;\u00e9chographie.\" \/>\n<meta property=\"og:url\" content=\"https:\/\/viisona.com\/fr\/product\/tablette-scanx-8gb-avec-option-sonde\/\" \/>\n<meta property=\"og:site_name\" content=\"ViiSona\" \/>\n<meta property=\"article:modified_time\" content=\"2026-02-18T05:53:29+00:00\" \/>\n<meta property=\"og:image\" content=\"https:\/\/viisona.com\/wp-content\/uploads\/2021\/11\/scanx-wireless-micro.jpg\" \/>\n\t<meta property=\"og:image:width\" content=\"2048\" \/>\n\t<meta property=\"og:image:height\" content=\"2048\" \/>\n\t<meta property=\"og:image:type\" content=\"image\/jpeg\" \/>\n<meta name=\"twitter:card\" content=\"summary_large_image\" \/>\n<meta name=\"twitter:label1\" content=\"Dur\u00e9e de lecture estim\u00e9e\" \/>\n\t<meta name=\"twitter:data1\" content=\"3 minutes\" \/>\n<script type=\"application\/ld+json\" class=\"yoast-schema-graph\">{\"@context\":\"https:\/\/schema.org\",\"@graph\":[{\"@type\":\"WebPage\",\"@id\":\"https:\/\/viisona.com\/fr\/product\/tablette-scanx-8gb-avec-option-sonde\/\",\"url\":\"https:\/\/viisona.com\/fr\/product\/tablette-scanx-8gb-avec-option-sonde\/\",\"name\":\"VIS Tablette ScanX 8GB avec option sonde | ViiSona\",\"isPartOf\":{\"@id\":\"https:\/\/viisona.com\/fr\/#website\"},\"primaryImageOfPage\":{\"@id\":\"https:\/\/viisona.com\/fr\/product\/tablette-scanx-8gb-avec-option-sonde\/#primaryimage\"},\"image\":{\"@id\":\"https:\/\/viisona.com\/fr\/product\/tablette-scanx-8gb-avec-option-sonde\/#primaryimage\"},\"thumbnailUrl\":\"https:\/\/viisona.com\/wp-content\/uploads\/2021\/11\/scanx-wireless-micro.jpg\",\"datePublished\":\"2021-11-25T03:33:53+00:00\",\"dateModified\":\"2026-02-18T05:53:29+00:00\",\"description\":\"D\u00e9couvrez le VIS ScanX : un syst\u00e8me d'\u00e9chographie v\u00e9t\u00e9rinaire portable. Parfait pour les petits animaux et les petits ruminants, il offre une imagerie haute r\u00e9solution et des fonctions d'\u00e9cran tactile faciles \u00e0 utiliser. Avec des options pour les sondes Micro Convex et Convex, il est con\u00e7u pour des examens pr\u00e9cis de la reproduction. Con\u00e7u sp\u00e9cifiquement pour la d\u00e9tection de la gestation chez les petits animaux, le ScanX fournit des images haute r\u00e9solution. Gr\u00e2ce au service et \u00e0 l'assistance nord-am\u00e9ricains, vous pouvez faire confiance \u00e0 la fiabilit\u00e9 et \u00e0 la s\u00e9curit\u00e9 de votre syst\u00e8me d'\u00e9chographie.\",\"breadcrumb\":{\"@id\":\"https:\/\/viisona.com\/fr\/product\/tablette-scanx-8gb-avec-option-sonde\/#breadcrumb\"},\"inLanguage\":\"fr-FR\",\"potentialAction\":[{\"@type\":\"ReadAction\",\"target\":[\"https:\/\/viisona.com\/fr\/product\/tablette-scanx-8gb-avec-option-sonde\/\"]}]},{\"@type\":\"ImageObject\",\"inLanguage\":\"fr-FR\",\"@id\":\"https:\/\/viisona.com\/fr\/product\/tablette-scanx-8gb-avec-option-sonde\/#primaryimage\",\"url\":\"https:\/\/viisona.com\/wp-content\/uploads\/2021\/11\/scanx-wireless-micro.jpg\",\"contentUrl\":\"https:\/\/viisona.com\/wp-content\/uploads\/2021\/11\/scanx-wireless-micro.jpg\",\"width\":2048,\"height\":2048},{\"@type\":\"BreadcrumbList\",\"@id\":\"https:\/\/viisona.com\/fr\/product\/tablette-scanx-8gb-avec-option-sonde\/#breadcrumb\",\"itemListElement\":[{\"@type\":\"ListItem\",\"position\":1,\"name\":\"Home\",\"item\":\"https:\/\/viisona.com\/fr\/accueil\/\"},{\"@type\":\"ListItem\",\"position\":2,\"name\":\"Boutique\",\"item\":\"https:\/\/viisona.com\/fr\/boutique\/\"},{\"@type\":\"ListItem\",\"position\":3,\"name\":\"Tablette ScanX 8GB avec option sonde\"}]},{\"@type\":\"WebSite\",\"@id\":\"https:\/\/viisona.com\/fr\/#website\",\"url\":\"https:\/\/viisona.com\/fr\/\",\"name\":\"ViiSona\",\"description\":\"Am\u00e9liorer les r\u00e9sultats pour les agriculteurs et les s\u00e9lectionneurs dans les communaut\u00e9s agricoles et de s\u00e9lection.\",\"publisher\":{\"@id\":\"https:\/\/viisona.com\/fr\/#organization\"},\"potentialAction\":[{\"@type\":\"SearchAction\",\"target\":{\"@type\":\"EntryPoint\",\"urlTemplate\":\"https:\/\/viisona.com\/fr\/?s={search_term_string}\"},\"query-input\":{\"@type\":\"PropertyValueSpecification\",\"valueRequired\":true,\"valueName\":\"search_term_string\"}}],\"inLanguage\":\"fr-FR\"},{\"@type\":\"Organization\",\"@id\":\"https:\/\/viisona.com\/fr\/#organization\",\"name\":\"ViiSona\",\"url\":\"https:\/\/viisona.com\/fr\/\",\"logo\":{\"@type\":\"ImageObject\",\"inLanguage\":\"fr-FR\",\"@id\":\"https:\/\/viisona.com\/fr\/#\/schema\/logo\/image\/\",\"url\":\"https:\/\/viisona.com\/wp-content\/uploads\/2020\/08\/viisona_1_FULLY_RASTERED.png\",\"contentUrl\":\"https:\/\/viisona.com\/wp-content\/uploads\/2020\/08\/viisona_1_FULLY_RASTERED.png\",\"width\":1080,\"height\":307,\"caption\":\"ViiSona\"},\"image\":{\"@id\":\"https:\/\/viisona.com\/fr\/#\/schema\/logo\/image\/\"}}]}<\/script>\n<!-- \/ Yoast SEO plugin. -->","yoast_head_json":{"title":"VIS Tablette ScanX 8GB avec option sonde | ViiSona","description":"D\u00e9couvrez le VIS ScanX : un syst\u00e8me d'\u00e9chographie v\u00e9t\u00e9rinaire portable. Parfait pour les petits animaux et les petits ruminants, il offre une imagerie haute r\u00e9solution et des fonctions d'\u00e9cran tactile faciles \u00e0 utiliser. Avec des options pour les sondes Micro Convex et Convex, il est con\u00e7u pour des examens pr\u00e9cis de la reproduction. Con\u00e7u sp\u00e9cifiquement pour la d\u00e9tection de la gestation chez les petits animaux, le ScanX fournit des images haute r\u00e9solution. Gr\u00e2ce au service et \u00e0 l'assistance nord-am\u00e9ricains, vous pouvez faire confiance \u00e0 la fiabilit\u00e9 et \u00e0 la s\u00e9curit\u00e9 de votre syst\u00e8me d'\u00e9chographie.","robots":{"index":"index","follow":"follow","max-snippet":"max-snippet:-1","max-image-preview":"max-image-preview:large","max-video-preview":"max-video-preview:-1"},"canonical":"https:\/\/viisona.com\/fr\/product\/tablette-scanx-8gb-avec-option-sonde\/","og_locale":"fr_FR","og_type":"article","og_title":"VIS Tablette ScanX 8GB avec option sonde | ViiSona","og_description":"D\u00e9couvrez le VIS ScanX : un syst\u00e8me d'\u00e9chographie v\u00e9t\u00e9rinaire portable. Parfait pour les petits animaux et les petits ruminants, il offre une imagerie haute r\u00e9solution et des fonctions d'\u00e9cran tactile faciles \u00e0 utiliser. Avec des options pour les sondes Micro Convex et Convex, il est con\u00e7u pour des examens pr\u00e9cis de la reproduction. Con\u00e7u sp\u00e9cifiquement pour la d\u00e9tection de la gestation chez les petits animaux, le ScanX fournit des images haute r\u00e9solution. Gr\u00e2ce au service et \u00e0 l'assistance nord-am\u00e9ricains, vous pouvez faire confiance \u00e0 la fiabilit\u00e9 et \u00e0 la s\u00e9curit\u00e9 de votre syst\u00e8me d'\u00e9chographie.","og_url":"https:\/\/viisona.com\/fr\/product\/tablette-scanx-8gb-avec-option-sonde\/","og_site_name":"ViiSona","article_modified_time":"2026-02-18T05:53:29+00:00","og_image":[{"width":2048,"height":2048,"url":"https:\/\/viisona.com\/wp-content\/uploads\/2021\/11\/scanx-wireless-micro.jpg","type":"image\/jpeg"}],"twitter_card":"summary_large_image","twitter_misc":{"Dur\u00e9e de lecture estim\u00e9e":"3 minutes"},"schema":{"@context":"https:\/\/schema.org","@graph":[{"@type":"WebPage","@id":"https:\/\/viisona.com\/fr\/product\/tablette-scanx-8gb-avec-option-sonde\/","url":"https:\/\/viisona.com\/fr\/product\/tablette-scanx-8gb-avec-option-sonde\/","name":"VIS Tablette ScanX 8GB avec option sonde | ViiSona","isPartOf":{"@id":"https:\/\/viisona.com\/fr\/#website"},"primaryImageOfPage":{"@id":"https:\/\/viisona.com\/fr\/product\/tablette-scanx-8gb-avec-option-sonde\/#primaryimage"},"image":{"@id":"https:\/\/viisona.com\/fr\/product\/tablette-scanx-8gb-avec-option-sonde\/#primaryimage"},"thumbnailUrl":"https:\/\/viisona.com\/wp-content\/uploads\/2021\/11\/scanx-wireless-micro.jpg","datePublished":"2021-11-25T03:33:53+00:00","dateModified":"2026-02-18T05:53:29+00:00","description":"D\u00e9couvrez le VIS ScanX : un syst\u00e8me d'\u00e9chographie v\u00e9t\u00e9rinaire portable. Parfait pour les petits animaux et les petits ruminants, il offre une imagerie haute r\u00e9solution et des fonctions d'\u00e9cran tactile faciles \u00e0 utiliser. Avec des options pour les sondes Micro Convex et Convex, il est con\u00e7u pour des examens pr\u00e9cis de la reproduction. Con\u00e7u sp\u00e9cifiquement pour la d\u00e9tection de la gestation chez les petits animaux, le ScanX fournit des images haute r\u00e9solution. Gr\u00e2ce au service et \u00e0 l'assistance nord-am\u00e9ricains, vous pouvez faire confiance \u00e0 la fiabilit\u00e9 et \u00e0 la s\u00e9curit\u00e9 de votre syst\u00e8me d'\u00e9chographie.","breadcrumb":{"@id":"https:\/\/viisona.com\/fr\/product\/tablette-scanx-8gb-avec-option-sonde\/#breadcrumb"},"inLanguage":"fr-FR","potentialAction":[{"@type":"ReadAction","target":["https:\/\/viisona.com\/fr\/product\/tablette-scanx-8gb-avec-option-sonde\/"]}]},{"@type":"ImageObject","inLanguage":"fr-FR","@id":"https:\/\/viisona.com\/fr\/product\/tablette-scanx-8gb-avec-option-sonde\/#primaryimage","url":"https:\/\/viisona.com\/wp-content\/uploads\/2021\/11\/scanx-wireless-micro.jpg","contentUrl":"https:\/\/viisona.com\/wp-content\/uploads\/2021\/11\/scanx-wireless-micro.jpg","width":2048,"height":2048},{"@type":"BreadcrumbList","@id":"https:\/\/viisona.com\/fr\/product\/tablette-scanx-8gb-avec-option-sonde\/#breadcrumb","itemListElement":[{"@type":"ListItem","position":1,"name":"Home","item":"https:\/\/viisona.com\/fr\/accueil\/"},{"@type":"ListItem","position":2,"name":"Boutique","item":"https:\/\/viisona.com\/fr\/boutique\/"},{"@type":"ListItem","position":3,"name":"Tablette ScanX 8GB avec option sonde"}]},{"@type":"WebSite","@id":"https:\/\/viisona.com\/fr\/#website","url":"https:\/\/viisona.com\/fr\/","name":"ViiSona","description":"Am\u00e9liorer les r\u00e9sultats pour les agriculteurs et les s\u00e9lectionneurs dans les communaut\u00e9s agricoles et de s\u00e9lection.","publisher":{"@id":"https:\/\/viisona.com\/fr\/#organization"},"potentialAction":[{"@type":"SearchAction","target":{"@type":"EntryPoint","urlTemplate":"https:\/\/viisona.com\/fr\/?s={search_term_string}"},"query-input":{"@type":"PropertyValueSpecification","valueRequired":true,"valueName":"search_term_string"}}],"inLanguage":"fr-FR"},{"@type":"Organization","@id":"https:\/\/viisona.com\/fr\/#organization","name":"ViiSona","url":"https:\/\/viisona.com\/fr\/","logo":{"@type":"ImageObject","inLanguage":"fr-FR","@id":"https:\/\/viisona.com\/fr\/#\/schema\/logo\/image\/","url":"https:\/\/viisona.com\/wp-content\/uploads\/2020\/08\/viisona_1_FULLY_RASTERED.png","contentUrl":"https:\/\/viisona.com\/wp-content\/uploads\/2020\/08\/viisona_1_FULLY_RASTERED.png","width":1080,"height":307,"caption":"ViiSona"},"image":{"@id":"https:\/\/viisona.com\/fr\/#\/schema\/logo\/image\/"}}]}},"jetpack_sharing_enabled":true,"_links":{"self":[{"href":"https:\/\/viisona.com\/fr\/wp-json\/wp\/v2\/product\/5048","targetHints":{"allow":["GET"]}}],"collection":[{"href":"https:\/\/viisona.com\/fr\/wp-json\/wp\/v2\/product"}],"about":[{"href":"https:\/\/viisona.com\/fr\/wp-json\/wp\/v2\/types\/product"}],"wp:featuredmedia":[{"embeddable":true,"href":"https:\/\/viisona.com\/fr\/wp-json\/wp\/v2\/media\/6341"}],"wp:attachment":[{"href":"https:\/\/viisona.com\/fr\/wp-json\/wp\/v2\/media?parent=5048"}],"wp:term":[{"taxonomy":"product_cat","embeddable":true,"href":"https:\/\/viisona.com\/fr\/wp-json\/wp\/v2\/product_cat?post=5048"},{"taxonomy":"product_tag","embeddable":true,"href":"https:\/\/viisona.com\/fr\/wp-json\/wp\/v2\/product_tag?post=5048"},{"taxonomy":"berocket_brand","embeddable":true,"href":"https:\/\/viisona.com\/fr\/wp-json\/wp\/v2\/berocket_brand?post=5048"}],"curies":[{"name":"wp","href":"https:\/\/api.w.org\/{rel}","templated":true}]}}