{"id":5046,"date":"2020-10-26T14:45:52","date_gmt":"2020-10-26T14:45:52","guid":{"rendered":"https:\/\/viisona.com\/shop\/non%20class\u00e9\/mini-echographe-sonofarm\/"},"modified":"2026-02-18T06:00:35","modified_gmt":"2026-02-18T06:00:35","slug":"mini-echographe-sonofarm","status":"publish","type":"product","link":"https:\/\/viisona.com\/fr\/product\/mini-echographe-sonofarm\/","title":{"rendered":"Mini \u00e9chographe SonoFarm"},"content":{"rendered":"<p>Syst\u00e8me d&#8217;\u00e9chographie portable, l\u00e9ger et robuste, con\u00e7u sp\u00e9cialement pour le travail sur le terrain. Le Sonofarm Mini est excellent pour le contr\u00f4le de la gestation du troupeau. Il comprend toutes les fonctions de base et les plus importantes pour d\u00e9tecter la gestation des animaux et fonctionne en mode B pour un balayage en direct.<\/p>\n<p>Le SonoFarm Mini offre une autonomie de 6 heures gr\u00e2ce \u00e0 une batterie lithium-ion externe rechargeable. Il est parfait pour confirmer ou exclure rapidement la gestation chez les petits ruminants, les truies, les brebis, les ch\u00e8vres et les bovins.<\/p>\n<p>Le SonoFarm mini fonctionne avec trois sondes m\u00e9caniques interchangeables avec un grand angle de vue : rectale 180\u00ba, abdominale 90\u00ba et rectale-abdominale &#8220;Down Fire&#8221; 90\u00ba, qui peuvent \u00eatre utilis\u00e9es pour l&#8217;examen abdominal (mouton, porc, ch\u00e8vre) et l&#8217;examen rectal (vache).<\/p>\n<p>La sonde abdomino-rectale polyvalente &#8220;Down Fire&#8221; est une excellente solution pour les sp\u00e9cialistes de l&#8217;ins\u00e9mination qui travaillent avec diff\u00e9rentes esp\u00e8ces.<\/p>\n<p><strong>L&#8217;ensemble comprend<\/strong><\/p>\n<ul>\n<li>Ceintures de cou et de taille<\/li>\n<li>Batterie externe : Li-Ion 14,4V\/3,1A<\/li>\n<li>Chargeur de batterie d\u00e9di\u00e9 (avec fils)<\/li>\n<li>Valise de transport avec mousse de remplissage<\/li>\n<li>Gel ultrasonique<\/li>\n<li>Le manuel<\/li>\n<\/ul>\n","protected":false},"excerpt":{"rendered":"<p><span style=\"font-weight: 400;\">Syst\u00e8me d&#8217;\u00e9chographie portable, l\u00e9ger et robuste, con\u00e7u sp\u00e9cialement pour le travail sur le terrain. Le SonoFarm Mini est excellent pour le contr\u00f4le de la gestation des troupeaux et id\u00e9al pour les petits ruminants et les porcs.  <\/span><\/p>\n","protected":false},"featured_media":4296,"template":"","meta":{"_acf_changed":false,"inline_featured_image":false},"product_cat":[491,564,500,490,574],"product_tag":[531],"berocket_brand":[502],"class_list":{"0":"post-5046","1":"product","2":"type-product","3":"status-publish","4":"has-post-thumbnail","6":"product_cat-appareils-a-ultrasons-portables","7":"product_cat-echographes-portables","8":"product_cat-eleveurs","9":"product_cat-producteurs","10":"product_cat-ultrasons-portables-et-accessoires","11":"product_tag-draminski-fr","12":"pa_applications-abdominal-fr","13":"pa_applications-grossesse","14":"pa_species-bovins-de-boucherie","15":"pa_species-bovins-laitiers","16":"pa_species-chevaux","17":"pa_species-chevres","18":"pa_species-moutons","19":"pa_species-porcs","20":"berocket_brand-draminski-fr","22":"first","23":"instock","24":"taxable","25":"shipping-taxable","26":"purchasable","27":"product-type-simple"},"acf":[],"yoast_head":"<!-- This site is optimized with the Yoast SEO plugin v26.8 - https:\/\/yoast.com\/product\/yoast-seo-wordpress\/ -->\n<title>Draminski Mini \u00e9chographe SonoFarm | ViiSona<\/title>\n<meta name=\"description\" content=\"Am\u00e9liorez votre programme d&#039;\u00e9levage avec le mini-syst\u00e8me d&#039;\u00e9chographie portable Sonofarm. Con\u00e7u pour le travail sur le terrain, cet \u00e9chographe l\u00e9ger et robuste permet un contr\u00f4le efficace de la gestation des petits ruminants et des porcs. Dot\u00e9 d&#039;une batterie lithium-ion rechargeable offrant jusqu&#039;\u00e0 6 heures d&#039;autonomie, il permet de confirmer ou d&#039;exclure rapidement et pr\u00e9cis\u00e9ment une gestation. Dot\u00e9 de trois sondes m\u00e9caniques pour un balayage polyvalent, de commandes intuitives et d&#039;une durabilit\u00e9 extr\u00eame, c&#039;est la solution id\u00e9ale pour les \u00e9leveurs canadiens \u00e0 la recherche d&#039;une gestion fiable et efficace de leur troupeau.\" \/>\n<meta name=\"robots\" content=\"index, follow, max-snippet:-1, max-image-preview:large, max-video-preview:-1\" \/>\n<link rel=\"canonical\" href=\"https:\/\/viisona.com\/fr\/product\/mini-echographe-sonofarm\/\" \/>\n<meta property=\"og:locale\" content=\"fr_FR\" \/>\n<meta property=\"og:type\" content=\"article\" \/>\n<meta property=\"og:title\" content=\"Draminski Mini \u00e9chographe SonoFarm | ViiSona\" \/>\n<meta property=\"og:description\" content=\"Am\u00e9liorez votre programme d&#039;\u00e9levage avec le mini-syst\u00e8me d&#039;\u00e9chographie portable Sonofarm. Con\u00e7u pour le travail sur le terrain, cet \u00e9chographe l\u00e9ger et robuste permet un contr\u00f4le efficace de la gestation des petits ruminants et des porcs. Dot\u00e9 d&#039;une batterie lithium-ion rechargeable offrant jusqu&#039;\u00e0 6 heures d&#039;autonomie, il permet de confirmer ou d&#039;exclure rapidement et pr\u00e9cis\u00e9ment une gestation. Dot\u00e9 de trois sondes m\u00e9caniques pour un balayage polyvalent, de commandes intuitives et d&#039;une durabilit\u00e9 extr\u00eame, c&#039;est la solution id\u00e9ale pour les \u00e9leveurs canadiens \u00e0 la recherche d&#039;une gestion fiable et efficace de leur troupeau.\" \/>\n<meta property=\"og:url\" content=\"https:\/\/viisona.com\/fr\/product\/mini-echographe-sonofarm\/\" \/>\n<meta property=\"og:site_name\" content=\"ViiSona\" \/>\n<meta property=\"article:modified_time\" content=\"2026-02-18T06:00:35+00:00\" \/>\n<meta property=\"og:image\" content=\"https:\/\/viisona.com\/wp-content\/uploads\/2020\/10\/SONOFARM_MINI_DRAMINSKI.jpg\" \/>\n\t<meta property=\"og:image:width\" content=\"1080\" \/>\n\t<meta property=\"og:image:height\" content=\"1080\" \/>\n\t<meta property=\"og:image:type\" content=\"image\/jpeg\" \/>\n<meta name=\"twitter:card\" content=\"summary_large_image\" \/>\n<meta name=\"twitter:label1\" content=\"Dur\u00e9e de lecture estim\u00e9e\" \/>\n\t<meta name=\"twitter:data1\" content=\"1 minute\" \/>\n<script type=\"application\/ld+json\" class=\"yoast-schema-graph\">{\"@context\":\"https:\/\/schema.org\",\"@graph\":[{\"@type\":\"WebPage\",\"@id\":\"https:\/\/viisona.com\/fr\/product\/mini-echographe-sonofarm\/\",\"url\":\"https:\/\/viisona.com\/fr\/product\/mini-echographe-sonofarm\/\",\"name\":\"Draminski Mini \u00e9chographe SonoFarm | ViiSona\",\"isPartOf\":{\"@id\":\"https:\/\/viisona.com\/fr\/#website\"},\"primaryImageOfPage\":{\"@id\":\"https:\/\/viisona.com\/fr\/product\/mini-echographe-sonofarm\/#primaryimage\"},\"image\":{\"@id\":\"https:\/\/viisona.com\/fr\/product\/mini-echographe-sonofarm\/#primaryimage\"},\"thumbnailUrl\":\"https:\/\/viisona.com\/wp-content\/uploads\/2020\/10\/SONOFARM_MINI_DRAMINSKI.jpg\",\"datePublished\":\"2020-10-26T14:45:52+00:00\",\"dateModified\":\"2026-02-18T06:00:35+00:00\",\"description\":\"Am\u00e9liorez votre programme d'\u00e9levage avec le mini-syst\u00e8me d'\u00e9chographie portable Sonofarm. Con\u00e7u pour le travail sur le terrain, cet \u00e9chographe l\u00e9ger et robuste permet un contr\u00f4le efficace de la gestation des petits ruminants et des porcs. Dot\u00e9 d'une batterie lithium-ion rechargeable offrant jusqu'\u00e0 6 heures d'autonomie, il permet de confirmer ou d'exclure rapidement et pr\u00e9cis\u00e9ment une gestation. Dot\u00e9 de trois sondes m\u00e9caniques pour un balayage polyvalent, de commandes intuitives et d'une durabilit\u00e9 extr\u00eame, c'est la solution id\u00e9ale pour les \u00e9leveurs canadiens \u00e0 la recherche d'une gestion fiable et efficace de leur troupeau.\",\"breadcrumb\":{\"@id\":\"https:\/\/viisona.com\/fr\/product\/mini-echographe-sonofarm\/#breadcrumb\"},\"inLanguage\":\"fr-FR\",\"potentialAction\":[{\"@type\":\"ReadAction\",\"target\":[\"https:\/\/viisona.com\/fr\/product\/mini-echographe-sonofarm\/\"]}]},{\"@type\":\"ImageObject\",\"inLanguage\":\"fr-FR\",\"@id\":\"https:\/\/viisona.com\/fr\/product\/mini-echographe-sonofarm\/#primaryimage\",\"url\":\"https:\/\/viisona.com\/wp-content\/uploads\/2020\/10\/SONOFARM_MINI_DRAMINSKI.jpg\",\"contentUrl\":\"https:\/\/viisona.com\/wp-content\/uploads\/2020\/10\/SONOFARM_MINI_DRAMINSKI.jpg\",\"width\":1080,\"height\":1080},{\"@type\":\"BreadcrumbList\",\"@id\":\"https:\/\/viisona.com\/fr\/product\/mini-echographe-sonofarm\/#breadcrumb\",\"itemListElement\":[{\"@type\":\"ListItem\",\"position\":1,\"name\":\"Home\",\"item\":\"https:\/\/viisona.com\/fr\/accueil\/\"},{\"@type\":\"ListItem\",\"position\":2,\"name\":\"Boutique\",\"item\":\"https:\/\/viisona.com\/fr\/boutique\/\"},{\"@type\":\"ListItem\",\"position\":3,\"name\":\"Mini \u00e9chographe SonoFarm\"}]},{\"@type\":\"WebSite\",\"@id\":\"https:\/\/viisona.com\/fr\/#website\",\"url\":\"https:\/\/viisona.com\/fr\/\",\"name\":\"ViiSona\",\"description\":\"Am\u00e9liorer les r\u00e9sultats pour les agriculteurs et les s\u00e9lectionneurs dans les communaut\u00e9s agricoles et de s\u00e9lection.\",\"publisher\":{\"@id\":\"https:\/\/viisona.com\/fr\/#organization\"},\"potentialAction\":[{\"@type\":\"SearchAction\",\"target\":{\"@type\":\"EntryPoint\",\"urlTemplate\":\"https:\/\/viisona.com\/fr\/?s={search_term_string}\"},\"query-input\":{\"@type\":\"PropertyValueSpecification\",\"valueRequired\":true,\"valueName\":\"search_term_string\"}}],\"inLanguage\":\"fr-FR\"},{\"@type\":\"Organization\",\"@id\":\"https:\/\/viisona.com\/fr\/#organization\",\"name\":\"ViiSona\",\"url\":\"https:\/\/viisona.com\/fr\/\",\"logo\":{\"@type\":\"ImageObject\",\"inLanguage\":\"fr-FR\",\"@id\":\"https:\/\/viisona.com\/fr\/#\/schema\/logo\/image\/\",\"url\":\"https:\/\/viisona.com\/wp-content\/uploads\/2020\/08\/viisona_1_FULLY_RASTERED.png\",\"contentUrl\":\"https:\/\/viisona.com\/wp-content\/uploads\/2020\/08\/viisona_1_FULLY_RASTERED.png\",\"width\":1080,\"height\":307,\"caption\":\"ViiSona\"},\"image\":{\"@id\":\"https:\/\/viisona.com\/fr\/#\/schema\/logo\/image\/\"}}]}<\/script>\n<!-- \/ Yoast SEO plugin. -->","yoast_head_json":{"title":"Draminski Mini \u00e9chographe SonoFarm | ViiSona","description":"Am\u00e9liorez votre programme d'\u00e9levage avec le mini-syst\u00e8me d'\u00e9chographie portable Sonofarm. Con\u00e7u pour le travail sur le terrain, cet \u00e9chographe l\u00e9ger et robuste permet un contr\u00f4le efficace de la gestation des petits ruminants et des porcs. Dot\u00e9 d'une batterie lithium-ion rechargeable offrant jusqu'\u00e0 6 heures d'autonomie, il permet de confirmer ou d'exclure rapidement et pr\u00e9cis\u00e9ment une gestation. Dot\u00e9 de trois sondes m\u00e9caniques pour un balayage polyvalent, de commandes intuitives et d'une durabilit\u00e9 extr\u00eame, c'est la solution id\u00e9ale pour les \u00e9leveurs canadiens \u00e0 la recherche d'une gestion fiable et efficace de leur troupeau.","robots":{"index":"index","follow":"follow","max-snippet":"max-snippet:-1","max-image-preview":"max-image-preview:large","max-video-preview":"max-video-preview:-1"},"canonical":"https:\/\/viisona.com\/fr\/product\/mini-echographe-sonofarm\/","og_locale":"fr_FR","og_type":"article","og_title":"Draminski Mini \u00e9chographe SonoFarm | ViiSona","og_description":"Am\u00e9liorez votre programme d'\u00e9levage avec le mini-syst\u00e8me d'\u00e9chographie portable Sonofarm. Con\u00e7u pour le travail sur le terrain, cet \u00e9chographe l\u00e9ger et robuste permet un contr\u00f4le efficace de la gestation des petits ruminants et des porcs. Dot\u00e9 d'une batterie lithium-ion rechargeable offrant jusqu'\u00e0 6 heures d'autonomie, il permet de confirmer ou d'exclure rapidement et pr\u00e9cis\u00e9ment une gestation. Dot\u00e9 de trois sondes m\u00e9caniques pour un balayage polyvalent, de commandes intuitives et d'une durabilit\u00e9 extr\u00eame, c'est la solution id\u00e9ale pour les \u00e9leveurs canadiens \u00e0 la recherche d'une gestion fiable et efficace de leur troupeau.","og_url":"https:\/\/viisona.com\/fr\/product\/mini-echographe-sonofarm\/","og_site_name":"ViiSona","article_modified_time":"2026-02-18T06:00:35+00:00","og_image":[{"width":1080,"height":1080,"url":"https:\/\/viisona.com\/wp-content\/uploads\/2020\/10\/SONOFARM_MINI_DRAMINSKI.jpg","type":"image\/jpeg"}],"twitter_card":"summary_large_image","twitter_misc":{"Dur\u00e9e de lecture estim\u00e9e":"1 minute"},"schema":{"@context":"https:\/\/schema.org","@graph":[{"@type":"WebPage","@id":"https:\/\/viisona.com\/fr\/product\/mini-echographe-sonofarm\/","url":"https:\/\/viisona.com\/fr\/product\/mini-echographe-sonofarm\/","name":"Draminski Mini \u00e9chographe SonoFarm | ViiSona","isPartOf":{"@id":"https:\/\/viisona.com\/fr\/#website"},"primaryImageOfPage":{"@id":"https:\/\/viisona.com\/fr\/product\/mini-echographe-sonofarm\/#primaryimage"},"image":{"@id":"https:\/\/viisona.com\/fr\/product\/mini-echographe-sonofarm\/#primaryimage"},"thumbnailUrl":"https:\/\/viisona.com\/wp-content\/uploads\/2020\/10\/SONOFARM_MINI_DRAMINSKI.jpg","datePublished":"2020-10-26T14:45:52+00:00","dateModified":"2026-02-18T06:00:35+00:00","description":"Am\u00e9liorez votre programme d'\u00e9levage avec le mini-syst\u00e8me d'\u00e9chographie portable Sonofarm. Con\u00e7u pour le travail sur le terrain, cet \u00e9chographe l\u00e9ger et robuste permet un contr\u00f4le efficace de la gestation des petits ruminants et des porcs. Dot\u00e9 d'une batterie lithium-ion rechargeable offrant jusqu'\u00e0 6 heures d'autonomie, il permet de confirmer ou d'exclure rapidement et pr\u00e9cis\u00e9ment une gestation. Dot\u00e9 de trois sondes m\u00e9caniques pour un balayage polyvalent, de commandes intuitives et d'une durabilit\u00e9 extr\u00eame, c'est la solution id\u00e9ale pour les \u00e9leveurs canadiens \u00e0 la recherche d'une gestion fiable et efficace de leur troupeau.","breadcrumb":{"@id":"https:\/\/viisona.com\/fr\/product\/mini-echographe-sonofarm\/#breadcrumb"},"inLanguage":"fr-FR","potentialAction":[{"@type":"ReadAction","target":["https:\/\/viisona.com\/fr\/product\/mini-echographe-sonofarm\/"]}]},{"@type":"ImageObject","inLanguage":"fr-FR","@id":"https:\/\/viisona.com\/fr\/product\/mini-echographe-sonofarm\/#primaryimage","url":"https:\/\/viisona.com\/wp-content\/uploads\/2020\/10\/SONOFARM_MINI_DRAMINSKI.jpg","contentUrl":"https:\/\/viisona.com\/wp-content\/uploads\/2020\/10\/SONOFARM_MINI_DRAMINSKI.jpg","width":1080,"height":1080},{"@type":"BreadcrumbList","@id":"https:\/\/viisona.com\/fr\/product\/mini-echographe-sonofarm\/#breadcrumb","itemListElement":[{"@type":"ListItem","position":1,"name":"Home","item":"https:\/\/viisona.com\/fr\/accueil\/"},{"@type":"ListItem","position":2,"name":"Boutique","item":"https:\/\/viisona.com\/fr\/boutique\/"},{"@type":"ListItem","position":3,"name":"Mini \u00e9chographe SonoFarm"}]},{"@type":"WebSite","@id":"https:\/\/viisona.com\/fr\/#website","url":"https:\/\/viisona.com\/fr\/","name":"ViiSona","description":"Am\u00e9liorer les r\u00e9sultats pour les agriculteurs et les s\u00e9lectionneurs dans les communaut\u00e9s agricoles et de s\u00e9lection.","publisher":{"@id":"https:\/\/viisona.com\/fr\/#organization"},"potentialAction":[{"@type":"SearchAction","target":{"@type":"EntryPoint","urlTemplate":"https:\/\/viisona.com\/fr\/?s={search_term_string}"},"query-input":{"@type":"PropertyValueSpecification","valueRequired":true,"valueName":"search_term_string"}}],"inLanguage":"fr-FR"},{"@type":"Organization","@id":"https:\/\/viisona.com\/fr\/#organization","name":"ViiSona","url":"https:\/\/viisona.com\/fr\/","logo":{"@type":"ImageObject","inLanguage":"fr-FR","@id":"https:\/\/viisona.com\/fr\/#\/schema\/logo\/image\/","url":"https:\/\/viisona.com\/wp-content\/uploads\/2020\/08\/viisona_1_FULLY_RASTERED.png","contentUrl":"https:\/\/viisona.com\/wp-content\/uploads\/2020\/08\/viisona_1_FULLY_RASTERED.png","width":1080,"height":307,"caption":"ViiSona"},"image":{"@id":"https:\/\/viisona.com\/fr\/#\/schema\/logo\/image\/"}}]}},"jetpack_sharing_enabled":true,"_links":{"self":[{"href":"https:\/\/viisona.com\/fr\/wp-json\/wp\/v2\/product\/5046","targetHints":{"allow":["GET"]}}],"collection":[{"href":"https:\/\/viisona.com\/fr\/wp-json\/wp\/v2\/product"}],"about":[{"href":"https:\/\/viisona.com\/fr\/wp-json\/wp\/v2\/types\/product"}],"wp:featuredmedia":[{"embeddable":true,"href":"https:\/\/viisona.com\/fr\/wp-json\/wp\/v2\/media\/4296"}],"wp:attachment":[{"href":"https:\/\/viisona.com\/fr\/wp-json\/wp\/v2\/media?parent=5046"}],"wp:term":[{"taxonomy":"product_cat","embeddable":true,"href":"https:\/\/viisona.com\/fr\/wp-json\/wp\/v2\/product_cat?post=5046"},{"taxonomy":"product_tag","embeddable":true,"href":"https:\/\/viisona.com\/fr\/wp-json\/wp\/v2\/product_tag?post=5046"},{"taxonomy":"berocket_brand","embeddable":true,"href":"https:\/\/viisona.com\/fr\/wp-json\/wp\/v2\/berocket_brand?post=5046"}],"curies":[{"name":"wp","href":"https:\/\/api.w.org\/{rel}","templated":true}]}}