{"id":5043,"date":"2023-01-11T02:52:13","date_gmt":"2023-01-11T02:52:13","guid":{"rendered":"https:\/\/viisona.com\/shop\/non%20class\u00e9\/insite-i3-oled-goggles-headset-pour-evo-ibex\/"},"modified":"2026-02-18T05:55:36","modified_gmt":"2026-02-18T05:55:36","slug":"insite-i3-oled-goggles-headset-pour-evo-ibex","status":"publish","type":"product","link":"https:\/\/viisona.com\/fr\/product\/insite-i3-oled-goggles-headset-pour-evo-ibex\/","title":{"rendered":"Insite i3 OLED Goggles Headset pour iBex EVO III"},"content":{"rendered":"<p style=\"font-weight: 400;\">Petit, l\u00e9ger et confortable. La conception permet de bien voir votre environnement pendant que vous travaillez.  Les lunettes OLED produisent une qualit\u00e9 d&#8217;image exceptionnelle, nette et lumineuse et consomment moins d&#8217;\u00e9nergie que l&#8217;\u00e9cran, ce qui vous permet de travailler plus longtemps.<\/p>\n<p style=\"font-weight: 400;\">La technologie OLED offre un contraste, un niveau de noir et une luminosit\u00e9 in\u00e9gal\u00e9s par rapport \u00e0 la technologie LED. Ce contr\u00f4le de la lumi\u00e8re au niveau du pixel, plut\u00f4t que le r\u00e9tro\u00e9clairage utilis\u00e9 dans les LED, permet un niveau de pr\u00e9cision et de contr\u00f4le sup\u00e9rieur \u00e0 l&#8217;\u00e9clairage par LED. Les noirs plus profonds de la technologie OLED permettent d&#8217;obtenir un contraste plus \u00e9lev\u00e9.<\/p>\n<p style=\"font-weight: 400;\">\u00c9cran(s) OLED couleur 800&#215;600 avec \u0153illetons sp\u00e9cialement con\u00e7us pour l&#8217;affichage \u00e0 l&#8217;int\u00e9rieur et \u00e0 l&#8217;ext\u00e9rieur. Se monte sur un chapeau, des lunettes ou une sangle de t\u00eate.<\/p>\n<p>&nbsp;<\/p>\n","protected":false},"excerpt":{"rendered":"<p>EI Medical i3 OLED Goggles Headset pour les mod\u00e8les d&#8217;\u00e9chographie EVO avec \u00e9tui de transport\/stockage.<\/p>\n","protected":false},"featured_media":4885,"template":"","meta":{"_acf_changed":false,"inline_featured_image":false},"product_cat":[542,490,483,562],"product_tag":[],"berocket_brand":[446],"class_list":{"0":"post-5043","1":"product","2":"type-product","3":"status-publish","4":"has-post-thumbnail","6":"product_cat-accessoires","7":"product_cat-producteurs","8":"product_cat-veterinaires","9":"product_cat-lunettes-de-protection","10":"pa_applications-carcas-merit-fr","11":"pa_applications-grossesse","12":"pa_applications-mesures-du-gras-dorsal","13":"pa_applications-poumons","14":"pa_applications-reproduction-fr","15":"pa_applications-uterus-fr","16":"pa_species-animaux-exotiques","17":"pa_species-bovins-de-boucherie","18":"pa_species-bovins-laitiers","19":"pa_species-chevaux","20":"berocket_brand-ibex-fr","22":"first","23":"instock","24":"taxable","25":"shipping-taxable","26":"purchasable","27":"product-type-variable"},"acf":[],"yoast_head":"<!-- This site is optimized with the Yoast SEO plugin v26.8 - https:\/\/yoast.com\/product\/yoast-seo-wordpress\/ -->\n<title>iBex Insite i3 OLED Goggles Headset pour iBex EVO III | ViiSona<\/title>\n<meta name=\"description\" content=\"Lunettes de protection EI Medical i3 OLED : Une exp\u00e9rience visuelle am\u00e9lior\u00e9e pour l&#039;\u00e9chographie v\u00e9t\u00e9rinaire B\u00e9n\u00e9ficiez d&#039;une clart\u00e9 visuelle et d&#039;un confort in\u00e9gal\u00e9s lors des proc\u00e9dures d&#039;\u00e9chographie v\u00e9t\u00e9rinaire gr\u00e2ce aux lunettes EI Medical i3 OLED. Compatible avec les mod\u00e8les d&#039;\u00e9chographie EVO, PRO, LITE et HR, ce casque monoculaire est livr\u00e9 avec un \u00e9tui de transport et de rangement pratique. Con\u00e7ues pour \u00eatre petites, l\u00e9g\u00e8res et confortables, les lunettes i3 OLED offrent une vision claire de votre environnement pendant que vous travaillez. La technologie OLED garantit une qualit\u00e9 d&#039;image exceptionnelle avec des images nettes et lumineuses tout en consommant moins d&#039;\u00e9nergie, ce qui permet de travailler plus longtemps. Gr\u00e2ce \u00e0 la technologie OLED, vous b\u00e9n\u00e9ficiez d&#039;un contraste, d&#039;un niveau de noir et d&#039;une luminosit\u00e9 in\u00e9gal\u00e9s par rapport \u00e0 la technologie LED. Le contr\u00f4le de la lumi\u00e8re au niveau du pixel de l&#039;OLED offre pr\u00e9cision et contr\u00f4le, ce qui se traduit par des noirs plus profonds et un contraste plus \u00e9lev\u00e9 pour une meilleure visibilit\u00e9. Dot\u00e9es d&#039;un \u00e9cran OLED couleur 800x600 et de coques oculaires sp\u00e9cialement con\u00e7ues pour l&#039;int\u00e9rieur et l&#039;ext\u00e9rieur, ces lunettes peuvent \u00eatre mont\u00e9es sur un chapeau, des lunettes ou un serre-t\u00eate pour plus de commodit\u00e9. Am\u00e9liorez votre exp\u00e9rience des ultrasons avec les lunettes EI Medical i3 OLED.\" \/>\n<meta name=\"robots\" content=\"index, follow, max-snippet:-1, max-image-preview:large, max-video-preview:-1\" \/>\n<link rel=\"canonical\" href=\"https:\/\/viisona.com\/fr\/product\/insite-i3-oled-goggles-headset-pour-evo-ibex\/\" \/>\n<meta property=\"og:locale\" content=\"fr_FR\" \/>\n<meta property=\"og:type\" content=\"article\" \/>\n<meta property=\"og:title\" content=\"iBex Insite i3 OLED Goggles Headset pour iBex EVO III | ViiSona\" \/>\n<meta property=\"og:description\" content=\"Lunettes de protection EI Medical i3 OLED : Une exp\u00e9rience visuelle am\u00e9lior\u00e9e pour l&#039;\u00e9chographie v\u00e9t\u00e9rinaire B\u00e9n\u00e9ficiez d&#039;une clart\u00e9 visuelle et d&#039;un confort in\u00e9gal\u00e9s lors des proc\u00e9dures d&#039;\u00e9chographie v\u00e9t\u00e9rinaire gr\u00e2ce aux lunettes EI Medical i3 OLED. Compatible avec les mod\u00e8les d&#039;\u00e9chographie EVO, PRO, LITE et HR, ce casque monoculaire est livr\u00e9 avec un \u00e9tui de transport et de rangement pratique. Con\u00e7ues pour \u00eatre petites, l\u00e9g\u00e8res et confortables, les lunettes i3 OLED offrent une vision claire de votre environnement pendant que vous travaillez. La technologie OLED garantit une qualit\u00e9 d&#039;image exceptionnelle avec des images nettes et lumineuses tout en consommant moins d&#039;\u00e9nergie, ce qui permet de travailler plus longtemps. Gr\u00e2ce \u00e0 la technologie OLED, vous b\u00e9n\u00e9ficiez d&#039;un contraste, d&#039;un niveau de noir et d&#039;une luminosit\u00e9 in\u00e9gal\u00e9s par rapport \u00e0 la technologie LED. Le contr\u00f4le de la lumi\u00e8re au niveau du pixel de l&#039;OLED offre pr\u00e9cision et contr\u00f4le, ce qui se traduit par des noirs plus profonds et un contraste plus \u00e9lev\u00e9 pour une meilleure visibilit\u00e9. Dot\u00e9es d&#039;un \u00e9cran OLED couleur 800x600 et de coques oculaires sp\u00e9cialement con\u00e7ues pour l&#039;int\u00e9rieur et l&#039;ext\u00e9rieur, ces lunettes peuvent \u00eatre mont\u00e9es sur un chapeau, des lunettes ou un serre-t\u00eate pour plus de commodit\u00e9. Am\u00e9liorez votre exp\u00e9rience des ultrasons avec les lunettes EI Medical i3 OLED.\" \/>\n<meta property=\"og:url\" content=\"https:\/\/viisona.com\/fr\/product\/insite-i3-oled-goggles-headset-pour-evo-ibex\/\" \/>\n<meta property=\"og:site_name\" content=\"ViiSona\" \/>\n<meta property=\"article:modified_time\" content=\"2026-02-18T05:55:36+00:00\" \/>\n<meta property=\"og:image\" content=\"https:\/\/viisona.com\/wp-content\/uploads\/2023\/01\/i3-OLED-Goggles-binocular.jpg\" \/>\n\t<meta property=\"og:image:width\" content=\"960\" \/>\n\t<meta property=\"og:image:height\" content=\"640\" \/>\n\t<meta property=\"og:image:type\" content=\"image\/jpeg\" \/>\n<meta name=\"twitter:card\" content=\"summary_large_image\" \/>\n<meta name=\"twitter:label1\" content=\"Dur\u00e9e de lecture estim\u00e9e\" \/>\n\t<meta name=\"twitter:data1\" content=\"2 minutes\" \/>\n<script type=\"application\/ld+json\" class=\"yoast-schema-graph\">{\"@context\":\"https:\/\/schema.org\",\"@graph\":[{\"@type\":\"WebPage\",\"@id\":\"https:\/\/viisona.com\/fr\/product\/insite-i3-oled-goggles-headset-pour-evo-ibex\/\",\"url\":\"https:\/\/viisona.com\/fr\/product\/insite-i3-oled-goggles-headset-pour-evo-ibex\/\",\"name\":\"iBex Insite i3 OLED Goggles Headset pour iBex EVO III | ViiSona\",\"isPartOf\":{\"@id\":\"https:\/\/viisona.com\/fr\/#website\"},\"primaryImageOfPage\":{\"@id\":\"https:\/\/viisona.com\/fr\/product\/insite-i3-oled-goggles-headset-pour-evo-ibex\/#primaryimage\"},\"image\":{\"@id\":\"https:\/\/viisona.com\/fr\/product\/insite-i3-oled-goggles-headset-pour-evo-ibex\/#primaryimage\"},\"thumbnailUrl\":\"https:\/\/viisona.com\/wp-content\/uploads\/2023\/01\/i3-OLED-Goggles-binocular.jpg\",\"datePublished\":\"2023-01-11T02:52:13+00:00\",\"dateModified\":\"2026-02-18T05:55:36+00:00\",\"description\":\"Lunettes de protection EI Medical i3 OLED : Une exp\u00e9rience visuelle am\u00e9lior\u00e9e pour l'\u00e9chographie v\u00e9t\u00e9rinaire B\u00e9n\u00e9ficiez d'une clart\u00e9 visuelle et d'un confort in\u00e9gal\u00e9s lors des proc\u00e9dures d'\u00e9chographie v\u00e9t\u00e9rinaire gr\u00e2ce aux lunettes EI Medical i3 OLED. Compatible avec les mod\u00e8les d'\u00e9chographie EVO, PRO, LITE et HR, ce casque monoculaire est livr\u00e9 avec un \u00e9tui de transport et de rangement pratique. Con\u00e7ues pour \u00eatre petites, l\u00e9g\u00e8res et confortables, les lunettes i3 OLED offrent une vision claire de votre environnement pendant que vous travaillez. La technologie OLED garantit une qualit\u00e9 d'image exceptionnelle avec des images nettes et lumineuses tout en consommant moins d'\u00e9nergie, ce qui permet de travailler plus longtemps. Gr\u00e2ce \u00e0 la technologie OLED, vous b\u00e9n\u00e9ficiez d'un contraste, d'un niveau de noir et d'une luminosit\u00e9 in\u00e9gal\u00e9s par rapport \u00e0 la technologie LED. Le contr\u00f4le de la lumi\u00e8re au niveau du pixel de l'OLED offre pr\u00e9cision et contr\u00f4le, ce qui se traduit par des noirs plus profonds et un contraste plus \u00e9lev\u00e9 pour une meilleure visibilit\u00e9. Dot\u00e9es d'un \u00e9cran OLED couleur 800x600 et de coques oculaires sp\u00e9cialement con\u00e7ues pour l'int\u00e9rieur et l'ext\u00e9rieur, ces lunettes peuvent \u00eatre mont\u00e9es sur un chapeau, des lunettes ou un serre-t\u00eate pour plus de commodit\u00e9. Am\u00e9liorez votre exp\u00e9rience des ultrasons avec les lunettes EI Medical i3 OLED.\",\"breadcrumb\":{\"@id\":\"https:\/\/viisona.com\/fr\/product\/insite-i3-oled-goggles-headset-pour-evo-ibex\/#breadcrumb\"},\"inLanguage\":\"fr-FR\",\"potentialAction\":[{\"@type\":\"ReadAction\",\"target\":[\"https:\/\/viisona.com\/fr\/product\/insite-i3-oled-goggles-headset-pour-evo-ibex\/\"]}]},{\"@type\":\"ImageObject\",\"inLanguage\":\"fr-FR\",\"@id\":\"https:\/\/viisona.com\/fr\/product\/insite-i3-oled-goggles-headset-pour-evo-ibex\/#primaryimage\",\"url\":\"https:\/\/viisona.com\/wp-content\/uploads\/2023\/01\/i3-OLED-Goggles-binocular.jpg\",\"contentUrl\":\"https:\/\/viisona.com\/wp-content\/uploads\/2023\/01\/i3-OLED-Goggles-binocular.jpg\",\"width\":960,\"height\":640,\"caption\":\"Lunettes \u00e0 ultrasons EI Medical\"},{\"@type\":\"BreadcrumbList\",\"@id\":\"https:\/\/viisona.com\/fr\/product\/insite-i3-oled-goggles-headset-pour-evo-ibex\/#breadcrumb\",\"itemListElement\":[{\"@type\":\"ListItem\",\"position\":1,\"name\":\"Home\",\"item\":\"https:\/\/viisona.com\/fr\/accueil\/\"},{\"@type\":\"ListItem\",\"position\":2,\"name\":\"Boutique\",\"item\":\"https:\/\/viisona.com\/fr\/boutique\/\"},{\"@type\":\"ListItem\",\"position\":3,\"name\":\"Insite i3 OLED Goggles Headset pour iBex EVO III\"}]},{\"@type\":\"WebSite\",\"@id\":\"https:\/\/viisona.com\/fr\/#website\",\"url\":\"https:\/\/viisona.com\/fr\/\",\"name\":\"ViiSona\",\"description\":\"Am\u00e9liorer les r\u00e9sultats pour les agriculteurs et les s\u00e9lectionneurs dans les communaut\u00e9s agricoles et de s\u00e9lection.\",\"publisher\":{\"@id\":\"https:\/\/viisona.com\/fr\/#organization\"},\"potentialAction\":[{\"@type\":\"SearchAction\",\"target\":{\"@type\":\"EntryPoint\",\"urlTemplate\":\"https:\/\/viisona.com\/fr\/?s={search_term_string}\"},\"query-input\":{\"@type\":\"PropertyValueSpecification\",\"valueRequired\":true,\"valueName\":\"search_term_string\"}}],\"inLanguage\":\"fr-FR\"},{\"@type\":\"Organization\",\"@id\":\"https:\/\/viisona.com\/fr\/#organization\",\"name\":\"ViiSona\",\"url\":\"https:\/\/viisona.com\/fr\/\",\"logo\":{\"@type\":\"ImageObject\",\"inLanguage\":\"fr-FR\",\"@id\":\"https:\/\/viisona.com\/fr\/#\/schema\/logo\/image\/\",\"url\":\"https:\/\/viisona.com\/wp-content\/uploads\/2020\/08\/viisona_1_FULLY_RASTERED.png\",\"contentUrl\":\"https:\/\/viisona.com\/wp-content\/uploads\/2020\/08\/viisona_1_FULLY_RASTERED.png\",\"width\":1080,\"height\":307,\"caption\":\"ViiSona\"},\"image\":{\"@id\":\"https:\/\/viisona.com\/fr\/#\/schema\/logo\/image\/\"}}]}<\/script>\n<!-- \/ Yoast SEO plugin. -->","yoast_head_json":{"title":"iBex Insite i3 OLED Goggles Headset pour iBex EVO III | ViiSona","description":"Lunettes de protection EI Medical i3 OLED : Une exp\u00e9rience visuelle am\u00e9lior\u00e9e pour l'\u00e9chographie v\u00e9t\u00e9rinaire B\u00e9n\u00e9ficiez d'une clart\u00e9 visuelle et d'un confort in\u00e9gal\u00e9s lors des proc\u00e9dures d'\u00e9chographie v\u00e9t\u00e9rinaire gr\u00e2ce aux lunettes EI Medical i3 OLED. Compatible avec les mod\u00e8les d'\u00e9chographie EVO, PRO, LITE et HR, ce casque monoculaire est livr\u00e9 avec un \u00e9tui de transport et de rangement pratique. Con\u00e7ues pour \u00eatre petites, l\u00e9g\u00e8res et confortables, les lunettes i3 OLED offrent une vision claire de votre environnement pendant que vous travaillez. La technologie OLED garantit une qualit\u00e9 d'image exceptionnelle avec des images nettes et lumineuses tout en consommant moins d'\u00e9nergie, ce qui permet de travailler plus longtemps. Gr\u00e2ce \u00e0 la technologie OLED, vous b\u00e9n\u00e9ficiez d'un contraste, d'un niveau de noir et d'une luminosit\u00e9 in\u00e9gal\u00e9s par rapport \u00e0 la technologie LED. Le contr\u00f4le de la lumi\u00e8re au niveau du pixel de l'OLED offre pr\u00e9cision et contr\u00f4le, ce qui se traduit par des noirs plus profonds et un contraste plus \u00e9lev\u00e9 pour une meilleure visibilit\u00e9. Dot\u00e9es d'un \u00e9cran OLED couleur 800x600 et de coques oculaires sp\u00e9cialement con\u00e7ues pour l'int\u00e9rieur et l'ext\u00e9rieur, ces lunettes peuvent \u00eatre mont\u00e9es sur un chapeau, des lunettes ou un serre-t\u00eate pour plus de commodit\u00e9. Am\u00e9liorez votre exp\u00e9rience des ultrasons avec les lunettes EI Medical i3 OLED.","robots":{"index":"index","follow":"follow","max-snippet":"max-snippet:-1","max-image-preview":"max-image-preview:large","max-video-preview":"max-video-preview:-1"},"canonical":"https:\/\/viisona.com\/fr\/product\/insite-i3-oled-goggles-headset-pour-evo-ibex\/","og_locale":"fr_FR","og_type":"article","og_title":"iBex Insite i3 OLED Goggles Headset pour iBex EVO III | ViiSona","og_description":"Lunettes de protection EI Medical i3 OLED : Une exp\u00e9rience visuelle am\u00e9lior\u00e9e pour l'\u00e9chographie v\u00e9t\u00e9rinaire B\u00e9n\u00e9ficiez d'une clart\u00e9 visuelle et d'un confort in\u00e9gal\u00e9s lors des proc\u00e9dures d'\u00e9chographie v\u00e9t\u00e9rinaire gr\u00e2ce aux lunettes EI Medical i3 OLED. Compatible avec les mod\u00e8les d'\u00e9chographie EVO, PRO, LITE et HR, ce casque monoculaire est livr\u00e9 avec un \u00e9tui de transport et de rangement pratique. Con\u00e7ues pour \u00eatre petites, l\u00e9g\u00e8res et confortables, les lunettes i3 OLED offrent une vision claire de votre environnement pendant que vous travaillez. La technologie OLED garantit une qualit\u00e9 d'image exceptionnelle avec des images nettes et lumineuses tout en consommant moins d'\u00e9nergie, ce qui permet de travailler plus longtemps. Gr\u00e2ce \u00e0 la technologie OLED, vous b\u00e9n\u00e9ficiez d'un contraste, d'un niveau de noir et d'une luminosit\u00e9 in\u00e9gal\u00e9s par rapport \u00e0 la technologie LED. Le contr\u00f4le de la lumi\u00e8re au niveau du pixel de l'OLED offre pr\u00e9cision et contr\u00f4le, ce qui se traduit par des noirs plus profonds et un contraste plus \u00e9lev\u00e9 pour une meilleure visibilit\u00e9. Dot\u00e9es d'un \u00e9cran OLED couleur 800x600 et de coques oculaires sp\u00e9cialement con\u00e7ues pour l'int\u00e9rieur et l'ext\u00e9rieur, ces lunettes peuvent \u00eatre mont\u00e9es sur un chapeau, des lunettes ou un serre-t\u00eate pour plus de commodit\u00e9. Am\u00e9liorez votre exp\u00e9rience des ultrasons avec les lunettes EI Medical i3 OLED.","og_url":"https:\/\/viisona.com\/fr\/product\/insite-i3-oled-goggles-headset-pour-evo-ibex\/","og_site_name":"ViiSona","article_modified_time":"2026-02-18T05:55:36+00:00","og_image":[{"width":960,"height":640,"url":"https:\/\/viisona.com\/wp-content\/uploads\/2023\/01\/i3-OLED-Goggles-binocular.jpg","type":"image\/jpeg"}],"twitter_card":"summary_large_image","twitter_misc":{"Dur\u00e9e de lecture estim\u00e9e":"2 minutes"},"schema":{"@context":"https:\/\/schema.org","@graph":[{"@type":"WebPage","@id":"https:\/\/viisona.com\/fr\/product\/insite-i3-oled-goggles-headset-pour-evo-ibex\/","url":"https:\/\/viisona.com\/fr\/product\/insite-i3-oled-goggles-headset-pour-evo-ibex\/","name":"iBex Insite i3 OLED Goggles Headset pour iBex EVO III | ViiSona","isPartOf":{"@id":"https:\/\/viisona.com\/fr\/#website"},"primaryImageOfPage":{"@id":"https:\/\/viisona.com\/fr\/product\/insite-i3-oled-goggles-headset-pour-evo-ibex\/#primaryimage"},"image":{"@id":"https:\/\/viisona.com\/fr\/product\/insite-i3-oled-goggles-headset-pour-evo-ibex\/#primaryimage"},"thumbnailUrl":"https:\/\/viisona.com\/wp-content\/uploads\/2023\/01\/i3-OLED-Goggles-binocular.jpg","datePublished":"2023-01-11T02:52:13+00:00","dateModified":"2026-02-18T05:55:36+00:00","description":"Lunettes de protection EI Medical i3 OLED : Une exp\u00e9rience visuelle am\u00e9lior\u00e9e pour l'\u00e9chographie v\u00e9t\u00e9rinaire B\u00e9n\u00e9ficiez d'une clart\u00e9 visuelle et d'un confort in\u00e9gal\u00e9s lors des proc\u00e9dures d'\u00e9chographie v\u00e9t\u00e9rinaire gr\u00e2ce aux lunettes EI Medical i3 OLED. Compatible avec les mod\u00e8les d'\u00e9chographie EVO, PRO, LITE et HR, ce casque monoculaire est livr\u00e9 avec un \u00e9tui de transport et de rangement pratique. Con\u00e7ues pour \u00eatre petites, l\u00e9g\u00e8res et confortables, les lunettes i3 OLED offrent une vision claire de votre environnement pendant que vous travaillez. La technologie OLED garantit une qualit\u00e9 d'image exceptionnelle avec des images nettes et lumineuses tout en consommant moins d'\u00e9nergie, ce qui permet de travailler plus longtemps. Gr\u00e2ce \u00e0 la technologie OLED, vous b\u00e9n\u00e9ficiez d'un contraste, d'un niveau de noir et d'une luminosit\u00e9 in\u00e9gal\u00e9s par rapport \u00e0 la technologie LED. Le contr\u00f4le de la lumi\u00e8re au niveau du pixel de l'OLED offre pr\u00e9cision et contr\u00f4le, ce qui se traduit par des noirs plus profonds et un contraste plus \u00e9lev\u00e9 pour une meilleure visibilit\u00e9. Dot\u00e9es d'un \u00e9cran OLED couleur 800x600 et de coques oculaires sp\u00e9cialement con\u00e7ues pour l'int\u00e9rieur et l'ext\u00e9rieur, ces lunettes peuvent \u00eatre mont\u00e9es sur un chapeau, des lunettes ou un serre-t\u00eate pour plus de commodit\u00e9. Am\u00e9liorez votre exp\u00e9rience des ultrasons avec les lunettes EI Medical i3 OLED.","breadcrumb":{"@id":"https:\/\/viisona.com\/fr\/product\/insite-i3-oled-goggles-headset-pour-evo-ibex\/#breadcrumb"},"inLanguage":"fr-FR","potentialAction":[{"@type":"ReadAction","target":["https:\/\/viisona.com\/fr\/product\/insite-i3-oled-goggles-headset-pour-evo-ibex\/"]}]},{"@type":"ImageObject","inLanguage":"fr-FR","@id":"https:\/\/viisona.com\/fr\/product\/insite-i3-oled-goggles-headset-pour-evo-ibex\/#primaryimage","url":"https:\/\/viisona.com\/wp-content\/uploads\/2023\/01\/i3-OLED-Goggles-binocular.jpg","contentUrl":"https:\/\/viisona.com\/wp-content\/uploads\/2023\/01\/i3-OLED-Goggles-binocular.jpg","width":960,"height":640,"caption":"Lunettes \u00e0 ultrasons EI Medical"},{"@type":"BreadcrumbList","@id":"https:\/\/viisona.com\/fr\/product\/insite-i3-oled-goggles-headset-pour-evo-ibex\/#breadcrumb","itemListElement":[{"@type":"ListItem","position":1,"name":"Home","item":"https:\/\/viisona.com\/fr\/accueil\/"},{"@type":"ListItem","position":2,"name":"Boutique","item":"https:\/\/viisona.com\/fr\/boutique\/"},{"@type":"ListItem","position":3,"name":"Insite i3 OLED Goggles Headset pour iBex EVO III"}]},{"@type":"WebSite","@id":"https:\/\/viisona.com\/fr\/#website","url":"https:\/\/viisona.com\/fr\/","name":"ViiSona","description":"Am\u00e9liorer les r\u00e9sultats pour les agriculteurs et les s\u00e9lectionneurs dans les communaut\u00e9s agricoles et de s\u00e9lection.","publisher":{"@id":"https:\/\/viisona.com\/fr\/#organization"},"potentialAction":[{"@type":"SearchAction","target":{"@type":"EntryPoint","urlTemplate":"https:\/\/viisona.com\/fr\/?s={search_term_string}"},"query-input":{"@type":"PropertyValueSpecification","valueRequired":true,"valueName":"search_term_string"}}],"inLanguage":"fr-FR"},{"@type":"Organization","@id":"https:\/\/viisona.com\/fr\/#organization","name":"ViiSona","url":"https:\/\/viisona.com\/fr\/","logo":{"@type":"ImageObject","inLanguage":"fr-FR","@id":"https:\/\/viisona.com\/fr\/#\/schema\/logo\/image\/","url":"https:\/\/viisona.com\/wp-content\/uploads\/2020\/08\/viisona_1_FULLY_RASTERED.png","contentUrl":"https:\/\/viisona.com\/wp-content\/uploads\/2020\/08\/viisona_1_FULLY_RASTERED.png","width":1080,"height":307,"caption":"ViiSona"},"image":{"@id":"https:\/\/viisona.com\/fr\/#\/schema\/logo\/image\/"}}]}},"jetpack_sharing_enabled":true,"_links":{"self":[{"href":"https:\/\/viisona.com\/fr\/wp-json\/wp\/v2\/product\/5043","targetHints":{"allow":["GET"]}}],"collection":[{"href":"https:\/\/viisona.com\/fr\/wp-json\/wp\/v2\/product"}],"about":[{"href":"https:\/\/viisona.com\/fr\/wp-json\/wp\/v2\/types\/product"}],"wp:featuredmedia":[{"embeddable":true,"href":"https:\/\/viisona.com\/fr\/wp-json\/wp\/v2\/media\/4885"}],"wp:attachment":[{"href":"https:\/\/viisona.com\/fr\/wp-json\/wp\/v2\/media?parent=5043"}],"wp:term":[{"taxonomy":"product_cat","embeddable":true,"href":"https:\/\/viisona.com\/fr\/wp-json\/wp\/v2\/product_cat?post=5043"},{"taxonomy":"product_tag","embeddable":true,"href":"https:\/\/viisona.com\/fr\/wp-json\/wp\/v2\/product_tag?post=5043"},{"taxonomy":"berocket_brand","embeddable":true,"href":"https:\/\/viisona.com\/fr\/wp-json\/wp\/v2\/berocket_brand?post=5043"}],"curies":[{"name":"wp","href":"https:\/\/api.w.org\/{rel}","templated":true}]}}