{"id":5042,"date":"2021-11-30T16:07:18","date_gmt":"2021-11-30T16:07:18","guid":{"rendered":"https:\/\/viisona.com\/shop\/non%20class\u00e9\/sonde-195-transducteur-abdominal-micro-convexe\/"},"modified":"2026-02-18T05:55:15","modified_gmt":"2026-02-18T05:55:15","slug":"sonde-195-transducteur-abdominal-micro-convexe","status":"publish","type":"product","link":"https:\/\/viisona.com\/fr\/product\/sonde-195-transducteur-abdominal-micro-convexe\/","title":{"rendered":"Sonde 195 &#8211; Transducteur abdominal micro-convexe"},"content":{"rendered":"<p><span style=\"font-weight: 400;\">La sonde micro-convexe \u00e0 128 cristaux est id\u00e9ale pour l&#8217;examen des petits animaux et des tendons des chevaux. Avec un rayon de 15 mm et une fr\u00e9quence de 4 \u00e0 9 MHz (fr\u00e9quence principale de 6,5 MHz), la sonde micro-convexe offre des profondeurs de balayage de 40, 60, 80, 100, 120 et 150 mm.  <\/span><\/p>\n<p><span style=\"font-weight: 400;\">Garantie du fabricant &#8211; 1 an<\/span><\/p>\n","protected":false},"excerpt":{"rendered":"<p><span style=\"font-weight: 400;\">La sonde abdominale micro-convexe Draminski avec 128 cristaux, une fr\u00e9quence de 4 \u00e0 9 MHz et une profondeur de balayage allant jusqu&#8217;\u00e0 15 cm est id\u00e9ale pour l&#8217;\u00e9chographie des petits animaux.<\/span><\/p>\n<p><span style=\"font-weight: 400;\">Compatible avec les syst\u00e8mes d&#8217;\u00e9chographie iScan 2 Multi, 4Vet Slim et 4Vet Blue. <\/span> <\/p>\n","protected":false},"featured_media":4845,"template":"","meta":{"_acf_changed":false,"inline_featured_image":false},"product_cat":[542,500,490,501,483],"product_tag":[],"berocket_brand":[502],"class_list":{"0":"post-5042","1":"product","2":"type-product","3":"status-publish","4":"has-post-thumbnail","6":"product_cat-accessoires","7":"product_cat-eleveurs","8":"product_cat-producteurs","9":"product_cat-sondes","10":"product_cat-veterinaires","11":"pa_applications-abdominal-fr","12":"pa_applications-diagnostic-de-base-des-petits-animaux","13":"pa_applications-diagnostic-des-tissus-mous","14":"pa_applications-examens-de-structure-superficielle","15":"pa_applications-grossesse","16":"pa_applications-reproduction-fr","17":"pa_applications-tendons-fr","18":"pa_applications-urologie","19":"pa_applications-uterus-fr","20":"pa_species-animaux-exotiques","21":"pa_species-chevaux","22":"pa_species-petits-animaux","23":"berocket_brand-draminski-fr","25":"first","26":"instock","27":"taxable","28":"shipping-taxable","29":"purchasable","30":"product-type-simple"},"acf":[],"yoast_head":"<!-- This site is optimized with the Yoast SEO plugin v26.8 - https:\/\/yoast.com\/product\/yoast-seo-wordpress\/ -->\n<title>Draminski Sonde 195 - Transducteur abdominal micro-convexe | ViiSona<\/title>\n<meta name=\"description\" content=\"Am\u00e9liorez vos examens \u00e9chographiques des petits animaux avec la sonde abdominale micro-convexe de Draminski. Dot\u00e9e de 128 cristaux et d&#039;une fr\u00e9quence de 4 \u00e0 9 MHz, cette sonde offre une clart\u00e9 et des d\u00e9tails exceptionnels. Id\u00e9ale pour les examens de petits animaux et les tendons de chevaux, elle pr\u00e9sente un rayon de 15 mm et des profondeurs de balayage allant jusqu&#039;\u00e0 15 cm. Compatible avec les syst\u00e8mes d&#039;\u00e9chographie iScan 2 Multi, 4Vet Slim et 4Vet Blue, elle garantit la polyvalence et la pr\u00e9cision des diagnostics.\" \/>\n<meta name=\"robots\" content=\"index, follow, max-snippet:-1, max-image-preview:large, max-video-preview:-1\" \/>\n<link rel=\"canonical\" href=\"https:\/\/viisona.com\/fr\/product\/sonde-195-transducteur-abdominal-micro-convexe\/\" \/>\n<meta property=\"og:locale\" content=\"fr_FR\" \/>\n<meta property=\"og:type\" content=\"article\" \/>\n<meta property=\"og:title\" content=\"Draminski Sonde 195 - Transducteur abdominal micro-convexe | ViiSona\" \/>\n<meta property=\"og:description\" content=\"Am\u00e9liorez vos examens \u00e9chographiques des petits animaux avec la sonde abdominale micro-convexe de Draminski. Dot\u00e9e de 128 cristaux et d&#039;une fr\u00e9quence de 4 \u00e0 9 MHz, cette sonde offre une clart\u00e9 et des d\u00e9tails exceptionnels. Id\u00e9ale pour les examens de petits animaux et les tendons de chevaux, elle pr\u00e9sente un rayon de 15 mm et des profondeurs de balayage allant jusqu&#039;\u00e0 15 cm. Compatible avec les syst\u00e8mes d&#039;\u00e9chographie iScan 2 Multi, 4Vet Slim et 4Vet Blue, elle garantit la polyvalence et la pr\u00e9cision des diagnostics.\" \/>\n<meta property=\"og:url\" content=\"https:\/\/viisona.com\/fr\/product\/sonde-195-transducteur-abdominal-micro-convexe\/\" \/>\n<meta property=\"og:site_name\" content=\"ViiSona\" \/>\n<meta property=\"article:modified_time\" content=\"2026-02-18T05:55:15+00:00\" \/>\n<meta property=\"og:image\" content=\"https:\/\/viisona.com\/wp-content\/uploads\/2021\/11\/Draminski-Abdominal-Micro-Convex-195.jpg\" \/>\n\t<meta property=\"og:image:width\" content=\"1092\" \/>\n\t<meta property=\"og:image:height\" content=\"1092\" \/>\n\t<meta property=\"og:image:type\" content=\"image\/jpeg\" \/>\n<meta name=\"twitter:card\" content=\"summary_large_image\" \/>\n<meta name=\"twitter:label1\" content=\"Dur\u00e9e de lecture estim\u00e9e\" \/>\n\t<meta name=\"twitter:data1\" content=\"1 minute\" \/>\n<script type=\"application\/ld+json\" class=\"yoast-schema-graph\">{\"@context\":\"https:\/\/schema.org\",\"@graph\":[{\"@type\":\"WebPage\",\"@id\":\"https:\/\/viisona.com\/fr\/product\/sonde-195-transducteur-abdominal-micro-convexe\/\",\"url\":\"https:\/\/viisona.com\/fr\/product\/sonde-195-transducteur-abdominal-micro-convexe\/\",\"name\":\"Draminski Sonde 195 - Transducteur abdominal micro-convexe | ViiSona\",\"isPartOf\":{\"@id\":\"https:\/\/viisona.com\/fr\/#website\"},\"primaryImageOfPage\":{\"@id\":\"https:\/\/viisona.com\/fr\/product\/sonde-195-transducteur-abdominal-micro-convexe\/#primaryimage\"},\"image\":{\"@id\":\"https:\/\/viisona.com\/fr\/product\/sonde-195-transducteur-abdominal-micro-convexe\/#primaryimage\"},\"thumbnailUrl\":\"https:\/\/viisona.com\/wp-content\/uploads\/2021\/11\/Draminski-Abdominal-Micro-Convex-195.jpg\",\"datePublished\":\"2021-11-30T16:07:18+00:00\",\"dateModified\":\"2026-02-18T05:55:15+00:00\",\"description\":\"Am\u00e9liorez vos examens \u00e9chographiques des petits animaux avec la sonde abdominale micro-convexe de Draminski. Dot\u00e9e de 128 cristaux et d'une fr\u00e9quence de 4 \u00e0 9 MHz, cette sonde offre une clart\u00e9 et des d\u00e9tails exceptionnels. Id\u00e9ale pour les examens de petits animaux et les tendons de chevaux, elle pr\u00e9sente un rayon de 15 mm et des profondeurs de balayage allant jusqu'\u00e0 15 cm. Compatible avec les syst\u00e8mes d'\u00e9chographie iScan 2 Multi, 4Vet Slim et 4Vet Blue, elle garantit la polyvalence et la pr\u00e9cision des diagnostics.\",\"breadcrumb\":{\"@id\":\"https:\/\/viisona.com\/fr\/product\/sonde-195-transducteur-abdominal-micro-convexe\/#breadcrumb\"},\"inLanguage\":\"fr-FR\",\"potentialAction\":[{\"@type\":\"ReadAction\",\"target\":[\"https:\/\/viisona.com\/fr\/product\/sonde-195-transducteur-abdominal-micro-convexe\/\"]}]},{\"@type\":\"ImageObject\",\"inLanguage\":\"fr-FR\",\"@id\":\"https:\/\/viisona.com\/fr\/product\/sonde-195-transducteur-abdominal-micro-convexe\/#primaryimage\",\"url\":\"https:\/\/viisona.com\/wp-content\/uploads\/2021\/11\/Draminski-Abdominal-Micro-Convex-195.jpg\",\"contentUrl\":\"https:\/\/viisona.com\/wp-content\/uploads\/2021\/11\/Draminski-Abdominal-Micro-Convex-195.jpg\",\"width\":1092,\"height\":1092},{\"@type\":\"BreadcrumbList\",\"@id\":\"https:\/\/viisona.com\/fr\/product\/sonde-195-transducteur-abdominal-micro-convexe\/#breadcrumb\",\"itemListElement\":[{\"@type\":\"ListItem\",\"position\":1,\"name\":\"Home\",\"item\":\"https:\/\/viisona.com\/fr\/accueil\/\"},{\"@type\":\"ListItem\",\"position\":2,\"name\":\"Boutique\",\"item\":\"https:\/\/viisona.com\/fr\/boutique\/\"},{\"@type\":\"ListItem\",\"position\":3,\"name\":\"Sonde 195 &#8211; Transducteur abdominal micro-convexe\"}]},{\"@type\":\"WebSite\",\"@id\":\"https:\/\/viisona.com\/fr\/#website\",\"url\":\"https:\/\/viisona.com\/fr\/\",\"name\":\"ViiSona\",\"description\":\"Am\u00e9liorer les r\u00e9sultats pour les agriculteurs et les s\u00e9lectionneurs dans les communaut\u00e9s agricoles et de s\u00e9lection.\",\"publisher\":{\"@id\":\"https:\/\/viisona.com\/fr\/#organization\"},\"potentialAction\":[{\"@type\":\"SearchAction\",\"target\":{\"@type\":\"EntryPoint\",\"urlTemplate\":\"https:\/\/viisona.com\/fr\/?s={search_term_string}\"},\"query-input\":{\"@type\":\"PropertyValueSpecification\",\"valueRequired\":true,\"valueName\":\"search_term_string\"}}],\"inLanguage\":\"fr-FR\"},{\"@type\":\"Organization\",\"@id\":\"https:\/\/viisona.com\/fr\/#organization\",\"name\":\"ViiSona\",\"url\":\"https:\/\/viisona.com\/fr\/\",\"logo\":{\"@type\":\"ImageObject\",\"inLanguage\":\"fr-FR\",\"@id\":\"https:\/\/viisona.com\/fr\/#\/schema\/logo\/image\/\",\"url\":\"https:\/\/viisona.com\/wp-content\/uploads\/2020\/08\/viisona_1_FULLY_RASTERED.png\",\"contentUrl\":\"https:\/\/viisona.com\/wp-content\/uploads\/2020\/08\/viisona_1_FULLY_RASTERED.png\",\"width\":1080,\"height\":307,\"caption\":\"ViiSona\"},\"image\":{\"@id\":\"https:\/\/viisona.com\/fr\/#\/schema\/logo\/image\/\"}}]}<\/script>\n<!-- \/ Yoast SEO plugin. -->","yoast_head_json":{"title":"Draminski Sonde 195 - Transducteur abdominal micro-convexe | ViiSona","description":"Am\u00e9liorez vos examens \u00e9chographiques des petits animaux avec la sonde abdominale micro-convexe de Draminski. Dot\u00e9e de 128 cristaux et d'une fr\u00e9quence de 4 \u00e0 9 MHz, cette sonde offre une clart\u00e9 et des d\u00e9tails exceptionnels. Id\u00e9ale pour les examens de petits animaux et les tendons de chevaux, elle pr\u00e9sente un rayon de 15 mm et des profondeurs de balayage allant jusqu'\u00e0 15 cm. Compatible avec les syst\u00e8mes d'\u00e9chographie iScan 2 Multi, 4Vet Slim et 4Vet Blue, elle garantit la polyvalence et la pr\u00e9cision des diagnostics.","robots":{"index":"index","follow":"follow","max-snippet":"max-snippet:-1","max-image-preview":"max-image-preview:large","max-video-preview":"max-video-preview:-1"},"canonical":"https:\/\/viisona.com\/fr\/product\/sonde-195-transducteur-abdominal-micro-convexe\/","og_locale":"fr_FR","og_type":"article","og_title":"Draminski Sonde 195 - Transducteur abdominal micro-convexe | ViiSona","og_description":"Am\u00e9liorez vos examens \u00e9chographiques des petits animaux avec la sonde abdominale micro-convexe de Draminski. Dot\u00e9e de 128 cristaux et d'une fr\u00e9quence de 4 \u00e0 9 MHz, cette sonde offre une clart\u00e9 et des d\u00e9tails exceptionnels. Id\u00e9ale pour les examens de petits animaux et les tendons de chevaux, elle pr\u00e9sente un rayon de 15 mm et des profondeurs de balayage allant jusqu'\u00e0 15 cm. Compatible avec les syst\u00e8mes d'\u00e9chographie iScan 2 Multi, 4Vet Slim et 4Vet Blue, elle garantit la polyvalence et la pr\u00e9cision des diagnostics.","og_url":"https:\/\/viisona.com\/fr\/product\/sonde-195-transducteur-abdominal-micro-convexe\/","og_site_name":"ViiSona","article_modified_time":"2026-02-18T05:55:15+00:00","og_image":[{"width":1092,"height":1092,"url":"https:\/\/viisona.com\/wp-content\/uploads\/2021\/11\/Draminski-Abdominal-Micro-Convex-195.jpg","type":"image\/jpeg"}],"twitter_card":"summary_large_image","twitter_misc":{"Dur\u00e9e de lecture estim\u00e9e":"1 minute"},"schema":{"@context":"https:\/\/schema.org","@graph":[{"@type":"WebPage","@id":"https:\/\/viisona.com\/fr\/product\/sonde-195-transducteur-abdominal-micro-convexe\/","url":"https:\/\/viisona.com\/fr\/product\/sonde-195-transducteur-abdominal-micro-convexe\/","name":"Draminski Sonde 195 - Transducteur abdominal micro-convexe | ViiSona","isPartOf":{"@id":"https:\/\/viisona.com\/fr\/#website"},"primaryImageOfPage":{"@id":"https:\/\/viisona.com\/fr\/product\/sonde-195-transducteur-abdominal-micro-convexe\/#primaryimage"},"image":{"@id":"https:\/\/viisona.com\/fr\/product\/sonde-195-transducteur-abdominal-micro-convexe\/#primaryimage"},"thumbnailUrl":"https:\/\/viisona.com\/wp-content\/uploads\/2021\/11\/Draminski-Abdominal-Micro-Convex-195.jpg","datePublished":"2021-11-30T16:07:18+00:00","dateModified":"2026-02-18T05:55:15+00:00","description":"Am\u00e9liorez vos examens \u00e9chographiques des petits animaux avec la sonde abdominale micro-convexe de Draminski. Dot\u00e9e de 128 cristaux et d'une fr\u00e9quence de 4 \u00e0 9 MHz, cette sonde offre une clart\u00e9 et des d\u00e9tails exceptionnels. Id\u00e9ale pour les examens de petits animaux et les tendons de chevaux, elle pr\u00e9sente un rayon de 15 mm et des profondeurs de balayage allant jusqu'\u00e0 15 cm. Compatible avec les syst\u00e8mes d'\u00e9chographie iScan 2 Multi, 4Vet Slim et 4Vet Blue, elle garantit la polyvalence et la pr\u00e9cision des diagnostics.","breadcrumb":{"@id":"https:\/\/viisona.com\/fr\/product\/sonde-195-transducteur-abdominal-micro-convexe\/#breadcrumb"},"inLanguage":"fr-FR","potentialAction":[{"@type":"ReadAction","target":["https:\/\/viisona.com\/fr\/product\/sonde-195-transducteur-abdominal-micro-convexe\/"]}]},{"@type":"ImageObject","inLanguage":"fr-FR","@id":"https:\/\/viisona.com\/fr\/product\/sonde-195-transducteur-abdominal-micro-convexe\/#primaryimage","url":"https:\/\/viisona.com\/wp-content\/uploads\/2021\/11\/Draminski-Abdominal-Micro-Convex-195.jpg","contentUrl":"https:\/\/viisona.com\/wp-content\/uploads\/2021\/11\/Draminski-Abdominal-Micro-Convex-195.jpg","width":1092,"height":1092},{"@type":"BreadcrumbList","@id":"https:\/\/viisona.com\/fr\/product\/sonde-195-transducteur-abdominal-micro-convexe\/#breadcrumb","itemListElement":[{"@type":"ListItem","position":1,"name":"Home","item":"https:\/\/viisona.com\/fr\/accueil\/"},{"@type":"ListItem","position":2,"name":"Boutique","item":"https:\/\/viisona.com\/fr\/boutique\/"},{"@type":"ListItem","position":3,"name":"Sonde 195 &#8211; Transducteur abdominal micro-convexe"}]},{"@type":"WebSite","@id":"https:\/\/viisona.com\/fr\/#website","url":"https:\/\/viisona.com\/fr\/","name":"ViiSona","description":"Am\u00e9liorer les r\u00e9sultats pour les agriculteurs et les s\u00e9lectionneurs dans les communaut\u00e9s agricoles et de s\u00e9lection.","publisher":{"@id":"https:\/\/viisona.com\/fr\/#organization"},"potentialAction":[{"@type":"SearchAction","target":{"@type":"EntryPoint","urlTemplate":"https:\/\/viisona.com\/fr\/?s={search_term_string}"},"query-input":{"@type":"PropertyValueSpecification","valueRequired":true,"valueName":"search_term_string"}}],"inLanguage":"fr-FR"},{"@type":"Organization","@id":"https:\/\/viisona.com\/fr\/#organization","name":"ViiSona","url":"https:\/\/viisona.com\/fr\/","logo":{"@type":"ImageObject","inLanguage":"fr-FR","@id":"https:\/\/viisona.com\/fr\/#\/schema\/logo\/image\/","url":"https:\/\/viisona.com\/wp-content\/uploads\/2020\/08\/viisona_1_FULLY_RASTERED.png","contentUrl":"https:\/\/viisona.com\/wp-content\/uploads\/2020\/08\/viisona_1_FULLY_RASTERED.png","width":1080,"height":307,"caption":"ViiSona"},"image":{"@id":"https:\/\/viisona.com\/fr\/#\/schema\/logo\/image\/"}}]}},"jetpack_sharing_enabled":true,"_links":{"self":[{"href":"https:\/\/viisona.com\/fr\/wp-json\/wp\/v2\/product\/5042","targetHints":{"allow":["GET"]}}],"collection":[{"href":"https:\/\/viisona.com\/fr\/wp-json\/wp\/v2\/product"}],"about":[{"href":"https:\/\/viisona.com\/fr\/wp-json\/wp\/v2\/types\/product"}],"wp:featuredmedia":[{"embeddable":true,"href":"https:\/\/viisona.com\/fr\/wp-json\/wp\/v2\/media\/4845"}],"wp:attachment":[{"href":"https:\/\/viisona.com\/fr\/wp-json\/wp\/v2\/media?parent=5042"}],"wp:term":[{"taxonomy":"product_cat","embeddable":true,"href":"https:\/\/viisona.com\/fr\/wp-json\/wp\/v2\/product_cat?post=5042"},{"taxonomy":"product_tag","embeddable":true,"href":"https:\/\/viisona.com\/fr\/wp-json\/wp\/v2\/product_tag?post=5042"},{"taxonomy":"berocket_brand","embeddable":true,"href":"https:\/\/viisona.com\/fr\/wp-json\/wp\/v2\/berocket_brand?post=5042"}],"curies":[{"name":"wp","href":"https:\/\/api.w.org\/{rel}","templated":true}]}}