{"id":5040,"date":"2021-11-30T16:11:30","date_gmt":"2021-11-30T16:11:30","guid":{"rendered":"https:\/\/viisona.com\/shop\/non%20class\u00e9\/sonde-172-transducteur-convexe-abdominal\/"},"modified":"2026-02-18T05:55:38","modified_gmt":"2026-02-18T05:55:38","slug":"sonde-172-transducteur-convexe-abdominal","status":"publish","type":"product","link":"https:\/\/viisona.com\/fr\/product\/sonde-172-transducteur-convexe-abdominal\/","title":{"rendered":"Sonde 172 &#8211; Transducteur convexe abdominal"},"content":{"rendered":"<p><span style=\"font-weight: 400;\">La sonde abdominale convexe avec 128 cristaux est id\u00e9ale pour les animaux de petite et moyenne taille. Avec un rayon de 59,4 mm et une fr\u00e9quence de 2 \u00e0 5 MHz (fr\u00e9quence principale de 3,5 MHz), la sonde abdominale convexe offre des profondeurs de balayage de 60, 80, 100, 120, 150, 180, 200, 250, 300, 350 mm.<\/span><\/p>\n<p>&nbsp;<\/p>\n<p><span style=\"font-weight: 400;\">Garantie du fabricant &#8211; 1 an<\/span><\/p>\n","protected":false},"excerpt":{"rendered":"<p><span style=\"font-weight: 400;\">La sonde convexe de Draminski, dot\u00e9e de 128 cristaux, d&#8217;une fr\u00e9quence de 2 \u00e0 5 MHz et d&#8217;une profondeur de balayage allant jusqu&#8217;\u00e0 35 cm, est id\u00e9ale pour les examens abdominaux des animaux de moyenne et grande taille et des petits ruminants.  <\/span><\/p>\n<p><span style=\"font-weight: 400;\">Compatible avec les syst\u00e8mes d&#8217;\u00e9chographie iScan 2 Multi, 4Vet Slim et 4Vet Blue.  <\/span><\/p>\n","protected":false},"featured_media":4843,"template":"","meta":{"_acf_changed":false,"inline_featured_image":false},"product_cat":[542,500,490,501,483],"product_tag":[],"berocket_brand":[502],"class_list":{"0":"post-5040","1":"product","2":"type-product","3":"status-publish","4":"has-post-thumbnail","6":"product_cat-accessoires","7":"product_cat-eleveurs","8":"product_cat-producteurs","9":"product_cat-sondes","10":"product_cat-veterinaires","11":"pa_applications-abdominal-fr","12":"pa_applications-diagnostic-de-base-des-petits-animaux","13":"pa_applications-diagnostic-des-tissus-mous","14":"pa_applications-examens-de-structure-superficielle","15":"pa_applications-grossesse","16":"pa_applications-reproduction-fr","17":"pa_applications-urologie","18":"pa_applications-uterus-fr","19":"pa_species-animaux-exotiques","20":"pa_species-moutons","21":"pa_species-porcs","22":"berocket_brand-draminski-fr","24":"first","25":"instock","26":"taxable","27":"shipping-taxable","28":"purchasable","29":"product-type-simple"},"acf":[],"yoast_head":"<!-- This site is optimized with the Yoast SEO plugin v26.8 - https:\/\/yoast.com\/product\/yoast-seo-wordpress\/ -->\n<title>Draminski Sonde 172 - Transducteur convexe abdominal | ViiSona<\/title>\n<meta name=\"description\" content=\"Am\u00e9liorez vos examens d&#039;\u00e9chographie abdominale avec la sonde convexe Draminski. Avec 128 cristaux et une fr\u00e9quence de 2 \u00e0 5 MHz, cette sonde offre une clart\u00e9 et une profondeur exceptionnelles. Id\u00e9ale pour les animaux de taille moyenne et grande, ainsi que pour les petits ruminants, elle pr\u00e9sente un rayon de 59,4 mm et une profondeur de balayage pouvant atteindre 35 cm. Compatible avec les syst\u00e8mes d&#039;\u00e9chographie iScan 2 Multi, 4Vet Slim et 4Vet Blue, elle garantit la polyvalence et la pr\u00e9cision des diagnostics.\" \/>\n<meta name=\"robots\" content=\"index, follow, max-snippet:-1, max-image-preview:large, max-video-preview:-1\" \/>\n<link rel=\"canonical\" href=\"https:\/\/viisona.com\/fr\/product\/sonde-172-transducteur-convexe-abdominal\/\" \/>\n<meta property=\"og:locale\" content=\"fr_FR\" \/>\n<meta property=\"og:type\" content=\"article\" \/>\n<meta property=\"og:title\" content=\"Draminski Sonde 172 - Transducteur convexe abdominal | ViiSona\" \/>\n<meta property=\"og:description\" content=\"Am\u00e9liorez vos examens d&#039;\u00e9chographie abdominale avec la sonde convexe Draminski. Avec 128 cristaux et une fr\u00e9quence de 2 \u00e0 5 MHz, cette sonde offre une clart\u00e9 et une profondeur exceptionnelles. Id\u00e9ale pour les animaux de taille moyenne et grande, ainsi que pour les petits ruminants, elle pr\u00e9sente un rayon de 59,4 mm et une profondeur de balayage pouvant atteindre 35 cm. Compatible avec les syst\u00e8mes d&#039;\u00e9chographie iScan 2 Multi, 4Vet Slim et 4Vet Blue, elle garantit la polyvalence et la pr\u00e9cision des diagnostics.\" \/>\n<meta property=\"og:url\" content=\"https:\/\/viisona.com\/fr\/product\/sonde-172-transducteur-convexe-abdominal\/\" \/>\n<meta property=\"og:site_name\" content=\"ViiSona\" \/>\n<meta property=\"article:modified_time\" content=\"2026-02-18T05:55:38+00:00\" \/>\n<meta property=\"og:image\" content=\"https:\/\/viisona.com\/wp-content\/uploads\/2021\/11\/Draminski-Abdominal-Convex-Probe-172.jpg\" \/>\n\t<meta property=\"og:image:width\" content=\"1080\" \/>\n\t<meta property=\"og:image:height\" content=\"1080\" \/>\n\t<meta property=\"og:image:type\" content=\"image\/jpeg\" \/>\n<meta name=\"twitter:card\" content=\"summary_large_image\" \/>\n<meta name=\"twitter:label1\" content=\"Dur\u00e9e de lecture estim\u00e9e\" \/>\n\t<meta name=\"twitter:data1\" content=\"1 minute\" \/>\n<script type=\"application\/ld+json\" class=\"yoast-schema-graph\">{\"@context\":\"https:\/\/schema.org\",\"@graph\":[{\"@type\":\"WebPage\",\"@id\":\"https:\/\/viisona.com\/fr\/product\/sonde-172-transducteur-convexe-abdominal\/\",\"url\":\"https:\/\/viisona.com\/fr\/product\/sonde-172-transducteur-convexe-abdominal\/\",\"name\":\"Draminski Sonde 172 - Transducteur convexe abdominal | ViiSona\",\"isPartOf\":{\"@id\":\"https:\/\/viisona.com\/fr\/#website\"},\"primaryImageOfPage\":{\"@id\":\"https:\/\/viisona.com\/fr\/product\/sonde-172-transducteur-convexe-abdominal\/#primaryimage\"},\"image\":{\"@id\":\"https:\/\/viisona.com\/fr\/product\/sonde-172-transducteur-convexe-abdominal\/#primaryimage\"},\"thumbnailUrl\":\"https:\/\/viisona.com\/wp-content\/uploads\/2021\/11\/Draminski-Abdominal-Convex-Probe-172.jpg\",\"datePublished\":\"2021-11-30T16:11:30+00:00\",\"dateModified\":\"2026-02-18T05:55:38+00:00\",\"description\":\"Am\u00e9liorez vos examens d'\u00e9chographie abdominale avec la sonde convexe Draminski. Avec 128 cristaux et une fr\u00e9quence de 2 \u00e0 5 MHz, cette sonde offre une clart\u00e9 et une profondeur exceptionnelles. Id\u00e9ale pour les animaux de taille moyenne et grande, ainsi que pour les petits ruminants, elle pr\u00e9sente un rayon de 59,4 mm et une profondeur de balayage pouvant atteindre 35 cm. Compatible avec les syst\u00e8mes d'\u00e9chographie iScan 2 Multi, 4Vet Slim et 4Vet Blue, elle garantit la polyvalence et la pr\u00e9cision des diagnostics.\",\"breadcrumb\":{\"@id\":\"https:\/\/viisona.com\/fr\/product\/sonde-172-transducteur-convexe-abdominal\/#breadcrumb\"},\"inLanguage\":\"fr-FR\",\"potentialAction\":[{\"@type\":\"ReadAction\",\"target\":[\"https:\/\/viisona.com\/fr\/product\/sonde-172-transducteur-convexe-abdominal\/\"]}]},{\"@type\":\"ImageObject\",\"inLanguage\":\"fr-FR\",\"@id\":\"https:\/\/viisona.com\/fr\/product\/sonde-172-transducteur-convexe-abdominal\/#primaryimage\",\"url\":\"https:\/\/viisona.com\/wp-content\/uploads\/2021\/11\/Draminski-Abdominal-Convex-Probe-172.jpg\",\"contentUrl\":\"https:\/\/viisona.com\/wp-content\/uploads\/2021\/11\/Draminski-Abdominal-Convex-Probe-172.jpg\",\"width\":1080,\"height\":1080},{\"@type\":\"BreadcrumbList\",\"@id\":\"https:\/\/viisona.com\/fr\/product\/sonde-172-transducteur-convexe-abdominal\/#breadcrumb\",\"itemListElement\":[{\"@type\":\"ListItem\",\"position\":1,\"name\":\"Home\",\"item\":\"https:\/\/viisona.com\/fr\/accueil\/\"},{\"@type\":\"ListItem\",\"position\":2,\"name\":\"Boutique\",\"item\":\"https:\/\/viisona.com\/fr\/boutique\/\"},{\"@type\":\"ListItem\",\"position\":3,\"name\":\"Sonde 172 &#8211; Transducteur convexe abdominal\"}]},{\"@type\":\"WebSite\",\"@id\":\"https:\/\/viisona.com\/fr\/#website\",\"url\":\"https:\/\/viisona.com\/fr\/\",\"name\":\"ViiSona\",\"description\":\"Am\u00e9liorer les r\u00e9sultats pour les agriculteurs et les s\u00e9lectionneurs dans les communaut\u00e9s agricoles et de s\u00e9lection.\",\"publisher\":{\"@id\":\"https:\/\/viisona.com\/fr\/#organization\"},\"potentialAction\":[{\"@type\":\"SearchAction\",\"target\":{\"@type\":\"EntryPoint\",\"urlTemplate\":\"https:\/\/viisona.com\/fr\/?s={search_term_string}\"},\"query-input\":{\"@type\":\"PropertyValueSpecification\",\"valueRequired\":true,\"valueName\":\"search_term_string\"}}],\"inLanguage\":\"fr-FR\"},{\"@type\":\"Organization\",\"@id\":\"https:\/\/viisona.com\/fr\/#organization\",\"name\":\"ViiSona\",\"url\":\"https:\/\/viisona.com\/fr\/\",\"logo\":{\"@type\":\"ImageObject\",\"inLanguage\":\"fr-FR\",\"@id\":\"https:\/\/viisona.com\/fr\/#\/schema\/logo\/image\/\",\"url\":\"https:\/\/viisona.com\/wp-content\/uploads\/2020\/08\/viisona_1_FULLY_RASTERED.png\",\"contentUrl\":\"https:\/\/viisona.com\/wp-content\/uploads\/2020\/08\/viisona_1_FULLY_RASTERED.png\",\"width\":1080,\"height\":307,\"caption\":\"ViiSona\"},\"image\":{\"@id\":\"https:\/\/viisona.com\/fr\/#\/schema\/logo\/image\/\"}}]}<\/script>\n<!-- \/ Yoast SEO plugin. -->","yoast_head_json":{"title":"Draminski Sonde 172 - Transducteur convexe abdominal | ViiSona","description":"Am\u00e9liorez vos examens d'\u00e9chographie abdominale avec la sonde convexe Draminski. Avec 128 cristaux et une fr\u00e9quence de 2 \u00e0 5 MHz, cette sonde offre une clart\u00e9 et une profondeur exceptionnelles. Id\u00e9ale pour les animaux de taille moyenne et grande, ainsi que pour les petits ruminants, elle pr\u00e9sente un rayon de 59,4 mm et une profondeur de balayage pouvant atteindre 35 cm. Compatible avec les syst\u00e8mes d'\u00e9chographie iScan 2 Multi, 4Vet Slim et 4Vet Blue, elle garantit la polyvalence et la pr\u00e9cision des diagnostics.","robots":{"index":"index","follow":"follow","max-snippet":"max-snippet:-1","max-image-preview":"max-image-preview:large","max-video-preview":"max-video-preview:-1"},"canonical":"https:\/\/viisona.com\/fr\/product\/sonde-172-transducteur-convexe-abdominal\/","og_locale":"fr_FR","og_type":"article","og_title":"Draminski Sonde 172 - Transducteur convexe abdominal | ViiSona","og_description":"Am\u00e9liorez vos examens d'\u00e9chographie abdominale avec la sonde convexe Draminski. Avec 128 cristaux et une fr\u00e9quence de 2 \u00e0 5 MHz, cette sonde offre une clart\u00e9 et une profondeur exceptionnelles. Id\u00e9ale pour les animaux de taille moyenne et grande, ainsi que pour les petits ruminants, elle pr\u00e9sente un rayon de 59,4 mm et une profondeur de balayage pouvant atteindre 35 cm. Compatible avec les syst\u00e8mes d'\u00e9chographie iScan 2 Multi, 4Vet Slim et 4Vet Blue, elle garantit la polyvalence et la pr\u00e9cision des diagnostics.","og_url":"https:\/\/viisona.com\/fr\/product\/sonde-172-transducteur-convexe-abdominal\/","og_site_name":"ViiSona","article_modified_time":"2026-02-18T05:55:38+00:00","og_image":[{"width":1080,"height":1080,"url":"https:\/\/viisona.com\/wp-content\/uploads\/2021\/11\/Draminski-Abdominal-Convex-Probe-172.jpg","type":"image\/jpeg"}],"twitter_card":"summary_large_image","twitter_misc":{"Dur\u00e9e de lecture estim\u00e9e":"1 minute"},"schema":{"@context":"https:\/\/schema.org","@graph":[{"@type":"WebPage","@id":"https:\/\/viisona.com\/fr\/product\/sonde-172-transducteur-convexe-abdominal\/","url":"https:\/\/viisona.com\/fr\/product\/sonde-172-transducteur-convexe-abdominal\/","name":"Draminski Sonde 172 - Transducteur convexe abdominal | ViiSona","isPartOf":{"@id":"https:\/\/viisona.com\/fr\/#website"},"primaryImageOfPage":{"@id":"https:\/\/viisona.com\/fr\/product\/sonde-172-transducteur-convexe-abdominal\/#primaryimage"},"image":{"@id":"https:\/\/viisona.com\/fr\/product\/sonde-172-transducteur-convexe-abdominal\/#primaryimage"},"thumbnailUrl":"https:\/\/viisona.com\/wp-content\/uploads\/2021\/11\/Draminski-Abdominal-Convex-Probe-172.jpg","datePublished":"2021-11-30T16:11:30+00:00","dateModified":"2026-02-18T05:55:38+00:00","description":"Am\u00e9liorez vos examens d'\u00e9chographie abdominale avec la sonde convexe Draminski. Avec 128 cristaux et une fr\u00e9quence de 2 \u00e0 5 MHz, cette sonde offre une clart\u00e9 et une profondeur exceptionnelles. Id\u00e9ale pour les animaux de taille moyenne et grande, ainsi que pour les petits ruminants, elle pr\u00e9sente un rayon de 59,4 mm et une profondeur de balayage pouvant atteindre 35 cm. Compatible avec les syst\u00e8mes d'\u00e9chographie iScan 2 Multi, 4Vet Slim et 4Vet Blue, elle garantit la polyvalence et la pr\u00e9cision des diagnostics.","breadcrumb":{"@id":"https:\/\/viisona.com\/fr\/product\/sonde-172-transducteur-convexe-abdominal\/#breadcrumb"},"inLanguage":"fr-FR","potentialAction":[{"@type":"ReadAction","target":["https:\/\/viisona.com\/fr\/product\/sonde-172-transducteur-convexe-abdominal\/"]}]},{"@type":"ImageObject","inLanguage":"fr-FR","@id":"https:\/\/viisona.com\/fr\/product\/sonde-172-transducteur-convexe-abdominal\/#primaryimage","url":"https:\/\/viisona.com\/wp-content\/uploads\/2021\/11\/Draminski-Abdominal-Convex-Probe-172.jpg","contentUrl":"https:\/\/viisona.com\/wp-content\/uploads\/2021\/11\/Draminski-Abdominal-Convex-Probe-172.jpg","width":1080,"height":1080},{"@type":"BreadcrumbList","@id":"https:\/\/viisona.com\/fr\/product\/sonde-172-transducteur-convexe-abdominal\/#breadcrumb","itemListElement":[{"@type":"ListItem","position":1,"name":"Home","item":"https:\/\/viisona.com\/fr\/accueil\/"},{"@type":"ListItem","position":2,"name":"Boutique","item":"https:\/\/viisona.com\/fr\/boutique\/"},{"@type":"ListItem","position":3,"name":"Sonde 172 &#8211; Transducteur convexe abdominal"}]},{"@type":"WebSite","@id":"https:\/\/viisona.com\/fr\/#website","url":"https:\/\/viisona.com\/fr\/","name":"ViiSona","description":"Am\u00e9liorer les r\u00e9sultats pour les agriculteurs et les s\u00e9lectionneurs dans les communaut\u00e9s agricoles et de s\u00e9lection.","publisher":{"@id":"https:\/\/viisona.com\/fr\/#organization"},"potentialAction":[{"@type":"SearchAction","target":{"@type":"EntryPoint","urlTemplate":"https:\/\/viisona.com\/fr\/?s={search_term_string}"},"query-input":{"@type":"PropertyValueSpecification","valueRequired":true,"valueName":"search_term_string"}}],"inLanguage":"fr-FR"},{"@type":"Organization","@id":"https:\/\/viisona.com\/fr\/#organization","name":"ViiSona","url":"https:\/\/viisona.com\/fr\/","logo":{"@type":"ImageObject","inLanguage":"fr-FR","@id":"https:\/\/viisona.com\/fr\/#\/schema\/logo\/image\/","url":"https:\/\/viisona.com\/wp-content\/uploads\/2020\/08\/viisona_1_FULLY_RASTERED.png","contentUrl":"https:\/\/viisona.com\/wp-content\/uploads\/2020\/08\/viisona_1_FULLY_RASTERED.png","width":1080,"height":307,"caption":"ViiSona"},"image":{"@id":"https:\/\/viisona.com\/fr\/#\/schema\/logo\/image\/"}}]}},"jetpack_sharing_enabled":true,"_links":{"self":[{"href":"https:\/\/viisona.com\/fr\/wp-json\/wp\/v2\/product\/5040","targetHints":{"allow":["GET"]}}],"collection":[{"href":"https:\/\/viisona.com\/fr\/wp-json\/wp\/v2\/product"}],"about":[{"href":"https:\/\/viisona.com\/fr\/wp-json\/wp\/v2\/types\/product"}],"wp:featuredmedia":[{"embeddable":true,"href":"https:\/\/viisona.com\/fr\/wp-json\/wp\/v2\/media\/4843"}],"wp:attachment":[{"href":"https:\/\/viisona.com\/fr\/wp-json\/wp\/v2\/media?parent=5040"}],"wp:term":[{"taxonomy":"product_cat","embeddable":true,"href":"https:\/\/viisona.com\/fr\/wp-json\/wp\/v2\/product_cat?post=5040"},{"taxonomy":"product_tag","embeddable":true,"href":"https:\/\/viisona.com\/fr\/wp-json\/wp\/v2\/product_tag?post=5040"},{"taxonomy":"berocket_brand","embeddable":true,"href":"https:\/\/viisona.com\/fr\/wp-json\/wp\/v2\/berocket_brand?post=5040"}],"curies":[{"name":"wp","href":"https:\/\/api.w.org\/{rel}","templated":true}]}}