{"id":5039,"date":"2021-11-30T16:21:58","date_gmt":"2021-11-30T16:21:58","guid":{"rendered":"https:\/\/viisona.com\/shop\/non%20class\u00e9\/sonde-181-transducteur-de-prelevement-de-lovule-avec-poignee\/"},"modified":"2025-05-22T03:26:12","modified_gmt":"2025-05-22T03:26:12","slug":"sonde-181-transducteur-de-prelevement-de-lovule-avec-poignee","status":"publish","type":"product","link":"https:\/\/viisona.com\/fr\/product\/sonde-181-transducteur-de-prelevement-de-lovule-avec-poignee\/","title":{"rendered":"Probe 181 &#8211; Transducteur de pr\u00e9l\u00e8vement d&#8217;ovules 4-9 MHz C\u00e2ble de 2,5 ou 3 m\u00e8tres"},"content":{"rendered":"<p><span style=\"font-weight: 400;\">La sonde Micro-Convex Ovum Pick Up Probe avec 128 cristaux est id\u00e9ale pour les travaux d&#8217;OPU sur les grands animaux. Avec un rayon de 11 mm et une fr\u00e9quence de 4 \u00e0 9 MHz (fr\u00e9quence principale de 6,5 MHz), la sonde OPU offre des profondeurs de balayage de 40, 60, 80, 100, 120 et 150 mm. N\u00e9cessite l&#8217;utilisation du b\u00e2ton de ramassage Ovum pour l&#8217;OPU\/vendu ensemble pour tous les travaux OPU.  <\/span><\/p>\n<p><span style=\"font-weight: 400;\">Garantie du fabricant &#8211; 1 an<\/span><\/p>\n","protected":false},"excerpt":{"rendered":"<p><span style=\"font-weight: 400;\">La sonde OPU micro-convexe de Draminski, dot\u00e9e de 128 cristaux, d&#8217;une fr\u00e9quence de 4 \u00e0 9 MHz et d&#8217;une profondeur de balayage allant jusqu&#8217;\u00e0 15 cm, est id\u00e9ale pour le pr\u00e9l\u00e8vement d&#8217;ovules et les examens trans-vaginaux chez les bovins et les chevaux.  <\/span><\/p>\n<p><span style=\"font-weight: 400;\">Compatible avec les syst\u00e8mes d&#8217;\u00e9chographie iScan 2 Multi, 4Vet Slim et 4Vet Blue.  <\/span><\/p>\n","protected":false},"featured_media":4839,"template":"","meta":{"_acf_changed":false,"inline_featured_image":false},"product_cat":[542,500,490,501,483],"product_tag":[],"berocket_brand":[502],"class_list":{"0":"post-5039","1":"product","2":"type-product","3":"status-publish","4":"has-post-thumbnail","6":"product_cat-accessoires","7":"product_cat-eleveurs","8":"product_cat-producteurs","9":"product_cat-sondes","10":"product_cat-veterinaires","11":"pa_applications-follicules","12":"pa_applications-ramassage-de-lovule","13":"pa_applications-reproduction-fr","14":"pa_applications-transfert-dembryons","15":"pa_species-animaux-exotiques","16":"pa_species-bovins-de-boucherie","17":"pa_species-bovins-laitiers","18":"pa_species-chevaux","19":"berocket_brand-draminski-fr","21":"first","22":"instock","23":"taxable","24":"shipping-taxable","25":"purchasable","26":"product-type-simple"},"acf":[],"yoast_head":"<!-- This site is optimized with the Yoast SEO plugin v26.8 - https:\/\/yoast.com\/product\/yoast-seo-wordpress\/ -->\n<title>Draminski Probe 181 - Transducteur de pr\u00e9l\u00e8vement d&#039;ovules 4-9 MHz C\u00e2ble de 2,5 ou 3 m\u00e8tres | ViiSona<\/title>\n<meta name=\"description\" content=\"La sonde Micro-Convex Ovum Pick Up Probe avec 128 cristaux est id\u00e9ale pour les travaux d&#039;OPU sur les grands animaux. Avec un rayon de 11 mm et une fr\u00e9quence de 4 \u00e0 9 MHz (fr\u00e9quence principale de 6,5 MHz), la sonde OPU offre des profondeurs de balayage de 40, 60, 80, 100, 120 et 150 mm. N\u00e9cessite l&#039;utilisation de la tige Ovum PIck Up pour l&#039;OPU\/vendue ensemble pour tous les travaux de l&#039;OPU. Compatible avec les syst\u00e8mes d&#039;\u00e9chographie iScan 2 Multi, 4Vet Slim et 4Vet Blue.\" \/>\n<meta name=\"robots\" content=\"index, follow, max-snippet:-1, max-image-preview:large, max-video-preview:-1\" \/>\n<link rel=\"canonical\" href=\"https:\/\/viisona.com\/fr\/product\/sonde-181-transducteur-de-prelevement-de-lovule-avec-poignee\/\" \/>\n<meta property=\"og:locale\" content=\"fr_FR\" \/>\n<meta property=\"og:type\" content=\"article\" \/>\n<meta property=\"og:title\" content=\"Draminski Probe 181 - Transducteur de pr\u00e9l\u00e8vement d&#039;ovules 4-9 MHz C\u00e2ble de 2,5 ou 3 m\u00e8tres | ViiSona\" \/>\n<meta property=\"og:description\" content=\"La sonde Micro-Convex Ovum Pick Up Probe avec 128 cristaux est id\u00e9ale pour les travaux d&#039;OPU sur les grands animaux. Avec un rayon de 11 mm et une fr\u00e9quence de 4 \u00e0 9 MHz (fr\u00e9quence principale de 6,5 MHz), la sonde OPU offre des profondeurs de balayage de 40, 60, 80, 100, 120 et 150 mm. N\u00e9cessite l&#039;utilisation de la tige Ovum PIck Up pour l&#039;OPU\/vendue ensemble pour tous les travaux de l&#039;OPU. Compatible avec les syst\u00e8mes d&#039;\u00e9chographie iScan 2 Multi, 4Vet Slim et 4Vet Blue.\" \/>\n<meta property=\"og:url\" content=\"https:\/\/viisona.com\/fr\/product\/sonde-181-transducteur-de-prelevement-de-lovule-avec-poignee\/\" \/>\n<meta property=\"og:site_name\" content=\"ViiSona\" \/>\n<meta property=\"article:modified_time\" content=\"2025-05-22T03:26:12+00:00\" \/>\n<meta property=\"og:image\" content=\"https:\/\/viisona.com\/wp-content\/uploads\/2021\/11\/Draminski-Abdominal-Micro-Convex-Ovum-Pick-UP-Probe-181.jpg\" \/>\n\t<meta property=\"og:image:width\" content=\"1080\" \/>\n\t<meta property=\"og:image:height\" content=\"1080\" \/>\n\t<meta property=\"og:image:type\" content=\"image\/jpeg\" \/>\n<meta name=\"twitter:card\" content=\"summary_large_image\" \/>\n<meta name=\"twitter:label1\" content=\"Dur\u00e9e de lecture estim\u00e9e\" \/>\n\t<meta name=\"twitter:data1\" content=\"2 minutes\" \/>\n<script type=\"application\/ld+json\" class=\"yoast-schema-graph\">{\"@context\":\"https:\/\/schema.org\",\"@graph\":[{\"@type\":\"WebPage\",\"@id\":\"https:\/\/viisona.com\/fr\/product\/sonde-181-transducteur-de-prelevement-de-lovule-avec-poignee\/\",\"url\":\"https:\/\/viisona.com\/fr\/product\/sonde-181-transducteur-de-prelevement-de-lovule-avec-poignee\/\",\"name\":\"Draminski Probe 181 - Transducteur de pr\u00e9l\u00e8vement d'ovules 4-9 MHz C\u00e2ble de 2,5 ou 3 m\u00e8tres | ViiSona\",\"isPartOf\":{\"@id\":\"https:\/\/viisona.com\/fr\/#website\"},\"primaryImageOfPage\":{\"@id\":\"https:\/\/viisona.com\/fr\/product\/sonde-181-transducteur-de-prelevement-de-lovule-avec-poignee\/#primaryimage\"},\"image\":{\"@id\":\"https:\/\/viisona.com\/fr\/product\/sonde-181-transducteur-de-prelevement-de-lovule-avec-poignee\/#primaryimage\"},\"thumbnailUrl\":\"https:\/\/viisona.com\/wp-content\/uploads\/2021\/11\/Draminski-Abdominal-Micro-Convex-Ovum-Pick-UP-Probe-181.jpg\",\"datePublished\":\"2021-11-30T16:21:58+00:00\",\"dateModified\":\"2025-05-22T03:26:12+00:00\",\"description\":\"La sonde Micro-Convex Ovum Pick Up Probe avec 128 cristaux est id\u00e9ale pour les travaux d'OPU sur les grands animaux. Avec un rayon de 11 mm et une fr\u00e9quence de 4 \u00e0 9 MHz (fr\u00e9quence principale de 6,5 MHz), la sonde OPU offre des profondeurs de balayage de 40, 60, 80, 100, 120 et 150 mm. N\u00e9cessite l'utilisation de la tige Ovum PIck Up pour l'OPU\/vendue ensemble pour tous les travaux de l'OPU. Compatible avec les syst\u00e8mes d'\u00e9chographie iScan 2 Multi, 4Vet Slim et 4Vet Blue.\",\"breadcrumb\":{\"@id\":\"https:\/\/viisona.com\/fr\/product\/sonde-181-transducteur-de-prelevement-de-lovule-avec-poignee\/#breadcrumb\"},\"inLanguage\":\"fr-FR\",\"potentialAction\":[{\"@type\":\"ReadAction\",\"target\":[\"https:\/\/viisona.com\/fr\/product\/sonde-181-transducteur-de-prelevement-de-lovule-avec-poignee\/\"]}]},{\"@type\":\"ImageObject\",\"inLanguage\":\"fr-FR\",\"@id\":\"https:\/\/viisona.com\/fr\/product\/sonde-181-transducteur-de-prelevement-de-lovule-avec-poignee\/#primaryimage\",\"url\":\"https:\/\/viisona.com\/wp-content\/uploads\/2021\/11\/Draminski-Abdominal-Micro-Convex-Ovum-Pick-UP-Probe-181.jpg\",\"contentUrl\":\"https:\/\/viisona.com\/wp-content\/uploads\/2021\/11\/Draminski-Abdominal-Micro-Convex-Ovum-Pick-UP-Probe-181.jpg\",\"width\":1080,\"height\":1080},{\"@type\":\"BreadcrumbList\",\"@id\":\"https:\/\/viisona.com\/fr\/product\/sonde-181-transducteur-de-prelevement-de-lovule-avec-poignee\/#breadcrumb\",\"itemListElement\":[{\"@type\":\"ListItem\",\"position\":1,\"name\":\"Home\",\"item\":\"https:\/\/viisona.com\/fr\/accueil\/\"},{\"@type\":\"ListItem\",\"position\":2,\"name\":\"Boutique\",\"item\":\"https:\/\/viisona.com\/fr\/boutique\/\"},{\"@type\":\"ListItem\",\"position\":3,\"name\":\"Probe 181 &#8211; Transducteur de pr\u00e9l\u00e8vement d&rsquo;ovules 4-9 MHz C\u00e2ble de 2,5 ou 3 m\u00e8tres\"}]},{\"@type\":\"WebSite\",\"@id\":\"https:\/\/viisona.com\/fr\/#website\",\"url\":\"https:\/\/viisona.com\/fr\/\",\"name\":\"ViiSona\",\"description\":\"Am\u00e9liorer les r\u00e9sultats pour les agriculteurs et les s\u00e9lectionneurs dans les communaut\u00e9s agricoles et de s\u00e9lection.\",\"publisher\":{\"@id\":\"https:\/\/viisona.com\/fr\/#organization\"},\"potentialAction\":[{\"@type\":\"SearchAction\",\"target\":{\"@type\":\"EntryPoint\",\"urlTemplate\":\"https:\/\/viisona.com\/fr\/?s={search_term_string}\"},\"query-input\":{\"@type\":\"PropertyValueSpecification\",\"valueRequired\":true,\"valueName\":\"search_term_string\"}}],\"inLanguage\":\"fr-FR\"},{\"@type\":\"Organization\",\"@id\":\"https:\/\/viisona.com\/fr\/#organization\",\"name\":\"ViiSona\",\"url\":\"https:\/\/viisona.com\/fr\/\",\"logo\":{\"@type\":\"ImageObject\",\"inLanguage\":\"fr-FR\",\"@id\":\"https:\/\/viisona.com\/fr\/#\/schema\/logo\/image\/\",\"url\":\"https:\/\/viisona.com\/wp-content\/uploads\/2020\/08\/viisona_1_FULLY_RASTERED.png\",\"contentUrl\":\"https:\/\/viisona.com\/wp-content\/uploads\/2020\/08\/viisona_1_FULLY_RASTERED.png\",\"width\":1080,\"height\":307,\"caption\":\"ViiSona\"},\"image\":{\"@id\":\"https:\/\/viisona.com\/fr\/#\/schema\/logo\/image\/\"}}]}<\/script>\n<!-- \/ Yoast SEO plugin. -->","yoast_head_json":{"title":"Draminski Probe 181 - Transducteur de pr\u00e9l\u00e8vement d'ovules 4-9 MHz C\u00e2ble de 2,5 ou 3 m\u00e8tres | ViiSona","description":"La sonde Micro-Convex Ovum Pick Up Probe avec 128 cristaux est id\u00e9ale pour les travaux d'OPU sur les grands animaux. Avec un rayon de 11 mm et une fr\u00e9quence de 4 \u00e0 9 MHz (fr\u00e9quence principale de 6,5 MHz), la sonde OPU offre des profondeurs de balayage de 40, 60, 80, 100, 120 et 150 mm. N\u00e9cessite l'utilisation de la tige Ovum PIck Up pour l'OPU\/vendue ensemble pour tous les travaux de l'OPU. Compatible avec les syst\u00e8mes d'\u00e9chographie iScan 2 Multi, 4Vet Slim et 4Vet Blue.","robots":{"index":"index","follow":"follow","max-snippet":"max-snippet:-1","max-image-preview":"max-image-preview:large","max-video-preview":"max-video-preview:-1"},"canonical":"https:\/\/viisona.com\/fr\/product\/sonde-181-transducteur-de-prelevement-de-lovule-avec-poignee\/","og_locale":"fr_FR","og_type":"article","og_title":"Draminski Probe 181 - Transducteur de pr\u00e9l\u00e8vement d'ovules 4-9 MHz C\u00e2ble de 2,5 ou 3 m\u00e8tres | ViiSona","og_description":"La sonde Micro-Convex Ovum Pick Up Probe avec 128 cristaux est id\u00e9ale pour les travaux d'OPU sur les grands animaux. Avec un rayon de 11 mm et une fr\u00e9quence de 4 \u00e0 9 MHz (fr\u00e9quence principale de 6,5 MHz), la sonde OPU offre des profondeurs de balayage de 40, 60, 80, 100, 120 et 150 mm. N\u00e9cessite l'utilisation de la tige Ovum PIck Up pour l'OPU\/vendue ensemble pour tous les travaux de l'OPU. Compatible avec les syst\u00e8mes d'\u00e9chographie iScan 2 Multi, 4Vet Slim et 4Vet Blue.","og_url":"https:\/\/viisona.com\/fr\/product\/sonde-181-transducteur-de-prelevement-de-lovule-avec-poignee\/","og_site_name":"ViiSona","article_modified_time":"2025-05-22T03:26:12+00:00","og_image":[{"width":1080,"height":1080,"url":"https:\/\/viisona.com\/wp-content\/uploads\/2021\/11\/Draminski-Abdominal-Micro-Convex-Ovum-Pick-UP-Probe-181.jpg","type":"image\/jpeg"}],"twitter_card":"summary_large_image","twitter_misc":{"Dur\u00e9e de lecture estim\u00e9e":"2 minutes"},"schema":{"@context":"https:\/\/schema.org","@graph":[{"@type":"WebPage","@id":"https:\/\/viisona.com\/fr\/product\/sonde-181-transducteur-de-prelevement-de-lovule-avec-poignee\/","url":"https:\/\/viisona.com\/fr\/product\/sonde-181-transducteur-de-prelevement-de-lovule-avec-poignee\/","name":"Draminski Probe 181 - Transducteur de pr\u00e9l\u00e8vement d'ovules 4-9 MHz C\u00e2ble de 2,5 ou 3 m\u00e8tres | ViiSona","isPartOf":{"@id":"https:\/\/viisona.com\/fr\/#website"},"primaryImageOfPage":{"@id":"https:\/\/viisona.com\/fr\/product\/sonde-181-transducteur-de-prelevement-de-lovule-avec-poignee\/#primaryimage"},"image":{"@id":"https:\/\/viisona.com\/fr\/product\/sonde-181-transducteur-de-prelevement-de-lovule-avec-poignee\/#primaryimage"},"thumbnailUrl":"https:\/\/viisona.com\/wp-content\/uploads\/2021\/11\/Draminski-Abdominal-Micro-Convex-Ovum-Pick-UP-Probe-181.jpg","datePublished":"2021-11-30T16:21:58+00:00","dateModified":"2025-05-22T03:26:12+00:00","description":"La sonde Micro-Convex Ovum Pick Up Probe avec 128 cristaux est id\u00e9ale pour les travaux d'OPU sur les grands animaux. Avec un rayon de 11 mm et une fr\u00e9quence de 4 \u00e0 9 MHz (fr\u00e9quence principale de 6,5 MHz), la sonde OPU offre des profondeurs de balayage de 40, 60, 80, 100, 120 et 150 mm. N\u00e9cessite l'utilisation de la tige Ovum PIck Up pour l'OPU\/vendue ensemble pour tous les travaux de l'OPU. Compatible avec les syst\u00e8mes d'\u00e9chographie iScan 2 Multi, 4Vet Slim et 4Vet Blue.","breadcrumb":{"@id":"https:\/\/viisona.com\/fr\/product\/sonde-181-transducteur-de-prelevement-de-lovule-avec-poignee\/#breadcrumb"},"inLanguage":"fr-FR","potentialAction":[{"@type":"ReadAction","target":["https:\/\/viisona.com\/fr\/product\/sonde-181-transducteur-de-prelevement-de-lovule-avec-poignee\/"]}]},{"@type":"ImageObject","inLanguage":"fr-FR","@id":"https:\/\/viisona.com\/fr\/product\/sonde-181-transducteur-de-prelevement-de-lovule-avec-poignee\/#primaryimage","url":"https:\/\/viisona.com\/wp-content\/uploads\/2021\/11\/Draminski-Abdominal-Micro-Convex-Ovum-Pick-UP-Probe-181.jpg","contentUrl":"https:\/\/viisona.com\/wp-content\/uploads\/2021\/11\/Draminski-Abdominal-Micro-Convex-Ovum-Pick-UP-Probe-181.jpg","width":1080,"height":1080},{"@type":"BreadcrumbList","@id":"https:\/\/viisona.com\/fr\/product\/sonde-181-transducteur-de-prelevement-de-lovule-avec-poignee\/#breadcrumb","itemListElement":[{"@type":"ListItem","position":1,"name":"Home","item":"https:\/\/viisona.com\/fr\/accueil\/"},{"@type":"ListItem","position":2,"name":"Boutique","item":"https:\/\/viisona.com\/fr\/boutique\/"},{"@type":"ListItem","position":3,"name":"Probe 181 &#8211; Transducteur de pr\u00e9l\u00e8vement d&rsquo;ovules 4-9 MHz C\u00e2ble de 2,5 ou 3 m\u00e8tres"}]},{"@type":"WebSite","@id":"https:\/\/viisona.com\/fr\/#website","url":"https:\/\/viisona.com\/fr\/","name":"ViiSona","description":"Am\u00e9liorer les r\u00e9sultats pour les agriculteurs et les s\u00e9lectionneurs dans les communaut\u00e9s agricoles et de s\u00e9lection.","publisher":{"@id":"https:\/\/viisona.com\/fr\/#organization"},"potentialAction":[{"@type":"SearchAction","target":{"@type":"EntryPoint","urlTemplate":"https:\/\/viisona.com\/fr\/?s={search_term_string}"},"query-input":{"@type":"PropertyValueSpecification","valueRequired":true,"valueName":"search_term_string"}}],"inLanguage":"fr-FR"},{"@type":"Organization","@id":"https:\/\/viisona.com\/fr\/#organization","name":"ViiSona","url":"https:\/\/viisona.com\/fr\/","logo":{"@type":"ImageObject","inLanguage":"fr-FR","@id":"https:\/\/viisona.com\/fr\/#\/schema\/logo\/image\/","url":"https:\/\/viisona.com\/wp-content\/uploads\/2020\/08\/viisona_1_FULLY_RASTERED.png","contentUrl":"https:\/\/viisona.com\/wp-content\/uploads\/2020\/08\/viisona_1_FULLY_RASTERED.png","width":1080,"height":307,"caption":"ViiSona"},"image":{"@id":"https:\/\/viisona.com\/fr\/#\/schema\/logo\/image\/"}}]}},"jetpack_sharing_enabled":true,"_links":{"self":[{"href":"https:\/\/viisona.com\/fr\/wp-json\/wp\/v2\/product\/5039","targetHints":{"allow":["GET"]}}],"collection":[{"href":"https:\/\/viisona.com\/fr\/wp-json\/wp\/v2\/product"}],"about":[{"href":"https:\/\/viisona.com\/fr\/wp-json\/wp\/v2\/types\/product"}],"wp:featuredmedia":[{"embeddable":true,"href":"https:\/\/viisona.com\/fr\/wp-json\/wp\/v2\/media\/4839"}],"wp:attachment":[{"href":"https:\/\/viisona.com\/fr\/wp-json\/wp\/v2\/media?parent=5039"}],"wp:term":[{"taxonomy":"product_cat","embeddable":true,"href":"https:\/\/viisona.com\/fr\/wp-json\/wp\/v2\/product_cat?post=5039"},{"taxonomy":"product_tag","embeddable":true,"href":"https:\/\/viisona.com\/fr\/wp-json\/wp\/v2\/product_tag?post=5039"},{"taxonomy":"berocket_brand","embeddable":true,"href":"https:\/\/viisona.com\/fr\/wp-json\/wp\/v2\/berocket_brand?post=5039"}],"curies":[{"name":"wp","href":"https:\/\/api.w.org\/{rel}","templated":true}]}}