{"id":5037,"date":"2021-03-02T01:07:03","date_gmt":"2021-03-02T01:07:03","guid":{"rendered":"https:\/\/viisona.com\/shop\/non%20class\u00e9\/ecli4-side-fire-curved-rectal-transducer-for-evo-transducteur-rectal-incurve-a-feu-lateral-pour-evo\/"},"modified":"2026-02-18T05:53:49","modified_gmt":"2026-02-18T05:53:49","slug":"ecli4-side-fire-curved-rectal-transducer-for-evo-transducteur-rectal-incurve-a-feu-lateral-pour-evo","status":"publish","type":"product","link":"https:\/\/viisona.com\/fr\/product\/ecli4-side-fire-curved-rectal-transducer-for-evo-transducteur-rectal-incurve-a-feu-lateral-pour-evo\/","title":{"rendered":"eCLi4 Side-Fire Curved Rectal Transducer for EVO (Transducteur rectal incurv\u00e9 \u00e0 feu lat\u00e9ral pour EVO)"},"content":{"rendered":"<p><span style=\"font-weight: 400;\">La fr\u00e9quence basse de 3-7 Mhz de la sonde eCLi4 la rend id\u00e9ale pour les examens reproductifs et abdominaux des bovins et des chevaux, ainsi que pour les examens abdominaux des petits animaux. Avec une profondeur de balayage allant de 6 \u00e0 25 cm et un encombrement de 6 cm, l&#8217;eCLi4 est con\u00e7u pour la reproduction des grands animaux et le balayage abdominal.  <\/span><\/p>\n<p><span style=\"font-weight: 400;\">Tous les c\u00e2bles d&#8217;EI Medical sont test\u00e9s \u00e0 1,2 million de cycles de flexion, ont une gaine de c\u00e2ble con\u00e7ue sur mesure pour une durabilit\u00e9 extr\u00eame, sont r\u00e9sistants aux produits chimiques et sont biocompatibles. Les c\u00e2bles de sonde EI Medical sont sp\u00e9cialement con\u00e7us pour \u00eatre utilis\u00e9s dans des environnements animaux difficiles. La gaine du c\u00e2ble en polyur\u00e9thane est extr\u00eamement durable, r\u00e9sistante aux produits chimiques et biocompatible conform\u00e9ment \u00e0 la classe VI de l&#8217;USP, le coaxial en alliage de cuivre et le blindage en alliage de cuivre ont \u00e9t\u00e9 d\u00e9velopp\u00e9s pour un allongement contr\u00f4l\u00e9, et des \u00e9l\u00e9ments de r\u00e9sistance en kevlar sont int\u00e9gr\u00e9s dans le faisceau de c\u00e2bles pour prot\u00e9ger le coaxial contre les ruptures.  <\/span><\/p>\n<p><span style=\"font-weight: 400;\">Compatible avec les syst\u00e8mes d&#8217;\u00e9chographie EVO.  <\/span><\/p>\n<p><span style=\"font-weight: 400;\">Garantie du fabricant &#8211; 1 an<\/span><\/p>\n","protected":false},"excerpt":{"rendered":"<p><span style=\"font-weight: 400;\">Sonde abdominale convexe basse fr\u00e9quence \u00e0 p\u00e9n\u00e9tration profonde, dot\u00e9e de 128 cristaux, id\u00e9ale pour la reproduction des bovins et des \u00e9quid\u00e9s, ainsi que pour les examens abdominaux des petits et des grands animaux. Avec un rayon de 60 mm et une fr\u00e9quence de 3-7 MHz, la sonde eCLi4 Convex offre une profondeur de balayage de 6 \u00e0 25 cm. Tous les transducteurs sont con\u00e7us sp\u00e9cifiquement pour les environnements difficiles, mais si le pire se produit, ils peuvent \u00e9galement \u00eatre r\u00e9par\u00e9s !<\/span><\/p>\n<p><span style=\"font-weight: 400;\">Compatible avec les syst\u00e8mes d&#8217;\u00e9chographie EVO.  <\/span><\/p>\n","protected":false},"featured_media":4655,"template":"","meta":{"_acf_changed":false,"inline_featured_image":false},"product_cat":[500,490,501,483],"product_tag":[790],"berocket_brand":[446],"class_list":{"0":"post-5037","1":"product","2":"type-product","3":"status-publish","4":"has-post-thumbnail","6":"product_cat-eleveurs","7":"product_cat-producteurs","8":"product_cat-sondes","9":"product_cat-veterinaires","10":"product_tag-ibex-fr","11":"pa_applications-abdominal-fr","12":"pa_applications-diagnostic-des-tissus-mous","13":"pa_applications-follicules","14":"pa_applications-grossesse","15":"pa_applications-pis","16":"pa_applications-reproduction-fr","17":"pa_applications-testicules","18":"pa_applications-urologie","19":"pa_applications-uterus-fr","20":"pa_species-bovins-de-boucherie","21":"pa_species-bovins-laitiers","22":"pa_species-chevaux","23":"pa_species-chevres","24":"pa_species-moutons","25":"pa_species-porcs","26":"berocket_brand-ibex-fr","28":"first","29":"instock","30":"taxable","31":"shipping-taxable","32":"purchasable","33":"product-type-simple"},"acf":[],"yoast_head":"<!-- This site is optimized with the Yoast SEO plugin v26.8 - https:\/\/yoast.com\/product\/yoast-seo-wordpress\/ -->\n<title>iBex eCLi4 Side-Fire Curved Rectal Transducer for EVO (Transducteur rectal incurv\u00e9 \u00e0 feu lat\u00e9ral pour EVO) | ViiSona<\/title>\n<meta name=\"description\" content=\"La sonde convexe eCLI4 d&#039;EI Medical est sp\u00e9cialement con\u00e7ue pour une imagerie profonde et complexe dans les examens de reproduction bovine et \u00e9quine, ainsi que pour les scanners abdominaux des petits et grands animaux. Fonctionnant dans une gamme de fr\u00e9quences de 3 \u00e0 7 MHz et \u00e9quip\u00e9e de 128 cristaux, cette sonde offre une clart\u00e9 et une r\u00e9solution exceptionnelles pour un large \u00e9ventail d&#039;applications v\u00e9t\u00e9rinaires. Avec un rayon de 60 mm et une profondeur de balayage de 6 \u00e0 25 cm, elle permet une visualisation compl\u00e8te des structures internes, ce qui la rend particuli\u00e8rement adapt\u00e9e \u00e0 la reproduction des grands animaux et aux examens abdominaux. Con\u00e7u dans un souci de durabilit\u00e9, sa construction robuste et sa gaine de c\u00e2ble sur mesure garantissent sa fiabilit\u00e9 dans les environnements animaliers exigeants. Compatible avec les syst\u00e8mes d&#039;\u00e9chographie EVO, la sonde convexe eCLI4 est un atout pr\u00e9cieux pour les professionnels v\u00e9t\u00e9rinaires \u00e0 la recherche de solutions d&#039;imagerie de premier ordre.\" \/>\n<meta name=\"robots\" content=\"index, follow, max-snippet:-1, max-image-preview:large, max-video-preview:-1\" \/>\n<link rel=\"canonical\" href=\"https:\/\/viisona.com\/fr\/product\/ecli4-side-fire-curved-rectal-transducer-for-evo-transducteur-rectal-incurve-a-feu-lateral-pour-evo\/\" \/>\n<meta property=\"og:locale\" content=\"fr_FR\" \/>\n<meta property=\"og:type\" content=\"article\" \/>\n<meta property=\"og:title\" content=\"iBex eCLi4 Side-Fire Curved Rectal Transducer for EVO (Transducteur rectal incurv\u00e9 \u00e0 feu lat\u00e9ral pour EVO) | ViiSona\" \/>\n<meta property=\"og:description\" content=\"La sonde convexe eCLI4 d&#039;EI Medical est sp\u00e9cialement con\u00e7ue pour une imagerie profonde et complexe dans les examens de reproduction bovine et \u00e9quine, ainsi que pour les scanners abdominaux des petits et grands animaux. Fonctionnant dans une gamme de fr\u00e9quences de 3 \u00e0 7 MHz et \u00e9quip\u00e9e de 128 cristaux, cette sonde offre une clart\u00e9 et une r\u00e9solution exceptionnelles pour un large \u00e9ventail d&#039;applications v\u00e9t\u00e9rinaires. Avec un rayon de 60 mm et une profondeur de balayage de 6 \u00e0 25 cm, elle permet une visualisation compl\u00e8te des structures internes, ce qui la rend particuli\u00e8rement adapt\u00e9e \u00e0 la reproduction des grands animaux et aux examens abdominaux. Con\u00e7u dans un souci de durabilit\u00e9, sa construction robuste et sa gaine de c\u00e2ble sur mesure garantissent sa fiabilit\u00e9 dans les environnements animaliers exigeants. Compatible avec les syst\u00e8mes d&#039;\u00e9chographie EVO, la sonde convexe eCLI4 est un atout pr\u00e9cieux pour les professionnels v\u00e9t\u00e9rinaires \u00e0 la recherche de solutions d&#039;imagerie de premier ordre.\" \/>\n<meta property=\"og:url\" content=\"https:\/\/viisona.com\/fr\/product\/ecli4-side-fire-curved-rectal-transducer-for-evo-transducteur-rectal-incurve-a-feu-lateral-pour-evo\/\" \/>\n<meta property=\"og:site_name\" content=\"ViiSona\" \/>\n<meta property=\"article:modified_time\" content=\"2026-02-18T05:53:49+00:00\" \/>\n<meta property=\"og:image\" content=\"https:\/\/viisona.com\/wp-content\/uploads\/2021\/03\/highres_product_TEMPLATE_CLi4HD.jpg\" \/>\n\t<meta property=\"og:image:width\" content=\"1080\" \/>\n\t<meta property=\"og:image:height\" content=\"1080\" \/>\n\t<meta property=\"og:image:type\" content=\"image\/jpeg\" \/>\n<meta name=\"twitter:card\" content=\"summary_large_image\" \/>\n<meta name=\"twitter:label1\" content=\"Dur\u00e9e de lecture estim\u00e9e\" \/>\n\t<meta name=\"twitter:data1\" content=\"2 minutes\" \/>\n<script type=\"application\/ld+json\" class=\"yoast-schema-graph\">{\"@context\":\"https:\/\/schema.org\",\"@graph\":[{\"@type\":\"WebPage\",\"@id\":\"https:\/\/viisona.com\/fr\/product\/ecli4-side-fire-curved-rectal-transducer-for-evo-transducteur-rectal-incurve-a-feu-lateral-pour-evo\/\",\"url\":\"https:\/\/viisona.com\/fr\/product\/ecli4-side-fire-curved-rectal-transducer-for-evo-transducteur-rectal-incurve-a-feu-lateral-pour-evo\/\",\"name\":\"iBex eCLi4 Side-Fire Curved Rectal Transducer for EVO (Transducteur rectal incurv\u00e9 \u00e0 feu lat\u00e9ral pour EVO) | ViiSona\",\"isPartOf\":{\"@id\":\"https:\/\/viisona.com\/fr\/#website\"},\"primaryImageOfPage\":{\"@id\":\"https:\/\/viisona.com\/fr\/product\/ecli4-side-fire-curved-rectal-transducer-for-evo-transducteur-rectal-incurve-a-feu-lateral-pour-evo\/#primaryimage\"},\"image\":{\"@id\":\"https:\/\/viisona.com\/fr\/product\/ecli4-side-fire-curved-rectal-transducer-for-evo-transducteur-rectal-incurve-a-feu-lateral-pour-evo\/#primaryimage\"},\"thumbnailUrl\":\"https:\/\/viisona.com\/wp-content\/uploads\/2021\/03\/highres_product_TEMPLATE_CLi4HD.jpg\",\"datePublished\":\"2021-03-02T01:07:03+00:00\",\"dateModified\":\"2026-02-18T05:53:49+00:00\",\"description\":\"La sonde convexe eCLI4 d'EI Medical est sp\u00e9cialement con\u00e7ue pour une imagerie profonde et complexe dans les examens de reproduction bovine et \u00e9quine, ainsi que pour les scanners abdominaux des petits et grands animaux. Fonctionnant dans une gamme de fr\u00e9quences de 3 \u00e0 7 MHz et \u00e9quip\u00e9e de 128 cristaux, cette sonde offre une clart\u00e9 et une r\u00e9solution exceptionnelles pour un large \u00e9ventail d'applications v\u00e9t\u00e9rinaires. Avec un rayon de 60 mm et une profondeur de balayage de 6 \u00e0 25 cm, elle permet une visualisation compl\u00e8te des structures internes, ce qui la rend particuli\u00e8rement adapt\u00e9e \u00e0 la reproduction des grands animaux et aux examens abdominaux. Con\u00e7u dans un souci de durabilit\u00e9, sa construction robuste et sa gaine de c\u00e2ble sur mesure garantissent sa fiabilit\u00e9 dans les environnements animaliers exigeants. Compatible avec les syst\u00e8mes d'\u00e9chographie EVO, la sonde convexe eCLI4 est un atout pr\u00e9cieux pour les professionnels v\u00e9t\u00e9rinaires \u00e0 la recherche de solutions d'imagerie de premier ordre.\",\"breadcrumb\":{\"@id\":\"https:\/\/viisona.com\/fr\/product\/ecli4-side-fire-curved-rectal-transducer-for-evo-transducteur-rectal-incurve-a-feu-lateral-pour-evo\/#breadcrumb\"},\"inLanguage\":\"fr-FR\",\"potentialAction\":[{\"@type\":\"ReadAction\",\"target\":[\"https:\/\/viisona.com\/fr\/product\/ecli4-side-fire-curved-rectal-transducer-for-evo-transducteur-rectal-incurve-a-feu-lateral-pour-evo\/\"]}]},{\"@type\":\"ImageObject\",\"inLanguage\":\"fr-FR\",\"@id\":\"https:\/\/viisona.com\/fr\/product\/ecli4-side-fire-curved-rectal-transducer-for-evo-transducteur-rectal-incurve-a-feu-lateral-pour-evo\/#primaryimage\",\"url\":\"https:\/\/viisona.com\/wp-content\/uploads\/2021\/03\/highres_product_TEMPLATE_CLi4HD.jpg\",\"contentUrl\":\"https:\/\/viisona.com\/wp-content\/uploads\/2021\/03\/highres_product_TEMPLATE_CLi4HD.jpg\",\"width\":1080,\"height\":1080},{\"@type\":\"BreadcrumbList\",\"@id\":\"https:\/\/viisona.com\/fr\/product\/ecli4-side-fire-curved-rectal-transducer-for-evo-transducteur-rectal-incurve-a-feu-lateral-pour-evo\/#breadcrumb\",\"itemListElement\":[{\"@type\":\"ListItem\",\"position\":1,\"name\":\"Home\",\"item\":\"https:\/\/viisona.com\/fr\/accueil\/\"},{\"@type\":\"ListItem\",\"position\":2,\"name\":\"Boutique\",\"item\":\"https:\/\/viisona.com\/fr\/boutique\/\"},{\"@type\":\"ListItem\",\"position\":3,\"name\":\"eCLi4 Side-Fire Curved Rectal Transducer for EVO (Transducteur rectal incurv\u00e9 \u00e0 feu lat\u00e9ral pour EVO)\"}]},{\"@type\":\"WebSite\",\"@id\":\"https:\/\/viisona.com\/fr\/#website\",\"url\":\"https:\/\/viisona.com\/fr\/\",\"name\":\"ViiSona\",\"description\":\"Am\u00e9liorer les r\u00e9sultats pour les agriculteurs et les s\u00e9lectionneurs dans les communaut\u00e9s agricoles et de s\u00e9lection.\",\"publisher\":{\"@id\":\"https:\/\/viisona.com\/fr\/#organization\"},\"potentialAction\":[{\"@type\":\"SearchAction\",\"target\":{\"@type\":\"EntryPoint\",\"urlTemplate\":\"https:\/\/viisona.com\/fr\/?s={search_term_string}\"},\"query-input\":{\"@type\":\"PropertyValueSpecification\",\"valueRequired\":true,\"valueName\":\"search_term_string\"}}],\"inLanguage\":\"fr-FR\"},{\"@type\":\"Organization\",\"@id\":\"https:\/\/viisona.com\/fr\/#organization\",\"name\":\"ViiSona\",\"url\":\"https:\/\/viisona.com\/fr\/\",\"logo\":{\"@type\":\"ImageObject\",\"inLanguage\":\"fr-FR\",\"@id\":\"https:\/\/viisona.com\/fr\/#\/schema\/logo\/image\/\",\"url\":\"https:\/\/viisona.com\/wp-content\/uploads\/2020\/08\/viisona_1_FULLY_RASTERED.png\",\"contentUrl\":\"https:\/\/viisona.com\/wp-content\/uploads\/2020\/08\/viisona_1_FULLY_RASTERED.png\",\"width\":1080,\"height\":307,\"caption\":\"ViiSona\"},\"image\":{\"@id\":\"https:\/\/viisona.com\/fr\/#\/schema\/logo\/image\/\"}}]}<\/script>\n<!-- \/ Yoast SEO plugin. -->","yoast_head_json":{"title":"iBex eCLi4 Side-Fire Curved Rectal Transducer for EVO (Transducteur rectal incurv\u00e9 \u00e0 feu lat\u00e9ral pour EVO) | ViiSona","description":"La sonde convexe eCLI4 d'EI Medical est sp\u00e9cialement con\u00e7ue pour une imagerie profonde et complexe dans les examens de reproduction bovine et \u00e9quine, ainsi que pour les scanners abdominaux des petits et grands animaux. Fonctionnant dans une gamme de fr\u00e9quences de 3 \u00e0 7 MHz et \u00e9quip\u00e9e de 128 cristaux, cette sonde offre une clart\u00e9 et une r\u00e9solution exceptionnelles pour un large \u00e9ventail d'applications v\u00e9t\u00e9rinaires. Avec un rayon de 60 mm et une profondeur de balayage de 6 \u00e0 25 cm, elle permet une visualisation compl\u00e8te des structures internes, ce qui la rend particuli\u00e8rement adapt\u00e9e \u00e0 la reproduction des grands animaux et aux examens abdominaux. Con\u00e7u dans un souci de durabilit\u00e9, sa construction robuste et sa gaine de c\u00e2ble sur mesure garantissent sa fiabilit\u00e9 dans les environnements animaliers exigeants. Compatible avec les syst\u00e8mes d'\u00e9chographie EVO, la sonde convexe eCLI4 est un atout pr\u00e9cieux pour les professionnels v\u00e9t\u00e9rinaires \u00e0 la recherche de solutions d'imagerie de premier ordre.","robots":{"index":"index","follow":"follow","max-snippet":"max-snippet:-1","max-image-preview":"max-image-preview:large","max-video-preview":"max-video-preview:-1"},"canonical":"https:\/\/viisona.com\/fr\/product\/ecli4-side-fire-curved-rectal-transducer-for-evo-transducteur-rectal-incurve-a-feu-lateral-pour-evo\/","og_locale":"fr_FR","og_type":"article","og_title":"iBex eCLi4 Side-Fire Curved Rectal Transducer for EVO (Transducteur rectal incurv\u00e9 \u00e0 feu lat\u00e9ral pour EVO) | ViiSona","og_description":"La sonde convexe eCLI4 d'EI Medical est sp\u00e9cialement con\u00e7ue pour une imagerie profonde et complexe dans les examens de reproduction bovine et \u00e9quine, ainsi que pour les scanners abdominaux des petits et grands animaux. Fonctionnant dans une gamme de fr\u00e9quences de 3 \u00e0 7 MHz et \u00e9quip\u00e9e de 128 cristaux, cette sonde offre une clart\u00e9 et une r\u00e9solution exceptionnelles pour un large \u00e9ventail d'applications v\u00e9t\u00e9rinaires. Avec un rayon de 60 mm et une profondeur de balayage de 6 \u00e0 25 cm, elle permet une visualisation compl\u00e8te des structures internes, ce qui la rend particuli\u00e8rement adapt\u00e9e \u00e0 la reproduction des grands animaux et aux examens abdominaux. Con\u00e7u dans un souci de durabilit\u00e9, sa construction robuste et sa gaine de c\u00e2ble sur mesure garantissent sa fiabilit\u00e9 dans les environnements animaliers exigeants. Compatible avec les syst\u00e8mes d'\u00e9chographie EVO, la sonde convexe eCLI4 est un atout pr\u00e9cieux pour les professionnels v\u00e9t\u00e9rinaires \u00e0 la recherche de solutions d'imagerie de premier ordre.","og_url":"https:\/\/viisona.com\/fr\/product\/ecli4-side-fire-curved-rectal-transducer-for-evo-transducteur-rectal-incurve-a-feu-lateral-pour-evo\/","og_site_name":"ViiSona","article_modified_time":"2026-02-18T05:53:49+00:00","og_image":[{"width":1080,"height":1080,"url":"https:\/\/viisona.com\/wp-content\/uploads\/2021\/03\/highres_product_TEMPLATE_CLi4HD.jpg","type":"image\/jpeg"}],"twitter_card":"summary_large_image","twitter_misc":{"Dur\u00e9e de lecture estim\u00e9e":"2 minutes"},"schema":{"@context":"https:\/\/schema.org","@graph":[{"@type":"WebPage","@id":"https:\/\/viisona.com\/fr\/product\/ecli4-side-fire-curved-rectal-transducer-for-evo-transducteur-rectal-incurve-a-feu-lateral-pour-evo\/","url":"https:\/\/viisona.com\/fr\/product\/ecli4-side-fire-curved-rectal-transducer-for-evo-transducteur-rectal-incurve-a-feu-lateral-pour-evo\/","name":"iBex eCLi4 Side-Fire Curved Rectal Transducer for EVO (Transducteur rectal incurv\u00e9 \u00e0 feu lat\u00e9ral pour EVO) | ViiSona","isPartOf":{"@id":"https:\/\/viisona.com\/fr\/#website"},"primaryImageOfPage":{"@id":"https:\/\/viisona.com\/fr\/product\/ecli4-side-fire-curved-rectal-transducer-for-evo-transducteur-rectal-incurve-a-feu-lateral-pour-evo\/#primaryimage"},"image":{"@id":"https:\/\/viisona.com\/fr\/product\/ecli4-side-fire-curved-rectal-transducer-for-evo-transducteur-rectal-incurve-a-feu-lateral-pour-evo\/#primaryimage"},"thumbnailUrl":"https:\/\/viisona.com\/wp-content\/uploads\/2021\/03\/highres_product_TEMPLATE_CLi4HD.jpg","datePublished":"2021-03-02T01:07:03+00:00","dateModified":"2026-02-18T05:53:49+00:00","description":"La sonde convexe eCLI4 d'EI Medical est sp\u00e9cialement con\u00e7ue pour une imagerie profonde et complexe dans les examens de reproduction bovine et \u00e9quine, ainsi que pour les scanners abdominaux des petits et grands animaux. Fonctionnant dans une gamme de fr\u00e9quences de 3 \u00e0 7 MHz et \u00e9quip\u00e9e de 128 cristaux, cette sonde offre une clart\u00e9 et une r\u00e9solution exceptionnelles pour un large \u00e9ventail d'applications v\u00e9t\u00e9rinaires. Avec un rayon de 60 mm et une profondeur de balayage de 6 \u00e0 25 cm, elle permet une visualisation compl\u00e8te des structures internes, ce qui la rend particuli\u00e8rement adapt\u00e9e \u00e0 la reproduction des grands animaux et aux examens abdominaux. Con\u00e7u dans un souci de durabilit\u00e9, sa construction robuste et sa gaine de c\u00e2ble sur mesure garantissent sa fiabilit\u00e9 dans les environnements animaliers exigeants. Compatible avec les syst\u00e8mes d'\u00e9chographie EVO, la sonde convexe eCLI4 est un atout pr\u00e9cieux pour les professionnels v\u00e9t\u00e9rinaires \u00e0 la recherche de solutions d'imagerie de premier ordre.","breadcrumb":{"@id":"https:\/\/viisona.com\/fr\/product\/ecli4-side-fire-curved-rectal-transducer-for-evo-transducteur-rectal-incurve-a-feu-lateral-pour-evo\/#breadcrumb"},"inLanguage":"fr-FR","potentialAction":[{"@type":"ReadAction","target":["https:\/\/viisona.com\/fr\/product\/ecli4-side-fire-curved-rectal-transducer-for-evo-transducteur-rectal-incurve-a-feu-lateral-pour-evo\/"]}]},{"@type":"ImageObject","inLanguage":"fr-FR","@id":"https:\/\/viisona.com\/fr\/product\/ecli4-side-fire-curved-rectal-transducer-for-evo-transducteur-rectal-incurve-a-feu-lateral-pour-evo\/#primaryimage","url":"https:\/\/viisona.com\/wp-content\/uploads\/2021\/03\/highres_product_TEMPLATE_CLi4HD.jpg","contentUrl":"https:\/\/viisona.com\/wp-content\/uploads\/2021\/03\/highres_product_TEMPLATE_CLi4HD.jpg","width":1080,"height":1080},{"@type":"BreadcrumbList","@id":"https:\/\/viisona.com\/fr\/product\/ecli4-side-fire-curved-rectal-transducer-for-evo-transducteur-rectal-incurve-a-feu-lateral-pour-evo\/#breadcrumb","itemListElement":[{"@type":"ListItem","position":1,"name":"Home","item":"https:\/\/viisona.com\/fr\/accueil\/"},{"@type":"ListItem","position":2,"name":"Boutique","item":"https:\/\/viisona.com\/fr\/boutique\/"},{"@type":"ListItem","position":3,"name":"eCLi4 Side-Fire Curved Rectal Transducer for EVO (Transducteur rectal incurv\u00e9 \u00e0 feu lat\u00e9ral pour EVO)"}]},{"@type":"WebSite","@id":"https:\/\/viisona.com\/fr\/#website","url":"https:\/\/viisona.com\/fr\/","name":"ViiSona","description":"Am\u00e9liorer les r\u00e9sultats pour les agriculteurs et les s\u00e9lectionneurs dans les communaut\u00e9s agricoles et de s\u00e9lection.","publisher":{"@id":"https:\/\/viisona.com\/fr\/#organization"},"potentialAction":[{"@type":"SearchAction","target":{"@type":"EntryPoint","urlTemplate":"https:\/\/viisona.com\/fr\/?s={search_term_string}"},"query-input":{"@type":"PropertyValueSpecification","valueRequired":true,"valueName":"search_term_string"}}],"inLanguage":"fr-FR"},{"@type":"Organization","@id":"https:\/\/viisona.com\/fr\/#organization","name":"ViiSona","url":"https:\/\/viisona.com\/fr\/","logo":{"@type":"ImageObject","inLanguage":"fr-FR","@id":"https:\/\/viisona.com\/fr\/#\/schema\/logo\/image\/","url":"https:\/\/viisona.com\/wp-content\/uploads\/2020\/08\/viisona_1_FULLY_RASTERED.png","contentUrl":"https:\/\/viisona.com\/wp-content\/uploads\/2020\/08\/viisona_1_FULLY_RASTERED.png","width":1080,"height":307,"caption":"ViiSona"},"image":{"@id":"https:\/\/viisona.com\/fr\/#\/schema\/logo\/image\/"}}]}},"jetpack_sharing_enabled":true,"_links":{"self":[{"href":"https:\/\/viisona.com\/fr\/wp-json\/wp\/v2\/product\/5037","targetHints":{"allow":["GET"]}}],"collection":[{"href":"https:\/\/viisona.com\/fr\/wp-json\/wp\/v2\/product"}],"about":[{"href":"https:\/\/viisona.com\/fr\/wp-json\/wp\/v2\/types\/product"}],"wp:featuredmedia":[{"embeddable":true,"href":"https:\/\/viisona.com\/fr\/wp-json\/wp\/v2\/media\/4655"}],"wp:attachment":[{"href":"https:\/\/viisona.com\/fr\/wp-json\/wp\/v2\/media?parent=5037"}],"wp:term":[{"taxonomy":"product_cat","embeddable":true,"href":"https:\/\/viisona.com\/fr\/wp-json\/wp\/v2\/product_cat?post=5037"},{"taxonomy":"product_tag","embeddable":true,"href":"https:\/\/viisona.com\/fr\/wp-json\/wp\/v2\/product_tag?post=5037"},{"taxonomy":"berocket_brand","embeddable":true,"href":"https:\/\/viisona.com\/fr\/wp-json\/wp\/v2\/berocket_brand?post=5037"}],"curies":[{"name":"wp","href":"https:\/\/api.w.org\/{rel}","templated":true}]}}