{"id":5036,"date":"2021-03-02T01:10:50","date_gmt":"2021-03-02T01:10:50","guid":{"rendered":"https:\/\/viisona.com\/shop\/non%20class\u00e9\/ecl3-transducteur-convexe-pour-evo-2\/"},"modified":"2026-02-18T05:54:01","modified_gmt":"2026-02-18T05:54:01","slug":"ecl3-transducteur-convexe-pour-evo-2","status":"publish","type":"product","link":"https:\/\/viisona.com\/fr\/product\/ecl3-transducteur-convexe-pour-evo-2\/","title":{"rendered":"eCL3 &#8211; Transducteur convexe pour EVO"},"content":{"rendered":"<p><span style=\"font-weight: 400;\">Cette sonde abdominale convexe \u00e0 basse fr\u00e9quence et \u00e0 p\u00e9n\u00e9tration profonde, dot\u00e9e de 128 cristaux, est id\u00e9ale pour les examens abdominaux des animaux de taille moyenne et grande, des animaux exotiques et des petits ruminants. Avec un rayon de 60 mm et une fr\u00e9quence de 2 \u00e0 6,4 MHz, la sonde eCL3 Convex offre une profondeur de balayage allant jusqu&#8217;\u00e0 30 cm.  <\/span><\/p>\n<p><span style=\"font-weight: 400;\">Tous les c\u00e2bles d&#8217;EI Medical sont test\u00e9s \u00e0 1,2 million de cycles de flexion, ont une gaine de c\u00e2ble con\u00e7ue sur mesure pour une durabilit\u00e9 extr\u00eame, sont r\u00e9sistants aux produits chimiques et sont biocompatibles. Les c\u00e2bles de sonde EI Medical sont sp\u00e9cialement con\u00e7us pour \u00eatre utilis\u00e9s dans des environnements animaux difficiles. La gaine du c\u00e2ble en polyur\u00e9thane est extr\u00eamement durable, r\u00e9sistante aux produits chimiques et biocompatible conform\u00e9ment \u00e0 la classe VI de l&#8217;USP, le coaxial en alliage de cuivre et le blindage en alliage de cuivre ont \u00e9t\u00e9 d\u00e9velopp\u00e9s pour un allongement contr\u00f4l\u00e9, et des \u00e9l\u00e9ments de r\u00e9sistance en kevlar sont int\u00e9gr\u00e9s dans le faisceau de c\u00e2bles pour prot\u00e9ger le coaxial contre les ruptures.  <\/span><\/p>\n","protected":false},"excerpt":{"rendered":"<p><span style=\"font-weight: 400;\">Le transducteur convexe eCL3 d&#8217;EI Medical \u00e0 basse fr\u00e9quence et \u00e0 p\u00e9n\u00e9tration profonde pour EVO, avec 128 cristaux, une fr\u00e9quence de 2 \u00e0 6,4 MHz et une profondeur de balayage allant jusqu&#8217;\u00e0 30 cm, est id\u00e9al pour les examens transabdominaux chez les bovins, les chevaux, les petits ruminants, les cam\u00e9lid\u00e9s, les grands chiens, les animaux exotiques, les animaux sauvages, le cou des \u00e9quid\u00e9s et les examens du dos. Tous les transducteurs sont con\u00e7us sp\u00e9cifiquement pour les environnements difficiles, mais si le pire se produit, ils peuvent \u00e9galement \u00eatre r\u00e9par\u00e9s !<\/span><\/p>\n<p><span style=\"font-weight: 400;\">Compatible avec le syst\u00e8me d&#8217;\u00e9chographie EVO.<\/span><\/p>\n","protected":false},"featured_media":4656,"template":"","meta":{"_acf_changed":false,"inline_featured_image":false},"product_cat":[500,501,483],"product_tag":[790],"berocket_brand":[446],"class_list":{"0":"post-5036","1":"product","2":"type-product","3":"status-publish","4":"has-post-thumbnail","6":"product_cat-eleveurs","7":"product_cat-sondes","8":"product_cat-veterinaires","9":"product_tag-ibex-fr","10":"pa_applications-abdominal-fr","11":"pa_applications-diagnostic-de-base-des-petits-animaux","12":"pa_applications-diagnostic-des-tissus-mous","13":"pa_applications-grossesse","14":"pa_applications-uterus-fr","15":"pa_species-animaux-exotiques","16":"pa_species-bovins-de-boucherie","17":"pa_species-bovins-laitiers","18":"pa_species-chevaux","19":"pa_species-chevres","20":"pa_species-moutons","21":"pa_species-porcs","22":"berocket_brand-ibex-fr","24":"first","25":"instock","26":"taxable","27":"shipping-taxable","28":"purchasable","29":"product-type-simple"},"acf":[],"yoast_head":"<!-- This site is optimized with the Yoast SEO plugin v26.8 - https:\/\/yoast.com\/product\/yoast-seo-wordpress\/ -->\n<title>iBex eCL3 - Transducteur convexe pour EVO | ViiSona<\/title>\n<meta name=\"description\" content=\"La sonde convexe eCL3 d&#039;EI Medical pour le syst\u00e8me d&#039;\u00e9chographie EVO offre des capacit\u00e9s de p\u00e9n\u00e9tration profonde et une polyvalence pour diverses applications v\u00e9t\u00e9rinaires. Avec sa gamme de basses fr\u00e9quences de 2 \u00e0 6,4 MHz et ses 128 cristaux, cette sonde offre une qualit\u00e9 d&#039;imagerie exceptionnelle pour les examens transabdominaux chez les bovins, les chevaux, les petits ruminants, les cam\u00e9lid\u00e9s, les grands chiens, les animaux exotiques et les animaux sauvages. La profondeur de balayage de la sonde, qui peut atteindre 30 cm, garantit une visualisation approfondie des structures internes, ce qui la rend adapt\u00e9e aux examens abdominaux, aux \u00e9valuations du cou et du dos des \u00e9quid\u00e9s, etc. Con\u00e7ue pour durer, la sonde est dot\u00e9e d&#039;une construction robuste et d&#039;une gaine de c\u00e2ble con\u00e7ue sur mesure, r\u00e9sistante aux produits chimiques et biocompatible, ce qui garantit des performances fiables, m\u00eame dans les environnements animaliers difficiles. Compatible avec le syst\u00e8me d&#039;\u00e9chographie EVO, la sonde eCL3Convex est un outil pr\u00e9cieux pour les professionnels v\u00e9t\u00e9rinaires \u00e0 la recherche de solutions d&#039;imagerie de haute qualit\u00e9.\" \/>\n<meta name=\"robots\" content=\"index, follow, max-snippet:-1, max-image-preview:large, max-video-preview:-1\" \/>\n<link rel=\"canonical\" href=\"https:\/\/viisona.com\/fr\/product\/ecl3-transducteur-convexe-pour-evo-2\/\" \/>\n<meta property=\"og:locale\" content=\"fr_FR\" \/>\n<meta property=\"og:type\" content=\"article\" \/>\n<meta property=\"og:title\" content=\"iBex eCL3 - Transducteur convexe pour EVO | ViiSona\" \/>\n<meta property=\"og:description\" content=\"La sonde convexe eCL3 d&#039;EI Medical pour le syst\u00e8me d&#039;\u00e9chographie EVO offre des capacit\u00e9s de p\u00e9n\u00e9tration profonde et une polyvalence pour diverses applications v\u00e9t\u00e9rinaires. Avec sa gamme de basses fr\u00e9quences de 2 \u00e0 6,4 MHz et ses 128 cristaux, cette sonde offre une qualit\u00e9 d&#039;imagerie exceptionnelle pour les examens transabdominaux chez les bovins, les chevaux, les petits ruminants, les cam\u00e9lid\u00e9s, les grands chiens, les animaux exotiques et les animaux sauvages. La profondeur de balayage de la sonde, qui peut atteindre 30 cm, garantit une visualisation approfondie des structures internes, ce qui la rend adapt\u00e9e aux examens abdominaux, aux \u00e9valuations du cou et du dos des \u00e9quid\u00e9s, etc. Con\u00e7ue pour durer, la sonde est dot\u00e9e d&#039;une construction robuste et d&#039;une gaine de c\u00e2ble con\u00e7ue sur mesure, r\u00e9sistante aux produits chimiques et biocompatible, ce qui garantit des performances fiables, m\u00eame dans les environnements animaliers difficiles. Compatible avec le syst\u00e8me d&#039;\u00e9chographie EVO, la sonde eCL3Convex est un outil pr\u00e9cieux pour les professionnels v\u00e9t\u00e9rinaires \u00e0 la recherche de solutions d&#039;imagerie de haute qualit\u00e9.\" \/>\n<meta property=\"og:url\" content=\"https:\/\/viisona.com\/fr\/product\/ecl3-transducteur-convexe-pour-evo-2\/\" \/>\n<meta property=\"og:site_name\" content=\"ViiSona\" \/>\n<meta property=\"article:modified_time\" content=\"2026-02-18T05:54:01+00:00\" \/>\n<meta property=\"og:image\" content=\"https:\/\/viisona.com\/wp-content\/uploads\/2021\/03\/highres_product_TEMPLATE_CL3E.jpg\" \/>\n\t<meta property=\"og:image:width\" content=\"1080\" \/>\n\t<meta property=\"og:image:height\" content=\"1080\" \/>\n\t<meta property=\"og:image:type\" content=\"image\/jpeg\" \/>\n<meta name=\"twitter:card\" content=\"summary_large_image\" \/>\n<meta name=\"twitter:label1\" content=\"Dur\u00e9e de lecture estim\u00e9e\" \/>\n\t<meta name=\"twitter:data1\" content=\"1 minute\" \/>\n<script type=\"application\/ld+json\" class=\"yoast-schema-graph\">{\"@context\":\"https:\/\/schema.org\",\"@graph\":[{\"@type\":\"WebPage\",\"@id\":\"https:\/\/viisona.com\/fr\/product\/ecl3-transducteur-convexe-pour-evo-2\/\",\"url\":\"https:\/\/viisona.com\/fr\/product\/ecl3-transducteur-convexe-pour-evo-2\/\",\"name\":\"iBex eCL3 - Transducteur convexe pour EVO | ViiSona\",\"isPartOf\":{\"@id\":\"https:\/\/viisona.com\/fr\/#website\"},\"primaryImageOfPage\":{\"@id\":\"https:\/\/viisona.com\/fr\/product\/ecl3-transducteur-convexe-pour-evo-2\/#primaryimage\"},\"image\":{\"@id\":\"https:\/\/viisona.com\/fr\/product\/ecl3-transducteur-convexe-pour-evo-2\/#primaryimage\"},\"thumbnailUrl\":\"https:\/\/viisona.com\/wp-content\/uploads\/2021\/03\/highres_product_TEMPLATE_CL3E.jpg\",\"datePublished\":\"2021-03-02T01:10:50+00:00\",\"dateModified\":\"2026-02-18T05:54:01+00:00\",\"description\":\"La sonde convexe eCL3 d'EI Medical pour le syst\u00e8me d'\u00e9chographie EVO offre des capacit\u00e9s de p\u00e9n\u00e9tration profonde et une polyvalence pour diverses applications v\u00e9t\u00e9rinaires. Avec sa gamme de basses fr\u00e9quences de 2 \u00e0 6,4 MHz et ses 128 cristaux, cette sonde offre une qualit\u00e9 d'imagerie exceptionnelle pour les examens transabdominaux chez les bovins, les chevaux, les petits ruminants, les cam\u00e9lid\u00e9s, les grands chiens, les animaux exotiques et les animaux sauvages. La profondeur de balayage de la sonde, qui peut atteindre 30 cm, garantit une visualisation approfondie des structures internes, ce qui la rend adapt\u00e9e aux examens abdominaux, aux \u00e9valuations du cou et du dos des \u00e9quid\u00e9s, etc. Con\u00e7ue pour durer, la sonde est dot\u00e9e d'une construction robuste et d'une gaine de c\u00e2ble con\u00e7ue sur mesure, r\u00e9sistante aux produits chimiques et biocompatible, ce qui garantit des performances fiables, m\u00eame dans les environnements animaliers difficiles. Compatible avec le syst\u00e8me d'\u00e9chographie EVO, la sonde eCL3Convex est un outil pr\u00e9cieux pour les professionnels v\u00e9t\u00e9rinaires \u00e0 la recherche de solutions d'imagerie de haute qualit\u00e9.\",\"breadcrumb\":{\"@id\":\"https:\/\/viisona.com\/fr\/product\/ecl3-transducteur-convexe-pour-evo-2\/#breadcrumb\"},\"inLanguage\":\"fr-FR\",\"potentialAction\":[{\"@type\":\"ReadAction\",\"target\":[\"https:\/\/viisona.com\/fr\/product\/ecl3-transducteur-convexe-pour-evo-2\/\"]}]},{\"@type\":\"ImageObject\",\"inLanguage\":\"fr-FR\",\"@id\":\"https:\/\/viisona.com\/fr\/product\/ecl3-transducteur-convexe-pour-evo-2\/#primaryimage\",\"url\":\"https:\/\/viisona.com\/wp-content\/uploads\/2021\/03\/highres_product_TEMPLATE_CL3E.jpg\",\"contentUrl\":\"https:\/\/viisona.com\/wp-content\/uploads\/2021\/03\/highres_product_TEMPLATE_CL3E.jpg\",\"width\":1080,\"height\":1080},{\"@type\":\"BreadcrumbList\",\"@id\":\"https:\/\/viisona.com\/fr\/product\/ecl3-transducteur-convexe-pour-evo-2\/#breadcrumb\",\"itemListElement\":[{\"@type\":\"ListItem\",\"position\":1,\"name\":\"Home\",\"item\":\"https:\/\/viisona.com\/fr\/accueil\/\"},{\"@type\":\"ListItem\",\"position\":2,\"name\":\"Boutique\",\"item\":\"https:\/\/viisona.com\/fr\/boutique\/\"},{\"@type\":\"ListItem\",\"position\":3,\"name\":\"eCL3 &#8211; Transducteur convexe pour EVO\"}]},{\"@type\":\"WebSite\",\"@id\":\"https:\/\/viisona.com\/fr\/#website\",\"url\":\"https:\/\/viisona.com\/fr\/\",\"name\":\"ViiSona\",\"description\":\"Am\u00e9liorer les r\u00e9sultats pour les agriculteurs et les s\u00e9lectionneurs dans les communaut\u00e9s agricoles et de s\u00e9lection.\",\"publisher\":{\"@id\":\"https:\/\/viisona.com\/fr\/#organization\"},\"potentialAction\":[{\"@type\":\"SearchAction\",\"target\":{\"@type\":\"EntryPoint\",\"urlTemplate\":\"https:\/\/viisona.com\/fr\/?s={search_term_string}\"},\"query-input\":{\"@type\":\"PropertyValueSpecification\",\"valueRequired\":true,\"valueName\":\"search_term_string\"}}],\"inLanguage\":\"fr-FR\"},{\"@type\":\"Organization\",\"@id\":\"https:\/\/viisona.com\/fr\/#organization\",\"name\":\"ViiSona\",\"url\":\"https:\/\/viisona.com\/fr\/\",\"logo\":{\"@type\":\"ImageObject\",\"inLanguage\":\"fr-FR\",\"@id\":\"https:\/\/viisona.com\/fr\/#\/schema\/logo\/image\/\",\"url\":\"https:\/\/viisona.com\/wp-content\/uploads\/2020\/08\/viisona_1_FULLY_RASTERED.png\",\"contentUrl\":\"https:\/\/viisona.com\/wp-content\/uploads\/2020\/08\/viisona_1_FULLY_RASTERED.png\",\"width\":1080,\"height\":307,\"caption\":\"ViiSona\"},\"image\":{\"@id\":\"https:\/\/viisona.com\/fr\/#\/schema\/logo\/image\/\"}}]}<\/script>\n<!-- \/ Yoast SEO plugin. -->","yoast_head_json":{"title":"iBex eCL3 - Transducteur convexe pour EVO | ViiSona","description":"La sonde convexe eCL3 d'EI Medical pour le syst\u00e8me d'\u00e9chographie EVO offre des capacit\u00e9s de p\u00e9n\u00e9tration profonde et une polyvalence pour diverses applications v\u00e9t\u00e9rinaires. Avec sa gamme de basses fr\u00e9quences de 2 \u00e0 6,4 MHz et ses 128 cristaux, cette sonde offre une qualit\u00e9 d'imagerie exceptionnelle pour les examens transabdominaux chez les bovins, les chevaux, les petits ruminants, les cam\u00e9lid\u00e9s, les grands chiens, les animaux exotiques et les animaux sauvages. La profondeur de balayage de la sonde, qui peut atteindre 30 cm, garantit une visualisation approfondie des structures internes, ce qui la rend adapt\u00e9e aux examens abdominaux, aux \u00e9valuations du cou et du dos des \u00e9quid\u00e9s, etc. Con\u00e7ue pour durer, la sonde est dot\u00e9e d'une construction robuste et d'une gaine de c\u00e2ble con\u00e7ue sur mesure, r\u00e9sistante aux produits chimiques et biocompatible, ce qui garantit des performances fiables, m\u00eame dans les environnements animaliers difficiles. Compatible avec le syst\u00e8me d'\u00e9chographie EVO, la sonde eCL3Convex est un outil pr\u00e9cieux pour les professionnels v\u00e9t\u00e9rinaires \u00e0 la recherche de solutions d'imagerie de haute qualit\u00e9.","robots":{"index":"index","follow":"follow","max-snippet":"max-snippet:-1","max-image-preview":"max-image-preview:large","max-video-preview":"max-video-preview:-1"},"canonical":"https:\/\/viisona.com\/fr\/product\/ecl3-transducteur-convexe-pour-evo-2\/","og_locale":"fr_FR","og_type":"article","og_title":"iBex eCL3 - Transducteur convexe pour EVO | ViiSona","og_description":"La sonde convexe eCL3 d'EI Medical pour le syst\u00e8me d'\u00e9chographie EVO offre des capacit\u00e9s de p\u00e9n\u00e9tration profonde et une polyvalence pour diverses applications v\u00e9t\u00e9rinaires. Avec sa gamme de basses fr\u00e9quences de 2 \u00e0 6,4 MHz et ses 128 cristaux, cette sonde offre une qualit\u00e9 d'imagerie exceptionnelle pour les examens transabdominaux chez les bovins, les chevaux, les petits ruminants, les cam\u00e9lid\u00e9s, les grands chiens, les animaux exotiques et les animaux sauvages. La profondeur de balayage de la sonde, qui peut atteindre 30 cm, garantit une visualisation approfondie des structures internes, ce qui la rend adapt\u00e9e aux examens abdominaux, aux \u00e9valuations du cou et du dos des \u00e9quid\u00e9s, etc. Con\u00e7ue pour durer, la sonde est dot\u00e9e d'une construction robuste et d'une gaine de c\u00e2ble con\u00e7ue sur mesure, r\u00e9sistante aux produits chimiques et biocompatible, ce qui garantit des performances fiables, m\u00eame dans les environnements animaliers difficiles. Compatible avec le syst\u00e8me d'\u00e9chographie EVO, la sonde eCL3Convex est un outil pr\u00e9cieux pour les professionnels v\u00e9t\u00e9rinaires \u00e0 la recherche de solutions d'imagerie de haute qualit\u00e9.","og_url":"https:\/\/viisona.com\/fr\/product\/ecl3-transducteur-convexe-pour-evo-2\/","og_site_name":"ViiSona","article_modified_time":"2026-02-18T05:54:01+00:00","og_image":[{"width":1080,"height":1080,"url":"https:\/\/viisona.com\/wp-content\/uploads\/2021\/03\/highres_product_TEMPLATE_CL3E.jpg","type":"image\/jpeg"}],"twitter_card":"summary_large_image","twitter_misc":{"Dur\u00e9e de lecture estim\u00e9e":"1 minute"},"schema":{"@context":"https:\/\/schema.org","@graph":[{"@type":"WebPage","@id":"https:\/\/viisona.com\/fr\/product\/ecl3-transducteur-convexe-pour-evo-2\/","url":"https:\/\/viisona.com\/fr\/product\/ecl3-transducteur-convexe-pour-evo-2\/","name":"iBex eCL3 - Transducteur convexe pour EVO | ViiSona","isPartOf":{"@id":"https:\/\/viisona.com\/fr\/#website"},"primaryImageOfPage":{"@id":"https:\/\/viisona.com\/fr\/product\/ecl3-transducteur-convexe-pour-evo-2\/#primaryimage"},"image":{"@id":"https:\/\/viisona.com\/fr\/product\/ecl3-transducteur-convexe-pour-evo-2\/#primaryimage"},"thumbnailUrl":"https:\/\/viisona.com\/wp-content\/uploads\/2021\/03\/highres_product_TEMPLATE_CL3E.jpg","datePublished":"2021-03-02T01:10:50+00:00","dateModified":"2026-02-18T05:54:01+00:00","description":"La sonde convexe eCL3 d'EI Medical pour le syst\u00e8me d'\u00e9chographie EVO offre des capacit\u00e9s de p\u00e9n\u00e9tration profonde et une polyvalence pour diverses applications v\u00e9t\u00e9rinaires. Avec sa gamme de basses fr\u00e9quences de 2 \u00e0 6,4 MHz et ses 128 cristaux, cette sonde offre une qualit\u00e9 d'imagerie exceptionnelle pour les examens transabdominaux chez les bovins, les chevaux, les petits ruminants, les cam\u00e9lid\u00e9s, les grands chiens, les animaux exotiques et les animaux sauvages. La profondeur de balayage de la sonde, qui peut atteindre 30 cm, garantit une visualisation approfondie des structures internes, ce qui la rend adapt\u00e9e aux examens abdominaux, aux \u00e9valuations du cou et du dos des \u00e9quid\u00e9s, etc. Con\u00e7ue pour durer, la sonde est dot\u00e9e d'une construction robuste et d'une gaine de c\u00e2ble con\u00e7ue sur mesure, r\u00e9sistante aux produits chimiques et biocompatible, ce qui garantit des performances fiables, m\u00eame dans les environnements animaliers difficiles. Compatible avec le syst\u00e8me d'\u00e9chographie EVO, la sonde eCL3Convex est un outil pr\u00e9cieux pour les professionnels v\u00e9t\u00e9rinaires \u00e0 la recherche de solutions d'imagerie de haute qualit\u00e9.","breadcrumb":{"@id":"https:\/\/viisona.com\/fr\/product\/ecl3-transducteur-convexe-pour-evo-2\/#breadcrumb"},"inLanguage":"fr-FR","potentialAction":[{"@type":"ReadAction","target":["https:\/\/viisona.com\/fr\/product\/ecl3-transducteur-convexe-pour-evo-2\/"]}]},{"@type":"ImageObject","inLanguage":"fr-FR","@id":"https:\/\/viisona.com\/fr\/product\/ecl3-transducteur-convexe-pour-evo-2\/#primaryimage","url":"https:\/\/viisona.com\/wp-content\/uploads\/2021\/03\/highres_product_TEMPLATE_CL3E.jpg","contentUrl":"https:\/\/viisona.com\/wp-content\/uploads\/2021\/03\/highres_product_TEMPLATE_CL3E.jpg","width":1080,"height":1080},{"@type":"BreadcrumbList","@id":"https:\/\/viisona.com\/fr\/product\/ecl3-transducteur-convexe-pour-evo-2\/#breadcrumb","itemListElement":[{"@type":"ListItem","position":1,"name":"Home","item":"https:\/\/viisona.com\/fr\/accueil\/"},{"@type":"ListItem","position":2,"name":"Boutique","item":"https:\/\/viisona.com\/fr\/boutique\/"},{"@type":"ListItem","position":3,"name":"eCL3 &#8211; Transducteur convexe pour EVO"}]},{"@type":"WebSite","@id":"https:\/\/viisona.com\/fr\/#website","url":"https:\/\/viisona.com\/fr\/","name":"ViiSona","description":"Am\u00e9liorer les r\u00e9sultats pour les agriculteurs et les s\u00e9lectionneurs dans les communaut\u00e9s agricoles et de s\u00e9lection.","publisher":{"@id":"https:\/\/viisona.com\/fr\/#organization"},"potentialAction":[{"@type":"SearchAction","target":{"@type":"EntryPoint","urlTemplate":"https:\/\/viisona.com\/fr\/?s={search_term_string}"},"query-input":{"@type":"PropertyValueSpecification","valueRequired":true,"valueName":"search_term_string"}}],"inLanguage":"fr-FR"},{"@type":"Organization","@id":"https:\/\/viisona.com\/fr\/#organization","name":"ViiSona","url":"https:\/\/viisona.com\/fr\/","logo":{"@type":"ImageObject","inLanguage":"fr-FR","@id":"https:\/\/viisona.com\/fr\/#\/schema\/logo\/image\/","url":"https:\/\/viisona.com\/wp-content\/uploads\/2020\/08\/viisona_1_FULLY_RASTERED.png","contentUrl":"https:\/\/viisona.com\/wp-content\/uploads\/2020\/08\/viisona_1_FULLY_RASTERED.png","width":1080,"height":307,"caption":"ViiSona"},"image":{"@id":"https:\/\/viisona.com\/fr\/#\/schema\/logo\/image\/"}}]}},"jetpack_sharing_enabled":true,"_links":{"self":[{"href":"https:\/\/viisona.com\/fr\/wp-json\/wp\/v2\/product\/5036","targetHints":{"allow":["GET"]}}],"collection":[{"href":"https:\/\/viisona.com\/fr\/wp-json\/wp\/v2\/product"}],"about":[{"href":"https:\/\/viisona.com\/fr\/wp-json\/wp\/v2\/types\/product"}],"wp:featuredmedia":[{"embeddable":true,"href":"https:\/\/viisona.com\/fr\/wp-json\/wp\/v2\/media\/4656"}],"wp:attachment":[{"href":"https:\/\/viisona.com\/fr\/wp-json\/wp\/v2\/media?parent=5036"}],"wp:term":[{"taxonomy":"product_cat","embeddable":true,"href":"https:\/\/viisona.com\/fr\/wp-json\/wp\/v2\/product_cat?post=5036"},{"taxonomy":"product_tag","embeddable":true,"href":"https:\/\/viisona.com\/fr\/wp-json\/wp\/v2\/product_tag?post=5036"},{"taxonomy":"berocket_brand","embeddable":true,"href":"https:\/\/viisona.com\/fr\/wp-json\/wp\/v2\/berocket_brand?post=5036"}],"curies":[{"name":"wp","href":"https:\/\/api.w.org\/{rel}","templated":true}]}}