{"id":5034,"date":"2021-12-02T01:28:05","date_gmt":"2021-12-02T01:28:05","guid":{"rendered":"https:\/\/viisona.com\/shop\/non%20class\u00e9\/icl4-transducteur-rectal-incurve-a-feu-lateral-pour-ibex\/"},"modified":"2025-05-22T03:26:12","modified_gmt":"2025-05-22T03:26:12","slug":"icl4-transducteur-rectal-incurve-a-feu-lateral-pour-ibex","status":"publish","type":"product","link":"https:\/\/viisona.com\/fr\/product\/icl4-transducteur-rectal-incurve-a-feu-lateral-pour-ibex\/","title":{"rendered":"iCL4 Transducteur rectal incurv\u00e9 \u00e0 feu lat\u00e9ral pour iBex"},"content":{"rendered":"<p><span style=\"font-weight: 400;\">La sonde convexe abdominale et rectale iCL4 avec 128 cristaux est id\u00e9ale pour les examens abdominaux et rectaux des animaux de taille moyenne et grande, des animaux exotiques et des petits ruminants. Avec un rayon de 60 mm et une fr\u00e9quence de 2 \u00e0 5 MHz, la sonde convexe iCL4 offre une profondeur de balayage allant jusqu&#8217;\u00e0 24 cm. C&#8217;est le choix par excellence pour l&#8217;\u00e9chographie bovine, en particulier pour la reproduction des vaches de boucherie, utilis\u00e9 avec le bras d&#8217;extension I.C.E. sans bras pour une insertion facile et moins de fatigue du bras et pour le travail sur les petits ruminants. L&#8217;iCL4 est une sonde rectale \u00e0 basse fr\u00e9quence avec une face incurv\u00e9e. Cela lui permet de p\u00e9n\u00e9trer jusqu&#8217;\u00e0 24 cm avec un champ de vision plus large, ce qui en fait un excellent choix pour les grossesses plus importantes, plus profondes et plus tardives, ainsi que pour les applications transabdominales telles que les petits ruminants et les cam\u00e9lid\u00e9s.  <\/span><\/p>\n<p><span style=\"font-weight: 400;\">Tous les c\u00e2bles EI Medical sont test\u00e9s \u00e0 1,2 million de cycles de flexion, ont une gaine de c\u00e2ble con\u00e7ue sur mesure pour une durabilit\u00e9 extr\u00eame, sont r\u00e9sistants aux produits chimiques et sont biocompatibles. Les c\u00e2bles de sonde d&#8217;EI Medical sont sp\u00e9cialement con\u00e7us pour \u00eatre utilis\u00e9s dans des environnements animaux difficiles. La gaine du c\u00e2ble en polyur\u00e9thane est extr\u00eamement durable, r\u00e9sistante aux produits chimiques et biocompatible conform\u00e9ment \u00e0 la classe VI de l&#8217;USP, le coaxial en alliage de cuivre et le blindage en alliage de cuivre ont \u00e9t\u00e9 d\u00e9velopp\u00e9s pour un allongement contr\u00f4l\u00e9, et des \u00e9l\u00e9ments de r\u00e9sistance en kevlar sont incorpor\u00e9s dans le faisceau de c\u00e2bles pour prot\u00e9ger le coaxial contre les ruptures.<\/span><\/p>\n<p><span style=\"font-weight: 400;\">Compatible avec les mod\u00e8les PRO, LITE et LITE HR. <\/span><\/p>\n<p><span style=\"font-weight: 400;\">Garantie du fabricant &#8211; 1 an<\/span><\/p>\n","protected":false},"excerpt":{"rendered":"<p><span style=\"font-weight: 400;\">La sonde incurv\u00e9e \u00e0 feu lat\u00e9ral iCL4 d&#8217;EI Medical, dot\u00e9e de 128 cristaux, d&#8217;une fr\u00e9quence de 2,5 \u00e0 5 MHz et d&#8217;une profondeur de balayage allant jusqu&#8217;\u00e0 24 cm, est id\u00e9ale pour la reproduction bovine, en particulier la gestation des bovins de boucherie, l&#8217;abdomen des grands animaux, les animaux exotiques et les petits ruminants. Gr\u00e2ce \u00e0 la face incurv\u00e9e de l&#8217;iCL4, l&#8217;utilisation de cette sonde avec un bras d&#8217;extension pour les grossesses bovines \u00e0 un stade plus avanc\u00e9 est plus facile en raison d&#8217;un meilleur contact avec la muqueuse qu&#8217;avec une sonde rectale lin\u00e9aire. Tous les transducteurs sont con\u00e7us sp\u00e9cifiquement pour les environnements difficiles, mais si le pire se produit, ils peuvent \u00e9galement \u00eatre r\u00e9par\u00e9s !<\/span><\/p>\n<p><span style=\"font-weight: 400;\">Compatible avec les mod\u00e8les PRO, LITE et LITE HR.<\/span><\/p>\n","protected":false},"featured_media":4833,"template":"","meta":{"_acf_changed":false,"inline_featured_image":false},"product_cat":[500,490,501,483],"product_tag":[790],"berocket_brand":[446],"class_list":{"0":"post-5034","1":"product","2":"type-product","3":"status-publish","4":"has-post-thumbnail","6":"product_cat-eleveurs","7":"product_cat-producteurs","8":"product_cat-sondes","9":"product_cat-veterinaires","10":"product_tag-ibex-fr","11":"pa_applications-abdominal-fr","12":"pa_applications-diagnostic-des-tissus-mous","13":"pa_applications-grossesse","14":"pa_applications-pis","15":"pa_applications-reproduction-fr","16":"pa_applications-testicules","17":"pa_applications-uterus-fr","18":"pa_species-animaux-exotiques","19":"pa_species-bovins-de-boucherie","20":"pa_species-bovins-laitiers","21":"pa_species-chevres","22":"pa_species-moutons","23":"pa_species-petits-animaux","24":"pa_species-porcs","25":"berocket_brand-ibex-fr","27":"first","28":"instock","29":"taxable","30":"shipping-taxable","31":"purchasable","32":"product-type-simple"},"acf":[],"yoast_head":"<!-- This site is optimized with the Yoast SEO plugin v26.8 - https:\/\/yoast.com\/product\/yoast-seo-wordpress\/ -->\n<title>iBex iCL4 Transducteur rectal incurv\u00e9 \u00e0 feu lat\u00e9ral pour iBex | ViiSona<\/title>\n<meta name=\"description\" content=\"La sonde incurv\u00e9e \u00e0 tir lat\u00e9ral iCLi4 d&#039;EI Medical offre des capacit\u00e9s d&#039;imagerie in\u00e9gal\u00e9es pour les examens \u00e9chographiques v\u00e9t\u00e9rinaires professionnels. Avec 128 cristaux et une gamme de fr\u00e9quences de 2,5 \u00e0 5 MHz, cette sonde offre une clart\u00e9 et une profondeur exceptionnelles, ce qui la rend id\u00e9ale pour la reproduction bovine, les examens de l&#039;abdomen des grands animaux, etc. Sa face incurv\u00e9e permet un meilleur contact avec les muqueuses et une utilisation plus facile avec les bras d&#039;extension. Con\u00e7ue pour les environnements difficiles, elle est compatible avec les mod\u00e8les PRO, LITE et LITE HR, ce qui garantit des performances fiables dans les environnements v\u00e9t\u00e9rinaires exigeants.\" \/>\n<meta name=\"robots\" content=\"index, follow, max-snippet:-1, max-image-preview:large, max-video-preview:-1\" \/>\n<link rel=\"canonical\" href=\"https:\/\/viisona.com\/fr\/product\/icl4-transducteur-rectal-incurve-a-feu-lateral-pour-ibex\/\" \/>\n<meta property=\"og:locale\" content=\"fr_FR\" \/>\n<meta property=\"og:type\" content=\"article\" \/>\n<meta property=\"og:title\" content=\"iBex iCL4 Transducteur rectal incurv\u00e9 \u00e0 feu lat\u00e9ral pour iBex | ViiSona\" \/>\n<meta property=\"og:description\" content=\"La sonde incurv\u00e9e \u00e0 tir lat\u00e9ral iCLi4 d&#039;EI Medical offre des capacit\u00e9s d&#039;imagerie in\u00e9gal\u00e9es pour les examens \u00e9chographiques v\u00e9t\u00e9rinaires professionnels. Avec 128 cristaux et une gamme de fr\u00e9quences de 2,5 \u00e0 5 MHz, cette sonde offre une clart\u00e9 et une profondeur exceptionnelles, ce qui la rend id\u00e9ale pour la reproduction bovine, les examens de l&#039;abdomen des grands animaux, etc. Sa face incurv\u00e9e permet un meilleur contact avec les muqueuses et une utilisation plus facile avec les bras d&#039;extension. Con\u00e7ue pour les environnements difficiles, elle est compatible avec les mod\u00e8les PRO, LITE et LITE HR, ce qui garantit des performances fiables dans les environnements v\u00e9t\u00e9rinaires exigeants.\" \/>\n<meta property=\"og:url\" content=\"https:\/\/viisona.com\/fr\/product\/icl4-transducteur-rectal-incurve-a-feu-lateral-pour-ibex\/\" \/>\n<meta property=\"og:site_name\" content=\"ViiSona\" \/>\n<meta property=\"article:modified_time\" content=\"2025-05-22T03:26:12+00:00\" \/>\n<meta property=\"og:image\" content=\"https:\/\/viisona.com\/wp-content\/uploads\/2021\/12\/CLI38-PRO-LITE-square.jpg\" \/>\n\t<meta property=\"og:image:width\" content=\"1920\" \/>\n\t<meta property=\"og:image:height\" content=\"1920\" \/>\n\t<meta property=\"og:image:type\" content=\"image\/jpeg\" \/>\n<meta name=\"twitter:card\" content=\"summary_large_image\" \/>\n<meta name=\"twitter:label1\" content=\"Dur\u00e9e de lecture estim\u00e9e\" \/>\n\t<meta name=\"twitter:data1\" content=\"2 minutes\" \/>\n<script type=\"application\/ld+json\" class=\"yoast-schema-graph\">{\"@context\":\"https:\/\/schema.org\",\"@graph\":[{\"@type\":\"WebPage\",\"@id\":\"https:\/\/viisona.com\/fr\/product\/icl4-transducteur-rectal-incurve-a-feu-lateral-pour-ibex\/\",\"url\":\"https:\/\/viisona.com\/fr\/product\/icl4-transducteur-rectal-incurve-a-feu-lateral-pour-ibex\/\",\"name\":\"iBex iCL4 Transducteur rectal incurv\u00e9 \u00e0 feu lat\u00e9ral pour iBex | ViiSona\",\"isPartOf\":{\"@id\":\"https:\/\/viisona.com\/fr\/#website\"},\"primaryImageOfPage\":{\"@id\":\"https:\/\/viisona.com\/fr\/product\/icl4-transducteur-rectal-incurve-a-feu-lateral-pour-ibex\/#primaryimage\"},\"image\":{\"@id\":\"https:\/\/viisona.com\/fr\/product\/icl4-transducteur-rectal-incurve-a-feu-lateral-pour-ibex\/#primaryimage\"},\"thumbnailUrl\":\"https:\/\/viisona.com\/wp-content\/uploads\/2021\/12\/CLI38-PRO-LITE-square.jpg\",\"datePublished\":\"2021-12-02T01:28:05+00:00\",\"dateModified\":\"2025-05-22T03:26:12+00:00\",\"description\":\"La sonde incurv\u00e9e \u00e0 tir lat\u00e9ral iCLi4 d'EI Medical offre des capacit\u00e9s d'imagerie in\u00e9gal\u00e9es pour les examens \u00e9chographiques v\u00e9t\u00e9rinaires professionnels. Avec 128 cristaux et une gamme de fr\u00e9quences de 2,5 \u00e0 5 MHz, cette sonde offre une clart\u00e9 et une profondeur exceptionnelles, ce qui la rend id\u00e9ale pour la reproduction bovine, les examens de l'abdomen des grands animaux, etc. Sa face incurv\u00e9e permet un meilleur contact avec les muqueuses et une utilisation plus facile avec les bras d'extension. Con\u00e7ue pour les environnements difficiles, elle est compatible avec les mod\u00e8les PRO, LITE et LITE HR, ce qui garantit des performances fiables dans les environnements v\u00e9t\u00e9rinaires exigeants.\",\"breadcrumb\":{\"@id\":\"https:\/\/viisona.com\/fr\/product\/icl4-transducteur-rectal-incurve-a-feu-lateral-pour-ibex\/#breadcrumb\"},\"inLanguage\":\"fr-FR\",\"potentialAction\":[{\"@type\":\"ReadAction\",\"target\":[\"https:\/\/viisona.com\/fr\/product\/icl4-transducteur-rectal-incurve-a-feu-lateral-pour-ibex\/\"]}]},{\"@type\":\"ImageObject\",\"inLanguage\":\"fr-FR\",\"@id\":\"https:\/\/viisona.com\/fr\/product\/icl4-transducteur-rectal-incurve-a-feu-lateral-pour-ibex\/#primaryimage\",\"url\":\"https:\/\/viisona.com\/wp-content\/uploads\/2021\/12\/CLI38-PRO-LITE-square.jpg\",\"contentUrl\":\"https:\/\/viisona.com\/wp-content\/uploads\/2021\/12\/CLI38-PRO-LITE-square.jpg\",\"width\":1920,\"height\":1920},{\"@type\":\"BreadcrumbList\",\"@id\":\"https:\/\/viisona.com\/fr\/product\/icl4-transducteur-rectal-incurve-a-feu-lateral-pour-ibex\/#breadcrumb\",\"itemListElement\":[{\"@type\":\"ListItem\",\"position\":1,\"name\":\"Home\",\"item\":\"https:\/\/viisona.com\/fr\/accueil\/\"},{\"@type\":\"ListItem\",\"position\":2,\"name\":\"Boutique\",\"item\":\"https:\/\/viisona.com\/fr\/boutique\/\"},{\"@type\":\"ListItem\",\"position\":3,\"name\":\"iCL4 Transducteur rectal incurv\u00e9 \u00e0 feu lat\u00e9ral pour iBex\"}]},{\"@type\":\"WebSite\",\"@id\":\"https:\/\/viisona.com\/fr\/#website\",\"url\":\"https:\/\/viisona.com\/fr\/\",\"name\":\"ViiSona\",\"description\":\"Am\u00e9liorer les r\u00e9sultats pour les agriculteurs et les s\u00e9lectionneurs dans les communaut\u00e9s agricoles et de s\u00e9lection.\",\"publisher\":{\"@id\":\"https:\/\/viisona.com\/fr\/#organization\"},\"potentialAction\":[{\"@type\":\"SearchAction\",\"target\":{\"@type\":\"EntryPoint\",\"urlTemplate\":\"https:\/\/viisona.com\/fr\/?s={search_term_string}\"},\"query-input\":{\"@type\":\"PropertyValueSpecification\",\"valueRequired\":true,\"valueName\":\"search_term_string\"}}],\"inLanguage\":\"fr-FR\"},{\"@type\":\"Organization\",\"@id\":\"https:\/\/viisona.com\/fr\/#organization\",\"name\":\"ViiSona\",\"url\":\"https:\/\/viisona.com\/fr\/\",\"logo\":{\"@type\":\"ImageObject\",\"inLanguage\":\"fr-FR\",\"@id\":\"https:\/\/viisona.com\/fr\/#\/schema\/logo\/image\/\",\"url\":\"https:\/\/viisona.com\/wp-content\/uploads\/2020\/08\/viisona_1_FULLY_RASTERED.png\",\"contentUrl\":\"https:\/\/viisona.com\/wp-content\/uploads\/2020\/08\/viisona_1_FULLY_RASTERED.png\",\"width\":1080,\"height\":307,\"caption\":\"ViiSona\"},\"image\":{\"@id\":\"https:\/\/viisona.com\/fr\/#\/schema\/logo\/image\/\"}}]}<\/script>\n<!-- \/ Yoast SEO plugin. -->","yoast_head_json":{"title":"iBex iCL4 Transducteur rectal incurv\u00e9 \u00e0 feu lat\u00e9ral pour iBex | ViiSona","description":"La sonde incurv\u00e9e \u00e0 tir lat\u00e9ral iCLi4 d'EI Medical offre des capacit\u00e9s d'imagerie in\u00e9gal\u00e9es pour les examens \u00e9chographiques v\u00e9t\u00e9rinaires professionnels. Avec 128 cristaux et une gamme de fr\u00e9quences de 2,5 \u00e0 5 MHz, cette sonde offre une clart\u00e9 et une profondeur exceptionnelles, ce qui la rend id\u00e9ale pour la reproduction bovine, les examens de l'abdomen des grands animaux, etc. Sa face incurv\u00e9e permet un meilleur contact avec les muqueuses et une utilisation plus facile avec les bras d'extension. Con\u00e7ue pour les environnements difficiles, elle est compatible avec les mod\u00e8les PRO, LITE et LITE HR, ce qui garantit des performances fiables dans les environnements v\u00e9t\u00e9rinaires exigeants.","robots":{"index":"index","follow":"follow","max-snippet":"max-snippet:-1","max-image-preview":"max-image-preview:large","max-video-preview":"max-video-preview:-1"},"canonical":"https:\/\/viisona.com\/fr\/product\/icl4-transducteur-rectal-incurve-a-feu-lateral-pour-ibex\/","og_locale":"fr_FR","og_type":"article","og_title":"iBex iCL4 Transducteur rectal incurv\u00e9 \u00e0 feu lat\u00e9ral pour iBex | ViiSona","og_description":"La sonde incurv\u00e9e \u00e0 tir lat\u00e9ral iCLi4 d'EI Medical offre des capacit\u00e9s d'imagerie in\u00e9gal\u00e9es pour les examens \u00e9chographiques v\u00e9t\u00e9rinaires professionnels. Avec 128 cristaux et une gamme de fr\u00e9quences de 2,5 \u00e0 5 MHz, cette sonde offre une clart\u00e9 et une profondeur exceptionnelles, ce qui la rend id\u00e9ale pour la reproduction bovine, les examens de l'abdomen des grands animaux, etc. Sa face incurv\u00e9e permet un meilleur contact avec les muqueuses et une utilisation plus facile avec les bras d'extension. Con\u00e7ue pour les environnements difficiles, elle est compatible avec les mod\u00e8les PRO, LITE et LITE HR, ce qui garantit des performances fiables dans les environnements v\u00e9t\u00e9rinaires exigeants.","og_url":"https:\/\/viisona.com\/fr\/product\/icl4-transducteur-rectal-incurve-a-feu-lateral-pour-ibex\/","og_site_name":"ViiSona","article_modified_time":"2025-05-22T03:26:12+00:00","og_image":[{"width":1920,"height":1920,"url":"https:\/\/viisona.com\/wp-content\/uploads\/2021\/12\/CLI38-PRO-LITE-square.jpg","type":"image\/jpeg"}],"twitter_card":"summary_large_image","twitter_misc":{"Dur\u00e9e de lecture estim\u00e9e":"2 minutes"},"schema":{"@context":"https:\/\/schema.org","@graph":[{"@type":"WebPage","@id":"https:\/\/viisona.com\/fr\/product\/icl4-transducteur-rectal-incurve-a-feu-lateral-pour-ibex\/","url":"https:\/\/viisona.com\/fr\/product\/icl4-transducteur-rectal-incurve-a-feu-lateral-pour-ibex\/","name":"iBex iCL4 Transducteur rectal incurv\u00e9 \u00e0 feu lat\u00e9ral pour iBex | ViiSona","isPartOf":{"@id":"https:\/\/viisona.com\/fr\/#website"},"primaryImageOfPage":{"@id":"https:\/\/viisona.com\/fr\/product\/icl4-transducteur-rectal-incurve-a-feu-lateral-pour-ibex\/#primaryimage"},"image":{"@id":"https:\/\/viisona.com\/fr\/product\/icl4-transducteur-rectal-incurve-a-feu-lateral-pour-ibex\/#primaryimage"},"thumbnailUrl":"https:\/\/viisona.com\/wp-content\/uploads\/2021\/12\/CLI38-PRO-LITE-square.jpg","datePublished":"2021-12-02T01:28:05+00:00","dateModified":"2025-05-22T03:26:12+00:00","description":"La sonde incurv\u00e9e \u00e0 tir lat\u00e9ral iCLi4 d'EI Medical offre des capacit\u00e9s d'imagerie in\u00e9gal\u00e9es pour les examens \u00e9chographiques v\u00e9t\u00e9rinaires professionnels. Avec 128 cristaux et une gamme de fr\u00e9quences de 2,5 \u00e0 5 MHz, cette sonde offre une clart\u00e9 et une profondeur exceptionnelles, ce qui la rend id\u00e9ale pour la reproduction bovine, les examens de l'abdomen des grands animaux, etc. Sa face incurv\u00e9e permet un meilleur contact avec les muqueuses et une utilisation plus facile avec les bras d'extension. Con\u00e7ue pour les environnements difficiles, elle est compatible avec les mod\u00e8les PRO, LITE et LITE HR, ce qui garantit des performances fiables dans les environnements v\u00e9t\u00e9rinaires exigeants.","breadcrumb":{"@id":"https:\/\/viisona.com\/fr\/product\/icl4-transducteur-rectal-incurve-a-feu-lateral-pour-ibex\/#breadcrumb"},"inLanguage":"fr-FR","potentialAction":[{"@type":"ReadAction","target":["https:\/\/viisona.com\/fr\/product\/icl4-transducteur-rectal-incurve-a-feu-lateral-pour-ibex\/"]}]},{"@type":"ImageObject","inLanguage":"fr-FR","@id":"https:\/\/viisona.com\/fr\/product\/icl4-transducteur-rectal-incurve-a-feu-lateral-pour-ibex\/#primaryimage","url":"https:\/\/viisona.com\/wp-content\/uploads\/2021\/12\/CLI38-PRO-LITE-square.jpg","contentUrl":"https:\/\/viisona.com\/wp-content\/uploads\/2021\/12\/CLI38-PRO-LITE-square.jpg","width":1920,"height":1920},{"@type":"BreadcrumbList","@id":"https:\/\/viisona.com\/fr\/product\/icl4-transducteur-rectal-incurve-a-feu-lateral-pour-ibex\/#breadcrumb","itemListElement":[{"@type":"ListItem","position":1,"name":"Home","item":"https:\/\/viisona.com\/fr\/accueil\/"},{"@type":"ListItem","position":2,"name":"Boutique","item":"https:\/\/viisona.com\/fr\/boutique\/"},{"@type":"ListItem","position":3,"name":"iCL4 Transducteur rectal incurv\u00e9 \u00e0 feu lat\u00e9ral pour iBex"}]},{"@type":"WebSite","@id":"https:\/\/viisona.com\/fr\/#website","url":"https:\/\/viisona.com\/fr\/","name":"ViiSona","description":"Am\u00e9liorer les r\u00e9sultats pour les agriculteurs et les s\u00e9lectionneurs dans les communaut\u00e9s agricoles et de s\u00e9lection.","publisher":{"@id":"https:\/\/viisona.com\/fr\/#organization"},"potentialAction":[{"@type":"SearchAction","target":{"@type":"EntryPoint","urlTemplate":"https:\/\/viisona.com\/fr\/?s={search_term_string}"},"query-input":{"@type":"PropertyValueSpecification","valueRequired":true,"valueName":"search_term_string"}}],"inLanguage":"fr-FR"},{"@type":"Organization","@id":"https:\/\/viisona.com\/fr\/#organization","name":"ViiSona","url":"https:\/\/viisona.com\/fr\/","logo":{"@type":"ImageObject","inLanguage":"fr-FR","@id":"https:\/\/viisona.com\/fr\/#\/schema\/logo\/image\/","url":"https:\/\/viisona.com\/wp-content\/uploads\/2020\/08\/viisona_1_FULLY_RASTERED.png","contentUrl":"https:\/\/viisona.com\/wp-content\/uploads\/2020\/08\/viisona_1_FULLY_RASTERED.png","width":1080,"height":307,"caption":"ViiSona"},"image":{"@id":"https:\/\/viisona.com\/fr\/#\/schema\/logo\/image\/"}}]}},"jetpack_sharing_enabled":true,"_links":{"self":[{"href":"https:\/\/viisona.com\/fr\/wp-json\/wp\/v2\/product\/5034","targetHints":{"allow":["GET"]}}],"collection":[{"href":"https:\/\/viisona.com\/fr\/wp-json\/wp\/v2\/product"}],"about":[{"href":"https:\/\/viisona.com\/fr\/wp-json\/wp\/v2\/types\/product"}],"wp:featuredmedia":[{"embeddable":true,"href":"https:\/\/viisona.com\/fr\/wp-json\/wp\/v2\/media\/4833"}],"wp:attachment":[{"href":"https:\/\/viisona.com\/fr\/wp-json\/wp\/v2\/media?parent=5034"}],"wp:term":[{"taxonomy":"product_cat","embeddable":true,"href":"https:\/\/viisona.com\/fr\/wp-json\/wp\/v2\/product_cat?post=5034"},{"taxonomy":"product_tag","embeddable":true,"href":"https:\/\/viisona.com\/fr\/wp-json\/wp\/v2\/product_tag?post=5034"},{"taxonomy":"berocket_brand","embeddable":true,"href":"https:\/\/viisona.com\/fr\/wp-json\/wp\/v2\/berocket_brand?post=5034"}],"curies":[{"name":"wp","href":"https:\/\/api.w.org\/{rel}","templated":true}]}}