{"id":5033,"date":"2021-12-02T01:38:31","date_gmt":"2021-12-02T01:38:31","guid":{"rendered":"https:\/\/viisona.com\/shop\/non%20class\u00e9\/el14-transducteur-lineaire-pour-evo\/"},"modified":"2025-05-22T03:26:02","modified_gmt":"2025-05-22T03:26:02","slug":"el14-transducteur-lineaire-pour-evo","status":"publish","type":"product","link":"https:\/\/viisona.com\/fr\/product\/el14-transducteur-lineaire-pour-evo\/","title":{"rendered":"eL14 &#8211; Transducteur lin\u00e9aire pour EVO"},"content":{"rendered":"<p><span style=\"font-weight: 400;\">La sonde haute fr\u00e9quence eL14, dot\u00e9e de 128 cristaux, d&#8217;un rayon de 38 mm et d&#8217;une fr\u00e9quence de 6 \u00e0 14 MHz, offre une profondeur de balayage allant jusqu&#8217;\u00e0 10 cm. C&#8217;est le choix id\u00e9al pour les tendons \u00e9quins, l&#8217;abdomen des petits animaux, les applications neurovasculaires et les examens des structures superficielles.  <\/span><\/p>\n<p><span style=\"font-weight: 400;\">Tous les c\u00e2bles EI Medical sont test\u00e9s \u00e0 1,2 million de cycles de flexion, ont une gaine de c\u00e2ble con\u00e7ue sur mesure pour une durabilit\u00e9 extr\u00eame, sont r\u00e9sistants aux produits chimiques et sont biocompatibles. Les c\u00e2bles de sonde d&#8217;EI Medical sont sp\u00e9cialement con\u00e7us pour \u00eatre utilis\u00e9s dans des environnements animaux difficiles. La gaine du c\u00e2ble en polyur\u00e9thane est extr\u00eamement durable, r\u00e9sistante aux produits chimiques et biocompatible conform\u00e9ment \u00e0 la classe VI de l&#8217;USP, le coaxial en alliage de cuivre et le blindage en alliage de cuivre ont \u00e9t\u00e9 d\u00e9velopp\u00e9s pour un allongement contr\u00f4l\u00e9, et des \u00e9l\u00e9ments de r\u00e9sistance en kevlar sont incorpor\u00e9s dans le faisceau de c\u00e2bles pour prot\u00e9ger le coaxial contre les ruptures.<\/span><\/p>\n<p><span style=\"font-weight: 400;\">Compatible avec le syst\u00e8me d&#8217;\u00e9chographie EVO.  <\/span><\/p>\n<p><span style=\"font-weight: 400;\">Garantie du fabricant &#8211; 1 an<\/span><\/p>\n","protected":false},"excerpt":{"rendered":"<p><span style=\"font-weight: 400;\">La sonde EI Medical eL14, dot\u00e9e de 128 cristaux, d&#8217;une fr\u00e9quence de 6 \u00e0 14 MHz et d&#8217;une profondeur de balayage allant jusqu&#8217;\u00e0 10 cm, est id\u00e9ale pour les tendons \u00e9quins, l&#8217;abdomen des petits animaux, les applications neurovasculaires, les examens aquatiques et les examens des structures superficielles. Tous les transducteurs sont con\u00e7us sp\u00e9cifiquement pour les environnements difficiles, mais si le pire se produit, ils peuvent \u00e9galement \u00eatre r\u00e9par\u00e9s !<\/span><\/p>\n<p><span style=\"font-weight: 400;\">Compatible avec le syst\u00e8me d&#8217;\u00e9chographie EVO.<\/span><\/p>\n","protected":false},"featured_media":4827,"template":"","meta":{"_acf_changed":false,"inline_featured_image":false},"product_cat":[500,490,501,483],"product_tag":[790],"berocket_brand":[446],"class_list":{"0":"post-5033","1":"product","2":"type-product","3":"status-publish","4":"has-post-thumbnail","6":"product_cat-eleveurs","7":"product_cat-producteurs","8":"product_cat-sondes","9":"product_cat-veterinaires","10":"product_tag-ibex-fr","11":"pa_applications-abdominal-fr","12":"pa_applications-examens-de-structure-superficielle","13":"pa_applications-neurovasculaire","14":"pa_applications-tendons-fr","15":"pa_species-animaux-exotiques","16":"pa_species-chevaux","17":"pa_species-petits-animaux","18":"berocket_brand-ibex-fr","20":"first","21":"instock","22":"taxable","23":"shipping-taxable","24":"purchasable","25":"product-type-simple"},"acf":[],"yoast_head":"<!-- This site is optimized with the Yoast SEO plugin v26.8 - https:\/\/yoast.com\/product\/yoast-seo-wordpress\/ -->\n<title>iBex eL14 - Transducteur lin\u00e9aire pour EVO | ViiSona<\/title>\n<meta name=\"description\" content=\"La sonde lin\u00e9aire L14X d&#039;EI Medical est con\u00e7ue pour l&#039;imagerie pr\u00e9cise dans les diagnostics v\u00e9t\u00e9rinaires. Elle est dot\u00e9e de 128 cristaux et d&#039;une gamme de fr\u00e9quences de 6 \u00e0 14 MHz. Avec une profondeur de balayage allant jusqu \u00ab \u00e0 10 cm, il excelle dans l \u00bb \u00e9valuation des tendons \u00e9quins, l&#039;examen de l&#039;abdomen des petits animaux, les \u00e9tudes neurovasculaires et les examens des structures superficielles. Con\u00e7ue pour durer, sa conception robuste garantit sa fiabilit\u00e9 m\u00eame dans des environnements difficiles. Compatible avec le syst\u00e8me d&#039;\u00e9chographie EVO, il offre des performances exceptionnelles pour une imagerie pr\u00e9cise et d\u00e9taill\u00e9e.\" \/>\n<meta name=\"robots\" content=\"index, follow, max-snippet:-1, max-image-preview:large, max-video-preview:-1\" \/>\n<link rel=\"canonical\" href=\"https:\/\/viisona.com\/fr\/product\/el14-transducteur-lineaire-pour-evo\/\" \/>\n<meta property=\"og:locale\" content=\"fr_FR\" \/>\n<meta property=\"og:type\" content=\"article\" \/>\n<meta property=\"og:title\" content=\"iBex eL14 - Transducteur lin\u00e9aire pour EVO | ViiSona\" \/>\n<meta property=\"og:description\" content=\"La sonde lin\u00e9aire L14X d&#039;EI Medical est con\u00e7ue pour l&#039;imagerie pr\u00e9cise dans les diagnostics v\u00e9t\u00e9rinaires. Elle est dot\u00e9e de 128 cristaux et d&#039;une gamme de fr\u00e9quences de 6 \u00e0 14 MHz. Avec une profondeur de balayage allant jusqu \u00ab \u00e0 10 cm, il excelle dans l \u00bb \u00e9valuation des tendons \u00e9quins, l&#039;examen de l&#039;abdomen des petits animaux, les \u00e9tudes neurovasculaires et les examens des structures superficielles. Con\u00e7ue pour durer, sa conception robuste garantit sa fiabilit\u00e9 m\u00eame dans des environnements difficiles. Compatible avec le syst\u00e8me d&#039;\u00e9chographie EVO, il offre des performances exceptionnelles pour une imagerie pr\u00e9cise et d\u00e9taill\u00e9e.\" \/>\n<meta property=\"og:url\" content=\"https:\/\/viisona.com\/fr\/product\/el14-transducteur-lineaire-pour-evo\/\" \/>\n<meta property=\"og:site_name\" content=\"ViiSona\" \/>\n<meta property=\"article:modified_time\" content=\"2025-05-22T03:26:02+00:00\" \/>\n<meta property=\"og:image\" content=\"https:\/\/viisona.com\/wp-content\/uploads\/2021\/12\/L14X-EVO-square.jpg\" \/>\n\t<meta property=\"og:image:width\" content=\"1920\" \/>\n\t<meta property=\"og:image:height\" content=\"1922\" \/>\n\t<meta property=\"og:image:type\" content=\"image\/jpeg\" \/>\n<meta name=\"twitter:card\" content=\"summary_large_image\" \/>\n<meta name=\"twitter:label1\" content=\"Dur\u00e9e de lecture estim\u00e9e\" \/>\n\t<meta name=\"twitter:data1\" content=\"1 minute\" \/>\n<script type=\"application\/ld+json\" class=\"yoast-schema-graph\">{\"@context\":\"https:\/\/schema.org\",\"@graph\":[{\"@type\":\"WebPage\",\"@id\":\"https:\/\/viisona.com\/fr\/product\/el14-transducteur-lineaire-pour-evo\/\",\"url\":\"https:\/\/viisona.com\/fr\/product\/el14-transducteur-lineaire-pour-evo\/\",\"name\":\"iBex eL14 - Transducteur lin\u00e9aire pour EVO | ViiSona\",\"isPartOf\":{\"@id\":\"https:\/\/viisona.com\/fr\/#website\"},\"primaryImageOfPage\":{\"@id\":\"https:\/\/viisona.com\/fr\/product\/el14-transducteur-lineaire-pour-evo\/#primaryimage\"},\"image\":{\"@id\":\"https:\/\/viisona.com\/fr\/product\/el14-transducteur-lineaire-pour-evo\/#primaryimage\"},\"thumbnailUrl\":\"https:\/\/viisona.com\/wp-content\/uploads\/2021\/12\/L14X-EVO-square.jpg\",\"datePublished\":\"2021-12-02T01:38:31+00:00\",\"dateModified\":\"2025-05-22T03:26:02+00:00\",\"description\":\"La sonde lin\u00e9aire L14X d'EI Medical est con\u00e7ue pour l'imagerie pr\u00e9cise dans les diagnostics v\u00e9t\u00e9rinaires. Elle est dot\u00e9e de 128 cristaux et d'une gamme de fr\u00e9quences de 6 \u00e0 14 MHz. Avec une profondeur de balayage allant jusqu \u00ab \u00e0 10 cm, il excelle dans l \u00bb \u00e9valuation des tendons \u00e9quins, l'examen de l'abdomen des petits animaux, les \u00e9tudes neurovasculaires et les examens des structures superficielles. Con\u00e7ue pour durer, sa conception robuste garantit sa fiabilit\u00e9 m\u00eame dans des environnements difficiles. Compatible avec le syst\u00e8me d'\u00e9chographie EVO, il offre des performances exceptionnelles pour une imagerie pr\u00e9cise et d\u00e9taill\u00e9e.\",\"breadcrumb\":{\"@id\":\"https:\/\/viisona.com\/fr\/product\/el14-transducteur-lineaire-pour-evo\/#breadcrumb\"},\"inLanguage\":\"fr-FR\",\"potentialAction\":[{\"@type\":\"ReadAction\",\"target\":[\"https:\/\/viisona.com\/fr\/product\/el14-transducteur-lineaire-pour-evo\/\"]}]},{\"@type\":\"ImageObject\",\"inLanguage\":\"fr-FR\",\"@id\":\"https:\/\/viisona.com\/fr\/product\/el14-transducteur-lineaire-pour-evo\/#primaryimage\",\"url\":\"https:\/\/viisona.com\/wp-content\/uploads\/2021\/12\/L14X-EVO-square.jpg\",\"contentUrl\":\"https:\/\/viisona.com\/wp-content\/uploads\/2021\/12\/L14X-EVO-square.jpg\",\"width\":1920,\"height\":1922},{\"@type\":\"BreadcrumbList\",\"@id\":\"https:\/\/viisona.com\/fr\/product\/el14-transducteur-lineaire-pour-evo\/#breadcrumb\",\"itemListElement\":[{\"@type\":\"ListItem\",\"position\":1,\"name\":\"Home\",\"item\":\"https:\/\/viisona.com\/fr\/accueil\/\"},{\"@type\":\"ListItem\",\"position\":2,\"name\":\"Boutique\",\"item\":\"https:\/\/viisona.com\/fr\/boutique\/\"},{\"@type\":\"ListItem\",\"position\":3,\"name\":\"eL14 &#8211; Transducteur lin\u00e9aire pour EVO\"}]},{\"@type\":\"WebSite\",\"@id\":\"https:\/\/viisona.com\/fr\/#website\",\"url\":\"https:\/\/viisona.com\/fr\/\",\"name\":\"ViiSona\",\"description\":\"Am\u00e9liorer les r\u00e9sultats pour les agriculteurs et les s\u00e9lectionneurs dans les communaut\u00e9s agricoles et de s\u00e9lection.\",\"publisher\":{\"@id\":\"https:\/\/viisona.com\/fr\/#organization\"},\"potentialAction\":[{\"@type\":\"SearchAction\",\"target\":{\"@type\":\"EntryPoint\",\"urlTemplate\":\"https:\/\/viisona.com\/fr\/?s={search_term_string}\"},\"query-input\":{\"@type\":\"PropertyValueSpecification\",\"valueRequired\":true,\"valueName\":\"search_term_string\"}}],\"inLanguage\":\"fr-FR\"},{\"@type\":\"Organization\",\"@id\":\"https:\/\/viisona.com\/fr\/#organization\",\"name\":\"ViiSona\",\"url\":\"https:\/\/viisona.com\/fr\/\",\"logo\":{\"@type\":\"ImageObject\",\"inLanguage\":\"fr-FR\",\"@id\":\"https:\/\/viisona.com\/fr\/#\/schema\/logo\/image\/\",\"url\":\"https:\/\/viisona.com\/wp-content\/uploads\/2020\/08\/viisona_1_FULLY_RASTERED.png\",\"contentUrl\":\"https:\/\/viisona.com\/wp-content\/uploads\/2020\/08\/viisona_1_FULLY_RASTERED.png\",\"width\":1080,\"height\":307,\"caption\":\"ViiSona\"},\"image\":{\"@id\":\"https:\/\/viisona.com\/fr\/#\/schema\/logo\/image\/\"}}]}<\/script>\n<!-- \/ Yoast SEO plugin. -->","yoast_head_json":{"title":"iBex eL14 - Transducteur lin\u00e9aire pour EVO | ViiSona","description":"La sonde lin\u00e9aire L14X d'EI Medical est con\u00e7ue pour l'imagerie pr\u00e9cise dans les diagnostics v\u00e9t\u00e9rinaires. Elle est dot\u00e9e de 128 cristaux et d'une gamme de fr\u00e9quences de 6 \u00e0 14 MHz. Avec une profondeur de balayage allant jusqu \u00ab \u00e0 10 cm, il excelle dans l \u00bb \u00e9valuation des tendons \u00e9quins, l'examen de l'abdomen des petits animaux, les \u00e9tudes neurovasculaires et les examens des structures superficielles. Con\u00e7ue pour durer, sa conception robuste garantit sa fiabilit\u00e9 m\u00eame dans des environnements difficiles. Compatible avec le syst\u00e8me d'\u00e9chographie EVO, il offre des performances exceptionnelles pour une imagerie pr\u00e9cise et d\u00e9taill\u00e9e.","robots":{"index":"index","follow":"follow","max-snippet":"max-snippet:-1","max-image-preview":"max-image-preview:large","max-video-preview":"max-video-preview:-1"},"canonical":"https:\/\/viisona.com\/fr\/product\/el14-transducteur-lineaire-pour-evo\/","og_locale":"fr_FR","og_type":"article","og_title":"iBex eL14 - Transducteur lin\u00e9aire pour EVO | ViiSona","og_description":"La sonde lin\u00e9aire L14X d'EI Medical est con\u00e7ue pour l'imagerie pr\u00e9cise dans les diagnostics v\u00e9t\u00e9rinaires. Elle est dot\u00e9e de 128 cristaux et d'une gamme de fr\u00e9quences de 6 \u00e0 14 MHz. Avec une profondeur de balayage allant jusqu \u00ab \u00e0 10 cm, il excelle dans l \u00bb \u00e9valuation des tendons \u00e9quins, l'examen de l'abdomen des petits animaux, les \u00e9tudes neurovasculaires et les examens des structures superficielles. Con\u00e7ue pour durer, sa conception robuste garantit sa fiabilit\u00e9 m\u00eame dans des environnements difficiles. Compatible avec le syst\u00e8me d'\u00e9chographie EVO, il offre des performances exceptionnelles pour une imagerie pr\u00e9cise et d\u00e9taill\u00e9e.","og_url":"https:\/\/viisona.com\/fr\/product\/el14-transducteur-lineaire-pour-evo\/","og_site_name":"ViiSona","article_modified_time":"2025-05-22T03:26:02+00:00","og_image":[{"width":1920,"height":1922,"url":"https:\/\/viisona.com\/wp-content\/uploads\/2021\/12\/L14X-EVO-square.jpg","type":"image\/jpeg"}],"twitter_card":"summary_large_image","twitter_misc":{"Dur\u00e9e de lecture estim\u00e9e":"1 minute"},"schema":{"@context":"https:\/\/schema.org","@graph":[{"@type":"WebPage","@id":"https:\/\/viisona.com\/fr\/product\/el14-transducteur-lineaire-pour-evo\/","url":"https:\/\/viisona.com\/fr\/product\/el14-transducteur-lineaire-pour-evo\/","name":"iBex eL14 - Transducteur lin\u00e9aire pour EVO | ViiSona","isPartOf":{"@id":"https:\/\/viisona.com\/fr\/#website"},"primaryImageOfPage":{"@id":"https:\/\/viisona.com\/fr\/product\/el14-transducteur-lineaire-pour-evo\/#primaryimage"},"image":{"@id":"https:\/\/viisona.com\/fr\/product\/el14-transducteur-lineaire-pour-evo\/#primaryimage"},"thumbnailUrl":"https:\/\/viisona.com\/wp-content\/uploads\/2021\/12\/L14X-EVO-square.jpg","datePublished":"2021-12-02T01:38:31+00:00","dateModified":"2025-05-22T03:26:02+00:00","description":"La sonde lin\u00e9aire L14X d'EI Medical est con\u00e7ue pour l'imagerie pr\u00e9cise dans les diagnostics v\u00e9t\u00e9rinaires. Elle est dot\u00e9e de 128 cristaux et d'une gamme de fr\u00e9quences de 6 \u00e0 14 MHz. Avec une profondeur de balayage allant jusqu \u00ab \u00e0 10 cm, il excelle dans l \u00bb \u00e9valuation des tendons \u00e9quins, l'examen de l'abdomen des petits animaux, les \u00e9tudes neurovasculaires et les examens des structures superficielles. Con\u00e7ue pour durer, sa conception robuste garantit sa fiabilit\u00e9 m\u00eame dans des environnements difficiles. Compatible avec le syst\u00e8me d'\u00e9chographie EVO, il offre des performances exceptionnelles pour une imagerie pr\u00e9cise et d\u00e9taill\u00e9e.","breadcrumb":{"@id":"https:\/\/viisona.com\/fr\/product\/el14-transducteur-lineaire-pour-evo\/#breadcrumb"},"inLanguage":"fr-FR","potentialAction":[{"@type":"ReadAction","target":["https:\/\/viisona.com\/fr\/product\/el14-transducteur-lineaire-pour-evo\/"]}]},{"@type":"ImageObject","inLanguage":"fr-FR","@id":"https:\/\/viisona.com\/fr\/product\/el14-transducteur-lineaire-pour-evo\/#primaryimage","url":"https:\/\/viisona.com\/wp-content\/uploads\/2021\/12\/L14X-EVO-square.jpg","contentUrl":"https:\/\/viisona.com\/wp-content\/uploads\/2021\/12\/L14X-EVO-square.jpg","width":1920,"height":1922},{"@type":"BreadcrumbList","@id":"https:\/\/viisona.com\/fr\/product\/el14-transducteur-lineaire-pour-evo\/#breadcrumb","itemListElement":[{"@type":"ListItem","position":1,"name":"Home","item":"https:\/\/viisona.com\/fr\/accueil\/"},{"@type":"ListItem","position":2,"name":"Boutique","item":"https:\/\/viisona.com\/fr\/boutique\/"},{"@type":"ListItem","position":3,"name":"eL14 &#8211; Transducteur lin\u00e9aire pour EVO"}]},{"@type":"WebSite","@id":"https:\/\/viisona.com\/fr\/#website","url":"https:\/\/viisona.com\/fr\/","name":"ViiSona","description":"Am\u00e9liorer les r\u00e9sultats pour les agriculteurs et les s\u00e9lectionneurs dans les communaut\u00e9s agricoles et de s\u00e9lection.","publisher":{"@id":"https:\/\/viisona.com\/fr\/#organization"},"potentialAction":[{"@type":"SearchAction","target":{"@type":"EntryPoint","urlTemplate":"https:\/\/viisona.com\/fr\/?s={search_term_string}"},"query-input":{"@type":"PropertyValueSpecification","valueRequired":true,"valueName":"search_term_string"}}],"inLanguage":"fr-FR"},{"@type":"Organization","@id":"https:\/\/viisona.com\/fr\/#organization","name":"ViiSona","url":"https:\/\/viisona.com\/fr\/","logo":{"@type":"ImageObject","inLanguage":"fr-FR","@id":"https:\/\/viisona.com\/fr\/#\/schema\/logo\/image\/","url":"https:\/\/viisona.com\/wp-content\/uploads\/2020\/08\/viisona_1_FULLY_RASTERED.png","contentUrl":"https:\/\/viisona.com\/wp-content\/uploads\/2020\/08\/viisona_1_FULLY_RASTERED.png","width":1080,"height":307,"caption":"ViiSona"},"image":{"@id":"https:\/\/viisona.com\/fr\/#\/schema\/logo\/image\/"}}]}},"jetpack_sharing_enabled":true,"_links":{"self":[{"href":"https:\/\/viisona.com\/fr\/wp-json\/wp\/v2\/product\/5033","targetHints":{"allow":["GET"]}}],"collection":[{"href":"https:\/\/viisona.com\/fr\/wp-json\/wp\/v2\/product"}],"about":[{"href":"https:\/\/viisona.com\/fr\/wp-json\/wp\/v2\/types\/product"}],"wp:featuredmedia":[{"embeddable":true,"href":"https:\/\/viisona.com\/fr\/wp-json\/wp\/v2\/media\/4827"}],"wp:attachment":[{"href":"https:\/\/viisona.com\/fr\/wp-json\/wp\/v2\/media?parent=5033"}],"wp:term":[{"taxonomy":"product_cat","embeddable":true,"href":"https:\/\/viisona.com\/fr\/wp-json\/wp\/v2\/product_cat?post=5033"},{"taxonomy":"product_tag","embeddable":true,"href":"https:\/\/viisona.com\/fr\/wp-json\/wp\/v2\/product_tag?post=5033"},{"taxonomy":"berocket_brand","embeddable":true,"href":"https:\/\/viisona.com\/fr\/wp-json\/wp\/v2\/berocket_brand?post=5033"}],"curies":[{"name":"wp","href":"https:\/\/api.w.org\/{rel}","templated":true}]}}