{"id":5030,"date":"2021-12-02T02:03:26","date_gmt":"2021-12-02T02:03:26","guid":{"rendered":"https:\/\/viisona.com\/shop\/non%20class\u00e9\/el7-transducteur-lineaire-pour-evo\/"},"modified":"2025-05-22T03:26:08","modified_gmt":"2025-05-22T03:26:08","slug":"el7-transducteur-lineaire-pour-evo","status":"publish","type":"product","link":"https:\/\/viisona.com\/fr\/product\/el7-transducteur-lineaire-pour-evo\/","title":{"rendered":"eL7 &#8211; Transducteur lin\u00e9aire pour EVO"},"content":{"rendered":"<p><span style=\"font-weight: 400;\">Transducteur lin\u00e9aire rectal \u00e0 plus haute fr\u00e9quence avec une position focale optimis\u00e9e pour les examens reproductifs chez les grands animaux. Avec une fr\u00e9quence de 5 \u00e0 9 MHz et une profondeur de balayage allant jusqu&#8217;\u00e0 150 mm, la sonde lin\u00e9aire rectale eL7 est le choix id\u00e9al pour les bovins et les chevaux et pour les examens pulmonaires chez les veaux. Compatible avec les bras d&#8217;extension personnalisables IBEX pour r\u00e9duire la fatigue et le stress sur le bras et l&#8217;\u00e9paule de l&#8217;utilisateur et permettre une insertion ou un retrait facile de la sonde sans endommager les c\u00e2bles.  <\/span><\/p>\n<p><span style=\"font-weight: 400;\">Tous les c\u00e2bles EI Medical ont \u00e9t\u00e9 test\u00e9s \u00e0 1,2 million de cycles de flexion, ont une gaine de c\u00e2ble con\u00e7ue sur mesure pour une durabilit\u00e9 extr\u00eame, sont r\u00e9sistants aux produits chimiques et sont biocompatibles. Les c\u00e2bles de sonde d&#8217;EI Medical sont sp\u00e9cialement con\u00e7us pour \u00eatre utilis\u00e9s dans des environnements animaux difficiles. La gaine du c\u00e2ble en polyur\u00e9thane est extr\u00eamement durable, r\u00e9sistante aux produits chimiques et biocompatible conform\u00e9ment \u00e0 la classe VI de l&#8217;USP, le coaxial en alliage de cuivre et le blindage en alliage de cuivre ont \u00e9t\u00e9 d\u00e9velopp\u00e9s pour un allongement contr\u00f4l\u00e9, et des \u00e9l\u00e9ments de r\u00e9sistance en kevlar sont incorpor\u00e9s dans le faisceau de c\u00e2bles pour prot\u00e9ger le coaxial contre les ruptures.<\/span><\/p>\n<p><span style=\"font-weight: 400;\">Compatible avec le syst\u00e8me d&#8217;\u00e9chographie EVO.  <\/span><\/p>\n<p><span style=\"font-weight: 400;\">Garantie du fabricant &#8211; 1 an<\/span><\/p>\n","protected":false},"excerpt":{"rendered":"<p><span style=\"font-weight: 400;\">Une sonde rectale lin\u00e9aire \u00e0 haute fr\u00e9quence (5-9 MHz, 128 cristaux et 66 mm de rayon) p\u00e9n\u00e8tre jusqu&#8217;\u00e0 150 mm et produit l&#8217;image la plus claire des structures petites et peu profondes telles que les ovaires, l&#8217;ut\u00e9rus ouvert et les grossesses pr\u00e9coces chez les grands animaux. C&#8217;est la sonde de choix pour les examens de reproduction bovine et \u00e9quine et les applications pulmonaires. Tous les transducteurs sont con\u00e7us sp\u00e9cifiquement pour les environnements difficiles, mais si le pire se produit, ils peuvent \u00e9galement \u00eatre r\u00e9par\u00e9s !<\/span><\/p>\n<p><span style=\"font-weight: 400;\">Compatible avec le syst\u00e8me d&#8217;\u00e9chographie EVO.<\/span><\/p>\n","protected":false},"featured_media":4828,"template":"","meta":{"_acf_changed":false,"inline_featured_image":false},"product_cat":[500,490,501,483],"product_tag":[790],"berocket_brand":[446],"class_list":{"0":"post-5030","1":"product","2":"type-product","3":"status-publish","4":"has-post-thumbnail","6":"product_cat-eleveurs","7":"product_cat-producteurs","8":"product_cat-sondes","9":"product_cat-veterinaires","10":"product_tag-ibex-fr","11":"pa_applications-follicules","12":"pa_applications-grossesse","13":"pa_applications-mesures-du-gras-dorsal","14":"pa_applications-pis","15":"pa_applications-poumons","16":"pa_applications-reproduction-fr","17":"pa_applications-tendons-fr","18":"pa_applications-uterus-fr","19":"pa_species-animaux-exotiques","20":"pa_species-bovins-de-boucherie","21":"pa_species-bovins-laitiers","22":"pa_species-chevaux","23":"berocket_brand-ibex-fr","25":"first","26":"instock","27":"taxable","28":"shipping-taxable","29":"purchasable","30":"product-type-variable","31":"has-default-attributes"},"acf":[],"yoast_head":"<!-- This site is optimized with the Yoast SEO plugin v26.8 - https:\/\/yoast.com\/product\/yoast-seo-wordpress\/ -->\n<title>iBex eL7 - Transducteur lin\u00e9aire pour EVO | ViiSona<\/title>\n<meta name=\"description\" content=\"La sonde lin\u00e9aire rectale eL7 d&#039;EI Medical offre une imagerie \u00e0 haute fr\u00e9quence avec une gamme de 5 \u00e0 9 MHz et 128 cristaux, offrant une clart\u00e9 exceptionnelle pour les structures petites et peu profondes telles que les ovaires, l&#039;ut\u00e9rus ouvert et les grossesses pr\u00e9coces chez les grands animaux. Avec un rayon de 66 mm et une profondeur de p\u00e9n\u00e9tration allant jusqu&#039;\u00e0 15 cm, c&#039;est le choix privil\u00e9gi\u00e9 pour les examens de reproduction bovine et \u00e9quine et les applications pulmonaires. Con\u00e7u pour les environnements difficiles, il r\u00e9siste aux conditions difficiles et peut \u00eatre r\u00e9par\u00e9 si n\u00e9cessaire. Compatible avec les bras d&#039;extension personnalisables IBEX, il garantit le confort de l&#039;utilisateur et la facilit\u00e9 d&#039;utilisation. Les c\u00e2bles d&#039;EI Medical sont rigoureusement test\u00e9s pour leur durabilit\u00e9 et leur r\u00e9sistance aux produits chimiques, ce qui les rend id\u00e9aux pour les environnements animaliers exigeants.\" \/>\n<meta name=\"robots\" content=\"index, follow, max-snippet:-1, max-image-preview:large, max-video-preview:-1\" \/>\n<link rel=\"canonical\" href=\"https:\/\/viisona.com\/fr\/product\/el7-transducteur-lineaire-pour-evo\/\" \/>\n<meta property=\"og:locale\" content=\"fr_FR\" \/>\n<meta property=\"og:type\" content=\"article\" \/>\n<meta property=\"og:title\" content=\"iBex eL7 - Transducteur lin\u00e9aire pour EVO | ViiSona\" \/>\n<meta property=\"og:description\" content=\"La sonde lin\u00e9aire rectale eL7 d&#039;EI Medical offre une imagerie \u00e0 haute fr\u00e9quence avec une gamme de 5 \u00e0 9 MHz et 128 cristaux, offrant une clart\u00e9 exceptionnelle pour les structures petites et peu profondes telles que les ovaires, l&#039;ut\u00e9rus ouvert et les grossesses pr\u00e9coces chez les grands animaux. Avec un rayon de 66 mm et une profondeur de p\u00e9n\u00e9tration allant jusqu&#039;\u00e0 15 cm, c&#039;est le choix privil\u00e9gi\u00e9 pour les examens de reproduction bovine et \u00e9quine et les applications pulmonaires. Con\u00e7u pour les environnements difficiles, il r\u00e9siste aux conditions difficiles et peut \u00eatre r\u00e9par\u00e9 si n\u00e9cessaire. Compatible avec les bras d&#039;extension personnalisables IBEX, il garantit le confort de l&#039;utilisateur et la facilit\u00e9 d&#039;utilisation. Les c\u00e2bles d&#039;EI Medical sont rigoureusement test\u00e9s pour leur durabilit\u00e9 et leur r\u00e9sistance aux produits chimiques, ce qui les rend id\u00e9aux pour les environnements animaliers exigeants.\" \/>\n<meta property=\"og:url\" content=\"https:\/\/viisona.com\/fr\/product\/el7-transducteur-lineaire-pour-evo\/\" \/>\n<meta property=\"og:site_name\" content=\"ViiSona\" \/>\n<meta property=\"article:modified_time\" content=\"2025-05-22T03:26:08+00:00\" \/>\n<meta property=\"og:image\" content=\"https:\/\/viisona.com\/wp-content\/uploads\/2021\/12\/L7EVO.jpg\" \/>\n\t<meta property=\"og:image:width\" content=\"480\" \/>\n\t<meta property=\"og:image:height\" content=\"480\" \/>\n\t<meta property=\"og:image:type\" content=\"image\/jpeg\" \/>\n<meta name=\"twitter:card\" content=\"summary_large_image\" \/>\n<meta name=\"twitter:label1\" content=\"Dur\u00e9e de lecture estim\u00e9e\" \/>\n\t<meta name=\"twitter:data1\" content=\"2 minutes\" \/>\n<script type=\"application\/ld+json\" class=\"yoast-schema-graph\">{\"@context\":\"https:\/\/schema.org\",\"@graph\":[{\"@type\":\"WebPage\",\"@id\":\"https:\/\/viisona.com\/fr\/product\/el7-transducteur-lineaire-pour-evo\/\",\"url\":\"https:\/\/viisona.com\/fr\/product\/el7-transducteur-lineaire-pour-evo\/\",\"name\":\"iBex eL7 - Transducteur lin\u00e9aire pour EVO | ViiSona\",\"isPartOf\":{\"@id\":\"https:\/\/viisona.com\/fr\/#website\"},\"primaryImageOfPage\":{\"@id\":\"https:\/\/viisona.com\/fr\/product\/el7-transducteur-lineaire-pour-evo\/#primaryimage\"},\"image\":{\"@id\":\"https:\/\/viisona.com\/fr\/product\/el7-transducteur-lineaire-pour-evo\/#primaryimage\"},\"thumbnailUrl\":\"https:\/\/viisona.com\/wp-content\/uploads\/2021\/12\/L7EVO.jpg\",\"datePublished\":\"2021-12-02T02:03:26+00:00\",\"dateModified\":\"2025-05-22T03:26:08+00:00\",\"description\":\"La sonde lin\u00e9aire rectale eL7 d'EI Medical offre une imagerie \u00e0 haute fr\u00e9quence avec une gamme de 5 \u00e0 9 MHz et 128 cristaux, offrant une clart\u00e9 exceptionnelle pour les structures petites et peu profondes telles que les ovaires, l'ut\u00e9rus ouvert et les grossesses pr\u00e9coces chez les grands animaux. Avec un rayon de 66 mm et une profondeur de p\u00e9n\u00e9tration allant jusqu'\u00e0 15 cm, c'est le choix privil\u00e9gi\u00e9 pour les examens de reproduction bovine et \u00e9quine et les applications pulmonaires. Con\u00e7u pour les environnements difficiles, il r\u00e9siste aux conditions difficiles et peut \u00eatre r\u00e9par\u00e9 si n\u00e9cessaire. Compatible avec les bras d'extension personnalisables IBEX, il garantit le confort de l'utilisateur et la facilit\u00e9 d'utilisation. Les c\u00e2bles d'EI Medical sont rigoureusement test\u00e9s pour leur durabilit\u00e9 et leur r\u00e9sistance aux produits chimiques, ce qui les rend id\u00e9aux pour les environnements animaliers exigeants.\",\"breadcrumb\":{\"@id\":\"https:\/\/viisona.com\/fr\/product\/el7-transducteur-lineaire-pour-evo\/#breadcrumb\"},\"inLanguage\":\"fr-FR\",\"potentialAction\":[{\"@type\":\"ReadAction\",\"target\":[\"https:\/\/viisona.com\/fr\/product\/el7-transducteur-lineaire-pour-evo\/\"]}]},{\"@type\":\"ImageObject\",\"inLanguage\":\"fr-FR\",\"@id\":\"https:\/\/viisona.com\/fr\/product\/el7-transducteur-lineaire-pour-evo\/#primaryimage\",\"url\":\"https:\/\/viisona.com\/wp-content\/uploads\/2021\/12\/L7EVO.jpg\",\"contentUrl\":\"https:\/\/viisona.com\/wp-content\/uploads\/2021\/12\/L7EVO.jpg\",\"width\":480,\"height\":480},{\"@type\":\"BreadcrumbList\",\"@id\":\"https:\/\/viisona.com\/fr\/product\/el7-transducteur-lineaire-pour-evo\/#breadcrumb\",\"itemListElement\":[{\"@type\":\"ListItem\",\"position\":1,\"name\":\"Home\",\"item\":\"https:\/\/viisona.com\/fr\/accueil\/\"},{\"@type\":\"ListItem\",\"position\":2,\"name\":\"Boutique\",\"item\":\"https:\/\/viisona.com\/fr\/boutique\/\"},{\"@type\":\"ListItem\",\"position\":3,\"name\":\"eL7 &#8211; Transducteur lin\u00e9aire pour EVO\"}]},{\"@type\":\"WebSite\",\"@id\":\"https:\/\/viisona.com\/fr\/#website\",\"url\":\"https:\/\/viisona.com\/fr\/\",\"name\":\"ViiSona\",\"description\":\"Am\u00e9liorer les r\u00e9sultats pour les agriculteurs et les s\u00e9lectionneurs dans les communaut\u00e9s agricoles et de s\u00e9lection.\",\"publisher\":{\"@id\":\"https:\/\/viisona.com\/fr\/#organization\"},\"potentialAction\":[{\"@type\":\"SearchAction\",\"target\":{\"@type\":\"EntryPoint\",\"urlTemplate\":\"https:\/\/viisona.com\/fr\/?s={search_term_string}\"},\"query-input\":{\"@type\":\"PropertyValueSpecification\",\"valueRequired\":true,\"valueName\":\"search_term_string\"}}],\"inLanguage\":\"fr-FR\"},{\"@type\":\"Organization\",\"@id\":\"https:\/\/viisona.com\/fr\/#organization\",\"name\":\"ViiSona\",\"url\":\"https:\/\/viisona.com\/fr\/\",\"logo\":{\"@type\":\"ImageObject\",\"inLanguage\":\"fr-FR\",\"@id\":\"https:\/\/viisona.com\/fr\/#\/schema\/logo\/image\/\",\"url\":\"https:\/\/viisona.com\/wp-content\/uploads\/2020\/08\/viisona_1_FULLY_RASTERED.png\",\"contentUrl\":\"https:\/\/viisona.com\/wp-content\/uploads\/2020\/08\/viisona_1_FULLY_RASTERED.png\",\"width\":1080,\"height\":307,\"caption\":\"ViiSona\"},\"image\":{\"@id\":\"https:\/\/viisona.com\/fr\/#\/schema\/logo\/image\/\"}}]}<\/script>\n<!-- \/ Yoast SEO plugin. -->","yoast_head_json":{"title":"iBex eL7 - Transducteur lin\u00e9aire pour EVO | ViiSona","description":"La sonde lin\u00e9aire rectale eL7 d'EI Medical offre une imagerie \u00e0 haute fr\u00e9quence avec une gamme de 5 \u00e0 9 MHz et 128 cristaux, offrant une clart\u00e9 exceptionnelle pour les structures petites et peu profondes telles que les ovaires, l'ut\u00e9rus ouvert et les grossesses pr\u00e9coces chez les grands animaux. Avec un rayon de 66 mm et une profondeur de p\u00e9n\u00e9tration allant jusqu'\u00e0 15 cm, c'est le choix privil\u00e9gi\u00e9 pour les examens de reproduction bovine et \u00e9quine et les applications pulmonaires. Con\u00e7u pour les environnements difficiles, il r\u00e9siste aux conditions difficiles et peut \u00eatre r\u00e9par\u00e9 si n\u00e9cessaire. Compatible avec les bras d'extension personnalisables IBEX, il garantit le confort de l'utilisateur et la facilit\u00e9 d'utilisation. Les c\u00e2bles d'EI Medical sont rigoureusement test\u00e9s pour leur durabilit\u00e9 et leur r\u00e9sistance aux produits chimiques, ce qui les rend id\u00e9aux pour les environnements animaliers exigeants.","robots":{"index":"index","follow":"follow","max-snippet":"max-snippet:-1","max-image-preview":"max-image-preview:large","max-video-preview":"max-video-preview:-1"},"canonical":"https:\/\/viisona.com\/fr\/product\/el7-transducteur-lineaire-pour-evo\/","og_locale":"fr_FR","og_type":"article","og_title":"iBex eL7 - Transducteur lin\u00e9aire pour EVO | ViiSona","og_description":"La sonde lin\u00e9aire rectale eL7 d'EI Medical offre une imagerie \u00e0 haute fr\u00e9quence avec une gamme de 5 \u00e0 9 MHz et 128 cristaux, offrant une clart\u00e9 exceptionnelle pour les structures petites et peu profondes telles que les ovaires, l'ut\u00e9rus ouvert et les grossesses pr\u00e9coces chez les grands animaux. Avec un rayon de 66 mm et une profondeur de p\u00e9n\u00e9tration allant jusqu'\u00e0 15 cm, c'est le choix privil\u00e9gi\u00e9 pour les examens de reproduction bovine et \u00e9quine et les applications pulmonaires. Con\u00e7u pour les environnements difficiles, il r\u00e9siste aux conditions difficiles et peut \u00eatre r\u00e9par\u00e9 si n\u00e9cessaire. Compatible avec les bras d'extension personnalisables IBEX, il garantit le confort de l'utilisateur et la facilit\u00e9 d'utilisation. Les c\u00e2bles d'EI Medical sont rigoureusement test\u00e9s pour leur durabilit\u00e9 et leur r\u00e9sistance aux produits chimiques, ce qui les rend id\u00e9aux pour les environnements animaliers exigeants.","og_url":"https:\/\/viisona.com\/fr\/product\/el7-transducteur-lineaire-pour-evo\/","og_site_name":"ViiSona","article_modified_time":"2025-05-22T03:26:08+00:00","og_image":[{"width":480,"height":480,"url":"https:\/\/viisona.com\/wp-content\/uploads\/2021\/12\/L7EVO.jpg","type":"image\/jpeg"}],"twitter_card":"summary_large_image","twitter_misc":{"Dur\u00e9e de lecture estim\u00e9e":"2 minutes"},"schema":{"@context":"https:\/\/schema.org","@graph":[{"@type":"WebPage","@id":"https:\/\/viisona.com\/fr\/product\/el7-transducteur-lineaire-pour-evo\/","url":"https:\/\/viisona.com\/fr\/product\/el7-transducteur-lineaire-pour-evo\/","name":"iBex eL7 - Transducteur lin\u00e9aire pour EVO | ViiSona","isPartOf":{"@id":"https:\/\/viisona.com\/fr\/#website"},"primaryImageOfPage":{"@id":"https:\/\/viisona.com\/fr\/product\/el7-transducteur-lineaire-pour-evo\/#primaryimage"},"image":{"@id":"https:\/\/viisona.com\/fr\/product\/el7-transducteur-lineaire-pour-evo\/#primaryimage"},"thumbnailUrl":"https:\/\/viisona.com\/wp-content\/uploads\/2021\/12\/L7EVO.jpg","datePublished":"2021-12-02T02:03:26+00:00","dateModified":"2025-05-22T03:26:08+00:00","description":"La sonde lin\u00e9aire rectale eL7 d'EI Medical offre une imagerie \u00e0 haute fr\u00e9quence avec une gamme de 5 \u00e0 9 MHz et 128 cristaux, offrant une clart\u00e9 exceptionnelle pour les structures petites et peu profondes telles que les ovaires, l'ut\u00e9rus ouvert et les grossesses pr\u00e9coces chez les grands animaux. Avec un rayon de 66 mm et une profondeur de p\u00e9n\u00e9tration allant jusqu'\u00e0 15 cm, c'est le choix privil\u00e9gi\u00e9 pour les examens de reproduction bovine et \u00e9quine et les applications pulmonaires. Con\u00e7u pour les environnements difficiles, il r\u00e9siste aux conditions difficiles et peut \u00eatre r\u00e9par\u00e9 si n\u00e9cessaire. Compatible avec les bras d'extension personnalisables IBEX, il garantit le confort de l'utilisateur et la facilit\u00e9 d'utilisation. Les c\u00e2bles d'EI Medical sont rigoureusement test\u00e9s pour leur durabilit\u00e9 et leur r\u00e9sistance aux produits chimiques, ce qui les rend id\u00e9aux pour les environnements animaliers exigeants.","breadcrumb":{"@id":"https:\/\/viisona.com\/fr\/product\/el7-transducteur-lineaire-pour-evo\/#breadcrumb"},"inLanguage":"fr-FR","potentialAction":[{"@type":"ReadAction","target":["https:\/\/viisona.com\/fr\/product\/el7-transducteur-lineaire-pour-evo\/"]}]},{"@type":"ImageObject","inLanguage":"fr-FR","@id":"https:\/\/viisona.com\/fr\/product\/el7-transducteur-lineaire-pour-evo\/#primaryimage","url":"https:\/\/viisona.com\/wp-content\/uploads\/2021\/12\/L7EVO.jpg","contentUrl":"https:\/\/viisona.com\/wp-content\/uploads\/2021\/12\/L7EVO.jpg","width":480,"height":480},{"@type":"BreadcrumbList","@id":"https:\/\/viisona.com\/fr\/product\/el7-transducteur-lineaire-pour-evo\/#breadcrumb","itemListElement":[{"@type":"ListItem","position":1,"name":"Home","item":"https:\/\/viisona.com\/fr\/accueil\/"},{"@type":"ListItem","position":2,"name":"Boutique","item":"https:\/\/viisona.com\/fr\/boutique\/"},{"@type":"ListItem","position":3,"name":"eL7 &#8211; Transducteur lin\u00e9aire pour EVO"}]},{"@type":"WebSite","@id":"https:\/\/viisona.com\/fr\/#website","url":"https:\/\/viisona.com\/fr\/","name":"ViiSona","description":"Am\u00e9liorer les r\u00e9sultats pour les agriculteurs et les s\u00e9lectionneurs dans les communaut\u00e9s agricoles et de s\u00e9lection.","publisher":{"@id":"https:\/\/viisona.com\/fr\/#organization"},"potentialAction":[{"@type":"SearchAction","target":{"@type":"EntryPoint","urlTemplate":"https:\/\/viisona.com\/fr\/?s={search_term_string}"},"query-input":{"@type":"PropertyValueSpecification","valueRequired":true,"valueName":"search_term_string"}}],"inLanguage":"fr-FR"},{"@type":"Organization","@id":"https:\/\/viisona.com\/fr\/#organization","name":"ViiSona","url":"https:\/\/viisona.com\/fr\/","logo":{"@type":"ImageObject","inLanguage":"fr-FR","@id":"https:\/\/viisona.com\/fr\/#\/schema\/logo\/image\/","url":"https:\/\/viisona.com\/wp-content\/uploads\/2020\/08\/viisona_1_FULLY_RASTERED.png","contentUrl":"https:\/\/viisona.com\/wp-content\/uploads\/2020\/08\/viisona_1_FULLY_RASTERED.png","width":1080,"height":307,"caption":"ViiSona"},"image":{"@id":"https:\/\/viisona.com\/fr\/#\/schema\/logo\/image\/"}}]}},"jetpack_sharing_enabled":true,"_links":{"self":[{"href":"https:\/\/viisona.com\/fr\/wp-json\/wp\/v2\/product\/5030","targetHints":{"allow":["GET"]}}],"collection":[{"href":"https:\/\/viisona.com\/fr\/wp-json\/wp\/v2\/product"}],"about":[{"href":"https:\/\/viisona.com\/fr\/wp-json\/wp\/v2\/types\/product"}],"wp:featuredmedia":[{"embeddable":true,"href":"https:\/\/viisona.com\/fr\/wp-json\/wp\/v2\/media\/4828"}],"wp:attachment":[{"href":"https:\/\/viisona.com\/fr\/wp-json\/wp\/v2\/media?parent=5030"}],"wp:term":[{"taxonomy":"product_cat","embeddable":true,"href":"https:\/\/viisona.com\/fr\/wp-json\/wp\/v2\/product_cat?post=5030"},{"taxonomy":"product_tag","embeddable":true,"href":"https:\/\/viisona.com\/fr\/wp-json\/wp\/v2\/product_tag?post=5030"},{"taxonomy":"berocket_brand","embeddable":true,"href":"https:\/\/viisona.com\/fr\/wp-json\/wp\/v2\/berocket_brand?post=5030"}],"curies":[{"name":"wp","href":"https:\/\/api.w.org\/{rel}","templated":true}]}}