{"id":5025,"date":"2021-12-02T02:43:21","date_gmt":"2021-12-02T02:43:21","guid":{"rendered":"https:\/\/viisona.com\/shop\/non%20class\u00e9\/ec9-transducteur-multi-frequences-pour-evo\/"},"modified":"2025-05-22T03:26:03","modified_gmt":"2025-05-22T03:26:03","slug":"ec9-transducteur-multi-frequences-pour-evo","status":"publish","type":"product","link":"https:\/\/viisona.com\/fr\/product\/ec9-transducteur-multi-frequences-pour-evo\/","title":{"rendered":"eC9 &#8211; Transducteur multi-fr\u00e9quences pour EVO"},"content":{"rendered":"<p><span style=\"font-weight: 400;\">L&#8217;am\u00e9lioration de l&#8217;imagerie garantit des scans tr\u00e8s d\u00e9taill\u00e9s et tr\u00e8s clairs pour les animaux de compagnie, en particulier pour les petits animaux, c&#8217;est-\u00e0-dire les chats, les chiens et tout ce qui va du hamster au saint-bernard ! Le transducteur eC9 est une sonde multifr\u00e9quence \u00e0 128 cristaux avec une gamme de 5 \u00e0 10 MHz. Avec une profondeur de balayage allant jusqu&#8217;\u00e0 14 cm, la sonde eC9 est id\u00e9ale pour l&#8217;examen des petits animaux. Con\u00e7u pour \u00eatre associ\u00e9 au syst\u00e8me d&#8217;\u00e9chographie EVO.  <\/span><\/p>\n<p><span style=\"font-weight: 400;\">Tous les c\u00e2bles EI Medical ont \u00e9t\u00e9 test\u00e9s \u00e0 1,2 million de cycles de flexion. Ils sont dot\u00e9s d&#8217;une gaine con\u00e7ue sur mesure pour une durabilit\u00e9 extr\u00eame, sont r\u00e9sistants aux produits chimiques et biocompatibles. Les c\u00e2bles de sonde d&#8217;EI Medical sont sp\u00e9cialement con\u00e7us pour \u00eatre utilis\u00e9s dans des environnements animaux difficiles. La gaine du c\u00e2ble en polyur\u00e9thane est extr\u00eamement durable, r\u00e9sistante aux produits chimiques et biocompatible selon USP Class VI, le coaxial en alliage de cuivre et le blindage en alliage de cuivre ont \u00e9t\u00e9 d\u00e9velopp\u00e9s pour un allongement contr\u00f4l\u00e9, et des \u00e9l\u00e9ments de r\u00e9sistance en kevlar sont incorpor\u00e9s dans le faisceau de c\u00e2bles pour prot\u00e9ger le coaxial contre les ruptures.<\/span><\/p>\n<p><span style=\"font-weight: 400;\">Compatible avec le syst\u00e8me d&#8217;\u00e9chographie EVO.  <\/span><\/p>\n<p><span style=\"font-weight: 400;\">Garantie du fabricant &#8211; 1 an<\/span><\/p>\n","protected":false},"excerpt":{"rendered":"<p><span style=\"font-weight: 400;\">Le transducteur eC9 est une sonde multifr\u00e9quence \u00e0 128 cristaux avec une gamme de 5 \u00e0 10 MHz. Avec une profondeur de balayage allant jusqu&#8217;\u00e0 14 cm, la sonde eC9 est id\u00e9ale pour l&#8217;examen des petits animaux. Tous les transducteurs sont con\u00e7us sp\u00e9cifiquement pour les environnements difficiles, mais si le pire se produit, ils peuvent \u00e9galement \u00eatre r\u00e9par\u00e9s !<\/span><\/p>\n<p>&nbsp;<\/p>\n<p>&nbsp;<\/p>\n","protected":false},"featured_media":4824,"template":"","meta":{"_acf_changed":false,"inline_featured_image":false},"product_cat":[500,490,501,483],"product_tag":[790],"berocket_brand":[446],"class_list":{"0":"post-5025","1":"product","2":"type-product","3":"status-publish","4":"has-post-thumbnail","6":"product_cat-eleveurs","7":"product_cat-producteurs","8":"product_cat-sondes","9":"product_cat-veterinaires","10":"product_tag-ibex-fr","11":"pa_applications-abdominal-fr","12":"pa_applications-diagnostic-de-base-des-petits-animaux","13":"pa_applications-diagnostic-des-tissus-mous","14":"pa_applications-examens-de-structure-superficielle","15":"pa_applications-grossesse","16":"pa_applications-reproduction-fr","17":"pa_applications-urologie","18":"pa_applications-uterus-fr","19":"pa_species-animaux-exotiques","20":"pa_species-petits-animaux","21":"berocket_brand-ibex-fr","23":"first","24":"instock","25":"taxable","26":"shipping-taxable","27":"purchasable","28":"product-type-simple"},"acf":[],"yoast_head":"<!-- This site is optimized with the Yoast SEO plugin v26.8 - https:\/\/yoast.com\/product\/yoast-seo-wordpress\/ -->\n<title>iBex eC9 - Transducteur multi-fr\u00e9quences pour EVO | ViiSona<\/title>\n<meta name=\"description\" content=\"Le transducteur eC9, \u00e9quip\u00e9 de 128 cristaux et d&#039;une gamme de fr\u00e9quences polyvalente de 5 \u00e0 10 MHz, offre des capacit\u00e9s d&#039;imagerie exceptionnelles pour les examens des petits animaux. Avec une profondeur de balayage allant jusqu \u00ab \u00e0 14 cm, il fournit une imagerie pr\u00e9cise et d\u00e9taill\u00e9e, ce qui le rend id\u00e9al pour le diagnostic des animaux de compagnie. Sp\u00e9cialement con\u00e7ue pour r\u00e9pondre aux exigences des environnements v\u00e9t\u00e9rinaires difficiles, la sonde eC9 garantit durabilit\u00e9 et fiabilit\u00e9. Qu&#039;il soit utilis\u00e9 pour des chats, des chiens ou m\u00eame des cr\u00e9atures plus petites comme les hamsters, le transducteur C9E fournit des scans d&#039;une clart\u00e9 cristalline, r\u00e9pondant \u00e0 une large gamme de besoins v\u00e9t\u00e9rinaires.Associ\u00e9 de mani\u00e8re transparente au syst\u00e8me d \u00bb \u00e9chographie EVO, le transducteur eC9 est con\u00e7u pour une compatibilit\u00e9 et des performances optimis\u00e9es. En outre, tous les c\u00e2bles EI Medical sont soumis \u00e0 des tests rigoureux de durabilit\u00e9 et de r\u00e9sistance aux produits chimiques, ce qui garantit leur long\u00e9vit\u00e9 et leur fiabilit\u00e9 dans les environnements de soins v\u00e9t\u00e9rinaires difficiles.\" \/>\n<meta name=\"robots\" content=\"index, follow, max-snippet:-1, max-image-preview:large, max-video-preview:-1\" \/>\n<link rel=\"canonical\" href=\"https:\/\/viisona.com\/fr\/product\/ec9-transducteur-multi-frequences-pour-evo\/\" \/>\n<meta property=\"og:locale\" content=\"fr_FR\" \/>\n<meta property=\"og:type\" content=\"article\" \/>\n<meta property=\"og:title\" content=\"iBex eC9 - Transducteur multi-fr\u00e9quences pour EVO | ViiSona\" \/>\n<meta property=\"og:description\" content=\"Le transducteur eC9, \u00e9quip\u00e9 de 128 cristaux et d&#039;une gamme de fr\u00e9quences polyvalente de 5 \u00e0 10 MHz, offre des capacit\u00e9s d&#039;imagerie exceptionnelles pour les examens des petits animaux. Avec une profondeur de balayage allant jusqu \u00ab \u00e0 14 cm, il fournit une imagerie pr\u00e9cise et d\u00e9taill\u00e9e, ce qui le rend id\u00e9al pour le diagnostic des animaux de compagnie. Sp\u00e9cialement con\u00e7ue pour r\u00e9pondre aux exigences des environnements v\u00e9t\u00e9rinaires difficiles, la sonde eC9 garantit durabilit\u00e9 et fiabilit\u00e9. Qu&#039;il soit utilis\u00e9 pour des chats, des chiens ou m\u00eame des cr\u00e9atures plus petites comme les hamsters, le transducteur C9E fournit des scans d&#039;une clart\u00e9 cristalline, r\u00e9pondant \u00e0 une large gamme de besoins v\u00e9t\u00e9rinaires.Associ\u00e9 de mani\u00e8re transparente au syst\u00e8me d \u00bb \u00e9chographie EVO, le transducteur eC9 est con\u00e7u pour une compatibilit\u00e9 et des performances optimis\u00e9es. En outre, tous les c\u00e2bles EI Medical sont soumis \u00e0 des tests rigoureux de durabilit\u00e9 et de r\u00e9sistance aux produits chimiques, ce qui garantit leur long\u00e9vit\u00e9 et leur fiabilit\u00e9 dans les environnements de soins v\u00e9t\u00e9rinaires difficiles.\" \/>\n<meta property=\"og:url\" content=\"https:\/\/viisona.com\/fr\/product\/ec9-transducteur-multi-frequences-pour-evo\/\" \/>\n<meta property=\"og:site_name\" content=\"ViiSona\" \/>\n<meta property=\"article:modified_time\" content=\"2025-05-22T03:26:03+00:00\" \/>\n<meta property=\"og:image\" content=\"https:\/\/viisona.com\/wp-content\/uploads\/2021\/12\/C9E-probe-small-animal-WEB-square.jpg\" \/>\n\t<meta property=\"og:image:width\" content=\"1920\" \/>\n\t<meta property=\"og:image:height\" content=\"1921\" \/>\n\t<meta property=\"og:image:type\" content=\"image\/jpeg\" \/>\n<meta name=\"twitter:card\" content=\"summary_large_image\" \/>\n<meta name=\"twitter:label1\" content=\"Dur\u00e9e de lecture estim\u00e9e\" \/>\n\t<meta name=\"twitter:data1\" content=\"2 minutes\" \/>\n<script type=\"application\/ld+json\" class=\"yoast-schema-graph\">{\"@context\":\"https:\/\/schema.org\",\"@graph\":[{\"@type\":\"WebPage\",\"@id\":\"https:\/\/viisona.com\/fr\/product\/ec9-transducteur-multi-frequences-pour-evo\/\",\"url\":\"https:\/\/viisona.com\/fr\/product\/ec9-transducteur-multi-frequences-pour-evo\/\",\"name\":\"iBex eC9 - Transducteur multi-fr\u00e9quences pour EVO | ViiSona\",\"isPartOf\":{\"@id\":\"https:\/\/viisona.com\/fr\/#website\"},\"primaryImageOfPage\":{\"@id\":\"https:\/\/viisona.com\/fr\/product\/ec9-transducteur-multi-frequences-pour-evo\/#primaryimage\"},\"image\":{\"@id\":\"https:\/\/viisona.com\/fr\/product\/ec9-transducteur-multi-frequences-pour-evo\/#primaryimage\"},\"thumbnailUrl\":\"https:\/\/viisona.com\/wp-content\/uploads\/2021\/12\/C9E-probe-small-animal-WEB-square.jpg\",\"datePublished\":\"2021-12-02T02:43:21+00:00\",\"dateModified\":\"2025-05-22T03:26:03+00:00\",\"description\":\"Le transducteur eC9, \u00e9quip\u00e9 de 128 cristaux et d'une gamme de fr\u00e9quences polyvalente de 5 \u00e0 10 MHz, offre des capacit\u00e9s d'imagerie exceptionnelles pour les examens des petits animaux. Avec une profondeur de balayage allant jusqu \u00ab \u00e0 14 cm, il fournit une imagerie pr\u00e9cise et d\u00e9taill\u00e9e, ce qui le rend id\u00e9al pour le diagnostic des animaux de compagnie. Sp\u00e9cialement con\u00e7ue pour r\u00e9pondre aux exigences des environnements v\u00e9t\u00e9rinaires difficiles, la sonde eC9 garantit durabilit\u00e9 et fiabilit\u00e9. Qu'il soit utilis\u00e9 pour des chats, des chiens ou m\u00eame des cr\u00e9atures plus petites comme les hamsters, le transducteur C9E fournit des scans d'une clart\u00e9 cristalline, r\u00e9pondant \u00e0 une large gamme de besoins v\u00e9t\u00e9rinaires.Associ\u00e9 de mani\u00e8re transparente au syst\u00e8me d \u00bb \u00e9chographie EVO, le transducteur eC9 est con\u00e7u pour une compatibilit\u00e9 et des performances optimis\u00e9es. En outre, tous les c\u00e2bles EI Medical sont soumis \u00e0 des tests rigoureux de durabilit\u00e9 et de r\u00e9sistance aux produits chimiques, ce qui garantit leur long\u00e9vit\u00e9 et leur fiabilit\u00e9 dans les environnements de soins v\u00e9t\u00e9rinaires difficiles.\",\"breadcrumb\":{\"@id\":\"https:\/\/viisona.com\/fr\/product\/ec9-transducteur-multi-frequences-pour-evo\/#breadcrumb\"},\"inLanguage\":\"fr-FR\",\"potentialAction\":[{\"@type\":\"ReadAction\",\"target\":[\"https:\/\/viisona.com\/fr\/product\/ec9-transducteur-multi-frequences-pour-evo\/\"]}]},{\"@type\":\"ImageObject\",\"inLanguage\":\"fr-FR\",\"@id\":\"https:\/\/viisona.com\/fr\/product\/ec9-transducteur-multi-frequences-pour-evo\/#primaryimage\",\"url\":\"https:\/\/viisona.com\/wp-content\/uploads\/2021\/12\/C9E-probe-small-animal-WEB-square.jpg\",\"contentUrl\":\"https:\/\/viisona.com\/wp-content\/uploads\/2021\/12\/C9E-probe-small-animal-WEB-square.jpg\",\"width\":1920,\"height\":1921},{\"@type\":\"BreadcrumbList\",\"@id\":\"https:\/\/viisona.com\/fr\/product\/ec9-transducteur-multi-frequences-pour-evo\/#breadcrumb\",\"itemListElement\":[{\"@type\":\"ListItem\",\"position\":1,\"name\":\"Home\",\"item\":\"https:\/\/viisona.com\/fr\/accueil\/\"},{\"@type\":\"ListItem\",\"position\":2,\"name\":\"Boutique\",\"item\":\"https:\/\/viisona.com\/fr\/boutique\/\"},{\"@type\":\"ListItem\",\"position\":3,\"name\":\"eC9 &#8211; Transducteur multi-fr\u00e9quences pour EVO\"}]},{\"@type\":\"WebSite\",\"@id\":\"https:\/\/viisona.com\/fr\/#website\",\"url\":\"https:\/\/viisona.com\/fr\/\",\"name\":\"ViiSona\",\"description\":\"Am\u00e9liorer les r\u00e9sultats pour les agriculteurs et les s\u00e9lectionneurs dans les communaut\u00e9s agricoles et de s\u00e9lection.\",\"publisher\":{\"@id\":\"https:\/\/viisona.com\/fr\/#organization\"},\"potentialAction\":[{\"@type\":\"SearchAction\",\"target\":{\"@type\":\"EntryPoint\",\"urlTemplate\":\"https:\/\/viisona.com\/fr\/?s={search_term_string}\"},\"query-input\":{\"@type\":\"PropertyValueSpecification\",\"valueRequired\":true,\"valueName\":\"search_term_string\"}}],\"inLanguage\":\"fr-FR\"},{\"@type\":\"Organization\",\"@id\":\"https:\/\/viisona.com\/fr\/#organization\",\"name\":\"ViiSona\",\"url\":\"https:\/\/viisona.com\/fr\/\",\"logo\":{\"@type\":\"ImageObject\",\"inLanguage\":\"fr-FR\",\"@id\":\"https:\/\/viisona.com\/fr\/#\/schema\/logo\/image\/\",\"url\":\"https:\/\/viisona.com\/wp-content\/uploads\/2020\/08\/viisona_1_FULLY_RASTERED.png\",\"contentUrl\":\"https:\/\/viisona.com\/wp-content\/uploads\/2020\/08\/viisona_1_FULLY_RASTERED.png\",\"width\":1080,\"height\":307,\"caption\":\"ViiSona\"},\"image\":{\"@id\":\"https:\/\/viisona.com\/fr\/#\/schema\/logo\/image\/\"}}]}<\/script>\n<!-- \/ Yoast SEO plugin. -->","yoast_head_json":{"title":"iBex eC9 - Transducteur multi-fr\u00e9quences pour EVO | ViiSona","description":"Le transducteur eC9, \u00e9quip\u00e9 de 128 cristaux et d'une gamme de fr\u00e9quences polyvalente de 5 \u00e0 10 MHz, offre des capacit\u00e9s d'imagerie exceptionnelles pour les examens des petits animaux. Avec une profondeur de balayage allant jusqu \u00ab \u00e0 14 cm, il fournit une imagerie pr\u00e9cise et d\u00e9taill\u00e9e, ce qui le rend id\u00e9al pour le diagnostic des animaux de compagnie. Sp\u00e9cialement con\u00e7ue pour r\u00e9pondre aux exigences des environnements v\u00e9t\u00e9rinaires difficiles, la sonde eC9 garantit durabilit\u00e9 et fiabilit\u00e9. Qu'il soit utilis\u00e9 pour des chats, des chiens ou m\u00eame des cr\u00e9atures plus petites comme les hamsters, le transducteur C9E fournit des scans d'une clart\u00e9 cristalline, r\u00e9pondant \u00e0 une large gamme de besoins v\u00e9t\u00e9rinaires.Associ\u00e9 de mani\u00e8re transparente au syst\u00e8me d \u00bb \u00e9chographie EVO, le transducteur eC9 est con\u00e7u pour une compatibilit\u00e9 et des performances optimis\u00e9es. En outre, tous les c\u00e2bles EI Medical sont soumis \u00e0 des tests rigoureux de durabilit\u00e9 et de r\u00e9sistance aux produits chimiques, ce qui garantit leur long\u00e9vit\u00e9 et leur fiabilit\u00e9 dans les environnements de soins v\u00e9t\u00e9rinaires difficiles.","robots":{"index":"index","follow":"follow","max-snippet":"max-snippet:-1","max-image-preview":"max-image-preview:large","max-video-preview":"max-video-preview:-1"},"canonical":"https:\/\/viisona.com\/fr\/product\/ec9-transducteur-multi-frequences-pour-evo\/","og_locale":"fr_FR","og_type":"article","og_title":"iBex eC9 - Transducteur multi-fr\u00e9quences pour EVO | ViiSona","og_description":"Le transducteur eC9, \u00e9quip\u00e9 de 128 cristaux et d'une gamme de fr\u00e9quences polyvalente de 5 \u00e0 10 MHz, offre des capacit\u00e9s d'imagerie exceptionnelles pour les examens des petits animaux. Avec une profondeur de balayage allant jusqu \u00ab \u00e0 14 cm, il fournit une imagerie pr\u00e9cise et d\u00e9taill\u00e9e, ce qui le rend id\u00e9al pour le diagnostic des animaux de compagnie. Sp\u00e9cialement con\u00e7ue pour r\u00e9pondre aux exigences des environnements v\u00e9t\u00e9rinaires difficiles, la sonde eC9 garantit durabilit\u00e9 et fiabilit\u00e9. Qu'il soit utilis\u00e9 pour des chats, des chiens ou m\u00eame des cr\u00e9atures plus petites comme les hamsters, le transducteur C9E fournit des scans d'une clart\u00e9 cristalline, r\u00e9pondant \u00e0 une large gamme de besoins v\u00e9t\u00e9rinaires.Associ\u00e9 de mani\u00e8re transparente au syst\u00e8me d \u00bb \u00e9chographie EVO, le transducteur eC9 est con\u00e7u pour une compatibilit\u00e9 et des performances optimis\u00e9es. En outre, tous les c\u00e2bles EI Medical sont soumis \u00e0 des tests rigoureux de durabilit\u00e9 et de r\u00e9sistance aux produits chimiques, ce qui garantit leur long\u00e9vit\u00e9 et leur fiabilit\u00e9 dans les environnements de soins v\u00e9t\u00e9rinaires difficiles.","og_url":"https:\/\/viisona.com\/fr\/product\/ec9-transducteur-multi-frequences-pour-evo\/","og_site_name":"ViiSona","article_modified_time":"2025-05-22T03:26:03+00:00","og_image":[{"width":1920,"height":1921,"url":"https:\/\/viisona.com\/wp-content\/uploads\/2021\/12\/C9E-probe-small-animal-WEB-square.jpg","type":"image\/jpeg"}],"twitter_card":"summary_large_image","twitter_misc":{"Dur\u00e9e de lecture estim\u00e9e":"2 minutes"},"schema":{"@context":"https:\/\/schema.org","@graph":[{"@type":"WebPage","@id":"https:\/\/viisona.com\/fr\/product\/ec9-transducteur-multi-frequences-pour-evo\/","url":"https:\/\/viisona.com\/fr\/product\/ec9-transducteur-multi-frequences-pour-evo\/","name":"iBex eC9 - Transducteur multi-fr\u00e9quences pour EVO | ViiSona","isPartOf":{"@id":"https:\/\/viisona.com\/fr\/#website"},"primaryImageOfPage":{"@id":"https:\/\/viisona.com\/fr\/product\/ec9-transducteur-multi-frequences-pour-evo\/#primaryimage"},"image":{"@id":"https:\/\/viisona.com\/fr\/product\/ec9-transducteur-multi-frequences-pour-evo\/#primaryimage"},"thumbnailUrl":"https:\/\/viisona.com\/wp-content\/uploads\/2021\/12\/C9E-probe-small-animal-WEB-square.jpg","datePublished":"2021-12-02T02:43:21+00:00","dateModified":"2025-05-22T03:26:03+00:00","description":"Le transducteur eC9, \u00e9quip\u00e9 de 128 cristaux et d'une gamme de fr\u00e9quences polyvalente de 5 \u00e0 10 MHz, offre des capacit\u00e9s d'imagerie exceptionnelles pour les examens des petits animaux. Avec une profondeur de balayage allant jusqu \u00ab \u00e0 14 cm, il fournit une imagerie pr\u00e9cise et d\u00e9taill\u00e9e, ce qui le rend id\u00e9al pour le diagnostic des animaux de compagnie. Sp\u00e9cialement con\u00e7ue pour r\u00e9pondre aux exigences des environnements v\u00e9t\u00e9rinaires difficiles, la sonde eC9 garantit durabilit\u00e9 et fiabilit\u00e9. Qu'il soit utilis\u00e9 pour des chats, des chiens ou m\u00eame des cr\u00e9atures plus petites comme les hamsters, le transducteur C9E fournit des scans d'une clart\u00e9 cristalline, r\u00e9pondant \u00e0 une large gamme de besoins v\u00e9t\u00e9rinaires.Associ\u00e9 de mani\u00e8re transparente au syst\u00e8me d \u00bb \u00e9chographie EVO, le transducteur eC9 est con\u00e7u pour une compatibilit\u00e9 et des performances optimis\u00e9es. En outre, tous les c\u00e2bles EI Medical sont soumis \u00e0 des tests rigoureux de durabilit\u00e9 et de r\u00e9sistance aux produits chimiques, ce qui garantit leur long\u00e9vit\u00e9 et leur fiabilit\u00e9 dans les environnements de soins v\u00e9t\u00e9rinaires difficiles.","breadcrumb":{"@id":"https:\/\/viisona.com\/fr\/product\/ec9-transducteur-multi-frequences-pour-evo\/#breadcrumb"},"inLanguage":"fr-FR","potentialAction":[{"@type":"ReadAction","target":["https:\/\/viisona.com\/fr\/product\/ec9-transducteur-multi-frequences-pour-evo\/"]}]},{"@type":"ImageObject","inLanguage":"fr-FR","@id":"https:\/\/viisona.com\/fr\/product\/ec9-transducteur-multi-frequences-pour-evo\/#primaryimage","url":"https:\/\/viisona.com\/wp-content\/uploads\/2021\/12\/C9E-probe-small-animal-WEB-square.jpg","contentUrl":"https:\/\/viisona.com\/wp-content\/uploads\/2021\/12\/C9E-probe-small-animal-WEB-square.jpg","width":1920,"height":1921},{"@type":"BreadcrumbList","@id":"https:\/\/viisona.com\/fr\/product\/ec9-transducteur-multi-frequences-pour-evo\/#breadcrumb","itemListElement":[{"@type":"ListItem","position":1,"name":"Home","item":"https:\/\/viisona.com\/fr\/accueil\/"},{"@type":"ListItem","position":2,"name":"Boutique","item":"https:\/\/viisona.com\/fr\/boutique\/"},{"@type":"ListItem","position":3,"name":"eC9 &#8211; Transducteur multi-fr\u00e9quences pour EVO"}]},{"@type":"WebSite","@id":"https:\/\/viisona.com\/fr\/#website","url":"https:\/\/viisona.com\/fr\/","name":"ViiSona","description":"Am\u00e9liorer les r\u00e9sultats pour les agriculteurs et les s\u00e9lectionneurs dans les communaut\u00e9s agricoles et de s\u00e9lection.","publisher":{"@id":"https:\/\/viisona.com\/fr\/#organization"},"potentialAction":[{"@type":"SearchAction","target":{"@type":"EntryPoint","urlTemplate":"https:\/\/viisona.com\/fr\/?s={search_term_string}"},"query-input":{"@type":"PropertyValueSpecification","valueRequired":true,"valueName":"search_term_string"}}],"inLanguage":"fr-FR"},{"@type":"Organization","@id":"https:\/\/viisona.com\/fr\/#organization","name":"ViiSona","url":"https:\/\/viisona.com\/fr\/","logo":{"@type":"ImageObject","inLanguage":"fr-FR","@id":"https:\/\/viisona.com\/fr\/#\/schema\/logo\/image\/","url":"https:\/\/viisona.com\/wp-content\/uploads\/2020\/08\/viisona_1_FULLY_RASTERED.png","contentUrl":"https:\/\/viisona.com\/wp-content\/uploads\/2020\/08\/viisona_1_FULLY_RASTERED.png","width":1080,"height":307,"caption":"ViiSona"},"image":{"@id":"https:\/\/viisona.com\/fr\/#\/schema\/logo\/image\/"}}]}},"jetpack_sharing_enabled":true,"_links":{"self":[{"href":"https:\/\/viisona.com\/fr\/wp-json\/wp\/v2\/product\/5025","targetHints":{"allow":["GET"]}}],"collection":[{"href":"https:\/\/viisona.com\/fr\/wp-json\/wp\/v2\/product"}],"about":[{"href":"https:\/\/viisona.com\/fr\/wp-json\/wp\/v2\/types\/product"}],"wp:featuredmedia":[{"embeddable":true,"href":"https:\/\/viisona.com\/fr\/wp-json\/wp\/v2\/media\/4824"}],"wp:attachment":[{"href":"https:\/\/viisona.com\/fr\/wp-json\/wp\/v2\/media?parent=5025"}],"wp:term":[{"taxonomy":"product_cat","embeddable":true,"href":"https:\/\/viisona.com\/fr\/wp-json\/wp\/v2\/product_cat?post=5025"},{"taxonomy":"product_tag","embeddable":true,"href":"https:\/\/viisona.com\/fr\/wp-json\/wp\/v2\/product_tag?post=5025"},{"taxonomy":"berocket_brand","embeddable":true,"href":"https:\/\/viisona.com\/fr\/wp-json\/wp\/v2\/berocket_brand?post=5025"}],"curies":[{"name":"wp","href":"https:\/\/api.w.org\/{rel}","templated":true}]}}