{"id":5024,"date":"2021-12-02T02:50:47","date_gmt":"2021-12-02T02:50:47","guid":{"rendered":"https:\/\/viisona.com\/shop\/non%20class\u00e9\/icl3-transducteur-convexe-a-penetration-profonde-pour-ibex\/"},"modified":"2025-05-22T03:26:01","modified_gmt":"2025-05-22T03:26:01","slug":"icl3-transducteur-convexe-a-penetration-profonde-pour-ibex","status":"publish","type":"product","link":"https:\/\/viisona.com\/fr\/product\/icl3-transducteur-convexe-a-penetration-profonde-pour-ibex\/","title":{"rendered":"Sonde eCLi6 pour les syst\u00e8mes d&#8217;\u00e9chographie EVO III et SA2"},"content":{"rendered":"<p>Le tout nouveau transducteur eCLi6, en instance de brevet, disponible uniquement sur les \u00e9chographes v\u00e9t\u00e9rinaires EVO et SA2 d&#8217;EIMI, ne ressemble \u00e0 rien de ce que vous avez vu auparavant !<\/p>\n<p>Cette sonde rectale unique offre la r\u00e9solution d&#8217;une sonde lin\u00e9aire plate avec la p\u00e9n\u00e9tration plus profonde et le champ de vision plus large d&#8217;un mod\u00e8le convexe. Le r\u00e9seau court et le pas serr\u00e9 optimisent la qualit\u00e9 de l&#8217;image, tandis que la tr\u00e8s l\u00e9g\u00e8re courbure permet un contact id\u00e9al avec la surface de la muqueuse dans un facteur de forme minimal. <\/p>\n<p>D&#8217;apr\u00e8s les r\u00e9actions extr\u00eamement positives re\u00e7ues depuis le d\u00e9but des essais \u00e0 l&#8217;automne dernier, ce transducteur va changer la donne dans le domaine de la reproduction \u00e9quine et bovine. Il surpasse toute sonde rectale standard en termes de clart\u00e9 d&#8217;image. Voyez des exemples de scans <a href=\"https:\/\/www.eimedical.com\/ecli6_game_changer\">ici<\/a>.  <\/p>\n<p><span style=\"font-weight: 400;\">Compatible avec les mod\u00e8les d&#8217;\u00e9chographie EVO III et SA2.  <\/span><\/p>\n<p><span style=\"font-weight: 400;\">Garantie du fabricant &#8211; 1 an<\/span><\/p>\n","protected":false},"excerpt":{"rendered":"<p style=\"font-weight: 400;\">D\u00e9couvrez le transducteur r\u00e9volutionnaire eCLi6, exclusivement disponible sur les \u00e9chographes v\u00e9t\u00e9rinaires EVO et SA2 d&#8217;EIMI. Cette sonde rectale en instance de brevet combine la r\u00e9solution d&#8217;un mod\u00e8le lin\u00e9aire plat avec la p\u00e9n\u00e9tration plus profonde et le champ de vision plus large d&#8217;un mod\u00e8le convexe. Gr\u00e2ce \u00e0 sa qualit\u00e9 d&#8217;image optimis\u00e9e et \u00e0 sa taille r\u00e9duite, l&#8217;eCLi6 r\u00e9volutionne l&#8217;\u00e9chographie de la reproduction \u00e9quine et bovine. Faites l&#8217;exp\u00e9rience d&#8217;une clart\u00e9 d&#8217;image et de performances in\u00e9gal\u00e9es avec ce transducteur qui change la donne. Con\u00e7u pour la reproduction bovine et \u00e9quine et les examens pulmonaires. Rectal lin\u00e9aire courbe hybride pour les examens de reproduction.     <\/p>\n","protected":false},"featured_media":5298,"template":"","meta":{"_acf_changed":false,"inline_featured_image":false},"product_cat":[500,490,501,483],"product_tag":[790],"berocket_brand":[446],"class_list":{"0":"post-5024","1":"product","2":"type-product","3":"status-publish","4":"has-post-thumbnail","6":"product_cat-eleveurs","7":"product_cat-producteurs","8":"product_cat-sondes","9":"product_cat-veterinaires","10":"product_tag-ibex-fr","11":"pa_species-bovins-de-boucherie","12":"pa_species-bovins-laitiers","13":"pa_species-chevaux","14":"berocket_brand-ibex-fr","16":"first","17":"instock","18":"taxable","19":"shipping-taxable","20":"purchasable","21":"product-type-simple"},"acf":[],"yoast_head":"<!-- This site is optimized with the Yoast SEO plugin v26.8 - https:\/\/yoast.com\/product\/yoast-seo-wordpress\/ -->\n<title>iBex Sonde eCLi6 pour les syst\u00e8mes d&#039;\u00e9chographie EVO III et SA2 | ViiSona<\/title>\n<meta name=\"description\" content=\"Le transducteur convexe iCL3 d&#039;EI Medical est un outil polyvalent con\u00e7u pour les syst\u00e8mes d&#039;\u00e9chographie iBex, offrant des capacit\u00e9s de p\u00e9n\u00e9tration profonde pour une gamme d&#039;applications v\u00e9t\u00e9rinaires. Avec sa gamme de basses fr\u00e9quences de 2,5 \u00e0 5 MHz et ses 128 cristaux, cette sonde offre une qualit\u00e9 d&#039;imagerie exceptionnelle pour les examens transabdominaux chez divers animaux, notamment les bovins, les chevaux, les petits ruminants, les cam\u00e9lid\u00e9s, les grands chiens, les animaux exotiques et les animaux sauvages. Sa profondeur de balayage de 24 cm garantit une visualisation compl\u00e8te des structures internes, ce qui la rend id\u00e9ale pour les examens abdominaux, les \u00e9valuations du cou et du dos des \u00e9quid\u00e9s, etc. Con\u00e7ue pour durer, la sonde b\u00e9n\u00e9ficie d&#039;une construction robuste et d&#039;une gaine de c\u00e2ble con\u00e7ue sur mesure, r\u00e9sistante aux produits chimiques et biocompatible, ce qui garantit des performances fiables, m\u00eame dans les environnements animaliers difficiles. Que ce soit sur le terrain ou en clinique, la sonde convexe iCL3 offre aux professionnels v\u00e9t\u00e9rinaires des solutions d&#039;imagerie de haute qualit\u00e9 pour un diagnostic et un traitement pr\u00e9cis.\" \/>\n<meta name=\"robots\" content=\"index, follow, max-snippet:-1, max-image-preview:large, max-video-preview:-1\" \/>\n<link rel=\"canonical\" href=\"https:\/\/viisona.com\/fr\/product\/icl3-transducteur-convexe-a-penetration-profonde-pour-ibex\/\" \/>\n<meta property=\"og:locale\" content=\"fr_FR\" \/>\n<meta property=\"og:type\" content=\"article\" \/>\n<meta property=\"og:title\" content=\"iBex Sonde eCLi6 pour les syst\u00e8mes d&#039;\u00e9chographie EVO III et SA2 | ViiSona\" \/>\n<meta property=\"og:description\" content=\"Le transducteur convexe iCL3 d&#039;EI Medical est un outil polyvalent con\u00e7u pour les syst\u00e8mes d&#039;\u00e9chographie iBex, offrant des capacit\u00e9s de p\u00e9n\u00e9tration profonde pour une gamme d&#039;applications v\u00e9t\u00e9rinaires. Avec sa gamme de basses fr\u00e9quences de 2,5 \u00e0 5 MHz et ses 128 cristaux, cette sonde offre une qualit\u00e9 d&#039;imagerie exceptionnelle pour les examens transabdominaux chez divers animaux, notamment les bovins, les chevaux, les petits ruminants, les cam\u00e9lid\u00e9s, les grands chiens, les animaux exotiques et les animaux sauvages. Sa profondeur de balayage de 24 cm garantit une visualisation compl\u00e8te des structures internes, ce qui la rend id\u00e9ale pour les examens abdominaux, les \u00e9valuations du cou et du dos des \u00e9quid\u00e9s, etc. Con\u00e7ue pour durer, la sonde b\u00e9n\u00e9ficie d&#039;une construction robuste et d&#039;une gaine de c\u00e2ble con\u00e7ue sur mesure, r\u00e9sistante aux produits chimiques et biocompatible, ce qui garantit des performances fiables, m\u00eame dans les environnements animaliers difficiles. Que ce soit sur le terrain ou en clinique, la sonde convexe iCL3 offre aux professionnels v\u00e9t\u00e9rinaires des solutions d&#039;imagerie de haute qualit\u00e9 pour un diagnostic et un traitement pr\u00e9cis.\" \/>\n<meta property=\"og:url\" content=\"https:\/\/viisona.com\/fr\/product\/icl3-transducteur-convexe-a-penetration-profonde-pour-ibex\/\" \/>\n<meta property=\"og:site_name\" content=\"ViiSona\" \/>\n<meta property=\"article:modified_time\" content=\"2025-05-22T03:26:01+00:00\" \/>\n<meta property=\"og:image\" content=\"https:\/\/viisona.com\/wp-content\/uploads\/2021\/12\/eCLi6-WEB-3.jpg\" \/>\n\t<meta property=\"og:image:width\" content=\"1950\" \/>\n\t<meta property=\"og:image:height\" content=\"1950\" \/>\n\t<meta property=\"og:image:type\" content=\"image\/jpeg\" \/>\n<meta name=\"twitter:card\" content=\"summary_large_image\" \/>\n<meta name=\"twitter:label1\" content=\"Dur\u00e9e de lecture estim\u00e9e\" \/>\n\t<meta name=\"twitter:data1\" content=\"1 minute\" \/>\n<script type=\"application\/ld+json\" class=\"yoast-schema-graph\">{\"@context\":\"https:\/\/schema.org\",\"@graph\":[{\"@type\":\"WebPage\",\"@id\":\"https:\/\/viisona.com\/fr\/product\/icl3-transducteur-convexe-a-penetration-profonde-pour-ibex\/\",\"url\":\"https:\/\/viisona.com\/fr\/product\/icl3-transducteur-convexe-a-penetration-profonde-pour-ibex\/\",\"name\":\"iBex Sonde eCLi6 pour les syst\u00e8mes d'\u00e9chographie EVO III et SA2 | ViiSona\",\"isPartOf\":{\"@id\":\"https:\/\/viisona.com\/fr\/#website\"},\"primaryImageOfPage\":{\"@id\":\"https:\/\/viisona.com\/fr\/product\/icl3-transducteur-convexe-a-penetration-profonde-pour-ibex\/#primaryimage\"},\"image\":{\"@id\":\"https:\/\/viisona.com\/fr\/product\/icl3-transducteur-convexe-a-penetration-profonde-pour-ibex\/#primaryimage\"},\"thumbnailUrl\":\"https:\/\/viisona.com\/wp-content\/uploads\/2021\/12\/eCLi6-WEB-3.jpg\",\"datePublished\":\"2021-12-02T02:50:47+00:00\",\"dateModified\":\"2025-05-22T03:26:01+00:00\",\"description\":\"Le transducteur convexe iCL3 d'EI Medical est un outil polyvalent con\u00e7u pour les syst\u00e8mes d'\u00e9chographie iBex, offrant des capacit\u00e9s de p\u00e9n\u00e9tration profonde pour une gamme d'applications v\u00e9t\u00e9rinaires. Avec sa gamme de basses fr\u00e9quences de 2,5 \u00e0 5 MHz et ses 128 cristaux, cette sonde offre une qualit\u00e9 d'imagerie exceptionnelle pour les examens transabdominaux chez divers animaux, notamment les bovins, les chevaux, les petits ruminants, les cam\u00e9lid\u00e9s, les grands chiens, les animaux exotiques et les animaux sauvages. Sa profondeur de balayage de 24 cm garantit une visualisation compl\u00e8te des structures internes, ce qui la rend id\u00e9ale pour les examens abdominaux, les \u00e9valuations du cou et du dos des \u00e9quid\u00e9s, etc. Con\u00e7ue pour durer, la sonde b\u00e9n\u00e9ficie d'une construction robuste et d'une gaine de c\u00e2ble con\u00e7ue sur mesure, r\u00e9sistante aux produits chimiques et biocompatible, ce qui garantit des performances fiables, m\u00eame dans les environnements animaliers difficiles. Que ce soit sur le terrain ou en clinique, la sonde convexe iCL3 offre aux professionnels v\u00e9t\u00e9rinaires des solutions d'imagerie de haute qualit\u00e9 pour un diagnostic et un traitement pr\u00e9cis.\",\"breadcrumb\":{\"@id\":\"https:\/\/viisona.com\/fr\/product\/icl3-transducteur-convexe-a-penetration-profonde-pour-ibex\/#breadcrumb\"},\"inLanguage\":\"fr-FR\",\"potentialAction\":[{\"@type\":\"ReadAction\",\"target\":[\"https:\/\/viisona.com\/fr\/product\/icl3-transducteur-convexe-a-penetration-profonde-pour-ibex\/\"]}]},{\"@type\":\"ImageObject\",\"inLanguage\":\"fr-FR\",\"@id\":\"https:\/\/viisona.com\/fr\/product\/icl3-transducteur-convexe-a-penetration-profonde-pour-ibex\/#primaryimage\",\"url\":\"https:\/\/viisona.com\/wp-content\/uploads\/2021\/12\/eCLi6-WEB-3.jpg\",\"contentUrl\":\"https:\/\/viisona.com\/wp-content\/uploads\/2021\/12\/eCLi6-WEB-3.jpg\",\"width\":1950,\"height\":1950},{\"@type\":\"BreadcrumbList\",\"@id\":\"https:\/\/viisona.com\/fr\/product\/icl3-transducteur-convexe-a-penetration-profonde-pour-ibex\/#breadcrumb\",\"itemListElement\":[{\"@type\":\"ListItem\",\"position\":1,\"name\":\"Home\",\"item\":\"https:\/\/viisona.com\/fr\/accueil\/\"},{\"@type\":\"ListItem\",\"position\":2,\"name\":\"Boutique\",\"item\":\"https:\/\/viisona.com\/fr\/boutique\/\"},{\"@type\":\"ListItem\",\"position\":3,\"name\":\"Sonde eCLi6 pour les syst\u00e8mes d&rsquo;\u00e9chographie EVO III et SA2\"}]},{\"@type\":\"WebSite\",\"@id\":\"https:\/\/viisona.com\/fr\/#website\",\"url\":\"https:\/\/viisona.com\/fr\/\",\"name\":\"ViiSona\",\"description\":\"Am\u00e9liorer les r\u00e9sultats pour les agriculteurs et les s\u00e9lectionneurs dans les communaut\u00e9s agricoles et de s\u00e9lection.\",\"publisher\":{\"@id\":\"https:\/\/viisona.com\/fr\/#organization\"},\"potentialAction\":[{\"@type\":\"SearchAction\",\"target\":{\"@type\":\"EntryPoint\",\"urlTemplate\":\"https:\/\/viisona.com\/fr\/?s={search_term_string}\"},\"query-input\":{\"@type\":\"PropertyValueSpecification\",\"valueRequired\":true,\"valueName\":\"search_term_string\"}}],\"inLanguage\":\"fr-FR\"},{\"@type\":\"Organization\",\"@id\":\"https:\/\/viisona.com\/fr\/#organization\",\"name\":\"ViiSona\",\"url\":\"https:\/\/viisona.com\/fr\/\",\"logo\":{\"@type\":\"ImageObject\",\"inLanguage\":\"fr-FR\",\"@id\":\"https:\/\/viisona.com\/fr\/#\/schema\/logo\/image\/\",\"url\":\"https:\/\/viisona.com\/wp-content\/uploads\/2020\/08\/viisona_1_FULLY_RASTERED.png\",\"contentUrl\":\"https:\/\/viisona.com\/wp-content\/uploads\/2020\/08\/viisona_1_FULLY_RASTERED.png\",\"width\":1080,\"height\":307,\"caption\":\"ViiSona\"},\"image\":{\"@id\":\"https:\/\/viisona.com\/fr\/#\/schema\/logo\/image\/\"}}]}<\/script>\n<!-- \/ Yoast SEO plugin. -->","yoast_head_json":{"title":"iBex Sonde eCLi6 pour les syst\u00e8mes d'\u00e9chographie EVO III et SA2 | ViiSona","description":"Le transducteur convexe iCL3 d'EI Medical est un outil polyvalent con\u00e7u pour les syst\u00e8mes d'\u00e9chographie iBex, offrant des capacit\u00e9s de p\u00e9n\u00e9tration profonde pour une gamme d'applications v\u00e9t\u00e9rinaires. Avec sa gamme de basses fr\u00e9quences de 2,5 \u00e0 5 MHz et ses 128 cristaux, cette sonde offre une qualit\u00e9 d'imagerie exceptionnelle pour les examens transabdominaux chez divers animaux, notamment les bovins, les chevaux, les petits ruminants, les cam\u00e9lid\u00e9s, les grands chiens, les animaux exotiques et les animaux sauvages. Sa profondeur de balayage de 24 cm garantit une visualisation compl\u00e8te des structures internes, ce qui la rend id\u00e9ale pour les examens abdominaux, les \u00e9valuations du cou et du dos des \u00e9quid\u00e9s, etc. Con\u00e7ue pour durer, la sonde b\u00e9n\u00e9ficie d'une construction robuste et d'une gaine de c\u00e2ble con\u00e7ue sur mesure, r\u00e9sistante aux produits chimiques et biocompatible, ce qui garantit des performances fiables, m\u00eame dans les environnements animaliers difficiles. Que ce soit sur le terrain ou en clinique, la sonde convexe iCL3 offre aux professionnels v\u00e9t\u00e9rinaires des solutions d'imagerie de haute qualit\u00e9 pour un diagnostic et un traitement pr\u00e9cis.","robots":{"index":"index","follow":"follow","max-snippet":"max-snippet:-1","max-image-preview":"max-image-preview:large","max-video-preview":"max-video-preview:-1"},"canonical":"https:\/\/viisona.com\/fr\/product\/icl3-transducteur-convexe-a-penetration-profonde-pour-ibex\/","og_locale":"fr_FR","og_type":"article","og_title":"iBex Sonde eCLi6 pour les syst\u00e8mes d'\u00e9chographie EVO III et SA2 | ViiSona","og_description":"Le transducteur convexe iCL3 d'EI Medical est un outil polyvalent con\u00e7u pour les syst\u00e8mes d'\u00e9chographie iBex, offrant des capacit\u00e9s de p\u00e9n\u00e9tration profonde pour une gamme d'applications v\u00e9t\u00e9rinaires. Avec sa gamme de basses fr\u00e9quences de 2,5 \u00e0 5 MHz et ses 128 cristaux, cette sonde offre une qualit\u00e9 d'imagerie exceptionnelle pour les examens transabdominaux chez divers animaux, notamment les bovins, les chevaux, les petits ruminants, les cam\u00e9lid\u00e9s, les grands chiens, les animaux exotiques et les animaux sauvages. Sa profondeur de balayage de 24 cm garantit une visualisation compl\u00e8te des structures internes, ce qui la rend id\u00e9ale pour les examens abdominaux, les \u00e9valuations du cou et du dos des \u00e9quid\u00e9s, etc. Con\u00e7ue pour durer, la sonde b\u00e9n\u00e9ficie d'une construction robuste et d'une gaine de c\u00e2ble con\u00e7ue sur mesure, r\u00e9sistante aux produits chimiques et biocompatible, ce qui garantit des performances fiables, m\u00eame dans les environnements animaliers difficiles. Que ce soit sur le terrain ou en clinique, la sonde convexe iCL3 offre aux professionnels v\u00e9t\u00e9rinaires des solutions d'imagerie de haute qualit\u00e9 pour un diagnostic et un traitement pr\u00e9cis.","og_url":"https:\/\/viisona.com\/fr\/product\/icl3-transducteur-convexe-a-penetration-profonde-pour-ibex\/","og_site_name":"ViiSona","article_modified_time":"2025-05-22T03:26:01+00:00","og_image":[{"width":1950,"height":1950,"url":"https:\/\/viisona.com\/wp-content\/uploads\/2021\/12\/eCLi6-WEB-3.jpg","type":"image\/jpeg"}],"twitter_card":"summary_large_image","twitter_misc":{"Dur\u00e9e de lecture estim\u00e9e":"1 minute"},"schema":{"@context":"https:\/\/schema.org","@graph":[{"@type":"WebPage","@id":"https:\/\/viisona.com\/fr\/product\/icl3-transducteur-convexe-a-penetration-profonde-pour-ibex\/","url":"https:\/\/viisona.com\/fr\/product\/icl3-transducteur-convexe-a-penetration-profonde-pour-ibex\/","name":"iBex Sonde eCLi6 pour les syst\u00e8mes d'\u00e9chographie EVO III et SA2 | ViiSona","isPartOf":{"@id":"https:\/\/viisona.com\/fr\/#website"},"primaryImageOfPage":{"@id":"https:\/\/viisona.com\/fr\/product\/icl3-transducteur-convexe-a-penetration-profonde-pour-ibex\/#primaryimage"},"image":{"@id":"https:\/\/viisona.com\/fr\/product\/icl3-transducteur-convexe-a-penetration-profonde-pour-ibex\/#primaryimage"},"thumbnailUrl":"https:\/\/viisona.com\/wp-content\/uploads\/2021\/12\/eCLi6-WEB-3.jpg","datePublished":"2021-12-02T02:50:47+00:00","dateModified":"2025-05-22T03:26:01+00:00","description":"Le transducteur convexe iCL3 d'EI Medical est un outil polyvalent con\u00e7u pour les syst\u00e8mes d'\u00e9chographie iBex, offrant des capacit\u00e9s de p\u00e9n\u00e9tration profonde pour une gamme d'applications v\u00e9t\u00e9rinaires. Avec sa gamme de basses fr\u00e9quences de 2,5 \u00e0 5 MHz et ses 128 cristaux, cette sonde offre une qualit\u00e9 d'imagerie exceptionnelle pour les examens transabdominaux chez divers animaux, notamment les bovins, les chevaux, les petits ruminants, les cam\u00e9lid\u00e9s, les grands chiens, les animaux exotiques et les animaux sauvages. Sa profondeur de balayage de 24 cm garantit une visualisation compl\u00e8te des structures internes, ce qui la rend id\u00e9ale pour les examens abdominaux, les \u00e9valuations du cou et du dos des \u00e9quid\u00e9s, etc. Con\u00e7ue pour durer, la sonde b\u00e9n\u00e9ficie d'une construction robuste et d'une gaine de c\u00e2ble con\u00e7ue sur mesure, r\u00e9sistante aux produits chimiques et biocompatible, ce qui garantit des performances fiables, m\u00eame dans les environnements animaliers difficiles. Que ce soit sur le terrain ou en clinique, la sonde convexe iCL3 offre aux professionnels v\u00e9t\u00e9rinaires des solutions d'imagerie de haute qualit\u00e9 pour un diagnostic et un traitement pr\u00e9cis.","breadcrumb":{"@id":"https:\/\/viisona.com\/fr\/product\/icl3-transducteur-convexe-a-penetration-profonde-pour-ibex\/#breadcrumb"},"inLanguage":"fr-FR","potentialAction":[{"@type":"ReadAction","target":["https:\/\/viisona.com\/fr\/product\/icl3-transducteur-convexe-a-penetration-profonde-pour-ibex\/"]}]},{"@type":"ImageObject","inLanguage":"fr-FR","@id":"https:\/\/viisona.com\/fr\/product\/icl3-transducteur-convexe-a-penetration-profonde-pour-ibex\/#primaryimage","url":"https:\/\/viisona.com\/wp-content\/uploads\/2021\/12\/eCLi6-WEB-3.jpg","contentUrl":"https:\/\/viisona.com\/wp-content\/uploads\/2021\/12\/eCLi6-WEB-3.jpg","width":1950,"height":1950},{"@type":"BreadcrumbList","@id":"https:\/\/viisona.com\/fr\/product\/icl3-transducteur-convexe-a-penetration-profonde-pour-ibex\/#breadcrumb","itemListElement":[{"@type":"ListItem","position":1,"name":"Home","item":"https:\/\/viisona.com\/fr\/accueil\/"},{"@type":"ListItem","position":2,"name":"Boutique","item":"https:\/\/viisona.com\/fr\/boutique\/"},{"@type":"ListItem","position":3,"name":"Sonde eCLi6 pour les syst\u00e8mes d&rsquo;\u00e9chographie EVO III et SA2"}]},{"@type":"WebSite","@id":"https:\/\/viisona.com\/fr\/#website","url":"https:\/\/viisona.com\/fr\/","name":"ViiSona","description":"Am\u00e9liorer les r\u00e9sultats pour les agriculteurs et les s\u00e9lectionneurs dans les communaut\u00e9s agricoles et de s\u00e9lection.","publisher":{"@id":"https:\/\/viisona.com\/fr\/#organization"},"potentialAction":[{"@type":"SearchAction","target":{"@type":"EntryPoint","urlTemplate":"https:\/\/viisona.com\/fr\/?s={search_term_string}"},"query-input":{"@type":"PropertyValueSpecification","valueRequired":true,"valueName":"search_term_string"}}],"inLanguage":"fr-FR"},{"@type":"Organization","@id":"https:\/\/viisona.com\/fr\/#organization","name":"ViiSona","url":"https:\/\/viisona.com\/fr\/","logo":{"@type":"ImageObject","inLanguage":"fr-FR","@id":"https:\/\/viisona.com\/fr\/#\/schema\/logo\/image\/","url":"https:\/\/viisona.com\/wp-content\/uploads\/2020\/08\/viisona_1_FULLY_RASTERED.png","contentUrl":"https:\/\/viisona.com\/wp-content\/uploads\/2020\/08\/viisona_1_FULLY_RASTERED.png","width":1080,"height":307,"caption":"ViiSona"},"image":{"@id":"https:\/\/viisona.com\/fr\/#\/schema\/logo\/image\/"}}]}},"jetpack_sharing_enabled":true,"_links":{"self":[{"href":"https:\/\/viisona.com\/fr\/wp-json\/wp\/v2\/product\/5024","targetHints":{"allow":["GET"]}}],"collection":[{"href":"https:\/\/viisona.com\/fr\/wp-json\/wp\/v2\/product"}],"about":[{"href":"https:\/\/viisona.com\/fr\/wp-json\/wp\/v2\/types\/product"}],"wp:featuredmedia":[{"embeddable":true,"href":"https:\/\/viisona.com\/fr\/wp-json\/wp\/v2\/media\/5298"}],"wp:attachment":[{"href":"https:\/\/viisona.com\/fr\/wp-json\/wp\/v2\/media?parent=5024"}],"wp:term":[{"taxonomy":"product_cat","embeddable":true,"href":"https:\/\/viisona.com\/fr\/wp-json\/wp\/v2\/product_cat?post=5024"},{"taxonomy":"product_tag","embeddable":true,"href":"https:\/\/viisona.com\/fr\/wp-json\/wp\/v2\/product_tag?post=5024"},{"taxonomy":"berocket_brand","embeddable":true,"href":"https:\/\/viisona.com\/fr\/wp-json\/wp\/v2\/berocket_brand?post=5024"}],"curies":[{"name":"wp","href":"https:\/\/api.w.org\/{rel}","templated":true}]}}