{"id":5022,"date":"2020-10-19T19:43:19","date_gmt":"2020-10-19T19:43:19","guid":{"rendered":"https:\/\/viisona.com\/shop\/non%20class\u00e9\/iscan2-multi-ultrasound\/"},"modified":"2025-05-28T05:14:45","modified_gmt":"2025-05-28T05:14:45","slug":"iscan2-multi-ultrasound","status":"publish","type":"product","link":"https:\/\/viisona.com\/fr\/product\/iscan2-multi-ultrasound\/","title":{"rendered":"Syst\u00e8me d&#8217;\u00e9chographie portable iScan 2 Multi"},"content":{"rendered":"<p>Un scanner l\u00e9ger et extr\u00eamement durable, id\u00e9al pour le travail sur le terrain. Il p\u00e8se moins de 5 livres et offre une r\u00e9solution et une qualit\u00e9 d&#8217;image exceptionnelles avec une large gamme de fr\u00e9quences de balayage de 2 \u00e0 14 MHz. Possibilit\u00e9 de connecter des lunettes, un moniteur externe et de la m\u00e9moire suppl\u00e9mentaire via le port USB. Id\u00e9al pour l&#8217;examen de plusieurs esp\u00e8ces, avec la possibilit\u00e9 d&#8217;utiliser jusqu&#8217;\u00e0 5 sondes \u00e9lectroniques diff\u00e9rentes et interchangeables.<\/p>\n<p><strong>L&#8217;ensemble comprend<\/strong><\/p>\n<ul>\n<li>Corps du scanner,<\/li>\n<li>Sonde \u00e9lectronique au choix<\/li>\n<li>2 paquets de batteries lithium-ion externes,<\/li>\n<li>Chargeur de batterie, avec un jeu de c\u00e2bles,<\/li>\n<li>Flacon de gel \u00e0 ultrasons,<\/li>\n<li>Mallette de transport avec mousse,<\/li>\n<li>Manuel.<\/li>\n<\/ul>\n<p><strong>Options de sonde :<\/strong><\/p>\n<p><b>ABDOMINAL :<\/b><\/p>\n<ul>\n<li style=\"font-weight: 400;\"><span style=\"font-weight: 400;\">Convexe : rayon de 50 mm, port\u00e9e de 2 \u00e0 8 MHz<\/span><\/li>\n<li style=\"font-weight: 400;\"><span style=\"font-weight: 400;\">Lin\u00e9aire, rayon de 60 mm, gamme de 5 \u00e0 10 MHz<\/span><\/li>\n<li style=\"font-weight: 400;\"><span style=\"font-weight: 400;\">Lin\u00e9aire : rayon de 40 mm, plage de 6 \u00e0 14 MHz<\/span><\/li>\n<li style=\"font-weight: 400;\"><span style=\"font-weight: 400;\">Microconvexe : rayon de 15 mm, plage de 4 \u00e0 9 MHz<\/span><\/li>\n<\/ul>\n<p><b>RECTAL :<\/b><\/p>\n<ul>\n<li style=\"font-weight: 400;\"><span style=\"font-weight: 400;\">Rectale lin\u00e9aire : rayon de 60 mm, gamme de 4 \u00e0 9 MHz<\/span><\/li>\n<li style=\"font-weight: 400;\"><span style=\"font-weight: 400;\">Rectale convexe : rayon de 61,2 mm, plage de 3 \u00e0 7,5 MHz<\/span><\/li>\n<li style=\"font-weight: 400;\"><span style=\"font-weight: 400;\">Microconvexe rectal : rayon de 20 mm, plage de 4 \u00e0 9 MHz<\/span><\/li>\n<\/ul>\n<p><b>SP\u00c9CIALIS\u00c9 :<\/b><\/p>\n<ul>\n<li style=\"font-weight: 400;\"><span style=\"font-weight: 400;\">OPU : rayon de 11 mm, gamme de 4 \u00e0 9 MHz<\/span><\/li>\n<li style=\"font-weight: 400;\"><span style=\"font-weight: 400;\">Lin\u00e9aire pour porcs : gamme active de 15 mm, gamme de 2 \u00e0 5 MHz<\/span><\/li>\n<li style=\"font-weight: 400;\"><span style=\"font-weight: 400;\">Lin\u00e9aire pour bovins : gamme active de 18 mm, gamme de 2 \u00e0 5 MHz<\/span><\/li>\n<li style=\"font-weight: 400;\"><span style=\"font-weight: 400;\">Endocavit\u00e9 micro-convexe 4-9 MHz<\/span><\/li>\n<li style=\"font-weight: 400;\"><span style=\"font-weight: 400;\">Endocavit\u00e9 lin\u00e9aire 4-9 MHz<\/span><\/li>\n<\/ul>\n","protected":false},"excerpt":{"rendered":"<p><span style=\"font-weight: 400;\">Ce scanner l\u00e9ger et extr\u00eamement durable offre une qualit\u00e9 d&#8217;image exceptionnelle gr\u00e2ce \u00e0 une gamme de fr\u00e9quences \u00e9largie de 2 \u00e0 14 MHz et \u00e0 de multiples options de sondes, notamment des sondes lin\u00e9aires dorsales et rectales, des sondes lin\u00e9aires de 40 et 60 mm, des sondes convexes abdominales et rectales, ainsi que des sondes OPU. <\/span><\/p>\n","protected":false},"featured_media":4413,"template":"","meta":{"_acf_changed":false,"inline_featured_image":false},"product_cat":[491,484,490,574,483],"product_tag":[531],"berocket_brand":[502],"class_list":{"0":"post-5022","1":"product","2":"type-product","3":"status-publish","4":"has-post-thumbnail","6":"product_cat-appareils-a-ultrasons-portables","7":"product_cat-echographie-veterinaire-portable","8":"product_cat-producteurs","9":"product_cat-ultrasons-portables-et-accessoires","10":"product_cat-veterinaires","11":"product_tag-draminski-fr","12":"pa_applications-abdominal-fr","13":"pa_applications-carcas-merit-fr","14":"pa_applications-diagnostic-de-base-des-petits-animaux","15":"pa_applications-diagnostic-des-tissus-mous","16":"pa_applications-examens-de-structure-superficielle","17":"pa_applications-follicules","18":"pa_applications-grossesse","19":"pa_applications-mesures-du-gras-dorsal","20":"pa_applications-poumons","21":"pa_applications-reproduction-fr","22":"pa_applications-tendons-fr","23":"pa_applications-urologie","24":"pa_applications-uterus-fr","25":"pa_species-animaux-exotiques","26":"pa_species-bovins-de-boucherie","27":"pa_species-bovins-laitiers","28":"pa_species-chevaux","29":"pa_species-chevres","30":"pa_species-moutons","31":"pa_species-porcs","32":"berocket_brand-draminski-fr","34":"first","35":"instock","36":"featured","37":"taxable","38":"shipping-taxable","39":"purchasable","40":"product-type-simple"},"acf":[],"yoast_head":"<!-- This site is optimized with the Yoast SEO plugin v26.8 - https:\/\/yoast.com\/product\/yoast-seo-wordpress\/ -->\n<title>Draminski Syst\u00e8me d&#039;\u00e9chographie portable iScan 2 Multi | ViiSona<\/title>\n<meta name=\"description\" content=\"Am\u00e9liorez votre cabinet v\u00e9t\u00e9rinaire avec notre \u00e9chographe l\u00e9ger et durable, offrant une qualit\u00e9 d&#039;image et une polyvalence exceptionnelle. Avec une large gamme de fr\u00e9quences de balayage de 2 \u00e0 14 MHz et de multiples options de sonde, y compris la Backfat pour la graisse dorsale, la lin\u00e9aire rectale et la convexe abdominal, il est parfait pour divers examens sur le terrain. Dot\u00e9 d&#039;un grand \u00e9cran LCD LED de 7 pouces, d&#039;un design intuitif et d&#039;une m\u00e9moire \u00e9tendue pour l&#039;enregistrement de num\u00e9risations et de vid\u00e9os, il garantit des diagnostics efficaces et pr\u00e9cis. B\u00e9n\u00e9ficiez d&#039;outils de mesure automatique de l\u2019\u00e2ge du f\u0153tus, d&#039;une durabilit\u00e9 extr\u00eame et de param\u00e8tres personnalisables. Id\u00e9al pour les v\u00e9t\u00e9rinaires canadiens \u00e0 la recherche de solutions d&#039;imagerie avanc\u00e9es.\" \/>\n<meta name=\"robots\" content=\"index, follow, max-snippet:-1, max-image-preview:large, max-video-preview:-1\" \/>\n<link rel=\"canonical\" href=\"https:\/\/viisona.com\/fr\/product\/iscan2-multi-ultrasound\/\" \/>\n<meta property=\"og:locale\" content=\"fr_FR\" \/>\n<meta property=\"og:type\" content=\"article\" \/>\n<meta property=\"og:title\" content=\"Draminski Syst\u00e8me d&#039;\u00e9chographie portable iScan 2 Multi | ViiSona\" \/>\n<meta property=\"og:description\" content=\"Am\u00e9liorez votre cabinet v\u00e9t\u00e9rinaire avec notre \u00e9chographe l\u00e9ger et durable, offrant une qualit\u00e9 d&#039;image et une polyvalence exceptionnelle. Avec une large gamme de fr\u00e9quences de balayage de 2 \u00e0 14 MHz et de multiples options de sonde, y compris la Backfat pour la graisse dorsale, la lin\u00e9aire rectale et la convexe abdominal, il est parfait pour divers examens sur le terrain. Dot\u00e9 d&#039;un grand \u00e9cran LCD LED de 7 pouces, d&#039;un design intuitif et d&#039;une m\u00e9moire \u00e9tendue pour l&#039;enregistrement de num\u00e9risations et de vid\u00e9os, il garantit des diagnostics efficaces et pr\u00e9cis. B\u00e9n\u00e9ficiez d&#039;outils de mesure automatique de l\u2019\u00e2ge du f\u0153tus, d&#039;une durabilit\u00e9 extr\u00eame et de param\u00e8tres personnalisables. Id\u00e9al pour les v\u00e9t\u00e9rinaires canadiens \u00e0 la recherche de solutions d&#039;imagerie avanc\u00e9es.\" \/>\n<meta property=\"og:url\" content=\"https:\/\/viisona.com\/fr\/product\/iscan2-multi-ultrasound\/\" \/>\n<meta property=\"og:site_name\" content=\"ViiSona\" \/>\n<meta property=\"article:modified_time\" content=\"2025-05-28T05:14:45+00:00\" \/>\n<meta property=\"og:image\" content=\"https:\/\/viisona.com\/wp-content\/uploads\/2020\/10\/draminski_iscan_multi_prod_photo.jpg\" \/>\n\t<meta property=\"og:image:width\" content=\"1080\" \/>\n\t<meta property=\"og:image:height\" content=\"1080\" \/>\n\t<meta property=\"og:image:type\" content=\"image\/jpeg\" \/>\n<meta name=\"twitter:card\" content=\"summary_large_image\" \/>\n<meta name=\"twitter:label1\" content=\"Dur\u00e9e de lecture estim\u00e9e\" \/>\n\t<meta name=\"twitter:data1\" content=\"2 minutes\" \/>\n<script type=\"application\/ld+json\" class=\"yoast-schema-graph\">{\"@context\":\"https:\/\/schema.org\",\"@graph\":[{\"@type\":\"WebPage\",\"@id\":\"https:\/\/viisona.com\/fr\/product\/iscan2-multi-ultrasound\/\",\"url\":\"https:\/\/viisona.com\/fr\/product\/iscan2-multi-ultrasound\/\",\"name\":\"Draminski Syst\u00e8me d'\u00e9chographie portable iScan 2 Multi | ViiSona\",\"isPartOf\":{\"@id\":\"https:\/\/viisona.com\/fr\/#website\"},\"primaryImageOfPage\":{\"@id\":\"https:\/\/viisona.com\/fr\/product\/iscan2-multi-ultrasound\/#primaryimage\"},\"image\":{\"@id\":\"https:\/\/viisona.com\/fr\/product\/iscan2-multi-ultrasound\/#primaryimage\"},\"thumbnailUrl\":\"https:\/\/viisona.com\/wp-content\/uploads\/2020\/10\/draminski_iscan_multi_prod_photo.jpg\",\"datePublished\":\"2020-10-19T19:43:19+00:00\",\"dateModified\":\"2025-05-28T05:14:45+00:00\",\"description\":\"Am\u00e9liorez votre cabinet v\u00e9t\u00e9rinaire avec notre \u00e9chographe l\u00e9ger et durable, offrant une qualit\u00e9 d'image et une polyvalence exceptionnelle. Avec une large gamme de fr\u00e9quences de balayage de 2 \u00e0 14 MHz et de multiples options de sonde, y compris la Backfat pour la graisse dorsale, la lin\u00e9aire rectale et la convexe abdominal, il est parfait pour divers examens sur le terrain. Dot\u00e9 d'un grand \u00e9cran LCD LED de 7 pouces, d'un design intuitif et d'une m\u00e9moire \u00e9tendue pour l'enregistrement de num\u00e9risations et de vid\u00e9os, il garantit des diagnostics efficaces et pr\u00e9cis. B\u00e9n\u00e9ficiez d'outils de mesure automatique de l\u2019\u00e2ge du f\u0153tus, d'une durabilit\u00e9 extr\u00eame et de param\u00e8tres personnalisables. Id\u00e9al pour les v\u00e9t\u00e9rinaires canadiens \u00e0 la recherche de solutions d'imagerie avanc\u00e9es.\",\"breadcrumb\":{\"@id\":\"https:\/\/viisona.com\/fr\/product\/iscan2-multi-ultrasound\/#breadcrumb\"},\"inLanguage\":\"fr-FR\",\"potentialAction\":[{\"@type\":\"ReadAction\",\"target\":[\"https:\/\/viisona.com\/fr\/product\/iscan2-multi-ultrasound\/\"]}]},{\"@type\":\"ImageObject\",\"inLanguage\":\"fr-FR\",\"@id\":\"https:\/\/viisona.com\/fr\/product\/iscan2-multi-ultrasound\/#primaryimage\",\"url\":\"https:\/\/viisona.com\/wp-content\/uploads\/2020\/10\/draminski_iscan_multi_prod_photo.jpg\",\"contentUrl\":\"https:\/\/viisona.com\/wp-content\/uploads\/2020\/10\/draminski_iscan_multi_prod_photo.jpg\",\"width\":1080,\"height\":1080},{\"@type\":\"BreadcrumbList\",\"@id\":\"https:\/\/viisona.com\/fr\/product\/iscan2-multi-ultrasound\/#breadcrumb\",\"itemListElement\":[{\"@type\":\"ListItem\",\"position\":1,\"name\":\"Home\",\"item\":\"https:\/\/viisona.com\/fr\/accueil\/\"},{\"@type\":\"ListItem\",\"position\":2,\"name\":\"Boutique\",\"item\":\"https:\/\/viisona.com\/fr\/boutique\/\"},{\"@type\":\"ListItem\",\"position\":3,\"name\":\"Syst\u00e8me d&#8217;\u00e9chographie portable iScan 2 Multi\"}]},{\"@type\":\"WebSite\",\"@id\":\"https:\/\/viisona.com\/fr\/#website\",\"url\":\"https:\/\/viisona.com\/fr\/\",\"name\":\"ViiSona\",\"description\":\"Am\u00e9liorer les r\u00e9sultats pour les agriculteurs et les s\u00e9lectionneurs dans les communaut\u00e9s agricoles et de s\u00e9lection.\",\"publisher\":{\"@id\":\"https:\/\/viisona.com\/fr\/#organization\"},\"potentialAction\":[{\"@type\":\"SearchAction\",\"target\":{\"@type\":\"EntryPoint\",\"urlTemplate\":\"https:\/\/viisona.com\/fr\/?s={search_term_string}\"},\"query-input\":{\"@type\":\"PropertyValueSpecification\",\"valueRequired\":true,\"valueName\":\"search_term_string\"}}],\"inLanguage\":\"fr-FR\"},{\"@type\":\"Organization\",\"@id\":\"https:\/\/viisona.com\/fr\/#organization\",\"name\":\"ViiSona\",\"url\":\"https:\/\/viisona.com\/fr\/\",\"logo\":{\"@type\":\"ImageObject\",\"inLanguage\":\"fr-FR\",\"@id\":\"https:\/\/viisona.com\/fr\/#\/schema\/logo\/image\/\",\"url\":\"https:\/\/viisona.com\/wp-content\/uploads\/2020\/08\/viisona_1_FULLY_RASTERED.png\",\"contentUrl\":\"https:\/\/viisona.com\/wp-content\/uploads\/2020\/08\/viisona_1_FULLY_RASTERED.png\",\"width\":1080,\"height\":307,\"caption\":\"ViiSona\"},\"image\":{\"@id\":\"https:\/\/viisona.com\/fr\/#\/schema\/logo\/image\/\"}}]}<\/script>\n<!-- \/ Yoast SEO plugin. -->","yoast_head_json":{"title":"Draminski Syst\u00e8me d'\u00e9chographie portable iScan 2 Multi | ViiSona","description":"Am\u00e9liorez votre cabinet v\u00e9t\u00e9rinaire avec notre \u00e9chographe l\u00e9ger et durable, offrant une qualit\u00e9 d'image et une polyvalence exceptionnelle. Avec une large gamme de fr\u00e9quences de balayage de 2 \u00e0 14 MHz et de multiples options de sonde, y compris la Backfat pour la graisse dorsale, la lin\u00e9aire rectale et la convexe abdominal, il est parfait pour divers examens sur le terrain. Dot\u00e9 d'un grand \u00e9cran LCD LED de 7 pouces, d'un design intuitif et d'une m\u00e9moire \u00e9tendue pour l'enregistrement de num\u00e9risations et de vid\u00e9os, il garantit des diagnostics efficaces et pr\u00e9cis. B\u00e9n\u00e9ficiez d'outils de mesure automatique de l\u2019\u00e2ge du f\u0153tus, d'une durabilit\u00e9 extr\u00eame et de param\u00e8tres personnalisables. Id\u00e9al pour les v\u00e9t\u00e9rinaires canadiens \u00e0 la recherche de solutions d'imagerie avanc\u00e9es.","robots":{"index":"index","follow":"follow","max-snippet":"max-snippet:-1","max-image-preview":"max-image-preview:large","max-video-preview":"max-video-preview:-1"},"canonical":"https:\/\/viisona.com\/fr\/product\/iscan2-multi-ultrasound\/","og_locale":"fr_FR","og_type":"article","og_title":"Draminski Syst\u00e8me d'\u00e9chographie portable iScan 2 Multi | ViiSona","og_description":"Am\u00e9liorez votre cabinet v\u00e9t\u00e9rinaire avec notre \u00e9chographe l\u00e9ger et durable, offrant une qualit\u00e9 d'image et une polyvalence exceptionnelle. Avec une large gamme de fr\u00e9quences de balayage de 2 \u00e0 14 MHz et de multiples options de sonde, y compris la Backfat pour la graisse dorsale, la lin\u00e9aire rectale et la convexe abdominal, il est parfait pour divers examens sur le terrain. Dot\u00e9 d'un grand \u00e9cran LCD LED de 7 pouces, d'un design intuitif et d'une m\u00e9moire \u00e9tendue pour l'enregistrement de num\u00e9risations et de vid\u00e9os, il garantit des diagnostics efficaces et pr\u00e9cis. B\u00e9n\u00e9ficiez d'outils de mesure automatique de l\u2019\u00e2ge du f\u0153tus, d'une durabilit\u00e9 extr\u00eame et de param\u00e8tres personnalisables. Id\u00e9al pour les v\u00e9t\u00e9rinaires canadiens \u00e0 la recherche de solutions d'imagerie avanc\u00e9es.","og_url":"https:\/\/viisona.com\/fr\/product\/iscan2-multi-ultrasound\/","og_site_name":"ViiSona","article_modified_time":"2025-05-28T05:14:45+00:00","og_image":[{"width":1080,"height":1080,"url":"https:\/\/viisona.com\/wp-content\/uploads\/2020\/10\/draminski_iscan_multi_prod_photo.jpg","type":"image\/jpeg"}],"twitter_card":"summary_large_image","twitter_misc":{"Dur\u00e9e de lecture estim\u00e9e":"2 minutes"},"schema":{"@context":"https:\/\/schema.org","@graph":[{"@type":"WebPage","@id":"https:\/\/viisona.com\/fr\/product\/iscan2-multi-ultrasound\/","url":"https:\/\/viisona.com\/fr\/product\/iscan2-multi-ultrasound\/","name":"Draminski Syst\u00e8me d'\u00e9chographie portable iScan 2 Multi | ViiSona","isPartOf":{"@id":"https:\/\/viisona.com\/fr\/#website"},"primaryImageOfPage":{"@id":"https:\/\/viisona.com\/fr\/product\/iscan2-multi-ultrasound\/#primaryimage"},"image":{"@id":"https:\/\/viisona.com\/fr\/product\/iscan2-multi-ultrasound\/#primaryimage"},"thumbnailUrl":"https:\/\/viisona.com\/wp-content\/uploads\/2020\/10\/draminski_iscan_multi_prod_photo.jpg","datePublished":"2020-10-19T19:43:19+00:00","dateModified":"2025-05-28T05:14:45+00:00","description":"Am\u00e9liorez votre cabinet v\u00e9t\u00e9rinaire avec notre \u00e9chographe l\u00e9ger et durable, offrant une qualit\u00e9 d'image et une polyvalence exceptionnelle. Avec une large gamme de fr\u00e9quences de balayage de 2 \u00e0 14 MHz et de multiples options de sonde, y compris la Backfat pour la graisse dorsale, la lin\u00e9aire rectale et la convexe abdominal, il est parfait pour divers examens sur le terrain. Dot\u00e9 d'un grand \u00e9cran LCD LED de 7 pouces, d'un design intuitif et d'une m\u00e9moire \u00e9tendue pour l'enregistrement de num\u00e9risations et de vid\u00e9os, il garantit des diagnostics efficaces et pr\u00e9cis. B\u00e9n\u00e9ficiez d'outils de mesure automatique de l\u2019\u00e2ge du f\u0153tus, d'une durabilit\u00e9 extr\u00eame et de param\u00e8tres personnalisables. Id\u00e9al pour les v\u00e9t\u00e9rinaires canadiens \u00e0 la recherche de solutions d'imagerie avanc\u00e9es.","breadcrumb":{"@id":"https:\/\/viisona.com\/fr\/product\/iscan2-multi-ultrasound\/#breadcrumb"},"inLanguage":"fr-FR","potentialAction":[{"@type":"ReadAction","target":["https:\/\/viisona.com\/fr\/product\/iscan2-multi-ultrasound\/"]}]},{"@type":"ImageObject","inLanguage":"fr-FR","@id":"https:\/\/viisona.com\/fr\/product\/iscan2-multi-ultrasound\/#primaryimage","url":"https:\/\/viisona.com\/wp-content\/uploads\/2020\/10\/draminski_iscan_multi_prod_photo.jpg","contentUrl":"https:\/\/viisona.com\/wp-content\/uploads\/2020\/10\/draminski_iscan_multi_prod_photo.jpg","width":1080,"height":1080},{"@type":"BreadcrumbList","@id":"https:\/\/viisona.com\/fr\/product\/iscan2-multi-ultrasound\/#breadcrumb","itemListElement":[{"@type":"ListItem","position":1,"name":"Home","item":"https:\/\/viisona.com\/fr\/accueil\/"},{"@type":"ListItem","position":2,"name":"Boutique","item":"https:\/\/viisona.com\/fr\/boutique\/"},{"@type":"ListItem","position":3,"name":"Syst\u00e8me d&#8217;\u00e9chographie portable iScan 2 Multi"}]},{"@type":"WebSite","@id":"https:\/\/viisona.com\/fr\/#website","url":"https:\/\/viisona.com\/fr\/","name":"ViiSona","description":"Am\u00e9liorer les r\u00e9sultats pour les agriculteurs et les s\u00e9lectionneurs dans les communaut\u00e9s agricoles et de s\u00e9lection.","publisher":{"@id":"https:\/\/viisona.com\/fr\/#organization"},"potentialAction":[{"@type":"SearchAction","target":{"@type":"EntryPoint","urlTemplate":"https:\/\/viisona.com\/fr\/?s={search_term_string}"},"query-input":{"@type":"PropertyValueSpecification","valueRequired":true,"valueName":"search_term_string"}}],"inLanguage":"fr-FR"},{"@type":"Organization","@id":"https:\/\/viisona.com\/fr\/#organization","name":"ViiSona","url":"https:\/\/viisona.com\/fr\/","logo":{"@type":"ImageObject","inLanguage":"fr-FR","@id":"https:\/\/viisona.com\/fr\/#\/schema\/logo\/image\/","url":"https:\/\/viisona.com\/wp-content\/uploads\/2020\/08\/viisona_1_FULLY_RASTERED.png","contentUrl":"https:\/\/viisona.com\/wp-content\/uploads\/2020\/08\/viisona_1_FULLY_RASTERED.png","width":1080,"height":307,"caption":"ViiSona"},"image":{"@id":"https:\/\/viisona.com\/fr\/#\/schema\/logo\/image\/"}}]}},"jetpack_sharing_enabled":true,"_links":{"self":[{"href":"https:\/\/viisona.com\/fr\/wp-json\/wp\/v2\/product\/5022","targetHints":{"allow":["GET"]}}],"collection":[{"href":"https:\/\/viisona.com\/fr\/wp-json\/wp\/v2\/product"}],"about":[{"href":"https:\/\/viisona.com\/fr\/wp-json\/wp\/v2\/types\/product"}],"wp:featuredmedia":[{"embeddable":true,"href":"https:\/\/viisona.com\/fr\/wp-json\/wp\/v2\/media\/4413"}],"wp:attachment":[{"href":"https:\/\/viisona.com\/fr\/wp-json\/wp\/v2\/media?parent=5022"}],"wp:term":[{"taxonomy":"product_cat","embeddable":true,"href":"https:\/\/viisona.com\/fr\/wp-json\/wp\/v2\/product_cat?post=5022"},{"taxonomy":"product_tag","embeddable":true,"href":"https:\/\/viisona.com\/fr\/wp-json\/wp\/v2\/product_tag?post=5022"},{"taxonomy":"berocket_brand","embeddable":true,"href":"https:\/\/viisona.com\/fr\/wp-json\/wp\/v2\/berocket_brand?post=5022"}],"curies":[{"name":"wp","href":"https:\/\/api.w.org\/{rel}","templated":true}]}}