{"id":5020,"date":"2021-06-07T17:54:22","date_gmt":"2021-06-07T17:54:22","guid":{"rendered":"https:\/\/viisona.com\/shop\/non%20class\u00e9\/iscan-mini-ultrason-avec-pribe-lineaire-rectale\/"},"modified":"2025-05-28T05:12:01","modified_gmt":"2025-05-28T05:12:01","slug":"iscan-mini-ultrason-avec-pribe-lineaire-rectale","status":"publish","type":"product","link":"https:\/\/viisona.com\/fr\/product\/iscan-mini-ultrason-avec-pribe-lineaire-rectale\/","title":{"rendered":"iScan Mini avec sonde lin\u00e9aire rectale"},"content":{"rendered":"<p><span style=\"font-weight: 400;\">Syst\u00e8me d&#8217;\u00e9chographie portable iScan Mini avec batterie lithium-ion rechargeable, chargeur de batterie, gel d&#8217;\u00e9chographie, mallette rigide personnalis\u00e9e et sonde lin\u00e9aire rectale int\u00e9gr\u00e9e pour les bovins et les chevaux. <\/span><\/p>\n<p><span style=\"font-weight: 400;\">Extr\u00eamement l\u00e9ger (3 livres avec la sonde et la batterie connect\u00e9es), l&#8217;iScan Mini est excellent pour les examens des grands animaux, la confirmation de la gestation, le sexage et le vieillissement des f\u0153tus, le diagnostic des pathologies des ovaires et de l&#8217;ut\u00e9rus, l&#8217;examen des poumons des veaux et bien plus encore. <\/span><\/p>\n<p><span style=\"font-weight: 400;\">Parfait pour l&#8217;\u00e9chographie bovine et \u00e9quine, l&#8217;iScan Mini est l&#8217;appareil le plus l\u00e9ger offrant \u00e0 la fois un \u00e9cran et des lunettes OLED en option pour la visualisation. Mesurez rapidement et pr\u00e9cis\u00e9ment les follicules avec la fonction de mesure automatique des follicules, les images claires et nettes sont plus faciles \u00e0 interpr\u00e9ter avec le LuciD\u2122 &#8211; mise \u00e0 jour logicielle qui am\u00e9liore le contraste, la nettet\u00e9 et la diff\u00e9renciation des tissus. Le partage des images et des boucles cin\u00e9 est rapide et facile gr\u00e2ce \u00e0 l&#8217;antenne WiFi int\u00e9gr\u00e9e et \u00e0 la nouvelle application gratuite pour les appareils mobiles Android. L&#8217;iScan Mini comprend une sonde lin\u00e9aire rectale int\u00e9gr\u00e9e de 7 MHz (4-9 MHz) \u00e0 128 cristaux. <\/span><\/p>\n<p><span style=\"font-weight: 400;\">GARANTIE DU FABRICANT : 24 mois &#8211; \u00e9chographe\/1 an sondes\/6 mois batteries<\/span><\/p>\n<p><b>L&#8217;ensemble comprend<\/b><\/p>\n<p><span style=\"font-weight: 400;\">Corps du scanner<\/span><\/p>\n<p><span style=\"font-weight: 400;\">Sonde lin\u00e9aire rectale (4-9 MHz\/128 cristaux)<\/span><\/p>\n<p><span style=\"font-weight: 400;\">2 batteries externes rechargeables au lithium-ion<\/span><\/p>\n<p><span style=\"font-weight: 400;\">Chargeur de batterie<\/span><\/p>\n<p><span style=\"font-weight: 400;\">Gel pour ultrasons<\/span><\/p>\n<p><span style=\"font-weight: 400;\">Mallette rigide personnalis\u00e9e<\/span><\/p>\n<p><span style=\"font-weight: 400;\">Manuel de l&#8217;utilisateur<\/span><\/p>\n","protected":false},"excerpt":{"rendered":"<p><span style=\"font-weight: 400;\">Parfait pour l&#8217;\u00e9chographie bovine et \u00e9quine, l&#8217;iScan Mini est l&#8217;appareil le plus l\u00e9ger offrant \u00e0 la fois un \u00e9cran et des lunettes OLED en option pour la visualisation. <\/span>Confirmation de la grossesse, d\u00e9termination de l&#8217;\u00e2ge et du sexe du f\u0153tus, diagnostic des pathologies des ovaires et de l&#8217;ut\u00e9rus, examen des poumons des veaux, et bien d&#8217;autres encore, tous ces examens peuvent d\u00e9sormais \u00eatre plus simples et plus rapides gr\u00e2ce \u00e0 iScan mini.<\/p>\n","protected":false},"featured_media":4740,"template":"","meta":{"_acf_changed":false,"inline_featured_image":false},"product_cat":[491,484,490,574,483],"product_tag":[531],"berocket_brand":[502],"class_list":{"0":"post-5020","1":"product","2":"type-product","3":"status-publish","4":"has-post-thumbnail","6":"product_cat-appareils-a-ultrasons-portables","7":"product_cat-echographie-veterinaire-portable","8":"product_cat-producteurs","9":"product_cat-ultrasons-portables-et-accessoires","10":"product_cat-veterinaires","11":"product_tag-draminski-fr","12":"pa_applications-follicules","13":"pa_applications-grossesse","14":"pa_applications-mesures-du-gras-dorsal","15":"pa_applications-pis","16":"pa_applications-poumons","17":"pa_applications-reproduction-fr","18":"pa_applications-testicules","19":"pa_applications-uterus-fr","20":"pa_species-bovins-de-boucherie","21":"pa_species-bovins-laitiers","22":"pa_species-chevaux","23":"berocket_brand-draminski-fr","25":"first","26":"instock","27":"taxable","28":"shipping-taxable","29":"purchasable","30":"product-type-simple"},"acf":[],"yoast_head":"<!-- This site is optimized with the Yoast SEO plugin v26.8 - https:\/\/yoast.com\/product\/yoast-seo-wordpress\/ -->\n<title>Draminski iScan Mini avec sonde lin\u00e9aire rectale | ViiSona<\/title>\n<meta name=\"description\" content=\"D\u00e9bloquez des capacit\u00e9s de diagnostic avanc\u00e9es avec le syst\u00e8me d&#039;\u00e9chographie portable iScan Mini. Con\u00e7u pour les examens de grands animaux, la confirmation de gestation et plus encore, ce syst\u00e8me l\u00e9ger offre une polyvalence et une clart\u00e9 d&#039;image exceptionnelles. Dot\u00e9 d&#039;une sonde lin\u00e9aire rectale int\u00e9gr\u00e9e pour les bovins et les chevaux, il est parfait pour les applications d&#039;\u00e9chographie bovine et \u00e9quine. Avec le WiFi int\u00e9gr\u00e9 et une application gratuite pour les appareils Android, le partage d&#039;images et de vid\u00e9os est rapide et facile. De plus, avec la mesure automatique des follicules et la mise \u00e0 niveau du logiciel LuciD\u2122 pour une meilleure qualit\u00e9 d&#039;image, des diagnostics pr\u00e9cis sont \u00e0 port\u00e9e de main. D\u00e9couvrez la commodit\u00e9 d&#039;une portabilit\u00e9 l\u00e9g\u00e8re associ\u00e9e \u00e0 une technologie d&#039;imagerie avanc\u00e9e.\" \/>\n<meta name=\"robots\" content=\"index, follow, max-snippet:-1, max-image-preview:large, max-video-preview:-1\" \/>\n<link rel=\"canonical\" href=\"https:\/\/viisona.com\/fr\/product\/iscan-mini-ultrason-avec-pribe-lineaire-rectale\/\" \/>\n<meta property=\"og:locale\" content=\"fr_FR\" \/>\n<meta property=\"og:type\" content=\"article\" \/>\n<meta property=\"og:title\" content=\"Draminski iScan Mini avec sonde lin\u00e9aire rectale | ViiSona\" \/>\n<meta property=\"og:description\" content=\"D\u00e9bloquez des capacit\u00e9s de diagnostic avanc\u00e9es avec le syst\u00e8me d&#039;\u00e9chographie portable iScan Mini. Con\u00e7u pour les examens de grands animaux, la confirmation de gestation et plus encore, ce syst\u00e8me l\u00e9ger offre une polyvalence et une clart\u00e9 d&#039;image exceptionnelles. Dot\u00e9 d&#039;une sonde lin\u00e9aire rectale int\u00e9gr\u00e9e pour les bovins et les chevaux, il est parfait pour les applications d&#039;\u00e9chographie bovine et \u00e9quine. Avec le WiFi int\u00e9gr\u00e9 et une application gratuite pour les appareils Android, le partage d&#039;images et de vid\u00e9os est rapide et facile. De plus, avec la mesure automatique des follicules et la mise \u00e0 niveau du logiciel LuciD\u2122 pour une meilleure qualit\u00e9 d&#039;image, des diagnostics pr\u00e9cis sont \u00e0 port\u00e9e de main. D\u00e9couvrez la commodit\u00e9 d&#039;une portabilit\u00e9 l\u00e9g\u00e8re associ\u00e9e \u00e0 une technologie d&#039;imagerie avanc\u00e9e.\" \/>\n<meta property=\"og:url\" content=\"https:\/\/viisona.com\/fr\/product\/iscan-mini-ultrason-avec-pribe-lineaire-rectale\/\" \/>\n<meta property=\"og:site_name\" content=\"ViiSona\" \/>\n<meta property=\"article:modified_time\" content=\"2025-05-28T05:12:01+00:00\" \/>\n<meta property=\"og:image\" content=\"https:\/\/viisona.com\/wp-content\/uploads\/2021\/06\/highres_product_ISCAN_MINI.jpg\" \/>\n\t<meta property=\"og:image:width\" content=\"1080\" \/>\n\t<meta property=\"og:image:height\" content=\"1080\" \/>\n\t<meta property=\"og:image:type\" content=\"image\/jpeg\" \/>\n<meta name=\"twitter:card\" content=\"summary_large_image\" \/>\n<meta name=\"twitter:label1\" content=\"Dur\u00e9e de lecture estim\u00e9e\" \/>\n\t<meta name=\"twitter:data1\" content=\"2 minutes\" \/>\n<script type=\"application\/ld+json\" class=\"yoast-schema-graph\">{\"@context\":\"https:\/\/schema.org\",\"@graph\":[{\"@type\":\"WebPage\",\"@id\":\"https:\/\/viisona.com\/fr\/product\/iscan-mini-ultrason-avec-pribe-lineaire-rectale\/\",\"url\":\"https:\/\/viisona.com\/fr\/product\/iscan-mini-ultrason-avec-pribe-lineaire-rectale\/\",\"name\":\"Draminski iScan Mini avec sonde lin\u00e9aire rectale | ViiSona\",\"isPartOf\":{\"@id\":\"https:\/\/viisona.com\/fr\/#website\"},\"primaryImageOfPage\":{\"@id\":\"https:\/\/viisona.com\/fr\/product\/iscan-mini-ultrason-avec-pribe-lineaire-rectale\/#primaryimage\"},\"image\":{\"@id\":\"https:\/\/viisona.com\/fr\/product\/iscan-mini-ultrason-avec-pribe-lineaire-rectale\/#primaryimage\"},\"thumbnailUrl\":\"https:\/\/viisona.com\/wp-content\/uploads\/2021\/06\/highres_product_ISCAN_MINI.jpg\",\"datePublished\":\"2021-06-07T17:54:22+00:00\",\"dateModified\":\"2025-05-28T05:12:01+00:00\",\"description\":\"D\u00e9bloquez des capacit\u00e9s de diagnostic avanc\u00e9es avec le syst\u00e8me d'\u00e9chographie portable iScan Mini. Con\u00e7u pour les examens de grands animaux, la confirmation de gestation et plus encore, ce syst\u00e8me l\u00e9ger offre une polyvalence et une clart\u00e9 d'image exceptionnelles. Dot\u00e9 d'une sonde lin\u00e9aire rectale int\u00e9gr\u00e9e pour les bovins et les chevaux, il est parfait pour les applications d'\u00e9chographie bovine et \u00e9quine. Avec le WiFi int\u00e9gr\u00e9 et une application gratuite pour les appareils Android, le partage d'images et de vid\u00e9os est rapide et facile. De plus, avec la mesure automatique des follicules et la mise \u00e0 niveau du logiciel LuciD\u2122 pour une meilleure qualit\u00e9 d'image, des diagnostics pr\u00e9cis sont \u00e0 port\u00e9e de main. D\u00e9couvrez la commodit\u00e9 d'une portabilit\u00e9 l\u00e9g\u00e8re associ\u00e9e \u00e0 une technologie d'imagerie avanc\u00e9e.\",\"breadcrumb\":{\"@id\":\"https:\/\/viisona.com\/fr\/product\/iscan-mini-ultrason-avec-pribe-lineaire-rectale\/#breadcrumb\"},\"inLanguage\":\"fr-FR\",\"potentialAction\":[{\"@type\":\"ReadAction\",\"target\":[\"https:\/\/viisona.com\/fr\/product\/iscan-mini-ultrason-avec-pribe-lineaire-rectale\/\"]}]},{\"@type\":\"ImageObject\",\"inLanguage\":\"fr-FR\",\"@id\":\"https:\/\/viisona.com\/fr\/product\/iscan-mini-ultrason-avec-pribe-lineaire-rectale\/#primaryimage\",\"url\":\"https:\/\/viisona.com\/wp-content\/uploads\/2021\/06\/highres_product_ISCAN_MINI.jpg\",\"contentUrl\":\"https:\/\/viisona.com\/wp-content\/uploads\/2021\/06\/highres_product_ISCAN_MINI.jpg\",\"width\":1080,\"height\":1080},{\"@type\":\"BreadcrumbList\",\"@id\":\"https:\/\/viisona.com\/fr\/product\/iscan-mini-ultrason-avec-pribe-lineaire-rectale\/#breadcrumb\",\"itemListElement\":[{\"@type\":\"ListItem\",\"position\":1,\"name\":\"Home\",\"item\":\"https:\/\/viisona.com\/fr\/accueil\/\"},{\"@type\":\"ListItem\",\"position\":2,\"name\":\"Boutique\",\"item\":\"https:\/\/viisona.com\/fr\/boutique\/\"},{\"@type\":\"ListItem\",\"position\":3,\"name\":\"iScan Mini avec sonde lin\u00e9aire rectale\"}]},{\"@type\":\"WebSite\",\"@id\":\"https:\/\/viisona.com\/fr\/#website\",\"url\":\"https:\/\/viisona.com\/fr\/\",\"name\":\"ViiSona\",\"description\":\"Am\u00e9liorer les r\u00e9sultats pour les agriculteurs et les s\u00e9lectionneurs dans les communaut\u00e9s agricoles et de s\u00e9lection.\",\"publisher\":{\"@id\":\"https:\/\/viisona.com\/fr\/#organization\"},\"potentialAction\":[{\"@type\":\"SearchAction\",\"target\":{\"@type\":\"EntryPoint\",\"urlTemplate\":\"https:\/\/viisona.com\/fr\/?s={search_term_string}\"},\"query-input\":{\"@type\":\"PropertyValueSpecification\",\"valueRequired\":true,\"valueName\":\"search_term_string\"}}],\"inLanguage\":\"fr-FR\"},{\"@type\":\"Organization\",\"@id\":\"https:\/\/viisona.com\/fr\/#organization\",\"name\":\"ViiSona\",\"url\":\"https:\/\/viisona.com\/fr\/\",\"logo\":{\"@type\":\"ImageObject\",\"inLanguage\":\"fr-FR\",\"@id\":\"https:\/\/viisona.com\/fr\/#\/schema\/logo\/image\/\",\"url\":\"https:\/\/viisona.com\/wp-content\/uploads\/2020\/08\/viisona_1_FULLY_RASTERED.png\",\"contentUrl\":\"https:\/\/viisona.com\/wp-content\/uploads\/2020\/08\/viisona_1_FULLY_RASTERED.png\",\"width\":1080,\"height\":307,\"caption\":\"ViiSona\"},\"image\":{\"@id\":\"https:\/\/viisona.com\/fr\/#\/schema\/logo\/image\/\"}}]}<\/script>\n<!-- \/ Yoast SEO plugin. -->","yoast_head_json":{"title":"Draminski iScan Mini avec sonde lin\u00e9aire rectale | ViiSona","description":"D\u00e9bloquez des capacit\u00e9s de diagnostic avanc\u00e9es avec le syst\u00e8me d'\u00e9chographie portable iScan Mini. Con\u00e7u pour les examens de grands animaux, la confirmation de gestation et plus encore, ce syst\u00e8me l\u00e9ger offre une polyvalence et une clart\u00e9 d'image exceptionnelles. Dot\u00e9 d'une sonde lin\u00e9aire rectale int\u00e9gr\u00e9e pour les bovins et les chevaux, il est parfait pour les applications d'\u00e9chographie bovine et \u00e9quine. Avec le WiFi int\u00e9gr\u00e9 et une application gratuite pour les appareils Android, le partage d'images et de vid\u00e9os est rapide et facile. De plus, avec la mesure automatique des follicules et la mise \u00e0 niveau du logiciel LuciD\u2122 pour une meilleure qualit\u00e9 d'image, des diagnostics pr\u00e9cis sont \u00e0 port\u00e9e de main. D\u00e9couvrez la commodit\u00e9 d'une portabilit\u00e9 l\u00e9g\u00e8re associ\u00e9e \u00e0 une technologie d'imagerie avanc\u00e9e.","robots":{"index":"index","follow":"follow","max-snippet":"max-snippet:-1","max-image-preview":"max-image-preview:large","max-video-preview":"max-video-preview:-1"},"canonical":"https:\/\/viisona.com\/fr\/product\/iscan-mini-ultrason-avec-pribe-lineaire-rectale\/","og_locale":"fr_FR","og_type":"article","og_title":"Draminski iScan Mini avec sonde lin\u00e9aire rectale | ViiSona","og_description":"D\u00e9bloquez des capacit\u00e9s de diagnostic avanc\u00e9es avec le syst\u00e8me d'\u00e9chographie portable iScan Mini. Con\u00e7u pour les examens de grands animaux, la confirmation de gestation et plus encore, ce syst\u00e8me l\u00e9ger offre une polyvalence et une clart\u00e9 d'image exceptionnelles. Dot\u00e9 d'une sonde lin\u00e9aire rectale int\u00e9gr\u00e9e pour les bovins et les chevaux, il est parfait pour les applications d'\u00e9chographie bovine et \u00e9quine. Avec le WiFi int\u00e9gr\u00e9 et une application gratuite pour les appareils Android, le partage d'images et de vid\u00e9os est rapide et facile. De plus, avec la mesure automatique des follicules et la mise \u00e0 niveau du logiciel LuciD\u2122 pour une meilleure qualit\u00e9 d'image, des diagnostics pr\u00e9cis sont \u00e0 port\u00e9e de main. D\u00e9couvrez la commodit\u00e9 d'une portabilit\u00e9 l\u00e9g\u00e8re associ\u00e9e \u00e0 une technologie d'imagerie avanc\u00e9e.","og_url":"https:\/\/viisona.com\/fr\/product\/iscan-mini-ultrason-avec-pribe-lineaire-rectale\/","og_site_name":"ViiSona","article_modified_time":"2025-05-28T05:12:01+00:00","og_image":[{"width":1080,"height":1080,"url":"https:\/\/viisona.com\/wp-content\/uploads\/2021\/06\/highres_product_ISCAN_MINI.jpg","type":"image\/jpeg"}],"twitter_card":"summary_large_image","twitter_misc":{"Dur\u00e9e de lecture estim\u00e9e":"2 minutes"},"schema":{"@context":"https:\/\/schema.org","@graph":[{"@type":"WebPage","@id":"https:\/\/viisona.com\/fr\/product\/iscan-mini-ultrason-avec-pribe-lineaire-rectale\/","url":"https:\/\/viisona.com\/fr\/product\/iscan-mini-ultrason-avec-pribe-lineaire-rectale\/","name":"Draminski iScan Mini avec sonde lin\u00e9aire rectale | ViiSona","isPartOf":{"@id":"https:\/\/viisona.com\/fr\/#website"},"primaryImageOfPage":{"@id":"https:\/\/viisona.com\/fr\/product\/iscan-mini-ultrason-avec-pribe-lineaire-rectale\/#primaryimage"},"image":{"@id":"https:\/\/viisona.com\/fr\/product\/iscan-mini-ultrason-avec-pribe-lineaire-rectale\/#primaryimage"},"thumbnailUrl":"https:\/\/viisona.com\/wp-content\/uploads\/2021\/06\/highres_product_ISCAN_MINI.jpg","datePublished":"2021-06-07T17:54:22+00:00","dateModified":"2025-05-28T05:12:01+00:00","description":"D\u00e9bloquez des capacit\u00e9s de diagnostic avanc\u00e9es avec le syst\u00e8me d'\u00e9chographie portable iScan Mini. Con\u00e7u pour les examens de grands animaux, la confirmation de gestation et plus encore, ce syst\u00e8me l\u00e9ger offre une polyvalence et une clart\u00e9 d'image exceptionnelles. Dot\u00e9 d'une sonde lin\u00e9aire rectale int\u00e9gr\u00e9e pour les bovins et les chevaux, il est parfait pour les applications d'\u00e9chographie bovine et \u00e9quine. Avec le WiFi int\u00e9gr\u00e9 et une application gratuite pour les appareils Android, le partage d'images et de vid\u00e9os est rapide et facile. De plus, avec la mesure automatique des follicules et la mise \u00e0 niveau du logiciel LuciD\u2122 pour une meilleure qualit\u00e9 d'image, des diagnostics pr\u00e9cis sont \u00e0 port\u00e9e de main. D\u00e9couvrez la commodit\u00e9 d'une portabilit\u00e9 l\u00e9g\u00e8re associ\u00e9e \u00e0 une technologie d'imagerie avanc\u00e9e.","breadcrumb":{"@id":"https:\/\/viisona.com\/fr\/product\/iscan-mini-ultrason-avec-pribe-lineaire-rectale\/#breadcrumb"},"inLanguage":"fr-FR","potentialAction":[{"@type":"ReadAction","target":["https:\/\/viisona.com\/fr\/product\/iscan-mini-ultrason-avec-pribe-lineaire-rectale\/"]}]},{"@type":"ImageObject","inLanguage":"fr-FR","@id":"https:\/\/viisona.com\/fr\/product\/iscan-mini-ultrason-avec-pribe-lineaire-rectale\/#primaryimage","url":"https:\/\/viisona.com\/wp-content\/uploads\/2021\/06\/highres_product_ISCAN_MINI.jpg","contentUrl":"https:\/\/viisona.com\/wp-content\/uploads\/2021\/06\/highres_product_ISCAN_MINI.jpg","width":1080,"height":1080},{"@type":"BreadcrumbList","@id":"https:\/\/viisona.com\/fr\/product\/iscan-mini-ultrason-avec-pribe-lineaire-rectale\/#breadcrumb","itemListElement":[{"@type":"ListItem","position":1,"name":"Home","item":"https:\/\/viisona.com\/fr\/accueil\/"},{"@type":"ListItem","position":2,"name":"Boutique","item":"https:\/\/viisona.com\/fr\/boutique\/"},{"@type":"ListItem","position":3,"name":"iScan Mini avec sonde lin\u00e9aire rectale"}]},{"@type":"WebSite","@id":"https:\/\/viisona.com\/fr\/#website","url":"https:\/\/viisona.com\/fr\/","name":"ViiSona","description":"Am\u00e9liorer les r\u00e9sultats pour les agriculteurs et les s\u00e9lectionneurs dans les communaut\u00e9s agricoles et de s\u00e9lection.","publisher":{"@id":"https:\/\/viisona.com\/fr\/#organization"},"potentialAction":[{"@type":"SearchAction","target":{"@type":"EntryPoint","urlTemplate":"https:\/\/viisona.com\/fr\/?s={search_term_string}"},"query-input":{"@type":"PropertyValueSpecification","valueRequired":true,"valueName":"search_term_string"}}],"inLanguage":"fr-FR"},{"@type":"Organization","@id":"https:\/\/viisona.com\/fr\/#organization","name":"ViiSona","url":"https:\/\/viisona.com\/fr\/","logo":{"@type":"ImageObject","inLanguage":"fr-FR","@id":"https:\/\/viisona.com\/fr\/#\/schema\/logo\/image\/","url":"https:\/\/viisona.com\/wp-content\/uploads\/2020\/08\/viisona_1_FULLY_RASTERED.png","contentUrl":"https:\/\/viisona.com\/wp-content\/uploads\/2020\/08\/viisona_1_FULLY_RASTERED.png","width":1080,"height":307,"caption":"ViiSona"},"image":{"@id":"https:\/\/viisona.com\/fr\/#\/schema\/logo\/image\/"}}]}},"jetpack_sharing_enabled":true,"_links":{"self":[{"href":"https:\/\/viisona.com\/fr\/wp-json\/wp\/v2\/product\/5020","targetHints":{"allow":["GET"]}}],"collection":[{"href":"https:\/\/viisona.com\/fr\/wp-json\/wp\/v2\/product"}],"about":[{"href":"https:\/\/viisona.com\/fr\/wp-json\/wp\/v2\/types\/product"}],"wp:featuredmedia":[{"embeddable":true,"href":"https:\/\/viisona.com\/fr\/wp-json\/wp\/v2\/media\/4740"}],"wp:attachment":[{"href":"https:\/\/viisona.com\/fr\/wp-json\/wp\/v2\/media?parent=5020"}],"wp:term":[{"taxonomy":"product_cat","embeddable":true,"href":"https:\/\/viisona.com\/fr\/wp-json\/wp\/v2\/product_cat?post=5020"},{"taxonomy":"product_tag","embeddable":true,"href":"https:\/\/viisona.com\/fr\/wp-json\/wp\/v2\/product_tag?post=5020"},{"taxonomy":"berocket_brand","embeddable":true,"href":"https:\/\/viisona.com\/fr\/wp-json\/wp\/v2\/berocket_brand?post=5020"}],"curies":[{"name":"wp","href":"https:\/\/api.w.org\/{rel}","templated":true}]}}