{"id":5017,"date":"2020-10-19T21:57:15","date_gmt":"2020-10-19T21:57:15","guid":{"rendered":"https:\/\/viisona.com\/shop\/non%20class\u00e9\/echographie-iscan2\/"},"modified":"2025-05-28T04:53:33","modified_gmt":"2025-05-28T04:53:33","slug":"echographie-iscan2","status":"publish","type":"product","link":"https:\/\/viisona.com\/fr\/product\/echographie-iscan2\/","title":{"rendered":"iScan 2 syst\u00e8me d&#8217;\u00e9chographie"},"content":{"rendered":"<p><span style=\"font-weight: 400;\">L&#8217;iScan 2 associe le bo\u00eetier le plus robuste, de qualit\u00e9 militaire, \u00e0 une r\u00e9solution d&#8217;image exceptionnelle pour des images de haute qualit\u00e9, faciles \u00e0 interpr\u00e9ter. La conception intuitive et conviviale rend la prise en main et la num\u00e9risation avec l&#8217;iScan simples et rapides.<\/span><\/p>\n<p><span style=\"font-weight: 400;\">Le bo\u00eetier enti\u00e8rement r\u00e9sistant \u00e0 l&#8217;eau permet un nettoyage rapide et facile : il suffit de l&#8217;arroser et de le remettre dans son \u00e9tui rigide. Avec un \u00e9cran de 7 pouces et un port pour lunettes, le choix est toujours le v\u00f4tre. Visualisez vos images \u00e0 l&#8217;\u00e9cran ou \u00e0 l&#8217;aide de lunettes, quelle que soit votre pr\u00e9f\u00e9rence, avec iScan 2, vous avez toujours les deux options.<\/span><\/p>\n<p><span style=\"font-weight: 400;\">La batterie lithium-ion de haute qualit\u00e9 se charge rapidement et offre jusqu&#8217;\u00e0 7 heures sur une seule charge. <\/span><\/p>\n<p><span style=\"font-weight: 400;\">GARANTIE DU FABRICANT : 24 mois \u00e9chographe &#8211; 1 an sondes &#8211; 6 mois batteries<\/span><\/p>\n<p><b>L&#8217;ensemble comprend<\/b><\/p>\n<p><span style=\"font-weight: 400;\">Corps du scanner<br \/>\n<\/span><span style=\"font-weight: 400;\">Sonde \u00e9lectronique au choix<br \/>\n<\/span><span style=\"font-weight: 400;\">1 batterie externe rechargeable au lithium-ion<br \/>\n<\/span><span style=\"font-weight: 400;\">Chargeur de batterie<br \/>\n<\/span><span style=\"font-weight: 400;\">Gel \u00e9chographique<br \/>\n<\/span><span style=\"font-weight: 400;\">Mallette rigide personnalis\u00e9e<br \/>\n<\/span><span style=\"font-weight: 400;\">Manuel d&#8217;utilisation<\/span><\/p>\n<p><b>Options de sondes c\u00e2bl\u00e9es : <\/b><\/p>\n<p><span style=\"font-weight: 400;\">Rectal convexe (3,5 &#8211; 7,5 MHz) pour le balayage rectal et abdominal des bovins, des juments et des petits ruminants.<br \/>\n<\/span><span style=\"font-weight: 400;\">Rectal Linear (4 &#8211; 9 MHZ) pour les bovins et les juments.<\/span><\/p>\n","protected":false},"excerpt":{"rendered":"<p><span style=\"font-weight: 400;\">Notre ultrason le plus populaire pour les applications bovines et \u00e9quines. L&#8217;iScan2 est enti\u00e8rement r\u00e9sistant \u00e0 l&#8217;eau et comprend une sonde transrectale int\u00e9gr\u00e9e haute r\u00e9solution \u00e0 128 cristaux pour les bovins et les \u00e9quid\u00e9s ou une sonde rectale convexe int\u00e9gr\u00e9e pour les grands animaux et les petits ruminants.<\/span><\/p>\n","protected":false},"featured_media":4287,"template":"","meta":{"_acf_changed":false,"inline_featured_image":false},"product_cat":[491,484,490,483],"product_tag":[531],"berocket_brand":[502],"class_list":{"0":"post-5017","1":"product","2":"type-product","3":"status-publish","4":"has-post-thumbnail","6":"product_cat-appareils-a-ultrasons-portables","7":"product_cat-echographie-veterinaire-portable","8":"product_cat-producteurs","9":"product_cat-veterinaires","10":"product_tag-draminski-fr","11":"pa_applications-abdominal-fr","12":"pa_applications-diagnostic-des-tissus-mous","13":"pa_applications-examens-de-structure-superficielle","14":"pa_applications-follicules","15":"pa_applications-grossesse","16":"pa_applications-mesures-du-gras-dorsal","17":"pa_applications-pis","18":"pa_applications-poumons","19":"pa_applications-reproduction-fr","20":"pa_applications-testicules","21":"pa_applications-urologie","22":"pa_applications-uterus-fr","23":"pa_species-animaux-exotiques","24":"pa_species-bovins-de-boucherie","25":"pa_species-bovins-laitiers","26":"pa_species-chevaux","27":"pa_species-moutons","28":"pa_species-porcs","29":"berocket_brand-draminski-fr","31":"first","32":"instock","33":"taxable","34":"shipping-taxable","35":"purchasable","36":"product-type-variable","37":"has-default-attributes"},"acf":[],"yoast_head":"<!-- This site is optimized with the Yoast SEO plugin v26.8 - https:\/\/yoast.com\/product\/yoast-seo-wordpress\/ -->\n<title>Draminski iScan 2 syst\u00e8me d&#039;\u00e9chographie | ViiSona<\/title>\n<meta name=\"description\" content=\"Am\u00e9liorez votre cabinet v\u00e9t\u00e9rinaire avec nos \u00e9chographes portables iScan 2 et iScan Mini, con\u00e7us pour les examens des bovins et des \u00e9quins. Dot\u00e9s d&#039;un bo\u00eetier enti\u00e8rement r\u00e9sistant \u00e0 l&#039;eau et d\u2019une sonde int\u00e9gr\u00e9e, ces scanners offrent une r\u00e9solution d&#039;image et une durabilit\u00e9 exceptionnelle. L&#039;iScan 2 est dot\u00e9 d&#039;une sonde transrectale haute r\u00e9solution int\u00e9gr\u00e9e \u00e0 128 cristaux, tandis que l&#039;iScan Mini offre une polyvalence dans un bo\u00eetier compact. Avec une conception conviviale, des param\u00e8tres personnalisables et jusqu&#039;\u00e0 7 heures de temps de travail continu portable par charge, ces scanners offrent commodit\u00e9 et fiabilit\u00e9 aux v\u00e9t\u00e9rinaires canadiens.\" \/>\n<meta name=\"robots\" content=\"index, follow, max-snippet:-1, max-image-preview:large, max-video-preview:-1\" \/>\n<link rel=\"canonical\" href=\"https:\/\/viisona.com\/fr\/product\/echographie-iscan2\/\" \/>\n<meta property=\"og:locale\" content=\"fr_FR\" \/>\n<meta property=\"og:type\" content=\"article\" \/>\n<meta property=\"og:title\" content=\"Draminski iScan 2 syst\u00e8me d&#039;\u00e9chographie | ViiSona\" \/>\n<meta property=\"og:description\" content=\"Am\u00e9liorez votre cabinet v\u00e9t\u00e9rinaire avec nos \u00e9chographes portables iScan 2 et iScan Mini, con\u00e7us pour les examens des bovins et des \u00e9quins. Dot\u00e9s d&#039;un bo\u00eetier enti\u00e8rement r\u00e9sistant \u00e0 l&#039;eau et d\u2019une sonde int\u00e9gr\u00e9e, ces scanners offrent une r\u00e9solution d&#039;image et une durabilit\u00e9 exceptionnelle. L&#039;iScan 2 est dot\u00e9 d&#039;une sonde transrectale haute r\u00e9solution int\u00e9gr\u00e9e \u00e0 128 cristaux, tandis que l&#039;iScan Mini offre une polyvalence dans un bo\u00eetier compact. Avec une conception conviviale, des param\u00e8tres personnalisables et jusqu&#039;\u00e0 7 heures de temps de travail continu portable par charge, ces scanners offrent commodit\u00e9 et fiabilit\u00e9 aux v\u00e9t\u00e9rinaires canadiens.\" \/>\n<meta property=\"og:url\" content=\"https:\/\/viisona.com\/fr\/product\/echographie-iscan2\/\" \/>\n<meta property=\"og:site_name\" content=\"ViiSona\" \/>\n<meta property=\"article:modified_time\" content=\"2025-05-28T04:53:33+00:00\" \/>\n<meta property=\"og:image\" content=\"https:\/\/viisona.com\/wp-content\/uploads\/2020\/10\/DRAMINSKI_ISCAN_2.jpg\" \/>\n\t<meta property=\"og:image:width\" content=\"1080\" \/>\n\t<meta property=\"og:image:height\" content=\"1080\" \/>\n\t<meta property=\"og:image:type\" content=\"image\/jpeg\" \/>\n<meta name=\"twitter:card\" content=\"summary_large_image\" \/>\n<meta name=\"twitter:label1\" content=\"Dur\u00e9e de lecture estim\u00e9e\" \/>\n\t<meta name=\"twitter:data1\" content=\"2 minutes\" \/>\n<script type=\"application\/ld+json\" class=\"yoast-schema-graph\">{\"@context\":\"https:\/\/schema.org\",\"@graph\":[{\"@type\":\"WebPage\",\"@id\":\"https:\/\/viisona.com\/fr\/product\/echographie-iscan2\/\",\"url\":\"https:\/\/viisona.com\/fr\/product\/echographie-iscan2\/\",\"name\":\"Draminski iScan 2 syst\u00e8me d'\u00e9chographie | ViiSona\",\"isPartOf\":{\"@id\":\"https:\/\/viisona.com\/fr\/#website\"},\"primaryImageOfPage\":{\"@id\":\"https:\/\/viisona.com\/fr\/product\/echographie-iscan2\/#primaryimage\"},\"image\":{\"@id\":\"https:\/\/viisona.com\/fr\/product\/echographie-iscan2\/#primaryimage\"},\"thumbnailUrl\":\"https:\/\/viisona.com\/wp-content\/uploads\/2020\/10\/DRAMINSKI_ISCAN_2.jpg\",\"datePublished\":\"2020-10-19T21:57:15+00:00\",\"dateModified\":\"2025-05-28T04:53:33+00:00\",\"description\":\"Am\u00e9liorez votre cabinet v\u00e9t\u00e9rinaire avec nos \u00e9chographes portables iScan 2 et iScan Mini, con\u00e7us pour les examens des bovins et des \u00e9quins. Dot\u00e9s d'un bo\u00eetier enti\u00e8rement r\u00e9sistant \u00e0 l'eau et d\u2019une sonde int\u00e9gr\u00e9e, ces scanners offrent une r\u00e9solution d'image et une durabilit\u00e9 exceptionnelle. L'iScan 2 est dot\u00e9 d'une sonde transrectale haute r\u00e9solution int\u00e9gr\u00e9e \u00e0 128 cristaux, tandis que l'iScan Mini offre une polyvalence dans un bo\u00eetier compact. Avec une conception conviviale, des param\u00e8tres personnalisables et jusqu'\u00e0 7 heures de temps de travail continu portable par charge, ces scanners offrent commodit\u00e9 et fiabilit\u00e9 aux v\u00e9t\u00e9rinaires canadiens.\",\"breadcrumb\":{\"@id\":\"https:\/\/viisona.com\/fr\/product\/echographie-iscan2\/#breadcrumb\"},\"inLanguage\":\"fr-FR\",\"potentialAction\":[{\"@type\":\"ReadAction\",\"target\":[\"https:\/\/viisona.com\/fr\/product\/echographie-iscan2\/\"]}]},{\"@type\":\"ImageObject\",\"inLanguage\":\"fr-FR\",\"@id\":\"https:\/\/viisona.com\/fr\/product\/echographie-iscan2\/#primaryimage\",\"url\":\"https:\/\/viisona.com\/wp-content\/uploads\/2020\/10\/DRAMINSKI_ISCAN_2.jpg\",\"contentUrl\":\"https:\/\/viisona.com\/wp-content\/uploads\/2020\/10\/DRAMINSKI_ISCAN_2.jpg\",\"width\":1080,\"height\":1080,\"caption\":\"Draminski iScan 2 Portable Ultrasound for Cattle and Horses\"},{\"@type\":\"BreadcrumbList\",\"@id\":\"https:\/\/viisona.com\/fr\/product\/echographie-iscan2\/#breadcrumb\",\"itemListElement\":[{\"@type\":\"ListItem\",\"position\":1,\"name\":\"Home\",\"item\":\"https:\/\/viisona.com\/fr\/accueil\/\"},{\"@type\":\"ListItem\",\"position\":2,\"name\":\"Boutique\",\"item\":\"https:\/\/viisona.com\/fr\/boutique\/\"},{\"@type\":\"ListItem\",\"position\":3,\"name\":\"iScan 2 syst\u00e8me d&#8217;\u00e9chographie\"}]},{\"@type\":\"WebSite\",\"@id\":\"https:\/\/viisona.com\/fr\/#website\",\"url\":\"https:\/\/viisona.com\/fr\/\",\"name\":\"ViiSona\",\"description\":\"Am\u00e9liorer les r\u00e9sultats pour les agriculteurs et les s\u00e9lectionneurs dans les communaut\u00e9s agricoles et de s\u00e9lection.\",\"publisher\":{\"@id\":\"https:\/\/viisona.com\/fr\/#organization\"},\"potentialAction\":[{\"@type\":\"SearchAction\",\"target\":{\"@type\":\"EntryPoint\",\"urlTemplate\":\"https:\/\/viisona.com\/fr\/?s={search_term_string}\"},\"query-input\":{\"@type\":\"PropertyValueSpecification\",\"valueRequired\":true,\"valueName\":\"search_term_string\"}}],\"inLanguage\":\"fr-FR\"},{\"@type\":\"Organization\",\"@id\":\"https:\/\/viisona.com\/fr\/#organization\",\"name\":\"ViiSona\",\"url\":\"https:\/\/viisona.com\/fr\/\",\"logo\":{\"@type\":\"ImageObject\",\"inLanguage\":\"fr-FR\",\"@id\":\"https:\/\/viisona.com\/fr\/#\/schema\/logo\/image\/\",\"url\":\"https:\/\/viisona.com\/wp-content\/uploads\/2020\/08\/viisona_1_FULLY_RASTERED.png\",\"contentUrl\":\"https:\/\/viisona.com\/wp-content\/uploads\/2020\/08\/viisona_1_FULLY_RASTERED.png\",\"width\":1080,\"height\":307,\"caption\":\"ViiSona\"},\"image\":{\"@id\":\"https:\/\/viisona.com\/fr\/#\/schema\/logo\/image\/\"}}]}<\/script>\n<!-- \/ Yoast SEO plugin. -->","yoast_head_json":{"title":"Draminski iScan 2 syst\u00e8me d'\u00e9chographie | ViiSona","description":"Am\u00e9liorez votre cabinet v\u00e9t\u00e9rinaire avec nos \u00e9chographes portables iScan 2 et iScan Mini, con\u00e7us pour les examens des bovins et des \u00e9quins. Dot\u00e9s d'un bo\u00eetier enti\u00e8rement r\u00e9sistant \u00e0 l'eau et d\u2019une sonde int\u00e9gr\u00e9e, ces scanners offrent une r\u00e9solution d'image et une durabilit\u00e9 exceptionnelle. L'iScan 2 est dot\u00e9 d'une sonde transrectale haute r\u00e9solution int\u00e9gr\u00e9e \u00e0 128 cristaux, tandis que l'iScan Mini offre une polyvalence dans un bo\u00eetier compact. Avec une conception conviviale, des param\u00e8tres personnalisables et jusqu'\u00e0 7 heures de temps de travail continu portable par charge, ces scanners offrent commodit\u00e9 et fiabilit\u00e9 aux v\u00e9t\u00e9rinaires canadiens.","robots":{"index":"index","follow":"follow","max-snippet":"max-snippet:-1","max-image-preview":"max-image-preview:large","max-video-preview":"max-video-preview:-1"},"canonical":"https:\/\/viisona.com\/fr\/product\/echographie-iscan2\/","og_locale":"fr_FR","og_type":"article","og_title":"Draminski iScan 2 syst\u00e8me d'\u00e9chographie | ViiSona","og_description":"Am\u00e9liorez votre cabinet v\u00e9t\u00e9rinaire avec nos \u00e9chographes portables iScan 2 et iScan Mini, con\u00e7us pour les examens des bovins et des \u00e9quins. Dot\u00e9s d'un bo\u00eetier enti\u00e8rement r\u00e9sistant \u00e0 l'eau et d\u2019une sonde int\u00e9gr\u00e9e, ces scanners offrent une r\u00e9solution d'image et une durabilit\u00e9 exceptionnelle. L'iScan 2 est dot\u00e9 d'une sonde transrectale haute r\u00e9solution int\u00e9gr\u00e9e \u00e0 128 cristaux, tandis que l'iScan Mini offre une polyvalence dans un bo\u00eetier compact. Avec une conception conviviale, des param\u00e8tres personnalisables et jusqu'\u00e0 7 heures de temps de travail continu portable par charge, ces scanners offrent commodit\u00e9 et fiabilit\u00e9 aux v\u00e9t\u00e9rinaires canadiens.","og_url":"https:\/\/viisona.com\/fr\/product\/echographie-iscan2\/","og_site_name":"ViiSona","article_modified_time":"2025-05-28T04:53:33+00:00","og_image":[{"width":1080,"height":1080,"url":"https:\/\/viisona.com\/wp-content\/uploads\/2020\/10\/DRAMINSKI_ISCAN_2.jpg","type":"image\/jpeg"}],"twitter_card":"summary_large_image","twitter_misc":{"Dur\u00e9e de lecture estim\u00e9e":"2 minutes"},"schema":{"@context":"https:\/\/schema.org","@graph":[{"@type":"WebPage","@id":"https:\/\/viisona.com\/fr\/product\/echographie-iscan2\/","url":"https:\/\/viisona.com\/fr\/product\/echographie-iscan2\/","name":"Draminski iScan 2 syst\u00e8me d'\u00e9chographie | ViiSona","isPartOf":{"@id":"https:\/\/viisona.com\/fr\/#website"},"primaryImageOfPage":{"@id":"https:\/\/viisona.com\/fr\/product\/echographie-iscan2\/#primaryimage"},"image":{"@id":"https:\/\/viisona.com\/fr\/product\/echographie-iscan2\/#primaryimage"},"thumbnailUrl":"https:\/\/viisona.com\/wp-content\/uploads\/2020\/10\/DRAMINSKI_ISCAN_2.jpg","datePublished":"2020-10-19T21:57:15+00:00","dateModified":"2025-05-28T04:53:33+00:00","description":"Am\u00e9liorez votre cabinet v\u00e9t\u00e9rinaire avec nos \u00e9chographes portables iScan 2 et iScan Mini, con\u00e7us pour les examens des bovins et des \u00e9quins. Dot\u00e9s d'un bo\u00eetier enti\u00e8rement r\u00e9sistant \u00e0 l'eau et d\u2019une sonde int\u00e9gr\u00e9e, ces scanners offrent une r\u00e9solution d'image et une durabilit\u00e9 exceptionnelle. L'iScan 2 est dot\u00e9 d'une sonde transrectale haute r\u00e9solution int\u00e9gr\u00e9e \u00e0 128 cristaux, tandis que l'iScan Mini offre une polyvalence dans un bo\u00eetier compact. Avec une conception conviviale, des param\u00e8tres personnalisables et jusqu'\u00e0 7 heures de temps de travail continu portable par charge, ces scanners offrent commodit\u00e9 et fiabilit\u00e9 aux v\u00e9t\u00e9rinaires canadiens.","breadcrumb":{"@id":"https:\/\/viisona.com\/fr\/product\/echographie-iscan2\/#breadcrumb"},"inLanguage":"fr-FR","potentialAction":[{"@type":"ReadAction","target":["https:\/\/viisona.com\/fr\/product\/echographie-iscan2\/"]}]},{"@type":"ImageObject","inLanguage":"fr-FR","@id":"https:\/\/viisona.com\/fr\/product\/echographie-iscan2\/#primaryimage","url":"https:\/\/viisona.com\/wp-content\/uploads\/2020\/10\/DRAMINSKI_ISCAN_2.jpg","contentUrl":"https:\/\/viisona.com\/wp-content\/uploads\/2020\/10\/DRAMINSKI_ISCAN_2.jpg","width":1080,"height":1080,"caption":"Draminski iScan 2 Portable Ultrasound for Cattle and Horses"},{"@type":"BreadcrumbList","@id":"https:\/\/viisona.com\/fr\/product\/echographie-iscan2\/#breadcrumb","itemListElement":[{"@type":"ListItem","position":1,"name":"Home","item":"https:\/\/viisona.com\/fr\/accueil\/"},{"@type":"ListItem","position":2,"name":"Boutique","item":"https:\/\/viisona.com\/fr\/boutique\/"},{"@type":"ListItem","position":3,"name":"iScan 2 syst\u00e8me d&#8217;\u00e9chographie"}]},{"@type":"WebSite","@id":"https:\/\/viisona.com\/fr\/#website","url":"https:\/\/viisona.com\/fr\/","name":"ViiSona","description":"Am\u00e9liorer les r\u00e9sultats pour les agriculteurs et les s\u00e9lectionneurs dans les communaut\u00e9s agricoles et de s\u00e9lection.","publisher":{"@id":"https:\/\/viisona.com\/fr\/#organization"},"potentialAction":[{"@type":"SearchAction","target":{"@type":"EntryPoint","urlTemplate":"https:\/\/viisona.com\/fr\/?s={search_term_string}"},"query-input":{"@type":"PropertyValueSpecification","valueRequired":true,"valueName":"search_term_string"}}],"inLanguage":"fr-FR"},{"@type":"Organization","@id":"https:\/\/viisona.com\/fr\/#organization","name":"ViiSona","url":"https:\/\/viisona.com\/fr\/","logo":{"@type":"ImageObject","inLanguage":"fr-FR","@id":"https:\/\/viisona.com\/fr\/#\/schema\/logo\/image\/","url":"https:\/\/viisona.com\/wp-content\/uploads\/2020\/08\/viisona_1_FULLY_RASTERED.png","contentUrl":"https:\/\/viisona.com\/wp-content\/uploads\/2020\/08\/viisona_1_FULLY_RASTERED.png","width":1080,"height":307,"caption":"ViiSona"},"image":{"@id":"https:\/\/viisona.com\/fr\/#\/schema\/logo\/image\/"}}]}},"jetpack_sharing_enabled":true,"_links":{"self":[{"href":"https:\/\/viisona.com\/fr\/wp-json\/wp\/v2\/product\/5017","targetHints":{"allow":["GET"]}}],"collection":[{"href":"https:\/\/viisona.com\/fr\/wp-json\/wp\/v2\/product"}],"about":[{"href":"https:\/\/viisona.com\/fr\/wp-json\/wp\/v2\/types\/product"}],"wp:featuredmedia":[{"embeddable":true,"href":"https:\/\/viisona.com\/fr\/wp-json\/wp\/v2\/media\/4287"}],"wp:attachment":[{"href":"https:\/\/viisona.com\/fr\/wp-json\/wp\/v2\/media?parent=5017"}],"wp:term":[{"taxonomy":"product_cat","embeddable":true,"href":"https:\/\/viisona.com\/fr\/wp-json\/wp\/v2\/product_cat?post=5017"},{"taxonomy":"product_tag","embeddable":true,"href":"https:\/\/viisona.com\/fr\/wp-json\/wp\/v2\/product_tag?post=5017"},{"taxonomy":"berocket_brand","embeddable":true,"href":"https:\/\/viisona.com\/fr\/wp-json\/wp\/v2\/berocket_brand?post=5017"}],"curies":[{"name":"wp","href":"https:\/\/api.w.org\/{rel}","templated":true}]}}